{"id":211567,"date":"2024-10-17T13:46:59","date_gmt":"2024-10-17T11:46:59","guid":{"rendered":"https:\/\/miomiorun.com\/?post_type=product&#038;p=211567"},"modified":"2024-10-31T14:36:21","modified_gmt":"2024-10-31T13:36:21","slug":"outrun-the-storm-jacket-damen","status":"publish","type":"product","link":"https:\/\/www.miomiorun.com\/de\/produkt\/outrun-the-storm-jacket-damen\/","title":{"rendered":"Outrun The Storm Jacket damen"},"content":{"rendered":"<p>Die UA <strong>Outrun The Storm Jacket<\/strong> in der Damenversion bietet eine extrem effektive Barriere gegen Wasser und sch\u00fctzt dich besser und l\u00e4nger als andere Kleidungsst\u00fccke, die f\u00fcr das Laufen bei Regen konzipiert sind. Dar\u00fcber hinaus f\u00f6rdern der hervorragende Stretch und der Komfort die Konzentration.<\/p>\n<h3>Eigenschaften:<\/h3>\n<div id=\"acc-1\" class=\"g-accordion-content collapse show\">\n<ul class=\"t-tabs_data\">\n<li class=\"t-tabs_list\">UA Storm Technologie weist Wasser ab und bietet maximale Atmungsaktivit\u00e4t<\/li>\n<li class=\"t-tabs_list\">Winddichte Konstruktion bietet Schutz vor den Elementen<\/li>\n<li class=\"t-tabs_list\">Leichtes und strapazierf\u00e4higes Stretchmaterial bietet mehr Komfort und Bewegungsfreiheit<\/li>\n<li class=\"t-tabs_list\">4-Wege-Stretchmaterial verbessert die Bewegungsfreiheit<\/li>\n<li class=\"t-tabs_list\">\u00d6ffnungen auf der R\u00fcckseite f\u00fcr erh\u00f6hte Atmungsaktivit\u00e4t<\/li>\n<li class=\"t-tabs_list\">Rei\u00dfverschlusstaschen an den H\u00e4nden und Innentasche f\u00fcr Medienger\u00e4te auf der rechten Seite<\/li>\n<li class=\"t-tabs_list\">Reflektierende Details f\u00fcr bessere Sichtbarkeit bei schlechten Lichtverh\u00e4ltnissen<\/li>\n<li class=\"t-tabs_list\">Dieser Artikel wurde mit einer fluorfreien wasserabweisenden Behandlung hergestellt<\/li>\n<li class=\"t-tabs_list\">Abgedeckte elastische S\u00e4ume<\/li>\n<li class=\"t-tabs_list\">Material: 87% Polyester\/13% Elastan<\/li>\n<\/ul>\n<h3>Passform und Pflege:<\/h3>\n<div id=\"acc-3\" class=\"g-accordion-content collapse\">\n<ul class=\"t-tabs_data\">\n<li class=\"t-tabs_list\"><span class=\"t-bold_font\">Eng anliegend: <\/span>Wesentliche Passform, weder zu eng noch zu locker.<\/li>\n<li class=\"t-tabs_list\">Waschen und trocknen mit geschlossenem Rei\u00dfverschluss und auf links gedreht<\/li>\n<li class=\"t-tabs_list\">Maschinenw\u00e4sche kalt mit \u00e4hnlichen Farben<\/li>\n<li class=\"t-tabs_list\">Falls erforderlich, nur chlorfreies Bleichmittel verwenden<\/li>\n<li class=\"t-tabs_list\">Im W\u00e4schetrockner bei niedriger Temperatur trocknen<\/li>\n<li class=\"t-tabs_list\">Nicht b\u00fcgeln<\/li>\n<li class=\"t-tabs_list\">Keine Weichsp\u00fcler verwenden<\/li>\n<li class=\"t-tabs_list\">Nicht chemisch reinigen<\/li>\n<\/ul>\n<\/div>\n<\/div>\n","protected":false},"excerpt":{"rendered":"<ul>\n<li>Effektive Jacke gegen den Regen.<\/li>\n<li>Perfekt, um Sie vor dem Wind zu sch\u00fctzen.<\/li>\n<li>Mit reflektierenden Details f\u00fcr erh\u00f6hte Sichtbarkeit.<\/li>\n<\/ul>\n","protected":false},"featured_media":212098,"template":"","meta":{"_acf_changed":false,"inline_featured_image":false},"product_brand":[],"product_cat":[6401,6404],"product_tag":[20482,20495],"class_list":{"0":"post-211567","1":"product","2":"type-product","3":"status-publish","4":"has-post-thumbnail","6":"product_cat-damenbekleidung","7":"product_cat-damenjacken","8":"product_tag-under-armour-de","9":"product_tag-under-armour-damen","10":"pa_attivita-gehen","11":"pa_attivita-running-de","12":"pa_colore-outrun-the-storm-jacket-w-de","13":"pa_colore-outrun-the-storm-jacket-w-white-de","14":"pa_marca-under-armour-de","15":"pa_sesso-damen","16":"pa_size-extra-small-de","17":"pa_size-small-de","18":"pa_size-medium-de","19":"pa_size-large-de","21":"first","22":"instock","23":"sale","24":"taxable","25":"shipping-taxable","26":"purchasable","27":"product-type-variable","28":"wvs-archive-product-wrapper"},"acf":[],"yoast_head":"<!-- This site is optimized with the Yoast SEO plugin v26.8 - https:\/\/yoast.com\/product\/yoast-seo-wordpress\/ -->\n<title>Under AmourOutrun The Storm Jacket damen - Laufjacke - MioMioRun<\/title>\n<meta name=\"description\" content=\"Outrun The Storm Jacket in der Damenversion bietet eine extrem effektive Barriere gegen Wasser und sch\u00fctzt Sie besser und l\u00e4nger\" \/>\n<meta name=\"robots\" content=\"index, follow, max-snippet:-1, max-image-preview:large, max-video-preview:-1\" \/>\n<link rel=\"canonical\" href=\"https:\/\/www.miomiorun.com\/de\/produkt\/outrun-the-storm-jacket-damen\/\" \/>\n<meta property=\"og:locale\" content=\"de_DE\" \/>\n<meta property=\"og:type\" content=\"article\" \/>\n<meta property=\"og:title\" content=\"Under AmourOutrun The Storm Jacket damen - Laufjacke - MioMioRun\" \/>\n<meta property=\"og:description\" content=\"Outrun The Storm Jacket in der Damenversion bietet eine extrem effektive Barriere gegen Wasser und sch\u00fctzt Sie besser und l\u00e4nger\" \/>\n<meta property=\"og:url\" content=\"https:\/\/www.miomiorun.com\/de\/produkt\/outrun-the-storm-jacket-damen\/\" \/>\n<meta property=\"og:site_name\" content=\"MioMioRun\" \/>\n<meta property=\"article:publisher\" content=\"https:\/\/www.facebook.com\/miomiorun\/\" \/>\n<meta property=\"article:modified_time\" content=\"2024-10-31T13:36:21+00:00\" \/>\n<meta property=\"og:image\" content=\"https:\/\/www.miomiorun.com\/app\/uploads\/2024\/10\/under-armour-Outrun-the-storm-jacket-W-1377043-0002.webp\" \/>\n\t<meta property=\"og:image:width\" content=\"600\" \/>\n\t<meta property=\"og:image:height\" content=\"600\" \/>\n\t<meta property=\"og:image:type\" content=\"image\/webp\" \/>\n<meta name=\"twitter:card\" content=\"summary_large_image\" \/>\n<meta name=\"twitter:label1\" content=\"Est. reading time\" \/>\n\t<meta name=\"twitter:data1\" content=\"1 minute\" \/>\n<script type=\"application\/ld+json\" class=\"yoast-schema-graph\">{\"@context\":\"https:\/\/schema.org\",\"@graph\":[{\"@type\":\"WebPage\",\"@id\":\"https:\/\/www.miomiorun.com\/de\/produkt\/outrun-the-storm-jacket-damen\/\",\"url\":\"https:\/\/www.miomiorun.com\/de\/produkt\/outrun-the-storm-jacket-damen\/\",\"name\":\"Under AmourOutrun The Storm Jacket damen - Laufjacke - MioMioRun\",\"isPartOf\":{\"@id\":\"https:\/\/www.miomiorun.com\/de\/#website\"},\"primaryImageOfPage\":{\"@id\":\"https:\/\/www.miomiorun.com\/de\/produkt\/outrun-the-storm-jacket-damen\/#primaryimage\"},\"image\":{\"@id\":\"https:\/\/www.miomiorun.com\/de\/produkt\/outrun-the-storm-jacket-damen\/#primaryimage\"},\"thumbnailUrl\":\"https:\/\/www.miomiorun.com\/app\/uploads\/2024\/10\/under-armour-Outrun-the-storm-jacket-W-1377043-0002.webp\",\"datePublished\":\"2024-10-17T11:46:59+00:00\",\"dateModified\":\"2024-10-31T13:36:21+00:00\",\"description\":\"Outrun The Storm Jacket in der Damenversion bietet eine extrem effektive Barriere gegen Wasser und sch\u00fctzt Sie besser und l\u00e4nger\",\"breadcrumb\":{\"@id\":\"https:\/\/www.miomiorun.com\/de\/produkt\/outrun-the-storm-jacket-damen\/#breadcrumb\"},\"inLanguage\":\"de-DE\",\"potentialAction\":[{\"@type\":\"ReadAction\",\"target\":[\"https:\/\/www.miomiorun.com\/de\/produkt\/outrun-the-storm-jacket-damen\/\"]}]},{\"@type\":\"ImageObject\",\"inLanguage\":\"de-DE\",\"@id\":\"https:\/\/www.miomiorun.com\/de\/produkt\/outrun-the-storm-jacket-damen\/#primaryimage\",\"url\":\"https:\/\/www.miomiorun.com\/app\/uploads\/2024\/10\/under-armour-Outrun-the-storm-jacket-W-1377043-0002.webp\",\"contentUrl\":\"https:\/\/www.miomiorun.com\/app\/uploads\/2024\/10\/under-armour-Outrun-the-storm-jacket-W-1377043-0002.webp\",\"width\":600,\"height\":600,\"caption\":\"under armour Outrun the storm jacket W 1377043-0002\"},{\"@type\":\"BreadcrumbList\",\"@id\":\"https:\/\/www.miomiorun.com\/de\/produkt\/outrun-the-storm-jacket-damen\/#breadcrumb\",\"itemListElement\":[{\"@type\":\"ListItem\",\"position\":1,\"name\":\"Home\",\"item\":\"https:\/\/www.miomiorun.com\/de\/\"},{\"@type\":\"ListItem\",\"position\":2,\"name\":\"Shop\",\"item\":\"https:\/\/www.miomiorun.com\/shop\/\"},{\"@type\":\"ListItem\",\"position\":3,\"name\":\"Outrun The Storm Jacket damen\"}]},{\"@type\":\"WebSite\",\"@id\":\"https:\/\/www.miomiorun.com\/de\/#website\",\"url\":\"https:\/\/www.miomiorun.com\/de\/\",\"name\":\"MioMioRun\",\"description\":\"100% Lauf- und Trailshop\",\"publisher\":{\"@id\":\"https:\/\/www.miomiorun.com\/de\/#organization\"},\"potentialAction\":[{\"@type\":\"SearchAction\",\"target\":{\"@type\":\"EntryPoint\",\"urlTemplate\":\"https:\/\/www.miomiorun.com\/de\/?s={search_term_string}\"},\"query-input\":{\"@type\":\"PropertyValueSpecification\",\"valueRequired\":true,\"valueName\":\"search_term_string\"}}],\"inLanguage\":\"de-DE\"},{\"@type\":\"Organization\",\"@id\":\"https:\/\/www.miomiorun.com\/de\/#organization\",\"name\":\"MioMio Run\",\"url\":\"https:\/\/www.miomiorun.com\/de\/\",\"logo\":{\"@type\":\"ImageObject\",\"inLanguage\":\"de-DE\",\"@id\":\"https:\/\/www.miomiorun.com\/de\/#\/schema\/logo\/image\/\",\"url\":\"https:\/\/www.miomiorun.com\/app\/uploads\/2019\/12\/logomio.png\",\"contentUrl\":\"https:\/\/www.miomiorun.com\/app\/uploads\/2019\/12\/logomio.png\",\"width\":115,\"height\":82,\"caption\":\"MioMio Run\"},\"image\":{\"@id\":\"https:\/\/www.miomiorun.com\/de\/#\/schema\/logo\/image\/\"},\"sameAs\":[\"https:\/\/www.facebook.com\/miomiorun\/\",\"https:\/\/www.instagram.com\/miomiorun\/\"]}]}<\/script>\n<!-- \/ Yoast SEO plugin. -->","yoast_head_json":{"title":"Under AmourOutrun The Storm Jacket damen - Laufjacke - MioMioRun","description":"Outrun The Storm Jacket in der Damenversion bietet eine extrem effektive Barriere gegen Wasser und sch\u00fctzt Sie besser und l\u00e4nger","robots":{"index":"index","follow":"follow","max-snippet":"max-snippet:-1","max-image-preview":"max-image-preview:large","max-video-preview":"max-video-preview:-1"},"canonical":"https:\/\/www.miomiorun.com\/de\/produkt\/outrun-the-storm-jacket-damen\/","og_locale":"de_DE","og_type":"article","og_title":"Under AmourOutrun The Storm Jacket damen - Laufjacke - MioMioRun","og_description":"Outrun The Storm Jacket in der Damenversion bietet eine extrem effektive Barriere gegen Wasser und sch\u00fctzt Sie besser und l\u00e4nger","og_url":"https:\/\/www.miomiorun.com\/de\/produkt\/outrun-the-storm-jacket-damen\/","og_site_name":"MioMioRun","article_publisher":"https:\/\/www.facebook.com\/miomiorun\/","article_modified_time":"2024-10-31T13:36:21+00:00","og_image":[{"width":600,"height":600,"url":"https:\/\/www.miomiorun.com\/app\/uploads\/2024\/10\/under-armour-Outrun-the-storm-jacket-W-1377043-0002.webp","type":"image\/webp"}],"twitter_card":"summary_large_image","twitter_misc":{"Est. reading time":"1 minute"},"schema":{"@context":"https:\/\/schema.org","@graph":[{"@type":"WebPage","@id":"https:\/\/www.miomiorun.com\/de\/produkt\/outrun-the-storm-jacket-damen\/","url":"https:\/\/www.miomiorun.com\/de\/produkt\/outrun-the-storm-jacket-damen\/","name":"Under AmourOutrun The Storm Jacket damen - Laufjacke - MioMioRun","isPartOf":{"@id":"https:\/\/www.miomiorun.com\/de\/#website"},"primaryImageOfPage":{"@id":"https:\/\/www.miomiorun.com\/de\/produkt\/outrun-the-storm-jacket-damen\/#primaryimage"},"image":{"@id":"https:\/\/www.miomiorun.com\/de\/produkt\/outrun-the-storm-jacket-damen\/#primaryimage"},"thumbnailUrl":"https:\/\/www.miomiorun.com\/app\/uploads\/2024\/10\/under-armour-Outrun-the-storm-jacket-W-1377043-0002.webp","datePublished":"2024-10-17T11:46:59+00:00","dateModified":"2024-10-31T13:36:21+00:00","description":"Outrun The Storm Jacket in der Damenversion bietet eine extrem effektive Barriere gegen Wasser und sch\u00fctzt Sie besser und l\u00e4nger","breadcrumb":{"@id":"https:\/\/www.miomiorun.com\/de\/produkt\/outrun-the-storm-jacket-damen\/#breadcrumb"},"inLanguage":"de-DE","potentialAction":[{"@type":"ReadAction","target":["https:\/\/www.miomiorun.com\/de\/produkt\/outrun-the-storm-jacket-damen\/"]}]},{"@type":"ImageObject","inLanguage":"de-DE","@id":"https:\/\/www.miomiorun.com\/de\/produkt\/outrun-the-storm-jacket-damen\/#primaryimage","url":"https:\/\/www.miomiorun.com\/app\/uploads\/2024\/10\/under-armour-Outrun-the-storm-jacket-W-1377043-0002.webp","contentUrl":"https:\/\/www.miomiorun.com\/app\/uploads\/2024\/10\/under-armour-Outrun-the-storm-jacket-W-1377043-0002.webp","width":600,"height":600,"caption":"under armour Outrun the storm jacket W 1377043-0002"},{"@type":"BreadcrumbList","@id":"https:\/\/www.miomiorun.com\/de\/produkt\/outrun-the-storm-jacket-damen\/#breadcrumb","itemListElement":[{"@type":"ListItem","position":1,"name":"Home","item":"https:\/\/www.miomiorun.com\/de\/"},{"@type":"ListItem","position":2,"name":"Shop","item":"https:\/\/www.miomiorun.com\/shop\/"},{"@type":"ListItem","position":3,"name":"Outrun The Storm Jacket damen"}]},{"@type":"WebSite","@id":"https:\/\/www.miomiorun.com\/de\/#website","url":"https:\/\/www.miomiorun.com\/de\/","name":"MioMioRun","description":"100% Lauf- und Trailshop","publisher":{"@id":"https:\/\/www.miomiorun.com\/de\/#organization"},"potentialAction":[{"@type":"SearchAction","target":{"@type":"EntryPoint","urlTemplate":"https:\/\/www.miomiorun.com\/de\/?s={search_term_string}"},"query-input":{"@type":"PropertyValueSpecification","valueRequired":true,"valueName":"search_term_string"}}],"inLanguage":"de-DE"},{"@type":"Organization","@id":"https:\/\/www.miomiorun.com\/de\/#organization","name":"MioMio Run","url":"https:\/\/www.miomiorun.com\/de\/","logo":{"@type":"ImageObject","inLanguage":"de-DE","@id":"https:\/\/www.miomiorun.com\/de\/#\/schema\/logo\/image\/","url":"https:\/\/www.miomiorun.com\/app\/uploads\/2019\/12\/logomio.png","contentUrl":"https:\/\/www.miomiorun.com\/app\/uploads\/2019\/12\/logomio.png","width":115,"height":82,"caption":"MioMio Run"},"image":{"@id":"https:\/\/www.miomiorun.com\/de\/#\/schema\/logo\/image\/"},"sameAs":["https:\/\/www.facebook.com\/miomiorun\/","https:\/\/www.instagram.com\/miomiorun\/"]}]}},"_links":{"self":[{"href":"https:\/\/www.miomiorun.com\/de\/wp-json\/wp\/v2\/product\/211567","targetHints":{"allow":["GET"]}}],"collection":[{"href":"https:\/\/www.miomiorun.com\/de\/wp-json\/wp\/v2\/product"}],"about":[{"href":"https:\/\/www.miomiorun.com\/de\/wp-json\/wp\/v2\/types\/product"}],"wp:featuredmedia":[{"embeddable":true,"href":"https:\/\/www.miomiorun.com\/de\/wp-json\/wp\/v2\/media\/212098"}],"wp:attachment":[{"href":"https:\/\/www.miomiorun.com\/de\/wp-json\/wp\/v2\/media?parent=211567"}],"wp:term":[{"taxonomy":"product_brand","embeddable":true,"href":"https:\/\/www.miomiorun.com\/de\/wp-json\/wp\/v2\/product_brand?post=211567"},{"taxonomy":"product_cat","embeddable":true,"href":"https:\/\/www.miomiorun.com\/de\/wp-json\/wp\/v2\/product_cat?post=211567"},{"taxonomy":"product_tag","embeddable":true,"href":"https:\/\/www.miomiorun.com\/de\/wp-json\/wp\/v2\/product_tag?post=211567"}],"curies":[{"name":"wp","href":"https:\/\/api.w.org\/{rel}","templated":true}]}}