{"id":211481,"date":"2024-10-17T10:40:02","date_gmt":"2024-10-17T08:40:02","guid":{"rendered":"https:\/\/miomiorun.com\/?post_type=product&#038;p=211481"},"modified":"2026-05-08T22:23:24","modified_gmt":"2026-05-08T20:23:24","slug":"crossback-mid-bra-damen","status":"publish","type":"product","link":"https:\/\/www.miomiorun.com\/de\/produkt\/crossback-mid-bra-damen\/","title":{"rendered":"Crossback Mid Bra damen"},"content":{"rendered":"<h2>Suchen Sie einen vielseitigen Sport-BH, der gleichzeitig guten Halt beim Laufen bietet?<\/h2>\n<p>Der <strong>Crossback Mid<\/strong> Bra f\u00fcr Frauen ist bequem und st\u00fctzend.<\/p>\n<h3>Eigenschaften:<\/h3>\n<div id=\"acc-1\" class=\"g-accordion-content collapse show\">\n<ul class=\"t-tabs_data\">\n<li class=\"t-tabs_list\">Bietet strategische Unterst\u00fctzung, ideal f\u00fcr Aktivit\u00e4ten wie Laufen, Radfahren, Krafttraining und Boxen<\/li>\n<li class=\"t-tabs_list\">Weiche, schnell trocknende K\u00f6rbchen bieten zus\u00e4tzlichen Halt und Abdeckung; au\u00dferdem sorgen Perforationen f\u00fcr Atmungsaktivit\u00e4t<\/li>\n<li class=\"t-tabs_list\">Herausnehmbare Cups mit Etiketten f\u00fcr rechts und links<\/li>\n<li class=\"t-tabs_list\">Kreuztr\u00e4ger mit verbesserter Fall\u00f6ffnung f\u00fcr leichteres An- und Ausziehen<\/li>\n<li class=\"t-tabs_list\">Eine verbesserte Innenstruktur sorgt daf\u00fcr, dass die Polsterung in der richtigen Position bleibt, sowohl beim Tragen als auch beim Waschen<\/li>\n<li class=\"t-tabs_list\">Das elastische Band ist extrem weich und geschmeidig<\/li>\n<li class=\"t-tabs_list\">Das extrem weiche, doppellagige HeatGear\u00ae-Gewebe bietet ein angenehmes Gef\u00fchl auf der Haut<\/li>\n<li class=\"t-tabs_list\">Leichtes Material absorbiert Schwei\u00df und trocknet sehr schnell<\/li>\n<li>Material: 87% Polyester\/13% Elastan<\/li>\n<li><span class=\"feature-icon-label\">4-Wege-Stretch<\/span><\/li>\n<li><span class=\"feature-icon-label\">Schnelltrocknend<\/span><\/li>\n<li><span class=\"feature-icon-label\">Anti-Feuchtigkeitsmittel<\/span><\/li>\n<\/ul>\n<h3>Passform und Pflege<\/h3>\n<div id=\"acc-3\" class=\"g-accordion-content collapse\">\n<ul class=\"t-tabs_data\">\n<li class=\"t-tabs_list\"><span class=\"t-bold_font\">Kompression: <\/span>Ultra eng, wie eine zweite Haut.<\/li>\n<li class=\"t-tabs_list\">Polsterung vor dem Waschen entfernen<\/li>\n<li class=\"t-tabs_list\">Maschinenw\u00e4sche kalt mit \u00e4hnlichen Farben<\/li>\n<li class=\"t-tabs_list\">Kein Bleichmittel verwenden<\/li>\n<li class=\"t-tabs_list\">Im W\u00e4schetrockner bei niedriger Temperatur trocknen<\/li>\n<li class=\"t-tabs_list\">Nicht b\u00fcgeln<\/li>\n<li class=\"t-tabs_list\">Keine Weichsp\u00fcler verwenden<\/li>\n<li class=\"t-tabs_list\">Nicht chemisch reinigen<\/li>\n<\/ul>\n<\/div>\n<\/div>\n","protected":false},"excerpt":{"rendered":"<ul>\n<li>Idealer Sport-BH<\/li>\n<li>Kann den ganzen Tag getragen werden<\/li>\n<\/ul>\n","protected":false},"featured_media":212077,"template":"","meta":{"_acf_changed":false,"inline_featured_image":false},"product_brand":[],"product_cat":[6400,6401,6485],"product_tag":[20482,20495],"class_list":{"0":"post-211481","1":"product","2":"type-product","3":"status-publish","4":"has-post-thumbnail","6":"product_cat-damen","7":"product_cat-damenbekleidung","8":"product_cat-damenwaesche-de","9":"product_tag-under-armour-de","10":"product_tag-under-armour-damen","11":"pa_attivita-fitness-de","12":"pa_attivita-gehen","13":"pa_attivita-running-de","14":"pa_colore-crossback-mid-bra-bittersw","15":"pa_colore-crossback-mid-bra-rack-green","16":"pa_colore-crossback-mid-bra-ultimate","17":"pa_colore-crossback-mid-bra-white-2-de","18":"pa_colore-crossback-mid-bra-white-w-de","19":"pa_marca-under-armour-de","20":"pa_sesso-damen","21":"pa_size-extra-small-de","22":"pa_size-small-de","23":"pa_size-medium-de","24":"pa_size-large-de","26":"first","27":"instock","28":"sale","29":"taxable","30":"shipping-taxable","31":"purchasable","32":"product-type-variable","33":"wvs-archive-product-wrapper"},"acf":[],"yoast_head":"<!-- This site is optimized with the Yoast SEO plugin v26.8 - https:\/\/yoast.com\/product\/yoast-seo-wordpress\/ -->\n<title>Under Armour Crossback Mid Bra damen - Lauf-BH- MioMioRun<\/title>\n<meta name=\"description\" content=\"Auf der Suche nach einem vielseitigen Sport-BH, der gleichzeitig guten Halt beim Laufen bietet, ist der Crossback Mid Bra bequem und st\u00fctzend.\" \/>\n<meta name=\"robots\" content=\"index, follow, max-snippet:-1, max-image-preview:large, max-video-preview:-1\" \/>\n<link rel=\"canonical\" href=\"https:\/\/www.miomiorun.com\/de\/produkt\/crossback-mid-bra-damen\/\" \/>\n<meta property=\"og:locale\" content=\"de_DE\" \/>\n<meta property=\"og:type\" content=\"article\" \/>\n<meta property=\"og:title\" content=\"Under Armour Crossback Mid Bra damen - Lauf-BH- MioMioRun\" \/>\n<meta property=\"og:description\" content=\"Auf der Suche nach einem vielseitigen Sport-BH, der gleichzeitig guten Halt beim Laufen bietet, ist der Crossback Mid Bra bequem und st\u00fctzend.\" \/>\n<meta property=\"og:url\" content=\"https:\/\/www.miomiorun.com\/de\/produkt\/crossback-mid-bra-damen\/\" \/>\n<meta property=\"og:site_name\" content=\"MioMioRun\" \/>\n<meta property=\"article:publisher\" content=\"https:\/\/www.facebook.com\/miomiorun\/\" \/>\n<meta property=\"article:modified_time\" content=\"2026-05-08T20:23:24+00:00\" \/>\n<meta property=\"og:image\" content=\"https:\/\/www.miomiorun.com\/app\/uploads\/2024\/10\/under-armour-Crossback-mid-bra-black-W-1361034-0006.webp\" \/>\n\t<meta property=\"og:image:width\" content=\"600\" \/>\n\t<meta property=\"og:image:height\" content=\"600\" \/>\n\t<meta property=\"og:image:type\" content=\"image\/webp\" \/>\n<meta name=\"twitter:card\" content=\"summary_large_image\" \/>\n<meta name=\"twitter:label1\" content=\"Est. reading time\" \/>\n\t<meta name=\"twitter:data1\" content=\"1 minute\" \/>\n<script type=\"application\/ld+json\" class=\"yoast-schema-graph\">{\"@context\":\"https:\/\/schema.org\",\"@graph\":[{\"@type\":\"WebPage\",\"@id\":\"https:\/\/www.miomiorun.com\/de\/produkt\/crossback-mid-bra-damen\/\",\"url\":\"https:\/\/www.miomiorun.com\/de\/produkt\/crossback-mid-bra-damen\/\",\"name\":\"Under Armour Crossback Mid Bra damen - Lauf-BH- MioMioRun\",\"isPartOf\":{\"@id\":\"https:\/\/www.miomiorun.com\/de\/#website\"},\"primaryImageOfPage\":{\"@id\":\"https:\/\/www.miomiorun.com\/de\/produkt\/crossback-mid-bra-damen\/#primaryimage\"},\"image\":{\"@id\":\"https:\/\/www.miomiorun.com\/de\/produkt\/crossback-mid-bra-damen\/#primaryimage\"},\"thumbnailUrl\":\"https:\/\/www.miomiorun.com\/app\/uploads\/2024\/10\/under-armour-Crossback-mid-bra-black-W-1361034-0006.webp\",\"datePublished\":\"2024-10-17T08:40:02+00:00\",\"dateModified\":\"2026-05-08T20:23:24+00:00\",\"description\":\"Auf der Suche nach einem vielseitigen Sport-BH, der gleichzeitig guten Halt beim Laufen bietet, ist der Crossback Mid Bra bequem und st\u00fctzend.\",\"breadcrumb\":{\"@id\":\"https:\/\/www.miomiorun.com\/de\/produkt\/crossback-mid-bra-damen\/#breadcrumb\"},\"inLanguage\":\"de-DE\",\"potentialAction\":[{\"@type\":\"ReadAction\",\"target\":[\"https:\/\/www.miomiorun.com\/de\/produkt\/crossback-mid-bra-damen\/\"]}]},{\"@type\":\"ImageObject\",\"inLanguage\":\"de-DE\",\"@id\":\"https:\/\/www.miomiorun.com\/de\/produkt\/crossback-mid-bra-damen\/#primaryimage\",\"url\":\"https:\/\/www.miomiorun.com\/app\/uploads\/2024\/10\/under-armour-Crossback-mid-bra-black-W-1361034-0006.webp\",\"contentUrl\":\"https:\/\/www.miomiorun.com\/app\/uploads\/2024\/10\/under-armour-Crossback-mid-bra-black-W-1361034-0006.webp\",\"width\":600,\"height\":600,\"caption\":\"under armour Crossback mid bra black W 1361034-0006\"},{\"@type\":\"BreadcrumbList\",\"@id\":\"https:\/\/www.miomiorun.com\/de\/produkt\/crossback-mid-bra-damen\/#breadcrumb\",\"itemListElement\":[{\"@type\":\"ListItem\",\"position\":1,\"name\":\"Home\",\"item\":\"https:\/\/www.miomiorun.com\/de\/\"},{\"@type\":\"ListItem\",\"position\":2,\"name\":\"Shop\",\"item\":\"https:\/\/www.miomiorun.com\/shop\/\"},{\"@type\":\"ListItem\",\"position\":3,\"name\":\"Crossback Mid Bra damen\"}]},{\"@type\":\"WebSite\",\"@id\":\"https:\/\/www.miomiorun.com\/de\/#website\",\"url\":\"https:\/\/www.miomiorun.com\/de\/\",\"name\":\"MioMioRun\",\"description\":\"100% Lauf- und Trailshop\",\"publisher\":{\"@id\":\"https:\/\/www.miomiorun.com\/de\/#organization\"},\"potentialAction\":[{\"@type\":\"SearchAction\",\"target\":{\"@type\":\"EntryPoint\",\"urlTemplate\":\"https:\/\/www.miomiorun.com\/de\/?s={search_term_string}\"},\"query-input\":{\"@type\":\"PropertyValueSpecification\",\"valueRequired\":true,\"valueName\":\"search_term_string\"}}],\"inLanguage\":\"de-DE\"},{\"@type\":\"Organization\",\"@id\":\"https:\/\/www.miomiorun.com\/de\/#organization\",\"name\":\"MioMio Run\",\"url\":\"https:\/\/www.miomiorun.com\/de\/\",\"logo\":{\"@type\":\"ImageObject\",\"inLanguage\":\"de-DE\",\"@id\":\"https:\/\/www.miomiorun.com\/de\/#\/schema\/logo\/image\/\",\"url\":\"https:\/\/www.miomiorun.com\/app\/uploads\/2019\/12\/logomio.png\",\"contentUrl\":\"https:\/\/www.miomiorun.com\/app\/uploads\/2019\/12\/logomio.png\",\"width\":115,\"height\":82,\"caption\":\"MioMio Run\"},\"image\":{\"@id\":\"https:\/\/www.miomiorun.com\/de\/#\/schema\/logo\/image\/\"},\"sameAs\":[\"https:\/\/www.facebook.com\/miomiorun\/\",\"https:\/\/www.instagram.com\/miomiorun\/\"]}]}<\/script>\n<!-- \/ Yoast SEO plugin. -->","yoast_head_json":{"title":"Under Armour Crossback Mid Bra damen - Lauf-BH- MioMioRun","description":"Auf der Suche nach einem vielseitigen Sport-BH, der gleichzeitig guten Halt beim Laufen bietet, ist der Crossback Mid Bra bequem und st\u00fctzend.","robots":{"index":"index","follow":"follow","max-snippet":"max-snippet:-1","max-image-preview":"max-image-preview:large","max-video-preview":"max-video-preview:-1"},"canonical":"https:\/\/www.miomiorun.com\/de\/produkt\/crossback-mid-bra-damen\/","og_locale":"de_DE","og_type":"article","og_title":"Under Armour Crossback Mid Bra damen - Lauf-BH- MioMioRun","og_description":"Auf der Suche nach einem vielseitigen Sport-BH, der gleichzeitig guten Halt beim Laufen bietet, ist der Crossback Mid Bra bequem und st\u00fctzend.","og_url":"https:\/\/www.miomiorun.com\/de\/produkt\/crossback-mid-bra-damen\/","og_site_name":"MioMioRun","article_publisher":"https:\/\/www.facebook.com\/miomiorun\/","article_modified_time":"2026-05-08T20:23:24+00:00","og_image":[{"width":600,"height":600,"url":"https:\/\/www.miomiorun.com\/app\/uploads\/2024\/10\/under-armour-Crossback-mid-bra-black-W-1361034-0006.webp","type":"image\/webp"}],"twitter_card":"summary_large_image","twitter_misc":{"Est. reading time":"1 minute"},"schema":{"@context":"https:\/\/schema.org","@graph":[{"@type":"WebPage","@id":"https:\/\/www.miomiorun.com\/de\/produkt\/crossback-mid-bra-damen\/","url":"https:\/\/www.miomiorun.com\/de\/produkt\/crossback-mid-bra-damen\/","name":"Under Armour Crossback Mid Bra damen - Lauf-BH- MioMioRun","isPartOf":{"@id":"https:\/\/www.miomiorun.com\/de\/#website"},"primaryImageOfPage":{"@id":"https:\/\/www.miomiorun.com\/de\/produkt\/crossback-mid-bra-damen\/#primaryimage"},"image":{"@id":"https:\/\/www.miomiorun.com\/de\/produkt\/crossback-mid-bra-damen\/#primaryimage"},"thumbnailUrl":"https:\/\/www.miomiorun.com\/app\/uploads\/2024\/10\/under-armour-Crossback-mid-bra-black-W-1361034-0006.webp","datePublished":"2024-10-17T08:40:02+00:00","dateModified":"2026-05-08T20:23:24+00:00","description":"Auf der Suche nach einem vielseitigen Sport-BH, der gleichzeitig guten Halt beim Laufen bietet, ist der Crossback Mid Bra bequem und st\u00fctzend.","breadcrumb":{"@id":"https:\/\/www.miomiorun.com\/de\/produkt\/crossback-mid-bra-damen\/#breadcrumb"},"inLanguage":"de-DE","potentialAction":[{"@type":"ReadAction","target":["https:\/\/www.miomiorun.com\/de\/produkt\/crossback-mid-bra-damen\/"]}]},{"@type":"ImageObject","inLanguage":"de-DE","@id":"https:\/\/www.miomiorun.com\/de\/produkt\/crossback-mid-bra-damen\/#primaryimage","url":"https:\/\/www.miomiorun.com\/app\/uploads\/2024\/10\/under-armour-Crossback-mid-bra-black-W-1361034-0006.webp","contentUrl":"https:\/\/www.miomiorun.com\/app\/uploads\/2024\/10\/under-armour-Crossback-mid-bra-black-W-1361034-0006.webp","width":600,"height":600,"caption":"under armour Crossback mid bra black W 1361034-0006"},{"@type":"BreadcrumbList","@id":"https:\/\/www.miomiorun.com\/de\/produkt\/crossback-mid-bra-damen\/#breadcrumb","itemListElement":[{"@type":"ListItem","position":1,"name":"Home","item":"https:\/\/www.miomiorun.com\/de\/"},{"@type":"ListItem","position":2,"name":"Shop","item":"https:\/\/www.miomiorun.com\/shop\/"},{"@type":"ListItem","position":3,"name":"Crossback Mid Bra damen"}]},{"@type":"WebSite","@id":"https:\/\/www.miomiorun.com\/de\/#website","url":"https:\/\/www.miomiorun.com\/de\/","name":"MioMioRun","description":"100% Lauf- und Trailshop","publisher":{"@id":"https:\/\/www.miomiorun.com\/de\/#organization"},"potentialAction":[{"@type":"SearchAction","target":{"@type":"EntryPoint","urlTemplate":"https:\/\/www.miomiorun.com\/de\/?s={search_term_string}"},"query-input":{"@type":"PropertyValueSpecification","valueRequired":true,"valueName":"search_term_string"}}],"inLanguage":"de-DE"},{"@type":"Organization","@id":"https:\/\/www.miomiorun.com\/de\/#organization","name":"MioMio Run","url":"https:\/\/www.miomiorun.com\/de\/","logo":{"@type":"ImageObject","inLanguage":"de-DE","@id":"https:\/\/www.miomiorun.com\/de\/#\/schema\/logo\/image\/","url":"https:\/\/www.miomiorun.com\/app\/uploads\/2019\/12\/logomio.png","contentUrl":"https:\/\/www.miomiorun.com\/app\/uploads\/2019\/12\/logomio.png","width":115,"height":82,"caption":"MioMio Run"},"image":{"@id":"https:\/\/www.miomiorun.com\/de\/#\/schema\/logo\/image\/"},"sameAs":["https:\/\/www.facebook.com\/miomiorun\/","https:\/\/www.instagram.com\/miomiorun\/"]}]}},"_links":{"self":[{"href":"https:\/\/www.miomiorun.com\/de\/wp-json\/wp\/v2\/product\/211481","targetHints":{"allow":["GET"]}}],"collection":[{"href":"https:\/\/www.miomiorun.com\/de\/wp-json\/wp\/v2\/product"}],"about":[{"href":"https:\/\/www.miomiorun.com\/de\/wp-json\/wp\/v2\/types\/product"}],"wp:featuredmedia":[{"embeddable":true,"href":"https:\/\/www.miomiorun.com\/de\/wp-json\/wp\/v2\/media\/212077"}],"wp:attachment":[{"href":"https:\/\/www.miomiorun.com\/de\/wp-json\/wp\/v2\/media?parent=211481"}],"wp:term":[{"taxonomy":"product_brand","embeddable":true,"href":"https:\/\/www.miomiorun.com\/de\/wp-json\/wp\/v2\/product_brand?post=211481"},{"taxonomy":"product_cat","embeddable":true,"href":"https:\/\/www.miomiorun.com\/de\/wp-json\/wp\/v2\/product_cat?post=211481"},{"taxonomy":"product_tag","embeddable":true,"href":"https:\/\/www.miomiorun.com\/de\/wp-json\/wp\/v2\/product_tag?post=211481"}],"curies":[{"name":"wp","href":"https:\/\/api.w.org\/{rel}","templated":true}]}}