{"id":211401,"date":"2024-10-16T17:16:19","date_gmt":"2024-10-16T15:16:19","guid":{"rendered":"https:\/\/miomiorun.com\/?post_type=product&#038;p=211401"},"modified":"2026-02-13T15:43:00","modified_gmt":"2026-02-13T14:43:00","slug":"rival-fleece-logo-herren","status":"publish","type":"product","link":"https:\/\/www.miomiorun.com\/de\/produkt\/rival-fleece-logo-herren\/","title":{"rendered":"Rival Fleece Logo herren"},"content":{"rendered":"<h2 style=\"text-align: center\">Leicht, bequem und innen extrem weich: Dieses Herren-Sweatshirt ist ideal, um warm zu bleiben und f\u00fcr jede Art von Aktivit\u00e4t bereit zu sein.<\/h2>\n<h3>Eigenschaften:<\/h3>\n<ul>\n<li class=\"t-tabs_list\">Superweiches Fleece aus Baumwollmischung mit geb\u00fcrsteter Innenseite f\u00fcr zus\u00e4tzliche W\u00e4rme<\/li>\n<li class=\"t-tabs_list\">K\u00e4ngurutasche vorne<\/li>\n<li class=\"t-tabs_list\">Rippb\u00fcndchen an \u00c4rmeln und Saum<\/li>\n<li>Material: 80 % Baumwolle\/20 % Polyester<\/li>\n<\/ul>\n<h3>Passform und Pflege:<\/h3>\n<ul class=\"t-tabs_data\">\n<li class=\"t-tabs_list\"><span class=\"t-bold_font\">Bequem:&nbsp;<\/span>Weiterer Schnitt f\u00fcr maximalen Komfort.<\/li>\n<li class=\"t-tabs_list\">Kalt in der Waschmaschine mit \u00e4hnlichen Farben waschen<\/li>\n<li class=\"t-tabs_list\">Kein Bleichmittel verwenden<\/li>\n<li class=\"t-tabs_list\">Bei niedriger Temperatur im Trockner trocknen<\/li>\n<li class=\"t-tabs_list\">Nicht b\u00fcgeln<\/li>\n<li class=\"t-tabs_list\">Keinen Weichsp\u00fcler verwenden<\/li>\n<li class=\"t-tabs_list\">Nicht chemisch reinigen<\/li>\n<\/ul>\n<p>&nbsp;<\/p>\n<p>&nbsp;<\/p>\n<p id=\"tw-target-text\" class=\"tw-data-text tw-text-large XcVN5d tw-ta\" dir=\"ltr\" data-placeholder=\"Traduzione\"><span class=\"Y2IQFc\" lang=\"it\">&nbsp;<\/span><\/p>\n","protected":false},"excerpt":{"rendered":"<ul>\n<li>Fleece-Sweatshirt, das dich an kalten Tagen warm h\u00e4lt.<\/li>\n<li>Perfekt f\u00fcr jede Aktivit\u00e4t.<\/li>\n<\/ul>\n","protected":false},"featured_media":212070,"template":"","meta":{"_acf_changed":false,"inline_featured_image":false},"product_brand":[],"product_cat":[6540,6541],"product_tag":[20482,20497],"class_list":{"0":"post-211401","1":"product","2":"type-product","3":"status-publish","4":"has-post-thumbnail","6":"product_cat-herrenbekleidung","7":"product_cat-langarmshirt","8":"product_tag-under-armour-de","9":"product_tag-under-armour-herren","10":"pa_attivita-lifestyle-de","11":"pa_colore-rival-fleece-logo-hd-tech-blue-m-de","12":"pa_marca-under-armour-de","13":"pa_sesso-herren","14":"pa_size-extra-small-de","15":"pa_size-small-de","16":"pa_size-medium-de","17":"pa_size-large-de","19":"first","20":"instock","21":"sale","22":"taxable","23":"shipping-taxable","24":"purchasable","25":"product-type-variable","26":"wvs-archive-product-wrapper"},"acf":[],"yoast_head":"<!-- This site is optimized with the Yoast SEO plugin v26.8 - https:\/\/yoast.com\/product\/yoast-seo-wordpress\/ -->\n<title>Under Armour Rival Fleece Logo herren - Laufshirt - MioMioRun<\/title>\n<meta name=\"description\" content=\"Leicht, bequem und innen weich: Dieses Herren-Sweatshirt ist ideal, um warm zu bleiben und f\u00fcr jede Aktivit\u00e4t ger\u00fcstet zu sein.\" \/>\n<meta name=\"robots\" content=\"index, follow, max-snippet:-1, max-image-preview:large, max-video-preview:-1\" \/>\n<link rel=\"canonical\" href=\"https:\/\/www.miomiorun.com\/de\/produkt\/rival-fleece-logo-herren\/\" \/>\n<meta property=\"og:locale\" content=\"de_DE\" \/>\n<meta property=\"og:type\" content=\"article\" \/>\n<meta property=\"og:title\" content=\"Under Armour Rival Fleece Logo herren - Laufshirt - MioMioRun\" \/>\n<meta property=\"og:description\" content=\"Leicht, bequem und innen weich: Dieses Herren-Sweatshirt ist ideal, um warm zu bleiben und f\u00fcr jede Aktivit\u00e4t ger\u00fcstet zu sein.\" \/>\n<meta property=\"og:url\" content=\"https:\/\/www.miomiorun.com\/de\/produkt\/rival-fleece-logo-herren\/\" \/>\n<meta property=\"og:site_name\" content=\"MioMioRun\" \/>\n<meta property=\"article:publisher\" content=\"https:\/\/www.facebook.com\/miomiorun\/\" \/>\n<meta property=\"article:modified_time\" content=\"2026-02-13T14:43:00+00:00\" \/>\n<meta property=\"og:image\" content=\"https:\/\/www.miomiorun.com\/app\/uploads\/2024\/10\/under-armour-Rival-fleece-logo-HD-tech-blue-M-1379758-0432.webp\" \/>\n\t<meta property=\"og:image:width\" content=\"600\" \/>\n\t<meta property=\"og:image:height\" content=\"600\" \/>\n\t<meta property=\"og:image:type\" content=\"image\/webp\" \/>\n<meta name=\"twitter:card\" content=\"summary_large_image\" \/>\n<script type=\"application\/ld+json\" class=\"yoast-schema-graph\">{\"@context\":\"https:\/\/schema.org\",\"@graph\":[{\"@type\":\"WebPage\",\"@id\":\"https:\/\/www.miomiorun.com\/de\/produkt\/rival-fleece-logo-herren\/\",\"url\":\"https:\/\/www.miomiorun.com\/de\/produkt\/rival-fleece-logo-herren\/\",\"name\":\"Under Armour Rival Fleece Logo herren - Laufshirt - MioMioRun\",\"isPartOf\":{\"@id\":\"https:\/\/www.miomiorun.com\/de\/#website\"},\"primaryImageOfPage\":{\"@id\":\"https:\/\/www.miomiorun.com\/de\/produkt\/rival-fleece-logo-herren\/#primaryimage\"},\"image\":{\"@id\":\"https:\/\/www.miomiorun.com\/de\/produkt\/rival-fleece-logo-herren\/#primaryimage\"},\"thumbnailUrl\":\"https:\/\/www.miomiorun.com\/app\/uploads\/2024\/10\/under-armour-Rival-fleece-logo-HD-tech-blue-M-1379758-0432.webp\",\"datePublished\":\"2024-10-16T15:16:19+00:00\",\"dateModified\":\"2026-02-13T14:43:00+00:00\",\"description\":\"Leicht, bequem und innen weich: Dieses Herren-Sweatshirt ist ideal, um warm zu bleiben und f\u00fcr jede Aktivit\u00e4t ger\u00fcstet zu sein.\",\"breadcrumb\":{\"@id\":\"https:\/\/www.miomiorun.com\/de\/produkt\/rival-fleece-logo-herren\/#breadcrumb\"},\"inLanguage\":\"de-DE\",\"potentialAction\":[{\"@type\":\"ReadAction\",\"target\":[\"https:\/\/www.miomiorun.com\/de\/produkt\/rival-fleece-logo-herren\/\"]}]},{\"@type\":\"ImageObject\",\"inLanguage\":\"de-DE\",\"@id\":\"https:\/\/www.miomiorun.com\/de\/produkt\/rival-fleece-logo-herren\/#primaryimage\",\"url\":\"https:\/\/www.miomiorun.com\/app\/uploads\/2024\/10\/under-armour-Rival-fleece-logo-HD-tech-blue-M-1379758-0432.webp\",\"contentUrl\":\"https:\/\/www.miomiorun.com\/app\/uploads\/2024\/10\/under-armour-Rival-fleece-logo-HD-tech-blue-M-1379758-0432.webp\",\"width\":600,\"height\":600,\"caption\":\"under armour Rival fleece logo HD tech blue M 1379758-0432\"},{\"@type\":\"BreadcrumbList\",\"@id\":\"https:\/\/www.miomiorun.com\/de\/produkt\/rival-fleece-logo-herren\/#breadcrumb\",\"itemListElement\":[{\"@type\":\"ListItem\",\"position\":1,\"name\":\"Home\",\"item\":\"https:\/\/www.miomiorun.com\/de\/\"},{\"@type\":\"ListItem\",\"position\":2,\"name\":\"Shop\",\"item\":\"https:\/\/www.miomiorun.com\/shop\/\"},{\"@type\":\"ListItem\",\"position\":3,\"name\":\"Rival Fleece Logo herren\"}]},{\"@type\":\"WebSite\",\"@id\":\"https:\/\/www.miomiorun.com\/de\/#website\",\"url\":\"https:\/\/www.miomiorun.com\/de\/\",\"name\":\"MioMioRun\",\"description\":\"100% Lauf- und Trailshop\",\"publisher\":{\"@id\":\"https:\/\/www.miomiorun.com\/de\/#organization\"},\"potentialAction\":[{\"@type\":\"SearchAction\",\"target\":{\"@type\":\"EntryPoint\",\"urlTemplate\":\"https:\/\/www.miomiorun.com\/de\/?s={search_term_string}\"},\"query-input\":{\"@type\":\"PropertyValueSpecification\",\"valueRequired\":true,\"valueName\":\"search_term_string\"}}],\"inLanguage\":\"de-DE\"},{\"@type\":\"Organization\",\"@id\":\"https:\/\/www.miomiorun.com\/de\/#organization\",\"name\":\"MioMio Run\",\"url\":\"https:\/\/www.miomiorun.com\/de\/\",\"logo\":{\"@type\":\"ImageObject\",\"inLanguage\":\"de-DE\",\"@id\":\"https:\/\/www.miomiorun.com\/de\/#\/schema\/logo\/image\/\",\"url\":\"https:\/\/www.miomiorun.com\/app\/uploads\/2019\/12\/logomio.png\",\"contentUrl\":\"https:\/\/www.miomiorun.com\/app\/uploads\/2019\/12\/logomio.png\",\"width\":115,\"height\":82,\"caption\":\"MioMio Run\"},\"image\":{\"@id\":\"https:\/\/www.miomiorun.com\/de\/#\/schema\/logo\/image\/\"},\"sameAs\":[\"https:\/\/www.facebook.com\/miomiorun\/\",\"https:\/\/www.instagram.com\/miomiorun\/\"]}]}<\/script>\n<!-- \/ Yoast SEO plugin. -->","yoast_head_json":{"title":"Under Armour Rival Fleece Logo herren - Laufshirt - MioMioRun","description":"Leicht, bequem und innen weich: Dieses Herren-Sweatshirt ist ideal, um warm zu bleiben und f\u00fcr jede Aktivit\u00e4t ger\u00fcstet zu sein.","robots":{"index":"index","follow":"follow","max-snippet":"max-snippet:-1","max-image-preview":"max-image-preview:large","max-video-preview":"max-video-preview:-1"},"canonical":"https:\/\/www.miomiorun.com\/de\/produkt\/rival-fleece-logo-herren\/","og_locale":"de_DE","og_type":"article","og_title":"Under Armour Rival Fleece Logo herren - Laufshirt - MioMioRun","og_description":"Leicht, bequem und innen weich: Dieses Herren-Sweatshirt ist ideal, um warm zu bleiben und f\u00fcr jede Aktivit\u00e4t ger\u00fcstet zu sein.","og_url":"https:\/\/www.miomiorun.com\/de\/produkt\/rival-fleece-logo-herren\/","og_site_name":"MioMioRun","article_publisher":"https:\/\/www.facebook.com\/miomiorun\/","article_modified_time":"2026-02-13T14:43:00+00:00","og_image":[{"width":600,"height":600,"url":"https:\/\/www.miomiorun.com\/app\/uploads\/2024\/10\/under-armour-Rival-fleece-logo-HD-tech-blue-M-1379758-0432.webp","type":"image\/webp"}],"twitter_card":"summary_large_image","schema":{"@context":"https:\/\/schema.org","@graph":[{"@type":"WebPage","@id":"https:\/\/www.miomiorun.com\/de\/produkt\/rival-fleece-logo-herren\/","url":"https:\/\/www.miomiorun.com\/de\/produkt\/rival-fleece-logo-herren\/","name":"Under Armour Rival Fleece Logo herren - Laufshirt - MioMioRun","isPartOf":{"@id":"https:\/\/www.miomiorun.com\/de\/#website"},"primaryImageOfPage":{"@id":"https:\/\/www.miomiorun.com\/de\/produkt\/rival-fleece-logo-herren\/#primaryimage"},"image":{"@id":"https:\/\/www.miomiorun.com\/de\/produkt\/rival-fleece-logo-herren\/#primaryimage"},"thumbnailUrl":"https:\/\/www.miomiorun.com\/app\/uploads\/2024\/10\/under-armour-Rival-fleece-logo-HD-tech-blue-M-1379758-0432.webp","datePublished":"2024-10-16T15:16:19+00:00","dateModified":"2026-02-13T14:43:00+00:00","description":"Leicht, bequem und innen weich: Dieses Herren-Sweatshirt ist ideal, um warm zu bleiben und f\u00fcr jede Aktivit\u00e4t ger\u00fcstet zu sein.","breadcrumb":{"@id":"https:\/\/www.miomiorun.com\/de\/produkt\/rival-fleece-logo-herren\/#breadcrumb"},"inLanguage":"de-DE","potentialAction":[{"@type":"ReadAction","target":["https:\/\/www.miomiorun.com\/de\/produkt\/rival-fleece-logo-herren\/"]}]},{"@type":"ImageObject","inLanguage":"de-DE","@id":"https:\/\/www.miomiorun.com\/de\/produkt\/rival-fleece-logo-herren\/#primaryimage","url":"https:\/\/www.miomiorun.com\/app\/uploads\/2024\/10\/under-armour-Rival-fleece-logo-HD-tech-blue-M-1379758-0432.webp","contentUrl":"https:\/\/www.miomiorun.com\/app\/uploads\/2024\/10\/under-armour-Rival-fleece-logo-HD-tech-blue-M-1379758-0432.webp","width":600,"height":600,"caption":"under armour Rival fleece logo HD tech blue M 1379758-0432"},{"@type":"BreadcrumbList","@id":"https:\/\/www.miomiorun.com\/de\/produkt\/rival-fleece-logo-herren\/#breadcrumb","itemListElement":[{"@type":"ListItem","position":1,"name":"Home","item":"https:\/\/www.miomiorun.com\/de\/"},{"@type":"ListItem","position":2,"name":"Shop","item":"https:\/\/www.miomiorun.com\/shop\/"},{"@type":"ListItem","position":3,"name":"Rival Fleece Logo herren"}]},{"@type":"WebSite","@id":"https:\/\/www.miomiorun.com\/de\/#website","url":"https:\/\/www.miomiorun.com\/de\/","name":"MioMioRun","description":"100% Lauf- und Trailshop","publisher":{"@id":"https:\/\/www.miomiorun.com\/de\/#organization"},"potentialAction":[{"@type":"SearchAction","target":{"@type":"EntryPoint","urlTemplate":"https:\/\/www.miomiorun.com\/de\/?s={search_term_string}"},"query-input":{"@type":"PropertyValueSpecification","valueRequired":true,"valueName":"search_term_string"}}],"inLanguage":"de-DE"},{"@type":"Organization","@id":"https:\/\/www.miomiorun.com\/de\/#organization","name":"MioMio Run","url":"https:\/\/www.miomiorun.com\/de\/","logo":{"@type":"ImageObject","inLanguage":"de-DE","@id":"https:\/\/www.miomiorun.com\/de\/#\/schema\/logo\/image\/","url":"https:\/\/www.miomiorun.com\/app\/uploads\/2019\/12\/logomio.png","contentUrl":"https:\/\/www.miomiorun.com\/app\/uploads\/2019\/12\/logomio.png","width":115,"height":82,"caption":"MioMio Run"},"image":{"@id":"https:\/\/www.miomiorun.com\/de\/#\/schema\/logo\/image\/"},"sameAs":["https:\/\/www.facebook.com\/miomiorun\/","https:\/\/www.instagram.com\/miomiorun\/"]}]}},"_links":{"self":[{"href":"https:\/\/www.miomiorun.com\/de\/wp-json\/wp\/v2\/product\/211401","targetHints":{"allow":["GET"]}}],"collection":[{"href":"https:\/\/www.miomiorun.com\/de\/wp-json\/wp\/v2\/product"}],"about":[{"href":"https:\/\/www.miomiorun.com\/de\/wp-json\/wp\/v2\/types\/product"}],"wp:featuredmedia":[{"embeddable":true,"href":"https:\/\/www.miomiorun.com\/de\/wp-json\/wp\/v2\/media\/212070"}],"wp:attachment":[{"href":"https:\/\/www.miomiorun.com\/de\/wp-json\/wp\/v2\/media?parent=211401"}],"wp:term":[{"taxonomy":"product_brand","embeddable":true,"href":"https:\/\/www.miomiorun.com\/de\/wp-json\/wp\/v2\/product_brand?post=211401"},{"taxonomy":"product_cat","embeddable":true,"href":"https:\/\/www.miomiorun.com\/de\/wp-json\/wp\/v2\/product_cat?post=211401"},{"taxonomy":"product_tag","embeddable":true,"href":"https:\/\/www.miomiorun.com\/de\/wp-json\/wp\/v2\/product_tag?post=211401"}],"curies":[{"name":"wp","href":"https:\/\/api.w.org\/{rel}","templated":true}]}}