{"id":211324,"date":"2024-10-16T16:22:58","date_gmt":"2024-10-16T14:22:58","guid":{"rendered":"https:\/\/miomiorun.com\/?post_type=product&#038;p=211324"},"modified":"2026-05-08T22:23:29","modified_gmt":"2026-05-08T20:23:29","slug":"hosen-essentials-fleece-3-stripes-tapered-cuff-herren","status":"publish","type":"product","link":"https:\/\/www.miomiorun.com\/de\/produkt\/hosen-essentials-fleece-3-stripes-tapered-cuff-herren\/","title":{"rendered":"Hosen Essentials Fleece 3-Stripes Tapered Cuff herren"},"content":{"rendered":"<div id=\"tw-target-text-container\" class=\"tw-ta-container F0azHf tw-nfl\" tabindex=\"0\">\n<p>Die <strong>Essentials Fleece 3-Stripes Tapered Cuff<\/strong> Hose von adidas ist eine Hose f\u00fcr M\u00e4nner, die perfekt f\u00fcr kaltes Wetter und arbeitsreiche Tage geeignet ist. Sie besteht aus einem weichen Baumwollmischgewebe und ist ideal, wenn Sie den ganzen Tag drau\u00dfen verbringen m\u00fcssen. Der mittelhohe Schnitt ist mit einem elastischen Bund versehen, w\u00e4hrend die spitz zulaufenden Beine und die gerippten S\u00e4ume es Ihnen erm\u00f6glichen, Ihre Turnschuhe zu zeigen. Ausgestattet mit Fronttaschen, um alles griffbereit zu haben.<\/p>\n<ul>\n<li>Dieses Produkt besteht zu mindestens 70 % aus einer Mischung aus recycelten und erneuerbaren Materialien.<\/li>\n<\/ul>\n<h3>Merkmale:<\/h3>\n<ul>\n<li>Recycelter Inhalt: Dieses Produkt wurde mit recyceltem Inhalt hergestellt, um Plastikm\u00fcll zu vermeiden.<\/li>\n<li>Bessere Baumwolle: Unsere Baumwollprodukte unterst\u00fctzen den nachhaltigen Baumwollanbau. DIES IST TEIL UNSERES BESTREBENS, DEM PLASTIKM\u00dcLL EIN ENDE ZU SETZEN.<\/li>\n<li>Ausf\u00fchrung und Logoplatzierung: Kleines adidas Logo auf dem linken Bein<\/li>\n<li>Passform: Saum mit B\u00fcndchen<\/li>\n<li>Passform: Regular Tapered<\/li>\n<li>Logo-Design und -Positionierung: 3 Streifen in voller L\u00e4nge auf beiden Seiten<\/li>\n<li>Abschl\u00fcsse und Details: Kordelzug zur Anpassung<\/li>\n<li>Abschl\u00fcsse und Details: Seitentaschen<\/li>\n<li>Passform: Schrittl\u00e4nge: 30 Zoll<\/li>\n<\/ul>\n<h4 class=\"care-title___2YJe1 gl-no-margin-bottom\">Waschanleitung<\/h4>\n<ul class=\"\">\n<li class=\"gl-vspace-bpall-small\"><img loading=\"lazy\" decoding=\"async\" src=\"https:\/\/www.adidas.it\/glass\/react\/050cc48\/assets\/img\/washing-instructions\/B1.svg\" alt=\"\" width=\"24\" height=\"24\" \/> Nicht bleichen<\/li>\n<li class=\"gl-vspace-bpall-small\"><img loading=\"lazy\" decoding=\"async\" src=\"https:\/\/www.adidas.it\/glass\/react\/050cc48\/assets\/img\/washing-instructions\/C2.svg\" alt=\"\" width=\"24\" height=\"24\" \/> W\u00e4schetrockner bei niedriger Temperatur verwenden<\/li>\n<li class=\"gl-vspace-bpall-small\"><img loading=\"lazy\" decoding=\"async\" src=\"https:\/\/www.adidas.it\/glass\/react\/050cc48\/assets\/img\/washing-instructions\/E1.svg\" alt=\"\" width=\"24\" height=\"24\" \/> Nicht chemisch reinigen<\/li>\n<li class=\"gl-vspace-bpall-small\"><img loading=\"lazy\" decoding=\"async\" src=\"https:\/\/www.adidas.it\/glass\/react\/050cc48\/assets\/img\/washing-instructions\/D2.svg\" alt=\"\" width=\"24\" height=\"24\" \/> Schonend kalt b\u00fcgeln<\/li>\n<li class=\"gl-vspace-bpall-small\"><img loading=\"lazy\" decoding=\"async\" src=\"https:\/\/www.adidas.it\/glass\/react\/050cc48\/assets\/img\/washing-instructions\/A4.svg\" alt=\"\" width=\"24\" height=\"24\" \/> Maschinenw\u00e4sche mit Schonwaschgang und kaltem Wasser<\/li>\n<\/ul>\n<div class=\"extra-instructions___2TR8b\">\n<h4 class=\"care-title___2YJe1 gl-no-margin-bottom\">Informationen zur Produktpflege<\/h4>\n<ul class=\"gl-list gl-vspace-bpall-small\">\n<li class=\"gl-vspace-bpall-small\">Keinen Weichsp\u00fcler verwenden<\/li>\n<li class=\"gl-vspace-bpall-small\">Nur Feinwaschmittel verwenden<\/li>\n<li class=\"gl-vspace-bpall-small\">Mit \u00e4hnlichen Farben waschen<\/li>\n<\/ul>\n<\/div>\n<\/div>\n<div id=\"tw-target-rmn-container\" class=\"tw-target-rmn tw-ta-container F0azHf tw-nfl\">\n<pre id=\"tw-target-rmn\" class=\"tw-data-placeholder tw-text-small tw-ta\" dir=\"ltr\" data-placeholder=\"\"><\/pre>\n<\/div>\n","protected":false},"excerpt":{"rendered":"<ul>\n<li>Perfekte Hose f\u00fcr kalte Wintertage<\/li>\n<li>Ideal f\u00fcr Aufenthalte im Freien<\/li>\n<\/ul>\n","protected":false},"featured_media":211824,"template":"","meta":{"_acf_changed":false,"inline_featured_image":false},"product_brand":[],"product_cat":[6515,6540,6509],"product_tag":[3403,6307],"class_list":{"0":"post-211324","1":"product","2":"type-product","3":"status-publish","4":"has-post-thumbnail","6":"product_cat-herren-de","7":"product_cat-herrenbekleidung","8":"product_cat-lange-hosen","9":"product_tag-adidas-de","10":"product_tag-adidas-herren-de","11":"pa_attivita-fitness-de","12":"pa_attivita-lifestyle-de","13":"pa_colore-m-3s-fl-tc-pt-legink-de","14":"pa_marca-adidas-de","15":"pa_sesso-herren","16":"pa_size-small-de","18":"first","19":"instock","20":"taxable","21":"shipping-taxable","22":"purchasable","23":"product-type-variable","24":"wvs-archive-product-wrapper"},"acf":[],"yoast_head":"<!-- This site is optimized with the Yoast SEO plugin v26.8 - https:\/\/yoast.com\/product\/yoast-seo-wordpress\/ -->\n<title>Adidas Hosen Essentials Fleece 3-Stripes Tapered Cuff herren - MioMioRun<\/title>\n<meta name=\"description\" content=\"Die Essentials Fleece 3-Stripes Tapered Cuff Trousers von adidas ist eine Hose f\u00fcr M\u00e4nner, die perfekt f\u00fcr kaltes Wetter und arbeitsreiche Tage .\" \/>\n<meta name=\"robots\" content=\"index, follow, max-snippet:-1, max-image-preview:large, max-video-preview:-1\" \/>\n<link rel=\"canonical\" href=\"https:\/\/www.miomiorun.com\/de\/produkt\/hosen-essentials-fleece-3-stripes-tapered-cuff-herren\/\" \/>\n<meta property=\"og:locale\" content=\"de_DE\" \/>\n<meta property=\"og:type\" content=\"article\" \/>\n<meta property=\"og:title\" content=\"Adidas Hosen Essentials Fleece 3-Stripes Tapered Cuff herren - MioMioRun\" \/>\n<meta property=\"og:description\" content=\"Die Essentials Fleece 3-Stripes Tapered Cuff Trousers von adidas ist eine Hose f\u00fcr M\u00e4nner, die perfekt f\u00fcr kaltes Wetter und arbeitsreiche Tage .\" \/>\n<meta property=\"og:url\" content=\"https:\/\/www.miomiorun.com\/de\/produkt\/hosen-essentials-fleece-3-stripes-tapered-cuff-herren\/\" \/>\n<meta property=\"og:site_name\" content=\"MioMioRun\" \/>\n<meta property=\"article:publisher\" content=\"https:\/\/www.facebook.com\/miomiorun\/\" \/>\n<meta property=\"article:modified_time\" content=\"2026-05-08T20:23:29+00:00\" \/>\n<meta property=\"og:image\" content=\"https:\/\/www.miomiorun.com\/app\/uploads\/2024\/10\/adidas-M-3S-FL-TC-PT-legink-IJ6493.webp\" \/>\n\t<meta property=\"og:image:width\" content=\"600\" \/>\n\t<meta property=\"og:image:height\" content=\"600\" \/>\n\t<meta property=\"og:image:type\" content=\"image\/webp\" \/>\n<meta name=\"twitter:card\" content=\"summary_large_image\" \/>\n<meta name=\"twitter:label1\" content=\"Est. reading time\" \/>\n\t<meta name=\"twitter:data1\" content=\"1 minute\" \/>\n<script type=\"application\/ld+json\" class=\"yoast-schema-graph\">{\"@context\":\"https:\/\/schema.org\",\"@graph\":[{\"@type\":\"WebPage\",\"@id\":\"https:\/\/www.miomiorun.com\/de\/produkt\/hosen-essentials-fleece-3-stripes-tapered-cuff-herren\/\",\"url\":\"https:\/\/www.miomiorun.com\/de\/produkt\/hosen-essentials-fleece-3-stripes-tapered-cuff-herren\/\",\"name\":\"Adidas Hosen Essentials Fleece 3-Stripes Tapered Cuff herren - MioMioRun\",\"isPartOf\":{\"@id\":\"https:\/\/www.miomiorun.com\/de\/#website\"},\"primaryImageOfPage\":{\"@id\":\"https:\/\/www.miomiorun.com\/de\/produkt\/hosen-essentials-fleece-3-stripes-tapered-cuff-herren\/#primaryimage\"},\"image\":{\"@id\":\"https:\/\/www.miomiorun.com\/de\/produkt\/hosen-essentials-fleece-3-stripes-tapered-cuff-herren\/#primaryimage\"},\"thumbnailUrl\":\"https:\/\/www.miomiorun.com\/app\/uploads\/2024\/10\/adidas-M-3S-FL-TC-PT-legink-IJ6493.webp\",\"datePublished\":\"2024-10-16T14:22:58+00:00\",\"dateModified\":\"2026-05-08T20:23:29+00:00\",\"description\":\"Die Essentials Fleece 3-Stripes Tapered Cuff Trousers von adidas ist eine Hose f\u00fcr M\u00e4nner, die perfekt f\u00fcr kaltes Wetter und arbeitsreiche Tage .\",\"breadcrumb\":{\"@id\":\"https:\/\/www.miomiorun.com\/de\/produkt\/hosen-essentials-fleece-3-stripes-tapered-cuff-herren\/#breadcrumb\"},\"inLanguage\":\"de-DE\",\"potentialAction\":[{\"@type\":\"ReadAction\",\"target\":[\"https:\/\/www.miomiorun.com\/de\/produkt\/hosen-essentials-fleece-3-stripes-tapered-cuff-herren\/\"]}]},{\"@type\":\"ImageObject\",\"inLanguage\":\"de-DE\",\"@id\":\"https:\/\/www.miomiorun.com\/de\/produkt\/hosen-essentials-fleece-3-stripes-tapered-cuff-herren\/#primaryimage\",\"url\":\"https:\/\/www.miomiorun.com\/app\/uploads\/2024\/10\/adidas-M-3S-FL-TC-PT-legink-IJ6493.webp\",\"contentUrl\":\"https:\/\/www.miomiorun.com\/app\/uploads\/2024\/10\/adidas-M-3S-FL-TC-PT-legink-IJ6493.webp\",\"width\":600,\"height\":600,\"caption\":\"adidas M 3S FL TC PT legink IJ6493\"},{\"@type\":\"BreadcrumbList\",\"@id\":\"https:\/\/www.miomiorun.com\/de\/produkt\/hosen-essentials-fleece-3-stripes-tapered-cuff-herren\/#breadcrumb\",\"itemListElement\":[{\"@type\":\"ListItem\",\"position\":1,\"name\":\"Home\",\"item\":\"https:\/\/www.miomiorun.com\/de\/\"},{\"@type\":\"ListItem\",\"position\":2,\"name\":\"Shop\",\"item\":\"https:\/\/www.miomiorun.com\/shop\/\"},{\"@type\":\"ListItem\",\"position\":3,\"name\":\"Hosen Essentials Fleece 3-Stripes Tapered Cuff herren\"}]},{\"@type\":\"WebSite\",\"@id\":\"https:\/\/www.miomiorun.com\/de\/#website\",\"url\":\"https:\/\/www.miomiorun.com\/de\/\",\"name\":\"MioMioRun\",\"description\":\"100% Lauf- und Trailshop\",\"publisher\":{\"@id\":\"https:\/\/www.miomiorun.com\/de\/#organization\"},\"potentialAction\":[{\"@type\":\"SearchAction\",\"target\":{\"@type\":\"EntryPoint\",\"urlTemplate\":\"https:\/\/www.miomiorun.com\/de\/?s={search_term_string}\"},\"query-input\":{\"@type\":\"PropertyValueSpecification\",\"valueRequired\":true,\"valueName\":\"search_term_string\"}}],\"inLanguage\":\"de-DE\"},{\"@type\":\"Organization\",\"@id\":\"https:\/\/www.miomiorun.com\/de\/#organization\",\"name\":\"MioMio Run\",\"url\":\"https:\/\/www.miomiorun.com\/de\/\",\"logo\":{\"@type\":\"ImageObject\",\"inLanguage\":\"de-DE\",\"@id\":\"https:\/\/www.miomiorun.com\/de\/#\/schema\/logo\/image\/\",\"url\":\"https:\/\/www.miomiorun.com\/app\/uploads\/2019\/12\/logomio.png\",\"contentUrl\":\"https:\/\/www.miomiorun.com\/app\/uploads\/2019\/12\/logomio.png\",\"width\":115,\"height\":82,\"caption\":\"MioMio Run\"},\"image\":{\"@id\":\"https:\/\/www.miomiorun.com\/de\/#\/schema\/logo\/image\/\"},\"sameAs\":[\"https:\/\/www.facebook.com\/miomiorun\/\",\"https:\/\/www.instagram.com\/miomiorun\/\"]}]}<\/script>\n<!-- \/ Yoast SEO plugin. -->","yoast_head_json":{"title":"Adidas Hosen Essentials Fleece 3-Stripes Tapered Cuff herren - MioMioRun","description":"Die Essentials Fleece 3-Stripes Tapered Cuff Trousers von adidas ist eine Hose f\u00fcr M\u00e4nner, die perfekt f\u00fcr kaltes Wetter und arbeitsreiche Tage .","robots":{"index":"index","follow":"follow","max-snippet":"max-snippet:-1","max-image-preview":"max-image-preview:large","max-video-preview":"max-video-preview:-1"},"canonical":"https:\/\/www.miomiorun.com\/de\/produkt\/hosen-essentials-fleece-3-stripes-tapered-cuff-herren\/","og_locale":"de_DE","og_type":"article","og_title":"Adidas Hosen Essentials Fleece 3-Stripes Tapered Cuff herren - MioMioRun","og_description":"Die Essentials Fleece 3-Stripes Tapered Cuff Trousers von adidas ist eine Hose f\u00fcr M\u00e4nner, die perfekt f\u00fcr kaltes Wetter und arbeitsreiche Tage .","og_url":"https:\/\/www.miomiorun.com\/de\/produkt\/hosen-essentials-fleece-3-stripes-tapered-cuff-herren\/","og_site_name":"MioMioRun","article_publisher":"https:\/\/www.facebook.com\/miomiorun\/","article_modified_time":"2026-05-08T20:23:29+00:00","og_image":[{"width":600,"height":600,"url":"https:\/\/www.miomiorun.com\/app\/uploads\/2024\/10\/adidas-M-3S-FL-TC-PT-legink-IJ6493.webp","type":"image\/webp"}],"twitter_card":"summary_large_image","twitter_misc":{"Est. reading time":"1 minute"},"schema":{"@context":"https:\/\/schema.org","@graph":[{"@type":"WebPage","@id":"https:\/\/www.miomiorun.com\/de\/produkt\/hosen-essentials-fleece-3-stripes-tapered-cuff-herren\/","url":"https:\/\/www.miomiorun.com\/de\/produkt\/hosen-essentials-fleece-3-stripes-tapered-cuff-herren\/","name":"Adidas Hosen Essentials Fleece 3-Stripes Tapered Cuff herren - MioMioRun","isPartOf":{"@id":"https:\/\/www.miomiorun.com\/de\/#website"},"primaryImageOfPage":{"@id":"https:\/\/www.miomiorun.com\/de\/produkt\/hosen-essentials-fleece-3-stripes-tapered-cuff-herren\/#primaryimage"},"image":{"@id":"https:\/\/www.miomiorun.com\/de\/produkt\/hosen-essentials-fleece-3-stripes-tapered-cuff-herren\/#primaryimage"},"thumbnailUrl":"https:\/\/www.miomiorun.com\/app\/uploads\/2024\/10\/adidas-M-3S-FL-TC-PT-legink-IJ6493.webp","datePublished":"2024-10-16T14:22:58+00:00","dateModified":"2026-05-08T20:23:29+00:00","description":"Die Essentials Fleece 3-Stripes Tapered Cuff Trousers von adidas ist eine Hose f\u00fcr M\u00e4nner, die perfekt f\u00fcr kaltes Wetter und arbeitsreiche Tage .","breadcrumb":{"@id":"https:\/\/www.miomiorun.com\/de\/produkt\/hosen-essentials-fleece-3-stripes-tapered-cuff-herren\/#breadcrumb"},"inLanguage":"de-DE","potentialAction":[{"@type":"ReadAction","target":["https:\/\/www.miomiorun.com\/de\/produkt\/hosen-essentials-fleece-3-stripes-tapered-cuff-herren\/"]}]},{"@type":"ImageObject","inLanguage":"de-DE","@id":"https:\/\/www.miomiorun.com\/de\/produkt\/hosen-essentials-fleece-3-stripes-tapered-cuff-herren\/#primaryimage","url":"https:\/\/www.miomiorun.com\/app\/uploads\/2024\/10\/adidas-M-3S-FL-TC-PT-legink-IJ6493.webp","contentUrl":"https:\/\/www.miomiorun.com\/app\/uploads\/2024\/10\/adidas-M-3S-FL-TC-PT-legink-IJ6493.webp","width":600,"height":600,"caption":"adidas M 3S FL TC PT legink IJ6493"},{"@type":"BreadcrumbList","@id":"https:\/\/www.miomiorun.com\/de\/produkt\/hosen-essentials-fleece-3-stripes-tapered-cuff-herren\/#breadcrumb","itemListElement":[{"@type":"ListItem","position":1,"name":"Home","item":"https:\/\/www.miomiorun.com\/de\/"},{"@type":"ListItem","position":2,"name":"Shop","item":"https:\/\/www.miomiorun.com\/shop\/"},{"@type":"ListItem","position":3,"name":"Hosen Essentials Fleece 3-Stripes Tapered Cuff herren"}]},{"@type":"WebSite","@id":"https:\/\/www.miomiorun.com\/de\/#website","url":"https:\/\/www.miomiorun.com\/de\/","name":"MioMioRun","description":"100% Lauf- und Trailshop","publisher":{"@id":"https:\/\/www.miomiorun.com\/de\/#organization"},"potentialAction":[{"@type":"SearchAction","target":{"@type":"EntryPoint","urlTemplate":"https:\/\/www.miomiorun.com\/de\/?s={search_term_string}"},"query-input":{"@type":"PropertyValueSpecification","valueRequired":true,"valueName":"search_term_string"}}],"inLanguage":"de-DE"},{"@type":"Organization","@id":"https:\/\/www.miomiorun.com\/de\/#organization","name":"MioMio Run","url":"https:\/\/www.miomiorun.com\/de\/","logo":{"@type":"ImageObject","inLanguage":"de-DE","@id":"https:\/\/www.miomiorun.com\/de\/#\/schema\/logo\/image\/","url":"https:\/\/www.miomiorun.com\/app\/uploads\/2019\/12\/logomio.png","contentUrl":"https:\/\/www.miomiorun.com\/app\/uploads\/2019\/12\/logomio.png","width":115,"height":82,"caption":"MioMio Run"},"image":{"@id":"https:\/\/www.miomiorun.com\/de\/#\/schema\/logo\/image\/"},"sameAs":["https:\/\/www.facebook.com\/miomiorun\/","https:\/\/www.instagram.com\/miomiorun\/"]}]}},"_links":{"self":[{"href":"https:\/\/www.miomiorun.com\/de\/wp-json\/wp\/v2\/product\/211324","targetHints":{"allow":["GET"]}}],"collection":[{"href":"https:\/\/www.miomiorun.com\/de\/wp-json\/wp\/v2\/product"}],"about":[{"href":"https:\/\/www.miomiorun.com\/de\/wp-json\/wp\/v2\/types\/product"}],"wp:featuredmedia":[{"embeddable":true,"href":"https:\/\/www.miomiorun.com\/de\/wp-json\/wp\/v2\/media\/211824"}],"wp:attachment":[{"href":"https:\/\/www.miomiorun.com\/de\/wp-json\/wp\/v2\/media?parent=211324"}],"wp:term":[{"taxonomy":"product_brand","embeddable":true,"href":"https:\/\/www.miomiorun.com\/de\/wp-json\/wp\/v2\/product_brand?post=211324"},{"taxonomy":"product_cat","embeddable":true,"href":"https:\/\/www.miomiorun.com\/de\/wp-json\/wp\/v2\/product_cat?post=211324"},{"taxonomy":"product_tag","embeddable":true,"href":"https:\/\/www.miomiorun.com\/de\/wp-json\/wp\/v2\/product_tag?post=211324"}],"curies":[{"name":"wp","href":"https:\/\/api.w.org\/{rel}","templated":true}]}}