{"id":211209,"date":"2024-10-15T17:18:04","date_gmt":"2024-10-15T15:18:04","guid":{"rendered":"https:\/\/miomiorun.com\/?post_type=product&#038;p=211209"},"modified":"2026-05-08T22:15:21","modified_gmt":"2026-05-08T20:15:21","slug":"tour-long-sleeve-damen","status":"publish","type":"product","link":"https:\/\/www.miomiorun.com\/de\/produkt\/tour-long-sleeve-damen\/","title":{"rendered":"Tour Long Sleeve damen"},"content":{"rendered":"<p>Women&#8217;s <strong>Tour Long Sleeve<\/strong> ist eine thermische und atmungsaktive Basisschicht mit antibakterieller und geruchshemmender <strong>Polygiene\u00ae-Behandlung<\/strong>, die es erm\u00f6glicht, das Kleidungsst\u00fcck mehrere Tage lang zu benutzen, ohne es waschen zu m\u00fcssen.<\/p>\n<p>Das Ziel von La Sportiva ist es seit jeher, die besten Produkte f\u00fcr diejenigen anzubieten, die die Berge in jeder Situation erleben.<br \/>\nJedes Bed\u00fcrfnis entspricht einem Produkt mit spezifischen technischen Eigenschaften.<strong>Tour Long Sleeve <\/strong>ist ein Kleidungsst\u00fcck, das sich durch folgende Eigenschaften auszeichnet:<\/p>\n<ul>\n<li><strong>Atmungsaktivit\u00e4t: <\/strong>Hochgradig atmungsaktive Produkte f\u00fcr optimalen Klimakomfort.<\/li>\n<li><strong>Elastizit\u00e4t: <\/strong>Bequeme und reaktionsf\u00e4hige Kleidungsst\u00fccke, die maximale Bewegungsfreiheit garantieren.<\/li>\n<li>Slim Fit<strong>: <\/strong>Sehr enge Passform f\u00fcr maximale Leistung im Wettkampf.<\/li>\n<li><strong>Leichtigkeit: <\/strong>Produkte, die das Gewicht auf ein Minimum reduzieren.<\/li>\n<\/ul>\n<h3>Verwendete Technologien:<\/h3>\n<ul>\n<li><strong>Polygiene: <\/strong>Antibakteriell und geruchshemmend Die Polygiene\u00ae-Technologie ist eine dauerhafte, wirksame und nachhaltige Behandlung, die Silbersalze verwendet, um die Bildung von geruchsverursachenden Bakterien zu verhindern. Das Ergebnis? Die Kleidungsst\u00fccke k\u00f6nnen l\u00e4nger ohne Waschen getragen werden.<\/li>\n<li><strong>L1 &#8211; Base Layer: <\/strong>Schicht, die direkt mit der Haut in Ber\u00fchrung kommt. Sie f\u00f6rdert die Ableitung von Schwei\u00df f\u00fcr einen besseren Klimakomfort bei k\u00f6rperlicher Aktivit\u00e4t.<\/li>\n<li>Recycelt<strong>: <\/strong>La Sportiva f\u00fchrt Fasern und Polsterungen ein, die aus der Wiederverwendung von recyceltem und zertifiziertem RePET\u00ae-Polyester gewonnen werden, das aus recycelten Flaschen stammt.<\/li>\n<\/ul>\n<p>&nbsp;<\/p>\n<p>&nbsp;<\/p>\n<p>&nbsp;<\/p>\n<p>&nbsp;<\/p>\n","protected":false},"excerpt":{"rendered":"<p>Women&#8217;s Tour Long Sleeve ist eine thermische und atmungsaktive Basisschicht mit antibakterieller und geruchshemmender Polygiene\u00ae-Behandlung, die es erm\u00f6glicht, das Kleidungsst\u00fcck mehrere Tage lang zu benutzen, ohne es waschen zu m\u00fcssen. Das Ziel von La Sportiva ist es seit jeher, die besten Produkte f\u00fcr diejenigen anzubieten, die die Berge in jeder Situation erleben. Jedes Bed\u00fcrfnis entspricht &hellip; <a href=\"https:\/\/www.miomiorun.com\/de\/produkt\/tour-long-sleeve-damen\/\">Continued<\/a><\/p>\n","protected":false},"featured_media":211201,"template":"","meta":{"_acf_changed":false,"inline_featured_image":false},"product_brand":[],"product_cat":[6401,6486,6485],"product_tag":[6248,6220],"class_list":{"0":"post-211209","1":"product","2":"type-product","3":"status-publish","4":"has-post-thumbnail","6":"product_cat-damenbekleidung","7":"product_cat-damenlangarmshirts","8":"product_cat-damenwaesche-de","9":"product_tag-la-sportiva-de","10":"product_tag-la-sportiva-damen-de","11":"pa_attivita-outdoor-de","12":"pa_attivita-trail-de","13":"pa_colore-tour-long-sleeve-springtime-cherry-tom-w-de","14":"pa_marca-la-sportiva-de","15":"pa_sesso-damen","16":"pa_size-extra-small-de","17":"pa_size-small-de","18":"pa_size-medium-de","20":"first","21":"instock","22":"sale","23":"taxable","24":"shipping-taxable","25":"purchasable","26":"product-type-variable","27":"wvs-archive-product-wrapper"},"acf":[],"yoast_head":"<!-- This site is optimized with the Yoast SEO plugin v26.8 - https:\/\/yoast.com\/product\/yoast-seo-wordpress\/ -->\n<title>La Sportiva Tour Long Sleeve damen - Langarmshirt - MioMioRun<\/title>\n<meta name=\"description\" content=\"Das Women&#039;s Tour Long Sleeve ist die thermische und atmungsaktive Basisschicht mit antibakterieller und geruchshemmender Polygiene\u00ae-Behandlung.\" \/>\n<meta name=\"robots\" content=\"index, follow, max-snippet:-1, max-image-preview:large, max-video-preview:-1\" \/>\n<link rel=\"canonical\" href=\"https:\/\/www.miomiorun.com\/de\/produkt\/tour-long-sleeve-damen\/\" \/>\n<meta property=\"og:locale\" content=\"de_DE\" \/>\n<meta property=\"og:type\" content=\"article\" \/>\n<meta property=\"og:title\" content=\"La Sportiva Tour Long Sleeve damen - Langarmshirt - MioMioRun\" \/>\n<meta property=\"og:description\" content=\"Das Women&#039;s Tour Long Sleeve ist die thermische und atmungsaktive Basisschicht mit antibakterieller und geruchshemmender Polygiene\u00ae-Behandlung.\" \/>\n<meta property=\"og:url\" content=\"https:\/\/www.miomiorun.com\/de\/produkt\/tour-long-sleeve-damen\/\" \/>\n<meta property=\"og:site_name\" content=\"MioMioRun\" \/>\n<meta property=\"article:publisher\" content=\"https:\/\/www.facebook.com\/miomiorun\/\" \/>\n<meta property=\"article:modified_time\" content=\"2026-05-08T20:15:21+00:00\" \/>\n<meta property=\"og:image\" content=\"https:\/\/www.miomiorun.com\/app\/uploads\/2024\/10\/la-sportiva-Tour-long-sleeve-springtime-cherry-tom-W-M31411322.webp\" \/>\n\t<meta property=\"og:image:width\" content=\"600\" \/>\n\t<meta property=\"og:image:height\" content=\"600\" \/>\n\t<meta property=\"og:image:type\" content=\"image\/webp\" \/>\n<meta name=\"twitter:card\" content=\"summary_large_image\" \/>\n<meta name=\"twitter:label1\" content=\"Est. reading time\" \/>\n\t<meta name=\"twitter:data1\" content=\"1 minute\" \/>\n<script type=\"application\/ld+json\" class=\"yoast-schema-graph\">{\"@context\":\"https:\/\/schema.org\",\"@graph\":[{\"@type\":\"WebPage\",\"@id\":\"https:\/\/www.miomiorun.com\/de\/produkt\/tour-long-sleeve-damen\/\",\"url\":\"https:\/\/www.miomiorun.com\/de\/produkt\/tour-long-sleeve-damen\/\",\"name\":\"La Sportiva Tour Long Sleeve damen - Langarmshirt - MioMioRun\",\"isPartOf\":{\"@id\":\"https:\/\/www.miomiorun.com\/de\/#website\"},\"primaryImageOfPage\":{\"@id\":\"https:\/\/www.miomiorun.com\/de\/produkt\/tour-long-sleeve-damen\/#primaryimage\"},\"image\":{\"@id\":\"https:\/\/www.miomiorun.com\/de\/produkt\/tour-long-sleeve-damen\/#primaryimage\"},\"thumbnailUrl\":\"https:\/\/www.miomiorun.com\/app\/uploads\/2024\/10\/la-sportiva-Tour-long-sleeve-springtime-cherry-tom-W-M31411322.webp\",\"datePublished\":\"2024-10-15T15:18:04+00:00\",\"dateModified\":\"2026-05-08T20:15:21+00:00\",\"description\":\"Das Women's Tour Long Sleeve ist die thermische und atmungsaktive Basisschicht mit antibakterieller und geruchshemmender Polygiene\u00ae-Behandlung.\",\"breadcrumb\":{\"@id\":\"https:\/\/www.miomiorun.com\/de\/produkt\/tour-long-sleeve-damen\/#breadcrumb\"},\"inLanguage\":\"de-DE\",\"potentialAction\":[{\"@type\":\"ReadAction\",\"target\":[\"https:\/\/www.miomiorun.com\/de\/produkt\/tour-long-sleeve-damen\/\"]}]},{\"@type\":\"ImageObject\",\"inLanguage\":\"de-DE\",\"@id\":\"https:\/\/www.miomiorun.com\/de\/produkt\/tour-long-sleeve-damen\/#primaryimage\",\"url\":\"https:\/\/www.miomiorun.com\/app\/uploads\/2024\/10\/la-sportiva-Tour-long-sleeve-springtime-cherry-tom-W-M31411322.webp\",\"contentUrl\":\"https:\/\/www.miomiorun.com\/app\/uploads\/2024\/10\/la-sportiva-Tour-long-sleeve-springtime-cherry-tom-W-M31411322.webp\",\"width\":600,\"height\":600,\"caption\":\"la sportiva Tour long sleeve springtime cherry tom W M31411322\"},{\"@type\":\"BreadcrumbList\",\"@id\":\"https:\/\/www.miomiorun.com\/de\/produkt\/tour-long-sleeve-damen\/#breadcrumb\",\"itemListElement\":[{\"@type\":\"ListItem\",\"position\":1,\"name\":\"Home\",\"item\":\"https:\/\/www.miomiorun.com\/de\/\"},{\"@type\":\"ListItem\",\"position\":2,\"name\":\"Shop\",\"item\":\"https:\/\/www.miomiorun.com\/shop\/\"},{\"@type\":\"ListItem\",\"position\":3,\"name\":\"Tour Long Sleeve damen\"}]},{\"@type\":\"WebSite\",\"@id\":\"https:\/\/www.miomiorun.com\/de\/#website\",\"url\":\"https:\/\/www.miomiorun.com\/de\/\",\"name\":\"MioMioRun\",\"description\":\"100% Lauf- und Trailshop\",\"publisher\":{\"@id\":\"https:\/\/www.miomiorun.com\/de\/#organization\"},\"potentialAction\":[{\"@type\":\"SearchAction\",\"target\":{\"@type\":\"EntryPoint\",\"urlTemplate\":\"https:\/\/www.miomiorun.com\/de\/?s={search_term_string}\"},\"query-input\":{\"@type\":\"PropertyValueSpecification\",\"valueRequired\":true,\"valueName\":\"search_term_string\"}}],\"inLanguage\":\"de-DE\"},{\"@type\":\"Organization\",\"@id\":\"https:\/\/www.miomiorun.com\/de\/#organization\",\"name\":\"MioMio Run\",\"url\":\"https:\/\/www.miomiorun.com\/de\/\",\"logo\":{\"@type\":\"ImageObject\",\"inLanguage\":\"de-DE\",\"@id\":\"https:\/\/www.miomiorun.com\/de\/#\/schema\/logo\/image\/\",\"url\":\"https:\/\/www.miomiorun.com\/app\/uploads\/2019\/12\/logomio.png\",\"contentUrl\":\"https:\/\/www.miomiorun.com\/app\/uploads\/2019\/12\/logomio.png\",\"width\":115,\"height\":82,\"caption\":\"MioMio Run\"},\"image\":{\"@id\":\"https:\/\/www.miomiorun.com\/de\/#\/schema\/logo\/image\/\"},\"sameAs\":[\"https:\/\/www.facebook.com\/miomiorun\/\",\"https:\/\/www.instagram.com\/miomiorun\/\"]}]}<\/script>\n<!-- \/ Yoast SEO plugin. -->","yoast_head_json":{"title":"La Sportiva Tour Long Sleeve damen - Langarmshirt - MioMioRun","description":"Das Women's Tour Long Sleeve ist die thermische und atmungsaktive Basisschicht mit antibakterieller und geruchshemmender Polygiene\u00ae-Behandlung.","robots":{"index":"index","follow":"follow","max-snippet":"max-snippet:-1","max-image-preview":"max-image-preview:large","max-video-preview":"max-video-preview:-1"},"canonical":"https:\/\/www.miomiorun.com\/de\/produkt\/tour-long-sleeve-damen\/","og_locale":"de_DE","og_type":"article","og_title":"La Sportiva Tour Long Sleeve damen - Langarmshirt - MioMioRun","og_description":"Das Women's Tour Long Sleeve ist die thermische und atmungsaktive Basisschicht mit antibakterieller und geruchshemmender Polygiene\u00ae-Behandlung.","og_url":"https:\/\/www.miomiorun.com\/de\/produkt\/tour-long-sleeve-damen\/","og_site_name":"MioMioRun","article_publisher":"https:\/\/www.facebook.com\/miomiorun\/","article_modified_time":"2026-05-08T20:15:21+00:00","og_image":[{"width":600,"height":600,"url":"https:\/\/www.miomiorun.com\/app\/uploads\/2024\/10\/la-sportiva-Tour-long-sleeve-springtime-cherry-tom-W-M31411322.webp","type":"image\/webp"}],"twitter_card":"summary_large_image","twitter_misc":{"Est. reading time":"1 minute"},"schema":{"@context":"https:\/\/schema.org","@graph":[{"@type":"WebPage","@id":"https:\/\/www.miomiorun.com\/de\/produkt\/tour-long-sleeve-damen\/","url":"https:\/\/www.miomiorun.com\/de\/produkt\/tour-long-sleeve-damen\/","name":"La Sportiva Tour Long Sleeve damen - Langarmshirt - MioMioRun","isPartOf":{"@id":"https:\/\/www.miomiorun.com\/de\/#website"},"primaryImageOfPage":{"@id":"https:\/\/www.miomiorun.com\/de\/produkt\/tour-long-sleeve-damen\/#primaryimage"},"image":{"@id":"https:\/\/www.miomiorun.com\/de\/produkt\/tour-long-sleeve-damen\/#primaryimage"},"thumbnailUrl":"https:\/\/www.miomiorun.com\/app\/uploads\/2024\/10\/la-sportiva-Tour-long-sleeve-springtime-cherry-tom-W-M31411322.webp","datePublished":"2024-10-15T15:18:04+00:00","dateModified":"2026-05-08T20:15:21+00:00","description":"Das Women's Tour Long Sleeve ist die thermische und atmungsaktive Basisschicht mit antibakterieller und geruchshemmender Polygiene\u00ae-Behandlung.","breadcrumb":{"@id":"https:\/\/www.miomiorun.com\/de\/produkt\/tour-long-sleeve-damen\/#breadcrumb"},"inLanguage":"de-DE","potentialAction":[{"@type":"ReadAction","target":["https:\/\/www.miomiorun.com\/de\/produkt\/tour-long-sleeve-damen\/"]}]},{"@type":"ImageObject","inLanguage":"de-DE","@id":"https:\/\/www.miomiorun.com\/de\/produkt\/tour-long-sleeve-damen\/#primaryimage","url":"https:\/\/www.miomiorun.com\/app\/uploads\/2024\/10\/la-sportiva-Tour-long-sleeve-springtime-cherry-tom-W-M31411322.webp","contentUrl":"https:\/\/www.miomiorun.com\/app\/uploads\/2024\/10\/la-sportiva-Tour-long-sleeve-springtime-cherry-tom-W-M31411322.webp","width":600,"height":600,"caption":"la sportiva Tour long sleeve springtime cherry tom W M31411322"},{"@type":"BreadcrumbList","@id":"https:\/\/www.miomiorun.com\/de\/produkt\/tour-long-sleeve-damen\/#breadcrumb","itemListElement":[{"@type":"ListItem","position":1,"name":"Home","item":"https:\/\/www.miomiorun.com\/de\/"},{"@type":"ListItem","position":2,"name":"Shop","item":"https:\/\/www.miomiorun.com\/shop\/"},{"@type":"ListItem","position":3,"name":"Tour Long Sleeve damen"}]},{"@type":"WebSite","@id":"https:\/\/www.miomiorun.com\/de\/#website","url":"https:\/\/www.miomiorun.com\/de\/","name":"MioMioRun","description":"100% Lauf- und Trailshop","publisher":{"@id":"https:\/\/www.miomiorun.com\/de\/#organization"},"potentialAction":[{"@type":"SearchAction","target":{"@type":"EntryPoint","urlTemplate":"https:\/\/www.miomiorun.com\/de\/?s={search_term_string}"},"query-input":{"@type":"PropertyValueSpecification","valueRequired":true,"valueName":"search_term_string"}}],"inLanguage":"de-DE"},{"@type":"Organization","@id":"https:\/\/www.miomiorun.com\/de\/#organization","name":"MioMio Run","url":"https:\/\/www.miomiorun.com\/de\/","logo":{"@type":"ImageObject","inLanguage":"de-DE","@id":"https:\/\/www.miomiorun.com\/de\/#\/schema\/logo\/image\/","url":"https:\/\/www.miomiorun.com\/app\/uploads\/2019\/12\/logomio.png","contentUrl":"https:\/\/www.miomiorun.com\/app\/uploads\/2019\/12\/logomio.png","width":115,"height":82,"caption":"MioMio Run"},"image":{"@id":"https:\/\/www.miomiorun.com\/de\/#\/schema\/logo\/image\/"},"sameAs":["https:\/\/www.facebook.com\/miomiorun\/","https:\/\/www.instagram.com\/miomiorun\/"]}]}},"_links":{"self":[{"href":"https:\/\/www.miomiorun.com\/de\/wp-json\/wp\/v2\/product\/211209","targetHints":{"allow":["GET"]}}],"collection":[{"href":"https:\/\/www.miomiorun.com\/de\/wp-json\/wp\/v2\/product"}],"about":[{"href":"https:\/\/www.miomiorun.com\/de\/wp-json\/wp\/v2\/types\/product"}],"wp:featuredmedia":[{"embeddable":true,"href":"https:\/\/www.miomiorun.com\/de\/wp-json\/wp\/v2\/media\/211201"}],"wp:attachment":[{"href":"https:\/\/www.miomiorun.com\/de\/wp-json\/wp\/v2\/media?parent=211209"}],"wp:term":[{"taxonomy":"product_brand","embeddable":true,"href":"https:\/\/www.miomiorun.com\/de\/wp-json\/wp\/v2\/product_brand?post=211209"},{"taxonomy":"product_cat","embeddable":true,"href":"https:\/\/www.miomiorun.com\/de\/wp-json\/wp\/v2\/product_cat?post=211209"},{"taxonomy":"product_tag","embeddable":true,"href":"https:\/\/www.miomiorun.com\/de\/wp-json\/wp\/v2\/product_tag?post=211209"}],"curies":[{"name":"wp","href":"https:\/\/api.w.org\/{rel}","templated":true}]}}