{"id":211129,"date":"2024-10-15T16:59:29","date_gmt":"2024-10-15T14:59:29","guid":{"rendered":"https:\/\/miomiorun.com\/?post_type=product&#038;p=211129"},"modified":"2026-05-08T22:15:25","modified_gmt":"2026-05-08T20:15:25","slug":"bushido-iii-gtx-herren","status":"publish","type":"product","link":"https:\/\/www.miomiorun.com\/de\/produkt\/bushido-iii-gtx-herren\/","title":{"rendered":"Bushido III Gtx herren"},"content":{"rendered":"<div class=\"vc-row container\"><div class=\"vc-column\"><div class=\"vc-column-text\"><\/p>\n<p><strong>Technische Daten<\/strong><\/p>\n<p>Kategorie: mittlere D\u00e4mpfung<br \/>\nVersatz: 6 mm<br \/>\nGewicht: 310 g<br \/>\nIdeal f\u00fcr: Liebhaber des Laufens und Wanderns in den Bergen, die ein transversales Modell suchen, das sowohl auf langen als auch auf mittleren Strecken Traktion, Schutz und einen bequemen Sitz garantiert, mit einer Gore-Tex-Membran.<br \/>\nGewicht des Athleten: 50-70 kg<br \/>\nLauftempo: mittel-langsam (5,00 min\/km)<br \/>\n<a href=\"https:\/\/miomiorun.com\/de\/leitfaden-fuer-technische-spezifikationen\/\">Leitfaden f\u00fcr technische Spezifikationen<\/a><\/p>\n<p><\/div><\/div><div class=\"vc-column\"><div class=\"vc-column-text\"><strong>Bushido III Gore-Tex<\/strong> f\u00fcr Herren, ein Schuh f\u00fcr die Skyrace-Welt, stabil und griffig, jetzt auch mit GORE-TEX Invisible Fit Membran, um Schutz und Flexibilit\u00e4t unter allen Bedingungen zu garantieren.<\/p>\n<p><strong>Eigenschaften:<\/strong><\/p>\n<ul>\n<li>Seitliche Eins\u00e4tze f\u00fcr erh\u00f6hte Atmungsaktivit\u00e4t<\/li>\n<li>Obermaterial in Slip-on-Konstruktion: umschlie\u00dft den Fu\u00df wie eine Socke, ohne ihn einzuengen oder Druckstellen hervorzurufen<\/li>\n<li>Garantiert Bodenhaftung, Stabilit\u00e4t und Pr\u00e4zision<\/li>\n<li>GORE-TEX Invisible Fit ePE-Membran, PFC-frei<\/li>\n<li>FriXion\u00ae Red Bi-Compound-Sohle mit differenzierten Kontaktfl\u00e4chen sorgt f\u00fcr maximalen Grip auf jedem Terrain<\/li>\n<\/ul>\n<h2>Technologien<\/h2>\n<p>&nbsp;<\/p>\n<p><a class=\"d-flex flex-column align-items-center text-center\"><img loading=\"lazy\" decoding=\"async\" class=\"ls-is-cached lazyloaded\" src=\"https:\/\/www.lasportiva.com\/media\/techinfo_icons\/friction-red.png\" alt=\"La Sportiva\" width=\"75\" height=\"75\" data-src=\"https:\/\/www.lasportiva.com\/media\/techinfo_icons\/friction-red.png\" \/> <\/a><\/p>\n<p><a class=\"d-flex flex-column align-items-center text-center\"><strong>Frixion XT Rot<\/strong> <\/a><\/p>\n<p>Die <strong>FriXion\u00ae-Mischungen von La Sportiva<\/strong> wurden entwickelt, um Lauffl\u00e4chen mit unterschiedlichen Grip- und Strapazierf\u00e4higkeitsparametern zu schaffen, je nach Art der Nutzung und des Gel\u00e4ndes, auf dem die La Sportiva-Schuhe eingesetzt werden.<\/p>\n<p>&nbsp;<\/p>\n<p><a class=\"d-flex flex-column align-items-center text-center\"> <img loading=\"lazy\" decoding=\"async\" class=\"lazyloaded\" src=\"https:\/\/www.lasportiva.com\/media\/techinfo_icons\/o\/r\/ortholitehybridblu_75x75_1.png\" alt=\"La Sportiva\" width=\"75\" height=\"75\" data-src=\"https:\/\/www.lasportiva.com\/media\/techinfo_icons\/o\/r\/ortholitehybridblu_75x75_1.png\" \/> <\/a><\/p>\n<p><a class=\"d-flex flex-column align-items-center text-center\"><strong>Ortholite_Blau<\/strong> <\/a><\/p>\n<p>Die<strong> Modelle der Mountain Running\u00ae-Linie<\/strong> sind mit den exklusiven, umweltfreundlichen La Sportiva by<strong> OrthoLite\u00ae Hybrid-Einlegesohlen ausgestattet,<\/strong> die zu 20 % aus recycelten Materialien aus dem Produktionszyklus hergestellt werden. Diese Einlegesohlen sind sowohl f\u00fcr M\u00e4nner- als auch f\u00fcr Frauenf\u00fc\u00dfe konzipiert und weisen je nach Durchschnittsgewicht des Tr\u00e4gers unterschiedliche Dicken und Materialien auf.<\/p>\n<p>&nbsp;<\/p>\n<p><a class=\"d-flex flex-column align-items-center text-center\"><img loading=\"lazy\" decoding=\"async\" class=\"ls-is-cached lazyloaded\" src=\"https:\/\/www.lasportiva.com\/media\/techinfo_icons\/impact-brake-system.png\" alt=\"La Sportiva\" width=\"75\" height=\"75\" data-src=\"https:\/\/www.lasportiva.com\/media\/techinfo_icons\/impact-brake-system.png\" \/> <\/a><\/p>\n<p><a class=\"d-flex flex-column align-items-center text-center\"><strong>Impact Brake System Berglauf<\/strong> <\/a><\/p>\n<p>I<strong>nnovatives, auf der Sohle angebrachtes System, das den Aufprall d\u00e4mpft, die Traktion unterst\u00fctzt und beim Bremsen h\u00e4lt.<\/strong> Vom Forschungs- und Entwicklungszentrum von La Sportiva konzipiert und entwickelt, bietet es echte Vorteile beim Laufen, da es den negativen Aufprall auf den Boden reduziert. Die besondere Anordnung der Bl\u00f6cke sorgt daf\u00fcr, dass einige von ihnen zuerst mit dem Boden in Ber\u00fchrung kommen und so den Aufprall der Lauffl\u00e4che abmildern.<\/p>\n<p>&nbsp;<\/p>\n<p><a class=\"d-flex flex-column align-items-center text-center\"> <img loading=\"lazy\" decoding=\"async\" class=\"lazyloaded\" src=\"https:\/\/www.lasportiva.com\/media\/techinfo_icons\/r\/e\/resoleme_75x75.png\" alt=\"La Sportiva\" width=\"75\" height=\"75\" data-src=\"https:\/\/www.lasportiva.com\/media\/techinfo_icons\/r\/e\/resoleme_75x75.png\" \/> <\/a><\/p>\n<p><a class=\"d-flex flex-column align-items-center text-center\"><strong>Resole Me<\/strong><\/a><\/div><\/div><\/div>\n","protected":false},"excerpt":{"rendered":"<ul>\n<li>Trail-Schuhe<\/li>\n<li>Ideal f\u00fcr Bergl\u00e4ufe<\/li>\n<li>Aus Gore-Tex, um Sie vor Regen zu sch\u00fctzen.<\/li>\n<\/ul>\n","protected":false},"featured_media":211117,"template":"","meta":{"_acf_changed":false,"inline_featured_image":false},"product_brand":[],"product_cat":[6507,6504],"product_tag":[6248,6218],"class_list":{"0":"post-211129","1":"product","2":"type-product","3":"status-publish","4":"has-post-thumbnail","6":"product_cat-herren-schuhe-de","7":"product_cat-trail","8":"product_tag-la-sportiva-de","9":"product_tag-la-sportiva-herren-de","10":"pa_attivita-outdoor-de","11":"pa_attivita-trail-de","12":"pa_colore-bushido-iii-gtx-black-yellow-de","13":"pa_marca-la-sportiva-de","14":"pa_sesso-herren","15":"pa_size-43-de","16":"pa_size-44-de","18":"first","19":"instock","20":"sale","21":"taxable","22":"shipping-taxable","23":"purchasable","24":"product-type-variable","25":"wvs-archive-product-wrapper"},"acf":[],"yoast_head":"<!-- This site is optimized with the Yoast SEO plugin v26.8 - https:\/\/yoast.com\/product\/yoast-seo-wordpress\/ -->\n<title>La sportiva Bushido III Gtx herren - Herren-Trail-Schuhe - MioMioRun<\/title>\n<meta name=\"description\" content=\"Bushido III Gore-Tex f\u00fcr Herren, ein Schuh f\u00fcr die Skyrace-Welt, stabil und griffig, jetzt auch mit GORE-TEX Invisible Fit Membran.\" \/>\n<meta name=\"robots\" content=\"index, follow, max-snippet:-1, max-image-preview:large, max-video-preview:-1\" \/>\n<link rel=\"canonical\" href=\"https:\/\/www.miomiorun.com\/de\/produkt\/bushido-iii-gtx-herren\/\" \/>\n<meta property=\"og:locale\" content=\"de_DE\" \/>\n<meta property=\"og:type\" content=\"article\" \/>\n<meta property=\"og:title\" content=\"La sportiva Bushido III Gtx herren - Herren-Trail-Schuhe - MioMioRun\" \/>\n<meta property=\"og:description\" content=\"Bushido III Gore-Tex f\u00fcr Herren, ein Schuh f\u00fcr die Skyrace-Welt, stabil und griffig, jetzt auch mit GORE-TEX Invisible Fit Membran.\" \/>\n<meta property=\"og:url\" content=\"https:\/\/www.miomiorun.com\/de\/produkt\/bushido-iii-gtx-herren\/\" \/>\n<meta property=\"og:site_name\" content=\"MioMioRun\" \/>\n<meta property=\"article:publisher\" content=\"https:\/\/www.facebook.com\/miomiorun\/\" \/>\n<meta property=\"article:modified_time\" content=\"2026-05-08T20:15:25+00:00\" \/>\n<meta property=\"og:image\" content=\"https:\/\/www.miomiorun.com\/app\/uploads\/2024\/10\/la-sportiva-Bushido-III-GTX-black-yellow-56X999100.webp\" \/>\n\t<meta property=\"og:image:width\" content=\"600\" \/>\n\t<meta property=\"og:image:height\" content=\"600\" \/>\n\t<meta property=\"og:image:type\" content=\"image\/webp\" \/>\n<meta name=\"twitter:card\" content=\"summary_large_image\" \/>\n<meta name=\"twitter:label1\" content=\"Est. reading time\" \/>\n\t<meta name=\"twitter:data1\" content=\"2 minutes\" \/>\n<script type=\"application\/ld+json\" class=\"yoast-schema-graph\">{\"@context\":\"https:\/\/schema.org\",\"@graph\":[{\"@type\":\"WebPage\",\"@id\":\"https:\/\/www.miomiorun.com\/de\/produkt\/bushido-iii-gtx-herren\/\",\"url\":\"https:\/\/www.miomiorun.com\/de\/produkt\/bushido-iii-gtx-herren\/\",\"name\":\"La sportiva Bushido III Gtx herren - Herren-Trail-Schuhe - MioMioRun\",\"isPartOf\":{\"@id\":\"https:\/\/www.miomiorun.com\/de\/#website\"},\"primaryImageOfPage\":{\"@id\":\"https:\/\/www.miomiorun.com\/de\/produkt\/bushido-iii-gtx-herren\/#primaryimage\"},\"image\":{\"@id\":\"https:\/\/www.miomiorun.com\/de\/produkt\/bushido-iii-gtx-herren\/#primaryimage\"},\"thumbnailUrl\":\"https:\/\/www.miomiorun.com\/app\/uploads\/2024\/10\/la-sportiva-Bushido-III-GTX-black-yellow-56X999100.webp\",\"datePublished\":\"2024-10-15T14:59:29+00:00\",\"dateModified\":\"2026-05-08T20:15:25+00:00\",\"description\":\"Bushido III Gore-Tex f\u00fcr Herren, ein Schuh f\u00fcr die Skyrace-Welt, stabil und griffig, jetzt auch mit GORE-TEX Invisible Fit Membran.\",\"breadcrumb\":{\"@id\":\"https:\/\/www.miomiorun.com\/de\/produkt\/bushido-iii-gtx-herren\/#breadcrumb\"},\"inLanguage\":\"de-DE\",\"potentialAction\":[{\"@type\":\"ReadAction\",\"target\":[\"https:\/\/www.miomiorun.com\/de\/produkt\/bushido-iii-gtx-herren\/\"]}]},{\"@type\":\"ImageObject\",\"inLanguage\":\"de-DE\",\"@id\":\"https:\/\/www.miomiorun.com\/de\/produkt\/bushido-iii-gtx-herren\/#primaryimage\",\"url\":\"https:\/\/www.miomiorun.com\/app\/uploads\/2024\/10\/la-sportiva-Bushido-III-GTX-black-yellow-56X999100.webp\",\"contentUrl\":\"https:\/\/www.miomiorun.com\/app\/uploads\/2024\/10\/la-sportiva-Bushido-III-GTX-black-yellow-56X999100.webp\",\"width\":600,\"height\":600,\"caption\":\"la sportiva Bushido III GTX black yellow 56X999100\"},{\"@type\":\"BreadcrumbList\",\"@id\":\"https:\/\/www.miomiorun.com\/de\/produkt\/bushido-iii-gtx-herren\/#breadcrumb\",\"itemListElement\":[{\"@type\":\"ListItem\",\"position\":1,\"name\":\"Home\",\"item\":\"https:\/\/www.miomiorun.com\/de\/\"},{\"@type\":\"ListItem\",\"position\":2,\"name\":\"Shop\",\"item\":\"https:\/\/www.miomiorun.com\/shop\/\"},{\"@type\":\"ListItem\",\"position\":3,\"name\":\"Bushido III Gtx herren\"}]},{\"@type\":\"WebSite\",\"@id\":\"https:\/\/www.miomiorun.com\/de\/#website\",\"url\":\"https:\/\/www.miomiorun.com\/de\/\",\"name\":\"MioMioRun\",\"description\":\"100% Lauf- und Trailshop\",\"publisher\":{\"@id\":\"https:\/\/www.miomiorun.com\/de\/#organization\"},\"potentialAction\":[{\"@type\":\"SearchAction\",\"target\":{\"@type\":\"EntryPoint\",\"urlTemplate\":\"https:\/\/www.miomiorun.com\/de\/?s={search_term_string}\"},\"query-input\":{\"@type\":\"PropertyValueSpecification\",\"valueRequired\":true,\"valueName\":\"search_term_string\"}}],\"inLanguage\":\"de-DE\"},{\"@type\":\"Organization\",\"@id\":\"https:\/\/www.miomiorun.com\/de\/#organization\",\"name\":\"MioMio Run\",\"url\":\"https:\/\/www.miomiorun.com\/de\/\",\"logo\":{\"@type\":\"ImageObject\",\"inLanguage\":\"de-DE\",\"@id\":\"https:\/\/www.miomiorun.com\/de\/#\/schema\/logo\/image\/\",\"url\":\"https:\/\/www.miomiorun.com\/app\/uploads\/2019\/12\/logomio.png\",\"contentUrl\":\"https:\/\/www.miomiorun.com\/app\/uploads\/2019\/12\/logomio.png\",\"width\":115,\"height\":82,\"caption\":\"MioMio Run\"},\"image\":{\"@id\":\"https:\/\/www.miomiorun.com\/de\/#\/schema\/logo\/image\/\"},\"sameAs\":[\"https:\/\/www.facebook.com\/miomiorun\/\",\"https:\/\/www.instagram.com\/miomiorun\/\"]}]}<\/script>\n<!-- \/ Yoast SEO plugin. -->","yoast_head_json":{"title":"La sportiva Bushido III Gtx herren - Herren-Trail-Schuhe - MioMioRun","description":"Bushido III Gore-Tex f\u00fcr Herren, ein Schuh f\u00fcr die Skyrace-Welt, stabil und griffig, jetzt auch mit GORE-TEX Invisible Fit Membran.","robots":{"index":"index","follow":"follow","max-snippet":"max-snippet:-1","max-image-preview":"max-image-preview:large","max-video-preview":"max-video-preview:-1"},"canonical":"https:\/\/www.miomiorun.com\/de\/produkt\/bushido-iii-gtx-herren\/","og_locale":"de_DE","og_type":"article","og_title":"La sportiva Bushido III Gtx herren - Herren-Trail-Schuhe - MioMioRun","og_description":"Bushido III Gore-Tex f\u00fcr Herren, ein Schuh f\u00fcr die Skyrace-Welt, stabil und griffig, jetzt auch mit GORE-TEX Invisible Fit Membran.","og_url":"https:\/\/www.miomiorun.com\/de\/produkt\/bushido-iii-gtx-herren\/","og_site_name":"MioMioRun","article_publisher":"https:\/\/www.facebook.com\/miomiorun\/","article_modified_time":"2026-05-08T20:15:25+00:00","og_image":[{"width":600,"height":600,"url":"https:\/\/www.miomiorun.com\/app\/uploads\/2024\/10\/la-sportiva-Bushido-III-GTX-black-yellow-56X999100.webp","type":"image\/webp"}],"twitter_card":"summary_large_image","twitter_misc":{"Est. reading time":"2 minutes"},"schema":{"@context":"https:\/\/schema.org","@graph":[{"@type":"WebPage","@id":"https:\/\/www.miomiorun.com\/de\/produkt\/bushido-iii-gtx-herren\/","url":"https:\/\/www.miomiorun.com\/de\/produkt\/bushido-iii-gtx-herren\/","name":"La sportiva Bushido III Gtx herren - Herren-Trail-Schuhe - MioMioRun","isPartOf":{"@id":"https:\/\/www.miomiorun.com\/de\/#website"},"primaryImageOfPage":{"@id":"https:\/\/www.miomiorun.com\/de\/produkt\/bushido-iii-gtx-herren\/#primaryimage"},"image":{"@id":"https:\/\/www.miomiorun.com\/de\/produkt\/bushido-iii-gtx-herren\/#primaryimage"},"thumbnailUrl":"https:\/\/www.miomiorun.com\/app\/uploads\/2024\/10\/la-sportiva-Bushido-III-GTX-black-yellow-56X999100.webp","datePublished":"2024-10-15T14:59:29+00:00","dateModified":"2026-05-08T20:15:25+00:00","description":"Bushido III Gore-Tex f\u00fcr Herren, ein Schuh f\u00fcr die Skyrace-Welt, stabil und griffig, jetzt auch mit GORE-TEX Invisible Fit Membran.","breadcrumb":{"@id":"https:\/\/www.miomiorun.com\/de\/produkt\/bushido-iii-gtx-herren\/#breadcrumb"},"inLanguage":"de-DE","potentialAction":[{"@type":"ReadAction","target":["https:\/\/www.miomiorun.com\/de\/produkt\/bushido-iii-gtx-herren\/"]}]},{"@type":"ImageObject","inLanguage":"de-DE","@id":"https:\/\/www.miomiorun.com\/de\/produkt\/bushido-iii-gtx-herren\/#primaryimage","url":"https:\/\/www.miomiorun.com\/app\/uploads\/2024\/10\/la-sportiva-Bushido-III-GTX-black-yellow-56X999100.webp","contentUrl":"https:\/\/www.miomiorun.com\/app\/uploads\/2024\/10\/la-sportiva-Bushido-III-GTX-black-yellow-56X999100.webp","width":600,"height":600,"caption":"la sportiva Bushido III GTX black yellow 56X999100"},{"@type":"BreadcrumbList","@id":"https:\/\/www.miomiorun.com\/de\/produkt\/bushido-iii-gtx-herren\/#breadcrumb","itemListElement":[{"@type":"ListItem","position":1,"name":"Home","item":"https:\/\/www.miomiorun.com\/de\/"},{"@type":"ListItem","position":2,"name":"Shop","item":"https:\/\/www.miomiorun.com\/shop\/"},{"@type":"ListItem","position":3,"name":"Bushido III Gtx herren"}]},{"@type":"WebSite","@id":"https:\/\/www.miomiorun.com\/de\/#website","url":"https:\/\/www.miomiorun.com\/de\/","name":"MioMioRun","description":"100% Lauf- und Trailshop","publisher":{"@id":"https:\/\/www.miomiorun.com\/de\/#organization"},"potentialAction":[{"@type":"SearchAction","target":{"@type":"EntryPoint","urlTemplate":"https:\/\/www.miomiorun.com\/de\/?s={search_term_string}"},"query-input":{"@type":"PropertyValueSpecification","valueRequired":true,"valueName":"search_term_string"}}],"inLanguage":"de-DE"},{"@type":"Organization","@id":"https:\/\/www.miomiorun.com\/de\/#organization","name":"MioMio Run","url":"https:\/\/www.miomiorun.com\/de\/","logo":{"@type":"ImageObject","inLanguage":"de-DE","@id":"https:\/\/www.miomiorun.com\/de\/#\/schema\/logo\/image\/","url":"https:\/\/www.miomiorun.com\/app\/uploads\/2019\/12\/logomio.png","contentUrl":"https:\/\/www.miomiorun.com\/app\/uploads\/2019\/12\/logomio.png","width":115,"height":82,"caption":"MioMio Run"},"image":{"@id":"https:\/\/www.miomiorun.com\/de\/#\/schema\/logo\/image\/"},"sameAs":["https:\/\/www.facebook.com\/miomiorun\/","https:\/\/www.instagram.com\/miomiorun\/"]}]}},"_links":{"self":[{"href":"https:\/\/www.miomiorun.com\/de\/wp-json\/wp\/v2\/product\/211129","targetHints":{"allow":["GET"]}}],"collection":[{"href":"https:\/\/www.miomiorun.com\/de\/wp-json\/wp\/v2\/product"}],"about":[{"href":"https:\/\/www.miomiorun.com\/de\/wp-json\/wp\/v2\/types\/product"}],"wp:featuredmedia":[{"embeddable":true,"href":"https:\/\/www.miomiorun.com\/de\/wp-json\/wp\/v2\/media\/211117"}],"wp:attachment":[{"href":"https:\/\/www.miomiorun.com\/de\/wp-json\/wp\/v2\/media?parent=211129"}],"wp:term":[{"taxonomy":"product_brand","embeddable":true,"href":"https:\/\/www.miomiorun.com\/de\/wp-json\/wp\/v2\/product_brand?post=211129"},{"taxonomy":"product_cat","embeddable":true,"href":"https:\/\/www.miomiorun.com\/de\/wp-json\/wp\/v2\/product_cat?post=211129"},{"taxonomy":"product_tag","embeddable":true,"href":"https:\/\/www.miomiorun.com\/de\/wp-json\/wp\/v2\/product_tag?post=211129"}],"curies":[{"name":"wp","href":"https:\/\/api.w.org\/{rel}","templated":true}]}}