{"id":211000,"date":"2024-10-15T14:50:22","date_gmt":"2024-10-15T12:50:22","guid":{"rendered":"https:\/\/miomiorun.com\/?post_type=product&#038;p=211000"},"modified":"2024-10-31T15:19:23","modified_gmt":"2024-10-31T14:19:23","slug":"sprint-free-t-shirt-damen-copia-copia-copia-2","status":"publish","type":"product","link":"https:\/\/www.miomiorun.com\/de\/produkt\/sprint-free-t-shirt-damen-copia-copia-copia-2\/","title":{"rendered":"Z.N.E. Tee damen"},"content":{"rendered":"<h2 class=\"subtitle___9ljbp\">Weiches T-Shirt mit ultraviolettem Schutz.<\/h2>\n<p class=\"gl-vspace\">Mit diesem vielseitigen adidas <strong>Z.N.E. Tee<\/strong> f\u00fcr Frauen kannst du auf der Trib\u00fcne feiern oder durch die Stadt schlendern. Die matte Gummidruck-Grafik ist von den Linien der Spielfelder inspiriert. Das Baumwollgewebe bietet ein k\u00fchles Gef\u00fchl auf der Haut. Dank des speziellen Designs mit UV-Schutz (UPF) k\u00f6nnen Sie hei\u00dfe Tage sicher \u00fcberstehen.<\/p>\n<h3>Eigenschaften:<\/h3>\n<ul class=\"gl-list\">\n<li class=\"gl-vspace-bpall-small\">Normale Passform<\/li>\n<li class=\"gl-vspace-bpall-small\">Rundhalsausschnitt<\/li>\n<li class=\"gl-vspace-bpall-small\">100% Baumwolle<\/li>\n<li class=\"gl-vspace-bpall-small\">Cool-Touch-Gewebe<\/li>\n<li class=\"gl-vspace-bpall-small\">Ultravioletter Schutz (UPF)<\/li>\n<li class=\"gl-vspace-bpall-small\">Dieses Produkt enth\u00e4lt mindestens 70% recyceltes Material<\/li>\n<\/ul>\n<h4 class=\"care-title___2YJe1 gl-no-margin-bottom\">Hinweise zum Waschen<\/h4>\n<ul class=\"\">\n<li class=\"gl-vspace-bpall-small\"><img loading=\"lazy\" decoding=\"async\" src=\"https:\/\/www.adidas.it\/glass\/react\/050cc48\/assets\/img\/washing-instructions\/B1.svg\" alt=\"\" width=\"24\" height=\"24\" \/> Nicht bleichen<\/li>\n<li class=\"gl-vspace-bpall-small\"><img loading=\"lazy\" decoding=\"async\" src=\"https:\/\/www.adidas.it\/glass\/react\/050cc48\/assets\/img\/washing-instructions\/C2.svg\" alt=\"\" width=\"24\" height=\"24\" \/> W\u00e4schetrockner bei niedriger Temperatur verwenden<\/li>\n<li class=\"gl-vspace-bpall-small\"><img loading=\"lazy\" decoding=\"async\" src=\"https:\/\/www.adidas.it\/glass\/react\/050cc48\/assets\/img\/washing-instructions\/E1.svg\" alt=\"\" width=\"24\" height=\"24\" \/> Nicht chemisch reinigen<\/li>\n<li class=\"gl-vspace-bpall-small\"><img loading=\"lazy\" decoding=\"async\" src=\"https:\/\/www.adidas.it\/glass\/react\/050cc48\/assets\/img\/washing-instructions\/D2.svg\" alt=\"\" width=\"24\" height=\"24\" \/> Schonend kalt b\u00fcgeln<\/li>\n<li class=\"gl-vspace-bpall-small\"><img loading=\"lazy\" decoding=\"async\" src=\"https:\/\/www.adidas.it\/glass\/react\/050cc48\/assets\/img\/washing-instructions\/A4.svg\" alt=\"\" width=\"24\" height=\"24\" \/> Maschinenw\u00e4sche mit Schonwaschgang und kaltem Wasser<\/li>\n<\/ul>\n<p>&nbsp;<\/p>\n","protected":false},"excerpt":{"rendered":"<ul>\n<li>Adidas-T-Shirt, ideal f\u00fcr das Tragen zu jeder Zeit.<\/li>\n<li>Sch\u00fctzt vor UV-Strahlen.<\/li>\n<\/ul>\n","protected":false},"featured_media":211997,"template":"","meta":{"_acf_changed":false,"inline_featured_image":false},"product_brand":[],"product_cat":[6401,6489],"product_tag":[3403,6309],"class_list":{"0":"post-211000","1":"product","2":"type-product","3":"status-publish","4":"has-post-thumbnail","6":"product_cat-damenbekleidung","7":"product_cat-dament-shirt-de","8":"product_tag-adidas-de","9":"product_tag-adidas-damen-de","10":"pa_attivita-lifestyle-de","11":"pa_colore-w-z-n-e-tee-white-de","12":"pa_colore-w-z-n-e-tee-wonqua-de","13":"pa_marca-adidas-de","14":"pa_sesso-damen","15":"pa_size-extra-small-de","16":"pa_size-small-de","17":"pa_size-medium-de","19":"first","20":"instock","21":"sale","22":"taxable","23":"shipping-taxable","24":"purchasable","25":"product-type-variable","26":"wvs-archive-product-wrapper"},"acf":[],"yoast_head":"<!-- This site is optimized with the Yoast SEO plugin v26.8 - https:\/\/yoast.com\/product\/yoast-seo-wordpress\/ -->\n<title>Brooks Z.N.E. Tee damen - l\u00e4uft T-Shirt- MioMioRun<\/title>\n<meta name=\"description\" content=\"Laufen Sie in v\u00f6lliger Freiheit mit diesem atmungsaktiven Trikot. Das kurz\u00e4rmelige Sprint Free f\u00fcr Frauen ist unser leichtestes T-Shirt.\" \/>\n<meta name=\"robots\" content=\"index, follow, max-snippet:-1, max-image-preview:large, max-video-preview:-1\" \/>\n<link rel=\"canonical\" href=\"https:\/\/www.miomiorun.com\/de\/produkt\/sprint-free-t-shirt-damen-copia-copia-copia-2\/\" \/>\n<meta property=\"og:locale\" content=\"de_DE\" \/>\n<meta property=\"og:type\" content=\"article\" \/>\n<meta property=\"og:title\" content=\"Brooks Z.N.E. Tee damen - l\u00e4uft T-Shirt- MioMioRun\" \/>\n<meta property=\"og:description\" content=\"Laufen Sie in v\u00f6lliger Freiheit mit diesem atmungsaktiven Trikot. Das kurz\u00e4rmelige Sprint Free f\u00fcr Frauen ist unser leichtestes T-Shirt.\" \/>\n<meta property=\"og:url\" content=\"https:\/\/www.miomiorun.com\/de\/produkt\/sprint-free-t-shirt-damen-copia-copia-copia-2\/\" \/>\n<meta property=\"og:site_name\" content=\"MioMioRun\" \/>\n<meta property=\"article:publisher\" content=\"https:\/\/www.facebook.com\/miomiorun\/\" \/>\n<meta property=\"article:modified_time\" content=\"2024-10-31T14:19:23+00:00\" \/>\n<meta property=\"og:image\" content=\"https:\/\/www.miomiorun.com\/app\/uploads\/2024\/10\/adidas-W-Z.N.E.-TEE-wonqua-JF4781.webp\" \/>\n\t<meta property=\"og:image:width\" content=\"600\" \/>\n\t<meta property=\"og:image:height\" content=\"600\" \/>\n\t<meta property=\"og:image:type\" content=\"image\/webp\" \/>\n<meta name=\"twitter:card\" content=\"summary_large_image\" \/>\n<meta name=\"twitter:label1\" content=\"Est. reading time\" \/>\n\t<meta name=\"twitter:data1\" content=\"2 minutes\" \/>\n<script type=\"application\/ld+json\" class=\"yoast-schema-graph\">{\"@context\":\"https:\/\/schema.org\",\"@graph\":[{\"@type\":\"WebPage\",\"@id\":\"https:\/\/www.miomiorun.com\/de\/produkt\/sprint-free-t-shirt-damen-copia-copia-copia-2\/\",\"url\":\"https:\/\/www.miomiorun.com\/de\/produkt\/sprint-free-t-shirt-damen-copia-copia-copia-2\/\",\"name\":\"Brooks Z.N.E. Tee damen - l\u00e4uft T-Shirt- MioMioRun\",\"isPartOf\":{\"@id\":\"https:\/\/www.miomiorun.com\/de\/#website\"},\"primaryImageOfPage\":{\"@id\":\"https:\/\/www.miomiorun.com\/de\/produkt\/sprint-free-t-shirt-damen-copia-copia-copia-2\/#primaryimage\"},\"image\":{\"@id\":\"https:\/\/www.miomiorun.com\/de\/produkt\/sprint-free-t-shirt-damen-copia-copia-copia-2\/#primaryimage\"},\"thumbnailUrl\":\"https:\/\/www.miomiorun.com\/app\/uploads\/2024\/10\/adidas-W-Z.N.E.-TEE-wonqua-JF4781.webp\",\"datePublished\":\"2024-10-15T12:50:22+00:00\",\"dateModified\":\"2024-10-31T14:19:23+00:00\",\"description\":\"Laufen Sie in v\u00f6lliger Freiheit mit diesem atmungsaktiven Trikot. Das kurz\u00e4rmelige Sprint Free f\u00fcr Frauen ist unser leichtestes T-Shirt.\",\"breadcrumb\":{\"@id\":\"https:\/\/www.miomiorun.com\/de\/produkt\/sprint-free-t-shirt-damen-copia-copia-copia-2\/#breadcrumb\"},\"inLanguage\":\"de-DE\",\"potentialAction\":[{\"@type\":\"ReadAction\",\"target\":[\"https:\/\/www.miomiorun.com\/de\/produkt\/sprint-free-t-shirt-damen-copia-copia-copia-2\/\"]}]},{\"@type\":\"ImageObject\",\"inLanguage\":\"de-DE\",\"@id\":\"https:\/\/www.miomiorun.com\/de\/produkt\/sprint-free-t-shirt-damen-copia-copia-copia-2\/#primaryimage\",\"url\":\"https:\/\/www.miomiorun.com\/app\/uploads\/2024\/10\/adidas-W-Z.N.E.-TEE-wonqua-JF4781.webp\",\"contentUrl\":\"https:\/\/www.miomiorun.com\/app\/uploads\/2024\/10\/adidas-W-Z.N.E.-TEE-wonqua-JF4781.webp\",\"width\":600,\"height\":600,\"caption\":\"adidas W Z.N.E. TEE wonqua JF4781\"},{\"@type\":\"BreadcrumbList\",\"@id\":\"https:\/\/www.miomiorun.com\/de\/produkt\/sprint-free-t-shirt-damen-copia-copia-copia-2\/#breadcrumb\",\"itemListElement\":[{\"@type\":\"ListItem\",\"position\":1,\"name\":\"Home\",\"item\":\"https:\/\/www.miomiorun.com\/de\/\"},{\"@type\":\"ListItem\",\"position\":2,\"name\":\"Shop\",\"item\":\"https:\/\/www.miomiorun.com\/shop\/\"},{\"@type\":\"ListItem\",\"position\":3,\"name\":\"Z.N.E. Tee damen\"}]},{\"@type\":\"WebSite\",\"@id\":\"https:\/\/www.miomiorun.com\/de\/#website\",\"url\":\"https:\/\/www.miomiorun.com\/de\/\",\"name\":\"MioMioRun\",\"description\":\"100% Lauf- und Trailshop\",\"publisher\":{\"@id\":\"https:\/\/www.miomiorun.com\/de\/#organization\"},\"potentialAction\":[{\"@type\":\"SearchAction\",\"target\":{\"@type\":\"EntryPoint\",\"urlTemplate\":\"https:\/\/www.miomiorun.com\/de\/?s={search_term_string}\"},\"query-input\":{\"@type\":\"PropertyValueSpecification\",\"valueRequired\":true,\"valueName\":\"search_term_string\"}}],\"inLanguage\":\"de-DE\"},{\"@type\":\"Organization\",\"@id\":\"https:\/\/www.miomiorun.com\/de\/#organization\",\"name\":\"MioMio Run\",\"url\":\"https:\/\/www.miomiorun.com\/de\/\",\"logo\":{\"@type\":\"ImageObject\",\"inLanguage\":\"de-DE\",\"@id\":\"https:\/\/www.miomiorun.com\/de\/#\/schema\/logo\/image\/\",\"url\":\"https:\/\/www.miomiorun.com\/app\/uploads\/2019\/12\/logomio.png\",\"contentUrl\":\"https:\/\/www.miomiorun.com\/app\/uploads\/2019\/12\/logomio.png\",\"width\":115,\"height\":82,\"caption\":\"MioMio Run\"},\"image\":{\"@id\":\"https:\/\/www.miomiorun.com\/de\/#\/schema\/logo\/image\/\"},\"sameAs\":[\"https:\/\/www.facebook.com\/miomiorun\/\",\"https:\/\/www.instagram.com\/miomiorun\/\"]}]}<\/script>\n<!-- \/ Yoast SEO plugin. -->","yoast_head_json":{"title":"Brooks Z.N.E. Tee damen - l\u00e4uft T-Shirt- MioMioRun","description":"Laufen Sie in v\u00f6lliger Freiheit mit diesem atmungsaktiven Trikot. Das kurz\u00e4rmelige Sprint Free f\u00fcr Frauen ist unser leichtestes T-Shirt.","robots":{"index":"index","follow":"follow","max-snippet":"max-snippet:-1","max-image-preview":"max-image-preview:large","max-video-preview":"max-video-preview:-1"},"canonical":"https:\/\/www.miomiorun.com\/de\/produkt\/sprint-free-t-shirt-damen-copia-copia-copia-2\/","og_locale":"de_DE","og_type":"article","og_title":"Brooks Z.N.E. Tee damen - l\u00e4uft T-Shirt- MioMioRun","og_description":"Laufen Sie in v\u00f6lliger Freiheit mit diesem atmungsaktiven Trikot. Das kurz\u00e4rmelige Sprint Free f\u00fcr Frauen ist unser leichtestes T-Shirt.","og_url":"https:\/\/www.miomiorun.com\/de\/produkt\/sprint-free-t-shirt-damen-copia-copia-copia-2\/","og_site_name":"MioMioRun","article_publisher":"https:\/\/www.facebook.com\/miomiorun\/","article_modified_time":"2024-10-31T14:19:23+00:00","og_image":[{"width":600,"height":600,"url":"https:\/\/www.miomiorun.com\/app\/uploads\/2024\/10\/adidas-W-Z.N.E.-TEE-wonqua-JF4781.webp","type":"image\/webp"}],"twitter_card":"summary_large_image","twitter_misc":{"Est. reading time":"2 minutes"},"schema":{"@context":"https:\/\/schema.org","@graph":[{"@type":"WebPage","@id":"https:\/\/www.miomiorun.com\/de\/produkt\/sprint-free-t-shirt-damen-copia-copia-copia-2\/","url":"https:\/\/www.miomiorun.com\/de\/produkt\/sprint-free-t-shirt-damen-copia-copia-copia-2\/","name":"Brooks Z.N.E. Tee damen - l\u00e4uft T-Shirt- MioMioRun","isPartOf":{"@id":"https:\/\/www.miomiorun.com\/de\/#website"},"primaryImageOfPage":{"@id":"https:\/\/www.miomiorun.com\/de\/produkt\/sprint-free-t-shirt-damen-copia-copia-copia-2\/#primaryimage"},"image":{"@id":"https:\/\/www.miomiorun.com\/de\/produkt\/sprint-free-t-shirt-damen-copia-copia-copia-2\/#primaryimage"},"thumbnailUrl":"https:\/\/www.miomiorun.com\/app\/uploads\/2024\/10\/adidas-W-Z.N.E.-TEE-wonqua-JF4781.webp","datePublished":"2024-10-15T12:50:22+00:00","dateModified":"2024-10-31T14:19:23+00:00","description":"Laufen Sie in v\u00f6lliger Freiheit mit diesem atmungsaktiven Trikot. Das kurz\u00e4rmelige Sprint Free f\u00fcr Frauen ist unser leichtestes T-Shirt.","breadcrumb":{"@id":"https:\/\/www.miomiorun.com\/de\/produkt\/sprint-free-t-shirt-damen-copia-copia-copia-2\/#breadcrumb"},"inLanguage":"de-DE","potentialAction":[{"@type":"ReadAction","target":["https:\/\/www.miomiorun.com\/de\/produkt\/sprint-free-t-shirt-damen-copia-copia-copia-2\/"]}]},{"@type":"ImageObject","inLanguage":"de-DE","@id":"https:\/\/www.miomiorun.com\/de\/produkt\/sprint-free-t-shirt-damen-copia-copia-copia-2\/#primaryimage","url":"https:\/\/www.miomiorun.com\/app\/uploads\/2024\/10\/adidas-W-Z.N.E.-TEE-wonqua-JF4781.webp","contentUrl":"https:\/\/www.miomiorun.com\/app\/uploads\/2024\/10\/adidas-W-Z.N.E.-TEE-wonqua-JF4781.webp","width":600,"height":600,"caption":"adidas W Z.N.E. TEE wonqua JF4781"},{"@type":"BreadcrumbList","@id":"https:\/\/www.miomiorun.com\/de\/produkt\/sprint-free-t-shirt-damen-copia-copia-copia-2\/#breadcrumb","itemListElement":[{"@type":"ListItem","position":1,"name":"Home","item":"https:\/\/www.miomiorun.com\/de\/"},{"@type":"ListItem","position":2,"name":"Shop","item":"https:\/\/www.miomiorun.com\/shop\/"},{"@type":"ListItem","position":3,"name":"Z.N.E. Tee damen"}]},{"@type":"WebSite","@id":"https:\/\/www.miomiorun.com\/de\/#website","url":"https:\/\/www.miomiorun.com\/de\/","name":"MioMioRun","description":"100% Lauf- und Trailshop","publisher":{"@id":"https:\/\/www.miomiorun.com\/de\/#organization"},"potentialAction":[{"@type":"SearchAction","target":{"@type":"EntryPoint","urlTemplate":"https:\/\/www.miomiorun.com\/de\/?s={search_term_string}"},"query-input":{"@type":"PropertyValueSpecification","valueRequired":true,"valueName":"search_term_string"}}],"inLanguage":"de-DE"},{"@type":"Organization","@id":"https:\/\/www.miomiorun.com\/de\/#organization","name":"MioMio Run","url":"https:\/\/www.miomiorun.com\/de\/","logo":{"@type":"ImageObject","inLanguage":"de-DE","@id":"https:\/\/www.miomiorun.com\/de\/#\/schema\/logo\/image\/","url":"https:\/\/www.miomiorun.com\/app\/uploads\/2019\/12\/logomio.png","contentUrl":"https:\/\/www.miomiorun.com\/app\/uploads\/2019\/12\/logomio.png","width":115,"height":82,"caption":"MioMio Run"},"image":{"@id":"https:\/\/www.miomiorun.com\/de\/#\/schema\/logo\/image\/"},"sameAs":["https:\/\/www.facebook.com\/miomiorun\/","https:\/\/www.instagram.com\/miomiorun\/"]}]}},"_links":{"self":[{"href":"https:\/\/www.miomiorun.com\/de\/wp-json\/wp\/v2\/product\/211000","targetHints":{"allow":["GET"]}}],"collection":[{"href":"https:\/\/www.miomiorun.com\/de\/wp-json\/wp\/v2\/product"}],"about":[{"href":"https:\/\/www.miomiorun.com\/de\/wp-json\/wp\/v2\/types\/product"}],"wp:featuredmedia":[{"embeddable":true,"href":"https:\/\/www.miomiorun.com\/de\/wp-json\/wp\/v2\/media\/211997"}],"wp:attachment":[{"href":"https:\/\/www.miomiorun.com\/de\/wp-json\/wp\/v2\/media?parent=211000"}],"wp:term":[{"taxonomy":"product_brand","embeddable":true,"href":"https:\/\/www.miomiorun.com\/de\/wp-json\/wp\/v2\/product_brand?post=211000"},{"taxonomy":"product_cat","embeddable":true,"href":"https:\/\/www.miomiorun.com\/de\/wp-json\/wp\/v2\/product_cat?post=211000"},{"taxonomy":"product_tag","embeddable":true,"href":"https:\/\/www.miomiorun.com\/de\/wp-json\/wp\/v2\/product_tag?post=211000"}],"curies":[{"name":"wp","href":"https:\/\/api.w.org\/{rel}","templated":true}]}}