{"id":210949,"date":"2024-10-15T14:20:18","date_gmt":"2024-10-15T12:20:18","guid":{"rendered":"https:\/\/miomiorun.com\/?post_type=product&#038;p=210949"},"modified":"2026-05-08T22:15:33","modified_gmt":"2026-05-08T20:15:33","slug":"own-the-run-3-stripes-2in1-herren","status":"publish","type":"product","link":"https:\/\/www.miomiorun.com\/de\/produkt\/own-the-run-3-stripes-2in1-herren\/","title":{"rendered":"Own The Run 3 Stripes 2in1 herren"},"content":{"rendered":"<div class=\"m-contentContainer__copy\">\n<h2>Genie\u00dfe die Freude am Laufen mit der Own the Run 3-Stripes 2-in-1 Men&#8217;s Short<\/h2>\n<p>Ein kultiges Kleidungsst\u00fcck, das Sie \u00fcber Ihre Grenzen hinaus bringt. Die Own the Run-Kollektion feiert verschiedene L\u00e4ufertypen, indem sie die perfekte Unterst\u00fctzung bietet, um ihr Lauferlebnis bei jedem Schritt zu verbessern.<\/p>\n<p>Sie sind aus leichtem Material gefertigt und verf\u00fcgen \u00fcber einen elastischen Bund, der dir den Komfort bietet, den du brauchst, um deinen t\u00e4glichen Lauf mit Selbstvertrauen und Entschlossenheit zu absolvieren. Reflektierende Details auf dem weichen Stoff machen Sie auch bei schlechten Lichtverh\u00e4ltnissen sichtbar, w\u00e4hrend die AEROREADY-Technologie daf\u00fcr sorgt, dass Sie trocken bleiben. Die kultigen 3-Streifen auf dem leuchtenden Hintergrund sorgen f\u00fcr einen Hauch von zeitlosem Stil.<\/p>\n<p>Dieses Produkt enth\u00e4lt mindestens 60 % recycelte Materialien und ist nur eine der konkreten Ma\u00dfnahmen von Adidas zur Bek\u00e4mpfung der Plastikverschmutzung.<\/p>\n<h3>Eigenschaften:<\/h3>\n<div class=\"m-contentContainer__copy -column\">\n<ul class=\"m-contentContainer__copyElement\">\n<li>AEROREADY: F\u00dcHLEN SIE SICH KOMFORTABEL Entwickelt, um den K\u00f6rperschwei\u00df zu managen, sorgt Adidas aeroready daf\u00fcr, dass Sie sich l\u00e4nger wohl f\u00fchlen.<\/li>\n<li>REGULAR: Entwickelt f\u00fcr eine Standard-Passform, nicht zu eng oder zu locker.<\/li>\n<li>STRAP: Kordelzug zur Anpassung<\/li>\n<li>MATERIAL: 100% REC.PES<\/li>\n<\/ul>\n<h4 class=\"care-title___2YJe1 gl-no-margin-bottom\">Waschanleitung<\/h4>\n<ul class=\"\">\n<li class=\"gl-vspace-bpall-small\"><img loading=\"lazy\" decoding=\"async\" src=\"https:\/\/www.adidas.it\/glass\/react\/050cc48\/assets\/img\/washing-instructions\/B1.svg\" alt=\"\" width=\"24\" height=\"24\" \/> Nicht bleichen<\/li>\n<li class=\"gl-vspace-bpall-small\"><img loading=\"lazy\" decoding=\"async\" src=\"https:\/\/www.adidas.it\/glass\/react\/050cc48\/assets\/img\/washing-instructions\/C1.svg\" alt=\"\" width=\"24\" height=\"24\" \/> Nicht im W\u00e4schetrockner trocknen<\/li>\n<li class=\"gl-vspace-bpall-small\"><img loading=\"lazy\" decoding=\"async\" src=\"https:\/\/www.adidas.it\/glass\/react\/050cc48\/assets\/img\/washing-instructions\/E1.svg\" alt=\"\" width=\"24\" height=\"24\" \/> Nicht chemisch reinigen<\/li>\n<li class=\"gl-vspace-bpall-small\"><img loading=\"lazy\" decoding=\"async\" src=\"https:\/\/www.adidas.it\/glass\/react\/050cc48\/assets\/img\/washing-instructions\/D1.svg\" alt=\"\" width=\"24\" height=\"24\" \/> Nicht b\u00fcgeln<\/li>\n<li class=\"gl-vspace-bpall-small\"><img loading=\"lazy\" decoding=\"async\" src=\"https:\/\/www.adidas.it\/glass\/react\/050cc48\/assets\/img\/washing-instructions\/A3.svg\" alt=\"\" width=\"24\" height=\"24\" \/> Maschinenw\u00e4sche mit kaltem Wasser<\/li>\n<\/ul>\n<\/div>\n<\/div>\n<p>&nbsp;<\/p>\n<p>&nbsp;<\/p>\n","protected":false},"excerpt":{"rendered":"<ul>\n<li>Laufshorts mit reflektierenden Details, um bei Nacht sichtbar zu sein.<\/li>\n<li>Semi-adh\u00e4rente Passform.<\/li>\n<\/ul>\n","protected":false},"featured_media":211976,"template":"","meta":{"_acf_changed":false,"inline_featured_image":false},"product_brand":[],"product_cat":[6515,6540,6510],"product_tag":[3403,6307],"class_list":{"0":"post-210949","1":"product","2":"type-product","3":"status-publish","4":"has-post-thumbnail","6":"product_cat-herren-de","7":"product_cat-herrenbekleidung","8":"product_cat-shorts","9":"product_tag-adidas-de","10":"product_tag-adidas-herren-de","11":"pa_attivita-gehen","12":"pa_attivita-running-de","13":"pa_colore-otr-e-3s-2in1-s-de","14":"pa_marca-adidas-de","15":"pa_sesso-herren","16":"pa_size-extra-small-de","17":"pa_size-large-de","19":"first","20":"instock","21":"sale","22":"taxable","23":"shipping-taxable","24":"purchasable","25":"product-type-variable","26":"wvs-archive-product-wrapper"},"acf":[],"yoast_head":"<!-- This site is optimized with the Yoast SEO plugin v26.8 - https:\/\/yoast.com\/product\/yoast-seo-wordpress\/ -->\n<title>Adidas Own The Run 3 Stripes 2in1 herren - Laufshorts - MioMioRun<\/title>\n<meta name=\"description\" content=\"Die Own the Run 3-Stripes 2-in-1-Shorts f\u00fcr M\u00e4nner sind ein kultiges Kleidungsst\u00fcck, das dich \u00fcber deine Grenzen hinausbringt.\" \/>\n<meta name=\"robots\" content=\"index, follow, max-snippet:-1, max-image-preview:large, max-video-preview:-1\" \/>\n<link rel=\"canonical\" href=\"https:\/\/www.miomiorun.com\/de\/produkt\/own-the-run-3-stripes-2in1-herren\/\" \/>\n<meta property=\"og:locale\" content=\"de_DE\" \/>\n<meta property=\"og:type\" content=\"article\" \/>\n<meta property=\"og:title\" content=\"Adidas Own The Run 3 Stripes 2in1 herren - Laufshorts - MioMioRun\" \/>\n<meta property=\"og:description\" content=\"Die Own the Run 3-Stripes 2-in-1-Shorts f\u00fcr M\u00e4nner sind ein kultiges Kleidungsst\u00fcck, das dich \u00fcber deine Grenzen hinausbringt.\" \/>\n<meta property=\"og:url\" content=\"https:\/\/www.miomiorun.com\/de\/produkt\/own-the-run-3-stripes-2in1-herren\/\" \/>\n<meta property=\"og:site_name\" content=\"MioMioRun\" \/>\n<meta property=\"article:publisher\" content=\"https:\/\/www.facebook.com\/miomiorun\/\" \/>\n<meta property=\"article:modified_time\" content=\"2026-05-08T20:15:33+00:00\" \/>\n<meta property=\"og:image\" content=\"https:\/\/www.miomiorun.com\/app\/uploads\/2024\/10\/adidas-OTR-E-3S-2in1-S-IN1445.webp\" \/>\n\t<meta property=\"og:image:width\" content=\"600\" \/>\n\t<meta property=\"og:image:height\" content=\"600\" \/>\n\t<meta property=\"og:image:type\" content=\"image\/webp\" \/>\n<meta name=\"twitter:card\" content=\"summary_large_image\" \/>\n<meta name=\"twitter:label1\" content=\"Est. reading time\" \/>\n\t<meta name=\"twitter:data1\" content=\"1 minute\" \/>\n<script type=\"application\/ld+json\" class=\"yoast-schema-graph\">{\"@context\":\"https:\/\/schema.org\",\"@graph\":[{\"@type\":\"WebPage\",\"@id\":\"https:\/\/www.miomiorun.com\/de\/produkt\/own-the-run-3-stripes-2in1-herren\/\",\"url\":\"https:\/\/www.miomiorun.com\/de\/produkt\/own-the-run-3-stripes-2in1-herren\/\",\"name\":\"Adidas Own The Run 3 Stripes 2in1 herren - Laufshorts - MioMioRun\",\"isPartOf\":{\"@id\":\"https:\/\/www.miomiorun.com\/de\/#website\"},\"primaryImageOfPage\":{\"@id\":\"https:\/\/www.miomiorun.com\/de\/produkt\/own-the-run-3-stripes-2in1-herren\/#primaryimage\"},\"image\":{\"@id\":\"https:\/\/www.miomiorun.com\/de\/produkt\/own-the-run-3-stripes-2in1-herren\/#primaryimage\"},\"thumbnailUrl\":\"https:\/\/www.miomiorun.com\/app\/uploads\/2024\/10\/adidas-OTR-E-3S-2in1-S-IN1445.webp\",\"datePublished\":\"2024-10-15T12:20:18+00:00\",\"dateModified\":\"2026-05-08T20:15:33+00:00\",\"description\":\"Die Own the Run 3-Stripes 2-in-1-Shorts f\u00fcr M\u00e4nner sind ein kultiges Kleidungsst\u00fcck, das dich \u00fcber deine Grenzen hinausbringt.\",\"breadcrumb\":{\"@id\":\"https:\/\/www.miomiorun.com\/de\/produkt\/own-the-run-3-stripes-2in1-herren\/#breadcrumb\"},\"inLanguage\":\"de-DE\",\"potentialAction\":[{\"@type\":\"ReadAction\",\"target\":[\"https:\/\/www.miomiorun.com\/de\/produkt\/own-the-run-3-stripes-2in1-herren\/\"]}]},{\"@type\":\"ImageObject\",\"inLanguage\":\"de-DE\",\"@id\":\"https:\/\/www.miomiorun.com\/de\/produkt\/own-the-run-3-stripes-2in1-herren\/#primaryimage\",\"url\":\"https:\/\/www.miomiorun.com\/app\/uploads\/2024\/10\/adidas-OTR-E-3S-2in1-S-IN1445.webp\",\"contentUrl\":\"https:\/\/www.miomiorun.com\/app\/uploads\/2024\/10\/adidas-OTR-E-3S-2in1-S-IN1445.webp\",\"width\":600,\"height\":600,\"caption\":\"adidas OTR E 3S 2in1 S IN1445\"},{\"@type\":\"BreadcrumbList\",\"@id\":\"https:\/\/www.miomiorun.com\/de\/produkt\/own-the-run-3-stripes-2in1-herren\/#breadcrumb\",\"itemListElement\":[{\"@type\":\"ListItem\",\"position\":1,\"name\":\"Home\",\"item\":\"https:\/\/www.miomiorun.com\/de\/\"},{\"@type\":\"ListItem\",\"position\":2,\"name\":\"Shop\",\"item\":\"https:\/\/www.miomiorun.com\/shop\/\"},{\"@type\":\"ListItem\",\"position\":3,\"name\":\"Own The Run 3 Stripes 2in1 herren\"}]},{\"@type\":\"WebSite\",\"@id\":\"https:\/\/www.miomiorun.com\/de\/#website\",\"url\":\"https:\/\/www.miomiorun.com\/de\/\",\"name\":\"MioMioRun\",\"description\":\"100% Lauf- und Trailshop\",\"publisher\":{\"@id\":\"https:\/\/www.miomiorun.com\/de\/#organization\"},\"potentialAction\":[{\"@type\":\"SearchAction\",\"target\":{\"@type\":\"EntryPoint\",\"urlTemplate\":\"https:\/\/www.miomiorun.com\/de\/?s={search_term_string}\"},\"query-input\":{\"@type\":\"PropertyValueSpecification\",\"valueRequired\":true,\"valueName\":\"search_term_string\"}}],\"inLanguage\":\"de-DE\"},{\"@type\":\"Organization\",\"@id\":\"https:\/\/www.miomiorun.com\/de\/#organization\",\"name\":\"MioMio Run\",\"url\":\"https:\/\/www.miomiorun.com\/de\/\",\"logo\":{\"@type\":\"ImageObject\",\"inLanguage\":\"de-DE\",\"@id\":\"https:\/\/www.miomiorun.com\/de\/#\/schema\/logo\/image\/\",\"url\":\"https:\/\/www.miomiorun.com\/app\/uploads\/2019\/12\/logomio.png\",\"contentUrl\":\"https:\/\/www.miomiorun.com\/app\/uploads\/2019\/12\/logomio.png\",\"width\":115,\"height\":82,\"caption\":\"MioMio Run\"},\"image\":{\"@id\":\"https:\/\/www.miomiorun.com\/de\/#\/schema\/logo\/image\/\"},\"sameAs\":[\"https:\/\/www.facebook.com\/miomiorun\/\",\"https:\/\/www.instagram.com\/miomiorun\/\"]}]}<\/script>\n<!-- \/ Yoast SEO plugin. -->","yoast_head_json":{"title":"Adidas Own The Run 3 Stripes 2in1 herren - Laufshorts - MioMioRun","description":"Die Own the Run 3-Stripes 2-in-1-Shorts f\u00fcr M\u00e4nner sind ein kultiges Kleidungsst\u00fcck, das dich \u00fcber deine Grenzen hinausbringt.","robots":{"index":"index","follow":"follow","max-snippet":"max-snippet:-1","max-image-preview":"max-image-preview:large","max-video-preview":"max-video-preview:-1"},"canonical":"https:\/\/www.miomiorun.com\/de\/produkt\/own-the-run-3-stripes-2in1-herren\/","og_locale":"de_DE","og_type":"article","og_title":"Adidas Own The Run 3 Stripes 2in1 herren - Laufshorts - MioMioRun","og_description":"Die Own the Run 3-Stripes 2-in-1-Shorts f\u00fcr M\u00e4nner sind ein kultiges Kleidungsst\u00fcck, das dich \u00fcber deine Grenzen hinausbringt.","og_url":"https:\/\/www.miomiorun.com\/de\/produkt\/own-the-run-3-stripes-2in1-herren\/","og_site_name":"MioMioRun","article_publisher":"https:\/\/www.facebook.com\/miomiorun\/","article_modified_time":"2026-05-08T20:15:33+00:00","og_image":[{"width":600,"height":600,"url":"https:\/\/www.miomiorun.com\/app\/uploads\/2024\/10\/adidas-OTR-E-3S-2in1-S-IN1445.webp","type":"image\/webp"}],"twitter_card":"summary_large_image","twitter_misc":{"Est. reading time":"1 minute"},"schema":{"@context":"https:\/\/schema.org","@graph":[{"@type":"WebPage","@id":"https:\/\/www.miomiorun.com\/de\/produkt\/own-the-run-3-stripes-2in1-herren\/","url":"https:\/\/www.miomiorun.com\/de\/produkt\/own-the-run-3-stripes-2in1-herren\/","name":"Adidas Own The Run 3 Stripes 2in1 herren - Laufshorts - MioMioRun","isPartOf":{"@id":"https:\/\/www.miomiorun.com\/de\/#website"},"primaryImageOfPage":{"@id":"https:\/\/www.miomiorun.com\/de\/produkt\/own-the-run-3-stripes-2in1-herren\/#primaryimage"},"image":{"@id":"https:\/\/www.miomiorun.com\/de\/produkt\/own-the-run-3-stripes-2in1-herren\/#primaryimage"},"thumbnailUrl":"https:\/\/www.miomiorun.com\/app\/uploads\/2024\/10\/adidas-OTR-E-3S-2in1-S-IN1445.webp","datePublished":"2024-10-15T12:20:18+00:00","dateModified":"2026-05-08T20:15:33+00:00","description":"Die Own the Run 3-Stripes 2-in-1-Shorts f\u00fcr M\u00e4nner sind ein kultiges Kleidungsst\u00fcck, das dich \u00fcber deine Grenzen hinausbringt.","breadcrumb":{"@id":"https:\/\/www.miomiorun.com\/de\/produkt\/own-the-run-3-stripes-2in1-herren\/#breadcrumb"},"inLanguage":"de-DE","potentialAction":[{"@type":"ReadAction","target":["https:\/\/www.miomiorun.com\/de\/produkt\/own-the-run-3-stripes-2in1-herren\/"]}]},{"@type":"ImageObject","inLanguage":"de-DE","@id":"https:\/\/www.miomiorun.com\/de\/produkt\/own-the-run-3-stripes-2in1-herren\/#primaryimage","url":"https:\/\/www.miomiorun.com\/app\/uploads\/2024\/10\/adidas-OTR-E-3S-2in1-S-IN1445.webp","contentUrl":"https:\/\/www.miomiorun.com\/app\/uploads\/2024\/10\/adidas-OTR-E-3S-2in1-S-IN1445.webp","width":600,"height":600,"caption":"adidas OTR E 3S 2in1 S IN1445"},{"@type":"BreadcrumbList","@id":"https:\/\/www.miomiorun.com\/de\/produkt\/own-the-run-3-stripes-2in1-herren\/#breadcrumb","itemListElement":[{"@type":"ListItem","position":1,"name":"Home","item":"https:\/\/www.miomiorun.com\/de\/"},{"@type":"ListItem","position":2,"name":"Shop","item":"https:\/\/www.miomiorun.com\/shop\/"},{"@type":"ListItem","position":3,"name":"Own The Run 3 Stripes 2in1 herren"}]},{"@type":"WebSite","@id":"https:\/\/www.miomiorun.com\/de\/#website","url":"https:\/\/www.miomiorun.com\/de\/","name":"MioMioRun","description":"100% Lauf- und Trailshop","publisher":{"@id":"https:\/\/www.miomiorun.com\/de\/#organization"},"potentialAction":[{"@type":"SearchAction","target":{"@type":"EntryPoint","urlTemplate":"https:\/\/www.miomiorun.com\/de\/?s={search_term_string}"},"query-input":{"@type":"PropertyValueSpecification","valueRequired":true,"valueName":"search_term_string"}}],"inLanguage":"de-DE"},{"@type":"Organization","@id":"https:\/\/www.miomiorun.com\/de\/#organization","name":"MioMio Run","url":"https:\/\/www.miomiorun.com\/de\/","logo":{"@type":"ImageObject","inLanguage":"de-DE","@id":"https:\/\/www.miomiorun.com\/de\/#\/schema\/logo\/image\/","url":"https:\/\/www.miomiorun.com\/app\/uploads\/2019\/12\/logomio.png","contentUrl":"https:\/\/www.miomiorun.com\/app\/uploads\/2019\/12\/logomio.png","width":115,"height":82,"caption":"MioMio Run"},"image":{"@id":"https:\/\/www.miomiorun.com\/de\/#\/schema\/logo\/image\/"},"sameAs":["https:\/\/www.facebook.com\/miomiorun\/","https:\/\/www.instagram.com\/miomiorun\/"]}]}},"_links":{"self":[{"href":"https:\/\/www.miomiorun.com\/de\/wp-json\/wp\/v2\/product\/210949","targetHints":{"allow":["GET"]}}],"collection":[{"href":"https:\/\/www.miomiorun.com\/de\/wp-json\/wp\/v2\/product"}],"about":[{"href":"https:\/\/www.miomiorun.com\/de\/wp-json\/wp\/v2\/types\/product"}],"wp:featuredmedia":[{"embeddable":true,"href":"https:\/\/www.miomiorun.com\/de\/wp-json\/wp\/v2\/media\/211976"}],"wp:attachment":[{"href":"https:\/\/www.miomiorun.com\/de\/wp-json\/wp\/v2\/media?parent=210949"}],"wp:term":[{"taxonomy":"product_brand","embeddable":true,"href":"https:\/\/www.miomiorun.com\/de\/wp-json\/wp\/v2\/product_brand?post=210949"},{"taxonomy":"product_cat","embeddable":true,"href":"https:\/\/www.miomiorun.com\/de\/wp-json\/wp\/v2\/product_cat?post=210949"},{"taxonomy":"product_tag","embeddable":true,"href":"https:\/\/www.miomiorun.com\/de\/wp-json\/wp\/v2\/product_tag?post=210949"}],"curies":[{"name":"wp","href":"https:\/\/api.w.org\/{rel}","templated":true}]}}