{"id":210935,"date":"2024-10-15T13:52:18","date_gmt":"2024-10-15T11:52:18","guid":{"rendered":"https:\/\/miomiorun.com\/?post_type=product&#038;p=210935"},"modified":"2024-11-12T14:57:17","modified_gmt":"2024-11-12T13:57:17","slug":"t-shirt-own-the-run-damen","status":"publish","type":"product","link":"https:\/\/www.miomiorun.com\/de\/produkt\/t-shirt-own-the-run-damen\/","title":{"rendered":"T-shirt Own the Run damen"},"content":{"rendered":"<p>Das <strong>Own the<\/strong> Run T-Shirt in der Damenversion ist ein adidas Lauf-T-Shirt, das dich vom ersten bis zum letzten Sprint k\u00fchl h\u00e4lt. Die AEROREADY Technologie leitet Feuchtigkeit ab, die reflektierenden Details machen dich beim Laufen am fr\u00fchen Morgen oder in der Nacht sichtbar.<\/p>\n<p>Dieses Produkt enth\u00e4lt mindestens 70% recycelte Materialien.<\/p>\n<h3>Eigenschaften:<\/h3>\n<ul>\n<li>AEROREADY: F\u00dcHLEN SIE SICH KOMFORTABEL Entwickelt, um K\u00f6rperschwei\u00df zu verwalten, Adidas aeroready macht Sie f\u00fchlen sich wohl f\u00fcr l\u00e4nger.<\/li>\n<li>MADE IN PART FROM RECYCLED MATERIALS: Zum Teil aus recycelten Materialien hergestellt.<\/li>\n<li>REGULAR: Entwickelt, um eine Standardpassform zu haben, weder zu eng noch zu weit.<\/li>\n<li>QUICK DRY: Schnell trocknendes Material, das dich trocken und komfortabel h\u00e4lt.<\/li>\n<li>CREW: Band im Nacken mit Performance Running Branding.<\/li>\n<\/ul>\n","protected":false},"excerpt":{"rendered":"<ul>\n<li>Lauf-T-Shirt, das Ihre Haut trocken h\u00e4lt.<\/li>\n<li>Perfekt f\u00fcr den t\u00e4glichen Gebrauch.<\/li>\n<\/ul>\n","protected":false},"featured_media":211966,"template":"","meta":{"_acf_changed":false,"inline_featured_image":false},"product_brand":[],"product_cat":[6400,6401,6489],"product_tag":[3403,6309],"class_list":{"0":"post-210935","1":"product","2":"type-product","3":"status-publish","4":"has-post-thumbnail","6":"product_cat-damen","7":"product_cat-damenbekleidung","8":"product_cat-dament-shirt-de","9":"product_tag-adidas-de","10":"product_tag-adidas-damen-de","11":"pa_attivita-fitness-de","12":"pa_attivita-gehen","13":"pa_attivita-running-de","14":"pa_colore-otr-b-tee-de","15":"pa_marca-adidas-de","16":"pa_sesso-damen","17":"pa_size-extra-small-de","18":"pa_size-small-de","19":"pa_size-medium-de","20":"pa_size-large-de","22":"first","23":"outofstock","24":"taxable","25":"shipping-taxable","26":"product-type-variable","27":"wvs-archive-product-wrapper"},"acf":[],"yoast_head":"<!-- This site is optimized with the Yoast SEO plugin v26.8 - https:\/\/yoast.com\/product\/yoast-seo-wordpress\/ -->\n<title>Adidas T-shirt Own the Run damen - l\u00e4uft T-Shirt- MioMioRun<\/title>\n<meta name=\"description\" content=\"Das Own the Run T-Shirt in der Damenversion ist ein adidas Lauf-T-Shirt, das dich vom ersten bis zum letzten Sprint k\u00fchl h\u00e4lt.\" \/>\n<meta name=\"robots\" content=\"index, follow, max-snippet:-1, max-image-preview:large, max-video-preview:-1\" \/>\n<link rel=\"canonical\" href=\"https:\/\/www.miomiorun.com\/de\/produkt\/t-shirt-own-the-run-damen\/\" \/>\n<meta property=\"og:locale\" content=\"de_DE\" \/>\n<meta property=\"og:type\" content=\"article\" \/>\n<meta property=\"og:title\" content=\"Adidas T-shirt Own the Run damen - l\u00e4uft T-Shirt- MioMioRun\" \/>\n<meta property=\"og:description\" content=\"Das Own the Run T-Shirt in der Damenversion ist ein adidas Lauf-T-Shirt, das dich vom ersten bis zum letzten Sprint k\u00fchl h\u00e4lt.\" \/>\n<meta property=\"og:url\" content=\"https:\/\/www.miomiorun.com\/de\/produkt\/t-shirt-own-the-run-damen\/\" \/>\n<meta property=\"og:site_name\" content=\"MioMioRun\" \/>\n<meta property=\"article:publisher\" content=\"https:\/\/www.facebook.com\/miomiorun\/\" \/>\n<meta property=\"article:modified_time\" content=\"2024-11-12T13:57:17+00:00\" \/>\n<meta property=\"og:image\" content=\"https:\/\/www.miomiorun.com\/app\/uploads\/2024\/10\/adidas-OTR-B-tee-IV5493.webp\" \/>\n\t<meta property=\"og:image:width\" content=\"600\" \/>\n\t<meta property=\"og:image:height\" content=\"600\" \/>\n\t<meta property=\"og:image:type\" content=\"image\/webp\" \/>\n<meta name=\"twitter:card\" content=\"summary_large_image\" \/>\n<meta name=\"twitter:label1\" content=\"Est. reading time\" \/>\n\t<meta name=\"twitter:data1\" content=\"2 minutes\" \/>\n<script type=\"application\/ld+json\" class=\"yoast-schema-graph\">{\"@context\":\"https:\/\/schema.org\",\"@graph\":[{\"@type\":\"WebPage\",\"@id\":\"https:\/\/www.miomiorun.com\/de\/produkt\/t-shirt-own-the-run-damen\/\",\"url\":\"https:\/\/www.miomiorun.com\/de\/produkt\/t-shirt-own-the-run-damen\/\",\"name\":\"Adidas T-shirt Own the Run damen - l\u00e4uft T-Shirt- MioMioRun\",\"isPartOf\":{\"@id\":\"https:\/\/www.miomiorun.com\/de\/#website\"},\"primaryImageOfPage\":{\"@id\":\"https:\/\/www.miomiorun.com\/de\/produkt\/t-shirt-own-the-run-damen\/#primaryimage\"},\"image\":{\"@id\":\"https:\/\/www.miomiorun.com\/de\/produkt\/t-shirt-own-the-run-damen\/#primaryimage\"},\"thumbnailUrl\":\"https:\/\/www.miomiorun.com\/app\/uploads\/2024\/10\/adidas-OTR-B-tee-IV5493.webp\",\"datePublished\":\"2024-10-15T11:52:18+00:00\",\"dateModified\":\"2024-11-12T13:57:17+00:00\",\"description\":\"Das Own the Run T-Shirt in der Damenversion ist ein adidas Lauf-T-Shirt, das dich vom ersten bis zum letzten Sprint k\u00fchl h\u00e4lt.\",\"breadcrumb\":{\"@id\":\"https:\/\/www.miomiorun.com\/de\/produkt\/t-shirt-own-the-run-damen\/#breadcrumb\"},\"inLanguage\":\"de-DE\",\"potentialAction\":[{\"@type\":\"ReadAction\",\"target\":[\"https:\/\/www.miomiorun.com\/de\/produkt\/t-shirt-own-the-run-damen\/\"]}]},{\"@type\":\"ImageObject\",\"inLanguage\":\"de-DE\",\"@id\":\"https:\/\/www.miomiorun.com\/de\/produkt\/t-shirt-own-the-run-damen\/#primaryimage\",\"url\":\"https:\/\/www.miomiorun.com\/app\/uploads\/2024\/10\/adidas-OTR-B-tee-IV5493.webp\",\"contentUrl\":\"https:\/\/www.miomiorun.com\/app\/uploads\/2024\/10\/adidas-OTR-B-tee-IV5493.webp\",\"width\":600,\"height\":600,\"caption\":\"adidas OTR B tee IV5493\"},{\"@type\":\"BreadcrumbList\",\"@id\":\"https:\/\/www.miomiorun.com\/de\/produkt\/t-shirt-own-the-run-damen\/#breadcrumb\",\"itemListElement\":[{\"@type\":\"ListItem\",\"position\":1,\"name\":\"Home\",\"item\":\"https:\/\/www.miomiorun.com\/de\/\"},{\"@type\":\"ListItem\",\"position\":2,\"name\":\"Shop\",\"item\":\"https:\/\/www.miomiorun.com\/shop\/\"},{\"@type\":\"ListItem\",\"position\":3,\"name\":\"T-shirt Own the Run damen\"}]},{\"@type\":\"WebSite\",\"@id\":\"https:\/\/www.miomiorun.com\/de\/#website\",\"url\":\"https:\/\/www.miomiorun.com\/de\/\",\"name\":\"MioMioRun\",\"description\":\"100% Lauf- und Trailshop\",\"publisher\":{\"@id\":\"https:\/\/www.miomiorun.com\/de\/#organization\"},\"potentialAction\":[{\"@type\":\"SearchAction\",\"target\":{\"@type\":\"EntryPoint\",\"urlTemplate\":\"https:\/\/www.miomiorun.com\/de\/?s={search_term_string}\"},\"query-input\":{\"@type\":\"PropertyValueSpecification\",\"valueRequired\":true,\"valueName\":\"search_term_string\"}}],\"inLanguage\":\"de-DE\"},{\"@type\":\"Organization\",\"@id\":\"https:\/\/www.miomiorun.com\/de\/#organization\",\"name\":\"MioMio Run\",\"url\":\"https:\/\/www.miomiorun.com\/de\/\",\"logo\":{\"@type\":\"ImageObject\",\"inLanguage\":\"de-DE\",\"@id\":\"https:\/\/www.miomiorun.com\/de\/#\/schema\/logo\/image\/\",\"url\":\"https:\/\/www.miomiorun.com\/app\/uploads\/2019\/12\/logomio.png\",\"contentUrl\":\"https:\/\/www.miomiorun.com\/app\/uploads\/2019\/12\/logomio.png\",\"width\":115,\"height\":82,\"caption\":\"MioMio Run\"},\"image\":{\"@id\":\"https:\/\/www.miomiorun.com\/de\/#\/schema\/logo\/image\/\"},\"sameAs\":[\"https:\/\/www.facebook.com\/miomiorun\/\",\"https:\/\/www.instagram.com\/miomiorun\/\"]}]}<\/script>\n<!-- \/ Yoast SEO plugin. -->","yoast_head_json":{"title":"Adidas T-shirt Own the Run damen - l\u00e4uft T-Shirt- MioMioRun","description":"Das Own the Run T-Shirt in der Damenversion ist ein adidas Lauf-T-Shirt, das dich vom ersten bis zum letzten Sprint k\u00fchl h\u00e4lt.","robots":{"index":"index","follow":"follow","max-snippet":"max-snippet:-1","max-image-preview":"max-image-preview:large","max-video-preview":"max-video-preview:-1"},"canonical":"https:\/\/www.miomiorun.com\/de\/produkt\/t-shirt-own-the-run-damen\/","og_locale":"de_DE","og_type":"article","og_title":"Adidas T-shirt Own the Run damen - l\u00e4uft T-Shirt- MioMioRun","og_description":"Das Own the Run T-Shirt in der Damenversion ist ein adidas Lauf-T-Shirt, das dich vom ersten bis zum letzten Sprint k\u00fchl h\u00e4lt.","og_url":"https:\/\/www.miomiorun.com\/de\/produkt\/t-shirt-own-the-run-damen\/","og_site_name":"MioMioRun","article_publisher":"https:\/\/www.facebook.com\/miomiorun\/","article_modified_time":"2024-11-12T13:57:17+00:00","og_image":[{"width":600,"height":600,"url":"https:\/\/www.miomiorun.com\/app\/uploads\/2024\/10\/adidas-OTR-B-tee-IV5493.webp","type":"image\/webp"}],"twitter_card":"summary_large_image","twitter_misc":{"Est. reading time":"2 minutes"},"schema":{"@context":"https:\/\/schema.org","@graph":[{"@type":"WebPage","@id":"https:\/\/www.miomiorun.com\/de\/produkt\/t-shirt-own-the-run-damen\/","url":"https:\/\/www.miomiorun.com\/de\/produkt\/t-shirt-own-the-run-damen\/","name":"Adidas T-shirt Own the Run damen - l\u00e4uft T-Shirt- MioMioRun","isPartOf":{"@id":"https:\/\/www.miomiorun.com\/de\/#website"},"primaryImageOfPage":{"@id":"https:\/\/www.miomiorun.com\/de\/produkt\/t-shirt-own-the-run-damen\/#primaryimage"},"image":{"@id":"https:\/\/www.miomiorun.com\/de\/produkt\/t-shirt-own-the-run-damen\/#primaryimage"},"thumbnailUrl":"https:\/\/www.miomiorun.com\/app\/uploads\/2024\/10\/adidas-OTR-B-tee-IV5493.webp","datePublished":"2024-10-15T11:52:18+00:00","dateModified":"2024-11-12T13:57:17+00:00","description":"Das Own the Run T-Shirt in der Damenversion ist ein adidas Lauf-T-Shirt, das dich vom ersten bis zum letzten Sprint k\u00fchl h\u00e4lt.","breadcrumb":{"@id":"https:\/\/www.miomiorun.com\/de\/produkt\/t-shirt-own-the-run-damen\/#breadcrumb"},"inLanguage":"de-DE","potentialAction":[{"@type":"ReadAction","target":["https:\/\/www.miomiorun.com\/de\/produkt\/t-shirt-own-the-run-damen\/"]}]},{"@type":"ImageObject","inLanguage":"de-DE","@id":"https:\/\/www.miomiorun.com\/de\/produkt\/t-shirt-own-the-run-damen\/#primaryimage","url":"https:\/\/www.miomiorun.com\/app\/uploads\/2024\/10\/adidas-OTR-B-tee-IV5493.webp","contentUrl":"https:\/\/www.miomiorun.com\/app\/uploads\/2024\/10\/adidas-OTR-B-tee-IV5493.webp","width":600,"height":600,"caption":"adidas OTR B tee IV5493"},{"@type":"BreadcrumbList","@id":"https:\/\/www.miomiorun.com\/de\/produkt\/t-shirt-own-the-run-damen\/#breadcrumb","itemListElement":[{"@type":"ListItem","position":1,"name":"Home","item":"https:\/\/www.miomiorun.com\/de\/"},{"@type":"ListItem","position":2,"name":"Shop","item":"https:\/\/www.miomiorun.com\/shop\/"},{"@type":"ListItem","position":3,"name":"T-shirt Own the Run damen"}]},{"@type":"WebSite","@id":"https:\/\/www.miomiorun.com\/de\/#website","url":"https:\/\/www.miomiorun.com\/de\/","name":"MioMioRun","description":"100% Lauf- und Trailshop","publisher":{"@id":"https:\/\/www.miomiorun.com\/de\/#organization"},"potentialAction":[{"@type":"SearchAction","target":{"@type":"EntryPoint","urlTemplate":"https:\/\/www.miomiorun.com\/de\/?s={search_term_string}"},"query-input":{"@type":"PropertyValueSpecification","valueRequired":true,"valueName":"search_term_string"}}],"inLanguage":"de-DE"},{"@type":"Organization","@id":"https:\/\/www.miomiorun.com\/de\/#organization","name":"MioMio Run","url":"https:\/\/www.miomiorun.com\/de\/","logo":{"@type":"ImageObject","inLanguage":"de-DE","@id":"https:\/\/www.miomiorun.com\/de\/#\/schema\/logo\/image\/","url":"https:\/\/www.miomiorun.com\/app\/uploads\/2019\/12\/logomio.png","contentUrl":"https:\/\/www.miomiorun.com\/app\/uploads\/2019\/12\/logomio.png","width":115,"height":82,"caption":"MioMio Run"},"image":{"@id":"https:\/\/www.miomiorun.com\/de\/#\/schema\/logo\/image\/"},"sameAs":["https:\/\/www.facebook.com\/miomiorun\/","https:\/\/www.instagram.com\/miomiorun\/"]}]}},"_links":{"self":[{"href":"https:\/\/www.miomiorun.com\/de\/wp-json\/wp\/v2\/product\/210935","targetHints":{"allow":["GET"]}}],"collection":[{"href":"https:\/\/www.miomiorun.com\/de\/wp-json\/wp\/v2\/product"}],"about":[{"href":"https:\/\/www.miomiorun.com\/de\/wp-json\/wp\/v2\/types\/product"}],"wp:featuredmedia":[{"embeddable":true,"href":"https:\/\/www.miomiorun.com\/de\/wp-json\/wp\/v2\/media\/211966"}],"wp:attachment":[{"href":"https:\/\/www.miomiorun.com\/de\/wp-json\/wp\/v2\/media?parent=210935"}],"wp:term":[{"taxonomy":"product_brand","embeddable":true,"href":"https:\/\/www.miomiorun.com\/de\/wp-json\/wp\/v2\/product_brand?post=210935"},{"taxonomy":"product_cat","embeddable":true,"href":"https:\/\/www.miomiorun.com\/de\/wp-json\/wp\/v2\/product_cat?post=210935"},{"taxonomy":"product_tag","embeddable":true,"href":"https:\/\/www.miomiorun.com\/de\/wp-json\/wp\/v2\/product_tag?post=210935"}],"curies":[{"name":"wp","href":"https:\/\/api.w.org\/{rel}","templated":true}]}}