{"id":210912,"date":"2024-10-15T13:32:15","date_gmt":"2024-10-15T11:32:15","guid":{"rendered":"https:\/\/miomiorun.com\/?post_type=product&#038;p=210912"},"modified":"2026-05-08T22:15:52","modified_gmt":"2026-05-08T20:15:52","slug":"z-n-e-full-zip-hooded-herren","status":"publish","type":"product","link":"https:\/\/www.miomiorun.com\/de\/produkt\/z-n-e-full-zip-hooded-herren\/","title":{"rendered":"Z.N.E Full Zip Hooded herren"},"content":{"rendered":"<div class=\"text-content___13aRm\">\n<h3 class=\"subtitle___9ljbp\">adidas Z.N.E. Jacke in der Herrenversion f\u00fcr alle, die jeden stillen Moment voll auskosten wollen.<\/h3>\n<p class=\"gl-vspace\">Zieh den Rei\u00dfverschluss zu und konzentriere dich auf das Beste mit diesem Sweatshirt von adidas. Die dreilagige Konstruktion aus doppeltem Garn speichert die W\u00e4rme, w\u00e4hrend die Kapuze vollen Schutz bietet, um dich von der Welt um dich herum zu isolieren, wenn du etwas Zeit f\u00fcr dich brauchst.<\/p>\n<h3>Merkmale:<\/h3>\n<ul class=\"gl-list\">\n<li class=\"gl-vspace-bpall-small\">Normale Passform<\/li>\n<li class=\"gl-vspace-bpall-small\">Durchgehender Rei\u00dfverschluss und Kapuze<\/li>\n<li class=\"gl-vspace-bpall-small\">57% Polyester (recycelt) \/ 43% Baumwolle<\/li>\n<li class=\"gl-vspace-bpall-small\">Vordertaschen mit Rei\u00dfverschluss<\/li>\n<li class=\"gl-vspace-bpall-small\">Dreilagiges Gewebe<\/li>\n<\/ul>\n<h2>Technologien:<\/h2>\n<div class=\"_cell_1l2ee_18 _with-content_1l2ee_27\" data-auto-id=\"bs-body\">\n<div class=\"_banner-split_1l2ee_31 _color-theme-white_1l2ee_110\">\n<h2 class=\"_banner-split-title_1l2ee_68 _dynamic-alignment_1l2ee_123\" data-auto-id=\"bs-title\">PRIMEKNIT<\/h2>\n<p class=\"_banner-split-summary_1l2ee_92 _dynamic-alignment_1l2ee_123\" data-auto-id=\"bs-summary\">3-Lagen-Gewebe mit technischer Mesh-Innenseite f\u00fcr Komfort, W\u00e4rme und Leichtigkeit kombiniert mit einem einzigartigen sportlichen Look.<\/p>\n<div class=\"_cell_1l2ee_18 _with-content_1l2ee_27\" data-auto-id=\"bs-body\">\n<div class=\"_banner-split_1l2ee_31 _color-theme-white_1l2ee_110\">\n<h2 class=\"_banner-split-title_1l2ee_68 _dynamic-alignment_1l2ee_123\" data-auto-id=\"bs-title\">SPORTSWEAR-BAND<\/h2>\n<p class=\"_banner-split-summary_1l2ee_92 _dynamic-alignment_1l2ee_123\" data-auto-id=\"bs-summary\">Die grafischen Sportswear-Tape-Streifen sind von den Linien inspiriert, die Spielfelder auf der ganzen Welt markieren und die globale Einheit durch den Sport symbolisieren.<\/p>\n<div class=\"_cell_1l2ee_18 _with-content_1l2ee_27\" data-auto-id=\"bs-body\">\n<div class=\"_banner-split_1l2ee_31 _color-theme-white_1l2ee_110\">\n<h2 class=\"_banner-split-title_1l2ee_68 _dynamic-alignment_1l2ee_123\" data-auto-id=\"bs-title\">PREMIUM-DETAILS<\/h2>\n<p class=\"_banner-split-summary_1l2ee_92 _dynamic-alignment_1l2ee_123\" data-auto-id=\"bs-summary\">Mit den kontrastierenden matten Gummirei\u00dfverschl\u00fcssen, Zugb\u00e4ndern und Kordeln brauchst du nur einen Moment, um deine ADIDAS Z.N.E.-Kleidung anzuziehen, den Rei\u00dfverschluss zu schlie\u00dfen und dich als Teil des Teams zu f\u00fchlen.<\/p>\n<\/div>\n<\/div>\n<\/div>\n<\/div>\n<\/div>\n<\/div>\n<\/div>\n<h4 class=\"care-title___2YJe1 gl-no-margin-bottom\">Waschanleitung<\/h4>\n<ul class=\"\">\n<li class=\"gl-vspace-bpall-small\"><img loading=\"lazy\" decoding=\"async\" src=\"https:\/\/www.adidas.it\/glass\/react\/050cc48\/assets\/img\/washing-instructions\/B1.svg\" alt=\"\" width=\"24\" height=\"24\" \/> Nicht bleichen<\/li>\n<li class=\"gl-vspace-bpall-small\"><img loading=\"lazy\" decoding=\"async\" src=\"https:\/\/www.adidas.it\/glass\/react\/050cc48\/assets\/img\/washing-instructions\/C2.svg\" alt=\"\" width=\"24\" height=\"24\" \/> W\u00e4schetrockner bei niedriger Temperatur verwenden<\/li>\n<li class=\"gl-vspace-bpall-small\"><img loading=\"lazy\" decoding=\"async\" src=\"https:\/\/www.adidas.it\/glass\/react\/050cc48\/assets\/img\/washing-instructions\/E1.svg\" alt=\"\" width=\"24\" height=\"24\" \/> Nicht chemisch reinigen<\/li>\n<li class=\"gl-vspace-bpall-small\"><img loading=\"lazy\" decoding=\"async\" src=\"https:\/\/www.adidas.it\/glass\/react\/050cc48\/assets\/img\/washing-instructions\/D2.svg\" alt=\"\" width=\"24\" height=\"24\" \/> Zartes kaltes B\u00fcgeln<\/li>\n<li class=\"gl-vspace-bpall-small\"><img loading=\"lazy\" decoding=\"async\" src=\"https:\/\/www.adidas.it\/glass\/react\/050cc48\/assets\/img\/washing-instructions\/A4.svg\" alt=\"\" width=\"24\" height=\"24\" \/> Maschinenw\u00e4sche mit Schonwaschgang und kaltem Wasser<\/li>\n<\/ul>\n<div class=\"text-content___13aRm\">\n<div class=\"_cell_1l2ee_18 _with-content_1l2ee_27\" data-auto-id=\"bs-body\">\n<div class=\"_banner-split_1l2ee_31 _color-theme-white_1l2ee_110\">\n<div class=\"_cell_1l2ee_18 _with-content_1l2ee_27\" data-auto-id=\"bs-body\">\n<div class=\"_banner-split_1l2ee_31 _color-theme-white_1l2ee_110\">\n<div class=\"_cell_1l2ee_18 _with-content_1l2ee_27\" data-auto-id=\"bs-body\">\n<div class=\"_banner-split_1l2ee_31 _color-theme-white_1l2ee_110\">\n<p data-auto-id=\"bs-summary\">\n<\/div>\n<\/div>\n<\/div>\n<\/div>\n<\/div>\n<\/div>\n<\/div>\n","protected":false},"excerpt":{"rendered":"<ul>\n<li>Lang\u00e4rmeliges Sweatshirt mit Kapuze.<\/li>\n<li>Ideal zum Tragen bei allen Outdoor-Aktivit\u00e4ten oder tags\u00fcber f\u00fcr einen sportlichen Stil.<\/li>\n<\/ul>\n","protected":false},"featured_media":211960,"template":"","meta":{"_acf_changed":false,"inline_featured_image":false},"product_brand":[],"product_cat":[6540,6541],"product_tag":[3403,6307],"class_list":{"0":"post-210912","1":"product","2":"type-product","3":"status-publish","4":"has-post-thumbnail","6":"product_cat-herrenbekleidung","7":"product_cat-langarmshirt","8":"product_tag-adidas-de","9":"product_tag-adidas-herren-de","10":"pa_attivita-fitness-de","11":"pa_attivita-lifestyle-de","12":"pa_colore-m-z-n-e-fz-aurivy-de","13":"pa_colore-m-z-n-e-fz-grey-de","14":"pa_marca-adidas-de","15":"pa_sesso-herren","16":"pa_size-extra-small-de","17":"pa_size-small-de","18":"pa_size-medium-de","19":"pa_size-large-de","21":"first","22":"instock","23":"sale","24":"taxable","25":"shipping-taxable","26":"purchasable","27":"product-type-variable","28":"wvs-archive-product-wrapper"},"acf":[],"yoast_head":"<!-- This site is optimized with the Yoast SEO plugin v26.8 - https:\/\/yoast.com\/product\/yoast-seo-wordpress\/ -->\n<title>Adidas Z.N.E Full Zip Hooded herren - l\u00e4uft - MioMioRun.com<\/title>\n<meta name=\"description\" content=\"Die adidas Z.N.E. Jacke in der Herrenversion f\u00fcr alle, die jeden Moment der Stille voll auskosten wollen. Mach den Rei\u00dfverschluss zu und konzentriere dich voll und ganz.\" \/>\n<meta name=\"robots\" content=\"index, follow, max-snippet:-1, max-image-preview:large, max-video-preview:-1\" \/>\n<link rel=\"canonical\" href=\"https:\/\/www.miomiorun.com\/de\/produkt\/z-n-e-full-zip-hooded-herren\/\" \/>\n<meta property=\"og:locale\" content=\"de_DE\" \/>\n<meta property=\"og:type\" content=\"article\" \/>\n<meta property=\"og:title\" content=\"Adidas Z.N.E Full Zip Hooded herren - l\u00e4uft - MioMioRun.com\" \/>\n<meta property=\"og:description\" content=\"Die adidas Z.N.E. Jacke in der Herrenversion f\u00fcr alle, die jeden Moment der Stille voll auskosten wollen. Mach den Rei\u00dfverschluss zu und konzentriere dich voll und ganz.\" \/>\n<meta property=\"og:url\" content=\"https:\/\/www.miomiorun.com\/de\/produkt\/z-n-e-full-zip-hooded-herren\/\" \/>\n<meta property=\"og:site_name\" content=\"MioMioRun\" \/>\n<meta property=\"article:publisher\" content=\"https:\/\/www.facebook.com\/miomiorun\/\" \/>\n<meta property=\"article:modified_time\" content=\"2026-05-08T20:15:52+00:00\" \/>\n<meta property=\"og:image\" content=\"https:\/\/www.miomiorun.com\/app\/uploads\/2024\/10\/adidas-M-Z.N.E.-FZ-grey-JF2450.webp\" \/>\n\t<meta property=\"og:image:width\" content=\"600\" \/>\n\t<meta property=\"og:image:height\" content=\"600\" \/>\n\t<meta property=\"og:image:type\" content=\"image\/webp\" \/>\n<meta name=\"twitter:card\" content=\"summary_large_image\" \/>\n<meta name=\"twitter:label1\" content=\"Est. reading time\" \/>\n\t<meta name=\"twitter:data1\" content=\"1 minute\" \/>\n<script type=\"application\/ld+json\" class=\"yoast-schema-graph\">{\"@context\":\"https:\/\/schema.org\",\"@graph\":[{\"@type\":\"WebPage\",\"@id\":\"https:\/\/www.miomiorun.com\/de\/produkt\/z-n-e-full-zip-hooded-herren\/\",\"url\":\"https:\/\/www.miomiorun.com\/de\/produkt\/z-n-e-full-zip-hooded-herren\/\",\"name\":\"Adidas Z.N.E Full Zip Hooded herren - l\u00e4uft - MioMioRun.com\",\"isPartOf\":{\"@id\":\"https:\/\/www.miomiorun.com\/de\/#website\"},\"primaryImageOfPage\":{\"@id\":\"https:\/\/www.miomiorun.com\/de\/produkt\/z-n-e-full-zip-hooded-herren\/#primaryimage\"},\"image\":{\"@id\":\"https:\/\/www.miomiorun.com\/de\/produkt\/z-n-e-full-zip-hooded-herren\/#primaryimage\"},\"thumbnailUrl\":\"https:\/\/www.miomiorun.com\/app\/uploads\/2024\/10\/adidas-M-Z.N.E.-FZ-grey-JF2450.webp\",\"datePublished\":\"2024-10-15T11:32:15+00:00\",\"dateModified\":\"2026-05-08T20:15:52+00:00\",\"description\":\"Die adidas Z.N.E. Jacke in der Herrenversion f\u00fcr alle, die jeden Moment der Stille voll auskosten wollen. Mach den Rei\u00dfverschluss zu und konzentriere dich voll und ganz.\",\"breadcrumb\":{\"@id\":\"https:\/\/www.miomiorun.com\/de\/produkt\/z-n-e-full-zip-hooded-herren\/#breadcrumb\"},\"inLanguage\":\"de-DE\",\"potentialAction\":[{\"@type\":\"ReadAction\",\"target\":[\"https:\/\/www.miomiorun.com\/de\/produkt\/z-n-e-full-zip-hooded-herren\/\"]}]},{\"@type\":\"ImageObject\",\"inLanguage\":\"de-DE\",\"@id\":\"https:\/\/www.miomiorun.com\/de\/produkt\/z-n-e-full-zip-hooded-herren\/#primaryimage\",\"url\":\"https:\/\/www.miomiorun.com\/app\/uploads\/2024\/10\/adidas-M-Z.N.E.-FZ-grey-JF2450.webp\",\"contentUrl\":\"https:\/\/www.miomiorun.com\/app\/uploads\/2024\/10\/adidas-M-Z.N.E.-FZ-grey-JF2450.webp\",\"width\":600,\"height\":600,\"caption\":\"adidas M Z.N.E. FZ grey JF2450\"},{\"@type\":\"BreadcrumbList\",\"@id\":\"https:\/\/www.miomiorun.com\/de\/produkt\/z-n-e-full-zip-hooded-herren\/#breadcrumb\",\"itemListElement\":[{\"@type\":\"ListItem\",\"position\":1,\"name\":\"Home\",\"item\":\"https:\/\/www.miomiorun.com\/de\/home-page\/\"},{\"@type\":\"ListItem\",\"position\":2,\"name\":\"Shop\",\"item\":\"https:\/\/www.miomiorun.com\/shop\/\"},{\"@type\":\"ListItem\",\"position\":3,\"name\":\"Z.N.E Full Zip Hooded herren\"}]},{\"@type\":\"WebSite\",\"@id\":\"https:\/\/www.miomiorun.com\/de\/#website\",\"url\":\"https:\/\/www.miomiorun.com\/de\/\",\"name\":\"MioMioRun\",\"description\":\"100% Lauf- und Trailshop\",\"publisher\":{\"@id\":\"https:\/\/www.miomiorun.com\/de\/#organization\"},\"potentialAction\":[{\"@type\":\"SearchAction\",\"target\":{\"@type\":\"EntryPoint\",\"urlTemplate\":\"https:\/\/www.miomiorun.com\/de\/?s={search_term_string}\"},\"query-input\":{\"@type\":\"PropertyValueSpecification\",\"valueRequired\":true,\"valueName\":\"search_term_string\"}}],\"inLanguage\":\"de-DE\"},{\"@type\":\"Organization\",\"@id\":\"https:\/\/www.miomiorun.com\/de\/#organization\",\"name\":\"MioMio Run\",\"url\":\"https:\/\/www.miomiorun.com\/de\/\",\"logo\":{\"@type\":\"ImageObject\",\"inLanguage\":\"de-DE\",\"@id\":\"https:\/\/www.miomiorun.com\/de\/#\/schema\/logo\/image\/\",\"url\":\"https:\/\/www.miomiorun.com\/app\/uploads\/2019\/12\/logomio.png\",\"contentUrl\":\"https:\/\/www.miomiorun.com\/app\/uploads\/2019\/12\/logomio.png\",\"width\":115,\"height\":82,\"caption\":\"MioMio Run\"},\"image\":{\"@id\":\"https:\/\/www.miomiorun.com\/de\/#\/schema\/logo\/image\/\"},\"sameAs\":[\"https:\/\/www.facebook.com\/miomiorun\/\",\"https:\/\/www.instagram.com\/miomiorun\/\"]}]}<\/script>\n<!-- \/ Yoast SEO plugin. -->","yoast_head_json":{"title":"Adidas Z.N.E Full Zip Hooded herren - l\u00e4uft - MioMioRun.com","description":"Die adidas Z.N.E. Jacke in der Herrenversion f\u00fcr alle, die jeden Moment der Stille voll auskosten wollen. Mach den Rei\u00dfverschluss zu und konzentriere dich voll und ganz.","robots":{"index":"index","follow":"follow","max-snippet":"max-snippet:-1","max-image-preview":"max-image-preview:large","max-video-preview":"max-video-preview:-1"},"canonical":"https:\/\/www.miomiorun.com\/de\/produkt\/z-n-e-full-zip-hooded-herren\/","og_locale":"de_DE","og_type":"article","og_title":"Adidas Z.N.E Full Zip Hooded herren - l\u00e4uft - MioMioRun.com","og_description":"Die adidas Z.N.E. Jacke in der Herrenversion f\u00fcr alle, die jeden Moment der Stille voll auskosten wollen. Mach den Rei\u00dfverschluss zu und konzentriere dich voll und ganz.","og_url":"https:\/\/www.miomiorun.com\/de\/produkt\/z-n-e-full-zip-hooded-herren\/","og_site_name":"MioMioRun","article_publisher":"https:\/\/www.facebook.com\/miomiorun\/","article_modified_time":"2026-05-08T20:15:52+00:00","og_image":[{"width":600,"height":600,"url":"https:\/\/www.miomiorun.com\/app\/uploads\/2024\/10\/adidas-M-Z.N.E.-FZ-grey-JF2450.webp","type":"image\/webp"}],"twitter_card":"summary_large_image","twitter_misc":{"Est. reading time":"1 minute"},"schema":{"@context":"https:\/\/schema.org","@graph":[{"@type":"WebPage","@id":"https:\/\/www.miomiorun.com\/de\/produkt\/z-n-e-full-zip-hooded-herren\/","url":"https:\/\/www.miomiorun.com\/de\/produkt\/z-n-e-full-zip-hooded-herren\/","name":"Adidas Z.N.E Full Zip Hooded herren - l\u00e4uft - MioMioRun.com","isPartOf":{"@id":"https:\/\/www.miomiorun.com\/de\/#website"},"primaryImageOfPage":{"@id":"https:\/\/www.miomiorun.com\/de\/produkt\/z-n-e-full-zip-hooded-herren\/#primaryimage"},"image":{"@id":"https:\/\/www.miomiorun.com\/de\/produkt\/z-n-e-full-zip-hooded-herren\/#primaryimage"},"thumbnailUrl":"https:\/\/www.miomiorun.com\/app\/uploads\/2024\/10\/adidas-M-Z.N.E.-FZ-grey-JF2450.webp","datePublished":"2024-10-15T11:32:15+00:00","dateModified":"2026-05-08T20:15:52+00:00","description":"Die adidas Z.N.E. Jacke in der Herrenversion f\u00fcr alle, die jeden Moment der Stille voll auskosten wollen. Mach den Rei\u00dfverschluss zu und konzentriere dich voll und ganz.","breadcrumb":{"@id":"https:\/\/www.miomiorun.com\/de\/produkt\/z-n-e-full-zip-hooded-herren\/#breadcrumb"},"inLanguage":"de-DE","potentialAction":[{"@type":"ReadAction","target":["https:\/\/www.miomiorun.com\/de\/produkt\/z-n-e-full-zip-hooded-herren\/"]}]},{"@type":"ImageObject","inLanguage":"de-DE","@id":"https:\/\/www.miomiorun.com\/de\/produkt\/z-n-e-full-zip-hooded-herren\/#primaryimage","url":"https:\/\/www.miomiorun.com\/app\/uploads\/2024\/10\/adidas-M-Z.N.E.-FZ-grey-JF2450.webp","contentUrl":"https:\/\/www.miomiorun.com\/app\/uploads\/2024\/10\/adidas-M-Z.N.E.-FZ-grey-JF2450.webp","width":600,"height":600,"caption":"adidas M Z.N.E. FZ grey JF2450"},{"@type":"BreadcrumbList","@id":"https:\/\/www.miomiorun.com\/de\/produkt\/z-n-e-full-zip-hooded-herren\/#breadcrumb","itemListElement":[{"@type":"ListItem","position":1,"name":"Home","item":"https:\/\/www.miomiorun.com\/de\/home-page\/"},{"@type":"ListItem","position":2,"name":"Shop","item":"https:\/\/www.miomiorun.com\/shop\/"},{"@type":"ListItem","position":3,"name":"Z.N.E Full Zip Hooded herren"}]},{"@type":"WebSite","@id":"https:\/\/www.miomiorun.com\/de\/#website","url":"https:\/\/www.miomiorun.com\/de\/","name":"MioMioRun","description":"100% Lauf- und Trailshop","publisher":{"@id":"https:\/\/www.miomiorun.com\/de\/#organization"},"potentialAction":[{"@type":"SearchAction","target":{"@type":"EntryPoint","urlTemplate":"https:\/\/www.miomiorun.com\/de\/?s={search_term_string}"},"query-input":{"@type":"PropertyValueSpecification","valueRequired":true,"valueName":"search_term_string"}}],"inLanguage":"de-DE"},{"@type":"Organization","@id":"https:\/\/www.miomiorun.com\/de\/#organization","name":"MioMio Run","url":"https:\/\/www.miomiorun.com\/de\/","logo":{"@type":"ImageObject","inLanguage":"de-DE","@id":"https:\/\/www.miomiorun.com\/de\/#\/schema\/logo\/image\/","url":"https:\/\/www.miomiorun.com\/app\/uploads\/2019\/12\/logomio.png","contentUrl":"https:\/\/www.miomiorun.com\/app\/uploads\/2019\/12\/logomio.png","width":115,"height":82,"caption":"MioMio Run"},"image":{"@id":"https:\/\/www.miomiorun.com\/de\/#\/schema\/logo\/image\/"},"sameAs":["https:\/\/www.facebook.com\/miomiorun\/","https:\/\/www.instagram.com\/miomiorun\/"]}]}},"_links":{"self":[{"href":"https:\/\/www.miomiorun.com\/de\/wp-json\/wp\/v2\/product\/210912","targetHints":{"allow":["GET"]}}],"collection":[{"href":"https:\/\/www.miomiorun.com\/de\/wp-json\/wp\/v2\/product"}],"about":[{"href":"https:\/\/www.miomiorun.com\/de\/wp-json\/wp\/v2\/types\/product"}],"wp:featuredmedia":[{"embeddable":true,"href":"https:\/\/www.miomiorun.com\/de\/wp-json\/wp\/v2\/media\/211960"}],"wp:attachment":[{"href":"https:\/\/www.miomiorun.com\/de\/wp-json\/wp\/v2\/media?parent=210912"}],"wp:term":[{"taxonomy":"product_brand","embeddable":true,"href":"https:\/\/www.miomiorun.com\/de\/wp-json\/wp\/v2\/product_brand?post=210912"},{"taxonomy":"product_cat","embeddable":true,"href":"https:\/\/www.miomiorun.com\/de\/wp-json\/wp\/v2\/product_cat?post=210912"},{"taxonomy":"product_tag","embeddable":true,"href":"https:\/\/www.miomiorun.com\/de\/wp-json\/wp\/v2\/product_tag?post=210912"}],"curies":[{"name":"wp","href":"https:\/\/api.w.org\/{rel}","templated":true}]}}