{"id":210741,"date":"2024-10-14T16:44:13","date_gmt":"2024-10-14T14:44:13","guid":{"rendered":"https:\/\/miomiorun.com\/?post_type=product&#038;p=210741"},"modified":"2024-11-12T15:03:49","modified_gmt":"2024-11-12T14:03:49","slug":"adv-wool-merino-rn-ls-damen","status":"publish","type":"product","link":"https:\/\/www.miomiorun.com\/de\/produkt\/adv-wool-merino-rn-ls-damen\/","title":{"rendered":"ADV Wool Merino Rn Ls damen"},"content":{"rendered":"<p>Das<strong>ADV Wool Merino RN LS<\/strong> f\u00fcr Damen ist ein hochfunktionelles Baselayer-Shirt aus einer weichen Merinowollmischung, das dich den ganzen Tag \u00fcber trocken und warm h\u00e4lt.<\/p>\n<p>Dieses fortschrittliche Langarmshirt kombiniert weiche Merinowolle mit hochwertigem Polyester und Polyamid und bietet so eine hervorragende Temperaturregulierung, einen effizienten Feuchtigkeitstransport, ausgezeichnete Haltbarkeit und eine optimale Passform. Die perfekte Wahl f\u00fcr niedrige und hohe Trainingsintensit\u00e4t bei kalten Bedingungen.<\/p>\n<h3>Eigenschaften:<\/h3>\n<ul>\n<li>Weiches und funktionelles Gewebe aus Polyester, Merinowolle und Polyamid<\/li>\n<li>Schimmelfreie Merinowolle<\/li>\n<li>Beh\u00e4lt die W\u00e4rme auch bei N\u00e4sse<\/li>\n<li>Von Natur aus geruchsneutral<\/li>\n<li>Normale Passform<\/li>\n<\/ul>\n","protected":false},"excerpt":{"rendered":"<ul>\n<li>Unterw\u00e4sche aus Wollstoff<\/li>\n<li>ideal f\u00fcr den Wintersport<\/li>\n<\/ul>\n","protected":false},"featured_media":210730,"template":"","meta":{"_acf_changed":false,"inline_featured_image":false},"product_brand":[],"product_cat":[6401,6485],"product_tag":[6304,6232],"class_list":{"0":"post-210741","1":"product","2":"type-product","3":"status-publish","4":"has-post-thumbnail","6":"product_cat-damenbekleidung","7":"product_cat-damenwaesche-de","8":"product_tag-craft-de","9":"product_tag-craft-damen-de","10":"pa_attivita-gehen","11":"pa_attivita-outdoor-de","12":"pa_attivita-running-de","13":"pa_attivita-trail-de","14":"pa_colore-adv-wool-merino-rn-ls-w-black-de","15":"pa_marca-craft-de","16":"pa_sesso-damen","17":"pa_size-extra-small-de","18":"pa_size-small-de","19":"pa_size-medium-de","20":"pa_size-large-de","22":"first","23":"instock","24":"sale","25":"taxable","26":"shipping-taxable","27":"purchasable","28":"product-type-variable","29":"wvs-archive-product-wrapper"},"acf":[],"yoast_head":"<!-- This site is optimized with the Yoast SEO plugin v26.8 - https:\/\/yoast.com\/product\/yoast-seo-wordpress\/ -->\n<title>Craft ADV Wool Merino Rn Ls damen - Thermisches Trikot - MioMioRun.com<\/title>\n<meta name=\"description\" content=\"Das ADV Wool Merino RN LS f\u00fcr Damen ist ein hochfunktionelles Baselayer-Shirt aus einer weichen Merinowollmischung, das dich trocken h\u00e4lt\" \/>\n<meta name=\"robots\" content=\"index, follow, max-snippet:-1, max-image-preview:large, max-video-preview:-1\" \/>\n<link rel=\"canonical\" href=\"https:\/\/www.miomiorun.com\/de\/produkt\/adv-wool-merino-rn-ls-damen\/\" \/>\n<meta property=\"og:locale\" content=\"de_DE\" \/>\n<meta property=\"og:type\" content=\"article\" \/>\n<meta property=\"og:title\" content=\"Craft ADV Wool Merino Rn Ls damen - Thermisches Trikot - MioMioRun.com\" \/>\n<meta property=\"og:description\" content=\"Das ADV Wool Merino RN LS f\u00fcr Damen ist ein hochfunktionelles Baselayer-Shirt aus einer weichen Merinowollmischung, das dich trocken h\u00e4lt\" \/>\n<meta property=\"og:url\" content=\"https:\/\/www.miomiorun.com\/de\/produkt\/adv-wool-merino-rn-ls-damen\/\" \/>\n<meta property=\"og:site_name\" content=\"MioMioRun\" \/>\n<meta property=\"article:publisher\" content=\"https:\/\/www.facebook.com\/miomiorun\/\" \/>\n<meta property=\"article:modified_time\" content=\"2024-11-12T14:03:49+00:00\" \/>\n<meta property=\"og:image\" content=\"https:\/\/www.miomiorun.com\/app\/uploads\/2024\/10\/craft-ADV-wool-merino-RN-LS-W-black-1913758-999000.webp\" \/>\n\t<meta property=\"og:image:width\" content=\"600\" \/>\n\t<meta property=\"og:image:height\" content=\"600\" \/>\n\t<meta property=\"og:image:type\" content=\"image\/webp\" \/>\n<meta name=\"twitter:card\" content=\"summary_large_image\" \/>\n<script type=\"application\/ld+json\" class=\"yoast-schema-graph\">{\"@context\":\"https:\/\/schema.org\",\"@graph\":[{\"@type\":\"WebPage\",\"@id\":\"https:\/\/www.miomiorun.com\/de\/produkt\/adv-wool-merino-rn-ls-damen\/\",\"url\":\"https:\/\/www.miomiorun.com\/de\/produkt\/adv-wool-merino-rn-ls-damen\/\",\"name\":\"Craft ADV Wool Merino Rn Ls damen - Thermisches Trikot - MioMioRun.com\",\"isPartOf\":{\"@id\":\"https:\/\/www.miomiorun.com\/de\/#website\"},\"primaryImageOfPage\":{\"@id\":\"https:\/\/www.miomiorun.com\/de\/produkt\/adv-wool-merino-rn-ls-damen\/#primaryimage\"},\"image\":{\"@id\":\"https:\/\/www.miomiorun.com\/de\/produkt\/adv-wool-merino-rn-ls-damen\/#primaryimage\"},\"thumbnailUrl\":\"https:\/\/www.miomiorun.com\/app\/uploads\/2024\/10\/craft-ADV-wool-merino-RN-LS-W-black-1913758-999000.webp\",\"datePublished\":\"2024-10-14T14:44:13+00:00\",\"dateModified\":\"2024-11-12T14:03:49+00:00\",\"description\":\"Das ADV Wool Merino RN LS f\u00fcr Damen ist ein hochfunktionelles Baselayer-Shirt aus einer weichen Merinowollmischung, das dich trocken h\u00e4lt\",\"breadcrumb\":{\"@id\":\"https:\/\/www.miomiorun.com\/de\/produkt\/adv-wool-merino-rn-ls-damen\/#breadcrumb\"},\"inLanguage\":\"de-DE\",\"potentialAction\":[{\"@type\":\"ReadAction\",\"target\":[\"https:\/\/www.miomiorun.com\/de\/produkt\/adv-wool-merino-rn-ls-damen\/\"]}]},{\"@type\":\"ImageObject\",\"inLanguage\":\"de-DE\",\"@id\":\"https:\/\/www.miomiorun.com\/de\/produkt\/adv-wool-merino-rn-ls-damen\/#primaryimage\",\"url\":\"https:\/\/www.miomiorun.com\/app\/uploads\/2024\/10\/craft-ADV-wool-merino-RN-LS-W-black-1913758-999000.webp\",\"contentUrl\":\"https:\/\/www.miomiorun.com\/app\/uploads\/2024\/10\/craft-ADV-wool-merino-RN-LS-W-black-1913758-999000.webp\",\"width\":600,\"height\":600,\"caption\":\"craft ADV wool merino RN LS W black 1913758-999000\"},{\"@type\":\"BreadcrumbList\",\"@id\":\"https:\/\/www.miomiorun.com\/de\/produkt\/adv-wool-merino-rn-ls-damen\/#breadcrumb\",\"itemListElement\":[{\"@type\":\"ListItem\",\"position\":1,\"name\":\"Home\",\"item\":\"https:\/\/www.miomiorun.com\/de\/\"},{\"@type\":\"ListItem\",\"position\":2,\"name\":\"Shop\",\"item\":\"https:\/\/www.miomiorun.com\/shop\/\"},{\"@type\":\"ListItem\",\"position\":3,\"name\":\"ADV Wool Merino Rn Ls damen\"}]},{\"@type\":\"WebSite\",\"@id\":\"https:\/\/www.miomiorun.com\/de\/#website\",\"url\":\"https:\/\/www.miomiorun.com\/de\/\",\"name\":\"MioMioRun\",\"description\":\"100% Lauf- und Trailshop\",\"publisher\":{\"@id\":\"https:\/\/www.miomiorun.com\/de\/#organization\"},\"potentialAction\":[{\"@type\":\"SearchAction\",\"target\":{\"@type\":\"EntryPoint\",\"urlTemplate\":\"https:\/\/www.miomiorun.com\/de\/?s={search_term_string}\"},\"query-input\":{\"@type\":\"PropertyValueSpecification\",\"valueRequired\":true,\"valueName\":\"search_term_string\"}}],\"inLanguage\":\"de-DE\"},{\"@type\":\"Organization\",\"@id\":\"https:\/\/www.miomiorun.com\/de\/#organization\",\"name\":\"MioMio Run\",\"url\":\"https:\/\/www.miomiorun.com\/de\/\",\"logo\":{\"@type\":\"ImageObject\",\"inLanguage\":\"de-DE\",\"@id\":\"https:\/\/www.miomiorun.com\/de\/#\/schema\/logo\/image\/\",\"url\":\"https:\/\/www.miomiorun.com\/app\/uploads\/2019\/12\/logomio.png\",\"contentUrl\":\"https:\/\/www.miomiorun.com\/app\/uploads\/2019\/12\/logomio.png\",\"width\":115,\"height\":82,\"caption\":\"MioMio Run\"},\"image\":{\"@id\":\"https:\/\/www.miomiorun.com\/de\/#\/schema\/logo\/image\/\"},\"sameAs\":[\"https:\/\/www.facebook.com\/miomiorun\/\",\"https:\/\/www.instagram.com\/miomiorun\/\"]}]}<\/script>\n<!-- \/ Yoast SEO plugin. -->","yoast_head_json":{"title":"Craft ADV Wool Merino Rn Ls damen - Thermisches Trikot - MioMioRun.com","description":"Das ADV Wool Merino RN LS f\u00fcr Damen ist ein hochfunktionelles Baselayer-Shirt aus einer weichen Merinowollmischung, das dich trocken h\u00e4lt","robots":{"index":"index","follow":"follow","max-snippet":"max-snippet:-1","max-image-preview":"max-image-preview:large","max-video-preview":"max-video-preview:-1"},"canonical":"https:\/\/www.miomiorun.com\/de\/produkt\/adv-wool-merino-rn-ls-damen\/","og_locale":"de_DE","og_type":"article","og_title":"Craft ADV Wool Merino Rn Ls damen - Thermisches Trikot - MioMioRun.com","og_description":"Das ADV Wool Merino RN LS f\u00fcr Damen ist ein hochfunktionelles Baselayer-Shirt aus einer weichen Merinowollmischung, das dich trocken h\u00e4lt","og_url":"https:\/\/www.miomiorun.com\/de\/produkt\/adv-wool-merino-rn-ls-damen\/","og_site_name":"MioMioRun","article_publisher":"https:\/\/www.facebook.com\/miomiorun\/","article_modified_time":"2024-11-12T14:03:49+00:00","og_image":[{"width":600,"height":600,"url":"https:\/\/www.miomiorun.com\/app\/uploads\/2024\/10\/craft-ADV-wool-merino-RN-LS-W-black-1913758-999000.webp","type":"image\/webp"}],"twitter_card":"summary_large_image","schema":{"@context":"https:\/\/schema.org","@graph":[{"@type":"WebPage","@id":"https:\/\/www.miomiorun.com\/de\/produkt\/adv-wool-merino-rn-ls-damen\/","url":"https:\/\/www.miomiorun.com\/de\/produkt\/adv-wool-merino-rn-ls-damen\/","name":"Craft ADV Wool Merino Rn Ls damen - Thermisches Trikot - MioMioRun.com","isPartOf":{"@id":"https:\/\/www.miomiorun.com\/de\/#website"},"primaryImageOfPage":{"@id":"https:\/\/www.miomiorun.com\/de\/produkt\/adv-wool-merino-rn-ls-damen\/#primaryimage"},"image":{"@id":"https:\/\/www.miomiorun.com\/de\/produkt\/adv-wool-merino-rn-ls-damen\/#primaryimage"},"thumbnailUrl":"https:\/\/www.miomiorun.com\/app\/uploads\/2024\/10\/craft-ADV-wool-merino-RN-LS-W-black-1913758-999000.webp","datePublished":"2024-10-14T14:44:13+00:00","dateModified":"2024-11-12T14:03:49+00:00","description":"Das ADV Wool Merino RN LS f\u00fcr Damen ist ein hochfunktionelles Baselayer-Shirt aus einer weichen Merinowollmischung, das dich trocken h\u00e4lt","breadcrumb":{"@id":"https:\/\/www.miomiorun.com\/de\/produkt\/adv-wool-merino-rn-ls-damen\/#breadcrumb"},"inLanguage":"de-DE","potentialAction":[{"@type":"ReadAction","target":["https:\/\/www.miomiorun.com\/de\/produkt\/adv-wool-merino-rn-ls-damen\/"]}]},{"@type":"ImageObject","inLanguage":"de-DE","@id":"https:\/\/www.miomiorun.com\/de\/produkt\/adv-wool-merino-rn-ls-damen\/#primaryimage","url":"https:\/\/www.miomiorun.com\/app\/uploads\/2024\/10\/craft-ADV-wool-merino-RN-LS-W-black-1913758-999000.webp","contentUrl":"https:\/\/www.miomiorun.com\/app\/uploads\/2024\/10\/craft-ADV-wool-merino-RN-LS-W-black-1913758-999000.webp","width":600,"height":600,"caption":"craft ADV wool merino RN LS W black 1913758-999000"},{"@type":"BreadcrumbList","@id":"https:\/\/www.miomiorun.com\/de\/produkt\/adv-wool-merino-rn-ls-damen\/#breadcrumb","itemListElement":[{"@type":"ListItem","position":1,"name":"Home","item":"https:\/\/www.miomiorun.com\/de\/"},{"@type":"ListItem","position":2,"name":"Shop","item":"https:\/\/www.miomiorun.com\/shop\/"},{"@type":"ListItem","position":3,"name":"ADV Wool Merino Rn Ls damen"}]},{"@type":"WebSite","@id":"https:\/\/www.miomiorun.com\/de\/#website","url":"https:\/\/www.miomiorun.com\/de\/","name":"MioMioRun","description":"100% Lauf- und Trailshop","publisher":{"@id":"https:\/\/www.miomiorun.com\/de\/#organization"},"potentialAction":[{"@type":"SearchAction","target":{"@type":"EntryPoint","urlTemplate":"https:\/\/www.miomiorun.com\/de\/?s={search_term_string}"},"query-input":{"@type":"PropertyValueSpecification","valueRequired":true,"valueName":"search_term_string"}}],"inLanguage":"de-DE"},{"@type":"Organization","@id":"https:\/\/www.miomiorun.com\/de\/#organization","name":"MioMio Run","url":"https:\/\/www.miomiorun.com\/de\/","logo":{"@type":"ImageObject","inLanguage":"de-DE","@id":"https:\/\/www.miomiorun.com\/de\/#\/schema\/logo\/image\/","url":"https:\/\/www.miomiorun.com\/app\/uploads\/2019\/12\/logomio.png","contentUrl":"https:\/\/www.miomiorun.com\/app\/uploads\/2019\/12\/logomio.png","width":115,"height":82,"caption":"MioMio Run"},"image":{"@id":"https:\/\/www.miomiorun.com\/de\/#\/schema\/logo\/image\/"},"sameAs":["https:\/\/www.facebook.com\/miomiorun\/","https:\/\/www.instagram.com\/miomiorun\/"]}]}},"_links":{"self":[{"href":"https:\/\/www.miomiorun.com\/de\/wp-json\/wp\/v2\/product\/210741","targetHints":{"allow":["GET"]}}],"collection":[{"href":"https:\/\/www.miomiorun.com\/de\/wp-json\/wp\/v2\/product"}],"about":[{"href":"https:\/\/www.miomiorun.com\/de\/wp-json\/wp\/v2\/types\/product"}],"wp:featuredmedia":[{"embeddable":true,"href":"https:\/\/www.miomiorun.com\/de\/wp-json\/wp\/v2\/media\/210730"}],"wp:attachment":[{"href":"https:\/\/www.miomiorun.com\/de\/wp-json\/wp\/v2\/media?parent=210741"}],"wp:term":[{"taxonomy":"product_brand","embeddable":true,"href":"https:\/\/www.miomiorun.com\/de\/wp-json\/wp\/v2\/product_brand?post=210741"},{"taxonomy":"product_cat","embeddable":true,"href":"https:\/\/www.miomiorun.com\/de\/wp-json\/wp\/v2\/product_cat?post=210741"},{"taxonomy":"product_tag","embeddable":true,"href":"https:\/\/www.miomiorun.com\/de\/wp-json\/wp\/v2\/product_tag?post=210741"}],"curies":[{"name":"wp","href":"https:\/\/api.w.org\/{rel}","templated":true}]}}