{"id":210632,"date":"2024-10-12T18:20:48","date_gmt":"2024-10-12T16:20:48","guid":{"rendered":"https:\/\/miomiorun.com\/?post_type=product&#038;p=210632"},"modified":"2026-02-20T22:52:52","modified_gmt":"2026-02-20T21:52:52","slug":"ultraboost-5x-damen","status":"publish","type":"product","link":"https:\/\/www.miomiorun.com\/de\/produkt\/ultraboost-5x-damen\/","title":{"rendered":"Ultraboost 5X damen"},"content":{"rendered":"<div class=\"vc-row container\"><div class=\"vc-column\"><div class=\"vc-column-text\"><\/p>\n<p><strong>Technische Daten<\/strong><\/p>\n<p>Kategorie: Ultra-D\u00e4mpfung<br \/>\nEinpresstiefe: 10 mm ( 39mm \/ 29mm )<br \/>\nGewicht: 237 g<br \/>\nIdeal f\u00fcr: L\u00e4ufer und Walker, die einen Schuh mit maximaler D\u00e4mpfung und Weichheit suchen, sowohl in der St\u00fctze als auch im Obermaterial, f\u00fcr Langstreckenl\u00e4ufe und Wanderungen.<br \/>\nGewicht des Athleten: &gt;80 kg<br \/>\nLauftempo: langsam (&gt;5,30 min\/km)<\/p>\n<p><a href=\"https:\/\/miomiorun.com\/de\/leitfaden-fuer-technische-spezifikationen\/\">Leitfaden f\u00fcr technische Spezifikationen<\/a><br \/>\n<\/div><\/div><div class=\"vc-column\"><div class=\"vc-column-text\"><\/p>\n<h3>Eine neue Generation von BOOST-Laufschuhen, die zum Teil aus recycelten Materialien hergestellt werden.<\/h3>\n<p>Mit diesen adidas Laufschuhen ist es einfacher, neue pers\u00f6nliche Bestzeiten zu jagen.<\/p>\n<p>Der<strong>Ultraboost 5x<\/strong> f\u00fcr Frauen nutzt die leichteste BOOST-Technologie, die es je gab, um eine konstante Energier\u00fcckgabe Kilometer f\u00fcr Kilometer zu gew\u00e4hrleisten. Die Torsion System Technologie zwischen Ferse und Vorfu\u00df verbessert die Stabilit\u00e4t, indem sie einen fl\u00fcssigen Schritt f\u00f6rdert, unabh\u00e4ngig von Distanz und Geschwindigkeit. Die Continental\u2122 Gummilaufsohle bietet auch bei N\u00e4sse zuverl\u00e4ssigen Grip, damit Sie Ihr Bestes geben k\u00f6nnen. Dieses Produkt enth\u00e4lt mindestens 20% recycelte Materialien.<\/p>\n<p><strong>Eigenschaften:<\/strong><\/p>\n<ul>\n<li>Normale Passform<\/li>\n<li>Schn\u00fcrverschluss<\/li>\n<li>Obermaterial aus Stoff<\/li>\n<li>Innenfutter aus Stoff<\/li>\n<li>Torsion System<\/li>\n<li>Leichter BOOST<\/li>\n<li>Continental\u2122 Gummi-Au\u00dfensohle<\/li>\n<\/ul>\n<h3>Technologie<\/h3>\n<p><strong>LIGHT BOOST<\/strong><\/p>\n<p>Un\u00fcbertroffene Energier\u00fcckgabe, noch leichter<\/p>\n<p>Light Boost ist die n\u00e4chste Generation des adidas Boost, 30 % leichter und mit einer \u00fcberragenden Energier\u00fcckgabe.<\/p>\n<ul>\n<li>Dieses Produkt enth\u00e4lt mindestens 20% recycelte Materialien<\/li>\n<\/ul>\n<p><\/div><\/div><\/div>\n","protected":false},"excerpt":{"rendered":"<ul>\n<li>Supergepolsterter Schuh f\u00fcr h\u00f6chsten Komfort.<\/li>\n<li>Ideal f\u00fcr lange Spazierg\u00e4nge und L\u00e4ufe.<\/li>\n<\/ul>\n","protected":false},"featured_media":356310,"template":"","meta":{"_acf_changed":false,"inline_featured_image":false},"product_brand":[],"product_cat":[6474,6475],"product_tag":[3403,6309],"class_list":{"0":"post-210632","1":"product","2":"type-product","3":"status-publish","4":"has-post-thumbnail","6":"product_cat-damenschuhe","7":"product_cat-neutral","8":"product_tag-adidas-de","9":"product_tag-adidas-damen-de","10":"pa_attivita-gehen","11":"pa_attivita-lifestyle-de","12":"pa_attivita-running-de","13":"pa_colore-ultraboost-5x-w-dshgry-purbur-seblbu-de","14":"pa_colore-ultraboost-5x-w-ftwwht-minton-glopur","15":"pa_colore-ultraboost-5x-w-vappnk-prelsc","16":"pa_marca-adidas-de","17":"pa_sesso-damen","18":"pa_size-38-de","20":"pa_size-39-de","21":"pa_size-40-de","23":"pa_size-41-de","25":"first","26":"instock","27":"sale","28":"taxable","29":"shipping-taxable","30":"purchasable","31":"product-type-variable","32":"wvs-archive-product-wrapper"},"acf":[],"yoast_head":"<!-- This site is optimized with the Yoast SEO plugin v26.8 - https:\/\/yoast.com\/product\/yoast-seo-wordpress\/ -->\n<title>AdidasUltraboost 5X damen - Herren-Laufschuhe MioMioRun.com<\/title>\n<meta name=\"description\" content=\"Der Ultraboost 5x f\u00fcr Frauen nutzt die leichteste BOOST-Technologie aller Zeiten, die eine konstante Energier\u00fcckgabe Kilometer f\u00fcr Kilometer gew\u00e4hrleistet.\" \/>\n<meta name=\"robots\" content=\"index, follow, max-snippet:-1, max-image-preview:large, max-video-preview:-1\" \/>\n<link rel=\"canonical\" href=\"https:\/\/www.miomiorun.com\/de\/produkt\/ultraboost-5x-damen\/\" \/>\n<meta property=\"og:locale\" content=\"de_DE\" \/>\n<meta property=\"og:type\" content=\"article\" \/>\n<meta property=\"og:title\" content=\"AdidasUltraboost 5X damen - Herren-Laufschuhe MioMioRun.com\" \/>\n<meta property=\"og:description\" content=\"Der Ultraboost 5x f\u00fcr Frauen nutzt die leichteste BOOST-Technologie aller Zeiten, die eine konstante Energier\u00fcckgabe Kilometer f\u00fcr Kilometer gew\u00e4hrleistet.\" \/>\n<meta property=\"og:url\" content=\"https:\/\/www.miomiorun.com\/de\/produkt\/ultraboost-5x-damen\/\" \/>\n<meta property=\"og:site_name\" content=\"MioMioRun\" \/>\n<meta property=\"article:publisher\" content=\"https:\/\/www.facebook.com\/miomiorun\/\" \/>\n<meta property=\"article:modified_time\" content=\"2026-02-20T21:52:52+00:00\" \/>\n<meta property=\"og:image\" content=\"https:\/\/www.miomiorun.com\/app\/uploads\/2025\/10\/adidas-Ultraboost-5X-W-dshgry-purbur-seblbu-JQ8083.webp\" \/>\n\t<meta property=\"og:image:width\" content=\"720\" \/>\n\t<meta property=\"og:image:height\" content=\"720\" \/>\n\t<meta property=\"og:image:type\" content=\"image\/webp\" \/>\n<meta name=\"twitter:card\" content=\"summary_large_image\" \/>\n<meta name=\"twitter:label1\" content=\"Est. reading time\" \/>\n\t<meta name=\"twitter:data1\" content=\"1 minute\" \/>\n<script type=\"application\/ld+json\" class=\"yoast-schema-graph\">{\"@context\":\"https:\/\/schema.org\",\"@graph\":[{\"@type\":\"WebPage\",\"@id\":\"https:\/\/www.miomiorun.com\/de\/produkt\/ultraboost-5x-damen\/\",\"url\":\"https:\/\/www.miomiorun.com\/de\/produkt\/ultraboost-5x-damen\/\",\"name\":\"AdidasUltraboost 5X damen - Herren-Laufschuhe MioMioRun.com\",\"isPartOf\":{\"@id\":\"https:\/\/www.miomiorun.com\/de\/#website\"},\"primaryImageOfPage\":{\"@id\":\"https:\/\/www.miomiorun.com\/de\/produkt\/ultraboost-5x-damen\/#primaryimage\"},\"image\":{\"@id\":\"https:\/\/www.miomiorun.com\/de\/produkt\/ultraboost-5x-damen\/#primaryimage\"},\"thumbnailUrl\":\"https:\/\/www.miomiorun.com\/app\/uploads\/2025\/10\/adidas-Ultraboost-5X-W-dshgry-purbur-seblbu-JQ8083.webp\",\"datePublished\":\"2024-10-12T16:20:48+00:00\",\"dateModified\":\"2026-02-20T21:52:52+00:00\",\"description\":\"Der Ultraboost 5x f\u00fcr Frauen nutzt die leichteste BOOST-Technologie aller Zeiten, die eine konstante Energier\u00fcckgabe Kilometer f\u00fcr Kilometer gew\u00e4hrleistet.\",\"breadcrumb\":{\"@id\":\"https:\/\/www.miomiorun.com\/de\/produkt\/ultraboost-5x-damen\/#breadcrumb\"},\"inLanguage\":\"de-DE\",\"potentialAction\":[{\"@type\":\"ReadAction\",\"target\":[\"https:\/\/www.miomiorun.com\/de\/produkt\/ultraboost-5x-damen\/\"]}]},{\"@type\":\"ImageObject\",\"inLanguage\":\"de-DE\",\"@id\":\"https:\/\/www.miomiorun.com\/de\/produkt\/ultraboost-5x-damen\/#primaryimage\",\"url\":\"https:\/\/www.miomiorun.com\/app\/uploads\/2025\/10\/adidas-Ultraboost-5X-W-dshgry-purbur-seblbu-JQ8083.webp\",\"contentUrl\":\"https:\/\/www.miomiorun.com\/app\/uploads\/2025\/10\/adidas-Ultraboost-5X-W-dshgry-purbur-seblbu-JQ8083.webp\",\"width\":720,\"height\":720,\"caption\":\"adidas Ultraboost 5X W dshgry purbur seblbu JQ8083\"},{\"@type\":\"BreadcrumbList\",\"@id\":\"https:\/\/www.miomiorun.com\/de\/produkt\/ultraboost-5x-damen\/#breadcrumb\",\"itemListElement\":[{\"@type\":\"ListItem\",\"position\":1,\"name\":\"Home\",\"item\":\"https:\/\/www.miomiorun.com\/de\/\"},{\"@type\":\"ListItem\",\"position\":2,\"name\":\"Shop\",\"item\":\"https:\/\/www.miomiorun.com\/shop\/\"},{\"@type\":\"ListItem\",\"position\":3,\"name\":\"Ultraboost 5X damen\"}]},{\"@type\":\"WebSite\",\"@id\":\"https:\/\/www.miomiorun.com\/de\/#website\",\"url\":\"https:\/\/www.miomiorun.com\/de\/\",\"name\":\"MioMioRun\",\"description\":\"100% Lauf- und Trailshop\",\"publisher\":{\"@id\":\"https:\/\/www.miomiorun.com\/de\/#organization\"},\"potentialAction\":[{\"@type\":\"SearchAction\",\"target\":{\"@type\":\"EntryPoint\",\"urlTemplate\":\"https:\/\/www.miomiorun.com\/de\/?s={search_term_string}\"},\"query-input\":{\"@type\":\"PropertyValueSpecification\",\"valueRequired\":true,\"valueName\":\"search_term_string\"}}],\"inLanguage\":\"de-DE\"},{\"@type\":\"Organization\",\"@id\":\"https:\/\/www.miomiorun.com\/de\/#organization\",\"name\":\"MioMio Run\",\"url\":\"https:\/\/www.miomiorun.com\/de\/\",\"logo\":{\"@type\":\"ImageObject\",\"inLanguage\":\"de-DE\",\"@id\":\"https:\/\/www.miomiorun.com\/de\/#\/schema\/logo\/image\/\",\"url\":\"https:\/\/www.miomiorun.com\/app\/uploads\/2019\/12\/logomio.png\",\"contentUrl\":\"https:\/\/www.miomiorun.com\/app\/uploads\/2019\/12\/logomio.png\",\"width\":115,\"height\":82,\"caption\":\"MioMio Run\"},\"image\":{\"@id\":\"https:\/\/www.miomiorun.com\/de\/#\/schema\/logo\/image\/\"},\"sameAs\":[\"https:\/\/www.facebook.com\/miomiorun\/\",\"https:\/\/www.instagram.com\/miomiorun\/\"]}]}<\/script>\n<!-- \/ Yoast SEO plugin. -->","yoast_head_json":{"title":"AdidasUltraboost 5X damen - Herren-Laufschuhe MioMioRun.com","description":"Der Ultraboost 5x f\u00fcr Frauen nutzt die leichteste BOOST-Technologie aller Zeiten, die eine konstante Energier\u00fcckgabe Kilometer f\u00fcr Kilometer gew\u00e4hrleistet.","robots":{"index":"index","follow":"follow","max-snippet":"max-snippet:-1","max-image-preview":"max-image-preview:large","max-video-preview":"max-video-preview:-1"},"canonical":"https:\/\/www.miomiorun.com\/de\/produkt\/ultraboost-5x-damen\/","og_locale":"de_DE","og_type":"article","og_title":"AdidasUltraboost 5X damen - Herren-Laufschuhe MioMioRun.com","og_description":"Der Ultraboost 5x f\u00fcr Frauen nutzt die leichteste BOOST-Technologie aller Zeiten, die eine konstante Energier\u00fcckgabe Kilometer f\u00fcr Kilometer gew\u00e4hrleistet.","og_url":"https:\/\/www.miomiorun.com\/de\/produkt\/ultraboost-5x-damen\/","og_site_name":"MioMioRun","article_publisher":"https:\/\/www.facebook.com\/miomiorun\/","article_modified_time":"2026-02-20T21:52:52+00:00","og_image":[{"width":720,"height":720,"url":"https:\/\/www.miomiorun.com\/app\/uploads\/2025\/10\/adidas-Ultraboost-5X-W-dshgry-purbur-seblbu-JQ8083.webp","type":"image\/webp"}],"twitter_card":"summary_large_image","twitter_misc":{"Est. reading time":"1 minute"},"schema":{"@context":"https:\/\/schema.org","@graph":[{"@type":"WebPage","@id":"https:\/\/www.miomiorun.com\/de\/produkt\/ultraboost-5x-damen\/","url":"https:\/\/www.miomiorun.com\/de\/produkt\/ultraboost-5x-damen\/","name":"AdidasUltraboost 5X damen - Herren-Laufschuhe MioMioRun.com","isPartOf":{"@id":"https:\/\/www.miomiorun.com\/de\/#website"},"primaryImageOfPage":{"@id":"https:\/\/www.miomiorun.com\/de\/produkt\/ultraboost-5x-damen\/#primaryimage"},"image":{"@id":"https:\/\/www.miomiorun.com\/de\/produkt\/ultraboost-5x-damen\/#primaryimage"},"thumbnailUrl":"https:\/\/www.miomiorun.com\/app\/uploads\/2025\/10\/adidas-Ultraboost-5X-W-dshgry-purbur-seblbu-JQ8083.webp","datePublished":"2024-10-12T16:20:48+00:00","dateModified":"2026-02-20T21:52:52+00:00","description":"Der Ultraboost 5x f\u00fcr Frauen nutzt die leichteste BOOST-Technologie aller Zeiten, die eine konstante Energier\u00fcckgabe Kilometer f\u00fcr Kilometer gew\u00e4hrleistet.","breadcrumb":{"@id":"https:\/\/www.miomiorun.com\/de\/produkt\/ultraboost-5x-damen\/#breadcrumb"},"inLanguage":"de-DE","potentialAction":[{"@type":"ReadAction","target":["https:\/\/www.miomiorun.com\/de\/produkt\/ultraboost-5x-damen\/"]}]},{"@type":"ImageObject","inLanguage":"de-DE","@id":"https:\/\/www.miomiorun.com\/de\/produkt\/ultraboost-5x-damen\/#primaryimage","url":"https:\/\/www.miomiorun.com\/app\/uploads\/2025\/10\/adidas-Ultraboost-5X-W-dshgry-purbur-seblbu-JQ8083.webp","contentUrl":"https:\/\/www.miomiorun.com\/app\/uploads\/2025\/10\/adidas-Ultraboost-5X-W-dshgry-purbur-seblbu-JQ8083.webp","width":720,"height":720,"caption":"adidas Ultraboost 5X W dshgry purbur seblbu JQ8083"},{"@type":"BreadcrumbList","@id":"https:\/\/www.miomiorun.com\/de\/produkt\/ultraboost-5x-damen\/#breadcrumb","itemListElement":[{"@type":"ListItem","position":1,"name":"Home","item":"https:\/\/www.miomiorun.com\/de\/"},{"@type":"ListItem","position":2,"name":"Shop","item":"https:\/\/www.miomiorun.com\/shop\/"},{"@type":"ListItem","position":3,"name":"Ultraboost 5X damen"}]},{"@type":"WebSite","@id":"https:\/\/www.miomiorun.com\/de\/#website","url":"https:\/\/www.miomiorun.com\/de\/","name":"MioMioRun","description":"100% Lauf- und Trailshop","publisher":{"@id":"https:\/\/www.miomiorun.com\/de\/#organization"},"potentialAction":[{"@type":"SearchAction","target":{"@type":"EntryPoint","urlTemplate":"https:\/\/www.miomiorun.com\/de\/?s={search_term_string}"},"query-input":{"@type":"PropertyValueSpecification","valueRequired":true,"valueName":"search_term_string"}}],"inLanguage":"de-DE"},{"@type":"Organization","@id":"https:\/\/www.miomiorun.com\/de\/#organization","name":"MioMio Run","url":"https:\/\/www.miomiorun.com\/de\/","logo":{"@type":"ImageObject","inLanguage":"de-DE","@id":"https:\/\/www.miomiorun.com\/de\/#\/schema\/logo\/image\/","url":"https:\/\/www.miomiorun.com\/app\/uploads\/2019\/12\/logomio.png","contentUrl":"https:\/\/www.miomiorun.com\/app\/uploads\/2019\/12\/logomio.png","width":115,"height":82,"caption":"MioMio Run"},"image":{"@id":"https:\/\/www.miomiorun.com\/de\/#\/schema\/logo\/image\/"},"sameAs":["https:\/\/www.facebook.com\/miomiorun\/","https:\/\/www.instagram.com\/miomiorun\/"]}]}},"_links":{"self":[{"href":"https:\/\/www.miomiorun.com\/de\/wp-json\/wp\/v2\/product\/210632","targetHints":{"allow":["GET"]}}],"collection":[{"href":"https:\/\/www.miomiorun.com\/de\/wp-json\/wp\/v2\/product"}],"about":[{"href":"https:\/\/www.miomiorun.com\/de\/wp-json\/wp\/v2\/types\/product"}],"wp:featuredmedia":[{"embeddable":true,"href":"https:\/\/www.miomiorun.com\/de\/wp-json\/wp\/v2\/media\/356310"}],"wp:attachment":[{"href":"https:\/\/www.miomiorun.com\/de\/wp-json\/wp\/v2\/media?parent=210632"}],"wp:term":[{"taxonomy":"product_brand","embeddable":true,"href":"https:\/\/www.miomiorun.com\/de\/wp-json\/wp\/v2\/product_brand?post=210632"},{"taxonomy":"product_cat","embeddable":true,"href":"https:\/\/www.miomiorun.com\/de\/wp-json\/wp\/v2\/product_cat?post=210632"},{"taxonomy":"product_tag","embeddable":true,"href":"https:\/\/www.miomiorun.com\/de\/wp-json\/wp\/v2\/product_tag?post=210632"}],"curies":[{"name":"wp","href":"https:\/\/api.w.org\/{rel}","templated":true}]}}