{"id":210561,"date":"2024-10-11T17:54:59","date_gmt":"2024-10-11T15:54:59","guid":{"rendered":"https:\/\/miomiorun.com\/?post_type=product&#038;p=210561"},"modified":"2024-11-12T15:13:00","modified_gmt":"2024-11-12T14:13:00","slug":"essentials-small-logo-feel-cozy-sweatshirt-damen","status":"publish","type":"product","link":"https:\/\/www.miomiorun.com\/de\/produkt\/essentials-small-logo-feel-cozy-sweatshirt-damen\/","title":{"rendered":"Essentials small logo feel cozy sweatshirt damen"},"content":{"rendered":"<div class=\"product-attribute product-attribute-passion\">\n<h3>Entspannen Sie sich auf der Couch oder trotzen Sie k\u00fchlen Morgen mit diesem minimalistischen Sweatshirt.<\/h3>\n<p>Das<strong>Essentials Small Logo Feel Cozy Sweatshirt<\/strong> f\u00fcr Damen ist ein weiches Baumwollsweatshirt, das an ruhigen Abenden zu Hause oder bei Besorgungen am Wochenende f\u00fcr optimale W\u00e4rme sorgt. Die gerippten S\u00e4ume sorgen f\u00fcr eine stabile Passform, w\u00e4hrend das gestickte Logo einen unerwarteten Akzent setzt. Kombinieren Sie es mit einer Jogginghose oder Jeans und es ist perfekt f\u00fcr Ihre t\u00e4glichen Abenteuer geeignet.<\/p>\n<ul>\n<li>Die Baumwolle in diesem Produkt wurde von Better Cotton bezogen. Better Cotton bezieht die Baumwolle \u00fcber ein Chain-of-Custody-Modell namens Massenbilanz. Dieses System erlaubt es, Better Cotton durch konventionelle Baumwolle zu ersetzen oder mit ihr zu mischen, solange die entsprechenden Mengen von Better Cotton stammen.<\/li>\n<\/ul>\n<h3>Merkmale:<\/h3>\n<ul>\n<li>Better Cotton: Diese Baumwollprodukte unterst\u00fctzen den nachhaltigen Baumwollanbau. DIES IST TEIL VON ADIDAS&#8217; BESTREBEN, PLASTIKM\u00dcLL ZU VERMEIDEN.<\/li>\n<li>Normale Passform<\/li>\n<li>3-Streifen auf beiden \u00c4rmeln<\/li>\n<li>Kleines adidas Logo auf der linken Brust<\/li>\n<\/ul>\n<h4>Waschanleitung<\/h4>\n<ul>\n<li>Nicht bleichen<\/li>\n<li>Im W\u00e4schetrockner bei niedriger Temperatur trocknen<\/li>\n<li>Nicht chemisch reinigen<\/li>\n<li>Schonend kalt b\u00fcgeln<\/li>\n<li>Maschinenw\u00e4sche in lauwarmem Wasser<\/li>\n<\/ul>\n<h4>Informationen zur Produktpflege<\/h4>\n<ul>\n<li>Keinen Weichsp\u00fcler verwenden<\/li>\n<li>Mit geschlossenen Rei\u00dfverschl\u00fcssen waschen<\/li>\n<li>Auf links waschen und b\u00fcgeln<\/li>\n<li>Mit \u00e4hnlichen Farben waschen<\/li>\n<\/ul>\n<div class=\"product-info-main\">\n<div class=\"product-attribute product-attribute-passion\">\n<h3 class=\"attribute-label\"><\/h3>\n<\/div>\n<\/div>\n<\/div>\n","protected":false},"excerpt":{"rendered":"<p>Zweite Schicht aus Thermofleece-Gewebe<br \/>\nIdeal f\u00fcr Outdoor-Aktivit\u00e4ten<\/p>\n","protected":false},"featured_media":211989,"template":"","meta":{"_acf_changed":false,"inline_featured_image":false},"product_brand":[],"product_cat":[6401,6486],"product_tag":[3403,6309],"class_list":{"0":"post-210561","1":"product","2":"type-product","3":"status-publish","4":"has-post-thumbnail","6":"product_cat-damenbekleidung","7":"product_cat-damenlangarmshirts","8":"product_tag-adidas-de","9":"product_tag-adidas-damen-de","10":"pa_attivita-lifestyle-de","11":"pa_colore-w-sl-fc-swt-alumin-grefou-de","12":"pa_marca-adidas-de","13":"pa_sesso-damen","14":"pa_size-small-de","15":"pa_size-medium-de","17":"first","18":"instock","19":"sale","20":"taxable","21":"shipping-taxable","22":"purchasable","23":"product-type-variable","24":"wvs-archive-product-wrapper"},"acf":[],"yoast_head":"<!-- This site is optimized with the Yoast SEO plugin v26.8 - https:\/\/yoast.com\/product\/yoast-seo-wordpress\/ -->\n<title>AdidasEssentials small logo feel cozy sweatshirt damen - Sweatshirt - MioMioRun<\/title>\n<meta name=\"description\" content=\"Essentials small logo feel cozy sweatshirt f\u00fcr Frauen ist ein Sweatshirt aus weichem Baumwollstoff, das an ruhigen Abenden zu Hause f\u00fcr optimale W\u00e4rme sorgt\" \/>\n<meta name=\"robots\" content=\"index, follow, max-snippet:-1, max-image-preview:large, max-video-preview:-1\" \/>\n<link rel=\"canonical\" href=\"https:\/\/www.miomiorun.com\/de\/produkt\/essentials-small-logo-feel-cozy-sweatshirt-damen\/\" \/>\n<meta property=\"og:locale\" content=\"de_DE\" \/>\n<meta property=\"og:type\" content=\"article\" \/>\n<meta property=\"og:title\" content=\"AdidasEssentials small logo feel cozy sweatshirt damen - Sweatshirt - MioMioRun\" \/>\n<meta property=\"og:description\" content=\"Essentials small logo feel cozy sweatshirt f\u00fcr Frauen ist ein Sweatshirt aus weichem Baumwollstoff, das an ruhigen Abenden zu Hause f\u00fcr optimale W\u00e4rme sorgt\" \/>\n<meta property=\"og:url\" content=\"https:\/\/www.miomiorun.com\/de\/produkt\/essentials-small-logo-feel-cozy-sweatshirt-damen\/\" \/>\n<meta property=\"og:site_name\" content=\"MioMioRun\" \/>\n<meta property=\"article:publisher\" content=\"https:\/\/www.facebook.com\/miomiorun\/\" \/>\n<meta property=\"article:modified_time\" content=\"2024-11-12T14:13:00+00:00\" \/>\n<meta property=\"og:image\" content=\"https:\/\/www.miomiorun.com\/app\/uploads\/2024\/10\/adidas-W-SL-FC-SWT-alumin-grefou-IX7959.webp\" \/>\n\t<meta property=\"og:image:width\" content=\"600\" \/>\n\t<meta property=\"og:image:height\" content=\"600\" \/>\n\t<meta property=\"og:image:type\" content=\"image\/webp\" \/>\n<meta name=\"twitter:card\" content=\"summary_large_image\" \/>\n<meta name=\"twitter:label1\" content=\"Est. reading time\" \/>\n\t<meta name=\"twitter:data1\" content=\"1 minute\" \/>\n<script type=\"application\/ld+json\" class=\"yoast-schema-graph\">{\"@context\":\"https:\/\/schema.org\",\"@graph\":[{\"@type\":\"WebPage\",\"@id\":\"https:\/\/www.miomiorun.com\/de\/produkt\/essentials-small-logo-feel-cozy-sweatshirt-damen\/\",\"url\":\"https:\/\/www.miomiorun.com\/de\/produkt\/essentials-small-logo-feel-cozy-sweatshirt-damen\/\",\"name\":\"AdidasEssentials small logo feel cozy sweatshirt damen - Sweatshirt - MioMioRun\",\"isPartOf\":{\"@id\":\"https:\/\/www.miomiorun.com\/de\/#website\"},\"primaryImageOfPage\":{\"@id\":\"https:\/\/www.miomiorun.com\/de\/produkt\/essentials-small-logo-feel-cozy-sweatshirt-damen\/#primaryimage\"},\"image\":{\"@id\":\"https:\/\/www.miomiorun.com\/de\/produkt\/essentials-small-logo-feel-cozy-sweatshirt-damen\/#primaryimage\"},\"thumbnailUrl\":\"https:\/\/www.miomiorun.com\/app\/uploads\/2024\/10\/adidas-W-SL-FC-SWT-alumin-grefou-IX7959.webp\",\"datePublished\":\"2024-10-11T15:54:59+00:00\",\"dateModified\":\"2024-11-12T14:13:00+00:00\",\"description\":\"Essentials small logo feel cozy sweatshirt f\u00fcr Frauen ist ein Sweatshirt aus weichem Baumwollstoff, das an ruhigen Abenden zu Hause f\u00fcr optimale W\u00e4rme sorgt\",\"breadcrumb\":{\"@id\":\"https:\/\/www.miomiorun.com\/de\/produkt\/essentials-small-logo-feel-cozy-sweatshirt-damen\/#breadcrumb\"},\"inLanguage\":\"de-DE\",\"potentialAction\":[{\"@type\":\"ReadAction\",\"target\":[\"https:\/\/www.miomiorun.com\/de\/produkt\/essentials-small-logo-feel-cozy-sweatshirt-damen\/\"]}]},{\"@type\":\"ImageObject\",\"inLanguage\":\"de-DE\",\"@id\":\"https:\/\/www.miomiorun.com\/de\/produkt\/essentials-small-logo-feel-cozy-sweatshirt-damen\/#primaryimage\",\"url\":\"https:\/\/www.miomiorun.com\/app\/uploads\/2024\/10\/adidas-W-SL-FC-SWT-alumin-grefou-IX7959.webp\",\"contentUrl\":\"https:\/\/www.miomiorun.com\/app\/uploads\/2024\/10\/adidas-W-SL-FC-SWT-alumin-grefou-IX7959.webp\",\"width\":600,\"height\":600,\"caption\":\"adidas W SL FC SWT alumin grefou IX7959\"},{\"@type\":\"BreadcrumbList\",\"@id\":\"https:\/\/www.miomiorun.com\/de\/produkt\/essentials-small-logo-feel-cozy-sweatshirt-damen\/#breadcrumb\",\"itemListElement\":[{\"@type\":\"ListItem\",\"position\":1,\"name\":\"Home\",\"item\":\"https:\/\/www.miomiorun.com\/de\/\"},{\"@type\":\"ListItem\",\"position\":2,\"name\":\"Shop\",\"item\":\"https:\/\/www.miomiorun.com\/shop\/\"},{\"@type\":\"ListItem\",\"position\":3,\"name\":\"Essentials small logo feel cozy sweatshirt damen\"}]},{\"@type\":\"WebSite\",\"@id\":\"https:\/\/www.miomiorun.com\/de\/#website\",\"url\":\"https:\/\/www.miomiorun.com\/de\/\",\"name\":\"MioMioRun\",\"description\":\"100% Lauf- und Trailshop\",\"publisher\":{\"@id\":\"https:\/\/www.miomiorun.com\/de\/#organization\"},\"potentialAction\":[{\"@type\":\"SearchAction\",\"target\":{\"@type\":\"EntryPoint\",\"urlTemplate\":\"https:\/\/www.miomiorun.com\/de\/?s={search_term_string}\"},\"query-input\":{\"@type\":\"PropertyValueSpecification\",\"valueRequired\":true,\"valueName\":\"search_term_string\"}}],\"inLanguage\":\"de-DE\"},{\"@type\":\"Organization\",\"@id\":\"https:\/\/www.miomiorun.com\/de\/#organization\",\"name\":\"MioMio Run\",\"url\":\"https:\/\/www.miomiorun.com\/de\/\",\"logo\":{\"@type\":\"ImageObject\",\"inLanguage\":\"de-DE\",\"@id\":\"https:\/\/www.miomiorun.com\/de\/#\/schema\/logo\/image\/\",\"url\":\"https:\/\/www.miomiorun.com\/app\/uploads\/2019\/12\/logomio.png\",\"contentUrl\":\"https:\/\/www.miomiorun.com\/app\/uploads\/2019\/12\/logomio.png\",\"width\":115,\"height\":82,\"caption\":\"MioMio Run\"},\"image\":{\"@id\":\"https:\/\/www.miomiorun.com\/de\/#\/schema\/logo\/image\/\"},\"sameAs\":[\"https:\/\/www.facebook.com\/miomiorun\/\",\"https:\/\/www.instagram.com\/miomiorun\/\"]}]}<\/script>\n<!-- \/ Yoast SEO plugin. -->","yoast_head_json":{"title":"AdidasEssentials small logo feel cozy sweatshirt damen - Sweatshirt - MioMioRun","description":"Essentials small logo feel cozy sweatshirt f\u00fcr Frauen ist ein Sweatshirt aus weichem Baumwollstoff, das an ruhigen Abenden zu Hause f\u00fcr optimale W\u00e4rme sorgt","robots":{"index":"index","follow":"follow","max-snippet":"max-snippet:-1","max-image-preview":"max-image-preview:large","max-video-preview":"max-video-preview:-1"},"canonical":"https:\/\/www.miomiorun.com\/de\/produkt\/essentials-small-logo-feel-cozy-sweatshirt-damen\/","og_locale":"de_DE","og_type":"article","og_title":"AdidasEssentials small logo feel cozy sweatshirt damen - Sweatshirt - MioMioRun","og_description":"Essentials small logo feel cozy sweatshirt f\u00fcr Frauen ist ein Sweatshirt aus weichem Baumwollstoff, das an ruhigen Abenden zu Hause f\u00fcr optimale W\u00e4rme sorgt","og_url":"https:\/\/www.miomiorun.com\/de\/produkt\/essentials-small-logo-feel-cozy-sweatshirt-damen\/","og_site_name":"MioMioRun","article_publisher":"https:\/\/www.facebook.com\/miomiorun\/","article_modified_time":"2024-11-12T14:13:00+00:00","og_image":[{"width":600,"height":600,"url":"https:\/\/www.miomiorun.com\/app\/uploads\/2024\/10\/adidas-W-SL-FC-SWT-alumin-grefou-IX7959.webp","type":"image\/webp"}],"twitter_card":"summary_large_image","twitter_misc":{"Est. reading time":"1 minute"},"schema":{"@context":"https:\/\/schema.org","@graph":[{"@type":"WebPage","@id":"https:\/\/www.miomiorun.com\/de\/produkt\/essentials-small-logo-feel-cozy-sweatshirt-damen\/","url":"https:\/\/www.miomiorun.com\/de\/produkt\/essentials-small-logo-feel-cozy-sweatshirt-damen\/","name":"AdidasEssentials small logo feel cozy sweatshirt damen - Sweatshirt - MioMioRun","isPartOf":{"@id":"https:\/\/www.miomiorun.com\/de\/#website"},"primaryImageOfPage":{"@id":"https:\/\/www.miomiorun.com\/de\/produkt\/essentials-small-logo-feel-cozy-sweatshirt-damen\/#primaryimage"},"image":{"@id":"https:\/\/www.miomiorun.com\/de\/produkt\/essentials-small-logo-feel-cozy-sweatshirt-damen\/#primaryimage"},"thumbnailUrl":"https:\/\/www.miomiorun.com\/app\/uploads\/2024\/10\/adidas-W-SL-FC-SWT-alumin-grefou-IX7959.webp","datePublished":"2024-10-11T15:54:59+00:00","dateModified":"2024-11-12T14:13:00+00:00","description":"Essentials small logo feel cozy sweatshirt f\u00fcr Frauen ist ein Sweatshirt aus weichem Baumwollstoff, das an ruhigen Abenden zu Hause f\u00fcr optimale W\u00e4rme sorgt","breadcrumb":{"@id":"https:\/\/www.miomiorun.com\/de\/produkt\/essentials-small-logo-feel-cozy-sweatshirt-damen\/#breadcrumb"},"inLanguage":"de-DE","potentialAction":[{"@type":"ReadAction","target":["https:\/\/www.miomiorun.com\/de\/produkt\/essentials-small-logo-feel-cozy-sweatshirt-damen\/"]}]},{"@type":"ImageObject","inLanguage":"de-DE","@id":"https:\/\/www.miomiorun.com\/de\/produkt\/essentials-small-logo-feel-cozy-sweatshirt-damen\/#primaryimage","url":"https:\/\/www.miomiorun.com\/app\/uploads\/2024\/10\/adidas-W-SL-FC-SWT-alumin-grefou-IX7959.webp","contentUrl":"https:\/\/www.miomiorun.com\/app\/uploads\/2024\/10\/adidas-W-SL-FC-SWT-alumin-grefou-IX7959.webp","width":600,"height":600,"caption":"adidas W SL FC SWT alumin grefou IX7959"},{"@type":"BreadcrumbList","@id":"https:\/\/www.miomiorun.com\/de\/produkt\/essentials-small-logo-feel-cozy-sweatshirt-damen\/#breadcrumb","itemListElement":[{"@type":"ListItem","position":1,"name":"Home","item":"https:\/\/www.miomiorun.com\/de\/"},{"@type":"ListItem","position":2,"name":"Shop","item":"https:\/\/www.miomiorun.com\/shop\/"},{"@type":"ListItem","position":3,"name":"Essentials small logo feel cozy sweatshirt damen"}]},{"@type":"WebSite","@id":"https:\/\/www.miomiorun.com\/de\/#website","url":"https:\/\/www.miomiorun.com\/de\/","name":"MioMioRun","description":"100% Lauf- und Trailshop","publisher":{"@id":"https:\/\/www.miomiorun.com\/de\/#organization"},"potentialAction":[{"@type":"SearchAction","target":{"@type":"EntryPoint","urlTemplate":"https:\/\/www.miomiorun.com\/de\/?s={search_term_string}"},"query-input":{"@type":"PropertyValueSpecification","valueRequired":true,"valueName":"search_term_string"}}],"inLanguage":"de-DE"},{"@type":"Organization","@id":"https:\/\/www.miomiorun.com\/de\/#organization","name":"MioMio Run","url":"https:\/\/www.miomiorun.com\/de\/","logo":{"@type":"ImageObject","inLanguage":"de-DE","@id":"https:\/\/www.miomiorun.com\/de\/#\/schema\/logo\/image\/","url":"https:\/\/www.miomiorun.com\/app\/uploads\/2019\/12\/logomio.png","contentUrl":"https:\/\/www.miomiorun.com\/app\/uploads\/2019\/12\/logomio.png","width":115,"height":82,"caption":"MioMio Run"},"image":{"@id":"https:\/\/www.miomiorun.com\/de\/#\/schema\/logo\/image\/"},"sameAs":["https:\/\/www.facebook.com\/miomiorun\/","https:\/\/www.instagram.com\/miomiorun\/"]}]}},"_links":{"self":[{"href":"https:\/\/www.miomiorun.com\/de\/wp-json\/wp\/v2\/product\/210561","targetHints":{"allow":["GET"]}}],"collection":[{"href":"https:\/\/www.miomiorun.com\/de\/wp-json\/wp\/v2\/product"}],"about":[{"href":"https:\/\/www.miomiorun.com\/de\/wp-json\/wp\/v2\/types\/product"}],"wp:featuredmedia":[{"embeddable":true,"href":"https:\/\/www.miomiorun.com\/de\/wp-json\/wp\/v2\/media\/211989"}],"wp:attachment":[{"href":"https:\/\/www.miomiorun.com\/de\/wp-json\/wp\/v2\/media?parent=210561"}],"wp:term":[{"taxonomy":"product_brand","embeddable":true,"href":"https:\/\/www.miomiorun.com\/de\/wp-json\/wp\/v2\/product_brand?post=210561"},{"taxonomy":"product_cat","embeddable":true,"href":"https:\/\/www.miomiorun.com\/de\/wp-json\/wp\/v2\/product_cat?post=210561"},{"taxonomy":"product_tag","embeddable":true,"href":"https:\/\/www.miomiorun.com\/de\/wp-json\/wp\/v2\/product_tag?post=210561"}],"curies":[{"name":"wp","href":"https:\/\/api.w.org\/{rel}","templated":true}]}}