{"id":210476,"date":"2024-10-11T17:10:26","date_gmt":"2024-10-11T15:10:26","guid":{"rendered":"https:\/\/miomiorun.com\/?post_type=product&#038;p=210476"},"modified":"2026-05-08T22:16:24","modified_gmt":"2026-05-08T20:16:24","slug":"felpa-essentials-fleece-3-stripes-herren","status":"publish","type":"product","link":"https:\/\/www.miomiorun.com\/de\/produkt\/felpa-essentials-fleece-3-stripes-herren\/","title":{"rendered":"Felpa Essentials Fleece 3-Stripes herren"},"content":{"rendered":"<p>Das Essentials Fleece 3-Stripes Sweatshirt f\u00fcr Herren ist ein Konzentrat aus Funktionalit\u00e4t und Stil. Es besteht aus einer weichen Baumwollmischung und ist das perfekte Modell, wenn Sie wissen, dass Sie den ganzen Tag im Freien verbringen werden. Der Rundhalsausschnitt und die Rippb\u00fcndchen an den \u00c4rmeln und am Saum sind Details, mit denen du dich rundum wohl f\u00fchlst. Die kultigen 3-Streifen auf beiden Armen runden den Look ab.<\/p>\n<ul class=\"m-contentContainer__copyElement\">\n<li>Dieses Produkt besteht zu mindestens 70 % aus einer Mischung aus recycelten und erneuerbaren Materialien.<\/li>\n<\/ul>\n<h3>Merkmale:<\/h3>\n<ul>\n<li>Recycelter Inhalt: Dieses Produkt wurde mit recyceltem Inhalt hergestellt, um Plastikm\u00fcll zu vermeiden.<\/li>\n<li>Bessere Baumwolle: Diese Baumwollprodukte unterst\u00fctzen den nachhaltigen Baumwollanbau.<\/li>\n<li>Passform: Regular<\/li>\n<li>Kapuzenpullover<\/li>\n<\/ul>\n<h4 class=\"care-title___2YJe1 gl-no-margin-bottom\">Waschanleitung<\/h4>\n<ul class=\"\">\n<li class=\"gl-vspace-bpall-small\"><img loading=\"lazy\" decoding=\"async\" src=\"https:\/\/www.adidas.it\/glass\/react\/050cc48\/assets\/img\/washing-instructions\/B1.svg\" alt=\"\" width=\"24\" height=\"24\" \/> Nicht bleichen<\/li>\n<li class=\"gl-vspace-bpall-small\"><img loading=\"lazy\" decoding=\"async\" src=\"https:\/\/www.adidas.it\/glass\/react\/050cc48\/assets\/img\/washing-instructions\/C2.svg\" alt=\"\" width=\"24\" height=\"24\" \/> W\u00e4schetrockner bei niedriger Temperatur verwenden<\/li>\n<li class=\"gl-vspace-bpall-small\"><img loading=\"lazy\" decoding=\"async\" src=\"https:\/\/www.adidas.it\/glass\/react\/050cc48\/assets\/img\/washing-instructions\/E1.svg\" alt=\"\" width=\"24\" height=\"24\" \/> Nicht chemisch reinigen<\/li>\n<li class=\"gl-vspace-bpall-small\"><img loading=\"lazy\" decoding=\"async\" src=\"https:\/\/www.adidas.it\/glass\/react\/050cc48\/assets\/img\/washing-instructions\/D2.svg\" alt=\"\" width=\"24\" height=\"24\" \/> Schonend kalt b\u00fcgeln<\/li>\n<li class=\"gl-vspace-bpall-small\"><img loading=\"lazy\" decoding=\"async\" src=\"https:\/\/www.adidas.it\/glass\/react\/050cc48\/assets\/img\/washing-instructions\/A4.svg\" alt=\"\" width=\"24\" height=\"24\" \/> Maschinenw\u00e4sche mit Schonwaschgang und kaltem Wasser<\/li>\n<\/ul>\n<div class=\"extra-instructions___2TR8b\">\n<h4 class=\"care-title___2YJe1 gl-no-margin-bottom\">Informationen zur Produktpflege<\/h4>\n<ul class=\"gl-list gl-vspace-bpall-small\">\n<li class=\"gl-vspace-bpall-small\">Keinen Weichsp\u00fcler verwenden<\/li>\n<li class=\"gl-vspace-bpall-small\">Nur Feinwaschmittel verwenden<\/li>\n<li class=\"gl-vspace-bpall-small\">Mit \u00e4hnlichen Farben waschen<\/li>\n<\/ul>\n<\/div>\n<div class=\"o-feature-callout__feature-copy\">\n<div class=\"o-feature-callout__feature-copy\">\n<div class=\"o-feature-callout__feature-copy\">\n<p class=\"a-type-p o-feature-callout__feature-body\">\n<\/div>\n<\/div>\n<\/div>\n","protected":false},"excerpt":{"rendered":"<ul class=\"m-long-description__features\">\n<li>Regelm\u00e4\u00dfig sichtbar<\/li>\n<li>Perfekt als Sweatshirt f\u00fcr tags\u00fcber<\/li>\n<\/ul>\n<p><span style=\"font-weight: 400;\">\u00a0<\/span><\/p>\n","protected":false},"featured_media":211811,"template":"","meta":{"_acf_changed":false,"inline_featured_image":false},"product_brand":[],"product_cat":[6515,6540,6541],"product_tag":[3403,6307],"class_list":{"0":"post-210476","1":"product","2":"type-product","3":"status-publish","4":"has-post-thumbnail","6":"product_cat-herren-de","7":"product_cat-herrenbekleidung","8":"product_cat-langarmshirt","9":"product_tag-adidas-de","10":"product_tag-adidas-herren-de","11":"pa_attivita-lifestyle-de","12":"pa_colore-m-3s-fl-swt-legink-de","13":"pa_marca-adidas-de","14":"pa_sesso-herren","15":"pa_size-small-de","16":"pa_size-medium-de","17":"pa_size-large-de","19":"first","20":"instock","21":"sale","22":"taxable","23":"shipping-taxable","24":"purchasable","25":"product-type-variable","26":"wvs-archive-product-wrapper"},"acf":[],"yoast_head":"<!-- This site is optimized with the Yoast SEO plugin v26.8 - https:\/\/yoast.com\/product\/yoast-seo-wordpress\/ -->\n<title>AdidasFelpa Essentials Fleece 3-Stripes herren - Langarmshirt- MioMioRun<\/title>\n<meta name=\"description\" content=\"Das Essentials Fleece 3-Stripes Sweatshirt f\u00fcr Herren ist ein Konzentrat aus Funktionalit\u00e4t und Stil. Hergestellt aus einer weichen Baumwollmischung.\" \/>\n<meta name=\"robots\" content=\"index, follow, max-snippet:-1, max-image-preview:large, max-video-preview:-1\" \/>\n<link rel=\"canonical\" href=\"https:\/\/www.miomiorun.com\/de\/produkt\/felpa-essentials-fleece-3-stripes-herren\/\" \/>\n<meta property=\"og:locale\" content=\"de_DE\" \/>\n<meta property=\"og:type\" content=\"article\" \/>\n<meta property=\"og:title\" content=\"AdidasFelpa Essentials Fleece 3-Stripes herren - Langarmshirt- MioMioRun\" \/>\n<meta property=\"og:description\" content=\"Das Essentials Fleece 3-Stripes Sweatshirt f\u00fcr Herren ist ein Konzentrat aus Funktionalit\u00e4t und Stil. Hergestellt aus einer weichen Baumwollmischung.\" \/>\n<meta property=\"og:url\" content=\"https:\/\/www.miomiorun.com\/de\/produkt\/felpa-essentials-fleece-3-stripes-herren\/\" \/>\n<meta property=\"og:site_name\" content=\"MioMioRun\" \/>\n<meta property=\"article:publisher\" content=\"https:\/\/www.facebook.com\/miomiorun\/\" \/>\n<meta property=\"article:modified_time\" content=\"2026-05-08T20:16:24+00:00\" \/>\n<meta property=\"og:image\" content=\"https:\/\/www.miomiorun.com\/app\/uploads\/2024\/10\/adidas-M-3S-FL-SWT-legink-IJ6469.webp\" \/>\n\t<meta property=\"og:image:width\" content=\"600\" \/>\n\t<meta property=\"og:image:height\" content=\"600\" \/>\n\t<meta property=\"og:image:type\" content=\"image\/webp\" \/>\n<meta name=\"twitter:card\" content=\"summary_large_image\" \/>\n<meta name=\"twitter:label1\" content=\"Est. reading time\" \/>\n\t<meta name=\"twitter:data1\" content=\"1 minute\" \/>\n<script type=\"application\/ld+json\" class=\"yoast-schema-graph\">{\"@context\":\"https:\/\/schema.org\",\"@graph\":[{\"@type\":\"WebPage\",\"@id\":\"https:\/\/www.miomiorun.com\/de\/produkt\/felpa-essentials-fleece-3-stripes-herren\/\",\"url\":\"https:\/\/www.miomiorun.com\/de\/produkt\/felpa-essentials-fleece-3-stripes-herren\/\",\"name\":\"AdidasFelpa Essentials Fleece 3-Stripes herren - Langarmshirt- MioMioRun\",\"isPartOf\":{\"@id\":\"https:\/\/www.miomiorun.com\/de\/#website\"},\"primaryImageOfPage\":{\"@id\":\"https:\/\/www.miomiorun.com\/de\/produkt\/felpa-essentials-fleece-3-stripes-herren\/#primaryimage\"},\"image\":{\"@id\":\"https:\/\/www.miomiorun.com\/de\/produkt\/felpa-essentials-fleece-3-stripes-herren\/#primaryimage\"},\"thumbnailUrl\":\"https:\/\/www.miomiorun.com\/app\/uploads\/2024\/10\/adidas-M-3S-FL-SWT-legink-IJ6469.webp\",\"datePublished\":\"2024-10-11T15:10:26+00:00\",\"dateModified\":\"2026-05-08T20:16:24+00:00\",\"description\":\"Das Essentials Fleece 3-Stripes Sweatshirt f\u00fcr Herren ist ein Konzentrat aus Funktionalit\u00e4t und Stil. Hergestellt aus einer weichen Baumwollmischung.\",\"breadcrumb\":{\"@id\":\"https:\/\/www.miomiorun.com\/de\/produkt\/felpa-essentials-fleece-3-stripes-herren\/#breadcrumb\"},\"inLanguage\":\"de-DE\",\"potentialAction\":[{\"@type\":\"ReadAction\",\"target\":[\"https:\/\/www.miomiorun.com\/de\/produkt\/felpa-essentials-fleece-3-stripes-herren\/\"]}]},{\"@type\":\"ImageObject\",\"inLanguage\":\"de-DE\",\"@id\":\"https:\/\/www.miomiorun.com\/de\/produkt\/felpa-essentials-fleece-3-stripes-herren\/#primaryimage\",\"url\":\"https:\/\/www.miomiorun.com\/app\/uploads\/2024\/10\/adidas-M-3S-FL-SWT-legink-IJ6469.webp\",\"contentUrl\":\"https:\/\/www.miomiorun.com\/app\/uploads\/2024\/10\/adidas-M-3S-FL-SWT-legink-IJ6469.webp\",\"width\":600,\"height\":600,\"caption\":\"adidas M 3S FL SWT legink IJ6469\"},{\"@type\":\"BreadcrumbList\",\"@id\":\"https:\/\/www.miomiorun.com\/de\/produkt\/felpa-essentials-fleece-3-stripes-herren\/#breadcrumb\",\"itemListElement\":[{\"@type\":\"ListItem\",\"position\":1,\"name\":\"Home\",\"item\":\"https:\/\/www.miomiorun.com\/de\/\"},{\"@type\":\"ListItem\",\"position\":2,\"name\":\"Shop\",\"item\":\"https:\/\/www.miomiorun.com\/shop\/\"},{\"@type\":\"ListItem\",\"position\":3,\"name\":\"Felpa Essentials Fleece 3-Stripes herren\"}]},{\"@type\":\"WebSite\",\"@id\":\"https:\/\/www.miomiorun.com\/de\/#website\",\"url\":\"https:\/\/www.miomiorun.com\/de\/\",\"name\":\"MioMioRun\",\"description\":\"100% Lauf- und Trailshop\",\"publisher\":{\"@id\":\"https:\/\/www.miomiorun.com\/de\/#organization\"},\"potentialAction\":[{\"@type\":\"SearchAction\",\"target\":{\"@type\":\"EntryPoint\",\"urlTemplate\":\"https:\/\/www.miomiorun.com\/de\/?s={search_term_string}\"},\"query-input\":{\"@type\":\"PropertyValueSpecification\",\"valueRequired\":true,\"valueName\":\"search_term_string\"}}],\"inLanguage\":\"de-DE\"},{\"@type\":\"Organization\",\"@id\":\"https:\/\/www.miomiorun.com\/de\/#organization\",\"name\":\"MioMio Run\",\"url\":\"https:\/\/www.miomiorun.com\/de\/\",\"logo\":{\"@type\":\"ImageObject\",\"inLanguage\":\"de-DE\",\"@id\":\"https:\/\/www.miomiorun.com\/de\/#\/schema\/logo\/image\/\",\"url\":\"https:\/\/www.miomiorun.com\/app\/uploads\/2019\/12\/logomio.png\",\"contentUrl\":\"https:\/\/www.miomiorun.com\/app\/uploads\/2019\/12\/logomio.png\",\"width\":115,\"height\":82,\"caption\":\"MioMio Run\"},\"image\":{\"@id\":\"https:\/\/www.miomiorun.com\/de\/#\/schema\/logo\/image\/\"},\"sameAs\":[\"https:\/\/www.facebook.com\/miomiorun\/\",\"https:\/\/www.instagram.com\/miomiorun\/\"]}]}<\/script>\n<!-- \/ Yoast SEO plugin. -->","yoast_head_json":{"title":"AdidasFelpa Essentials Fleece 3-Stripes herren - Langarmshirt- MioMioRun","description":"Das Essentials Fleece 3-Stripes Sweatshirt f\u00fcr Herren ist ein Konzentrat aus Funktionalit\u00e4t und Stil. Hergestellt aus einer weichen Baumwollmischung.","robots":{"index":"index","follow":"follow","max-snippet":"max-snippet:-1","max-image-preview":"max-image-preview:large","max-video-preview":"max-video-preview:-1"},"canonical":"https:\/\/www.miomiorun.com\/de\/produkt\/felpa-essentials-fleece-3-stripes-herren\/","og_locale":"de_DE","og_type":"article","og_title":"AdidasFelpa Essentials Fleece 3-Stripes herren - Langarmshirt- MioMioRun","og_description":"Das Essentials Fleece 3-Stripes Sweatshirt f\u00fcr Herren ist ein Konzentrat aus Funktionalit\u00e4t und Stil. Hergestellt aus einer weichen Baumwollmischung.","og_url":"https:\/\/www.miomiorun.com\/de\/produkt\/felpa-essentials-fleece-3-stripes-herren\/","og_site_name":"MioMioRun","article_publisher":"https:\/\/www.facebook.com\/miomiorun\/","article_modified_time":"2026-05-08T20:16:24+00:00","og_image":[{"width":600,"height":600,"url":"https:\/\/www.miomiorun.com\/app\/uploads\/2024\/10\/adidas-M-3S-FL-SWT-legink-IJ6469.webp","type":"image\/webp"}],"twitter_card":"summary_large_image","twitter_misc":{"Est. reading time":"1 minute"},"schema":{"@context":"https:\/\/schema.org","@graph":[{"@type":"WebPage","@id":"https:\/\/www.miomiorun.com\/de\/produkt\/felpa-essentials-fleece-3-stripes-herren\/","url":"https:\/\/www.miomiorun.com\/de\/produkt\/felpa-essentials-fleece-3-stripes-herren\/","name":"AdidasFelpa Essentials Fleece 3-Stripes herren - Langarmshirt- MioMioRun","isPartOf":{"@id":"https:\/\/www.miomiorun.com\/de\/#website"},"primaryImageOfPage":{"@id":"https:\/\/www.miomiorun.com\/de\/produkt\/felpa-essentials-fleece-3-stripes-herren\/#primaryimage"},"image":{"@id":"https:\/\/www.miomiorun.com\/de\/produkt\/felpa-essentials-fleece-3-stripes-herren\/#primaryimage"},"thumbnailUrl":"https:\/\/www.miomiorun.com\/app\/uploads\/2024\/10\/adidas-M-3S-FL-SWT-legink-IJ6469.webp","datePublished":"2024-10-11T15:10:26+00:00","dateModified":"2026-05-08T20:16:24+00:00","description":"Das Essentials Fleece 3-Stripes Sweatshirt f\u00fcr Herren ist ein Konzentrat aus Funktionalit\u00e4t und Stil. Hergestellt aus einer weichen Baumwollmischung.","breadcrumb":{"@id":"https:\/\/www.miomiorun.com\/de\/produkt\/felpa-essentials-fleece-3-stripes-herren\/#breadcrumb"},"inLanguage":"de-DE","potentialAction":[{"@type":"ReadAction","target":["https:\/\/www.miomiorun.com\/de\/produkt\/felpa-essentials-fleece-3-stripes-herren\/"]}]},{"@type":"ImageObject","inLanguage":"de-DE","@id":"https:\/\/www.miomiorun.com\/de\/produkt\/felpa-essentials-fleece-3-stripes-herren\/#primaryimage","url":"https:\/\/www.miomiorun.com\/app\/uploads\/2024\/10\/adidas-M-3S-FL-SWT-legink-IJ6469.webp","contentUrl":"https:\/\/www.miomiorun.com\/app\/uploads\/2024\/10\/adidas-M-3S-FL-SWT-legink-IJ6469.webp","width":600,"height":600,"caption":"adidas M 3S FL SWT legink IJ6469"},{"@type":"BreadcrumbList","@id":"https:\/\/www.miomiorun.com\/de\/produkt\/felpa-essentials-fleece-3-stripes-herren\/#breadcrumb","itemListElement":[{"@type":"ListItem","position":1,"name":"Home","item":"https:\/\/www.miomiorun.com\/de\/"},{"@type":"ListItem","position":2,"name":"Shop","item":"https:\/\/www.miomiorun.com\/shop\/"},{"@type":"ListItem","position":3,"name":"Felpa Essentials Fleece 3-Stripes herren"}]},{"@type":"WebSite","@id":"https:\/\/www.miomiorun.com\/de\/#website","url":"https:\/\/www.miomiorun.com\/de\/","name":"MioMioRun","description":"100% Lauf- und Trailshop","publisher":{"@id":"https:\/\/www.miomiorun.com\/de\/#organization"},"potentialAction":[{"@type":"SearchAction","target":{"@type":"EntryPoint","urlTemplate":"https:\/\/www.miomiorun.com\/de\/?s={search_term_string}"},"query-input":{"@type":"PropertyValueSpecification","valueRequired":true,"valueName":"search_term_string"}}],"inLanguage":"de-DE"},{"@type":"Organization","@id":"https:\/\/www.miomiorun.com\/de\/#organization","name":"MioMio Run","url":"https:\/\/www.miomiorun.com\/de\/","logo":{"@type":"ImageObject","inLanguage":"de-DE","@id":"https:\/\/www.miomiorun.com\/de\/#\/schema\/logo\/image\/","url":"https:\/\/www.miomiorun.com\/app\/uploads\/2019\/12\/logomio.png","contentUrl":"https:\/\/www.miomiorun.com\/app\/uploads\/2019\/12\/logomio.png","width":115,"height":82,"caption":"MioMio Run"},"image":{"@id":"https:\/\/www.miomiorun.com\/de\/#\/schema\/logo\/image\/"},"sameAs":["https:\/\/www.facebook.com\/miomiorun\/","https:\/\/www.instagram.com\/miomiorun\/"]}]}},"_links":{"self":[{"href":"https:\/\/www.miomiorun.com\/de\/wp-json\/wp\/v2\/product\/210476","targetHints":{"allow":["GET"]}}],"collection":[{"href":"https:\/\/www.miomiorun.com\/de\/wp-json\/wp\/v2\/product"}],"about":[{"href":"https:\/\/www.miomiorun.com\/de\/wp-json\/wp\/v2\/types\/product"}],"wp:featuredmedia":[{"embeddable":true,"href":"https:\/\/www.miomiorun.com\/de\/wp-json\/wp\/v2\/media\/211811"}],"wp:attachment":[{"href":"https:\/\/www.miomiorun.com\/de\/wp-json\/wp\/v2\/media?parent=210476"}],"wp:term":[{"taxonomy":"product_brand","embeddable":true,"href":"https:\/\/www.miomiorun.com\/de\/wp-json\/wp\/v2\/product_brand?post=210476"},{"taxonomy":"product_cat","embeddable":true,"href":"https:\/\/www.miomiorun.com\/de\/wp-json\/wp\/v2\/product_cat?post=210476"},{"taxonomy":"product_tag","embeddable":true,"href":"https:\/\/www.miomiorun.com\/de\/wp-json\/wp\/v2\/product_tag?post=210476"}],"curies":[{"name":"wp","href":"https:\/\/api.w.org\/{rel}","templated":true}]}}