{"id":210314,"date":"2024-10-11T11:26:12","date_gmt":"2024-10-11T09:26:12","guid":{"rendered":"https:\/\/miomiorun.com\/?post_type=product&#038;p=210314"},"modified":"2024-11-12T15:30:12","modified_gmt":"2024-11-12T14:30:12","slug":"jkt-next-damen","status":"publish","type":"product","link":"https:\/\/www.miomiorun.com\/de\/produkt\/jkt-next-damen\/","title":{"rendered":"JKT Next damen"},"content":{"rendered":"<p><strong>JKT Next<\/strong> f\u00fcr Frauen ist ein Hybrid-Pullover, der f\u00fcr die h\u00e4rtesten Wetterbedingungen entwickelt wurde, wenn eine einfache<strong>mittlere Schicht<\/strong>nicht ausreicht und mehr W\u00e4rme und Schutz ben\u00f6tigt wird. Der empfohlene Einsatzbereich ist das Bergsteigen und die Leistung in der H\u00f6he, wenn man sich Klettertouren stellt, bei denen das Unerwartete immer m\u00f6glich ist.<\/p>\n<p>Sie besteht aus dem innovativen bi-elastischen Two Face-Gewebe mit einer harten, abriebfesten Au\u00dfenseite. Der Stoff hinter den \u00c4rmeln und unter den Achseln ist ein atmungsaktives, weiches und widerstandsf\u00e4higes Softshell mit wasserabweisender DWR-Behandlung. W\u00e4rmer und atmungsaktiv bei weniger Volumen. Dieser Pullover hat eine Kapuze mit elastischem Saum, eine Brusttasche + zwei verschwei\u00dfte Handw\u00e4rmertaschen, alle mit Rei\u00dfverschluss, elastischem Saum und \u00c4rmelb\u00fcndchen, alles in einem attraktiven Design.<\/p>\n<p><strong>MERKMALE:<\/strong><\/p>\n<div class=\"carProdotto\">\n<ul>\n<li>offener Pullover mit Frontrei\u00dfverschluss und Kapuze<\/li>\n<li>Brusttasche mit Rei\u00dfverschluss<\/li>\n<li>elastische Einfassungen an Kapuze und \u00c4rmelsaum<\/li>\n<li>Daumenloch-Knopfloch<\/li>\n<\/ul>\n<\/div>\n","protected":false},"excerpt":{"rendered":"<ul>\n<li>Brusttasche mit Rei\u00dfverschluss<\/li>\n<li>elastische Einfassungen an Kapuze und \u00c4rmelsaum<\/li>\n<li>Daumenschlaufe<\/li>\n<\/ul>\n","protected":false},"featured_media":210373,"template":"","meta":{"_acf_changed":false,"inline_featured_image":false},"product_brand":[],"product_cat":[6400,6401,6404],"product_tag":[3370,6237],"class_list":{"0":"post-210314","1":"product","2":"type-product","3":"status-publish","4":"has-post-thumbnail","6":"product_cat-damen","7":"product_cat-damenbekleidung","8":"product_cat-damenjacken","9":"product_tag-crazy-idea-de","10":"product_tag-crazy-idea-damen-de","11":"pa_attivita-gehen","12":"pa_attivita-outdoor-de","13":"pa_attivita-trail-de","14":"pa_colore-jkt-next-chewing-gum-w-de","15":"pa_colore-jkt-next-pop-w-de","16":"pa_marca-crazy-idea-de","17":"pa_sesso-damen","18":"pa_size-extra-small-de","19":"pa_size-small-de","20":"pa_size-medium-de","21":"pa_size-large-de","23":"first","24":"instock","25":"sale","26":"taxable","27":"shipping-taxable","28":"purchasable","29":"product-type-variable","30":"wvs-archive-product-wrapper"},"acf":[],"yoast_head":"<!-- This site is optimized with the Yoast SEO plugin v26.8 - https:\/\/yoast.com\/product\/yoast-seo-wordpress\/ -->\n<title>Crazy Idea JKT Next damen - Laufjacke - MioMioRun<\/title>\n<meta name=\"description\" content=\"JKT Next f\u00fcr Frauen ist ein Hybrid-Pullover, der f\u00fcr die h\u00e4rtesten Wetterbedingungen entwickelt wurde, wenn eine einfache mittlere Schicht&quot; nicht ausreicht.\" \/>\n<meta name=\"robots\" content=\"index, follow, max-snippet:-1, max-image-preview:large, max-video-preview:-1\" \/>\n<link rel=\"canonical\" href=\"https:\/\/www.miomiorun.com\/de\/produkt\/jkt-next-damen\/\" \/>\n<meta property=\"og:locale\" content=\"de_DE\" \/>\n<meta property=\"og:type\" content=\"article\" \/>\n<meta property=\"og:title\" content=\"Crazy Idea JKT Next damen - Laufjacke - MioMioRun\" \/>\n<meta property=\"og:description\" content=\"JKT Next f\u00fcr Frauen ist ein Hybrid-Pullover, der f\u00fcr die h\u00e4rtesten Wetterbedingungen entwickelt wurde, wenn eine einfache mittlere Schicht&quot; nicht ausreicht.\" \/>\n<meta property=\"og:url\" content=\"https:\/\/www.miomiorun.com\/de\/produkt\/jkt-next-damen\/\" \/>\n<meta property=\"og:site_name\" content=\"MioMioRun\" \/>\n<meta property=\"article:publisher\" content=\"https:\/\/www.facebook.com\/miomiorun\/\" \/>\n<meta property=\"article:modified_time\" content=\"2024-11-12T14:30:12+00:00\" \/>\n<meta property=\"og:image\" content=\"https:\/\/www.miomiorun.com\/app\/uploads\/2024\/10\/crazy-JKT-Next-POP-W-W24055193D-0063.webp\" \/>\n\t<meta property=\"og:image:width\" content=\"600\" \/>\n\t<meta property=\"og:image:height\" content=\"600\" \/>\n\t<meta property=\"og:image:type\" content=\"image\/webp\" \/>\n<meta name=\"twitter:card\" content=\"summary_large_image\" \/>\n<meta name=\"twitter:label1\" content=\"Est. reading time\" \/>\n\t<meta name=\"twitter:data1\" content=\"1 minute\" \/>\n<script type=\"application\/ld+json\" class=\"yoast-schema-graph\">{\"@context\":\"https:\/\/schema.org\",\"@graph\":[{\"@type\":\"WebPage\",\"@id\":\"https:\/\/www.miomiorun.com\/de\/produkt\/jkt-next-damen\/\",\"url\":\"https:\/\/www.miomiorun.com\/de\/produkt\/jkt-next-damen\/\",\"name\":\"Crazy Idea JKT Next damen - Laufjacke - MioMioRun\",\"isPartOf\":{\"@id\":\"https:\/\/www.miomiorun.com\/de\/#website\"},\"primaryImageOfPage\":{\"@id\":\"https:\/\/www.miomiorun.com\/de\/produkt\/jkt-next-damen\/#primaryimage\"},\"image\":{\"@id\":\"https:\/\/www.miomiorun.com\/de\/produkt\/jkt-next-damen\/#primaryimage\"},\"thumbnailUrl\":\"https:\/\/www.miomiorun.com\/app\/uploads\/2024\/10\/crazy-JKT-Next-POP-W-W24055193D-0063.webp\",\"datePublished\":\"2024-10-11T09:26:12+00:00\",\"dateModified\":\"2024-11-12T14:30:12+00:00\",\"description\":\"JKT Next f\u00fcr Frauen ist ein Hybrid-Pullover, der f\u00fcr die h\u00e4rtesten Wetterbedingungen entwickelt wurde, wenn eine einfache mittlere Schicht\\\" nicht ausreicht.\",\"breadcrumb\":{\"@id\":\"https:\/\/www.miomiorun.com\/de\/produkt\/jkt-next-damen\/#breadcrumb\"},\"inLanguage\":\"de-DE\",\"potentialAction\":[{\"@type\":\"ReadAction\",\"target\":[\"https:\/\/www.miomiorun.com\/de\/produkt\/jkt-next-damen\/\"]}]},{\"@type\":\"ImageObject\",\"inLanguage\":\"de-DE\",\"@id\":\"https:\/\/www.miomiorun.com\/de\/produkt\/jkt-next-damen\/#primaryimage\",\"url\":\"https:\/\/www.miomiorun.com\/app\/uploads\/2024\/10\/crazy-JKT-Next-POP-W-W24055193D-0063.webp\",\"contentUrl\":\"https:\/\/www.miomiorun.com\/app\/uploads\/2024\/10\/crazy-JKT-Next-POP-W-W24055193D-0063.webp\",\"width\":600,\"height\":600,\"caption\":\"crazy JKT Next POP W W24055193D-0063\"},{\"@type\":\"BreadcrumbList\",\"@id\":\"https:\/\/www.miomiorun.com\/de\/produkt\/jkt-next-damen\/#breadcrumb\",\"itemListElement\":[{\"@type\":\"ListItem\",\"position\":1,\"name\":\"Home\",\"item\":\"https:\/\/www.miomiorun.com\/de\/\"},{\"@type\":\"ListItem\",\"position\":2,\"name\":\"Shop\",\"item\":\"https:\/\/www.miomiorun.com\/shop\/\"},{\"@type\":\"ListItem\",\"position\":3,\"name\":\"JKT Next damen\"}]},{\"@type\":\"WebSite\",\"@id\":\"https:\/\/www.miomiorun.com\/de\/#website\",\"url\":\"https:\/\/www.miomiorun.com\/de\/\",\"name\":\"MioMioRun\",\"description\":\"100% Lauf- und Trailshop\",\"publisher\":{\"@id\":\"https:\/\/www.miomiorun.com\/de\/#organization\"},\"potentialAction\":[{\"@type\":\"SearchAction\",\"target\":{\"@type\":\"EntryPoint\",\"urlTemplate\":\"https:\/\/www.miomiorun.com\/de\/?s={search_term_string}\"},\"query-input\":{\"@type\":\"PropertyValueSpecification\",\"valueRequired\":true,\"valueName\":\"search_term_string\"}}],\"inLanguage\":\"de-DE\"},{\"@type\":\"Organization\",\"@id\":\"https:\/\/www.miomiorun.com\/de\/#organization\",\"name\":\"MioMio Run\",\"url\":\"https:\/\/www.miomiorun.com\/de\/\",\"logo\":{\"@type\":\"ImageObject\",\"inLanguage\":\"de-DE\",\"@id\":\"https:\/\/www.miomiorun.com\/de\/#\/schema\/logo\/image\/\",\"url\":\"https:\/\/www.miomiorun.com\/app\/uploads\/2019\/12\/logomio.png\",\"contentUrl\":\"https:\/\/www.miomiorun.com\/app\/uploads\/2019\/12\/logomio.png\",\"width\":115,\"height\":82,\"caption\":\"MioMio Run\"},\"image\":{\"@id\":\"https:\/\/www.miomiorun.com\/de\/#\/schema\/logo\/image\/\"},\"sameAs\":[\"https:\/\/www.facebook.com\/miomiorun\/\",\"https:\/\/www.instagram.com\/miomiorun\/\"]}]}<\/script>\n<!-- \/ Yoast SEO plugin. -->","yoast_head_json":{"title":"Crazy Idea JKT Next damen - Laufjacke - MioMioRun","description":"JKT Next f\u00fcr Frauen ist ein Hybrid-Pullover, der f\u00fcr die h\u00e4rtesten Wetterbedingungen entwickelt wurde, wenn eine einfache mittlere Schicht\" nicht ausreicht.","robots":{"index":"index","follow":"follow","max-snippet":"max-snippet:-1","max-image-preview":"max-image-preview:large","max-video-preview":"max-video-preview:-1"},"canonical":"https:\/\/www.miomiorun.com\/de\/produkt\/jkt-next-damen\/","og_locale":"de_DE","og_type":"article","og_title":"Crazy Idea JKT Next damen - Laufjacke - MioMioRun","og_description":"JKT Next f\u00fcr Frauen ist ein Hybrid-Pullover, der f\u00fcr die h\u00e4rtesten Wetterbedingungen entwickelt wurde, wenn eine einfache mittlere Schicht\" nicht ausreicht.","og_url":"https:\/\/www.miomiorun.com\/de\/produkt\/jkt-next-damen\/","og_site_name":"MioMioRun","article_publisher":"https:\/\/www.facebook.com\/miomiorun\/","article_modified_time":"2024-11-12T14:30:12+00:00","og_image":[{"width":600,"height":600,"url":"https:\/\/www.miomiorun.com\/app\/uploads\/2024\/10\/crazy-JKT-Next-POP-W-W24055193D-0063.webp","type":"image\/webp"}],"twitter_card":"summary_large_image","twitter_misc":{"Est. reading time":"1 minute"},"schema":{"@context":"https:\/\/schema.org","@graph":[{"@type":"WebPage","@id":"https:\/\/www.miomiorun.com\/de\/produkt\/jkt-next-damen\/","url":"https:\/\/www.miomiorun.com\/de\/produkt\/jkt-next-damen\/","name":"Crazy Idea JKT Next damen - Laufjacke - MioMioRun","isPartOf":{"@id":"https:\/\/www.miomiorun.com\/de\/#website"},"primaryImageOfPage":{"@id":"https:\/\/www.miomiorun.com\/de\/produkt\/jkt-next-damen\/#primaryimage"},"image":{"@id":"https:\/\/www.miomiorun.com\/de\/produkt\/jkt-next-damen\/#primaryimage"},"thumbnailUrl":"https:\/\/www.miomiorun.com\/app\/uploads\/2024\/10\/crazy-JKT-Next-POP-W-W24055193D-0063.webp","datePublished":"2024-10-11T09:26:12+00:00","dateModified":"2024-11-12T14:30:12+00:00","description":"JKT Next f\u00fcr Frauen ist ein Hybrid-Pullover, der f\u00fcr die h\u00e4rtesten Wetterbedingungen entwickelt wurde, wenn eine einfache mittlere Schicht\" nicht ausreicht.","breadcrumb":{"@id":"https:\/\/www.miomiorun.com\/de\/produkt\/jkt-next-damen\/#breadcrumb"},"inLanguage":"de-DE","potentialAction":[{"@type":"ReadAction","target":["https:\/\/www.miomiorun.com\/de\/produkt\/jkt-next-damen\/"]}]},{"@type":"ImageObject","inLanguage":"de-DE","@id":"https:\/\/www.miomiorun.com\/de\/produkt\/jkt-next-damen\/#primaryimage","url":"https:\/\/www.miomiorun.com\/app\/uploads\/2024\/10\/crazy-JKT-Next-POP-W-W24055193D-0063.webp","contentUrl":"https:\/\/www.miomiorun.com\/app\/uploads\/2024\/10\/crazy-JKT-Next-POP-W-W24055193D-0063.webp","width":600,"height":600,"caption":"crazy JKT Next POP W W24055193D-0063"},{"@type":"BreadcrumbList","@id":"https:\/\/www.miomiorun.com\/de\/produkt\/jkt-next-damen\/#breadcrumb","itemListElement":[{"@type":"ListItem","position":1,"name":"Home","item":"https:\/\/www.miomiorun.com\/de\/"},{"@type":"ListItem","position":2,"name":"Shop","item":"https:\/\/www.miomiorun.com\/shop\/"},{"@type":"ListItem","position":3,"name":"JKT Next damen"}]},{"@type":"WebSite","@id":"https:\/\/www.miomiorun.com\/de\/#website","url":"https:\/\/www.miomiorun.com\/de\/","name":"MioMioRun","description":"100% Lauf- und Trailshop","publisher":{"@id":"https:\/\/www.miomiorun.com\/de\/#organization"},"potentialAction":[{"@type":"SearchAction","target":{"@type":"EntryPoint","urlTemplate":"https:\/\/www.miomiorun.com\/de\/?s={search_term_string}"},"query-input":{"@type":"PropertyValueSpecification","valueRequired":true,"valueName":"search_term_string"}}],"inLanguage":"de-DE"},{"@type":"Organization","@id":"https:\/\/www.miomiorun.com\/de\/#organization","name":"MioMio Run","url":"https:\/\/www.miomiorun.com\/de\/","logo":{"@type":"ImageObject","inLanguage":"de-DE","@id":"https:\/\/www.miomiorun.com\/de\/#\/schema\/logo\/image\/","url":"https:\/\/www.miomiorun.com\/app\/uploads\/2019\/12\/logomio.png","contentUrl":"https:\/\/www.miomiorun.com\/app\/uploads\/2019\/12\/logomio.png","width":115,"height":82,"caption":"MioMio Run"},"image":{"@id":"https:\/\/www.miomiorun.com\/de\/#\/schema\/logo\/image\/"},"sameAs":["https:\/\/www.facebook.com\/miomiorun\/","https:\/\/www.instagram.com\/miomiorun\/"]}]}},"_links":{"self":[{"href":"https:\/\/www.miomiorun.com\/de\/wp-json\/wp\/v2\/product\/210314","targetHints":{"allow":["GET"]}}],"collection":[{"href":"https:\/\/www.miomiorun.com\/de\/wp-json\/wp\/v2\/product"}],"about":[{"href":"https:\/\/www.miomiorun.com\/de\/wp-json\/wp\/v2\/types\/product"}],"wp:featuredmedia":[{"embeddable":true,"href":"https:\/\/www.miomiorun.com\/de\/wp-json\/wp\/v2\/media\/210373"}],"wp:attachment":[{"href":"https:\/\/www.miomiorun.com\/de\/wp-json\/wp\/v2\/media?parent=210314"}],"wp:term":[{"taxonomy":"product_brand","embeddable":true,"href":"https:\/\/www.miomiorun.com\/de\/wp-json\/wp\/v2\/product_brand?post=210314"},{"taxonomy":"product_cat","embeddable":true,"href":"https:\/\/www.miomiorun.com\/de\/wp-json\/wp\/v2\/product_cat?post=210314"},{"taxonomy":"product_tag","embeddable":true,"href":"https:\/\/www.miomiorun.com\/de\/wp-json\/wp\/v2\/product_tag?post=210314"}],"curies":[{"name":"wp","href":"https:\/\/api.w.org\/{rel}","templated":true}]}}