{"id":210289,"date":"2024-10-11T11:24:49","date_gmt":"2024-10-11T09:24:49","guid":{"rendered":"https:\/\/miomiorun.com\/?post_type=product&#038;p=210289"},"modified":"2024-11-14T14:31:11","modified_gmt":"2024-11-14T13:31:11","slug":"jkt-next-herren","status":"publish","type":"product","link":"https:\/\/www.miomiorun.com\/de\/produkt\/jkt-next-herren\/","title":{"rendered":"JKT Next herren"},"content":{"rendered":"<p><strong>JKT Next<\/strong> f\u00fcr M\u00e4nner ist ein Hybrid-Pullover, der f\u00fcr die h\u00e4rtesten Wetterbedingungen entwickelt wurde, wenn eine einfache mittlere Schicht nicht ausreicht und mehr W\u00e4rme und Schutz ben\u00f6tigt wird. Der empfohlene Einsatzbereich ist das Bergsteigen und die Leistung in der H\u00f6he, wenn man sich Klettertouren stellt, bei denen das Unerwartete immer m\u00f6glich ist.<\/p>\n<p>Sie besteht aus dem innovativen bi-elastischen Two Face-Gewebe mit einer harten, abriebfesten Au\u00dfenseite und einem atmungsaktiven, weichen und widerstandsf\u00e4higen Softshell-Gewebe mit wasserabweisender DWR-Behandlung im \u00c4rmel- und Unterarmbereich. W\u00e4rmer und atmungsaktiv bei weniger Volumen. Der Pullover hat eine Kapuze mit Gummizug am Saum, eine Brusttasche + zwei verschwei\u00dfte Handw\u00e4rmertaschen, alle mit Rei\u00dfverschluss, Saum und \u00c4rmelb\u00fcndchen mit Gummizug am Saum, alles in einem attraktiven Design.<\/p>\n<p><strong>MERKMALE:<\/strong><\/p>\n<ul>\n<li>Offener Pullover mit Frontrei\u00dfverschluss und Kapuze<\/li>\n<li>Brusttasche mit Rei\u00dfverschluss<\/li>\n<li>Elastische Einfassungen an Kapuze und \u00c4rmelabschl\u00fcssen<\/li>\n<li>Daumenknopfloch<\/li>\n<\/ul>\n<p>&nbsp;<\/p>\n<p>&nbsp;<\/p>\n","protected":false},"excerpt":{"rendered":"<ul>\n<li>Brusttasche mit Rei\u00dfverschluss<\/li>\n<li>elastische Einfassungen an Kapuze und \u00c4rmelsaum<\/li>\n<li>Daumenschlaufe<\/li>\n<\/ul>\n","protected":false},"featured_media":210280,"template":"","meta":{"_acf_changed":false,"inline_featured_image":false},"product_brand":[],"product_cat":[6515,6540,6541],"product_tag":[3370,6238],"class_list":{"0":"post-210289","1":"product","2":"type-product","3":"status-publish","4":"has-post-thumbnail","6":"product_cat-herren-de","7":"product_cat-herrenbekleidung","8":"product_cat-langarmshirt","9":"product_tag-crazy-idea-de","10":"product_tag-crazy-idea-herren-de","11":"pa_attivita-gehen","12":"pa_attivita-outdoor-de","13":"pa_attivita-trail-de","14":"pa_colore-jkt-next-early-m-de","15":"pa_colore-jkt-next-energy-m-de","16":"pa_marca-crazy-idea-de","17":"pa_sesso-herren","18":"pa_size-small-de","19":"pa_size-large-de","20":"pa_size-extra-large-de","22":"first","23":"instock","24":"sale","25":"taxable","26":"shipping-taxable","27":"purchasable","28":"product-type-variable","29":"wvs-archive-product-wrapper"},"acf":[],"yoast_head":"<!-- This site is optimized with the Yoast SEO plugin v26.8 - https:\/\/yoast.com\/product\/yoast-seo-wordpress\/ -->\n<title>Crazy Idea JKT Next herren - Langarmshirt - MioMioRun<\/title>\n<meta name=\"description\" content=\"JKT Next f\u00fcr M\u00e4nner ist ein Hybrid-Pullover, der f\u00fcr die h\u00e4rtesten Wetterbedingungen entwickelt wurde, wenn eine einfache mittlere Schicht&quot; nicht ausreicht.\" \/>\n<meta name=\"robots\" content=\"index, follow, max-snippet:-1, max-image-preview:large, max-video-preview:-1\" \/>\n<link rel=\"canonical\" href=\"https:\/\/www.miomiorun.com\/de\/produkt\/jkt-next-herren\/\" \/>\n<meta property=\"og:locale\" content=\"de_DE\" \/>\n<meta property=\"og:type\" content=\"article\" \/>\n<meta property=\"og:title\" content=\"Crazy Idea JKT Next herren - Langarmshirt - MioMioRun\" \/>\n<meta property=\"og:description\" content=\"JKT Next f\u00fcr M\u00e4nner ist ein Hybrid-Pullover, der f\u00fcr die h\u00e4rtesten Wetterbedingungen entwickelt wurde, wenn eine einfache mittlere Schicht&quot; nicht ausreicht.\" \/>\n<meta property=\"og:url\" content=\"https:\/\/www.miomiorun.com\/de\/produkt\/jkt-next-herren\/\" \/>\n<meta property=\"og:site_name\" content=\"MioMioRun\" \/>\n<meta property=\"article:publisher\" content=\"https:\/\/www.facebook.com\/miomiorun\/\" \/>\n<meta property=\"article:modified_time\" content=\"2024-11-14T13:31:11+00:00\" \/>\n<meta property=\"og:image\" content=\"https:\/\/www.miomiorun.com\/app\/uploads\/2024\/10\/crazy-JKT-Next-Energy-M-W24055185U-0062.webp\" \/>\n\t<meta property=\"og:image:width\" content=\"600\" \/>\n\t<meta property=\"og:image:height\" content=\"600\" \/>\n\t<meta property=\"og:image:type\" content=\"image\/webp\" \/>\n<meta name=\"twitter:card\" content=\"summary_large_image\" \/>\n<meta name=\"twitter:label1\" content=\"Est. reading time\" \/>\n\t<meta name=\"twitter:data1\" content=\"1 minute\" \/>\n<script type=\"application\/ld+json\" class=\"yoast-schema-graph\">{\"@context\":\"https:\/\/schema.org\",\"@graph\":[{\"@type\":\"WebPage\",\"@id\":\"https:\/\/www.miomiorun.com\/de\/produkt\/jkt-next-herren\/\",\"url\":\"https:\/\/www.miomiorun.com\/de\/produkt\/jkt-next-herren\/\",\"name\":\"Crazy Idea JKT Next herren - Langarmshirt - MioMioRun\",\"isPartOf\":{\"@id\":\"https:\/\/www.miomiorun.com\/de\/#website\"},\"primaryImageOfPage\":{\"@id\":\"https:\/\/www.miomiorun.com\/de\/produkt\/jkt-next-herren\/#primaryimage\"},\"image\":{\"@id\":\"https:\/\/www.miomiorun.com\/de\/produkt\/jkt-next-herren\/#primaryimage\"},\"thumbnailUrl\":\"https:\/\/www.miomiorun.com\/app\/uploads\/2024\/10\/crazy-JKT-Next-Energy-M-W24055185U-0062.webp\",\"datePublished\":\"2024-10-11T09:24:49+00:00\",\"dateModified\":\"2024-11-14T13:31:11+00:00\",\"description\":\"JKT Next f\u00fcr M\u00e4nner ist ein Hybrid-Pullover, der f\u00fcr die h\u00e4rtesten Wetterbedingungen entwickelt wurde, wenn eine einfache mittlere Schicht\\\" nicht ausreicht.\",\"breadcrumb\":{\"@id\":\"https:\/\/www.miomiorun.com\/de\/produkt\/jkt-next-herren\/#breadcrumb\"},\"inLanguage\":\"de-DE\",\"potentialAction\":[{\"@type\":\"ReadAction\",\"target\":[\"https:\/\/www.miomiorun.com\/de\/produkt\/jkt-next-herren\/\"]}]},{\"@type\":\"ImageObject\",\"inLanguage\":\"de-DE\",\"@id\":\"https:\/\/www.miomiorun.com\/de\/produkt\/jkt-next-herren\/#primaryimage\",\"url\":\"https:\/\/www.miomiorun.com\/app\/uploads\/2024\/10\/crazy-JKT-Next-Energy-M-W24055185U-0062.webp\",\"contentUrl\":\"https:\/\/www.miomiorun.com\/app\/uploads\/2024\/10\/crazy-JKT-Next-Energy-M-W24055185U-0062.webp\",\"width\":600,\"height\":600,\"caption\":\"crazy JKT Next Energy M W24055185U-0062\"},{\"@type\":\"BreadcrumbList\",\"@id\":\"https:\/\/www.miomiorun.com\/de\/produkt\/jkt-next-herren\/#breadcrumb\",\"itemListElement\":[{\"@type\":\"ListItem\",\"position\":1,\"name\":\"Home\",\"item\":\"https:\/\/www.miomiorun.com\/de\/\"},{\"@type\":\"ListItem\",\"position\":2,\"name\":\"Shop\",\"item\":\"https:\/\/www.miomiorun.com\/shop\/\"},{\"@type\":\"ListItem\",\"position\":3,\"name\":\"JKT Next herren\"}]},{\"@type\":\"WebSite\",\"@id\":\"https:\/\/www.miomiorun.com\/de\/#website\",\"url\":\"https:\/\/www.miomiorun.com\/de\/\",\"name\":\"MioMioRun\",\"description\":\"100% Lauf- und Trailshop\",\"publisher\":{\"@id\":\"https:\/\/www.miomiorun.com\/de\/#organization\"},\"potentialAction\":[{\"@type\":\"SearchAction\",\"target\":{\"@type\":\"EntryPoint\",\"urlTemplate\":\"https:\/\/www.miomiorun.com\/de\/?s={search_term_string}\"},\"query-input\":{\"@type\":\"PropertyValueSpecification\",\"valueRequired\":true,\"valueName\":\"search_term_string\"}}],\"inLanguage\":\"de-DE\"},{\"@type\":\"Organization\",\"@id\":\"https:\/\/www.miomiorun.com\/de\/#organization\",\"name\":\"MioMio Run\",\"url\":\"https:\/\/www.miomiorun.com\/de\/\",\"logo\":{\"@type\":\"ImageObject\",\"inLanguage\":\"de-DE\",\"@id\":\"https:\/\/www.miomiorun.com\/de\/#\/schema\/logo\/image\/\",\"url\":\"https:\/\/www.miomiorun.com\/app\/uploads\/2019\/12\/logomio.png\",\"contentUrl\":\"https:\/\/www.miomiorun.com\/app\/uploads\/2019\/12\/logomio.png\",\"width\":115,\"height\":82,\"caption\":\"MioMio Run\"},\"image\":{\"@id\":\"https:\/\/www.miomiorun.com\/de\/#\/schema\/logo\/image\/\"},\"sameAs\":[\"https:\/\/www.facebook.com\/miomiorun\/\",\"https:\/\/www.instagram.com\/miomiorun\/\"]}]}<\/script>\n<!-- \/ Yoast SEO plugin. -->","yoast_head_json":{"title":"Crazy Idea JKT Next herren - Langarmshirt - MioMioRun","description":"JKT Next f\u00fcr M\u00e4nner ist ein Hybrid-Pullover, der f\u00fcr die h\u00e4rtesten Wetterbedingungen entwickelt wurde, wenn eine einfache mittlere Schicht\" nicht ausreicht.","robots":{"index":"index","follow":"follow","max-snippet":"max-snippet:-1","max-image-preview":"max-image-preview:large","max-video-preview":"max-video-preview:-1"},"canonical":"https:\/\/www.miomiorun.com\/de\/produkt\/jkt-next-herren\/","og_locale":"de_DE","og_type":"article","og_title":"Crazy Idea JKT Next herren - Langarmshirt - MioMioRun","og_description":"JKT Next f\u00fcr M\u00e4nner ist ein Hybrid-Pullover, der f\u00fcr die h\u00e4rtesten Wetterbedingungen entwickelt wurde, wenn eine einfache mittlere Schicht\" nicht ausreicht.","og_url":"https:\/\/www.miomiorun.com\/de\/produkt\/jkt-next-herren\/","og_site_name":"MioMioRun","article_publisher":"https:\/\/www.facebook.com\/miomiorun\/","article_modified_time":"2024-11-14T13:31:11+00:00","og_image":[{"width":600,"height":600,"url":"https:\/\/www.miomiorun.com\/app\/uploads\/2024\/10\/crazy-JKT-Next-Energy-M-W24055185U-0062.webp","type":"image\/webp"}],"twitter_card":"summary_large_image","twitter_misc":{"Est. reading time":"1 minute"},"schema":{"@context":"https:\/\/schema.org","@graph":[{"@type":"WebPage","@id":"https:\/\/www.miomiorun.com\/de\/produkt\/jkt-next-herren\/","url":"https:\/\/www.miomiorun.com\/de\/produkt\/jkt-next-herren\/","name":"Crazy Idea JKT Next herren - Langarmshirt - MioMioRun","isPartOf":{"@id":"https:\/\/www.miomiorun.com\/de\/#website"},"primaryImageOfPage":{"@id":"https:\/\/www.miomiorun.com\/de\/produkt\/jkt-next-herren\/#primaryimage"},"image":{"@id":"https:\/\/www.miomiorun.com\/de\/produkt\/jkt-next-herren\/#primaryimage"},"thumbnailUrl":"https:\/\/www.miomiorun.com\/app\/uploads\/2024\/10\/crazy-JKT-Next-Energy-M-W24055185U-0062.webp","datePublished":"2024-10-11T09:24:49+00:00","dateModified":"2024-11-14T13:31:11+00:00","description":"JKT Next f\u00fcr M\u00e4nner ist ein Hybrid-Pullover, der f\u00fcr die h\u00e4rtesten Wetterbedingungen entwickelt wurde, wenn eine einfache mittlere Schicht\" nicht ausreicht.","breadcrumb":{"@id":"https:\/\/www.miomiorun.com\/de\/produkt\/jkt-next-herren\/#breadcrumb"},"inLanguage":"de-DE","potentialAction":[{"@type":"ReadAction","target":["https:\/\/www.miomiorun.com\/de\/produkt\/jkt-next-herren\/"]}]},{"@type":"ImageObject","inLanguage":"de-DE","@id":"https:\/\/www.miomiorun.com\/de\/produkt\/jkt-next-herren\/#primaryimage","url":"https:\/\/www.miomiorun.com\/app\/uploads\/2024\/10\/crazy-JKT-Next-Energy-M-W24055185U-0062.webp","contentUrl":"https:\/\/www.miomiorun.com\/app\/uploads\/2024\/10\/crazy-JKT-Next-Energy-M-W24055185U-0062.webp","width":600,"height":600,"caption":"crazy JKT Next Energy M W24055185U-0062"},{"@type":"BreadcrumbList","@id":"https:\/\/www.miomiorun.com\/de\/produkt\/jkt-next-herren\/#breadcrumb","itemListElement":[{"@type":"ListItem","position":1,"name":"Home","item":"https:\/\/www.miomiorun.com\/de\/"},{"@type":"ListItem","position":2,"name":"Shop","item":"https:\/\/www.miomiorun.com\/shop\/"},{"@type":"ListItem","position":3,"name":"JKT Next herren"}]},{"@type":"WebSite","@id":"https:\/\/www.miomiorun.com\/de\/#website","url":"https:\/\/www.miomiorun.com\/de\/","name":"MioMioRun","description":"100% Lauf- und Trailshop","publisher":{"@id":"https:\/\/www.miomiorun.com\/de\/#organization"},"potentialAction":[{"@type":"SearchAction","target":{"@type":"EntryPoint","urlTemplate":"https:\/\/www.miomiorun.com\/de\/?s={search_term_string}"},"query-input":{"@type":"PropertyValueSpecification","valueRequired":true,"valueName":"search_term_string"}}],"inLanguage":"de-DE"},{"@type":"Organization","@id":"https:\/\/www.miomiorun.com\/de\/#organization","name":"MioMio Run","url":"https:\/\/www.miomiorun.com\/de\/","logo":{"@type":"ImageObject","inLanguage":"de-DE","@id":"https:\/\/www.miomiorun.com\/de\/#\/schema\/logo\/image\/","url":"https:\/\/www.miomiorun.com\/app\/uploads\/2019\/12\/logomio.png","contentUrl":"https:\/\/www.miomiorun.com\/app\/uploads\/2019\/12\/logomio.png","width":115,"height":82,"caption":"MioMio Run"},"image":{"@id":"https:\/\/www.miomiorun.com\/de\/#\/schema\/logo\/image\/"},"sameAs":["https:\/\/www.facebook.com\/miomiorun\/","https:\/\/www.instagram.com\/miomiorun\/"]}]}},"_links":{"self":[{"href":"https:\/\/www.miomiorun.com\/de\/wp-json\/wp\/v2\/product\/210289","targetHints":{"allow":["GET"]}}],"collection":[{"href":"https:\/\/www.miomiorun.com\/de\/wp-json\/wp\/v2\/product"}],"about":[{"href":"https:\/\/www.miomiorun.com\/de\/wp-json\/wp\/v2\/types\/product"}],"wp:featuredmedia":[{"embeddable":true,"href":"https:\/\/www.miomiorun.com\/de\/wp-json\/wp\/v2\/media\/210280"}],"wp:attachment":[{"href":"https:\/\/www.miomiorun.com\/de\/wp-json\/wp\/v2\/media?parent=210289"}],"wp:term":[{"taxonomy":"product_brand","embeddable":true,"href":"https:\/\/www.miomiorun.com\/de\/wp-json\/wp\/v2\/product_brand?post=210289"},{"taxonomy":"product_cat","embeddable":true,"href":"https:\/\/www.miomiorun.com\/de\/wp-json\/wp\/v2\/product_cat?post=210289"},{"taxonomy":"product_tag","embeddable":true,"href":"https:\/\/www.miomiorun.com\/de\/wp-json\/wp\/v2\/product_tag?post=210289"}],"curies":[{"name":"wp","href":"https:\/\/api.w.org\/{rel}","templated":true}]}}