{"id":209912,"date":"2024-10-10T15:40:01","date_gmt":"2024-10-10T13:40:01","guid":{"rendered":"https:\/\/miomiorun.com\/?post_type=product&#038;p=209912"},"modified":"2026-05-08T22:16:41","modified_gmt":"2026-05-08T20:16:41","slug":"z-n-e-pant-herren","status":"publish","type":"product","link":"https:\/\/www.miomiorun.com\/de\/produkt\/z-n-e-pant-herren\/","title":{"rendered":"Z.N.E Pant herren"},"content":{"rendered":"<h3>Warme Hose mit dreilagiger Konstruktion.<\/h3>\n<p>Mit dieser adidas Hose zelebrierst du die Kraft des Teamworks. Die Z.N.E ist eine Doppelgarn-Abstandshose f\u00fcr M\u00e4nner, die dich vor K\u00e4lte sch\u00fctzt, damit du dich ganz auf die Action konzentrieren kannst. Die matten, gummierten Linien, die vom Spielfeld inspiriert sind, erm\u00f6glichen es dir, deine Leidenschaft f\u00fcr den Sport und deinen Teamgeist zu zeigen, wo immer du hingehst.<\/p>\n<h4>Eigenschaften:<\/h4>\n<ul>\n<li>Weite Passform<\/li>\n<li>Elastischer Bund mit Kordelzug<\/li>\n<li>Doppelgarn, 57% recyceltes Polyester \/ 43% Baumwolle<\/li>\n<li>Mittelhoher Bund<\/li>\n<li>Vordertaschen mit Rei\u00dfverschluss<\/li>\n<li>Gerippte S\u00e4ume<\/li>\n<li>Dreilagiges Gewebe<\/li>\n<\/ul>\n<h4>Waschanleitung<\/h4>\n<ul>\n<li>Nicht bleichen<\/li>\n<li>Im W\u00e4schetrockner bei niedriger Temperatur trocknen<\/li>\n<li>Nicht chemisch reinigen<\/li>\n<li>Schonend kalt b\u00fcgeln<\/li>\n<li>Maschinenw\u00e4sche in lauwarmem Wasser<\/li>\n<\/ul>\n<h4>Informationen zur Produktpflege<\/h4>\n<ul>\n<li>Keinen Weichsp\u00fcler verwenden<\/li>\n<li>Mit geschlossenen Rei\u00dfverschl\u00fcssen waschen<\/li>\n<li>Auf links waschen und b\u00fcgeln<\/li>\n<li>Mit \u00e4hnlichen Farben waschen<\/li>\n<\/ul>\n<p>&nbsp;<\/p>\n<p>&nbsp;<\/p>\n","protected":false},"excerpt":{"rendered":"<ul>\n<li>Eine Freizeithose, die auch f\u00fcr den Sport geeignet ist.<\/li>\n<li>Bequeme Passform.<\/li>\n<\/ul>\n","protected":false},"featured_media":211936,"template":"","meta":{"_acf_changed":false,"inline_featured_image":false},"product_brand":[],"product_cat":[6540,6509],"product_tag":[3403,6307],"class_list":{"0":"post-209912","1":"product","2":"type-product","3":"status-publish","4":"has-post-thumbnail","6":"product_cat-herrenbekleidung","7":"product_cat-lange-hosen","8":"product_tag-adidas-de","9":"product_tag-adidas-herren-de","10":"pa_attivita-fitness-de","11":"pa_attivita-lifestyle-de","12":"pa_colore-m-z-n-e-pt-aurivy-de","13":"pa_colore-m-z-n-e-pt-black-de","14":"pa_colore-m-z-n-e-pt-grey-de","15":"pa_marca-adidas-de","16":"pa_sesso-herren","17":"pa_size-extra-small-de","18":"pa_size-small-de","19":"pa_size-medium-de","20":"pa_size-large-de","22":"first","23":"instock","24":"sale","25":"taxable","26":"shipping-taxable","27":"purchasable","28":"product-type-variable","29":"wvs-archive-product-wrapper"},"acf":[],"yoast_head":"<!-- This site is optimized with the Yoast SEO plugin v26.8 - https:\/\/yoast.com\/product\/yoast-seo-wordpress\/ -->\n<title>Adidas Z.N.E Pant herren - Lange Hosen - MioMioRun<\/title>\n<meta name=\"description\" content=\"Z.N.E ist eine Herrenhose von adidas aus einem doppelt gesponnenen Spacer-Gewebe, das dich vor K\u00e4lte sch\u00fctzt, damit du dich auf die Action .\" \/>\n<meta name=\"robots\" content=\"index, follow, max-snippet:-1, max-image-preview:large, max-video-preview:-1\" \/>\n<link rel=\"canonical\" href=\"https:\/\/www.miomiorun.com\/de\/produkt\/z-n-e-pant-herren\/\" \/>\n<meta property=\"og:locale\" content=\"de_DE\" \/>\n<meta property=\"og:type\" content=\"article\" \/>\n<meta property=\"og:title\" content=\"Adidas Z.N.E Pant herren - Lange Hosen - MioMioRun\" \/>\n<meta property=\"og:description\" content=\"Z.N.E ist eine Herrenhose von adidas aus einem doppelt gesponnenen Spacer-Gewebe, das dich vor K\u00e4lte sch\u00fctzt, damit du dich auf die Action .\" \/>\n<meta property=\"og:url\" content=\"https:\/\/www.miomiorun.com\/de\/produkt\/z-n-e-pant-herren\/\" \/>\n<meta property=\"og:site_name\" content=\"MioMioRun\" \/>\n<meta property=\"article:publisher\" content=\"https:\/\/www.facebook.com\/miomiorun\/\" \/>\n<meta property=\"article:modified_time\" content=\"2026-05-08T20:16:41+00:00\" \/>\n<meta property=\"og:image\" content=\"https:\/\/www.miomiorun.com\/app\/uploads\/2024\/10\/adidas-M-Z.N.E.-PT-black-JD9599.webp\" \/>\n\t<meta property=\"og:image:width\" content=\"600\" \/>\n\t<meta property=\"og:image:height\" content=\"600\" \/>\n\t<meta property=\"og:image:type\" content=\"image\/webp\" \/>\n<meta name=\"twitter:card\" content=\"summary_large_image\" \/>\n<meta name=\"twitter:label1\" content=\"Est. reading time\" \/>\n\t<meta name=\"twitter:data1\" content=\"2 minutes\" \/>\n<script type=\"application\/ld+json\" class=\"yoast-schema-graph\">{\"@context\":\"https:\/\/schema.org\",\"@graph\":[{\"@type\":\"WebPage\",\"@id\":\"https:\/\/www.miomiorun.com\/de\/produkt\/z-n-e-pant-herren\/\",\"url\":\"https:\/\/www.miomiorun.com\/de\/produkt\/z-n-e-pant-herren\/\",\"name\":\"Adidas Z.N.E Pant herren - Lange Hosen - MioMioRun\",\"isPartOf\":{\"@id\":\"https:\/\/www.miomiorun.com\/de\/#website\"},\"primaryImageOfPage\":{\"@id\":\"https:\/\/www.miomiorun.com\/de\/produkt\/z-n-e-pant-herren\/#primaryimage\"},\"image\":{\"@id\":\"https:\/\/www.miomiorun.com\/de\/produkt\/z-n-e-pant-herren\/#primaryimage\"},\"thumbnailUrl\":\"https:\/\/www.miomiorun.com\/app\/uploads\/2024\/10\/adidas-M-Z.N.E.-PT-black-JD9599.webp\",\"datePublished\":\"2024-10-10T13:40:01+00:00\",\"dateModified\":\"2026-05-08T20:16:41+00:00\",\"description\":\"Z.N.E ist eine Herrenhose von adidas aus einem doppelt gesponnenen Spacer-Gewebe, das dich vor K\u00e4lte sch\u00fctzt, damit du dich auf die Action .\",\"breadcrumb\":{\"@id\":\"https:\/\/www.miomiorun.com\/de\/produkt\/z-n-e-pant-herren\/#breadcrumb\"},\"inLanguage\":\"de-DE\",\"potentialAction\":[{\"@type\":\"ReadAction\",\"target\":[\"https:\/\/www.miomiorun.com\/de\/produkt\/z-n-e-pant-herren\/\"]}]},{\"@type\":\"ImageObject\",\"inLanguage\":\"de-DE\",\"@id\":\"https:\/\/www.miomiorun.com\/de\/produkt\/z-n-e-pant-herren\/#primaryimage\",\"url\":\"https:\/\/www.miomiorun.com\/app\/uploads\/2024\/10\/adidas-M-Z.N.E.-PT-black-JD9599.webp\",\"contentUrl\":\"https:\/\/www.miomiorun.com\/app\/uploads\/2024\/10\/adidas-M-Z.N.E.-PT-black-JD9599.webp\",\"width\":600,\"height\":600,\"caption\":\"adidas M Z.N.E. PT black JD9599\"},{\"@type\":\"BreadcrumbList\",\"@id\":\"https:\/\/www.miomiorun.com\/de\/produkt\/z-n-e-pant-herren\/#breadcrumb\",\"itemListElement\":[{\"@type\":\"ListItem\",\"position\":1,\"name\":\"Home\",\"item\":\"https:\/\/www.miomiorun.com\/de\/\"},{\"@type\":\"ListItem\",\"position\":2,\"name\":\"Shop\",\"item\":\"https:\/\/www.miomiorun.com\/shop\/\"},{\"@type\":\"ListItem\",\"position\":3,\"name\":\"Z.N.E Pant herren\"}]},{\"@type\":\"WebSite\",\"@id\":\"https:\/\/www.miomiorun.com\/de\/#website\",\"url\":\"https:\/\/www.miomiorun.com\/de\/\",\"name\":\"MioMioRun\",\"description\":\"100% Lauf- und Trailshop\",\"publisher\":{\"@id\":\"https:\/\/www.miomiorun.com\/de\/#organization\"},\"potentialAction\":[{\"@type\":\"SearchAction\",\"target\":{\"@type\":\"EntryPoint\",\"urlTemplate\":\"https:\/\/www.miomiorun.com\/de\/?s={search_term_string}\"},\"query-input\":{\"@type\":\"PropertyValueSpecification\",\"valueRequired\":true,\"valueName\":\"search_term_string\"}}],\"inLanguage\":\"de-DE\"},{\"@type\":\"Organization\",\"@id\":\"https:\/\/www.miomiorun.com\/de\/#organization\",\"name\":\"MioMio Run\",\"url\":\"https:\/\/www.miomiorun.com\/de\/\",\"logo\":{\"@type\":\"ImageObject\",\"inLanguage\":\"de-DE\",\"@id\":\"https:\/\/www.miomiorun.com\/de\/#\/schema\/logo\/image\/\",\"url\":\"https:\/\/www.miomiorun.com\/app\/uploads\/2019\/12\/logomio.png\",\"contentUrl\":\"https:\/\/www.miomiorun.com\/app\/uploads\/2019\/12\/logomio.png\",\"width\":115,\"height\":82,\"caption\":\"MioMio Run\"},\"image\":{\"@id\":\"https:\/\/www.miomiorun.com\/de\/#\/schema\/logo\/image\/\"},\"sameAs\":[\"https:\/\/www.facebook.com\/miomiorun\/\",\"https:\/\/www.instagram.com\/miomiorun\/\"]}]}<\/script>\n<!-- \/ Yoast SEO plugin. -->","yoast_head_json":{"title":"Adidas Z.N.E Pant herren - Lange Hosen - MioMioRun","description":"Z.N.E ist eine Herrenhose von adidas aus einem doppelt gesponnenen Spacer-Gewebe, das dich vor K\u00e4lte sch\u00fctzt, damit du dich auf die Action .","robots":{"index":"index","follow":"follow","max-snippet":"max-snippet:-1","max-image-preview":"max-image-preview:large","max-video-preview":"max-video-preview:-1"},"canonical":"https:\/\/www.miomiorun.com\/de\/produkt\/z-n-e-pant-herren\/","og_locale":"de_DE","og_type":"article","og_title":"Adidas Z.N.E Pant herren - Lange Hosen - MioMioRun","og_description":"Z.N.E ist eine Herrenhose von adidas aus einem doppelt gesponnenen Spacer-Gewebe, das dich vor K\u00e4lte sch\u00fctzt, damit du dich auf die Action .","og_url":"https:\/\/www.miomiorun.com\/de\/produkt\/z-n-e-pant-herren\/","og_site_name":"MioMioRun","article_publisher":"https:\/\/www.facebook.com\/miomiorun\/","article_modified_time":"2026-05-08T20:16:41+00:00","og_image":[{"width":600,"height":600,"url":"https:\/\/www.miomiorun.com\/app\/uploads\/2024\/10\/adidas-M-Z.N.E.-PT-black-JD9599.webp","type":"image\/webp"}],"twitter_card":"summary_large_image","twitter_misc":{"Est. reading time":"2 minutes"},"schema":{"@context":"https:\/\/schema.org","@graph":[{"@type":"WebPage","@id":"https:\/\/www.miomiorun.com\/de\/produkt\/z-n-e-pant-herren\/","url":"https:\/\/www.miomiorun.com\/de\/produkt\/z-n-e-pant-herren\/","name":"Adidas Z.N.E Pant herren - Lange Hosen - MioMioRun","isPartOf":{"@id":"https:\/\/www.miomiorun.com\/de\/#website"},"primaryImageOfPage":{"@id":"https:\/\/www.miomiorun.com\/de\/produkt\/z-n-e-pant-herren\/#primaryimage"},"image":{"@id":"https:\/\/www.miomiorun.com\/de\/produkt\/z-n-e-pant-herren\/#primaryimage"},"thumbnailUrl":"https:\/\/www.miomiorun.com\/app\/uploads\/2024\/10\/adidas-M-Z.N.E.-PT-black-JD9599.webp","datePublished":"2024-10-10T13:40:01+00:00","dateModified":"2026-05-08T20:16:41+00:00","description":"Z.N.E ist eine Herrenhose von adidas aus einem doppelt gesponnenen Spacer-Gewebe, das dich vor K\u00e4lte sch\u00fctzt, damit du dich auf die Action .","breadcrumb":{"@id":"https:\/\/www.miomiorun.com\/de\/produkt\/z-n-e-pant-herren\/#breadcrumb"},"inLanguage":"de-DE","potentialAction":[{"@type":"ReadAction","target":["https:\/\/www.miomiorun.com\/de\/produkt\/z-n-e-pant-herren\/"]}]},{"@type":"ImageObject","inLanguage":"de-DE","@id":"https:\/\/www.miomiorun.com\/de\/produkt\/z-n-e-pant-herren\/#primaryimage","url":"https:\/\/www.miomiorun.com\/app\/uploads\/2024\/10\/adidas-M-Z.N.E.-PT-black-JD9599.webp","contentUrl":"https:\/\/www.miomiorun.com\/app\/uploads\/2024\/10\/adidas-M-Z.N.E.-PT-black-JD9599.webp","width":600,"height":600,"caption":"adidas M Z.N.E. PT black JD9599"},{"@type":"BreadcrumbList","@id":"https:\/\/www.miomiorun.com\/de\/produkt\/z-n-e-pant-herren\/#breadcrumb","itemListElement":[{"@type":"ListItem","position":1,"name":"Home","item":"https:\/\/www.miomiorun.com\/de\/"},{"@type":"ListItem","position":2,"name":"Shop","item":"https:\/\/www.miomiorun.com\/shop\/"},{"@type":"ListItem","position":3,"name":"Z.N.E Pant herren"}]},{"@type":"WebSite","@id":"https:\/\/www.miomiorun.com\/de\/#website","url":"https:\/\/www.miomiorun.com\/de\/","name":"MioMioRun","description":"100% Lauf- und Trailshop","publisher":{"@id":"https:\/\/www.miomiorun.com\/de\/#organization"},"potentialAction":[{"@type":"SearchAction","target":{"@type":"EntryPoint","urlTemplate":"https:\/\/www.miomiorun.com\/de\/?s={search_term_string}"},"query-input":{"@type":"PropertyValueSpecification","valueRequired":true,"valueName":"search_term_string"}}],"inLanguage":"de-DE"},{"@type":"Organization","@id":"https:\/\/www.miomiorun.com\/de\/#organization","name":"MioMio Run","url":"https:\/\/www.miomiorun.com\/de\/","logo":{"@type":"ImageObject","inLanguage":"de-DE","@id":"https:\/\/www.miomiorun.com\/de\/#\/schema\/logo\/image\/","url":"https:\/\/www.miomiorun.com\/app\/uploads\/2019\/12\/logomio.png","contentUrl":"https:\/\/www.miomiorun.com\/app\/uploads\/2019\/12\/logomio.png","width":115,"height":82,"caption":"MioMio Run"},"image":{"@id":"https:\/\/www.miomiorun.com\/de\/#\/schema\/logo\/image\/"},"sameAs":["https:\/\/www.facebook.com\/miomiorun\/","https:\/\/www.instagram.com\/miomiorun\/"]}]}},"_links":{"self":[{"href":"https:\/\/www.miomiorun.com\/de\/wp-json\/wp\/v2\/product\/209912","targetHints":{"allow":["GET"]}}],"collection":[{"href":"https:\/\/www.miomiorun.com\/de\/wp-json\/wp\/v2\/product"}],"about":[{"href":"https:\/\/www.miomiorun.com\/de\/wp-json\/wp\/v2\/types\/product"}],"wp:featuredmedia":[{"embeddable":true,"href":"https:\/\/www.miomiorun.com\/de\/wp-json\/wp\/v2\/media\/211936"}],"wp:attachment":[{"href":"https:\/\/www.miomiorun.com\/de\/wp-json\/wp\/v2\/media?parent=209912"}],"wp:term":[{"taxonomy":"product_brand","embeddable":true,"href":"https:\/\/www.miomiorun.com\/de\/wp-json\/wp\/v2\/product_brand?post=209912"},{"taxonomy":"product_cat","embeddable":true,"href":"https:\/\/www.miomiorun.com\/de\/wp-json\/wp\/v2\/product_cat?post=209912"},{"taxonomy":"product_tag","embeddable":true,"href":"https:\/\/www.miomiorun.com\/de\/wp-json\/wp\/v2\/product_tag?post=209912"}],"curies":[{"name":"wp","href":"https:\/\/api.w.org\/{rel}","templated":true}]}}