{"id":209722,"date":"2024-10-10T13:06:12","date_gmt":"2024-10-10T11:06:12","guid":{"rendered":"https:\/\/miomiorun.com\/?post_type=product&#038;p=209722"},"modified":"2026-05-08T22:17:05","modified_gmt":"2026-05-08T20:17:05","slug":"t-shirt-future-icons-3-stripes-herren","status":"publish","type":"product","link":"https:\/\/www.miomiorun.com\/de\/produkt\/t-shirt-future-icons-3-stripes-herren\/","title":{"rendered":"T-shirt Future Icons 3-Stripes herren"},"content":{"rendered":"<h2>Ein Stil-Statement in aller Schlichtheit.<\/h2>\n<p>Dieses <strong>Future Icons 3-Stripes T-Shirt<\/strong> von adidas f\u00fcr M\u00e4nner aus weicher Baumwolle ist auf der Vorder- und R\u00fcckseite mit den ikonischen 3 Streifen verziert und sorgt f\u00fcr einen gewagten, aber minimalistischen Look. Kombinieren Sie es mit einer Sporthose, wenn Sie trainieren, oder mit einer Jeans, wenn Sie ausgehen, f\u00fcr ein l\u00e4ssiges Outfit, das Stil und Praktikabilit\u00e4t vereint.<\/p>\n<p>Die f\u00fcr dieses Produkt verwendete Baumwolle stammt von Better Cotton. Die Lieferkette von Baumwolle ist komplex, daher wird die sogenannte &#8220;Massenbilanz&#8221; verwendet, um die Mengen zur\u00fcckzuverfolgen. Dabei handelt es sich um ein System, bei dem Better Cotton durch konventionelle Baumwolle ersetzt oder mit dieser gemischt werden kann, sofern gleichwertige Mengen aus Better Cotton stammen.<\/p>\n<h3>Merkmale :<\/h3>\n<ul>\n<li>T-Shirt aus weicher Baumwolle.<\/li>\n<li>Perfekt f\u00fcr das Training, aber auch f\u00fcr l\u00e4ssige Tagesoutfits.<\/li>\n<li>100% Baumwolle<\/li>\n<\/ul>\n<h4 class=\"care-title___2YJe1 gl-no-margin-bottom\">Anweisungen zum Waschen<\/h4>\n<ul class=\"\">\n<li class=\"gl-vspace-bpall-small\"><img loading=\"lazy\" decoding=\"async\" src=\"https:\/\/www.adidas.it\/glass\/react\/050cc48\/assets\/img\/washing-instructions\/B1.svg\" alt=\"\" width=\"24\" height=\"24\" \/> Nicht bleichen<\/li>\n<li class=\"gl-vspace-bpall-small\"><img loading=\"lazy\" decoding=\"async\" src=\"https:\/\/www.adidas.it\/glass\/react\/050cc48\/assets\/img\/washing-instructions\/C2.svg\" alt=\"\" width=\"24\" height=\"24\" \/> Einen W\u00e4schetrockner mit niedriger Temperatur verwenden.<\/li>\n<li class=\"gl-vspace-bpall-small\"><img loading=\"lazy\" decoding=\"async\" src=\"https:\/\/www.adidas.it\/glass\/react\/050cc48\/assets\/img\/washing-instructions\/E1.svg\" alt=\"\" width=\"24\" height=\"24\" \/> Nicht chemisch reinigen<\/li>\n<li class=\"gl-vspace-bpall-small\"><img loading=\"lazy\" decoding=\"async\" src=\"https:\/\/www.adidas.it\/glass\/react\/050cc48\/assets\/img\/washing-instructions\/D2.svg\" alt=\"\" width=\"24\" height=\"24\" \/> Schonend kalt b\u00fcgeln<\/li>\n<li class=\"gl-vspace-bpall-small\"><img loading=\"lazy\" decoding=\"async\" src=\"https:\/\/www.adidas.it\/glass\/react\/050cc48\/assets\/img\/washing-instructions\/A4.svg\" alt=\"\" width=\"24\" height=\"24\" \/> Maschinenw\u00e4sche im Schonwaschgang und mit kaltem Wasser.<\/li>\n<\/ul>\n<div class=\"extra-instructions___2TR8b\">\n<h4 class=\"care-title___2YJe1 gl-no-margin-bottom\">Informationen zur Pflege des Produkts<\/h4>\n<ul class=\"gl-list gl-vspace-bpall-small\">\n<li class=\"gl-vspace-bpall-small\">Verwenden Sie keinen Weichsp\u00fcler.<\/li>\n<li class=\"gl-vspace-bpall-small\">Nur milde Waschmittel verwenden.<\/li>\n<li class=\"gl-vspace-bpall-small\">Mit \u00e4hnlichen Farben waschen<\/li>\n<\/ul>\n<\/div>\n","protected":false},"excerpt":{"rendered":"<ul>\n<li>Das T-Shirt ist ideal f\u00fcr den Einsatz beim Sport oder f\u00fcr ein legeres Outfit.<\/li>\n<\/ul>\n","protected":false},"featured_media":211864,"template":"","meta":{"_acf_changed":false,"inline_featured_image":false},"product_brand":[],"product_cat":[6540,6508],"product_tag":[3403,6307],"class_list":{"0":"post-209722","1":"product","2":"type-product","3":"status-publish","4":"has-post-thumbnail","6":"product_cat-herrenbekleidung","7":"product_cat-herrent-shirt","8":"product_tag-adidas-de","9":"product_tag-adidas-herren-de","10":"pa_attivita-lifestyle-de","11":"pa_colore-m-fi-3s-reg-t-grefou-de","12":"pa_marca-adidas-de","13":"pa_sesso-herren","14":"pa_size-small-de","16":"first","17":"instock","18":"sale","19":"taxable","20":"shipping-taxable","21":"purchasable","22":"product-type-variable","23":"wvs-archive-product-wrapper"},"acf":[],"yoast_head":"<!-- This site is optimized with the Yoast SEO plugin v26.8 - https:\/\/yoast.com\/product\/yoast-seo-wordpress\/ -->\n<title>AdidasT-shirt Future Icons 3-Stripes herren - T-Shirt-Lauf - MioMioRun.com<\/title>\n<meta name=\"description\" content=\"Das Future Icons 3-Stripes T-Shirt von adidas f\u00fcr M\u00e4nner aus weicher Baumwolle ist mit den ikonischen 3 Streifen auf der Vorder- und R\u00fcckseite\" \/>\n<meta name=\"robots\" content=\"index, follow, max-snippet:-1, max-image-preview:large, max-video-preview:-1\" \/>\n<link rel=\"canonical\" href=\"https:\/\/www.miomiorun.com\/de\/produkt\/t-shirt-future-icons-3-stripes-herren\/\" \/>\n<meta property=\"og:locale\" content=\"de_DE\" \/>\n<meta property=\"og:type\" content=\"article\" \/>\n<meta property=\"og:title\" content=\"AdidasT-shirt Future Icons 3-Stripes herren - T-Shirt-Lauf - MioMioRun.com\" \/>\n<meta property=\"og:description\" content=\"Das Future Icons 3-Stripes T-Shirt von adidas f\u00fcr M\u00e4nner aus weicher Baumwolle ist mit den ikonischen 3 Streifen auf der Vorder- und R\u00fcckseite\" \/>\n<meta property=\"og:url\" content=\"https:\/\/www.miomiorun.com\/de\/produkt\/t-shirt-future-icons-3-stripes-herren\/\" \/>\n<meta property=\"og:site_name\" content=\"MioMioRun\" \/>\n<meta property=\"article:publisher\" content=\"https:\/\/www.facebook.com\/miomiorun\/\" \/>\n<meta property=\"article:modified_time\" content=\"2026-05-08T20:17:05+00:00\" \/>\n<meta property=\"og:image\" content=\"https:\/\/www.miomiorun.com\/app\/uploads\/2024\/10\/adidas-M-FI-3S-REG-T-grefou-JI6325.webp\" \/>\n\t<meta property=\"og:image:width\" content=\"600\" \/>\n\t<meta property=\"og:image:height\" content=\"600\" \/>\n\t<meta property=\"og:image:type\" content=\"image\/webp\" \/>\n<meta name=\"twitter:card\" content=\"summary_large_image\" \/>\n<meta name=\"twitter:label1\" content=\"Est. reading time\" \/>\n\t<meta name=\"twitter:data1\" content=\"1 minute\" \/>\n<script type=\"application\/ld+json\" class=\"yoast-schema-graph\">{\"@context\":\"https:\/\/schema.org\",\"@graph\":[{\"@type\":\"WebPage\",\"@id\":\"https:\/\/www.miomiorun.com\/de\/produkt\/t-shirt-future-icons-3-stripes-herren\/\",\"url\":\"https:\/\/www.miomiorun.com\/de\/produkt\/t-shirt-future-icons-3-stripes-herren\/\",\"name\":\"AdidasT-shirt Future Icons 3-Stripes herren - T-Shirt-Lauf - MioMioRun.com\",\"isPartOf\":{\"@id\":\"https:\/\/www.miomiorun.com\/de\/#website\"},\"primaryImageOfPage\":{\"@id\":\"https:\/\/www.miomiorun.com\/de\/produkt\/t-shirt-future-icons-3-stripes-herren\/#primaryimage\"},\"image\":{\"@id\":\"https:\/\/www.miomiorun.com\/de\/produkt\/t-shirt-future-icons-3-stripes-herren\/#primaryimage\"},\"thumbnailUrl\":\"https:\/\/www.miomiorun.com\/app\/uploads\/2024\/10\/adidas-M-FI-3S-REG-T-grefou-JI6325.webp\",\"datePublished\":\"2024-10-10T11:06:12+00:00\",\"dateModified\":\"2026-05-08T20:17:05+00:00\",\"description\":\"Das Future Icons 3-Stripes T-Shirt von adidas f\u00fcr M\u00e4nner aus weicher Baumwolle ist mit den ikonischen 3 Streifen auf der Vorder- und R\u00fcckseite\",\"breadcrumb\":{\"@id\":\"https:\/\/www.miomiorun.com\/de\/produkt\/t-shirt-future-icons-3-stripes-herren\/#breadcrumb\"},\"inLanguage\":\"de-DE\",\"potentialAction\":[{\"@type\":\"ReadAction\",\"target\":[\"https:\/\/www.miomiorun.com\/de\/produkt\/t-shirt-future-icons-3-stripes-herren\/\"]}]},{\"@type\":\"ImageObject\",\"inLanguage\":\"de-DE\",\"@id\":\"https:\/\/www.miomiorun.com\/de\/produkt\/t-shirt-future-icons-3-stripes-herren\/#primaryimage\",\"url\":\"https:\/\/www.miomiorun.com\/app\/uploads\/2024\/10\/adidas-M-FI-3S-REG-T-grefou-JI6325.webp\",\"contentUrl\":\"https:\/\/www.miomiorun.com\/app\/uploads\/2024\/10\/adidas-M-FI-3S-REG-T-grefou-JI6325.webp\",\"width\":600,\"height\":600,\"caption\":\"adidas M FI 3S REG T grefou JI6325\"},{\"@type\":\"BreadcrumbList\",\"@id\":\"https:\/\/www.miomiorun.com\/de\/produkt\/t-shirt-future-icons-3-stripes-herren\/#breadcrumb\",\"itemListElement\":[{\"@type\":\"ListItem\",\"position\":1,\"name\":\"Home\",\"item\":\"https:\/\/www.miomiorun.com\/de\/home-page\/\"},{\"@type\":\"ListItem\",\"position\":2,\"name\":\"Shop\",\"item\":\"https:\/\/www.miomiorun.com\/shop\/\"},{\"@type\":\"ListItem\",\"position\":3,\"name\":\"T-shirt Future Icons 3-Stripes herren\"}]},{\"@type\":\"WebSite\",\"@id\":\"https:\/\/www.miomiorun.com\/de\/#website\",\"url\":\"https:\/\/www.miomiorun.com\/de\/\",\"name\":\"MioMioRun\",\"description\":\"100% Lauf- und Trailshop\",\"publisher\":{\"@id\":\"https:\/\/www.miomiorun.com\/de\/#organization\"},\"potentialAction\":[{\"@type\":\"SearchAction\",\"target\":{\"@type\":\"EntryPoint\",\"urlTemplate\":\"https:\/\/www.miomiorun.com\/de\/?s={search_term_string}\"},\"query-input\":{\"@type\":\"PropertyValueSpecification\",\"valueRequired\":true,\"valueName\":\"search_term_string\"}}],\"inLanguage\":\"de-DE\"},{\"@type\":\"Organization\",\"@id\":\"https:\/\/www.miomiorun.com\/de\/#organization\",\"name\":\"MioMio Run\",\"url\":\"https:\/\/www.miomiorun.com\/de\/\",\"logo\":{\"@type\":\"ImageObject\",\"inLanguage\":\"de-DE\",\"@id\":\"https:\/\/www.miomiorun.com\/de\/#\/schema\/logo\/image\/\",\"url\":\"https:\/\/www.miomiorun.com\/app\/uploads\/2019\/12\/logomio.png\",\"contentUrl\":\"https:\/\/www.miomiorun.com\/app\/uploads\/2019\/12\/logomio.png\",\"width\":115,\"height\":82,\"caption\":\"MioMio Run\"},\"image\":{\"@id\":\"https:\/\/www.miomiorun.com\/de\/#\/schema\/logo\/image\/\"},\"sameAs\":[\"https:\/\/www.facebook.com\/miomiorun\/\",\"https:\/\/www.instagram.com\/miomiorun\/\"]}]}<\/script>\n<!-- \/ Yoast SEO plugin. -->","yoast_head_json":{"title":"AdidasT-shirt Future Icons 3-Stripes herren - T-Shirt-Lauf - MioMioRun.com","description":"Das Future Icons 3-Stripes T-Shirt von adidas f\u00fcr M\u00e4nner aus weicher Baumwolle ist mit den ikonischen 3 Streifen auf der Vorder- und R\u00fcckseite","robots":{"index":"index","follow":"follow","max-snippet":"max-snippet:-1","max-image-preview":"max-image-preview:large","max-video-preview":"max-video-preview:-1"},"canonical":"https:\/\/www.miomiorun.com\/de\/produkt\/t-shirt-future-icons-3-stripes-herren\/","og_locale":"de_DE","og_type":"article","og_title":"AdidasT-shirt Future Icons 3-Stripes herren - T-Shirt-Lauf - MioMioRun.com","og_description":"Das Future Icons 3-Stripes T-Shirt von adidas f\u00fcr M\u00e4nner aus weicher Baumwolle ist mit den ikonischen 3 Streifen auf der Vorder- und R\u00fcckseite","og_url":"https:\/\/www.miomiorun.com\/de\/produkt\/t-shirt-future-icons-3-stripes-herren\/","og_site_name":"MioMioRun","article_publisher":"https:\/\/www.facebook.com\/miomiorun\/","article_modified_time":"2026-05-08T20:17:05+00:00","og_image":[{"width":600,"height":600,"url":"https:\/\/www.miomiorun.com\/app\/uploads\/2024\/10\/adidas-M-FI-3S-REG-T-grefou-JI6325.webp","type":"image\/webp"}],"twitter_card":"summary_large_image","twitter_misc":{"Est. reading time":"1 minute"},"schema":{"@context":"https:\/\/schema.org","@graph":[{"@type":"WebPage","@id":"https:\/\/www.miomiorun.com\/de\/produkt\/t-shirt-future-icons-3-stripes-herren\/","url":"https:\/\/www.miomiorun.com\/de\/produkt\/t-shirt-future-icons-3-stripes-herren\/","name":"AdidasT-shirt Future Icons 3-Stripes herren - T-Shirt-Lauf - MioMioRun.com","isPartOf":{"@id":"https:\/\/www.miomiorun.com\/de\/#website"},"primaryImageOfPage":{"@id":"https:\/\/www.miomiorun.com\/de\/produkt\/t-shirt-future-icons-3-stripes-herren\/#primaryimage"},"image":{"@id":"https:\/\/www.miomiorun.com\/de\/produkt\/t-shirt-future-icons-3-stripes-herren\/#primaryimage"},"thumbnailUrl":"https:\/\/www.miomiorun.com\/app\/uploads\/2024\/10\/adidas-M-FI-3S-REG-T-grefou-JI6325.webp","datePublished":"2024-10-10T11:06:12+00:00","dateModified":"2026-05-08T20:17:05+00:00","description":"Das Future Icons 3-Stripes T-Shirt von adidas f\u00fcr M\u00e4nner aus weicher Baumwolle ist mit den ikonischen 3 Streifen auf der Vorder- und R\u00fcckseite","breadcrumb":{"@id":"https:\/\/www.miomiorun.com\/de\/produkt\/t-shirt-future-icons-3-stripes-herren\/#breadcrumb"},"inLanguage":"de-DE","potentialAction":[{"@type":"ReadAction","target":["https:\/\/www.miomiorun.com\/de\/produkt\/t-shirt-future-icons-3-stripes-herren\/"]}]},{"@type":"ImageObject","inLanguage":"de-DE","@id":"https:\/\/www.miomiorun.com\/de\/produkt\/t-shirt-future-icons-3-stripes-herren\/#primaryimage","url":"https:\/\/www.miomiorun.com\/app\/uploads\/2024\/10\/adidas-M-FI-3S-REG-T-grefou-JI6325.webp","contentUrl":"https:\/\/www.miomiorun.com\/app\/uploads\/2024\/10\/adidas-M-FI-3S-REG-T-grefou-JI6325.webp","width":600,"height":600,"caption":"adidas M FI 3S REG T grefou JI6325"},{"@type":"BreadcrumbList","@id":"https:\/\/www.miomiorun.com\/de\/produkt\/t-shirt-future-icons-3-stripes-herren\/#breadcrumb","itemListElement":[{"@type":"ListItem","position":1,"name":"Home","item":"https:\/\/www.miomiorun.com\/de\/home-page\/"},{"@type":"ListItem","position":2,"name":"Shop","item":"https:\/\/www.miomiorun.com\/shop\/"},{"@type":"ListItem","position":3,"name":"T-shirt Future Icons 3-Stripes herren"}]},{"@type":"WebSite","@id":"https:\/\/www.miomiorun.com\/de\/#website","url":"https:\/\/www.miomiorun.com\/de\/","name":"MioMioRun","description":"100% Lauf- und Trailshop","publisher":{"@id":"https:\/\/www.miomiorun.com\/de\/#organization"},"potentialAction":[{"@type":"SearchAction","target":{"@type":"EntryPoint","urlTemplate":"https:\/\/www.miomiorun.com\/de\/?s={search_term_string}"},"query-input":{"@type":"PropertyValueSpecification","valueRequired":true,"valueName":"search_term_string"}}],"inLanguage":"de-DE"},{"@type":"Organization","@id":"https:\/\/www.miomiorun.com\/de\/#organization","name":"MioMio Run","url":"https:\/\/www.miomiorun.com\/de\/","logo":{"@type":"ImageObject","inLanguage":"de-DE","@id":"https:\/\/www.miomiorun.com\/de\/#\/schema\/logo\/image\/","url":"https:\/\/www.miomiorun.com\/app\/uploads\/2019\/12\/logomio.png","contentUrl":"https:\/\/www.miomiorun.com\/app\/uploads\/2019\/12\/logomio.png","width":115,"height":82,"caption":"MioMio Run"},"image":{"@id":"https:\/\/www.miomiorun.com\/de\/#\/schema\/logo\/image\/"},"sameAs":["https:\/\/www.facebook.com\/miomiorun\/","https:\/\/www.instagram.com\/miomiorun\/"]}]}},"_links":{"self":[{"href":"https:\/\/www.miomiorun.com\/de\/wp-json\/wp\/v2\/product\/209722","targetHints":{"allow":["GET"]}}],"collection":[{"href":"https:\/\/www.miomiorun.com\/de\/wp-json\/wp\/v2\/product"}],"about":[{"href":"https:\/\/www.miomiorun.com\/de\/wp-json\/wp\/v2\/types\/product"}],"wp:featuredmedia":[{"embeddable":true,"href":"https:\/\/www.miomiorun.com\/de\/wp-json\/wp\/v2\/media\/211864"}],"wp:attachment":[{"href":"https:\/\/www.miomiorun.com\/de\/wp-json\/wp\/v2\/media?parent=209722"}],"wp:term":[{"taxonomy":"product_brand","embeddable":true,"href":"https:\/\/www.miomiorun.com\/de\/wp-json\/wp\/v2\/product_brand?post=209722"},{"taxonomy":"product_cat","embeddable":true,"href":"https:\/\/www.miomiorun.com\/de\/wp-json\/wp\/v2\/product_cat?post=209722"},{"taxonomy":"product_tag","embeddable":true,"href":"https:\/\/www.miomiorun.com\/de\/wp-json\/wp\/v2\/product_tag?post=209722"}],"curies":[{"name":"wp","href":"https:\/\/api.w.org\/{rel}","templated":true}]}}