{"id":209285,"date":"2024-10-10T10:47:15","date_gmt":"2024-10-10T08:47:15","guid":{"rendered":"https:\/\/miomiorun.com\/?post_type=product&#038;p=209285"},"modified":"2025-11-17T17:21:24","modified_gmt":"2025-11-17T16:21:24","slug":"genesis-herren","status":"publish","type":"product","link":"https:\/\/www.miomiorun.com\/de\/produkt\/genesis-herren\/","title":{"rendered":"Genesis herren"},"content":{"rendered":"<div class=\"vc-row container\"><div class=\"vc-column\"><div class=\"vc-column-text\"><\/p>\n<h3>Technische Daten<\/h3>\n<p>Kategorie: Moderate D\u00e4mpfung<br \/>\nEinpresstiefe: 8 mm<br \/>\nGewicht: 269 g<br \/>\nIdeal f\u00fcr: Trailrunner und Liebhaber des Wanderns und Laufens in den Bergen, die ein leichtes, gut ged\u00e4mpftes und sch\u00fctzendes Modell suchen, das auch auf langen Strecken maximalen Komfort bietet.<br \/>\nGewicht des Athleten: 60-70 kg<br \/>\nLauftempo: mittelschnell (4,30-6,00 min\/km)<\/p>\n<p><a href=\"https:\/\/miomiorun.com\/de\/leitfaden-fuer-technische-spezifikationen\/\">Leitfaden f\u00fcr technische Spezifikationen<\/a><\/p>\n<p><\/div><\/div><div class=\"vc-column\"><div class=\"vc-column-text\"><\/p>\n<p><strong>Genesis<\/strong> in der Herrenversion ist ein Berglaufschuh, der ebenso bequem und beruhigend wie dynamisch, agil und abenteuerlustig ist. Er ist so konzipiert, dass er eine hohe Strapazierf\u00e4higkeit und akribische Pr\u00e4zision in t\u00fcckischem Gel\u00e4nde bietet. Mit ihm ist kein Anstieg zu steil und kein Abstieg zu schwierig. Dank der dynamischen Unterst\u00fctzung durch das Fahrwerk und dem zuverl\u00e4ssigen Grip k\u00f6nnen Sie sich \u00fcberall sicher bewegen.<\/p>\n<h3>Eigenschaften:<\/h3>\n<ul>\n<li>Perfekt f\u00fcr gemischtes Terrain, felsig<\/li>\n<li>Langlebig, stabil und unterst\u00fctzend<\/li>\n<li>Ideal f\u00fcr 2\/3 Fahrten pro Woche<\/li>\n<li>Stollentiefe: 4,5 mm<\/li>\n<\/ul>\n<p>SOHLE<\/p>\n<p>All<b>Terrain<\/b> Contagrip\u00ae: Unsere All Terrain Contagrip\u00ae Sohle ist f\u00fcr eine Vielzahl von Untergr\u00fcnden geeignet. Sie garantiert Widerstand und Sicherheit auf nassem, trockenem, hartem oder weichem Untergrund.<\/p>\n<p>MITTELSCHUH<\/p>\n<p><b>Energy Foam<\/b>: Leichter, gepolsterter EVA-Schaum f\u00fcr alle, die hohe Leistung suchen.<\/p>\n<p>CHASSIS\u2122.<\/p>\n<p><b>activeCHASSIS\u2122<\/b>: Chassis, das f\u00fcr mehr Schubkraft, kompromisslose Agilit\u00e4t und gro\u00dfe Bewegungsfreiheit sorgt.<\/p>\n<p>OBERMATERIAL<\/p>\n<p><b>Matryx\u00ae<\/b>: Leistungsstarkes, abriebfestes Gewebe aus technischem Garn und hochfestem, einzeln beschichtetem Kevlar\u00ae, das zudem leicht und atmungsaktiv ist.<\/p>\n<p>SCHAFTKONSTRUKTION<\/p>\n<p><b>EndoFit\u2122<\/b>: Socken\u00e4hnliches Innenfutter, das sich um den Fu\u00df legt und ihn fest und stabil h\u00e4lt, um eine pr\u00e4zise Passform zu gew\u00e4hrleisten.<\/p>\n<p>LACING-SYSTEM<\/p>\n<p><b>quickLACE\u2122<\/b>: D\u00fcnner, stabiler Schn\u00fcrsenkel f\u00fcr die Schn\u00fcrung mit nur einem Zug. Vereinfacht<\/p>\n<p>&nbsp;<\/p>\n<p><\/div><\/div><\/div>\n","protected":false},"excerpt":{"rendered":"<ul>\n<li>Idealer Schuh f\u00fcr Trails und Wanderungen.<\/li>\n<li>Ideal f\u00fcr technische Trails auf schwierigem Terrain.<\/li>\n<\/ul>\n","protected":false},"featured_media":362197,"template":"","meta":{"_acf_changed":false,"inline_featured_image":false},"product_brand":[],"product_cat":[6507,6504],"product_tag":[20480,20489],"class_list":{"0":"post-209285","1":"product","2":"type-product","3":"status-publish","4":"has-post-thumbnail","6":"product_cat-herren-schuhe-de","7":"product_cat-trail","8":"product_tag-salomon-de","9":"product_tag-salomon-herren","10":"pa_attivita-outdoor-de","11":"pa_attivita-trail-de","12":"pa_colore-genesis-black-black","13":"pa_colore-genesis-black-electric-green-chert-de","14":"pa_colore-genesis-black-metal-incaberry","15":"pa_colore-genesis-black-white-transcend-blue-de","16":"pa_colore-genesis-fiery-red-lava-falls-black","17":"pa_colore-genesis-transparent-yellow-black-willow-de","18":"pa_marca-salomon-de","19":"pa_sesso-herren","20":"pa_size-41-de","21":"pa_size-42-de","23":"pa_size-43-de","24":"pa_size-44-de","26":"pa_size-45-de","27":"pa_size-46-de","29":"pa_size-47-de","31":"first","32":"instock","33":"sale","34":"taxable","35":"shipping-taxable","36":"purchasable","37":"product-type-variable","38":"wvs-archive-product-wrapper"},"acf":[],"yoast_head":"<!-- This site is optimized with the Yoast SEO plugin v26.8 - https:\/\/yoast.com\/product\/yoast-seo-wordpress\/ -->\n<title>SalomonGenesis herren - Trail-Schuhe - MioMioRun.com<\/title>\n<meta name=\"description\" content=\"Genesis in der Herrenversion ist ein Schuh f\u00fcr den Berglauf, der ebenso bequem und beruhigend wie dynamisch, agil und abenteuerlustig ist.\" \/>\n<meta name=\"robots\" content=\"index, follow, max-snippet:-1, max-image-preview:large, max-video-preview:-1\" \/>\n<link rel=\"canonical\" href=\"https:\/\/www.miomiorun.com\/de\/produkt\/genesis-herren\/\" \/>\n<meta property=\"og:locale\" content=\"de_DE\" \/>\n<meta property=\"og:type\" content=\"article\" \/>\n<meta property=\"og:title\" content=\"SalomonGenesis herren - Trail-Schuhe - MioMioRun.com\" \/>\n<meta property=\"og:description\" content=\"Genesis in der Herrenversion ist ein Schuh f\u00fcr den Berglauf, der ebenso bequem und beruhigend wie dynamisch, agil und abenteuerlustig ist.\" \/>\n<meta property=\"og:url\" content=\"https:\/\/www.miomiorun.com\/de\/produkt\/genesis-herren\/\" \/>\n<meta property=\"og:site_name\" content=\"MioMioRun\" \/>\n<meta property=\"article:publisher\" content=\"https:\/\/www.facebook.com\/miomiorun\/\" \/>\n<meta property=\"article:modified_time\" content=\"2025-11-17T16:21:24+00:00\" \/>\n<meta property=\"og:image\" content=\"https:\/\/www.miomiorun.com\/app\/uploads\/2025\/10\/salomon-Genesis-transparent-yellow-black-willow-L47862300.webp\" \/>\n\t<meta property=\"og:image:width\" content=\"720\" \/>\n\t<meta property=\"og:image:height\" content=\"720\" \/>\n\t<meta property=\"og:image:type\" content=\"image\/webp\" \/>\n<meta name=\"twitter:card\" content=\"summary_large_image\" \/>\n<meta name=\"twitter:label1\" content=\"Est. reading time\" \/>\n\t<meta name=\"twitter:data1\" content=\"2 minutes\" \/>\n<script type=\"application\/ld+json\" class=\"yoast-schema-graph\">{\"@context\":\"https:\/\/schema.org\",\"@graph\":[{\"@type\":\"WebPage\",\"@id\":\"https:\/\/www.miomiorun.com\/de\/produkt\/genesis-herren\/\",\"url\":\"https:\/\/www.miomiorun.com\/de\/produkt\/genesis-herren\/\",\"name\":\"SalomonGenesis herren - Trail-Schuhe - MioMioRun.com\",\"isPartOf\":{\"@id\":\"https:\/\/www.miomiorun.com\/de\/#website\"},\"primaryImageOfPage\":{\"@id\":\"https:\/\/www.miomiorun.com\/de\/produkt\/genesis-herren\/#primaryimage\"},\"image\":{\"@id\":\"https:\/\/www.miomiorun.com\/de\/produkt\/genesis-herren\/#primaryimage\"},\"thumbnailUrl\":\"https:\/\/www.miomiorun.com\/app\/uploads\/2025\/10\/salomon-Genesis-transparent-yellow-black-willow-L47862300.webp\",\"datePublished\":\"2024-10-10T08:47:15+00:00\",\"dateModified\":\"2025-11-17T16:21:24+00:00\",\"description\":\"Genesis in der Herrenversion ist ein Schuh f\u00fcr den Berglauf, der ebenso bequem und beruhigend wie dynamisch, agil und abenteuerlustig ist.\",\"breadcrumb\":{\"@id\":\"https:\/\/www.miomiorun.com\/de\/produkt\/genesis-herren\/#breadcrumb\"},\"inLanguage\":\"de-DE\",\"potentialAction\":[{\"@type\":\"ReadAction\",\"target\":[\"https:\/\/www.miomiorun.com\/de\/produkt\/genesis-herren\/\"]}]},{\"@type\":\"ImageObject\",\"inLanguage\":\"de-DE\",\"@id\":\"https:\/\/www.miomiorun.com\/de\/produkt\/genesis-herren\/#primaryimage\",\"url\":\"https:\/\/www.miomiorun.com\/app\/uploads\/2025\/10\/salomon-Genesis-transparent-yellow-black-willow-L47862300.webp\",\"contentUrl\":\"https:\/\/www.miomiorun.com\/app\/uploads\/2025\/10\/salomon-Genesis-transparent-yellow-black-willow-L47862300.webp\",\"width\":720,\"height\":720,\"caption\":\"salomon Genesis transparent yellow black willow L47862300\"},{\"@type\":\"BreadcrumbList\",\"@id\":\"https:\/\/www.miomiorun.com\/de\/produkt\/genesis-herren\/#breadcrumb\",\"itemListElement\":[{\"@type\":\"ListItem\",\"position\":1,\"name\":\"Home\",\"item\":\"https:\/\/www.miomiorun.com\/de\/\"},{\"@type\":\"ListItem\",\"position\":2,\"name\":\"Shop\",\"item\":\"https:\/\/www.miomiorun.com\/shop\/\"},{\"@type\":\"ListItem\",\"position\":3,\"name\":\"Genesis herren\"}]},{\"@type\":\"WebSite\",\"@id\":\"https:\/\/www.miomiorun.com\/de\/#website\",\"url\":\"https:\/\/www.miomiorun.com\/de\/\",\"name\":\"MioMioRun\",\"description\":\"100% Lauf- und Trailshop\",\"publisher\":{\"@id\":\"https:\/\/www.miomiorun.com\/de\/#organization\"},\"potentialAction\":[{\"@type\":\"SearchAction\",\"target\":{\"@type\":\"EntryPoint\",\"urlTemplate\":\"https:\/\/www.miomiorun.com\/de\/?s={search_term_string}\"},\"query-input\":{\"@type\":\"PropertyValueSpecification\",\"valueRequired\":true,\"valueName\":\"search_term_string\"}}],\"inLanguage\":\"de-DE\"},{\"@type\":\"Organization\",\"@id\":\"https:\/\/www.miomiorun.com\/de\/#organization\",\"name\":\"MioMio Run\",\"url\":\"https:\/\/www.miomiorun.com\/de\/\",\"logo\":{\"@type\":\"ImageObject\",\"inLanguage\":\"de-DE\",\"@id\":\"https:\/\/www.miomiorun.com\/de\/#\/schema\/logo\/image\/\",\"url\":\"https:\/\/www.miomiorun.com\/app\/uploads\/2019\/12\/logomio.png\",\"contentUrl\":\"https:\/\/www.miomiorun.com\/app\/uploads\/2019\/12\/logomio.png\",\"width\":115,\"height\":82,\"caption\":\"MioMio Run\"},\"image\":{\"@id\":\"https:\/\/www.miomiorun.com\/de\/#\/schema\/logo\/image\/\"},\"sameAs\":[\"https:\/\/www.facebook.com\/miomiorun\/\",\"https:\/\/www.instagram.com\/miomiorun\/\"]}]}<\/script>\n<!-- \/ Yoast SEO plugin. -->","yoast_head_json":{"title":"SalomonGenesis herren - Trail-Schuhe - MioMioRun.com","description":"Genesis in der Herrenversion ist ein Schuh f\u00fcr den Berglauf, der ebenso bequem und beruhigend wie dynamisch, agil und abenteuerlustig ist.","robots":{"index":"index","follow":"follow","max-snippet":"max-snippet:-1","max-image-preview":"max-image-preview:large","max-video-preview":"max-video-preview:-1"},"canonical":"https:\/\/www.miomiorun.com\/de\/produkt\/genesis-herren\/","og_locale":"de_DE","og_type":"article","og_title":"SalomonGenesis herren - Trail-Schuhe - MioMioRun.com","og_description":"Genesis in der Herrenversion ist ein Schuh f\u00fcr den Berglauf, der ebenso bequem und beruhigend wie dynamisch, agil und abenteuerlustig ist.","og_url":"https:\/\/www.miomiorun.com\/de\/produkt\/genesis-herren\/","og_site_name":"MioMioRun","article_publisher":"https:\/\/www.facebook.com\/miomiorun\/","article_modified_time":"2025-11-17T16:21:24+00:00","og_image":[{"width":720,"height":720,"url":"https:\/\/www.miomiorun.com\/app\/uploads\/2025\/10\/salomon-Genesis-transparent-yellow-black-willow-L47862300.webp","type":"image\/webp"}],"twitter_card":"summary_large_image","twitter_misc":{"Est. reading time":"2 minutes"},"schema":{"@context":"https:\/\/schema.org","@graph":[{"@type":"WebPage","@id":"https:\/\/www.miomiorun.com\/de\/produkt\/genesis-herren\/","url":"https:\/\/www.miomiorun.com\/de\/produkt\/genesis-herren\/","name":"SalomonGenesis herren - Trail-Schuhe - MioMioRun.com","isPartOf":{"@id":"https:\/\/www.miomiorun.com\/de\/#website"},"primaryImageOfPage":{"@id":"https:\/\/www.miomiorun.com\/de\/produkt\/genesis-herren\/#primaryimage"},"image":{"@id":"https:\/\/www.miomiorun.com\/de\/produkt\/genesis-herren\/#primaryimage"},"thumbnailUrl":"https:\/\/www.miomiorun.com\/app\/uploads\/2025\/10\/salomon-Genesis-transparent-yellow-black-willow-L47862300.webp","datePublished":"2024-10-10T08:47:15+00:00","dateModified":"2025-11-17T16:21:24+00:00","description":"Genesis in der Herrenversion ist ein Schuh f\u00fcr den Berglauf, der ebenso bequem und beruhigend wie dynamisch, agil und abenteuerlustig ist.","breadcrumb":{"@id":"https:\/\/www.miomiorun.com\/de\/produkt\/genesis-herren\/#breadcrumb"},"inLanguage":"de-DE","potentialAction":[{"@type":"ReadAction","target":["https:\/\/www.miomiorun.com\/de\/produkt\/genesis-herren\/"]}]},{"@type":"ImageObject","inLanguage":"de-DE","@id":"https:\/\/www.miomiorun.com\/de\/produkt\/genesis-herren\/#primaryimage","url":"https:\/\/www.miomiorun.com\/app\/uploads\/2025\/10\/salomon-Genesis-transparent-yellow-black-willow-L47862300.webp","contentUrl":"https:\/\/www.miomiorun.com\/app\/uploads\/2025\/10\/salomon-Genesis-transparent-yellow-black-willow-L47862300.webp","width":720,"height":720,"caption":"salomon Genesis transparent yellow black willow L47862300"},{"@type":"BreadcrumbList","@id":"https:\/\/www.miomiorun.com\/de\/produkt\/genesis-herren\/#breadcrumb","itemListElement":[{"@type":"ListItem","position":1,"name":"Home","item":"https:\/\/www.miomiorun.com\/de\/"},{"@type":"ListItem","position":2,"name":"Shop","item":"https:\/\/www.miomiorun.com\/shop\/"},{"@type":"ListItem","position":3,"name":"Genesis herren"}]},{"@type":"WebSite","@id":"https:\/\/www.miomiorun.com\/de\/#website","url":"https:\/\/www.miomiorun.com\/de\/","name":"MioMioRun","description":"100% Lauf- und Trailshop","publisher":{"@id":"https:\/\/www.miomiorun.com\/de\/#organization"},"potentialAction":[{"@type":"SearchAction","target":{"@type":"EntryPoint","urlTemplate":"https:\/\/www.miomiorun.com\/de\/?s={search_term_string}"},"query-input":{"@type":"PropertyValueSpecification","valueRequired":true,"valueName":"search_term_string"}}],"inLanguage":"de-DE"},{"@type":"Organization","@id":"https:\/\/www.miomiorun.com\/de\/#organization","name":"MioMio Run","url":"https:\/\/www.miomiorun.com\/de\/","logo":{"@type":"ImageObject","inLanguage":"de-DE","@id":"https:\/\/www.miomiorun.com\/de\/#\/schema\/logo\/image\/","url":"https:\/\/www.miomiorun.com\/app\/uploads\/2019\/12\/logomio.png","contentUrl":"https:\/\/www.miomiorun.com\/app\/uploads\/2019\/12\/logomio.png","width":115,"height":82,"caption":"MioMio Run"},"image":{"@id":"https:\/\/www.miomiorun.com\/de\/#\/schema\/logo\/image\/"},"sameAs":["https:\/\/www.facebook.com\/miomiorun\/","https:\/\/www.instagram.com\/miomiorun\/"]}]}},"_links":{"self":[{"href":"https:\/\/www.miomiorun.com\/de\/wp-json\/wp\/v2\/product\/209285","targetHints":{"allow":["GET"]}}],"collection":[{"href":"https:\/\/www.miomiorun.com\/de\/wp-json\/wp\/v2\/product"}],"about":[{"href":"https:\/\/www.miomiorun.com\/de\/wp-json\/wp\/v2\/types\/product"}],"wp:featuredmedia":[{"embeddable":true,"href":"https:\/\/www.miomiorun.com\/de\/wp-json\/wp\/v2\/media\/362197"}],"wp:attachment":[{"href":"https:\/\/www.miomiorun.com\/de\/wp-json\/wp\/v2\/media?parent=209285"}],"wp:term":[{"taxonomy":"product_brand","embeddable":true,"href":"https:\/\/www.miomiorun.com\/de\/wp-json\/wp\/v2\/product_brand?post=209285"},{"taxonomy":"product_cat","embeddable":true,"href":"https:\/\/www.miomiorun.com\/de\/wp-json\/wp\/v2\/product_cat?post=209285"},{"taxonomy":"product_tag","embeddable":true,"href":"https:\/\/www.miomiorun.com\/de\/wp-json\/wp\/v2\/product_tag?post=209285"}],"curies":[{"name":"wp","href":"https:\/\/api.w.org\/{rel}","templated":true}]}}