{"id":209050,"date":"2024-10-09T17:38:11","date_gmt":"2024-10-09T15:38:11","guid":{"rendered":"https:\/\/miomiorun.com\/?post_type=product&#038;p=209050"},"modified":"2026-05-08T22:18:01","modified_gmt":"2026-05-08T20:18:01","slug":"launch-camo-short-sleeve-damen","status":"publish","type":"product","link":"https:\/\/www.miomiorun.com\/de\/produkt\/launch-camo-short-sleeve-damen\/","title":{"rendered":"Launch Camo Short Sleeve damen"},"content":{"rendered":"<h3>Um l\u00e4nger und schneller zu laufen, brauchst du au\u00dfergew\u00f6hnlichen Komfort, Elastizit\u00e4t und Leichtigkeit.<\/h3>\n<p>Das <strong>Launch Camo Short Sleeve<\/strong> f\u00fcr Frauen ist ein Trikot, das dir all das bietet. Du wirst dich fast so f\u00fchlen, als w\u00fcrdest du es nicht tragen.<\/p>\n<h3><\/h3>\n<h3>Eigenschaften:<\/h3>\n<ul class=\"t-tabs_data\">\n<li class=\"t-tabs_list\">Leichtes, superatmungsaktives Jacquard-Strickmaterial<\/li>\n<li class=\"t-tabs_list\">Das Material absorbiert Schwei\u00df und trocknet sehr schnell<\/li>\n<li class=\"t-tabs_list\">4-Wege-Stretchmaterial verbessert die Bewegungsfreiheit<\/li>\n<li class=\"t-tabs_list\">Saum mit Seitenschlitzen<\/li>\n<li class=\"t-tabs_list\">Reflektierende Details f\u00fcr bessere Sichtbarkeit bei Rennen unter schlechten Lichtverh\u00e4ltnissen<\/li>\n<li class=\"t-tabs_list\">100% Polyester<\/li>\n<li class=\"t-tabs_list\">Importiertes Produkt<\/li>\n<\/ul>\n<h3>Passform und Pflege<\/h3>\n<ul class=\"t-tabs_data\">\n<li class=\"t-tabs_list\">Passform<span class=\"t-bold_font\">: <\/span>Wesentliche Passform, weder zu eng noch zu weit.<\/li>\n<li class=\"t-tabs_list\">Maschinenw\u00e4sche kalt mit \u00e4hnlichen Farben<\/li>\n<li class=\"t-tabs_list\">Falls erforderlich, nur chlorfreies Bleichmittel verwenden<\/li>\n<li class=\"t-tabs_list\">Im W\u00e4schetrockner bei niedriger Temperatur trocknen<\/li>\n<li class=\"t-tabs_list\">Nicht b\u00fcgeln<\/li>\n<li class=\"t-tabs_list\">Keine Weichsp\u00fcler verwenden<\/li>\n<li class=\"t-tabs_list\">Nicht chemisch reinigen<\/li>\n<\/ul>\n<p>&nbsp;<\/p>\n<p>&nbsp;<\/p>\n","protected":false},"excerpt":{"rendered":"<p>Um l\u00e4nger und schneller zu laufen, brauchst du au\u00dfergew\u00f6hnlichen Komfort, Elastizit\u00e4t und Leichtigkeit. Das Launch Camo Short Sleeve f\u00fcr Frauen ist ein Trikot, das dir all das bietet. Du wirst dich fast so f\u00fchlen, als w\u00fcrdest du es nicht tragen. Eigenschaften: Leichtes, superatmungsaktives Jacquard-Strickmaterial Das Material absorbiert Schwei\u00df und trocknet sehr schnell 4-Wege-Stretchmaterial verbessert die &hellip; <a href=\"https:\/\/www.miomiorun.com\/de\/produkt\/launch-camo-short-sleeve-damen\/\">Continued<\/a><\/p>\n","protected":false},"featured_media":212055,"template":"","meta":{"_acf_changed":false,"inline_featured_image":false},"product_brand":[],"product_cat":[6400,6401,6489],"product_tag":[20482,20495],"class_list":{"0":"post-209050","1":"product","2":"type-product","3":"status-publish","4":"has-post-thumbnail","6":"product_cat-damen","7":"product_cat-damenbekleidung","8":"product_cat-dament-shirt-de","9":"product_tag-under-armour-de","10":"product_tag-under-armour-damen","11":"pa_attivita-fitness-de","12":"pa_attivita-gehen","13":"pa_attivita-running-de","14":"pa_colore-launch-camo-shortsleeve-horizon-w-de","15":"pa_colore-launch-camo-shortsleeve-w-shaded-fuchsia-de","16":"pa_colore-launch-camo-shortsleeve-w-stream-de","17":"pa_marca-under-armour-de","18":"pa_sesso-damen","19":"pa_size-extra-small-de","20":"pa_size-small-de","21":"pa_size-medium-de","22":"pa_size-large-de","24":"first","25":"instock","26":"sale","27":"taxable","28":"shipping-taxable","29":"purchasable","30":"product-type-variable","31":"wvs-archive-product-wrapper"},"acf":[],"yoast_head":"<!-- This site is optimized with the Yoast SEO plugin v26.8 - https:\/\/yoast.com\/product\/yoast-seo-wordpress\/ -->\n<title>Under ArmourLaunch Camo Short Sleeve damen - l\u00e4uft T-Shirt- MioMioRun<\/title>\n<meta name=\"description\" content=\"Um l\u00e4nger und schneller zu laufen, brauchst du au\u00dfergew\u00f6hnlichen Komfort, Elastizit\u00e4t und Leichtigkeit.Das Launch Camo Short Sleeve f\u00fcr Frauen\" \/>\n<meta name=\"robots\" content=\"index, follow, max-snippet:-1, max-image-preview:large, max-video-preview:-1\" \/>\n<link rel=\"canonical\" href=\"https:\/\/www.miomiorun.com\/de\/produkt\/launch-camo-short-sleeve-damen\/\" \/>\n<meta property=\"og:locale\" content=\"de_DE\" \/>\n<meta property=\"og:type\" content=\"article\" \/>\n<meta property=\"og:title\" content=\"Under ArmourLaunch Camo Short Sleeve damen - l\u00e4uft T-Shirt- MioMioRun\" \/>\n<meta property=\"og:description\" content=\"Um l\u00e4nger und schneller zu laufen, brauchst du au\u00dfergew\u00f6hnlichen Komfort, Elastizit\u00e4t und Leichtigkeit.Das Launch Camo Short Sleeve f\u00fcr Frauen\" \/>\n<meta property=\"og:url\" content=\"https:\/\/www.miomiorun.com\/de\/produkt\/launch-camo-short-sleeve-damen\/\" \/>\n<meta property=\"og:site_name\" content=\"MioMioRun\" \/>\n<meta property=\"article:publisher\" content=\"https:\/\/www.facebook.com\/miomiorun\/\" \/>\n<meta property=\"article:modified_time\" content=\"2026-05-08T20:18:01+00:00\" \/>\n<meta property=\"og:image\" content=\"https:\/\/www.miomiorun.com\/app\/uploads\/2024\/10\/under-armour-Launch-camo-shortsleeve-horizon-W-1386337-0465.webp\" \/>\n\t<meta property=\"og:image:width\" content=\"600\" \/>\n\t<meta property=\"og:image:height\" content=\"600\" \/>\n\t<meta property=\"og:image:type\" content=\"image\/webp\" \/>\n<meta name=\"twitter:card\" content=\"summary_large_image\" \/>\n<meta name=\"twitter:label1\" content=\"Est. reading time\" \/>\n\t<meta name=\"twitter:data1\" content=\"2 minutes\" \/>\n<script type=\"application\/ld+json\" class=\"yoast-schema-graph\">{\"@context\":\"https:\/\/schema.org\",\"@graph\":[{\"@type\":\"WebPage\",\"@id\":\"https:\/\/www.miomiorun.com\/de\/produkt\/launch-camo-short-sleeve-damen\/\",\"url\":\"https:\/\/www.miomiorun.com\/de\/produkt\/launch-camo-short-sleeve-damen\/\",\"name\":\"Under ArmourLaunch Camo Short Sleeve damen - l\u00e4uft T-Shirt- MioMioRun\",\"isPartOf\":{\"@id\":\"https:\/\/www.miomiorun.com\/de\/#website\"},\"primaryImageOfPage\":{\"@id\":\"https:\/\/www.miomiorun.com\/de\/produkt\/launch-camo-short-sleeve-damen\/#primaryimage\"},\"image\":{\"@id\":\"https:\/\/www.miomiorun.com\/de\/produkt\/launch-camo-short-sleeve-damen\/#primaryimage\"},\"thumbnailUrl\":\"https:\/\/www.miomiorun.com\/app\/uploads\/2024\/10\/under-armour-Launch-camo-shortsleeve-horizon-W-1386337-0465.webp\",\"datePublished\":\"2024-10-09T15:38:11+00:00\",\"dateModified\":\"2026-05-08T20:18:01+00:00\",\"description\":\"Um l\u00e4nger und schneller zu laufen, brauchst du au\u00dfergew\u00f6hnlichen Komfort, Elastizit\u00e4t und Leichtigkeit.Das Launch Camo Short Sleeve f\u00fcr Frauen\",\"breadcrumb\":{\"@id\":\"https:\/\/www.miomiorun.com\/de\/produkt\/launch-camo-short-sleeve-damen\/#breadcrumb\"},\"inLanguage\":\"de-DE\",\"potentialAction\":[{\"@type\":\"ReadAction\",\"target\":[\"https:\/\/www.miomiorun.com\/de\/produkt\/launch-camo-short-sleeve-damen\/\"]}]},{\"@type\":\"ImageObject\",\"inLanguage\":\"de-DE\",\"@id\":\"https:\/\/www.miomiorun.com\/de\/produkt\/launch-camo-short-sleeve-damen\/#primaryimage\",\"url\":\"https:\/\/www.miomiorun.com\/app\/uploads\/2024\/10\/under-armour-Launch-camo-shortsleeve-horizon-W-1386337-0465.webp\",\"contentUrl\":\"https:\/\/www.miomiorun.com\/app\/uploads\/2024\/10\/under-armour-Launch-camo-shortsleeve-horizon-W-1386337-0465.webp\",\"width\":600,\"height\":600,\"caption\":\"under armour Launch camo shortsleeve horizon W 1386337-0465\"},{\"@type\":\"BreadcrumbList\",\"@id\":\"https:\/\/www.miomiorun.com\/de\/produkt\/launch-camo-short-sleeve-damen\/#breadcrumb\",\"itemListElement\":[{\"@type\":\"ListItem\",\"position\":1,\"name\":\"Home\",\"item\":\"https:\/\/www.miomiorun.com\/de\/\"},{\"@type\":\"ListItem\",\"position\":2,\"name\":\"Shop\",\"item\":\"https:\/\/www.miomiorun.com\/shop\/\"},{\"@type\":\"ListItem\",\"position\":3,\"name\":\"Launch Camo Short Sleeve damen\"}]},{\"@type\":\"WebSite\",\"@id\":\"https:\/\/www.miomiorun.com\/de\/#website\",\"url\":\"https:\/\/www.miomiorun.com\/de\/\",\"name\":\"MioMioRun\",\"description\":\"100% Lauf- und Trailshop\",\"publisher\":{\"@id\":\"https:\/\/www.miomiorun.com\/de\/#organization\"},\"potentialAction\":[{\"@type\":\"SearchAction\",\"target\":{\"@type\":\"EntryPoint\",\"urlTemplate\":\"https:\/\/www.miomiorun.com\/de\/?s={search_term_string}\"},\"query-input\":{\"@type\":\"PropertyValueSpecification\",\"valueRequired\":true,\"valueName\":\"search_term_string\"}}],\"inLanguage\":\"de-DE\"},{\"@type\":\"Organization\",\"@id\":\"https:\/\/www.miomiorun.com\/de\/#organization\",\"name\":\"MioMio Run\",\"url\":\"https:\/\/www.miomiorun.com\/de\/\",\"logo\":{\"@type\":\"ImageObject\",\"inLanguage\":\"de-DE\",\"@id\":\"https:\/\/www.miomiorun.com\/de\/#\/schema\/logo\/image\/\",\"url\":\"https:\/\/www.miomiorun.com\/app\/uploads\/2019\/12\/logomio.png\",\"contentUrl\":\"https:\/\/www.miomiorun.com\/app\/uploads\/2019\/12\/logomio.png\",\"width\":115,\"height\":82,\"caption\":\"MioMio Run\"},\"image\":{\"@id\":\"https:\/\/www.miomiorun.com\/de\/#\/schema\/logo\/image\/\"},\"sameAs\":[\"https:\/\/www.facebook.com\/miomiorun\/\",\"https:\/\/www.instagram.com\/miomiorun\/\"]}]}<\/script>\n<!-- \/ Yoast SEO plugin. -->","yoast_head_json":{"title":"Under ArmourLaunch Camo Short Sleeve damen - l\u00e4uft T-Shirt- MioMioRun","description":"Um l\u00e4nger und schneller zu laufen, brauchst du au\u00dfergew\u00f6hnlichen Komfort, Elastizit\u00e4t und Leichtigkeit.Das Launch Camo Short Sleeve f\u00fcr Frauen","robots":{"index":"index","follow":"follow","max-snippet":"max-snippet:-1","max-image-preview":"max-image-preview:large","max-video-preview":"max-video-preview:-1"},"canonical":"https:\/\/www.miomiorun.com\/de\/produkt\/launch-camo-short-sleeve-damen\/","og_locale":"de_DE","og_type":"article","og_title":"Under ArmourLaunch Camo Short Sleeve damen - l\u00e4uft T-Shirt- MioMioRun","og_description":"Um l\u00e4nger und schneller zu laufen, brauchst du au\u00dfergew\u00f6hnlichen Komfort, Elastizit\u00e4t und Leichtigkeit.Das Launch Camo Short Sleeve f\u00fcr Frauen","og_url":"https:\/\/www.miomiorun.com\/de\/produkt\/launch-camo-short-sleeve-damen\/","og_site_name":"MioMioRun","article_publisher":"https:\/\/www.facebook.com\/miomiorun\/","article_modified_time":"2026-05-08T20:18:01+00:00","og_image":[{"width":600,"height":600,"url":"https:\/\/www.miomiorun.com\/app\/uploads\/2024\/10\/under-armour-Launch-camo-shortsleeve-horizon-W-1386337-0465.webp","type":"image\/webp"}],"twitter_card":"summary_large_image","twitter_misc":{"Est. reading time":"2 minutes"},"schema":{"@context":"https:\/\/schema.org","@graph":[{"@type":"WebPage","@id":"https:\/\/www.miomiorun.com\/de\/produkt\/launch-camo-short-sleeve-damen\/","url":"https:\/\/www.miomiorun.com\/de\/produkt\/launch-camo-short-sleeve-damen\/","name":"Under ArmourLaunch Camo Short Sleeve damen - l\u00e4uft T-Shirt- MioMioRun","isPartOf":{"@id":"https:\/\/www.miomiorun.com\/de\/#website"},"primaryImageOfPage":{"@id":"https:\/\/www.miomiorun.com\/de\/produkt\/launch-camo-short-sleeve-damen\/#primaryimage"},"image":{"@id":"https:\/\/www.miomiorun.com\/de\/produkt\/launch-camo-short-sleeve-damen\/#primaryimage"},"thumbnailUrl":"https:\/\/www.miomiorun.com\/app\/uploads\/2024\/10\/under-armour-Launch-camo-shortsleeve-horizon-W-1386337-0465.webp","datePublished":"2024-10-09T15:38:11+00:00","dateModified":"2026-05-08T20:18:01+00:00","description":"Um l\u00e4nger und schneller zu laufen, brauchst du au\u00dfergew\u00f6hnlichen Komfort, Elastizit\u00e4t und Leichtigkeit.Das Launch Camo Short Sleeve f\u00fcr Frauen","breadcrumb":{"@id":"https:\/\/www.miomiorun.com\/de\/produkt\/launch-camo-short-sleeve-damen\/#breadcrumb"},"inLanguage":"de-DE","potentialAction":[{"@type":"ReadAction","target":["https:\/\/www.miomiorun.com\/de\/produkt\/launch-camo-short-sleeve-damen\/"]}]},{"@type":"ImageObject","inLanguage":"de-DE","@id":"https:\/\/www.miomiorun.com\/de\/produkt\/launch-camo-short-sleeve-damen\/#primaryimage","url":"https:\/\/www.miomiorun.com\/app\/uploads\/2024\/10\/under-armour-Launch-camo-shortsleeve-horizon-W-1386337-0465.webp","contentUrl":"https:\/\/www.miomiorun.com\/app\/uploads\/2024\/10\/under-armour-Launch-camo-shortsleeve-horizon-W-1386337-0465.webp","width":600,"height":600,"caption":"under armour Launch camo shortsleeve horizon W 1386337-0465"},{"@type":"BreadcrumbList","@id":"https:\/\/www.miomiorun.com\/de\/produkt\/launch-camo-short-sleeve-damen\/#breadcrumb","itemListElement":[{"@type":"ListItem","position":1,"name":"Home","item":"https:\/\/www.miomiorun.com\/de\/"},{"@type":"ListItem","position":2,"name":"Shop","item":"https:\/\/www.miomiorun.com\/shop\/"},{"@type":"ListItem","position":3,"name":"Launch Camo Short Sleeve damen"}]},{"@type":"WebSite","@id":"https:\/\/www.miomiorun.com\/de\/#website","url":"https:\/\/www.miomiorun.com\/de\/","name":"MioMioRun","description":"100% Lauf- und Trailshop","publisher":{"@id":"https:\/\/www.miomiorun.com\/de\/#organization"},"potentialAction":[{"@type":"SearchAction","target":{"@type":"EntryPoint","urlTemplate":"https:\/\/www.miomiorun.com\/de\/?s={search_term_string}"},"query-input":{"@type":"PropertyValueSpecification","valueRequired":true,"valueName":"search_term_string"}}],"inLanguage":"de-DE"},{"@type":"Organization","@id":"https:\/\/www.miomiorun.com\/de\/#organization","name":"MioMio Run","url":"https:\/\/www.miomiorun.com\/de\/","logo":{"@type":"ImageObject","inLanguage":"de-DE","@id":"https:\/\/www.miomiorun.com\/de\/#\/schema\/logo\/image\/","url":"https:\/\/www.miomiorun.com\/app\/uploads\/2019\/12\/logomio.png","contentUrl":"https:\/\/www.miomiorun.com\/app\/uploads\/2019\/12\/logomio.png","width":115,"height":82,"caption":"MioMio Run"},"image":{"@id":"https:\/\/www.miomiorun.com\/de\/#\/schema\/logo\/image\/"},"sameAs":["https:\/\/www.facebook.com\/miomiorun\/","https:\/\/www.instagram.com\/miomiorun\/"]}]}},"_links":{"self":[{"href":"https:\/\/www.miomiorun.com\/de\/wp-json\/wp\/v2\/product\/209050","targetHints":{"allow":["GET"]}}],"collection":[{"href":"https:\/\/www.miomiorun.com\/de\/wp-json\/wp\/v2\/product"}],"about":[{"href":"https:\/\/www.miomiorun.com\/de\/wp-json\/wp\/v2\/types\/product"}],"wp:featuredmedia":[{"embeddable":true,"href":"https:\/\/www.miomiorun.com\/de\/wp-json\/wp\/v2\/media\/212055"}],"wp:attachment":[{"href":"https:\/\/www.miomiorun.com\/de\/wp-json\/wp\/v2\/media?parent=209050"}],"wp:term":[{"taxonomy":"product_brand","embeddable":true,"href":"https:\/\/www.miomiorun.com\/de\/wp-json\/wp\/v2\/product_brand?post=209050"},{"taxonomy":"product_cat","embeddable":true,"href":"https:\/\/www.miomiorun.com\/de\/wp-json\/wp\/v2\/product_cat?post=209050"},{"taxonomy":"product_tag","embeddable":true,"href":"https:\/\/www.miomiorun.com\/de\/wp-json\/wp\/v2\/product_tag?post=209050"}],"curies":[{"name":"wp","href":"https:\/\/api.w.org\/{rel}","templated":true}]}}