{"id":208908,"date":"2024-10-08T16:00:43","date_gmt":"2024-10-08T14:00:43","guid":{"rendered":"https:\/\/miomiorun.com\/?post_type=product&#038;p=208908"},"modified":"2025-03-28T18:40:09","modified_gmt":"2025-03-28T17:40:09","slug":"edge-1050-silikonhuelle","status":"publish","type":"product","link":"https:\/\/www.miomiorun.com\/de\/produkt\/edge-1050-silikonhuelle\/","title":{"rendered":"Edge 1050 Silikonh\u00fclle"},"content":{"rendered":"<p>Sch\u00fctzen Sie Ihren Edge\u00ae 1050 mit dieser ergonomischen, abnehmbaren Silikonh\u00fclle.<\/p>\n","protected":false},"excerpt":{"rendered":"<p>Sch\u00fctzen Sie Ihren Edge\u00ae 1050 mit dieser ergonomischen, abnehmbaren Silikonh\u00fclle.<\/p>\n","protected":false},"featured_media":208932,"template":"","meta":{"_acf_changed":false,"inline_featured_image":false},"product_brand":[],"product_cat":[3344,3345],"product_tag":[3346],"class_list":{"0":"post-208908","1":"product","2":"type-product","3":"status-publish","4":"has-post-thumbnail","6":"product_cat-garmin-de","7":"product_cat-zubehoer-de-2","8":"product_tag-garmin-de","9":"pa_colore-cover-edge-1050-black-de","10":"pa_colore-cover-edge-1050-blue-de","11":"pa_colore-cover-edge-1050-orange-de","12":"pa_colore-cover-edge-1050-pebble-gray-de","13":"pa_colore-cover-edge-1050-red-de","14":"pa_colore-cover-edge-1050-white-de","15":"pa_marca-garmin-de","16":"pa_sesso-damen","17":"pa_sesso-herren","19":"first","20":"instock","21":"sale","22":"taxable","23":"shipping-taxable","24":"purchasable","25":"product-type-variable","26":"wvs-archive-product-wrapper"},"acf":[],"yoast_head":"<!-- This site is optimized with the Yoast SEO plugin v26.8 - https:\/\/yoast.com\/product\/yoast-seo-wordpress\/ -->\n<title>Garmin Edge 1050 Silikonh\u00fclle - garmin zubeh\u00f6r - MioMioRun<\/title>\n<meta name=\"description\" content=\"Sch\u00fctzen Sie Ihren Edge\u00ae 1050 mit dieser ergonomischen, abnehmbaren Silikonh\u00fclle. Erh\u00e4ltlich in verschiedenen Farben, um Ihrem Edge einen neuen Look zu verleihen.\" \/>\n<meta name=\"robots\" content=\"index, follow, max-snippet:-1, max-image-preview:large, max-video-preview:-1\" \/>\n<link rel=\"canonical\" href=\"https:\/\/www.miomiorun.com\/de\/produkt\/edge-1050-silikonhuelle\/\" \/>\n<meta property=\"og:locale\" content=\"de_DE\" \/>\n<meta property=\"og:type\" content=\"article\" \/>\n<meta property=\"og:title\" content=\"Garmin Edge 1050 Silikonh\u00fclle - garmin zubeh\u00f6r - MioMioRun\" \/>\n<meta property=\"og:description\" content=\"Sch\u00fctzen Sie Ihren Edge\u00ae 1050 mit dieser ergonomischen, abnehmbaren Silikonh\u00fclle. Erh\u00e4ltlich in verschiedenen Farben, um Ihrem Edge einen neuen Look zu verleihen.\" \/>\n<meta property=\"og:url\" content=\"https:\/\/www.miomiorun.com\/de\/produkt\/edge-1050-silikonhuelle\/\" \/>\n<meta property=\"og:site_name\" content=\"MioMioRun\" \/>\n<meta property=\"article:publisher\" content=\"https:\/\/www.facebook.com\/miomiorun\/\" \/>\n<meta property=\"article:modified_time\" content=\"2025-03-28T17:40:09+00:00\" \/>\n<meta property=\"og:image\" content=\"https:\/\/www.miomiorun.com\/app\/uploads\/2024\/10\/garmin-Cover-Edge-1050-black-010-13360-00.webp\" \/>\n\t<meta property=\"og:image:width\" content=\"600\" \/>\n\t<meta property=\"og:image:height\" content=\"600\" \/>\n\t<meta property=\"og:image:type\" content=\"image\/webp\" \/>\n<meta name=\"twitter:card\" content=\"summary_large_image\" \/>\n<script type=\"application\/ld+json\" class=\"yoast-schema-graph\">{\"@context\":\"https:\/\/schema.org\",\"@graph\":[{\"@type\":\"WebPage\",\"@id\":\"https:\/\/www.miomiorun.com\/de\/produkt\/edge-1050-silikonhuelle\/\",\"url\":\"https:\/\/www.miomiorun.com\/de\/produkt\/edge-1050-silikonhuelle\/\",\"name\":\"Garmin Edge 1050 Silikonh\u00fclle - garmin zubeh\u00f6r - MioMioRun\",\"isPartOf\":{\"@id\":\"https:\/\/www.miomiorun.com\/de\/#website\"},\"primaryImageOfPage\":{\"@id\":\"https:\/\/www.miomiorun.com\/de\/produkt\/edge-1050-silikonhuelle\/#primaryimage\"},\"image\":{\"@id\":\"https:\/\/www.miomiorun.com\/de\/produkt\/edge-1050-silikonhuelle\/#primaryimage\"},\"thumbnailUrl\":\"https:\/\/www.miomiorun.com\/app\/uploads\/2024\/10\/garmin-Cover-Edge-1050-black-010-13360-00.webp\",\"datePublished\":\"2024-10-08T14:00:43+00:00\",\"dateModified\":\"2025-03-28T17:40:09+00:00\",\"description\":\"Sch\u00fctzen Sie Ihren Edge\u00ae 1050 mit dieser ergonomischen, abnehmbaren Silikonh\u00fclle. Erh\u00e4ltlich in verschiedenen Farben, um Ihrem Edge einen neuen Look zu verleihen.\",\"breadcrumb\":{\"@id\":\"https:\/\/www.miomiorun.com\/de\/produkt\/edge-1050-silikonhuelle\/#breadcrumb\"},\"inLanguage\":\"de-DE\",\"potentialAction\":[{\"@type\":\"ReadAction\",\"target\":[\"https:\/\/www.miomiorun.com\/de\/produkt\/edge-1050-silikonhuelle\/\"]}]},{\"@type\":\"ImageObject\",\"inLanguage\":\"de-DE\",\"@id\":\"https:\/\/www.miomiorun.com\/de\/produkt\/edge-1050-silikonhuelle\/#primaryimage\",\"url\":\"https:\/\/www.miomiorun.com\/app\/uploads\/2024\/10\/garmin-Cover-Edge-1050-black-010-13360-00.webp\",\"contentUrl\":\"https:\/\/www.miomiorun.com\/app\/uploads\/2024\/10\/garmin-Cover-Edge-1050-black-010-13360-00.webp\",\"width\":600,\"height\":600,\"caption\":\"garmin Cover Edge 1050 black 010-13360-00\"},{\"@type\":\"BreadcrumbList\",\"@id\":\"https:\/\/www.miomiorun.com\/de\/produkt\/edge-1050-silikonhuelle\/#breadcrumb\",\"itemListElement\":[{\"@type\":\"ListItem\",\"position\":1,\"name\":\"Home\",\"item\":\"https:\/\/www.miomiorun.com\/de\/\"},{\"@type\":\"ListItem\",\"position\":2,\"name\":\"Shop\",\"item\":\"https:\/\/www.miomiorun.com\/shop\/\"},{\"@type\":\"ListItem\",\"position\":3,\"name\":\"Edge 1050 Silikonh\u00fclle\"}]},{\"@type\":\"WebSite\",\"@id\":\"https:\/\/www.miomiorun.com\/de\/#website\",\"url\":\"https:\/\/www.miomiorun.com\/de\/\",\"name\":\"MioMioRun\",\"description\":\"100% Lauf- und Trailshop\",\"publisher\":{\"@id\":\"https:\/\/www.miomiorun.com\/de\/#organization\"},\"potentialAction\":[{\"@type\":\"SearchAction\",\"target\":{\"@type\":\"EntryPoint\",\"urlTemplate\":\"https:\/\/www.miomiorun.com\/de\/?s={search_term_string}\"},\"query-input\":{\"@type\":\"PropertyValueSpecification\",\"valueRequired\":true,\"valueName\":\"search_term_string\"}}],\"inLanguage\":\"de-DE\"},{\"@type\":\"Organization\",\"@id\":\"https:\/\/www.miomiorun.com\/de\/#organization\",\"name\":\"MioMio Run\",\"url\":\"https:\/\/www.miomiorun.com\/de\/\",\"logo\":{\"@type\":\"ImageObject\",\"inLanguage\":\"de-DE\",\"@id\":\"https:\/\/www.miomiorun.com\/de\/#\/schema\/logo\/image\/\",\"url\":\"https:\/\/www.miomiorun.com\/app\/uploads\/2019\/12\/logomio.png\",\"contentUrl\":\"https:\/\/www.miomiorun.com\/app\/uploads\/2019\/12\/logomio.png\",\"width\":115,\"height\":82,\"caption\":\"MioMio Run\"},\"image\":{\"@id\":\"https:\/\/www.miomiorun.com\/de\/#\/schema\/logo\/image\/\"},\"sameAs\":[\"https:\/\/www.facebook.com\/miomiorun\/\",\"https:\/\/www.instagram.com\/miomiorun\/\"]}]}<\/script>\n<!-- \/ Yoast SEO plugin. -->","yoast_head_json":{"title":"Garmin Edge 1050 Silikonh\u00fclle - garmin zubeh\u00f6r - MioMioRun","description":"Sch\u00fctzen Sie Ihren Edge\u00ae 1050 mit dieser ergonomischen, abnehmbaren Silikonh\u00fclle. Erh\u00e4ltlich in verschiedenen Farben, um Ihrem Edge einen neuen Look zu verleihen.","robots":{"index":"index","follow":"follow","max-snippet":"max-snippet:-1","max-image-preview":"max-image-preview:large","max-video-preview":"max-video-preview:-1"},"canonical":"https:\/\/www.miomiorun.com\/de\/produkt\/edge-1050-silikonhuelle\/","og_locale":"de_DE","og_type":"article","og_title":"Garmin Edge 1050 Silikonh\u00fclle - garmin zubeh\u00f6r - MioMioRun","og_description":"Sch\u00fctzen Sie Ihren Edge\u00ae 1050 mit dieser ergonomischen, abnehmbaren Silikonh\u00fclle. Erh\u00e4ltlich in verschiedenen Farben, um Ihrem Edge einen neuen Look zu verleihen.","og_url":"https:\/\/www.miomiorun.com\/de\/produkt\/edge-1050-silikonhuelle\/","og_site_name":"MioMioRun","article_publisher":"https:\/\/www.facebook.com\/miomiorun\/","article_modified_time":"2025-03-28T17:40:09+00:00","og_image":[{"width":600,"height":600,"url":"https:\/\/www.miomiorun.com\/app\/uploads\/2024\/10\/garmin-Cover-Edge-1050-black-010-13360-00.webp","type":"image\/webp"}],"twitter_card":"summary_large_image","schema":{"@context":"https:\/\/schema.org","@graph":[{"@type":"WebPage","@id":"https:\/\/www.miomiorun.com\/de\/produkt\/edge-1050-silikonhuelle\/","url":"https:\/\/www.miomiorun.com\/de\/produkt\/edge-1050-silikonhuelle\/","name":"Garmin Edge 1050 Silikonh\u00fclle - garmin zubeh\u00f6r - MioMioRun","isPartOf":{"@id":"https:\/\/www.miomiorun.com\/de\/#website"},"primaryImageOfPage":{"@id":"https:\/\/www.miomiorun.com\/de\/produkt\/edge-1050-silikonhuelle\/#primaryimage"},"image":{"@id":"https:\/\/www.miomiorun.com\/de\/produkt\/edge-1050-silikonhuelle\/#primaryimage"},"thumbnailUrl":"https:\/\/www.miomiorun.com\/app\/uploads\/2024\/10\/garmin-Cover-Edge-1050-black-010-13360-00.webp","datePublished":"2024-10-08T14:00:43+00:00","dateModified":"2025-03-28T17:40:09+00:00","description":"Sch\u00fctzen Sie Ihren Edge\u00ae 1050 mit dieser ergonomischen, abnehmbaren Silikonh\u00fclle. Erh\u00e4ltlich in verschiedenen Farben, um Ihrem Edge einen neuen Look zu verleihen.","breadcrumb":{"@id":"https:\/\/www.miomiorun.com\/de\/produkt\/edge-1050-silikonhuelle\/#breadcrumb"},"inLanguage":"de-DE","potentialAction":[{"@type":"ReadAction","target":["https:\/\/www.miomiorun.com\/de\/produkt\/edge-1050-silikonhuelle\/"]}]},{"@type":"ImageObject","inLanguage":"de-DE","@id":"https:\/\/www.miomiorun.com\/de\/produkt\/edge-1050-silikonhuelle\/#primaryimage","url":"https:\/\/www.miomiorun.com\/app\/uploads\/2024\/10\/garmin-Cover-Edge-1050-black-010-13360-00.webp","contentUrl":"https:\/\/www.miomiorun.com\/app\/uploads\/2024\/10\/garmin-Cover-Edge-1050-black-010-13360-00.webp","width":600,"height":600,"caption":"garmin Cover Edge 1050 black 010-13360-00"},{"@type":"BreadcrumbList","@id":"https:\/\/www.miomiorun.com\/de\/produkt\/edge-1050-silikonhuelle\/#breadcrumb","itemListElement":[{"@type":"ListItem","position":1,"name":"Home","item":"https:\/\/www.miomiorun.com\/de\/"},{"@type":"ListItem","position":2,"name":"Shop","item":"https:\/\/www.miomiorun.com\/shop\/"},{"@type":"ListItem","position":3,"name":"Edge 1050 Silikonh\u00fclle"}]},{"@type":"WebSite","@id":"https:\/\/www.miomiorun.com\/de\/#website","url":"https:\/\/www.miomiorun.com\/de\/","name":"MioMioRun","description":"100% Lauf- und Trailshop","publisher":{"@id":"https:\/\/www.miomiorun.com\/de\/#organization"},"potentialAction":[{"@type":"SearchAction","target":{"@type":"EntryPoint","urlTemplate":"https:\/\/www.miomiorun.com\/de\/?s={search_term_string}"},"query-input":{"@type":"PropertyValueSpecification","valueRequired":true,"valueName":"search_term_string"}}],"inLanguage":"de-DE"},{"@type":"Organization","@id":"https:\/\/www.miomiorun.com\/de\/#organization","name":"MioMio Run","url":"https:\/\/www.miomiorun.com\/de\/","logo":{"@type":"ImageObject","inLanguage":"de-DE","@id":"https:\/\/www.miomiorun.com\/de\/#\/schema\/logo\/image\/","url":"https:\/\/www.miomiorun.com\/app\/uploads\/2019\/12\/logomio.png","contentUrl":"https:\/\/www.miomiorun.com\/app\/uploads\/2019\/12\/logomio.png","width":115,"height":82,"caption":"MioMio Run"},"image":{"@id":"https:\/\/www.miomiorun.com\/de\/#\/schema\/logo\/image\/"},"sameAs":["https:\/\/www.facebook.com\/miomiorun\/","https:\/\/www.instagram.com\/miomiorun\/"]}]}},"_links":{"self":[{"href":"https:\/\/www.miomiorun.com\/de\/wp-json\/wp\/v2\/product\/208908","targetHints":{"allow":["GET"]}}],"collection":[{"href":"https:\/\/www.miomiorun.com\/de\/wp-json\/wp\/v2\/product"}],"about":[{"href":"https:\/\/www.miomiorun.com\/de\/wp-json\/wp\/v2\/types\/product"}],"wp:featuredmedia":[{"embeddable":true,"href":"https:\/\/www.miomiorun.com\/de\/wp-json\/wp\/v2\/media\/208932"}],"wp:attachment":[{"href":"https:\/\/www.miomiorun.com\/de\/wp-json\/wp\/v2\/media?parent=208908"}],"wp:term":[{"taxonomy":"product_brand","embeddable":true,"href":"https:\/\/www.miomiorun.com\/de\/wp-json\/wp\/v2\/product_brand?post=208908"},{"taxonomy":"product_cat","embeddable":true,"href":"https:\/\/www.miomiorun.com\/de\/wp-json\/wp\/v2\/product_cat?post=208908"},{"taxonomy":"product_tag","embeddable":true,"href":"https:\/\/www.miomiorun.com\/de\/wp-json\/wp\/v2\/product_tag?post=208908"}],"curies":[{"name":"wp","href":"https:\/\/api.w.org\/{rel}","templated":true}]}}