{"id":208809,"date":"2024-10-08T14:42:03","date_gmt":"2024-10-08T12:42:03","guid":{"rendered":"https:\/\/miomiorun.com\/?post_type=product&#038;p=208809"},"modified":"2025-05-23T11:04:43","modified_gmt":"2025-05-23T09:04:43","slug":"ultra-raptor-ii-mid-jr-gtx","status":"publish","type":"product","link":"https:\/\/www.miomiorun.com\/de\/produkt\/ultra-raptor-ii-mid-jr-gtx\/","title":{"rendered":"Ultra Raptor II Mid JR Gtx"},"content":{"rendered":"<div class=\"vc-row container\"><div class=\"vc-column\"><div class=\"vc-column-text\"><\/p>\n<h4>Technische Daten<\/h4>\n<p>Kategorie: Strukturierte D\u00e4mpfung<br \/>\nOffset: 4mm<br \/>\nIdeal f\u00fcr: Jungen, die einen Schuh mit guter D\u00e4mpfung und Struktur brauchen, um Bergpfade zu bew\u00e4ltigen. Ideal f\u00fcr den Einstieg ins Trailrunning oder f\u00fcr Jungen, die bereits geneigt sind, mittlere bis lange Strecken in Angriff zu nehmen.<br \/>\n<a href=\"https:\/\/miomiorun.com\/de\/leitfaden-fuer-technische-spezifikationen\/\">Spezifikationen guide<\/a><\/p>\n<p><\/div><\/div><div class=\"vc-column\"><div class=\"vc-column-text\"><\/p>\n<p class=\"product-name\" data-qa=\"productName\">Der <strong>Ultra Raptor II Mid Junior GTX<\/strong> ist ein Trekkingschuh mit <strong>GORE-TEX-Membran<\/strong> aus der Ultra Raptor-Kollektion, der f\u00fcr kleine Kinder entwickelt wurde. Perfekt f\u00fcr den t\u00e4glichen Gebrauch in den k\u00e4lteren Monaten und f\u00fcr Wanderungen auf unbefestigtem Terrain. Das Obermaterial besteht aus atmungsaktivem Mesh mit thermoadh\u00e4siver Mikrofaserverst\u00e4rkung und abriebfestem Rand f\u00fcr Leichtigkeit und maximalen Aufprallschutz. Das Ortholite\u00ae Hybrid-Fu\u00dfbett wird aus recycelten Komponenten aus dem Verarbeitungsprozess hergestellt und alle Materialien im Schuh sind vegan. Die FriXion\u00ae Blue Compound-Sohle bietet hervorragenden Grip und Haltbarkeit. Gewidmet f\u00fcr unsere kleinen Velociraptoren.<\/p>\n<p data-qa=\"productName\"><strong>Eigenschaften:<\/strong><\/p>\n<div class=\"description-techspecs__items\">\n<ul class=\"features-container\">\n<li class=\"feature-item\">Obermaterial aus Mesh<\/li>\n<li class=\"feature-item\">Schnellschn\u00fcrung<\/li>\n<li class=\"feature-item\">Zwischensohle aus 30% recyceltem Zuckerrohr<\/li>\n<li class=\"feature-item\">Widerstandsf\u00e4higer Gummi Carrarmato<\/li>\n<\/ul>\n<p><img decoding=\"async\" src=\"https:\/\/www.lasportiva.com\/media\/techinfo_icons\/friction-blue.png\" \/><\/p>\n<p>Die <strong>FriXion\u00ae-Mischungen von La Sportiva<\/strong> wurden entwickelt, um Lauffl\u00e4chen mit unterschiedlichen Grip- und Haltbarkeitsparametern zu schaffen, je nach Art der Nutzung und des Gel\u00e4ndes, auf dem die La Sportiva-Schuhe eingesetzt werden.<\/p>\n<p><img decoding=\"async\" src=\"https:\/\/www.lasportiva.com\/media\/techinfo_icons\/impact-brake-system.png\" \/><\/p>\n<p><strong>Innovatives System f\u00fcr die Sohle, das St\u00f6\u00dfe absorbiert, die Traktion unterst\u00fctzt und beim Bremsen Halt gibt.<\/strong><br \/>\nDas vom Forschungs- und Entwicklungszentrum von La Sportiva konzipierte und entwickelte System bietet echte Vorteile beim Laufen, da es die negativen Auswirkungen auf den Boden reduziert. Die besondere Anordnung der Bl\u00f6cke sorgt daf\u00fcr, dass ein Teil der Bl\u00f6cke zuerst mit dem Boden in Ber\u00fchrung kommt, wodurch das Profil weicher wird.<\/p>\n<p><img decoding=\"async\" src=\"https:\/\/www.lasportiva.com\/media\/techinfo_icons\/GORETEX1.png\" \/><\/p>\n<p>Die Schuhe mit der GORE-TEX Extended Comfort Produkttechnologie eignen sich sowohl f\u00fcr den Innen- als auch f\u00fcr den Au\u00dfenbereich bei m\u00e4\u00dfigen und h\u00f6heren Temperaturen oder bei anstrengenden sportlichen Aktivit\u00e4ten.<\/p>\n<p>Sie sind dauerhaft wasserdicht mit optimaler Atmungsaktivit\u00e4t und bieten dauerhaften Schutz vor den Elementen. Wasser dringt nicht ins Innere ein, w\u00e4hrend Schwei\u00df leicht entweichen kann.<\/p>\n<p>Dank ihrer isolationsfreien Konstruktion sind sie die perfekte L\u00f6sung f\u00fcr einen ausgezeichneten Klimakomfort, indem sie \u00fcbersch\u00fcssige W\u00e4rme eliminieren.<\/p>\n<p><img decoding=\"async\" src=\"https:\/\/www.lasportiva.com\/media\/techinfo_icons\/laspo6.png\" \/><\/p>\n<p>Die 3 Laspokids-Modelle f\u00f6rdern die Entwicklung der Kinder durch Technologien, die ihr k\u00f6rperliches und geistiges Wachstum auf nat\u00fcrliche Weise stimulieren, dank L\u00f6sungen, die die Freiheit, die Propriozeption, die Interaktion mit der Umwelt und den &#8220;sensorischen Komfort&#8221; f\u00f6rdern.<br \/>\nLaufen, Klettern und Trekking: 3 Produkte f\u00fcr 3 der sch\u00f6nsten Momente eines Tages in den Bergen in Begleitung von LaspoBoy und LaspoGirl: die freundlichen Charaktere, die uns mit den Kr\u00e4ften ihrer Schuhe zur Entdeckung der Natur und des Bergsports f\u00fchren.<\/p>\n<\/div>\n<p><\/div><\/div><\/div>\n","protected":false},"excerpt":{"rendered":"<ul>\n<li>Schuh f\u00fcr Kinder, die die Berge lieben.<\/li>\n<li>super ged\u00e4mpft und mit hervorragendem Grip.<\/li>\n<li>aus Gore-Tex, um die kleinen F\u00fc\u00dfe trocken zu halten.<\/li>\n<\/ul>\n","protected":false},"featured_media":211107,"template":"","meta":{"_acf_changed":false,"inline_featured_image":false},"product_brand":[],"product_cat":[19446,19445,6399],"product_tag":[6248,19357,19355],"class_list":{"0":"post-208809","1":"product","2":"type-product","3":"status-publish","4":"has-post-thumbnail","6":"product_cat-kinderschuhe","7":"product_cat-schuhe-fur-madchen","8":"product_cat-kind-de","9":"product_tag-la-sportiva-de","10":"product_tag-la-sportiva-kind","11":"product_tag-la-sportiva-madchen","12":"pa_attivita-outdoor-de","13":"pa_colore-ultra-raptor-ii-mid-gtx-jr-space-blue-bl-de","14":"pa_marca-la-sportiva-de","15":"pa_sesso-damen","16":"pa_sesso-herren","17":"pa_size-31-de","18":"pa_size-32-de","19":"pa_size-33-de","20":"pa_size-34-de","22":"first","23":"instock","24":"sale","25":"taxable","26":"shipping-taxable","27":"purchasable","28":"product-type-variable","29":"wvs-archive-product-wrapper"},"acf":[],"yoast_head":"<!-- This site is optimized with the Yoast SEO plugin v26.8 - https:\/\/yoast.com\/product\/yoast-seo-wordpress\/ -->\n<title>La SportivaUltra Raptor II Mid JR Gtx - Laufschuhe f\u00fcr Kinder MioMioRun<\/title>\n<meta name=\"description\" content=\"Der Ultra Raptor II Mid Junior GTX ist ein Trekkingschuh mit GORE-TEX-Membran aus der Ultra Raptor-Kollektion, der speziell f\u00fcr Kinder entwickelt wurde.\" \/>\n<meta name=\"robots\" content=\"index, follow, max-snippet:-1, max-image-preview:large, max-video-preview:-1\" \/>\n<link rel=\"canonical\" href=\"https:\/\/www.miomiorun.com\/de\/produkt\/ultra-raptor-ii-mid-jr-gtx\/\" \/>\n<meta property=\"og:locale\" content=\"de_DE\" \/>\n<meta property=\"og:type\" content=\"article\" \/>\n<meta property=\"og:title\" content=\"La SportivaUltra Raptor II Mid JR Gtx - Laufschuhe f\u00fcr Kinder MioMioRun\" \/>\n<meta property=\"og:description\" content=\"Der Ultra Raptor II Mid Junior GTX ist ein Trekkingschuh mit GORE-TEX-Membran aus der Ultra Raptor-Kollektion, der speziell f\u00fcr Kinder entwickelt wurde.\" \/>\n<meta property=\"og:url\" content=\"https:\/\/www.miomiorun.com\/de\/produkt\/ultra-raptor-ii-mid-jr-gtx\/\" \/>\n<meta property=\"og:site_name\" content=\"MioMioRun\" \/>\n<meta property=\"article:publisher\" content=\"https:\/\/www.facebook.com\/miomiorun\/\" \/>\n<meta property=\"article:modified_time\" content=\"2025-05-23T09:04:43+00:00\" \/>\n<meta property=\"og:image\" content=\"https:\/\/www.miomiorun.com\/app\/uploads\/2024\/10\/la-sportiva-Ultra-Raptor-II-MID-GTX-JR-space-blue-bl-34P623107.webp\" \/>\n\t<meta property=\"og:image:width\" content=\"600\" \/>\n\t<meta property=\"og:image:height\" content=\"600\" \/>\n\t<meta property=\"og:image:type\" content=\"image\/webp\" \/>\n<meta name=\"twitter:card\" content=\"summary_large_image\" \/>\n<meta name=\"twitter:label1\" content=\"Est. reading time\" \/>\n\t<meta name=\"twitter:data1\" content=\"1 minute\" \/>\n<script type=\"application\/ld+json\" class=\"yoast-schema-graph\">{\"@context\":\"https:\/\/schema.org\",\"@graph\":[{\"@type\":\"WebPage\",\"@id\":\"https:\/\/www.miomiorun.com\/de\/produkt\/ultra-raptor-ii-mid-jr-gtx\/\",\"url\":\"https:\/\/www.miomiorun.com\/de\/produkt\/ultra-raptor-ii-mid-jr-gtx\/\",\"name\":\"La SportivaUltra Raptor II Mid JR Gtx - Laufschuhe f\u00fcr Kinder MioMioRun\",\"isPartOf\":{\"@id\":\"https:\/\/www.miomiorun.com\/de\/#website\"},\"primaryImageOfPage\":{\"@id\":\"https:\/\/www.miomiorun.com\/de\/produkt\/ultra-raptor-ii-mid-jr-gtx\/#primaryimage\"},\"image\":{\"@id\":\"https:\/\/www.miomiorun.com\/de\/produkt\/ultra-raptor-ii-mid-jr-gtx\/#primaryimage\"},\"thumbnailUrl\":\"https:\/\/www.miomiorun.com\/app\/uploads\/2024\/10\/la-sportiva-Ultra-Raptor-II-MID-GTX-JR-space-blue-bl-34P623107.webp\",\"datePublished\":\"2024-10-08T12:42:03+00:00\",\"dateModified\":\"2025-05-23T09:04:43+00:00\",\"description\":\"Der Ultra Raptor II Mid Junior GTX ist ein Trekkingschuh mit GORE-TEX-Membran aus der Ultra Raptor-Kollektion, der speziell f\u00fcr Kinder entwickelt wurde.\",\"breadcrumb\":{\"@id\":\"https:\/\/www.miomiorun.com\/de\/produkt\/ultra-raptor-ii-mid-jr-gtx\/#breadcrumb\"},\"inLanguage\":\"de-DE\",\"potentialAction\":[{\"@type\":\"ReadAction\",\"target\":[\"https:\/\/www.miomiorun.com\/de\/produkt\/ultra-raptor-ii-mid-jr-gtx\/\"]}]},{\"@type\":\"ImageObject\",\"inLanguage\":\"de-DE\",\"@id\":\"https:\/\/www.miomiorun.com\/de\/produkt\/ultra-raptor-ii-mid-jr-gtx\/#primaryimage\",\"url\":\"https:\/\/www.miomiorun.com\/app\/uploads\/2024\/10\/la-sportiva-Ultra-Raptor-II-MID-GTX-JR-space-blue-bl-34P623107.webp\",\"contentUrl\":\"https:\/\/www.miomiorun.com\/app\/uploads\/2024\/10\/la-sportiva-Ultra-Raptor-II-MID-GTX-JR-space-blue-bl-34P623107.webp\",\"width\":600,\"height\":600,\"caption\":\"la sportiva Ultra Raptor II MID GTX JR space blue bl 34P623107\"},{\"@type\":\"BreadcrumbList\",\"@id\":\"https:\/\/www.miomiorun.com\/de\/produkt\/ultra-raptor-ii-mid-jr-gtx\/#breadcrumb\",\"itemListElement\":[{\"@type\":\"ListItem\",\"position\":1,\"name\":\"Home\",\"item\":\"https:\/\/www.miomiorun.com\/de\/\"},{\"@type\":\"ListItem\",\"position\":2,\"name\":\"Shop\",\"item\":\"https:\/\/www.miomiorun.com\/shop\/\"},{\"@type\":\"ListItem\",\"position\":3,\"name\":\"Ultra Raptor II Mid JR Gtx\"}]},{\"@type\":\"WebSite\",\"@id\":\"https:\/\/www.miomiorun.com\/de\/#website\",\"url\":\"https:\/\/www.miomiorun.com\/de\/\",\"name\":\"MioMioRun\",\"description\":\"100% Lauf- und Trailshop\",\"publisher\":{\"@id\":\"https:\/\/www.miomiorun.com\/de\/#organization\"},\"potentialAction\":[{\"@type\":\"SearchAction\",\"target\":{\"@type\":\"EntryPoint\",\"urlTemplate\":\"https:\/\/www.miomiorun.com\/de\/?s={search_term_string}\"},\"query-input\":{\"@type\":\"PropertyValueSpecification\",\"valueRequired\":true,\"valueName\":\"search_term_string\"}}],\"inLanguage\":\"de-DE\"},{\"@type\":\"Organization\",\"@id\":\"https:\/\/www.miomiorun.com\/de\/#organization\",\"name\":\"MioMio Run\",\"url\":\"https:\/\/www.miomiorun.com\/de\/\",\"logo\":{\"@type\":\"ImageObject\",\"inLanguage\":\"de-DE\",\"@id\":\"https:\/\/www.miomiorun.com\/de\/#\/schema\/logo\/image\/\",\"url\":\"https:\/\/www.miomiorun.com\/app\/uploads\/2019\/12\/logomio.png\",\"contentUrl\":\"https:\/\/www.miomiorun.com\/app\/uploads\/2019\/12\/logomio.png\",\"width\":115,\"height\":82,\"caption\":\"MioMio Run\"},\"image\":{\"@id\":\"https:\/\/www.miomiorun.com\/de\/#\/schema\/logo\/image\/\"},\"sameAs\":[\"https:\/\/www.facebook.com\/miomiorun\/\",\"https:\/\/www.instagram.com\/miomiorun\/\"]}]}<\/script>\n<!-- \/ Yoast SEO plugin. -->","yoast_head_json":{"title":"La SportivaUltra Raptor II Mid JR Gtx - Laufschuhe f\u00fcr Kinder MioMioRun","description":"Der Ultra Raptor II Mid Junior GTX ist ein Trekkingschuh mit GORE-TEX-Membran aus der Ultra Raptor-Kollektion, der speziell f\u00fcr Kinder entwickelt wurde.","robots":{"index":"index","follow":"follow","max-snippet":"max-snippet:-1","max-image-preview":"max-image-preview:large","max-video-preview":"max-video-preview:-1"},"canonical":"https:\/\/www.miomiorun.com\/de\/produkt\/ultra-raptor-ii-mid-jr-gtx\/","og_locale":"de_DE","og_type":"article","og_title":"La SportivaUltra Raptor II Mid JR Gtx - Laufschuhe f\u00fcr Kinder MioMioRun","og_description":"Der Ultra Raptor II Mid Junior GTX ist ein Trekkingschuh mit GORE-TEX-Membran aus der Ultra Raptor-Kollektion, der speziell f\u00fcr Kinder entwickelt wurde.","og_url":"https:\/\/www.miomiorun.com\/de\/produkt\/ultra-raptor-ii-mid-jr-gtx\/","og_site_name":"MioMioRun","article_publisher":"https:\/\/www.facebook.com\/miomiorun\/","article_modified_time":"2025-05-23T09:04:43+00:00","og_image":[{"width":600,"height":600,"url":"https:\/\/www.miomiorun.com\/app\/uploads\/2024\/10\/la-sportiva-Ultra-Raptor-II-MID-GTX-JR-space-blue-bl-34P623107.webp","type":"image\/webp"}],"twitter_card":"summary_large_image","twitter_misc":{"Est. reading time":"1 minute"},"schema":{"@context":"https:\/\/schema.org","@graph":[{"@type":"WebPage","@id":"https:\/\/www.miomiorun.com\/de\/produkt\/ultra-raptor-ii-mid-jr-gtx\/","url":"https:\/\/www.miomiorun.com\/de\/produkt\/ultra-raptor-ii-mid-jr-gtx\/","name":"La SportivaUltra Raptor II Mid JR Gtx - Laufschuhe f\u00fcr Kinder MioMioRun","isPartOf":{"@id":"https:\/\/www.miomiorun.com\/de\/#website"},"primaryImageOfPage":{"@id":"https:\/\/www.miomiorun.com\/de\/produkt\/ultra-raptor-ii-mid-jr-gtx\/#primaryimage"},"image":{"@id":"https:\/\/www.miomiorun.com\/de\/produkt\/ultra-raptor-ii-mid-jr-gtx\/#primaryimage"},"thumbnailUrl":"https:\/\/www.miomiorun.com\/app\/uploads\/2024\/10\/la-sportiva-Ultra-Raptor-II-MID-GTX-JR-space-blue-bl-34P623107.webp","datePublished":"2024-10-08T12:42:03+00:00","dateModified":"2025-05-23T09:04:43+00:00","description":"Der Ultra Raptor II Mid Junior GTX ist ein Trekkingschuh mit GORE-TEX-Membran aus der Ultra Raptor-Kollektion, der speziell f\u00fcr Kinder entwickelt wurde.","breadcrumb":{"@id":"https:\/\/www.miomiorun.com\/de\/produkt\/ultra-raptor-ii-mid-jr-gtx\/#breadcrumb"},"inLanguage":"de-DE","potentialAction":[{"@type":"ReadAction","target":["https:\/\/www.miomiorun.com\/de\/produkt\/ultra-raptor-ii-mid-jr-gtx\/"]}]},{"@type":"ImageObject","inLanguage":"de-DE","@id":"https:\/\/www.miomiorun.com\/de\/produkt\/ultra-raptor-ii-mid-jr-gtx\/#primaryimage","url":"https:\/\/www.miomiorun.com\/app\/uploads\/2024\/10\/la-sportiva-Ultra-Raptor-II-MID-GTX-JR-space-blue-bl-34P623107.webp","contentUrl":"https:\/\/www.miomiorun.com\/app\/uploads\/2024\/10\/la-sportiva-Ultra-Raptor-II-MID-GTX-JR-space-blue-bl-34P623107.webp","width":600,"height":600,"caption":"la sportiva Ultra Raptor II MID GTX JR space blue bl 34P623107"},{"@type":"BreadcrumbList","@id":"https:\/\/www.miomiorun.com\/de\/produkt\/ultra-raptor-ii-mid-jr-gtx\/#breadcrumb","itemListElement":[{"@type":"ListItem","position":1,"name":"Home","item":"https:\/\/www.miomiorun.com\/de\/"},{"@type":"ListItem","position":2,"name":"Shop","item":"https:\/\/www.miomiorun.com\/shop\/"},{"@type":"ListItem","position":3,"name":"Ultra Raptor II Mid JR Gtx"}]},{"@type":"WebSite","@id":"https:\/\/www.miomiorun.com\/de\/#website","url":"https:\/\/www.miomiorun.com\/de\/","name":"MioMioRun","description":"100% Lauf- und Trailshop","publisher":{"@id":"https:\/\/www.miomiorun.com\/de\/#organization"},"potentialAction":[{"@type":"SearchAction","target":{"@type":"EntryPoint","urlTemplate":"https:\/\/www.miomiorun.com\/de\/?s={search_term_string}"},"query-input":{"@type":"PropertyValueSpecification","valueRequired":true,"valueName":"search_term_string"}}],"inLanguage":"de-DE"},{"@type":"Organization","@id":"https:\/\/www.miomiorun.com\/de\/#organization","name":"MioMio Run","url":"https:\/\/www.miomiorun.com\/de\/","logo":{"@type":"ImageObject","inLanguage":"de-DE","@id":"https:\/\/www.miomiorun.com\/de\/#\/schema\/logo\/image\/","url":"https:\/\/www.miomiorun.com\/app\/uploads\/2019\/12\/logomio.png","contentUrl":"https:\/\/www.miomiorun.com\/app\/uploads\/2019\/12\/logomio.png","width":115,"height":82,"caption":"MioMio Run"},"image":{"@id":"https:\/\/www.miomiorun.com\/de\/#\/schema\/logo\/image\/"},"sameAs":["https:\/\/www.facebook.com\/miomiorun\/","https:\/\/www.instagram.com\/miomiorun\/"]}]}},"_links":{"self":[{"href":"https:\/\/www.miomiorun.com\/de\/wp-json\/wp\/v2\/product\/208809","targetHints":{"allow":["GET"]}}],"collection":[{"href":"https:\/\/www.miomiorun.com\/de\/wp-json\/wp\/v2\/product"}],"about":[{"href":"https:\/\/www.miomiorun.com\/de\/wp-json\/wp\/v2\/types\/product"}],"wp:featuredmedia":[{"embeddable":true,"href":"https:\/\/www.miomiorun.com\/de\/wp-json\/wp\/v2\/media\/211107"}],"wp:attachment":[{"href":"https:\/\/www.miomiorun.com\/de\/wp-json\/wp\/v2\/media?parent=208809"}],"wp:term":[{"taxonomy":"product_brand","embeddable":true,"href":"https:\/\/www.miomiorun.com\/de\/wp-json\/wp\/v2\/product_brand?post=208809"},{"taxonomy":"product_cat","embeddable":true,"href":"https:\/\/www.miomiorun.com\/de\/wp-json\/wp\/v2\/product_cat?post=208809"},{"taxonomy":"product_tag","embeddable":true,"href":"https:\/\/www.miomiorun.com\/de\/wp-json\/wp\/v2\/product_tag?post=208809"}],"curies":[{"name":"wp","href":"https:\/\/api.w.org\/{rel}","templated":true}]}}