{"id":208769,"date":"2024-10-08T14:33:33","date_gmt":"2024-10-08T12:33:33","guid":{"rendered":"https:\/\/miomiorun.com\/?post_type=product&#038;p=208769"},"modified":"2025-04-03T19:31:05","modified_gmt":"2025-04-03T17:31:05","slug":"core-dry-glove-liner","status":"publish","type":"product","link":"https:\/\/www.miomiorun.com\/de\/produkt\/core-dry-glove-liner\/","title":{"rendered":"Core Dry Glove Liner"},"content":{"rendered":"<p>Der <strong>CORE Dry<\/strong> Unisex-Handschuhliner ist ein unverzichtbares Accessoire f\u00fcr alle, die bei kalten Temperaturen trainieren oder Outdoor-Aktivit\u00e4ten aus\u00fcben.<\/p>\n<p>Der aus d\u00fcnnem, dehnbarem Mesh-Gewebe gefertigte Handschuh-Innenhandschuh kann entweder als eigenst\u00e4ndiger Artikel oder als zus\u00e4tzliche Innenschicht an kalten Tagen verwendet werden und bietet eine zus\u00e4tzliche Schicht aus W\u00e4rme, Komfort und Funktionalit\u00e4t, um das gesamte Trainingserlebnis zu verbessern. Die feuchtigkeitstransportierenden Eigenschaften des Gewebes leiten den Schwei\u00df von der Haut weg und halten die H\u00e4nde trocken und komfortabel.<\/p>\n<h3>Eigenschaften:<\/h3>\n<ul>\n<li>100% recyceltes Polyester<\/li>\n<li>Kanalgestrickt, um Luft einzuschlie\u00dfen und zus\u00e4tzliche W\u00e4rme zu bieten<\/li>\n<li>Ergonomische Passform<\/li>\n<\/ul>\n<p>&nbsp;<\/p>\n<p>&nbsp;<\/p>\n<p>&nbsp;<\/p>\n<p>&nbsp;<\/p>\n<p>&nbsp;<\/p>\n<p dir=\"ltr\" data-placeholder=\"Traduzione\">\n","protected":false},"excerpt":{"rendered":"<ul>\n<li>D\u00fcnne Laufhandschuhe, die Ihre H\u00e4nde bei Outdoor-Aktivit\u00e4ten an kalten Tagen trocken und warm halten<\/li>\n<li>Kann auch unter w\u00e4rmeren Handschuhen getragen werden<\/li>\n<\/ul>\n","protected":false},"featured_media":210865,"template":"","meta":{"_acf_changed":false,"inline_featured_image":false},"product_brand":[],"product_cat":[6342,6375],"product_tag":[6304,6232,6234],"class_list":{"0":"post-208769","1":"product","2":"type-product","3":"status-publish","4":"has-post-thumbnail","6":"product_cat-zubehoer","7":"product_cat-laufhandschuhe-zubehoer-2-de","8":"product_tag-craft-de","9":"product_tag-craft-damen-de","10":"product_tag-craft-herren-de","11":"pa_attivita-gehen","12":"pa_attivita-outdoor-de","13":"pa_attivita-running-de","14":"pa_attivita-trail-de","15":"pa_marca-craft-de","16":"pa_sesso-damen","17":"pa_sesso-herren","18":"pa_size-xs-s-de","19":"pa_size-m-l-de","21":"first","22":"instock","23":"sale","24":"taxable","25":"shipping-taxable","26":"purchasable","27":"product-type-variable","28":"wvs-archive-product-wrapper"},"acf":[],"yoast_head":"<!-- This site is optimized with the Yoast SEO plugin v26.8 - https:\/\/yoast.com\/product\/yoast-seo-wordpress\/ -->\n<title>Craft Core Dry Glove Liner - Laufhandschuhe - MioMioRun<\/title>\n<meta name=\"description\" content=\"Der Unisex-Handschuh CORE Dry ist ein unverzichtbares Accessoire f\u00fcr alle, die bei kalten Bedingungen trainieren oder Outdoor-Aktivit\u00e4ten aus\u00fcben.\" \/>\n<meta name=\"robots\" content=\"index, follow, max-snippet:-1, max-image-preview:large, max-video-preview:-1\" \/>\n<link rel=\"canonical\" href=\"https:\/\/www.miomiorun.com\/de\/produkt\/core-dry-glove-liner\/\" \/>\n<meta property=\"og:locale\" content=\"de_DE\" \/>\n<meta property=\"og:type\" content=\"article\" \/>\n<meta property=\"og:title\" content=\"Craft Core Dry Glove Liner - Laufhandschuhe - MioMioRun\" \/>\n<meta property=\"og:description\" content=\"Der Unisex-Handschuh CORE Dry ist ein unverzichtbares Accessoire f\u00fcr alle, die bei kalten Bedingungen trainieren oder Outdoor-Aktivit\u00e4ten aus\u00fcben.\" \/>\n<meta property=\"og:url\" content=\"https:\/\/www.miomiorun.com\/de\/produkt\/core-dry-glove-liner\/\" \/>\n<meta property=\"og:site_name\" content=\"MioMioRun\" \/>\n<meta property=\"article:publisher\" content=\"https:\/\/www.facebook.com\/miomiorun\/\" \/>\n<meta property=\"article:modified_time\" content=\"2025-04-03T17:31:05+00:00\" \/>\n<meta property=\"og:image\" content=\"https:\/\/www.miomiorun.com\/app\/uploads\/2024\/10\/craft-Core-Dry-Glove-liner-black-1915356-999000.webp\" \/>\n\t<meta property=\"og:image:width\" content=\"600\" \/>\n\t<meta property=\"og:image:height\" content=\"600\" \/>\n\t<meta property=\"og:image:type\" content=\"image\/webp\" \/>\n<meta name=\"twitter:card\" content=\"summary_large_image\" \/>\n<meta name=\"twitter:label1\" content=\"Est. reading time\" \/>\n\t<meta name=\"twitter:data1\" content=\"1 minute\" \/>\n<script type=\"application\/ld+json\" class=\"yoast-schema-graph\">{\"@context\":\"https:\/\/schema.org\",\"@graph\":[{\"@type\":\"WebPage\",\"@id\":\"https:\/\/www.miomiorun.com\/de\/produkt\/core-dry-glove-liner\/\",\"url\":\"https:\/\/www.miomiorun.com\/de\/produkt\/core-dry-glove-liner\/\",\"name\":\"Craft Core Dry Glove Liner - Laufhandschuhe - MioMioRun\",\"isPartOf\":{\"@id\":\"https:\/\/www.miomiorun.com\/de\/#website\"},\"primaryImageOfPage\":{\"@id\":\"https:\/\/www.miomiorun.com\/de\/produkt\/core-dry-glove-liner\/#primaryimage\"},\"image\":{\"@id\":\"https:\/\/www.miomiorun.com\/de\/produkt\/core-dry-glove-liner\/#primaryimage\"},\"thumbnailUrl\":\"https:\/\/www.miomiorun.com\/app\/uploads\/2024\/10\/craft-Core-Dry-Glove-liner-black-1915356-999000.webp\",\"datePublished\":\"2024-10-08T12:33:33+00:00\",\"dateModified\":\"2025-04-03T17:31:05+00:00\",\"description\":\"Der Unisex-Handschuh CORE Dry ist ein unverzichtbares Accessoire f\u00fcr alle, die bei kalten Bedingungen trainieren oder Outdoor-Aktivit\u00e4ten aus\u00fcben.\",\"breadcrumb\":{\"@id\":\"https:\/\/www.miomiorun.com\/de\/produkt\/core-dry-glove-liner\/#breadcrumb\"},\"inLanguage\":\"de-DE\",\"potentialAction\":[{\"@type\":\"ReadAction\",\"target\":[\"https:\/\/www.miomiorun.com\/de\/produkt\/core-dry-glove-liner\/\"]}]},{\"@type\":\"ImageObject\",\"inLanguage\":\"de-DE\",\"@id\":\"https:\/\/www.miomiorun.com\/de\/produkt\/core-dry-glove-liner\/#primaryimage\",\"url\":\"https:\/\/www.miomiorun.com\/app\/uploads\/2024\/10\/craft-Core-Dry-Glove-liner-black-1915356-999000.webp\",\"contentUrl\":\"https:\/\/www.miomiorun.com\/app\/uploads\/2024\/10\/craft-Core-Dry-Glove-liner-black-1915356-999000.webp\",\"width\":600,\"height\":600,\"caption\":\"craft Core Dry Glove liner black 1915356-999000\"},{\"@type\":\"BreadcrumbList\",\"@id\":\"https:\/\/www.miomiorun.com\/de\/produkt\/core-dry-glove-liner\/#breadcrumb\",\"itemListElement\":[{\"@type\":\"ListItem\",\"position\":1,\"name\":\"Home\",\"item\":\"https:\/\/www.miomiorun.com\/de\/\"},{\"@type\":\"ListItem\",\"position\":2,\"name\":\"Shop\",\"item\":\"https:\/\/www.miomiorun.com\/shop\/\"},{\"@type\":\"ListItem\",\"position\":3,\"name\":\"Core Dry Glove Liner\"}]},{\"@type\":\"WebSite\",\"@id\":\"https:\/\/www.miomiorun.com\/de\/#website\",\"url\":\"https:\/\/www.miomiorun.com\/de\/\",\"name\":\"MioMioRun\",\"description\":\"100% Lauf- und Trailshop\",\"publisher\":{\"@id\":\"https:\/\/www.miomiorun.com\/de\/#organization\"},\"potentialAction\":[{\"@type\":\"SearchAction\",\"target\":{\"@type\":\"EntryPoint\",\"urlTemplate\":\"https:\/\/www.miomiorun.com\/de\/?s={search_term_string}\"},\"query-input\":{\"@type\":\"PropertyValueSpecification\",\"valueRequired\":true,\"valueName\":\"search_term_string\"}}],\"inLanguage\":\"de-DE\"},{\"@type\":\"Organization\",\"@id\":\"https:\/\/www.miomiorun.com\/de\/#organization\",\"name\":\"MioMio Run\",\"url\":\"https:\/\/www.miomiorun.com\/de\/\",\"logo\":{\"@type\":\"ImageObject\",\"inLanguage\":\"de-DE\",\"@id\":\"https:\/\/www.miomiorun.com\/de\/#\/schema\/logo\/image\/\",\"url\":\"https:\/\/www.miomiorun.com\/app\/uploads\/2019\/12\/logomio.png\",\"contentUrl\":\"https:\/\/www.miomiorun.com\/app\/uploads\/2019\/12\/logomio.png\",\"width\":115,\"height\":82,\"caption\":\"MioMio Run\"},\"image\":{\"@id\":\"https:\/\/www.miomiorun.com\/de\/#\/schema\/logo\/image\/\"},\"sameAs\":[\"https:\/\/www.facebook.com\/miomiorun\/\",\"https:\/\/www.instagram.com\/miomiorun\/\"]}]}<\/script>\n<!-- \/ Yoast SEO plugin. -->","yoast_head_json":{"title":"Craft Core Dry Glove Liner - Laufhandschuhe - MioMioRun","description":"Der Unisex-Handschuh CORE Dry ist ein unverzichtbares Accessoire f\u00fcr alle, die bei kalten Bedingungen trainieren oder Outdoor-Aktivit\u00e4ten aus\u00fcben.","robots":{"index":"index","follow":"follow","max-snippet":"max-snippet:-1","max-image-preview":"max-image-preview:large","max-video-preview":"max-video-preview:-1"},"canonical":"https:\/\/www.miomiorun.com\/de\/produkt\/core-dry-glove-liner\/","og_locale":"de_DE","og_type":"article","og_title":"Craft Core Dry Glove Liner - Laufhandschuhe - MioMioRun","og_description":"Der Unisex-Handschuh CORE Dry ist ein unverzichtbares Accessoire f\u00fcr alle, die bei kalten Bedingungen trainieren oder Outdoor-Aktivit\u00e4ten aus\u00fcben.","og_url":"https:\/\/www.miomiorun.com\/de\/produkt\/core-dry-glove-liner\/","og_site_name":"MioMioRun","article_publisher":"https:\/\/www.facebook.com\/miomiorun\/","article_modified_time":"2025-04-03T17:31:05+00:00","og_image":[{"width":600,"height":600,"url":"https:\/\/www.miomiorun.com\/app\/uploads\/2024\/10\/craft-Core-Dry-Glove-liner-black-1915356-999000.webp","type":"image\/webp"}],"twitter_card":"summary_large_image","twitter_misc":{"Est. reading time":"1 minute"},"schema":{"@context":"https:\/\/schema.org","@graph":[{"@type":"WebPage","@id":"https:\/\/www.miomiorun.com\/de\/produkt\/core-dry-glove-liner\/","url":"https:\/\/www.miomiorun.com\/de\/produkt\/core-dry-glove-liner\/","name":"Craft Core Dry Glove Liner - Laufhandschuhe - MioMioRun","isPartOf":{"@id":"https:\/\/www.miomiorun.com\/de\/#website"},"primaryImageOfPage":{"@id":"https:\/\/www.miomiorun.com\/de\/produkt\/core-dry-glove-liner\/#primaryimage"},"image":{"@id":"https:\/\/www.miomiorun.com\/de\/produkt\/core-dry-glove-liner\/#primaryimage"},"thumbnailUrl":"https:\/\/www.miomiorun.com\/app\/uploads\/2024\/10\/craft-Core-Dry-Glove-liner-black-1915356-999000.webp","datePublished":"2024-10-08T12:33:33+00:00","dateModified":"2025-04-03T17:31:05+00:00","description":"Der Unisex-Handschuh CORE Dry ist ein unverzichtbares Accessoire f\u00fcr alle, die bei kalten Bedingungen trainieren oder Outdoor-Aktivit\u00e4ten aus\u00fcben.","breadcrumb":{"@id":"https:\/\/www.miomiorun.com\/de\/produkt\/core-dry-glove-liner\/#breadcrumb"},"inLanguage":"de-DE","potentialAction":[{"@type":"ReadAction","target":["https:\/\/www.miomiorun.com\/de\/produkt\/core-dry-glove-liner\/"]}]},{"@type":"ImageObject","inLanguage":"de-DE","@id":"https:\/\/www.miomiorun.com\/de\/produkt\/core-dry-glove-liner\/#primaryimage","url":"https:\/\/www.miomiorun.com\/app\/uploads\/2024\/10\/craft-Core-Dry-Glove-liner-black-1915356-999000.webp","contentUrl":"https:\/\/www.miomiorun.com\/app\/uploads\/2024\/10\/craft-Core-Dry-Glove-liner-black-1915356-999000.webp","width":600,"height":600,"caption":"craft Core Dry Glove liner black 1915356-999000"},{"@type":"BreadcrumbList","@id":"https:\/\/www.miomiorun.com\/de\/produkt\/core-dry-glove-liner\/#breadcrumb","itemListElement":[{"@type":"ListItem","position":1,"name":"Home","item":"https:\/\/www.miomiorun.com\/de\/"},{"@type":"ListItem","position":2,"name":"Shop","item":"https:\/\/www.miomiorun.com\/shop\/"},{"@type":"ListItem","position":3,"name":"Core Dry Glove Liner"}]},{"@type":"WebSite","@id":"https:\/\/www.miomiorun.com\/de\/#website","url":"https:\/\/www.miomiorun.com\/de\/","name":"MioMioRun","description":"100% Lauf- und Trailshop","publisher":{"@id":"https:\/\/www.miomiorun.com\/de\/#organization"},"potentialAction":[{"@type":"SearchAction","target":{"@type":"EntryPoint","urlTemplate":"https:\/\/www.miomiorun.com\/de\/?s={search_term_string}"},"query-input":{"@type":"PropertyValueSpecification","valueRequired":true,"valueName":"search_term_string"}}],"inLanguage":"de-DE"},{"@type":"Organization","@id":"https:\/\/www.miomiorun.com\/de\/#organization","name":"MioMio Run","url":"https:\/\/www.miomiorun.com\/de\/","logo":{"@type":"ImageObject","inLanguage":"de-DE","@id":"https:\/\/www.miomiorun.com\/de\/#\/schema\/logo\/image\/","url":"https:\/\/www.miomiorun.com\/app\/uploads\/2019\/12\/logomio.png","contentUrl":"https:\/\/www.miomiorun.com\/app\/uploads\/2019\/12\/logomio.png","width":115,"height":82,"caption":"MioMio Run"},"image":{"@id":"https:\/\/www.miomiorun.com\/de\/#\/schema\/logo\/image\/"},"sameAs":["https:\/\/www.facebook.com\/miomiorun\/","https:\/\/www.instagram.com\/miomiorun\/"]}]}},"_links":{"self":[{"href":"https:\/\/www.miomiorun.com\/de\/wp-json\/wp\/v2\/product\/208769","targetHints":{"allow":["GET"]}}],"collection":[{"href":"https:\/\/www.miomiorun.com\/de\/wp-json\/wp\/v2\/product"}],"about":[{"href":"https:\/\/www.miomiorun.com\/de\/wp-json\/wp\/v2\/types\/product"}],"wp:featuredmedia":[{"embeddable":true,"href":"https:\/\/www.miomiorun.com\/de\/wp-json\/wp\/v2\/media\/210865"}],"wp:attachment":[{"href":"https:\/\/www.miomiorun.com\/de\/wp-json\/wp\/v2\/media?parent=208769"}],"wp:term":[{"taxonomy":"product_brand","embeddable":true,"href":"https:\/\/www.miomiorun.com\/de\/wp-json\/wp\/v2\/product_brand?post=208769"},{"taxonomy":"product_cat","embeddable":true,"href":"https:\/\/www.miomiorun.com\/de\/wp-json\/wp\/v2\/product_cat?post=208769"},{"taxonomy":"product_tag","embeddable":true,"href":"https:\/\/www.miomiorun.com\/de\/wp-json\/wp\/v2\/product_tag?post=208769"}],"curies":[{"name":"wp","href":"https:\/\/api.w.org\/{rel}","templated":true}]}}