{"id":208556,"date":"2024-10-08T13:32:36","date_gmt":"2024-10-08T11:32:36","guid":{"rendered":"https:\/\/miomiorun.com\/?post_type=product&#038;p=208556"},"modified":"2025-03-14T10:54:31","modified_gmt":"2025-03-14T09:54:31","slug":"active-skin-8-l","status":"publish","type":"product","link":"https:\/\/www.miomiorun.com\/de\/produkt\/active-skin-8-l\/","title":{"rendered":"Active Skin 8 l"},"content":{"rendered":"<p>Der \u00fcberarbeitete <strong>Active Skin 8<\/strong> ist ein Sprungbrett f\u00fcr die n\u00e4chste Stufe des Trailrunnings \u00fcber Marathondistanzen und ist noch praktischer und komfortabler zu tragen. Die weichen, atmungsaktiven Materialien sind die gleichen wie immer, die Passform ist ultrastabil und die \u00fcberarbeiteten Brusttaschen erm\u00f6glichen einen einfachen Zugriff auf die Trinkflaschen.<\/p>\n<h2><b>Merkmale:<\/b><\/h2>\n<div class=\"pdp-gap-m\">\n<p class=\"pdp-sidebar-popin-details_subtitle\">KONZEPT UND TECHNOLOGIE<\/p>\n<p><b>SensiFit\u2122<\/b>: Stabilit\u00e4t\/Bewegungsfreiheit Die Struktur besteht aus atmungsaktiven, dehnbaren Stoffen, die sich der K\u00f6rperform anpassen, mit leichten Verstellsystemen, die f\u00fcr Passform und Stabilit\u00e4t sorgen. Dies verhindert ein Wackeln des Rucksacks und gew\u00e4hrleistet gleichzeitig Atmungsaktivit\u00e4t und Komfort.<\/p>\n<\/div>\n<div class=\"pdp-gap-m\">\n<p class=\"pdp-sidebar-popin-details_subtitle\">R\u00dcCKENSYSTEME<\/p>\n<p>3D-Komfort<\/p>\n<\/div>\n<div class=\"pdp-gap-m\">\n<p class=\"pdp-sidebar-popin-details_subtitle\">LASTMANAGEMENT<\/p>\n<ul>\n<li><b>Quick Link<\/b>: Dank dieser innovativen Gurtstruktur auf dem Brustbein k\u00f6nnen Sie den Rucksack auch unterwegs leicht anpassen und befestigen. Au\u00dferdem erm\u00f6glicht das elastische Band eine gute Atmung bei intensiven Aktivit\u00e4ten.<\/li>\n<li>Elastisches Kordelsystem<\/li>\n<\/ul>\n<\/div>\n<div class=\"pdp-gap-m\">\n<p class=\"pdp-sidebar-popin-details_subtitle\">R\u00dcCKENPACKS<\/p>\n<p><b>3D-Airmesh-Schultergurte<\/b>: Der 3D-Airmesh-Einsatz erm\u00f6glicht dank seiner Struktur mit kleinen Hohlr\u00e4umen eine bessere Luftzirkulation.<\/p>\n<\/div>\n<div class=\"pdp-gap-m\">\n<p class=\"pdp-sidebar-popin-details_subtitle\">HYDRATION<\/p>\n<ul>\n<li><b>Reservoirfach<\/b>: Dieses Element hat ein Innenfach f\u00fcr das Reservoir mit einem Riemen, um es an seinem Platz zu halten.<\/li>\n<li>Auslass f\u00fcr <b>den Trinkschlauch<\/b>: eingen\u00e4htes Auslassloch von innen f\u00fcr den Trinkschlauch.<\/li>\n<li>Kompatibel mit 1,5-Liter-Tanks<\/li>\n<li>2 x 500 ml Softflasks mit 28 mm \u00d6ffnung enthalten<\/li>\n<\/ul>\n<\/div>\n<div class=\"pdp-gap-m\">\n<p class=\"pdp-sidebar-popin-details_subtitle\">TASCHEN UND F\u00c4CHER<\/p>\n<ul>\n<li>1 hinteres Fach<\/li>\n<li>1 Fronttasche mit Rei\u00dfverschluss<\/li>\n<li>1 Innentasche<\/li>\n<li><b>2 Stretch-Vordertaschen<\/b>: erweiterbar f\u00fcr die Aufbewahrung von wichtigen Gegenst\u00e4nden und den Zugriff ohne Unterbrechung.<\/li>\n<\/ul>\n<\/div>\n<div class=\"pdp-gap-m\">\n<p class=\"pdp-sidebar-popin-details_subtitle\">\u00d6FFNEN UND SCHLIESSEN<\/p>\n<p><b>Weite \u00d6ffnung<\/b>: Die Salomon Sporttaschen haben eine weite \u00d6ffnung, damit die Ausr\u00fcstung besser zu sehen und zu verstauen ist.<\/p>\n<\/div>\n<div class=\"pdp-gap-m\">\n<p class=\"pdp-sidebar-popin-details_subtitle\">TRAGESYSTEM<\/p>\n<ul>\n<li><b>Custom Quiver<\/b> System: Optimieren Sie Ihren Rucksack mit dem Custom Quiver System f\u00fcr schnellen Zugriff und stabilen Stocktransport. Bereit, an den Rucksack befestigt werden.<\/li>\n<li><b>Befestigungssystem kompatibel mit Custom K\u00f6cher<\/b>: Bestehend aus Haken auf dem Fach und Ringe auf SENSE Rucks\u00e4cke.<\/li>\n<li><b>Schl\u00fcsselhalter<\/b>: Hergestellt aus elastischem Material, um leicht zu entfernen Schl\u00fcssel aus dem Rucksack, ohne das Risiko, sie zu verlieren.<\/li>\n<\/ul>\n<\/div>\n<div class=\"pdp-gap-m\">\n<p class=\"pdp-sidebar-popin-details_subtitle\">GEWEBE<\/p>\n<ul>\n<li><b>3D Airmesh<\/b>: Sehr weiches, dreidimensionales Netz, das sich dem K\u00f6rper in der Bewegung anpasst, ohne Abrieb auf der Haut oder dem T-Shirt zu verursachen. Die gro\u00dfen L\u00f6cher machen es sehr atmungsaktiv und komfortabel. Sehr leicht, ist es ideal f\u00fcr Trail Running Rucks\u00e4cke.<\/li>\n<li><b>Elastisches Power Mesh<\/b>: Extrem dehnbar und atmungsaktiv, passt es sich dem K\u00f6rper an.<\/li>\n<li><b>Drainage-Gewebe<\/b>: Mit optimierter Schnelltrocknung und Feuchtigkeitsregulierung garantieren diese leichten, geruchsfreien Gewebe \u00fcberlegene Leistung und hohen Komfort.<\/li>\n<\/ul>\n<\/div>\n<p>KAPAZIT\u00c4T<\/p>\n<ul>\n<li>Volumen: 8 Liter<\/li>\n<li>Gewicht: 213 g<\/li>\n<\/ul>\n<p>&nbsp;<\/p>\n<h3><\/h3>\n<h3><\/h3>\n<p>&nbsp;<\/p>\n","protected":false},"excerpt":{"rendered":"<ul>\n<li>\u00a0Idealer Rucksack f\u00fcr das Trailtraining.<\/li>\n<li>Fassungsverm\u00f6gen von 8 Litern.<\/li>\n<li>Ausgestattet mit zwei Flaschen von je 500 ml.<\/li>\n<\/ul>\n","protected":false},"featured_media":265950,"template":"","meta":{"_acf_changed":false,"inline_featured_image":false},"product_brand":[],"product_cat":[6342,6396,6398],"product_tag":[20480],"class_list":{"0":"post-208556","1":"product","2":"type-product","3":"status-publish","4":"has-post-thumbnail","6":"product_cat-zubehoer","7":"product_cat-taschen-und-guertel-de","8":"product_cat-taschen-de","9":"product_tag-salomon-de","10":"pa_attivita-outdoor-de","11":"pa_attivita-trail-de","12":"pa_colore-active-skin-8-set-black-metal-de","13":"pa_colore-active-skin-8-set-laurel-wreath-lily-pad-de","14":"pa_colore-active-skin-8-set-red-dahlia-high-risk-de","15":"pa_marca-salomon-de","16":"pa_sesso-damen","17":"pa_sesso-herren","18":"pa_size-medium-de","19":"pa_size-large-de","20":"pa_size-extra-large-de","22":"first","23":"instock","24":"sale","25":"taxable","26":"shipping-taxable","27":"purchasable","28":"product-type-variable","29":"wvs-archive-product-wrapper"},"acf":[],"yoast_head":"<!-- This site is optimized with the Yoast SEO plugin v26.8 - https:\/\/yoast.com\/product\/yoast-seo-wordpress\/ -->\n<title>Salomon Active Skin 8 l - Laufrucksack - MioMioRun<\/title>\n<meta name=\"description\" content=\"Der \u00fcberarbeitete Active Skin 8 ist noch praktischer und angenehmer zu tragen. Die weichen, atmungsaktiven Stoffe sind die gleichen wie immer\" \/>\n<meta name=\"robots\" content=\"index, follow, max-snippet:-1, max-image-preview:large, max-video-preview:-1\" \/>\n<link rel=\"canonical\" href=\"https:\/\/www.miomiorun.com\/de\/produkt\/active-skin-8-l\/\" \/>\n<meta property=\"og:locale\" content=\"de_DE\" \/>\n<meta property=\"og:type\" content=\"article\" \/>\n<meta property=\"og:title\" content=\"Salomon Active Skin 8 l - Laufrucksack - MioMioRun\" \/>\n<meta property=\"og:description\" content=\"Der \u00fcberarbeitete Active Skin 8 ist noch praktischer und angenehmer zu tragen. Die weichen, atmungsaktiven Stoffe sind die gleichen wie immer\" \/>\n<meta property=\"og:url\" content=\"https:\/\/www.miomiorun.com\/de\/produkt\/active-skin-8-l\/\" \/>\n<meta property=\"og:site_name\" content=\"MioMioRun\" \/>\n<meta property=\"article:publisher\" content=\"https:\/\/www.facebook.com\/miomiorun\/\" \/>\n<meta property=\"article:modified_time\" content=\"2025-03-14T09:54:31+00:00\" \/>\n<meta property=\"og:image\" content=\"https:\/\/www.miomiorun.com\/app\/uploads\/2025\/03\/salomon-Active-skin-8-set-laurel-wreath-lily-pad-LC2178000.webp\" \/>\n\t<meta property=\"og:image:width\" content=\"600\" \/>\n\t<meta property=\"og:image:height\" content=\"600\" \/>\n\t<meta property=\"og:image:type\" content=\"image\/webp\" \/>\n<meta name=\"twitter:card\" content=\"summary_large_image\" \/>\n<meta name=\"twitter:label1\" content=\"Est. reading time\" \/>\n\t<meta name=\"twitter:data1\" content=\"1 minute\" \/>\n<script type=\"application\/ld+json\" class=\"yoast-schema-graph\">{\"@context\":\"https:\/\/schema.org\",\"@graph\":[{\"@type\":\"WebPage\",\"@id\":\"https:\/\/www.miomiorun.com\/de\/produkt\/active-skin-8-l\/\",\"url\":\"https:\/\/www.miomiorun.com\/de\/produkt\/active-skin-8-l\/\",\"name\":\"Salomon Active Skin 8 l - Laufrucksack - MioMioRun\",\"isPartOf\":{\"@id\":\"https:\/\/www.miomiorun.com\/de\/#website\"},\"primaryImageOfPage\":{\"@id\":\"https:\/\/www.miomiorun.com\/de\/produkt\/active-skin-8-l\/#primaryimage\"},\"image\":{\"@id\":\"https:\/\/www.miomiorun.com\/de\/produkt\/active-skin-8-l\/#primaryimage\"},\"thumbnailUrl\":\"https:\/\/www.miomiorun.com\/app\/uploads\/2025\/03\/salomon-Active-skin-8-set-laurel-wreath-lily-pad-LC2178000.webp\",\"datePublished\":\"2024-10-08T11:32:36+00:00\",\"dateModified\":\"2025-03-14T09:54:31+00:00\",\"description\":\"Der \u00fcberarbeitete Active Skin 8 ist noch praktischer und angenehmer zu tragen. Die weichen, atmungsaktiven Stoffe sind die gleichen wie immer\",\"breadcrumb\":{\"@id\":\"https:\/\/www.miomiorun.com\/de\/produkt\/active-skin-8-l\/#breadcrumb\"},\"inLanguage\":\"de-DE\",\"potentialAction\":[{\"@type\":\"ReadAction\",\"target\":[\"https:\/\/www.miomiorun.com\/de\/produkt\/active-skin-8-l\/\"]}]},{\"@type\":\"ImageObject\",\"inLanguage\":\"de-DE\",\"@id\":\"https:\/\/www.miomiorun.com\/de\/produkt\/active-skin-8-l\/#primaryimage\",\"url\":\"https:\/\/www.miomiorun.com\/app\/uploads\/2025\/03\/salomon-Active-skin-8-set-laurel-wreath-lily-pad-LC2178000.webp\",\"contentUrl\":\"https:\/\/www.miomiorun.com\/app\/uploads\/2025\/03\/salomon-Active-skin-8-set-laurel-wreath-lily-pad-LC2178000.webp\",\"width\":600,\"height\":600,\"caption\":\"salomon Active skin 8 set laurel wreath lily pad LC2178000\"},{\"@type\":\"BreadcrumbList\",\"@id\":\"https:\/\/www.miomiorun.com\/de\/produkt\/active-skin-8-l\/#breadcrumb\",\"itemListElement\":[{\"@type\":\"ListItem\",\"position\":1,\"name\":\"Home\",\"item\":\"https:\/\/www.miomiorun.com\/de\/\"},{\"@type\":\"ListItem\",\"position\":2,\"name\":\"Shop\",\"item\":\"https:\/\/www.miomiorun.com\/shop\/\"},{\"@type\":\"ListItem\",\"position\":3,\"name\":\"Active Skin 8 l\"}]},{\"@type\":\"WebSite\",\"@id\":\"https:\/\/www.miomiorun.com\/de\/#website\",\"url\":\"https:\/\/www.miomiorun.com\/de\/\",\"name\":\"MioMioRun\",\"description\":\"100% Lauf- und Trailshop\",\"publisher\":{\"@id\":\"https:\/\/www.miomiorun.com\/de\/#organization\"},\"potentialAction\":[{\"@type\":\"SearchAction\",\"target\":{\"@type\":\"EntryPoint\",\"urlTemplate\":\"https:\/\/www.miomiorun.com\/de\/?s={search_term_string}\"},\"query-input\":{\"@type\":\"PropertyValueSpecification\",\"valueRequired\":true,\"valueName\":\"search_term_string\"}}],\"inLanguage\":\"de-DE\"},{\"@type\":\"Organization\",\"@id\":\"https:\/\/www.miomiorun.com\/de\/#organization\",\"name\":\"MioMio Run\",\"url\":\"https:\/\/www.miomiorun.com\/de\/\",\"logo\":{\"@type\":\"ImageObject\",\"inLanguage\":\"de-DE\",\"@id\":\"https:\/\/www.miomiorun.com\/de\/#\/schema\/logo\/image\/\",\"url\":\"https:\/\/www.miomiorun.com\/app\/uploads\/2019\/12\/logomio.png\",\"contentUrl\":\"https:\/\/www.miomiorun.com\/app\/uploads\/2019\/12\/logomio.png\",\"width\":115,\"height\":82,\"caption\":\"MioMio Run\"},\"image\":{\"@id\":\"https:\/\/www.miomiorun.com\/de\/#\/schema\/logo\/image\/\"},\"sameAs\":[\"https:\/\/www.facebook.com\/miomiorun\/\",\"https:\/\/www.instagram.com\/miomiorun\/\"]}]}<\/script>\n<!-- \/ Yoast SEO plugin. -->","yoast_head_json":{"title":"Salomon Active Skin 8 l - Laufrucksack - MioMioRun","description":"Der \u00fcberarbeitete Active Skin 8 ist noch praktischer und angenehmer zu tragen. Die weichen, atmungsaktiven Stoffe sind die gleichen wie immer","robots":{"index":"index","follow":"follow","max-snippet":"max-snippet:-1","max-image-preview":"max-image-preview:large","max-video-preview":"max-video-preview:-1"},"canonical":"https:\/\/www.miomiorun.com\/de\/produkt\/active-skin-8-l\/","og_locale":"de_DE","og_type":"article","og_title":"Salomon Active Skin 8 l - Laufrucksack - MioMioRun","og_description":"Der \u00fcberarbeitete Active Skin 8 ist noch praktischer und angenehmer zu tragen. Die weichen, atmungsaktiven Stoffe sind die gleichen wie immer","og_url":"https:\/\/www.miomiorun.com\/de\/produkt\/active-skin-8-l\/","og_site_name":"MioMioRun","article_publisher":"https:\/\/www.facebook.com\/miomiorun\/","article_modified_time":"2025-03-14T09:54:31+00:00","og_image":[{"width":600,"height":600,"url":"https:\/\/www.miomiorun.com\/app\/uploads\/2025\/03\/salomon-Active-skin-8-set-laurel-wreath-lily-pad-LC2178000.webp","type":"image\/webp"}],"twitter_card":"summary_large_image","twitter_misc":{"Est. reading time":"1 minute"},"schema":{"@context":"https:\/\/schema.org","@graph":[{"@type":"WebPage","@id":"https:\/\/www.miomiorun.com\/de\/produkt\/active-skin-8-l\/","url":"https:\/\/www.miomiorun.com\/de\/produkt\/active-skin-8-l\/","name":"Salomon Active Skin 8 l - Laufrucksack - MioMioRun","isPartOf":{"@id":"https:\/\/www.miomiorun.com\/de\/#website"},"primaryImageOfPage":{"@id":"https:\/\/www.miomiorun.com\/de\/produkt\/active-skin-8-l\/#primaryimage"},"image":{"@id":"https:\/\/www.miomiorun.com\/de\/produkt\/active-skin-8-l\/#primaryimage"},"thumbnailUrl":"https:\/\/www.miomiorun.com\/app\/uploads\/2025\/03\/salomon-Active-skin-8-set-laurel-wreath-lily-pad-LC2178000.webp","datePublished":"2024-10-08T11:32:36+00:00","dateModified":"2025-03-14T09:54:31+00:00","description":"Der \u00fcberarbeitete Active Skin 8 ist noch praktischer und angenehmer zu tragen. Die weichen, atmungsaktiven Stoffe sind die gleichen wie immer","breadcrumb":{"@id":"https:\/\/www.miomiorun.com\/de\/produkt\/active-skin-8-l\/#breadcrumb"},"inLanguage":"de-DE","potentialAction":[{"@type":"ReadAction","target":["https:\/\/www.miomiorun.com\/de\/produkt\/active-skin-8-l\/"]}]},{"@type":"ImageObject","inLanguage":"de-DE","@id":"https:\/\/www.miomiorun.com\/de\/produkt\/active-skin-8-l\/#primaryimage","url":"https:\/\/www.miomiorun.com\/app\/uploads\/2025\/03\/salomon-Active-skin-8-set-laurel-wreath-lily-pad-LC2178000.webp","contentUrl":"https:\/\/www.miomiorun.com\/app\/uploads\/2025\/03\/salomon-Active-skin-8-set-laurel-wreath-lily-pad-LC2178000.webp","width":600,"height":600,"caption":"salomon Active skin 8 set laurel wreath lily pad LC2178000"},{"@type":"BreadcrumbList","@id":"https:\/\/www.miomiorun.com\/de\/produkt\/active-skin-8-l\/#breadcrumb","itemListElement":[{"@type":"ListItem","position":1,"name":"Home","item":"https:\/\/www.miomiorun.com\/de\/"},{"@type":"ListItem","position":2,"name":"Shop","item":"https:\/\/www.miomiorun.com\/shop\/"},{"@type":"ListItem","position":3,"name":"Active Skin 8 l"}]},{"@type":"WebSite","@id":"https:\/\/www.miomiorun.com\/de\/#website","url":"https:\/\/www.miomiorun.com\/de\/","name":"MioMioRun","description":"100% Lauf- und Trailshop","publisher":{"@id":"https:\/\/www.miomiorun.com\/de\/#organization"},"potentialAction":[{"@type":"SearchAction","target":{"@type":"EntryPoint","urlTemplate":"https:\/\/www.miomiorun.com\/de\/?s={search_term_string}"},"query-input":{"@type":"PropertyValueSpecification","valueRequired":true,"valueName":"search_term_string"}}],"inLanguage":"de-DE"},{"@type":"Organization","@id":"https:\/\/www.miomiorun.com\/de\/#organization","name":"MioMio Run","url":"https:\/\/www.miomiorun.com\/de\/","logo":{"@type":"ImageObject","inLanguage":"de-DE","@id":"https:\/\/www.miomiorun.com\/de\/#\/schema\/logo\/image\/","url":"https:\/\/www.miomiorun.com\/app\/uploads\/2019\/12\/logomio.png","contentUrl":"https:\/\/www.miomiorun.com\/app\/uploads\/2019\/12\/logomio.png","width":115,"height":82,"caption":"MioMio Run"},"image":{"@id":"https:\/\/www.miomiorun.com\/de\/#\/schema\/logo\/image\/"},"sameAs":["https:\/\/www.facebook.com\/miomiorun\/","https:\/\/www.instagram.com\/miomiorun\/"]}]}},"_links":{"self":[{"href":"https:\/\/www.miomiorun.com\/de\/wp-json\/wp\/v2\/product\/208556","targetHints":{"allow":["GET"]}}],"collection":[{"href":"https:\/\/www.miomiorun.com\/de\/wp-json\/wp\/v2\/product"}],"about":[{"href":"https:\/\/www.miomiorun.com\/de\/wp-json\/wp\/v2\/types\/product"}],"wp:featuredmedia":[{"embeddable":true,"href":"https:\/\/www.miomiorun.com\/de\/wp-json\/wp\/v2\/media\/265950"}],"wp:attachment":[{"href":"https:\/\/www.miomiorun.com\/de\/wp-json\/wp\/v2\/media?parent=208556"}],"wp:term":[{"taxonomy":"product_brand","embeddable":true,"href":"https:\/\/www.miomiorun.com\/de\/wp-json\/wp\/v2\/product_brand?post=208556"},{"taxonomy":"product_cat","embeddable":true,"href":"https:\/\/www.miomiorun.com\/de\/wp-json\/wp\/v2\/product_cat?post=208556"},{"taxonomy":"product_tag","embeddable":true,"href":"https:\/\/www.miomiorun.com\/de\/wp-json\/wp\/v2\/product_tag?post=208556"}],"curies":[{"name":"wp","href":"https:\/\/api.w.org\/{rel}","templated":true}]}}