{"id":208551,"date":"2024-10-08T13:26:44","date_gmt":"2024-10-08T11:26:44","guid":{"rendered":"https:\/\/miomiorun.com\/?post_type=product&#038;p=208551"},"modified":"2025-03-14T10:55:43","modified_gmt":"2025-03-14T09:55:43","slug":"custom-quiver","status":"publish","type":"product","link":"https:\/\/www.miomiorun.com\/de\/produkt\/custom-quiver\/","title":{"rendered":"Custom Quiver"},"content":{"rendered":"<p>Der <strong>Custom Quiver<\/strong> ist eine praktische und effektive L\u00f6sung f\u00fcr die Aufbewahrung und den Transport von St\u00f6cken. Dank der breiten, strukturierten \u00d6ffnungen k\u00f6nnen Sie die St\u00f6cke leicht greifen, wenn Sie sie brauchen, und sie einfach verstauen, wenn sie nicht in Gebrauch sind. Die Tasche ist so leicht, dass sie unbemerkt bleibt, und ihr Design ist so minimalistisch, dass Sie sich fragen werden, wie Sie es jemals geschafft haben, bevor Sie sie entdeckt haben.<\/p>\n<h3>Merkmale:<\/h3>\n<div class=\"pdp-gap-m\">\n<p class=\"pdp-sidebar-popin-details_subtitle\">R\u00dcCKENLEHNENSYSTEME<\/p>\n<p><b>Gepolsterte<\/b> R\u00fcckenlehne: Die gepolsterte R\u00fcckenlehne bietet optimalen Komfort beim Tragen eines Rucksacks auf den Schultern.<\/p>\n<\/div>\n<div class=\"pdp-gap-m\">\n<p class=\"pdp-sidebar-popin-details_subtitle\">LASTMANAGEMENT<\/p>\n<p><b>Verriegelungsriemen<\/b>: Ideal zum Sichern von St\u00f6cken im Fach. Einfach entriegeln, wenn Sie die St\u00f6cke mitnehmen wollen.<\/p>\n<\/div>\n<div class=\"pdp-gap-m\">\n<p class=\"pdp-sidebar-popin-details_subtitle\">TRAGESYSTEM<\/p>\n<p><b>Mit dem Custom Quiver kompatibles Befestigungssystem<\/b>: Besteht aus Haken am Fach und Ringen an den SENSE-Rucks\u00e4cken.<\/p>\n<\/div>\n<div class=\"pdp-gap-m\">\n<p class=\"pdp-sidebar-popin-details_subtitle\">WASSERMANAGEMENT<\/p>\n<p><b>\u00d6sen<\/b> an der Unterseite lassen das Wasser entweichen und halten die Ausr\u00fcstung trocken.<\/p>\n<\/div>\n<div class=\"pdp-gap-m\">\n<p class=\"pdp-sidebar-popin-details_subtitle\">GEWEBE<\/p>\n<p>Ripstop <b>210D<\/b>: Nylongewebe mit Ripstop-Bindung und Polyurethanbeschichtung, das Abrieb- und Rei\u00dffestigkeit sowie langfristigen Wasserschutz bietet.<\/p>\n<\/div>\n<div class=\"pdp-gap-m\">\n<p class=\"pdp-sidebar-popin-details_subtitle\">NACHHALTIGKEIT<\/p>\n<p>PFC-frei<\/p>\n<div class=\"pdp-gap-m\">\n<p>&nbsp;<\/p>\n<p><b>K\u00f6rper: <\/b> 100% Polyamid<\/p>\n<p><b> \u00c4rmelfutter: <\/b> 100% Polyester<\/p>\n<\/div>\n<\/div>\n","protected":false},"excerpt":{"rendered":"<ul>\n<li>Tasche f\u00fcr den Transport von Wanderst\u00f6cken.<\/li>\n<li>Bequem, damit Sie Ihre Outdoor-Sport in v\u00f6lliger Freiheit zu praktizieren.<\/li>\n<\/ul>\n","protected":false},"featured_media":210546,"template":"","meta":{"_acf_changed":false,"inline_featured_image":false},"product_brand":[],"product_cat":[6342,6344,6396,6398],"product_tag":[20480],"class_list":{"0":"post-208551","1":"product","2":"type-product","3":"status-publish","4":"has-post-thumbnail","6":"product_cat-zubehoer","7":"product_cat-stocke-de","8":"product_cat-taschen-und-guertel-de","9":"product_cat-taschen-de","10":"product_tag-salomon-de","11":"pa_attivita-outdoor-de","12":"pa_attivita-trail-de","13":"pa_marca-salomon-de","14":"pa_sesso-damen","15":"pa_sesso-herren","17":"first","18":"outofstock","19":"sale","20":"taxable","21":"shipping-taxable","22":"purchasable","23":"product-type-simple"},"acf":[],"yoast_head":"<!-- This site is optimized with the Yoast SEO plugin v26.8 - https:\/\/yoast.com\/product\/yoast-seo-wordpress\/ -->\n<title>Salomon Custom Quiver - Laufrucksack - MioMioRun<\/title>\n<meta name=\"description\" content=\"Der Custom Quiver ist eine praktische und effektive L\u00f6sung f\u00fcr die Aufbewahrung und den Transport von St\u00f6cken. Breite \u00d6ffnungen erm\u00f6glichen ein einfaches Greifen der St\u00f6cke\" \/>\n<meta name=\"robots\" content=\"index, follow, max-snippet:-1, max-image-preview:large, max-video-preview:-1\" \/>\n<link rel=\"canonical\" href=\"https:\/\/www.miomiorun.com\/de\/produkt\/custom-quiver\/\" \/>\n<meta property=\"og:locale\" content=\"de_DE\" \/>\n<meta property=\"og:type\" content=\"article\" \/>\n<meta property=\"og:title\" content=\"Salomon Custom Quiver - Laufrucksack - MioMioRun\" \/>\n<meta property=\"og:description\" content=\"Der Custom Quiver ist eine praktische und effektive L\u00f6sung f\u00fcr die Aufbewahrung und den Transport von St\u00f6cken. Breite \u00d6ffnungen erm\u00f6glichen ein einfaches Greifen der St\u00f6cke\" \/>\n<meta property=\"og:url\" content=\"https:\/\/www.miomiorun.com\/de\/produkt\/custom-quiver\/\" \/>\n<meta property=\"og:site_name\" content=\"MioMioRun\" \/>\n<meta property=\"article:publisher\" content=\"https:\/\/www.facebook.com\/miomiorun\/\" \/>\n<meta property=\"article:modified_time\" content=\"2025-03-14T09:55:43+00:00\" \/>\n<meta property=\"og:image\" content=\"https:\/\/www.miomiorun.com\/app\/uploads\/2024\/10\/salomon-Custom-quiver-black-LC2093100.webp\" \/>\n\t<meta property=\"og:image:width\" content=\"600\" \/>\n\t<meta property=\"og:image:height\" content=\"600\" \/>\n\t<meta property=\"og:image:type\" content=\"image\/webp\" \/>\n<meta name=\"twitter:card\" content=\"summary_large_image\" \/>\n<meta name=\"twitter:label1\" content=\"Est. reading time\" \/>\n\t<meta name=\"twitter:data1\" content=\"1 minute\" \/>\n<script type=\"application\/ld+json\" class=\"yoast-schema-graph\">{\"@context\":\"https:\/\/schema.org\",\"@graph\":[{\"@type\":\"WebPage\",\"@id\":\"https:\/\/www.miomiorun.com\/de\/produkt\/custom-quiver\/\",\"url\":\"https:\/\/www.miomiorun.com\/de\/produkt\/custom-quiver\/\",\"name\":\"Salomon Custom Quiver - Laufrucksack - MioMioRun\",\"isPartOf\":{\"@id\":\"https:\/\/www.miomiorun.com\/de\/#website\"},\"primaryImageOfPage\":{\"@id\":\"https:\/\/www.miomiorun.com\/de\/produkt\/custom-quiver\/#primaryimage\"},\"image\":{\"@id\":\"https:\/\/www.miomiorun.com\/de\/produkt\/custom-quiver\/#primaryimage\"},\"thumbnailUrl\":\"https:\/\/www.miomiorun.com\/app\/uploads\/2024\/10\/salomon-Custom-quiver-black-LC2093100.webp\",\"datePublished\":\"2024-10-08T11:26:44+00:00\",\"dateModified\":\"2025-03-14T09:55:43+00:00\",\"description\":\"Der Custom Quiver ist eine praktische und effektive L\u00f6sung f\u00fcr die Aufbewahrung und den Transport von St\u00f6cken. Breite \u00d6ffnungen erm\u00f6glichen ein einfaches Greifen der St\u00f6cke\",\"breadcrumb\":{\"@id\":\"https:\/\/www.miomiorun.com\/de\/produkt\/custom-quiver\/#breadcrumb\"},\"inLanguage\":\"de-DE\",\"potentialAction\":[{\"@type\":\"ReadAction\",\"target\":[\"https:\/\/www.miomiorun.com\/de\/produkt\/custom-quiver\/\"]}]},{\"@type\":\"ImageObject\",\"inLanguage\":\"de-DE\",\"@id\":\"https:\/\/www.miomiorun.com\/de\/produkt\/custom-quiver\/#primaryimage\",\"url\":\"https:\/\/www.miomiorun.com\/app\/uploads\/2024\/10\/salomon-Custom-quiver-black-LC2093100.webp\",\"contentUrl\":\"https:\/\/www.miomiorun.com\/app\/uploads\/2024\/10\/salomon-Custom-quiver-black-LC2093100.webp\",\"width\":600,\"height\":600,\"caption\":\"salomon Custom quiver black LC2093100\"},{\"@type\":\"BreadcrumbList\",\"@id\":\"https:\/\/www.miomiorun.com\/de\/produkt\/custom-quiver\/#breadcrumb\",\"itemListElement\":[{\"@type\":\"ListItem\",\"position\":1,\"name\":\"Home\",\"item\":\"https:\/\/www.miomiorun.com\/de\/\"},{\"@type\":\"ListItem\",\"position\":2,\"name\":\"Shop\",\"item\":\"https:\/\/www.miomiorun.com\/shop\/\"},{\"@type\":\"ListItem\",\"position\":3,\"name\":\"Custom Quiver\"}]},{\"@type\":\"WebSite\",\"@id\":\"https:\/\/www.miomiorun.com\/de\/#website\",\"url\":\"https:\/\/www.miomiorun.com\/de\/\",\"name\":\"MioMioRun\",\"description\":\"100% Lauf- und Trailshop\",\"publisher\":{\"@id\":\"https:\/\/www.miomiorun.com\/de\/#organization\"},\"potentialAction\":[{\"@type\":\"SearchAction\",\"target\":{\"@type\":\"EntryPoint\",\"urlTemplate\":\"https:\/\/www.miomiorun.com\/de\/?s={search_term_string}\"},\"query-input\":{\"@type\":\"PropertyValueSpecification\",\"valueRequired\":true,\"valueName\":\"search_term_string\"}}],\"inLanguage\":\"de-DE\"},{\"@type\":\"Organization\",\"@id\":\"https:\/\/www.miomiorun.com\/de\/#organization\",\"name\":\"MioMio Run\",\"url\":\"https:\/\/www.miomiorun.com\/de\/\",\"logo\":{\"@type\":\"ImageObject\",\"inLanguage\":\"de-DE\",\"@id\":\"https:\/\/www.miomiorun.com\/de\/#\/schema\/logo\/image\/\",\"url\":\"https:\/\/www.miomiorun.com\/app\/uploads\/2019\/12\/logomio.png\",\"contentUrl\":\"https:\/\/www.miomiorun.com\/app\/uploads\/2019\/12\/logomio.png\",\"width\":115,\"height\":82,\"caption\":\"MioMio Run\"},\"image\":{\"@id\":\"https:\/\/www.miomiorun.com\/de\/#\/schema\/logo\/image\/\"},\"sameAs\":[\"https:\/\/www.facebook.com\/miomiorun\/\",\"https:\/\/www.instagram.com\/miomiorun\/\"]}]}<\/script>\n<!-- \/ Yoast SEO plugin. -->","yoast_head_json":{"title":"Salomon Custom Quiver - Laufrucksack - MioMioRun","description":"Der Custom Quiver ist eine praktische und effektive L\u00f6sung f\u00fcr die Aufbewahrung und den Transport von St\u00f6cken. Breite \u00d6ffnungen erm\u00f6glichen ein einfaches Greifen der St\u00f6cke","robots":{"index":"index","follow":"follow","max-snippet":"max-snippet:-1","max-image-preview":"max-image-preview:large","max-video-preview":"max-video-preview:-1"},"canonical":"https:\/\/www.miomiorun.com\/de\/produkt\/custom-quiver\/","og_locale":"de_DE","og_type":"article","og_title":"Salomon Custom Quiver - Laufrucksack - MioMioRun","og_description":"Der Custom Quiver ist eine praktische und effektive L\u00f6sung f\u00fcr die Aufbewahrung und den Transport von St\u00f6cken. Breite \u00d6ffnungen erm\u00f6glichen ein einfaches Greifen der St\u00f6cke","og_url":"https:\/\/www.miomiorun.com\/de\/produkt\/custom-quiver\/","og_site_name":"MioMioRun","article_publisher":"https:\/\/www.facebook.com\/miomiorun\/","article_modified_time":"2025-03-14T09:55:43+00:00","og_image":[{"width":600,"height":600,"url":"https:\/\/www.miomiorun.com\/app\/uploads\/2024\/10\/salomon-Custom-quiver-black-LC2093100.webp","type":"image\/webp"}],"twitter_card":"summary_large_image","twitter_misc":{"Est. reading time":"1 minute"},"schema":{"@context":"https:\/\/schema.org","@graph":[{"@type":"WebPage","@id":"https:\/\/www.miomiorun.com\/de\/produkt\/custom-quiver\/","url":"https:\/\/www.miomiorun.com\/de\/produkt\/custom-quiver\/","name":"Salomon Custom Quiver - Laufrucksack - MioMioRun","isPartOf":{"@id":"https:\/\/www.miomiorun.com\/de\/#website"},"primaryImageOfPage":{"@id":"https:\/\/www.miomiorun.com\/de\/produkt\/custom-quiver\/#primaryimage"},"image":{"@id":"https:\/\/www.miomiorun.com\/de\/produkt\/custom-quiver\/#primaryimage"},"thumbnailUrl":"https:\/\/www.miomiorun.com\/app\/uploads\/2024\/10\/salomon-Custom-quiver-black-LC2093100.webp","datePublished":"2024-10-08T11:26:44+00:00","dateModified":"2025-03-14T09:55:43+00:00","description":"Der Custom Quiver ist eine praktische und effektive L\u00f6sung f\u00fcr die Aufbewahrung und den Transport von St\u00f6cken. Breite \u00d6ffnungen erm\u00f6glichen ein einfaches Greifen der St\u00f6cke","breadcrumb":{"@id":"https:\/\/www.miomiorun.com\/de\/produkt\/custom-quiver\/#breadcrumb"},"inLanguage":"de-DE","potentialAction":[{"@type":"ReadAction","target":["https:\/\/www.miomiorun.com\/de\/produkt\/custom-quiver\/"]}]},{"@type":"ImageObject","inLanguage":"de-DE","@id":"https:\/\/www.miomiorun.com\/de\/produkt\/custom-quiver\/#primaryimage","url":"https:\/\/www.miomiorun.com\/app\/uploads\/2024\/10\/salomon-Custom-quiver-black-LC2093100.webp","contentUrl":"https:\/\/www.miomiorun.com\/app\/uploads\/2024\/10\/salomon-Custom-quiver-black-LC2093100.webp","width":600,"height":600,"caption":"salomon Custom quiver black LC2093100"},{"@type":"BreadcrumbList","@id":"https:\/\/www.miomiorun.com\/de\/produkt\/custom-quiver\/#breadcrumb","itemListElement":[{"@type":"ListItem","position":1,"name":"Home","item":"https:\/\/www.miomiorun.com\/de\/"},{"@type":"ListItem","position":2,"name":"Shop","item":"https:\/\/www.miomiorun.com\/shop\/"},{"@type":"ListItem","position":3,"name":"Custom Quiver"}]},{"@type":"WebSite","@id":"https:\/\/www.miomiorun.com\/de\/#website","url":"https:\/\/www.miomiorun.com\/de\/","name":"MioMioRun","description":"100% Lauf- und Trailshop","publisher":{"@id":"https:\/\/www.miomiorun.com\/de\/#organization"},"potentialAction":[{"@type":"SearchAction","target":{"@type":"EntryPoint","urlTemplate":"https:\/\/www.miomiorun.com\/de\/?s={search_term_string}"},"query-input":{"@type":"PropertyValueSpecification","valueRequired":true,"valueName":"search_term_string"}}],"inLanguage":"de-DE"},{"@type":"Organization","@id":"https:\/\/www.miomiorun.com\/de\/#organization","name":"MioMio Run","url":"https:\/\/www.miomiorun.com\/de\/","logo":{"@type":"ImageObject","inLanguage":"de-DE","@id":"https:\/\/www.miomiorun.com\/de\/#\/schema\/logo\/image\/","url":"https:\/\/www.miomiorun.com\/app\/uploads\/2019\/12\/logomio.png","contentUrl":"https:\/\/www.miomiorun.com\/app\/uploads\/2019\/12\/logomio.png","width":115,"height":82,"caption":"MioMio Run"},"image":{"@id":"https:\/\/www.miomiorun.com\/de\/#\/schema\/logo\/image\/"},"sameAs":["https:\/\/www.facebook.com\/miomiorun\/","https:\/\/www.instagram.com\/miomiorun\/"]}]}},"_links":{"self":[{"href":"https:\/\/www.miomiorun.com\/de\/wp-json\/wp\/v2\/product\/208551","targetHints":{"allow":["GET"]}}],"collection":[{"href":"https:\/\/www.miomiorun.com\/de\/wp-json\/wp\/v2\/product"}],"about":[{"href":"https:\/\/www.miomiorun.com\/de\/wp-json\/wp\/v2\/types\/product"}],"wp:featuredmedia":[{"embeddable":true,"href":"https:\/\/www.miomiorun.com\/de\/wp-json\/wp\/v2\/media\/210546"}],"wp:attachment":[{"href":"https:\/\/www.miomiorun.com\/de\/wp-json\/wp\/v2\/media?parent=208551"}],"wp:term":[{"taxonomy":"product_brand","embeddable":true,"href":"https:\/\/www.miomiorun.com\/de\/wp-json\/wp\/v2\/product_brand?post=208551"},{"taxonomy":"product_cat","embeddable":true,"href":"https:\/\/www.miomiorun.com\/de\/wp-json\/wp\/v2\/product_cat?post=208551"},{"taxonomy":"product_tag","embeddable":true,"href":"https:\/\/www.miomiorun.com\/de\/wp-json\/wp\/v2\/product_tag?post=208551"}],"curies":[{"name":"wp","href":"https:\/\/api.w.org\/{rel}","templated":true}]}}