{"id":208548,"date":"2024-10-08T13:19:17","date_gmt":"2024-10-08T11:19:17","guid":{"rendered":"https:\/\/miomiorun.com\/?post_type=product&#038;p=208548"},"modified":"2026-02-14T09:41:18","modified_gmt":"2026-02-14T08:41:18","slug":"active-handheld","status":"publish","type":"product","link":"https:\/\/www.miomiorun.com\/de\/produkt\/active-handheld\/","title":{"rendered":"Active handheld"},"content":{"rendered":"<p>Mit seinem minimalistischen Design, dem weichen, verstellbaren Trageriemen und dem gr\u00f6\u00dferen Verschluss erleichtert Ihnen der <strong>ACTIVE HANDHELD<\/strong> von Salomon das Trinken, verhindert das Auslaufen und schrumpft beim Entleeren, um st\u00f6rende Fl\u00fcssigkeitsbewegungen im Inneren zu begrenzen. Nehmen Sie nur das Wasser mit, das Sie f\u00fcr Ihren Lauf ben\u00f6tigen, und nichts anderes.<\/p>\n<h3>Eigenschaften:<\/h3>\n<ul>\n<li>Volumen: 0,5 Liter<\/li>\n<li>Gewicht: 56 g<\/li>\n<\/ul>\n<div class=\"pdp-gap-m\">\n<p class=\"pdp-sidebar-popin-details_subtitle\">FL\u00dcSSIGKEITSZUFUHR<\/p>\n<ul>\n<li>Twist-On\/Off-System<\/li>\n<li>Hochleistungsventil<\/li>\n<li>42 mm breite \u00d6ffnung<\/li>\n<li>TPU- und hochfrequenzverschwei\u00dfte N\u00e4hte<\/li>\n<li>Breiter Temperaturbereich<\/li>\n<\/ul>\n<\/div>\n<div class=\"pdp-gap-m\">\n<p class=\"pdp-sidebar-popin-details_subtitle\">NACHHALTIGKEIT<\/p>\n<p>100 % BPA- und PVC-frei<\/p>\n<p><b>K\u00f6rper: <\/b> 100 % Polyester<\/p>\n<h2 style=\"text-align: center\">Leichter Griff<\/h2>\n<p style=\"text-align: center\">Der weiche, verstellbare Riemen schmiegt sich bequem an die Hand an, sodass Sie sich beim Laufen ganz auf Ihre Energie konzentrieren k\u00f6nnen. Der Fask verengt sich mit zunehmender Entleerung, um die Bel\u00e4stigung durch Wasserbewegungen im Inneren w\u00e4hrend Ihrer sportlichen Aktivit\u00e4t zu begrenzen. <\/p>\n<\/div>\n<p>&nbsp;<\/p>\n<p>&nbsp;<\/p>\n","protected":false},"excerpt":{"rendered":"<ul>\n<li>Zusammenklappbare Trinkflasche mit Haken zum Halten in der Hand.<\/li>\n<li>Ideal, um sich w\u00e4hrend des Trailrunnings mit Fl\u00fcssigkeit zu versorgen.<\/li>\n<\/ul>\n","protected":false},"featured_media":210540,"template":"","meta":{"_acf_changed":false,"inline_featured_image":false},"product_brand":[],"product_cat":[6342,6361,6363],"product_tag":[20480],"class_list":{"0":"post-208548","1":"product","2":"type-product","3":"status-publish","4":"has-post-thumbnail","6":"product_cat-zubehoer","7":"product_cat-hydratation-de","8":"product_cat-flaschen-de","9":"product_tag-salomon-de","10":"pa_attivita-outdoor-de","11":"pa_attivita-trail-de","12":"pa_marca-salomon-de","13":"pa_sesso-damen","14":"pa_sesso-herren","16":"first","17":"instock","18":"sale","19":"taxable","20":"shipping-taxable","21":"purchasable","22":"product-type-simple"},"acf":[],"yoast_head":"<!-- This site is optimized with the Yoast SEO plugin v26.8 - https:\/\/yoast.com\/product\/yoast-seo-wordpress\/ -->\n<title>Salomon Active handheld -Lauf-Trinkflasche - MioMioRun<\/title>\n<meta name=\"description\" content=\"ACTIVE HANDHELD von Salomon erleichtert das Trinken, verhindert das Auslaufen und schrumpft beim Entleeren, um die Bel\u00e4stigung durch Fl\u00fcssigkeit zu begrenzen.\" \/>\n<meta name=\"robots\" content=\"index, follow, max-snippet:-1, max-image-preview:large, max-video-preview:-1\" \/>\n<link rel=\"canonical\" href=\"https:\/\/www.miomiorun.com\/de\/produkt\/active-handheld\/\" \/>\n<meta property=\"og:locale\" content=\"de_DE\" \/>\n<meta property=\"og:type\" content=\"article\" \/>\n<meta property=\"og:title\" content=\"Salomon Active handheld -Lauf-Trinkflasche - MioMioRun\" \/>\n<meta property=\"og:description\" content=\"ACTIVE HANDHELD von Salomon erleichtert das Trinken, verhindert das Auslaufen und schrumpft beim Entleeren, um die Bel\u00e4stigung durch Fl\u00fcssigkeit zu begrenzen.\" \/>\n<meta property=\"og:url\" content=\"https:\/\/www.miomiorun.com\/de\/produkt\/active-handheld\/\" \/>\n<meta property=\"og:site_name\" content=\"MioMioRun\" \/>\n<meta property=\"article:publisher\" content=\"https:\/\/www.facebook.com\/miomiorun\/\" \/>\n<meta property=\"article:modified_time\" content=\"2026-02-14T08:41:18+00:00\" \/>\n<meta property=\"og:image\" content=\"https:\/\/www.miomiorun.com\/app\/uploads\/2024\/10\/salomon-Active-handheld-black-slate-grey-LC1928600.webp\" \/>\n\t<meta property=\"og:image:width\" content=\"600\" \/>\n\t<meta property=\"og:image:height\" content=\"600\" \/>\n\t<meta property=\"og:image:type\" content=\"image\/webp\" \/>\n<meta name=\"twitter:card\" content=\"summary_large_image\" \/>\n<meta name=\"twitter:label1\" content=\"Est. reading time\" \/>\n\t<meta name=\"twitter:data1\" content=\"1 minute\" \/>\n<script type=\"application\/ld+json\" class=\"yoast-schema-graph\">{\"@context\":\"https:\/\/schema.org\",\"@graph\":[{\"@type\":\"WebPage\",\"@id\":\"https:\/\/www.miomiorun.com\/de\/produkt\/active-handheld\/\",\"url\":\"https:\/\/www.miomiorun.com\/de\/produkt\/active-handheld\/\",\"name\":\"Salomon Active handheld -Lauf-Trinkflasche - MioMioRun\",\"isPartOf\":{\"@id\":\"https:\/\/www.miomiorun.com\/de\/#website\"},\"primaryImageOfPage\":{\"@id\":\"https:\/\/www.miomiorun.com\/de\/produkt\/active-handheld\/#primaryimage\"},\"image\":{\"@id\":\"https:\/\/www.miomiorun.com\/de\/produkt\/active-handheld\/#primaryimage\"},\"thumbnailUrl\":\"https:\/\/www.miomiorun.com\/app\/uploads\/2024\/10\/salomon-Active-handheld-black-slate-grey-LC1928600.webp\",\"datePublished\":\"2024-10-08T11:19:17+00:00\",\"dateModified\":\"2026-02-14T08:41:18+00:00\",\"description\":\"ACTIVE HANDHELD von Salomon erleichtert das Trinken, verhindert das Auslaufen und schrumpft beim Entleeren, um die Bel\u00e4stigung durch Fl\u00fcssigkeit zu begrenzen.\",\"breadcrumb\":{\"@id\":\"https:\/\/www.miomiorun.com\/de\/produkt\/active-handheld\/#breadcrumb\"},\"inLanguage\":\"de-DE\",\"potentialAction\":[{\"@type\":\"ReadAction\",\"target\":[\"https:\/\/www.miomiorun.com\/de\/produkt\/active-handheld\/\"]}]},{\"@type\":\"ImageObject\",\"inLanguage\":\"de-DE\",\"@id\":\"https:\/\/www.miomiorun.com\/de\/produkt\/active-handheld\/#primaryimage\",\"url\":\"https:\/\/www.miomiorun.com\/app\/uploads\/2024\/10\/salomon-Active-handheld-black-slate-grey-LC1928600.webp\",\"contentUrl\":\"https:\/\/www.miomiorun.com\/app\/uploads\/2024\/10\/salomon-Active-handheld-black-slate-grey-LC1928600.webp\",\"width\":600,\"height\":600,\"caption\":\"salomon Active handheld black slate grey LC1928600\"},{\"@type\":\"BreadcrumbList\",\"@id\":\"https:\/\/www.miomiorun.com\/de\/produkt\/active-handheld\/#breadcrumb\",\"itemListElement\":[{\"@type\":\"ListItem\",\"position\":1,\"name\":\"Home\",\"item\":\"https:\/\/www.miomiorun.com\/de\/\"},{\"@type\":\"ListItem\",\"position\":2,\"name\":\"Shop\",\"item\":\"https:\/\/www.miomiorun.com\/shop\/\"},{\"@type\":\"ListItem\",\"position\":3,\"name\":\"Active handheld\"}]},{\"@type\":\"WebSite\",\"@id\":\"https:\/\/www.miomiorun.com\/de\/#website\",\"url\":\"https:\/\/www.miomiorun.com\/de\/\",\"name\":\"MioMioRun\",\"description\":\"100% Lauf- und Trailshop\",\"publisher\":{\"@id\":\"https:\/\/www.miomiorun.com\/de\/#organization\"},\"potentialAction\":[{\"@type\":\"SearchAction\",\"target\":{\"@type\":\"EntryPoint\",\"urlTemplate\":\"https:\/\/www.miomiorun.com\/de\/?s={search_term_string}\"},\"query-input\":{\"@type\":\"PropertyValueSpecification\",\"valueRequired\":true,\"valueName\":\"search_term_string\"}}],\"inLanguage\":\"de-DE\"},{\"@type\":\"Organization\",\"@id\":\"https:\/\/www.miomiorun.com\/de\/#organization\",\"name\":\"MioMio Run\",\"url\":\"https:\/\/www.miomiorun.com\/de\/\",\"logo\":{\"@type\":\"ImageObject\",\"inLanguage\":\"de-DE\",\"@id\":\"https:\/\/www.miomiorun.com\/de\/#\/schema\/logo\/image\/\",\"url\":\"https:\/\/www.miomiorun.com\/app\/uploads\/2019\/12\/logomio.png\",\"contentUrl\":\"https:\/\/www.miomiorun.com\/app\/uploads\/2019\/12\/logomio.png\",\"width\":115,\"height\":82,\"caption\":\"MioMio Run\"},\"image\":{\"@id\":\"https:\/\/www.miomiorun.com\/de\/#\/schema\/logo\/image\/\"},\"sameAs\":[\"https:\/\/www.facebook.com\/miomiorun\/\",\"https:\/\/www.instagram.com\/miomiorun\/\"]}]}<\/script>\n<!-- \/ Yoast SEO plugin. -->","yoast_head_json":{"title":"Salomon Active handheld -Lauf-Trinkflasche - MioMioRun","description":"ACTIVE HANDHELD von Salomon erleichtert das Trinken, verhindert das Auslaufen und schrumpft beim Entleeren, um die Bel\u00e4stigung durch Fl\u00fcssigkeit zu begrenzen.","robots":{"index":"index","follow":"follow","max-snippet":"max-snippet:-1","max-image-preview":"max-image-preview:large","max-video-preview":"max-video-preview:-1"},"canonical":"https:\/\/www.miomiorun.com\/de\/produkt\/active-handheld\/","og_locale":"de_DE","og_type":"article","og_title":"Salomon Active handheld -Lauf-Trinkflasche - MioMioRun","og_description":"ACTIVE HANDHELD von Salomon erleichtert das Trinken, verhindert das Auslaufen und schrumpft beim Entleeren, um die Bel\u00e4stigung durch Fl\u00fcssigkeit zu begrenzen.","og_url":"https:\/\/www.miomiorun.com\/de\/produkt\/active-handheld\/","og_site_name":"MioMioRun","article_publisher":"https:\/\/www.facebook.com\/miomiorun\/","article_modified_time":"2026-02-14T08:41:18+00:00","og_image":[{"width":600,"height":600,"url":"https:\/\/www.miomiorun.com\/app\/uploads\/2024\/10\/salomon-Active-handheld-black-slate-grey-LC1928600.webp","type":"image\/webp"}],"twitter_card":"summary_large_image","twitter_misc":{"Est. reading time":"1 minute"},"schema":{"@context":"https:\/\/schema.org","@graph":[{"@type":"WebPage","@id":"https:\/\/www.miomiorun.com\/de\/produkt\/active-handheld\/","url":"https:\/\/www.miomiorun.com\/de\/produkt\/active-handheld\/","name":"Salomon Active handheld -Lauf-Trinkflasche - MioMioRun","isPartOf":{"@id":"https:\/\/www.miomiorun.com\/de\/#website"},"primaryImageOfPage":{"@id":"https:\/\/www.miomiorun.com\/de\/produkt\/active-handheld\/#primaryimage"},"image":{"@id":"https:\/\/www.miomiorun.com\/de\/produkt\/active-handheld\/#primaryimage"},"thumbnailUrl":"https:\/\/www.miomiorun.com\/app\/uploads\/2024\/10\/salomon-Active-handheld-black-slate-grey-LC1928600.webp","datePublished":"2024-10-08T11:19:17+00:00","dateModified":"2026-02-14T08:41:18+00:00","description":"ACTIVE HANDHELD von Salomon erleichtert das Trinken, verhindert das Auslaufen und schrumpft beim Entleeren, um die Bel\u00e4stigung durch Fl\u00fcssigkeit zu begrenzen.","breadcrumb":{"@id":"https:\/\/www.miomiorun.com\/de\/produkt\/active-handheld\/#breadcrumb"},"inLanguage":"de-DE","potentialAction":[{"@type":"ReadAction","target":["https:\/\/www.miomiorun.com\/de\/produkt\/active-handheld\/"]}]},{"@type":"ImageObject","inLanguage":"de-DE","@id":"https:\/\/www.miomiorun.com\/de\/produkt\/active-handheld\/#primaryimage","url":"https:\/\/www.miomiorun.com\/app\/uploads\/2024\/10\/salomon-Active-handheld-black-slate-grey-LC1928600.webp","contentUrl":"https:\/\/www.miomiorun.com\/app\/uploads\/2024\/10\/salomon-Active-handheld-black-slate-grey-LC1928600.webp","width":600,"height":600,"caption":"salomon Active handheld black slate grey LC1928600"},{"@type":"BreadcrumbList","@id":"https:\/\/www.miomiorun.com\/de\/produkt\/active-handheld\/#breadcrumb","itemListElement":[{"@type":"ListItem","position":1,"name":"Home","item":"https:\/\/www.miomiorun.com\/de\/"},{"@type":"ListItem","position":2,"name":"Shop","item":"https:\/\/www.miomiorun.com\/shop\/"},{"@type":"ListItem","position":3,"name":"Active handheld"}]},{"@type":"WebSite","@id":"https:\/\/www.miomiorun.com\/de\/#website","url":"https:\/\/www.miomiorun.com\/de\/","name":"MioMioRun","description":"100% Lauf- und Trailshop","publisher":{"@id":"https:\/\/www.miomiorun.com\/de\/#organization"},"potentialAction":[{"@type":"SearchAction","target":{"@type":"EntryPoint","urlTemplate":"https:\/\/www.miomiorun.com\/de\/?s={search_term_string}"},"query-input":{"@type":"PropertyValueSpecification","valueRequired":true,"valueName":"search_term_string"}}],"inLanguage":"de-DE"},{"@type":"Organization","@id":"https:\/\/www.miomiorun.com\/de\/#organization","name":"MioMio Run","url":"https:\/\/www.miomiorun.com\/de\/","logo":{"@type":"ImageObject","inLanguage":"de-DE","@id":"https:\/\/www.miomiorun.com\/de\/#\/schema\/logo\/image\/","url":"https:\/\/www.miomiorun.com\/app\/uploads\/2019\/12\/logomio.png","contentUrl":"https:\/\/www.miomiorun.com\/app\/uploads\/2019\/12\/logomio.png","width":115,"height":82,"caption":"MioMio Run"},"image":{"@id":"https:\/\/www.miomiorun.com\/de\/#\/schema\/logo\/image\/"},"sameAs":["https:\/\/www.facebook.com\/miomiorun\/","https:\/\/www.instagram.com\/miomiorun\/"]}]}},"_links":{"self":[{"href":"https:\/\/www.miomiorun.com\/de\/wp-json\/wp\/v2\/product\/208548","targetHints":{"allow":["GET"]}}],"collection":[{"href":"https:\/\/www.miomiorun.com\/de\/wp-json\/wp\/v2\/product"}],"about":[{"href":"https:\/\/www.miomiorun.com\/de\/wp-json\/wp\/v2\/types\/product"}],"wp:featuredmedia":[{"embeddable":true,"href":"https:\/\/www.miomiorun.com\/de\/wp-json\/wp\/v2\/media\/210540"}],"wp:attachment":[{"href":"https:\/\/www.miomiorun.com\/de\/wp-json\/wp\/v2\/media?parent=208548"}],"wp:term":[{"taxonomy":"product_brand","embeddable":true,"href":"https:\/\/www.miomiorun.com\/de\/wp-json\/wp\/v2\/product_brand?post=208548"},{"taxonomy":"product_cat","embeddable":true,"href":"https:\/\/www.miomiorun.com\/de\/wp-json\/wp\/v2\/product_cat?post=208548"},{"taxonomy":"product_tag","embeddable":true,"href":"https:\/\/www.miomiorun.com\/de\/wp-json\/wp\/v2\/product_tag?post=208548"}],"curies":[{"name":"wp","href":"https:\/\/api.w.org\/{rel}","templated":true}]}}