{"id":207607,"date":"2024-10-04T17:29:27","date_gmt":"2024-10-04T15:29:27","guid":{"rendered":"https:\/\/miomiorun.com\/?post_type=product&#038;p=207607"},"modified":"2026-05-08T22:19:03","modified_gmt":"2026-05-08T20:19:03","slug":"thundercross-gtx-damen","status":"publish","type":"product","link":"https:\/\/www.miomiorun.com\/de\/produkt\/thundercross-gtx-damen\/","title":{"rendered":"Thundercross GTX damen"},"content":{"rendered":"<div class=\"vc-row container\"><div class=\"vc-column\"><div class=\"vc-column-text\"><\/p>\n<p><strong>Technische Daten<\/strong><\/p>\n<p>Kategorie: Top-D\u00e4mpfung<br \/>\nVersatz: 4 mm<br \/>\nGewicht: 265 g<br \/>\nIdeal f\u00fcr: Traill\u00e4ufer und Bergwanderer, die ein leichtes, gut ged\u00e4mpftes und sch\u00fctzendes Modell suchen, das auch \u00fcber l\u00e4ngere Strecken maximalen Komfort bietet und den Fu\u00df dank der Gore-Tex-Membran vor Witterungseinfl\u00fcssen sch\u00fctzt.<br \/>\nGewicht des Athleten: 50-70 kg<br \/>\nLauftempo: mittelschnell (4.30-6.00 min\/km)<br \/>\n<a href=\"https:\/\/miomiorun.com\/de\/leitfaden-fuer-technische-spezifikationen\/\">Leitfaden f\u00fcr technische Daten<\/a><\/p>\n<p><\/div><\/div><div class=\"vc-column\"><div class=\"vc-column-text\">Der<strong> Thundercross GORE-TEX<\/strong> f\u00fcr Damen wurde f\u00fcr dynamische, ged\u00e4mpfte Schritte entwickelt und ist ein wasserdichter Trail-Schuh mit hervorragendem Halt und Grip. Ausgestattet mit aggressiven 5 mm Stollen, ist er bereit, jedes Gel\u00e4nde zu bew\u00e4ltigen, egal wie t\u00fcckisch, technisch oder holprig es auch sein mag. Entwickelt in den franz\u00f6sischen Alpen, hat er sich auf allen Arten von Terrain bew\u00e4hrt, von Auf- und Abfahrten bis hin zu felsigen H\u00e4ngen oder anspruchsvollen schmalen Pfaden.<\/p>\n<h3>Eigenschaften und Zusammensetzung<\/h3>\n<div class=\"pdp-gap-m\">\n<p class=\"pdp-sidebar-popin-details_subtitle\">SOHLE<\/p>\n<ul>\n<li><b>Chevron-Stollen<\/b>: Tiefes Stollenmuster mit multidirektionalem Grip f\u00fcr verbesserte Traktion auf weichem Untergrund wie Schlamm oder losem Boden.<\/li>\n<li>All <b>Terrain<\/b> Contagrip\u00ae: Unsere All Terrain Contagrip\u00ae-Sohle ist f\u00fcr eine Vielzahl von Untergr\u00fcnden geeignet. Sie garantiert Haltbarkeit und Sicherheit auf nassem, trockenem, hartem oder weichem Untergrund.<\/li>\n<\/ul>\n<\/div>\n<div class=\"pdp-gap-m\">\n<p class=\"pdp-sidebar-popin-details_subtitle\">MITTELSCHUH<\/p>\n<p><b>Energy Foam<\/b>: Leichter, gepolsterter EVA-Schaumstoff f\u00fcr alle, die hohe Leistung suchen.<\/p>\n<\/div>\n<div class=\"pdp-gap-m\">\n<p class=\"pdp-sidebar-popin-details_subtitle\">OBERMATERIAL<\/p>\n<p><b>Anti-Schmutz-Netz<\/b>: Eng anliegendes Netz, das verhindert, dass sich Schmutz zwischen Fu\u00df und Fu\u00dfbett festsetzt.<\/p>\n<\/div>\n<div class=\"pdp-gap-m\">\n<p class=\"pdp-sidebar-popin-details_subtitle\">SCHN\u00dcRSENSYSTEM<\/p>\n<p><b>quickLACE\u2122<\/b>: D\u00fcnner, stabiler Schn\u00fcrsenkel f\u00fcr die Schn\u00fcrung mit einem Zug. Vereinfacht das An- und Ausziehen des Schuhs.<\/p>\n<\/div>\n<div class=\"pdp-gap-m\">\n<p class=\"pdp-sidebar-popin-details_subtitle\">MEMBRANE<\/p>\n<p><b>GORE-TEX\u00ae<\/b>: GORE-TEX\u00ae h\u00e4lt die F\u00fc\u00dfe trocken, innen und au\u00dfen.<\/p>\n<\/div>\n<div class=\"pdp-gap-m\">\n<p class=\"pdp-sidebar-popin-details_subtitle\">NACHHALTIGKEIT<\/p>\n<p><b>Recyceltes<\/b> Material: Materialien, die aus recycelten Produkten wie PET-Flaschen oder Materialabf\u00e4llen gewonnen werden<\/p>\n<h2><\/h2>\n<h2 style=\"text-align: center;\">Laufleistung<\/h2>\n<p>Der Schuh basiert auf einer spritzigen und komfortablen Zwischensohlenmischung, die Biss und Explosivit\u00e4t beim Sprinten bietet und gleichzeitig die Landungen f\u00fcr einen fl\u00fcssigen Schritt d\u00e4mpft.<\/p>\n<h2 style=\"text-align: center;\">Grip<\/h2>\n<p>Aggressive, 5 mm tiefe Profilbl\u00f6cke garantieren ein ausgezeichnetes Ma\u00df an Grip und Traktion auf allen Arten von technischem Terrain und Oberfl\u00e4chen.<\/p>\n<h2 style=\"text-align: center;\">Wasserdichtigkeit und Schutz vor den Elementen<\/h2>\n<p>Wasserdichte und atmungsaktive Gore-Tex-Membran f\u00fcr trockene und bequeme F\u00fc\u00dfe auch unter schwierigen Bedingungen und auf schlammigem Terrain.<\/p>\n<\/div>\n<p><\/div><\/div><\/div>\n","protected":false},"excerpt":{"rendered":"<ul>\n<li>Idealer Schuh f\u00fcr Trails und Wanderungen.<\/li>\n<li>Ideal f\u00fcr technische Trails.<\/li>\n<li>Wasserdichtes Gore-Tex Obermaterial.<\/li>\n<\/ul>\n","protected":false},"featured_media":208986,"template":"","meta":{"_acf_changed":false,"inline_featured_image":false},"product_brand":[],"product_cat":[6474,6491],"product_tag":[20480,20485],"class_list":{"0":"post-207607","1":"product","2":"type-product","3":"status-publish","4":"has-post-thumbnail","6":"product_cat-damenschuhe","7":"product_cat-damentrailschuhe","8":"product_tag-salomon-de","9":"product_tag-salomon-damen","10":"pa_attivita-outdoor-de","11":"pa_attivita-trail-de","12":"pa_colore-thundercross-gtx-w-black-black-pin-de","13":"pa_marca-salomon-de","14":"pa_sesso-damen","15":"pa_size-38-de","16":"pa_size-41-de","18":"first","19":"instock","20":"sale","21":"taxable","22":"shipping-taxable","23":"purchasable","24":"product-type-variable","25":"wvs-archive-product-wrapper"},"acf":[],"yoast_head":"<!-- This site is optimized with the Yoast SEO plugin v26.8 - https:\/\/yoast.com\/product\/yoast-seo-wordpress\/ -->\n<title>Salomon Thundercross GTX damen - Damen-Trail-Schuhe - MioMioRun.com<\/title>\n<meta name=\"description\" content=\"Der Thundercross GORE-TEX f\u00fcr Damen wurde f\u00fcr dynamische, ged\u00e4mpfte Schritte entwickelt und ist ein wasserdichter Trail-Schuh mit hervorragendem Grip und Halt.\" \/>\n<meta name=\"robots\" content=\"index, follow, max-snippet:-1, max-image-preview:large, max-video-preview:-1\" \/>\n<link rel=\"canonical\" href=\"https:\/\/www.miomiorun.com\/de\/produkt\/thundercross-gtx-damen\/\" \/>\n<meta property=\"og:locale\" content=\"de_DE\" \/>\n<meta property=\"og:type\" content=\"article\" \/>\n<meta property=\"og:title\" content=\"Salomon Thundercross GTX damen - Damen-Trail-Schuhe - MioMioRun.com\" \/>\n<meta property=\"og:description\" content=\"Der Thundercross GORE-TEX f\u00fcr Damen wurde f\u00fcr dynamische, ged\u00e4mpfte Schritte entwickelt und ist ein wasserdichter Trail-Schuh mit hervorragendem Grip und Halt.\" \/>\n<meta property=\"og:url\" content=\"https:\/\/www.miomiorun.com\/de\/produkt\/thundercross-gtx-damen\/\" \/>\n<meta property=\"og:site_name\" content=\"MioMioRun\" \/>\n<meta property=\"article:publisher\" content=\"https:\/\/www.facebook.com\/miomiorun\/\" \/>\n<meta property=\"article:modified_time\" content=\"2026-05-08T20:19:03+00:00\" \/>\n<meta property=\"og:image\" content=\"https:\/\/www.miomiorun.com\/app\/uploads\/2024\/10\/salomon-Thundercross-GTX-W-black-black-pin-L47383500.webp\" \/>\n\t<meta property=\"og:image:width\" content=\"600\" \/>\n\t<meta property=\"og:image:height\" content=\"600\" \/>\n\t<meta property=\"og:image:type\" content=\"image\/webp\" \/>\n<meta name=\"twitter:card\" content=\"summary_large_image\" \/>\n<meta name=\"twitter:label1\" content=\"Est. reading time\" \/>\n\t<meta name=\"twitter:data1\" content=\"2 minutes\" \/>\n<script type=\"application\/ld+json\" class=\"yoast-schema-graph\">{\"@context\":\"https:\/\/schema.org\",\"@graph\":[{\"@type\":\"WebPage\",\"@id\":\"https:\/\/www.miomiorun.com\/de\/produkt\/thundercross-gtx-damen\/\",\"url\":\"https:\/\/www.miomiorun.com\/de\/produkt\/thundercross-gtx-damen\/\",\"name\":\"Salomon Thundercross GTX damen - Damen-Trail-Schuhe - MioMioRun.com\",\"isPartOf\":{\"@id\":\"https:\/\/www.miomiorun.com\/de\/#website\"},\"primaryImageOfPage\":{\"@id\":\"https:\/\/www.miomiorun.com\/de\/produkt\/thundercross-gtx-damen\/#primaryimage\"},\"image\":{\"@id\":\"https:\/\/www.miomiorun.com\/de\/produkt\/thundercross-gtx-damen\/#primaryimage\"},\"thumbnailUrl\":\"https:\/\/www.miomiorun.com\/app\/uploads\/2024\/10\/salomon-Thundercross-GTX-W-black-black-pin-L47383500.webp\",\"datePublished\":\"2024-10-04T15:29:27+00:00\",\"dateModified\":\"2026-05-08T20:19:03+00:00\",\"description\":\"Der Thundercross GORE-TEX f\u00fcr Damen wurde f\u00fcr dynamische, ged\u00e4mpfte Schritte entwickelt und ist ein wasserdichter Trail-Schuh mit hervorragendem Grip und Halt.\",\"breadcrumb\":{\"@id\":\"https:\/\/www.miomiorun.com\/de\/produkt\/thundercross-gtx-damen\/#breadcrumb\"},\"inLanguage\":\"de-DE\",\"potentialAction\":[{\"@type\":\"ReadAction\",\"target\":[\"https:\/\/www.miomiorun.com\/de\/produkt\/thundercross-gtx-damen\/\"]}]},{\"@type\":\"ImageObject\",\"inLanguage\":\"de-DE\",\"@id\":\"https:\/\/www.miomiorun.com\/de\/produkt\/thundercross-gtx-damen\/#primaryimage\",\"url\":\"https:\/\/www.miomiorun.com\/app\/uploads\/2024\/10\/salomon-Thundercross-GTX-W-black-black-pin-L47383500.webp\",\"contentUrl\":\"https:\/\/www.miomiorun.com\/app\/uploads\/2024\/10\/salomon-Thundercross-GTX-W-black-black-pin-L47383500.webp\",\"width\":600,\"height\":600,\"caption\":\"salomon Thundercross GTX W black black pin L47383500\"},{\"@type\":\"BreadcrumbList\",\"@id\":\"https:\/\/www.miomiorun.com\/de\/produkt\/thundercross-gtx-damen\/#breadcrumb\",\"itemListElement\":[{\"@type\":\"ListItem\",\"position\":1,\"name\":\"Home\",\"item\":\"https:\/\/www.miomiorun.com\/de\/\"},{\"@type\":\"ListItem\",\"position\":2,\"name\":\"Shop\",\"item\":\"https:\/\/www.miomiorun.com\/shop\/\"},{\"@type\":\"ListItem\",\"position\":3,\"name\":\"Thundercross GTX damen\"}]},{\"@type\":\"WebSite\",\"@id\":\"https:\/\/www.miomiorun.com\/de\/#website\",\"url\":\"https:\/\/www.miomiorun.com\/de\/\",\"name\":\"MioMioRun\",\"description\":\"100% Lauf- und Trailshop\",\"publisher\":{\"@id\":\"https:\/\/www.miomiorun.com\/de\/#organization\"},\"potentialAction\":[{\"@type\":\"SearchAction\",\"target\":{\"@type\":\"EntryPoint\",\"urlTemplate\":\"https:\/\/www.miomiorun.com\/de\/?s={search_term_string}\"},\"query-input\":{\"@type\":\"PropertyValueSpecification\",\"valueRequired\":true,\"valueName\":\"search_term_string\"}}],\"inLanguage\":\"de-DE\"},{\"@type\":\"Organization\",\"@id\":\"https:\/\/www.miomiorun.com\/de\/#organization\",\"name\":\"MioMio Run\",\"url\":\"https:\/\/www.miomiorun.com\/de\/\",\"logo\":{\"@type\":\"ImageObject\",\"inLanguage\":\"de-DE\",\"@id\":\"https:\/\/www.miomiorun.com\/de\/#\/schema\/logo\/image\/\",\"url\":\"https:\/\/www.miomiorun.com\/app\/uploads\/2019\/12\/logomio.png\",\"contentUrl\":\"https:\/\/www.miomiorun.com\/app\/uploads\/2019\/12\/logomio.png\",\"width\":115,\"height\":82,\"caption\":\"MioMio Run\"},\"image\":{\"@id\":\"https:\/\/www.miomiorun.com\/de\/#\/schema\/logo\/image\/\"},\"sameAs\":[\"https:\/\/www.facebook.com\/miomiorun\/\",\"https:\/\/www.instagram.com\/miomiorun\/\"]}]}<\/script>\n<!-- \/ Yoast SEO plugin. -->","yoast_head_json":{"title":"Salomon Thundercross GTX damen - Damen-Trail-Schuhe - MioMioRun.com","description":"Der Thundercross GORE-TEX f\u00fcr Damen wurde f\u00fcr dynamische, ged\u00e4mpfte Schritte entwickelt und ist ein wasserdichter Trail-Schuh mit hervorragendem Grip und Halt.","robots":{"index":"index","follow":"follow","max-snippet":"max-snippet:-1","max-image-preview":"max-image-preview:large","max-video-preview":"max-video-preview:-1"},"canonical":"https:\/\/www.miomiorun.com\/de\/produkt\/thundercross-gtx-damen\/","og_locale":"de_DE","og_type":"article","og_title":"Salomon Thundercross GTX damen - Damen-Trail-Schuhe - MioMioRun.com","og_description":"Der Thundercross GORE-TEX f\u00fcr Damen wurde f\u00fcr dynamische, ged\u00e4mpfte Schritte entwickelt und ist ein wasserdichter Trail-Schuh mit hervorragendem Grip und Halt.","og_url":"https:\/\/www.miomiorun.com\/de\/produkt\/thundercross-gtx-damen\/","og_site_name":"MioMioRun","article_publisher":"https:\/\/www.facebook.com\/miomiorun\/","article_modified_time":"2026-05-08T20:19:03+00:00","og_image":[{"width":600,"height":600,"url":"https:\/\/www.miomiorun.com\/app\/uploads\/2024\/10\/salomon-Thundercross-GTX-W-black-black-pin-L47383500.webp","type":"image\/webp"}],"twitter_card":"summary_large_image","twitter_misc":{"Est. reading time":"2 minutes"},"schema":{"@context":"https:\/\/schema.org","@graph":[{"@type":"WebPage","@id":"https:\/\/www.miomiorun.com\/de\/produkt\/thundercross-gtx-damen\/","url":"https:\/\/www.miomiorun.com\/de\/produkt\/thundercross-gtx-damen\/","name":"Salomon Thundercross GTX damen - Damen-Trail-Schuhe - MioMioRun.com","isPartOf":{"@id":"https:\/\/www.miomiorun.com\/de\/#website"},"primaryImageOfPage":{"@id":"https:\/\/www.miomiorun.com\/de\/produkt\/thundercross-gtx-damen\/#primaryimage"},"image":{"@id":"https:\/\/www.miomiorun.com\/de\/produkt\/thundercross-gtx-damen\/#primaryimage"},"thumbnailUrl":"https:\/\/www.miomiorun.com\/app\/uploads\/2024\/10\/salomon-Thundercross-GTX-W-black-black-pin-L47383500.webp","datePublished":"2024-10-04T15:29:27+00:00","dateModified":"2026-05-08T20:19:03+00:00","description":"Der Thundercross GORE-TEX f\u00fcr Damen wurde f\u00fcr dynamische, ged\u00e4mpfte Schritte entwickelt und ist ein wasserdichter Trail-Schuh mit hervorragendem Grip und Halt.","breadcrumb":{"@id":"https:\/\/www.miomiorun.com\/de\/produkt\/thundercross-gtx-damen\/#breadcrumb"},"inLanguage":"de-DE","potentialAction":[{"@type":"ReadAction","target":["https:\/\/www.miomiorun.com\/de\/produkt\/thundercross-gtx-damen\/"]}]},{"@type":"ImageObject","inLanguage":"de-DE","@id":"https:\/\/www.miomiorun.com\/de\/produkt\/thundercross-gtx-damen\/#primaryimage","url":"https:\/\/www.miomiorun.com\/app\/uploads\/2024\/10\/salomon-Thundercross-GTX-W-black-black-pin-L47383500.webp","contentUrl":"https:\/\/www.miomiorun.com\/app\/uploads\/2024\/10\/salomon-Thundercross-GTX-W-black-black-pin-L47383500.webp","width":600,"height":600,"caption":"salomon Thundercross GTX W black black pin L47383500"},{"@type":"BreadcrumbList","@id":"https:\/\/www.miomiorun.com\/de\/produkt\/thundercross-gtx-damen\/#breadcrumb","itemListElement":[{"@type":"ListItem","position":1,"name":"Home","item":"https:\/\/www.miomiorun.com\/de\/"},{"@type":"ListItem","position":2,"name":"Shop","item":"https:\/\/www.miomiorun.com\/shop\/"},{"@type":"ListItem","position":3,"name":"Thundercross GTX damen"}]},{"@type":"WebSite","@id":"https:\/\/www.miomiorun.com\/de\/#website","url":"https:\/\/www.miomiorun.com\/de\/","name":"MioMioRun","description":"100% Lauf- und Trailshop","publisher":{"@id":"https:\/\/www.miomiorun.com\/de\/#organization"},"potentialAction":[{"@type":"SearchAction","target":{"@type":"EntryPoint","urlTemplate":"https:\/\/www.miomiorun.com\/de\/?s={search_term_string}"},"query-input":{"@type":"PropertyValueSpecification","valueRequired":true,"valueName":"search_term_string"}}],"inLanguage":"de-DE"},{"@type":"Organization","@id":"https:\/\/www.miomiorun.com\/de\/#organization","name":"MioMio Run","url":"https:\/\/www.miomiorun.com\/de\/","logo":{"@type":"ImageObject","inLanguage":"de-DE","@id":"https:\/\/www.miomiorun.com\/de\/#\/schema\/logo\/image\/","url":"https:\/\/www.miomiorun.com\/app\/uploads\/2019\/12\/logomio.png","contentUrl":"https:\/\/www.miomiorun.com\/app\/uploads\/2019\/12\/logomio.png","width":115,"height":82,"caption":"MioMio Run"},"image":{"@id":"https:\/\/www.miomiorun.com\/de\/#\/schema\/logo\/image\/"},"sameAs":["https:\/\/www.facebook.com\/miomiorun\/","https:\/\/www.instagram.com\/miomiorun\/"]}]}},"_links":{"self":[{"href":"https:\/\/www.miomiorun.com\/de\/wp-json\/wp\/v2\/product\/207607","targetHints":{"allow":["GET"]}}],"collection":[{"href":"https:\/\/www.miomiorun.com\/de\/wp-json\/wp\/v2\/product"}],"about":[{"href":"https:\/\/www.miomiorun.com\/de\/wp-json\/wp\/v2\/types\/product"}],"wp:featuredmedia":[{"embeddable":true,"href":"https:\/\/www.miomiorun.com\/de\/wp-json\/wp\/v2\/media\/208986"}],"wp:attachment":[{"href":"https:\/\/www.miomiorun.com\/de\/wp-json\/wp\/v2\/media?parent=207607"}],"wp:term":[{"taxonomy":"product_brand","embeddable":true,"href":"https:\/\/www.miomiorun.com\/de\/wp-json\/wp\/v2\/product_brand?post=207607"},{"taxonomy":"product_cat","embeddable":true,"href":"https:\/\/www.miomiorun.com\/de\/wp-json\/wp\/v2\/product_cat?post=207607"},{"taxonomy":"product_tag","embeddable":true,"href":"https:\/\/www.miomiorun.com\/de\/wp-json\/wp\/v2\/product_tag?post=207607"}],"curies":[{"name":"wp","href":"https:\/\/api.w.org\/{rel}","templated":true}]}}