{"id":206993,"date":"2024-10-03T15:10:29","date_gmt":"2024-10-03T13:10:29","guid":{"rendered":"https:\/\/miomiorun.com\/?post_type=product&#038;p=206993"},"modified":"2025-03-14T11:47:38","modified_gmt":"2025-03-14T10:47:38","slug":"run-visible-insulated-vest-2-0-herren","status":"publish","type":"product","link":"https:\/\/www.miomiorun.com\/de\/produkt\/run-visible-insulated-vest-2-0-herren\/","title":{"rendered":"Run Visible Insulated Vest 2.0 herren"},"content":{"rendered":"<h2>Niedrige Temperaturen und wenig Licht? Entscheiden Sie sich f\u00fcr diese isolierende Weste f\u00fcr M\u00e4nner.<\/h2>\n<p>GO\u2082 Warmes\u1d40\u1d39\u1d40\u1d40\u1d39 Gewebe und 120 g THERMOLITE\u00ae-Isolierung speichern die W\u00e4rme f\u00fcr optimalen Komfort, w\u00e4hrend das gut sichtbare Design auch bei schlechten Lichtverh\u00e4ltnissen f\u00fcr Sicherheit sorgt.<\/p>\n<h3>Passform<\/h3>\n<ul>\n<li>Semi-adh\u00e4rent.<\/li>\n<\/ul>\n<h3>Nachhaltigkeit<\/h3>\n<ul>\n<li>7 Plastikflaschen, die nicht auf der M\u00fclldeponie landen<\/li>\n<\/ul>\n<p>&nbsp;<\/p>\n<p dir=\"ltr\" data-placeholder=\"Traduzione\"><strong>IDEAL F\u00dcR :<\/strong><\/p>\n<p dir=\"ltr\" data-placeholder=\"Traduzione\"><img loading=\"lazy\" decoding=\"async\" class=\"a-responsive-image__img\" src=\"https:\/\/www.brooksrunning.com\/on\/demandware.static\/-\/Sites-brooks-master-catalog\/default\/dw568ee9ad\/specs\/PDP-BestFor-FTW-APP-Visible-In-The-Dark.svg\" alt=\"\" width=\"40\" height=\"40\" \/><\/p>\n<p dir=\"ltr\" data-placeholder=\"Traduzione\">Laufen in der Dunkelheit<\/p>\n<p dir=\"ltr\" data-placeholder=\"Traduzione\"><img loading=\"lazy\" decoding=\"async\" class=\"a-responsive-image__img\" src=\"https:\/\/www.brooksrunning.com\/on\/demandware.static\/-\/Sites-brooks-master-catalog\/default\/dw76d19a15\/specs\/PDP-BestFor-APP-Warmth.svg\" alt=\"\" width=\"40\" height=\"40\" \/><\/p>\n<p dir=\"ltr\" data-placeholder=\"Traduzione\">Niedrige Temperaturen<\/p>\n<div class=\"m-long-description__best-for-icon\" aria-hidden=\"true\"><img loading=\"lazy\" decoding=\"async\" class=\"a-responsive-image__img\" src=\"https:\/\/www.brooksrunning.com\/on\/demandware.static\/-\/Sites-brooks-master-catalog\/default\/dwce073625\/specs\/PDP-BestFor-APP-Layering.svg\" alt=\"\" width=\"37\" height=\"37\" \/><\/div>\n<div aria-hidden=\"true\">Mehrschichtige Kleidung<\/div>\n<div aria-hidden=\"true\"><\/div>\n<div aria-hidden=\"true\"><\/div>\n<div aria-hidden=\"true\">\n<div class=\"m-long-description__best-for-icon\" aria-hidden=\"true\"><img loading=\"lazy\" decoding=\"async\" class=\"a-responsive-image__img\" src=\"https:\/\/www.brooksrunning.com\/on\/demandware.static\/-\/Sites-brooks-master-catalog\/default\/dw500bc82d\/specs\/PDP-BestFor-APP-BRA-Storage.svg\" alt=\"\" width=\"35\" height=\"35\" \/><\/div>\n<div aria-hidden=\"true\">Raum<\/div>\n<\/div>\n<div aria-hidden=\"true\"><\/div>\n<p><strong>FEATURES:<\/strong><\/p>\n<ul class=\"m-long-description__features\">\n<li class=\"m-long-description__feature\">\n<div class=\"m-long-description__feature--bullets\" aria-hidden=\"true\">Sichtbar in der Dunkelheit<\/div>\n<\/li>\n<li class=\"m-long-description__feature\">\n<div class=\"m-long-description__feature--bullets\" aria-hidden=\"true\">Warm und isolierend<\/div>\n<\/li>\n<li class=\"m-long-description__feature\">\n<div class=\"m-long-description__feature--bullets\" aria-hidden=\"true\">Ihr pers\u00f6nliches Hab und Gut sicher<\/div>\n<\/li>\n<\/ul>\n<p>&nbsp;<\/p>\n","protected":false},"excerpt":{"rendered":"<ul class=\"m-long-description__features\">\n<li class=\"m-long-description__feature\">Sichtbar im Dunkeln<\/li>\n<li class=\"m-long-description__feature\">Hitze- und witterungsbest\u00e4ndig<\/li>\n<li class=\"m-long-description__feature\">Bequemer Stauraum<\/li>\n<\/ul>\n","protected":false},"featured_media":207854,"template":"","meta":{"_acf_changed":false,"inline_featured_image":false},"product_brand":[],"product_cat":[6515,6540,6512],"product_tag":[3362,6207],"class_list":{"0":"post-206993","1":"product","2":"type-product","3":"status-publish","4":"has-post-thumbnail","6":"product_cat-herren-de","7":"product_cat-herrenbekleidung","8":"product_cat-jacken","9":"product_tag-brooks-de","10":"product_tag-brooks-herren-de","11":"pa_attivita-gehen","12":"pa_attivita-running-de","13":"pa_colore-run-visible-insulated-vest-2-0-ecru-fluo-de","14":"pa_marca-brooks-de","15":"pa_sesso-herren","16":"pa_size-small-de","18":"first","19":"instock","20":"sale","21":"taxable","22":"shipping-taxable","23":"purchasable","24":"product-type-variable","25":"wvs-archive-product-wrapper"},"acf":[],"yoast_head":"<!-- This site is optimized with the Yoast SEO plugin v26.8 - https:\/\/yoast.com\/product\/yoast-seo-wordpress\/ -->\n<title>Brooks Run Visible Insulated Vest 2.0 herren - Laufweste - MioMioRun<\/title>\n<meta name=\"description\" content=\"Niedrige Temperaturen und wenig Licht? Das GO\u2082 Warm\u1d40\u1d39\u1d40\u1d39-Gewebe speichert die W\u00e4rme, damit Sie sich wohl f\u00fchlen.\" \/>\n<meta name=\"robots\" content=\"index, follow, max-snippet:-1, max-image-preview:large, max-video-preview:-1\" \/>\n<link rel=\"canonical\" href=\"https:\/\/www.miomiorun.com\/de\/produkt\/run-visible-insulated-vest-2-0-herren\/\" \/>\n<meta property=\"og:locale\" content=\"de_DE\" \/>\n<meta property=\"og:type\" content=\"article\" \/>\n<meta property=\"og:title\" content=\"Brooks Run Visible Insulated Vest 2.0 herren - Laufweste - MioMioRun\" \/>\n<meta property=\"og:description\" content=\"Niedrige Temperaturen und wenig Licht? Das GO\u2082 Warm\u1d40\u1d39\u1d40\u1d39-Gewebe speichert die W\u00e4rme, damit Sie sich wohl f\u00fchlen.\" \/>\n<meta property=\"og:url\" content=\"https:\/\/www.miomiorun.com\/de\/produkt\/run-visible-insulated-vest-2-0-herren\/\" \/>\n<meta property=\"og:site_name\" content=\"MioMioRun\" \/>\n<meta property=\"article:publisher\" content=\"https:\/\/www.facebook.com\/miomiorun\/\" \/>\n<meta property=\"article:modified_time\" content=\"2025-03-14T10:47:38+00:00\" \/>\n<meta property=\"og:image\" content=\"https:\/\/www.miomiorun.com\/app\/uploads\/2024\/10\/brooks-Run-visible-insulated-vest-2.0-ecru-fluo-211518167.webp\" \/>\n\t<meta property=\"og:image:width\" content=\"600\" \/>\n\t<meta property=\"og:image:height\" content=\"600\" \/>\n\t<meta property=\"og:image:type\" content=\"image\/webp\" \/>\n<meta name=\"twitter:card\" content=\"summary_large_image\" \/>\n<meta name=\"twitter:label1\" content=\"Est. reading time\" \/>\n\t<meta name=\"twitter:data1\" content=\"1 minute\" \/>\n<script type=\"application\/ld+json\" class=\"yoast-schema-graph\">{\"@context\":\"https:\/\/schema.org\",\"@graph\":[{\"@type\":\"WebPage\",\"@id\":\"https:\/\/www.miomiorun.com\/de\/produkt\/run-visible-insulated-vest-2-0-herren\/\",\"url\":\"https:\/\/www.miomiorun.com\/de\/produkt\/run-visible-insulated-vest-2-0-herren\/\",\"name\":\"Brooks Run Visible Insulated Vest 2.0 herren - Laufweste - MioMioRun\",\"isPartOf\":{\"@id\":\"https:\/\/www.miomiorun.com\/de\/#website\"},\"primaryImageOfPage\":{\"@id\":\"https:\/\/www.miomiorun.com\/de\/produkt\/run-visible-insulated-vest-2-0-herren\/#primaryimage\"},\"image\":{\"@id\":\"https:\/\/www.miomiorun.com\/de\/produkt\/run-visible-insulated-vest-2-0-herren\/#primaryimage\"},\"thumbnailUrl\":\"https:\/\/www.miomiorun.com\/app\/uploads\/2024\/10\/brooks-Run-visible-insulated-vest-2.0-ecru-fluo-211518167.webp\",\"datePublished\":\"2024-10-03T13:10:29+00:00\",\"dateModified\":\"2025-03-14T10:47:38+00:00\",\"description\":\"Niedrige Temperaturen und wenig Licht? Das GO\u2082 Warm\u1d40\u1d39\u1d40\u1d39-Gewebe speichert die W\u00e4rme, damit Sie sich wohl f\u00fchlen.\",\"breadcrumb\":{\"@id\":\"https:\/\/www.miomiorun.com\/de\/produkt\/run-visible-insulated-vest-2-0-herren\/#breadcrumb\"},\"inLanguage\":\"de-DE\",\"potentialAction\":[{\"@type\":\"ReadAction\",\"target\":[\"https:\/\/www.miomiorun.com\/de\/produkt\/run-visible-insulated-vest-2-0-herren\/\"]}]},{\"@type\":\"ImageObject\",\"inLanguage\":\"de-DE\",\"@id\":\"https:\/\/www.miomiorun.com\/de\/produkt\/run-visible-insulated-vest-2-0-herren\/#primaryimage\",\"url\":\"https:\/\/www.miomiorun.com\/app\/uploads\/2024\/10\/brooks-Run-visible-insulated-vest-2.0-ecru-fluo-211518167.webp\",\"contentUrl\":\"https:\/\/www.miomiorun.com\/app\/uploads\/2024\/10\/brooks-Run-visible-insulated-vest-2.0-ecru-fluo-211518167.webp\",\"width\":600,\"height\":600,\"caption\":\"brooks Run visible insulated vest 2.0 ecru fluo 211518167\"},{\"@type\":\"BreadcrumbList\",\"@id\":\"https:\/\/www.miomiorun.com\/de\/produkt\/run-visible-insulated-vest-2-0-herren\/#breadcrumb\",\"itemListElement\":[{\"@type\":\"ListItem\",\"position\":1,\"name\":\"Home\",\"item\":\"https:\/\/www.miomiorun.com\/de\/\"},{\"@type\":\"ListItem\",\"position\":2,\"name\":\"Shop\",\"item\":\"https:\/\/www.miomiorun.com\/shop\/\"},{\"@type\":\"ListItem\",\"position\":3,\"name\":\"Run Visible Insulated Vest 2.0 herren\"}]},{\"@type\":\"WebSite\",\"@id\":\"https:\/\/www.miomiorun.com\/de\/#website\",\"url\":\"https:\/\/www.miomiorun.com\/de\/\",\"name\":\"MioMioRun\",\"description\":\"100% Lauf- und Trailshop\",\"publisher\":{\"@id\":\"https:\/\/www.miomiorun.com\/de\/#organization\"},\"potentialAction\":[{\"@type\":\"SearchAction\",\"target\":{\"@type\":\"EntryPoint\",\"urlTemplate\":\"https:\/\/www.miomiorun.com\/de\/?s={search_term_string}\"},\"query-input\":{\"@type\":\"PropertyValueSpecification\",\"valueRequired\":true,\"valueName\":\"search_term_string\"}}],\"inLanguage\":\"de-DE\"},{\"@type\":\"Organization\",\"@id\":\"https:\/\/www.miomiorun.com\/de\/#organization\",\"name\":\"MioMio Run\",\"url\":\"https:\/\/www.miomiorun.com\/de\/\",\"logo\":{\"@type\":\"ImageObject\",\"inLanguage\":\"de-DE\",\"@id\":\"https:\/\/www.miomiorun.com\/de\/#\/schema\/logo\/image\/\",\"url\":\"https:\/\/www.miomiorun.com\/app\/uploads\/2019\/12\/logomio.png\",\"contentUrl\":\"https:\/\/www.miomiorun.com\/app\/uploads\/2019\/12\/logomio.png\",\"width\":115,\"height\":82,\"caption\":\"MioMio Run\"},\"image\":{\"@id\":\"https:\/\/www.miomiorun.com\/de\/#\/schema\/logo\/image\/\"},\"sameAs\":[\"https:\/\/www.facebook.com\/miomiorun\/\",\"https:\/\/www.instagram.com\/miomiorun\/\"]}]}<\/script>\n<!-- \/ Yoast SEO plugin. -->","yoast_head_json":{"title":"Brooks Run Visible Insulated Vest 2.0 herren - Laufweste - MioMioRun","description":"Niedrige Temperaturen und wenig Licht? Das GO\u2082 Warm\u1d40\u1d39\u1d40\u1d39-Gewebe speichert die W\u00e4rme, damit Sie sich wohl f\u00fchlen.","robots":{"index":"index","follow":"follow","max-snippet":"max-snippet:-1","max-image-preview":"max-image-preview:large","max-video-preview":"max-video-preview:-1"},"canonical":"https:\/\/www.miomiorun.com\/de\/produkt\/run-visible-insulated-vest-2-0-herren\/","og_locale":"de_DE","og_type":"article","og_title":"Brooks Run Visible Insulated Vest 2.0 herren - Laufweste - MioMioRun","og_description":"Niedrige Temperaturen und wenig Licht? Das GO\u2082 Warm\u1d40\u1d39\u1d40\u1d39-Gewebe speichert die W\u00e4rme, damit Sie sich wohl f\u00fchlen.","og_url":"https:\/\/www.miomiorun.com\/de\/produkt\/run-visible-insulated-vest-2-0-herren\/","og_site_name":"MioMioRun","article_publisher":"https:\/\/www.facebook.com\/miomiorun\/","article_modified_time":"2025-03-14T10:47:38+00:00","og_image":[{"width":600,"height":600,"url":"https:\/\/www.miomiorun.com\/app\/uploads\/2024\/10\/brooks-Run-visible-insulated-vest-2.0-ecru-fluo-211518167.webp","type":"image\/webp"}],"twitter_card":"summary_large_image","twitter_misc":{"Est. reading time":"1 minute"},"schema":{"@context":"https:\/\/schema.org","@graph":[{"@type":"WebPage","@id":"https:\/\/www.miomiorun.com\/de\/produkt\/run-visible-insulated-vest-2-0-herren\/","url":"https:\/\/www.miomiorun.com\/de\/produkt\/run-visible-insulated-vest-2-0-herren\/","name":"Brooks Run Visible Insulated Vest 2.0 herren - Laufweste - MioMioRun","isPartOf":{"@id":"https:\/\/www.miomiorun.com\/de\/#website"},"primaryImageOfPage":{"@id":"https:\/\/www.miomiorun.com\/de\/produkt\/run-visible-insulated-vest-2-0-herren\/#primaryimage"},"image":{"@id":"https:\/\/www.miomiorun.com\/de\/produkt\/run-visible-insulated-vest-2-0-herren\/#primaryimage"},"thumbnailUrl":"https:\/\/www.miomiorun.com\/app\/uploads\/2024\/10\/brooks-Run-visible-insulated-vest-2.0-ecru-fluo-211518167.webp","datePublished":"2024-10-03T13:10:29+00:00","dateModified":"2025-03-14T10:47:38+00:00","description":"Niedrige Temperaturen und wenig Licht? Das GO\u2082 Warm\u1d40\u1d39\u1d40\u1d39-Gewebe speichert die W\u00e4rme, damit Sie sich wohl f\u00fchlen.","breadcrumb":{"@id":"https:\/\/www.miomiorun.com\/de\/produkt\/run-visible-insulated-vest-2-0-herren\/#breadcrumb"},"inLanguage":"de-DE","potentialAction":[{"@type":"ReadAction","target":["https:\/\/www.miomiorun.com\/de\/produkt\/run-visible-insulated-vest-2-0-herren\/"]}]},{"@type":"ImageObject","inLanguage":"de-DE","@id":"https:\/\/www.miomiorun.com\/de\/produkt\/run-visible-insulated-vest-2-0-herren\/#primaryimage","url":"https:\/\/www.miomiorun.com\/app\/uploads\/2024\/10\/brooks-Run-visible-insulated-vest-2.0-ecru-fluo-211518167.webp","contentUrl":"https:\/\/www.miomiorun.com\/app\/uploads\/2024\/10\/brooks-Run-visible-insulated-vest-2.0-ecru-fluo-211518167.webp","width":600,"height":600,"caption":"brooks Run visible insulated vest 2.0 ecru fluo 211518167"},{"@type":"BreadcrumbList","@id":"https:\/\/www.miomiorun.com\/de\/produkt\/run-visible-insulated-vest-2-0-herren\/#breadcrumb","itemListElement":[{"@type":"ListItem","position":1,"name":"Home","item":"https:\/\/www.miomiorun.com\/de\/"},{"@type":"ListItem","position":2,"name":"Shop","item":"https:\/\/www.miomiorun.com\/shop\/"},{"@type":"ListItem","position":3,"name":"Run Visible Insulated Vest 2.0 herren"}]},{"@type":"WebSite","@id":"https:\/\/www.miomiorun.com\/de\/#website","url":"https:\/\/www.miomiorun.com\/de\/","name":"MioMioRun","description":"100% Lauf- und Trailshop","publisher":{"@id":"https:\/\/www.miomiorun.com\/de\/#organization"},"potentialAction":[{"@type":"SearchAction","target":{"@type":"EntryPoint","urlTemplate":"https:\/\/www.miomiorun.com\/de\/?s={search_term_string}"},"query-input":{"@type":"PropertyValueSpecification","valueRequired":true,"valueName":"search_term_string"}}],"inLanguage":"de-DE"},{"@type":"Organization","@id":"https:\/\/www.miomiorun.com\/de\/#organization","name":"MioMio Run","url":"https:\/\/www.miomiorun.com\/de\/","logo":{"@type":"ImageObject","inLanguage":"de-DE","@id":"https:\/\/www.miomiorun.com\/de\/#\/schema\/logo\/image\/","url":"https:\/\/www.miomiorun.com\/app\/uploads\/2019\/12\/logomio.png","contentUrl":"https:\/\/www.miomiorun.com\/app\/uploads\/2019\/12\/logomio.png","width":115,"height":82,"caption":"MioMio Run"},"image":{"@id":"https:\/\/www.miomiorun.com\/de\/#\/schema\/logo\/image\/"},"sameAs":["https:\/\/www.facebook.com\/miomiorun\/","https:\/\/www.instagram.com\/miomiorun\/"]}]}},"_links":{"self":[{"href":"https:\/\/www.miomiorun.com\/de\/wp-json\/wp\/v2\/product\/206993","targetHints":{"allow":["GET"]}}],"collection":[{"href":"https:\/\/www.miomiorun.com\/de\/wp-json\/wp\/v2\/product"}],"about":[{"href":"https:\/\/www.miomiorun.com\/de\/wp-json\/wp\/v2\/types\/product"}],"wp:featuredmedia":[{"embeddable":true,"href":"https:\/\/www.miomiorun.com\/de\/wp-json\/wp\/v2\/media\/207854"}],"wp:attachment":[{"href":"https:\/\/www.miomiorun.com\/de\/wp-json\/wp\/v2\/media?parent=206993"}],"wp:term":[{"taxonomy":"product_brand","embeddable":true,"href":"https:\/\/www.miomiorun.com\/de\/wp-json\/wp\/v2\/product_brand?post=206993"},{"taxonomy":"product_cat","embeddable":true,"href":"https:\/\/www.miomiorun.com\/de\/wp-json\/wp\/v2\/product_cat?post=206993"},{"taxonomy":"product_tag","embeddable":true,"href":"https:\/\/www.miomiorun.com\/de\/wp-json\/wp\/v2\/product_tag?post=206993"}],"curies":[{"name":"wp","href":"https:\/\/api.w.org\/{rel}","templated":true}]}}