{"id":206814,"date":"2024-10-03T14:41:09","date_gmt":"2024-10-03T12:41:09","guid":{"rendered":"https:\/\/miomiorun.com\/?post_type=product&#038;p=206814"},"modified":"2025-03-14T12:09:25","modified_gmt":"2025-03-14T11:09:25","slug":"run-visible-tight-2-0-damen","status":"publish","type":"product","link":"https:\/\/www.miomiorun.com\/de\/produkt\/run-visible-tight-2-0-damen\/","title":{"rendered":"Run Visible Tight 2.0 damen"},"content":{"rendered":"<h2>Mit diesen Lauftights f\u00fcr Frauen brauchst du die Elemente nicht zu f\u00fcrchten.<\/h2>\n<p>Die <strong>Run Visible 2.0. Tights<\/strong> haben ein gut sichtbares Design, bieten leichte W\u00e4rme und praktische Taschen f\u00fcr maximalen Laufkomfort, auch wenn es drau\u00dfen k\u00fchl und dunkel ist. Das leicht komprimierende Material garantiert einen stabilen und sicheren Sitz.<\/p>\n<h3>Passform<\/h3>\n<ul>\n<li>Eng anliegend.<\/li>\n<\/ul>\n<h3>Nachhaltigkeit<\/h3>\n<ul>\n<li>10 Plastikflaschen, die nicht auf der M\u00fclldeponie landen.<\/li>\n<\/ul>\n<p class=\"a-type-h4 m-long-description__label\"><strong>IDEAL F\u00dcR:<\/strong><\/p>\n<p>&nbsp;<\/p>\n<p><img loading=\"lazy\" decoding=\"async\" class=\"a-responsive-image__img\" src=\"https:\/\/www.brooksrunning.com\/on\/demandware.static\/-\/Sites-brooks-master-catalog\/default\/dw568ee9ad\/specs\/PDP-BestFor-FTW-APP-Visible-In-The-Dark.svg\" alt=\"\" width=\"51\" height=\"51\" \/><\/p>\n<p>Sichtbarkeit<\/p>\n<p>&nbsp;<\/p>\n<p><img loading=\"lazy\" decoding=\"async\" class=\"a-responsive-image__img\" src=\"https:\/\/www.brooksrunning.com\/on\/demandware.static\/-\/Sites-brooks-master-catalog\/default\/dw76d19a15\/specs\/PDP-BestFor-APP-Warmth.svg\" alt=\"\" width=\"50\" height=\"50\" \/><\/p>\n<p>Niedrige oder k\u00fchle Temperaturen<\/p>\n<p>&nbsp;<\/p>\n<div class=\"m-long-description__best-for-icon\" aria-hidden=\"true\"><img loading=\"lazy\" decoding=\"async\" class=\"a-responsive-image__img\" src=\"https:\/\/www.brooksrunning.com\/on\/demandware.static\/-\/Sites-brooks-master-catalog\/default\/dw4f254e91\/specs\/PDP-BestFor-APP-Slim-Fit.svg\" alt=\"\" width=\"50\" height=\"50\" \/><\/div>\n<div aria-hidden=\"true\">Komprimierung<\/div>\n<div aria-hidden=\"true\"><\/div>\n<div aria-hidden=\"true\"><\/div>\n<div aria-hidden=\"true\"><\/div>\n<div class=\"m-long-description__best-for-icon\" aria-hidden=\"true\"><img loading=\"lazy\" decoding=\"async\" class=\"a-responsive-image__img\" src=\"https:\/\/www.brooksrunning.com\/on\/demandware.static\/-\/Sites-brooks-master-catalog\/default\/dw500bc82d\/specs\/PDP-BestFor-APP-BRA-Storage.svg\" alt=\"\" width=\"50\" height=\"50\" \/><\/div>\n<div aria-hidden=\"true\">Raum<\/div>\n<p>&nbsp;<\/p>\n<p><strong>FEATURES:<\/strong><\/p>\n<ul>\n<li class=\"m-long-description__feature\">Sichtbar in der Dunkelheit<\/li>\n<li class=\"m-long-description__feature\">\n<div class=\"m-long-description__feature--bullets\" aria-hidden=\"true\">W\u00e4rme und Leichtigkeit<\/div>\n<\/li>\n<li class=\"m-long-description__feature\">\n<div class=\"m-long-description__feature--bullets\" aria-hidden=\"true\">Ihre pers\u00f6nlichen Gegenst\u00e4nde sind sicher<\/div>\n<\/li>\n<li class=\"m-long-description__feature\">\n<div class=\"m-long-description__feature--bullets\" aria-hidden=\"true\">Kordelzug zur Anpassung der Passform<\/div>\n<\/li>\n<\/ul>\n<p>&nbsp;<\/p>\n<div class=\"o-feature-callout__feature-copy\">\n<h2 class=\"a-type-h4 o-feature-callout__feature-eyebrow\">360\u00b0 Sichtbarkeit<\/h2>\n<h3 class=\"a-type-h3--big o-feature-callout__feature-header\">Sichtbar in der Dunkelheit<\/h3>\n<p class=\"a-type-p o-feature-callout__feature-body\">Reflektierende, fluoreszierende und kontrastreiche 3M\u2122 Scotchlite\u2122 Carbon Black Stretch-Eins\u00e4tze, die strategisch positioniert sind, damit die L\u00e4ufer f\u00fcr Autofahrer erkennbar sind.<\/p>\n<\/div>\n<div class=\"o-feature-callout__feature-copy\">\n<h2 class=\"a-type-h4 o-feature-callout__feature-eyebrow\">Ideale W\u00e4rme<\/h2>\n<h3 class=\"a-type-h3--big o-feature-callout__feature-header\">Bequeme Abdeckung<\/h3>\n<p class=\"a-type-p o-feature-callout__feature-body\">Der Stoff bietet ein ausgewogenes Verh\u00e4ltnis zwischen W\u00e4rme und Atmungsaktivit\u00e4t. Kompression und minimierte N\u00e4hte sorgen f\u00fcr ein gutes Gef\u00fchl an den Beinen.<\/p>\n<div class=\"o-feature-callout__feature-copy\">\n<h2 class=\"a-type-h4 o-feature-callout__feature-eyebrow\">\u00dcber Taschen<\/h2>\n<h3 class=\"a-type-h3--big o-feature-callout__feature-header\">Praktischer Stauraum<\/h3>\n<p class=\"a-type-p o-feature-callout__feature-body\">Eine Rei\u00dfverschlusstasche auf der linken Seite und eine Schlupftasche auf der rechten Seite erm\u00f6glichen es Ihnen, Ihre wichtigsten Dinge zu verstauen.<\/p>\n<\/div>\n<\/div>\n","protected":false},"excerpt":{"rendered":"<ul class=\"m-long-description__features\">\n<li class=\"m-long-description__feature\">Sichtbar in der Dunkelheit<\/li>\n<li class=\"m-long-description__feature\">Bequemer Bezug<\/li>\n<li class=\"m-long-description__feature\">Bequemer Stauraum<\/li>\n<\/ul>\n","protected":false},"featured_media":208062,"template":"","meta":{"_acf_changed":false,"inline_featured_image":false},"product_brand":[],"product_cat":[6401,6487],"product_tag":[3362,6205],"class_list":{"0":"post-206814","1":"product","2":"type-product","3":"status-publish","4":"has-post-thumbnail","6":"product_cat-damenbekleidung","7":"product_cat-damenhosen","8":"product_tag-brooks-de","9":"product_tag-brooks-damen-de","10":"pa_attivita-gehen","11":"pa_attivita-running-de","12":"pa_colore-run-visible-tight-2-0-w-black-fluoro-fla-de","13":"pa_marca-brooks-de","14":"pa_sesso-damen","15":"pa_size-extra-small-de","16":"pa_size-small-de","18":"first","19":"instock","20":"sale","21":"taxable","22":"shipping-taxable","23":"purchasable","24":"product-type-variable","25":"wvs-archive-product-wrapper"},"acf":[],"yoast_head":"<!-- This site is optimized with the Yoast SEO plugin v26.8 - https:\/\/yoast.com\/product\/yoast-seo-wordpress\/ -->\n<title>BrooksRun Visible Tight 2.0 damen - Lange Hosen - MioMioRun<\/title>\n<meta name=\"description\" content=\"Die Run Visible 2.0. Tights haben ein gut sichtbares Design, bieten leichte W\u00e4rme und praktische Taschen f\u00fcr Laufkomfort.\" \/>\n<meta name=\"robots\" content=\"index, follow, max-snippet:-1, max-image-preview:large, max-video-preview:-1\" \/>\n<link rel=\"canonical\" href=\"https:\/\/www.miomiorun.com\/de\/produkt\/run-visible-tight-2-0-damen\/\" \/>\n<meta property=\"og:locale\" content=\"de_DE\" \/>\n<meta property=\"og:type\" content=\"article\" \/>\n<meta property=\"og:title\" content=\"BrooksRun Visible Tight 2.0 damen - Lange Hosen - MioMioRun\" \/>\n<meta property=\"og:description\" content=\"Die Run Visible 2.0. Tights haben ein gut sichtbares Design, bieten leichte W\u00e4rme und praktische Taschen f\u00fcr Laufkomfort.\" \/>\n<meta property=\"og:url\" content=\"https:\/\/www.miomiorun.com\/de\/produkt\/run-visible-tight-2-0-damen\/\" \/>\n<meta property=\"og:site_name\" content=\"MioMioRun\" \/>\n<meta property=\"article:publisher\" content=\"https:\/\/www.facebook.com\/miomiorun\/\" \/>\n<meta property=\"article:modified_time\" content=\"2025-03-14T11:09:25+00:00\" \/>\n<meta property=\"og:image\" content=\"https:\/\/www.miomiorun.com\/app\/uploads\/2024\/10\/brooks-Run-Visible-tight-2.0-W-black-fluoro-fla-221693068.webp\" \/>\n\t<meta property=\"og:image:width\" content=\"600\" \/>\n\t<meta property=\"og:image:height\" content=\"600\" \/>\n\t<meta property=\"og:image:type\" content=\"image\/webp\" \/>\n<meta name=\"twitter:card\" content=\"summary_large_image\" \/>\n<meta name=\"twitter:label1\" content=\"Est. reading time\" \/>\n\t<meta name=\"twitter:data1\" content=\"1 minute\" \/>\n<script type=\"application\/ld+json\" class=\"yoast-schema-graph\">{\"@context\":\"https:\/\/schema.org\",\"@graph\":[{\"@type\":\"WebPage\",\"@id\":\"https:\/\/www.miomiorun.com\/de\/produkt\/run-visible-tight-2-0-damen\/\",\"url\":\"https:\/\/www.miomiorun.com\/de\/produkt\/run-visible-tight-2-0-damen\/\",\"name\":\"BrooksRun Visible Tight 2.0 damen - Lange Hosen - MioMioRun\",\"isPartOf\":{\"@id\":\"https:\/\/www.miomiorun.com\/de\/#website\"},\"primaryImageOfPage\":{\"@id\":\"https:\/\/www.miomiorun.com\/de\/produkt\/run-visible-tight-2-0-damen\/#primaryimage\"},\"image\":{\"@id\":\"https:\/\/www.miomiorun.com\/de\/produkt\/run-visible-tight-2-0-damen\/#primaryimage\"},\"thumbnailUrl\":\"https:\/\/www.miomiorun.com\/app\/uploads\/2024\/10\/brooks-Run-Visible-tight-2.0-W-black-fluoro-fla-221693068.webp\",\"datePublished\":\"2024-10-03T12:41:09+00:00\",\"dateModified\":\"2025-03-14T11:09:25+00:00\",\"description\":\"Die Run Visible 2.0. Tights haben ein gut sichtbares Design, bieten leichte W\u00e4rme und praktische Taschen f\u00fcr Laufkomfort.\",\"breadcrumb\":{\"@id\":\"https:\/\/www.miomiorun.com\/de\/produkt\/run-visible-tight-2-0-damen\/#breadcrumb\"},\"inLanguage\":\"de-DE\",\"potentialAction\":[{\"@type\":\"ReadAction\",\"target\":[\"https:\/\/www.miomiorun.com\/de\/produkt\/run-visible-tight-2-0-damen\/\"]}]},{\"@type\":\"ImageObject\",\"inLanguage\":\"de-DE\",\"@id\":\"https:\/\/www.miomiorun.com\/de\/produkt\/run-visible-tight-2-0-damen\/#primaryimage\",\"url\":\"https:\/\/www.miomiorun.com\/app\/uploads\/2024\/10\/brooks-Run-Visible-tight-2.0-W-black-fluoro-fla-221693068.webp\",\"contentUrl\":\"https:\/\/www.miomiorun.com\/app\/uploads\/2024\/10\/brooks-Run-Visible-tight-2.0-W-black-fluoro-fla-221693068.webp\",\"width\":600,\"height\":600,\"caption\":\"brooks Run Visible tight 2.0 W black fluoro fla 221693068\"},{\"@type\":\"BreadcrumbList\",\"@id\":\"https:\/\/www.miomiorun.com\/de\/produkt\/run-visible-tight-2-0-damen\/#breadcrumb\",\"itemListElement\":[{\"@type\":\"ListItem\",\"position\":1,\"name\":\"Home\",\"item\":\"https:\/\/www.miomiorun.com\/de\/\"},{\"@type\":\"ListItem\",\"position\":2,\"name\":\"Shop\",\"item\":\"https:\/\/www.miomiorun.com\/shop\/\"},{\"@type\":\"ListItem\",\"position\":3,\"name\":\"Run Visible Tight 2.0 damen\"}]},{\"@type\":\"WebSite\",\"@id\":\"https:\/\/www.miomiorun.com\/de\/#website\",\"url\":\"https:\/\/www.miomiorun.com\/de\/\",\"name\":\"MioMioRun\",\"description\":\"100% Lauf- und Trailshop\",\"publisher\":{\"@id\":\"https:\/\/www.miomiorun.com\/de\/#organization\"},\"potentialAction\":[{\"@type\":\"SearchAction\",\"target\":{\"@type\":\"EntryPoint\",\"urlTemplate\":\"https:\/\/www.miomiorun.com\/de\/?s={search_term_string}\"},\"query-input\":{\"@type\":\"PropertyValueSpecification\",\"valueRequired\":true,\"valueName\":\"search_term_string\"}}],\"inLanguage\":\"de-DE\"},{\"@type\":\"Organization\",\"@id\":\"https:\/\/www.miomiorun.com\/de\/#organization\",\"name\":\"MioMio Run\",\"url\":\"https:\/\/www.miomiorun.com\/de\/\",\"logo\":{\"@type\":\"ImageObject\",\"inLanguage\":\"de-DE\",\"@id\":\"https:\/\/www.miomiorun.com\/de\/#\/schema\/logo\/image\/\",\"url\":\"https:\/\/www.miomiorun.com\/app\/uploads\/2019\/12\/logomio.png\",\"contentUrl\":\"https:\/\/www.miomiorun.com\/app\/uploads\/2019\/12\/logomio.png\",\"width\":115,\"height\":82,\"caption\":\"MioMio Run\"},\"image\":{\"@id\":\"https:\/\/www.miomiorun.com\/de\/#\/schema\/logo\/image\/\"},\"sameAs\":[\"https:\/\/www.facebook.com\/miomiorun\/\",\"https:\/\/www.instagram.com\/miomiorun\/\"]}]}<\/script>\n<!-- \/ Yoast SEO plugin. -->","yoast_head_json":{"title":"BrooksRun Visible Tight 2.0 damen - Lange Hosen - MioMioRun","description":"Die Run Visible 2.0. Tights haben ein gut sichtbares Design, bieten leichte W\u00e4rme und praktische Taschen f\u00fcr Laufkomfort.","robots":{"index":"index","follow":"follow","max-snippet":"max-snippet:-1","max-image-preview":"max-image-preview:large","max-video-preview":"max-video-preview:-1"},"canonical":"https:\/\/www.miomiorun.com\/de\/produkt\/run-visible-tight-2-0-damen\/","og_locale":"de_DE","og_type":"article","og_title":"BrooksRun Visible Tight 2.0 damen - Lange Hosen - MioMioRun","og_description":"Die Run Visible 2.0. Tights haben ein gut sichtbares Design, bieten leichte W\u00e4rme und praktische Taschen f\u00fcr Laufkomfort.","og_url":"https:\/\/www.miomiorun.com\/de\/produkt\/run-visible-tight-2-0-damen\/","og_site_name":"MioMioRun","article_publisher":"https:\/\/www.facebook.com\/miomiorun\/","article_modified_time":"2025-03-14T11:09:25+00:00","og_image":[{"width":600,"height":600,"url":"https:\/\/www.miomiorun.com\/app\/uploads\/2024\/10\/brooks-Run-Visible-tight-2.0-W-black-fluoro-fla-221693068.webp","type":"image\/webp"}],"twitter_card":"summary_large_image","twitter_misc":{"Est. reading time":"1 minute"},"schema":{"@context":"https:\/\/schema.org","@graph":[{"@type":"WebPage","@id":"https:\/\/www.miomiorun.com\/de\/produkt\/run-visible-tight-2-0-damen\/","url":"https:\/\/www.miomiorun.com\/de\/produkt\/run-visible-tight-2-0-damen\/","name":"BrooksRun Visible Tight 2.0 damen - Lange Hosen - MioMioRun","isPartOf":{"@id":"https:\/\/www.miomiorun.com\/de\/#website"},"primaryImageOfPage":{"@id":"https:\/\/www.miomiorun.com\/de\/produkt\/run-visible-tight-2-0-damen\/#primaryimage"},"image":{"@id":"https:\/\/www.miomiorun.com\/de\/produkt\/run-visible-tight-2-0-damen\/#primaryimage"},"thumbnailUrl":"https:\/\/www.miomiorun.com\/app\/uploads\/2024\/10\/brooks-Run-Visible-tight-2.0-W-black-fluoro-fla-221693068.webp","datePublished":"2024-10-03T12:41:09+00:00","dateModified":"2025-03-14T11:09:25+00:00","description":"Die Run Visible 2.0. Tights haben ein gut sichtbares Design, bieten leichte W\u00e4rme und praktische Taschen f\u00fcr Laufkomfort.","breadcrumb":{"@id":"https:\/\/www.miomiorun.com\/de\/produkt\/run-visible-tight-2-0-damen\/#breadcrumb"},"inLanguage":"de-DE","potentialAction":[{"@type":"ReadAction","target":["https:\/\/www.miomiorun.com\/de\/produkt\/run-visible-tight-2-0-damen\/"]}]},{"@type":"ImageObject","inLanguage":"de-DE","@id":"https:\/\/www.miomiorun.com\/de\/produkt\/run-visible-tight-2-0-damen\/#primaryimage","url":"https:\/\/www.miomiorun.com\/app\/uploads\/2024\/10\/brooks-Run-Visible-tight-2.0-W-black-fluoro-fla-221693068.webp","contentUrl":"https:\/\/www.miomiorun.com\/app\/uploads\/2024\/10\/brooks-Run-Visible-tight-2.0-W-black-fluoro-fla-221693068.webp","width":600,"height":600,"caption":"brooks Run Visible tight 2.0 W black fluoro fla 221693068"},{"@type":"BreadcrumbList","@id":"https:\/\/www.miomiorun.com\/de\/produkt\/run-visible-tight-2-0-damen\/#breadcrumb","itemListElement":[{"@type":"ListItem","position":1,"name":"Home","item":"https:\/\/www.miomiorun.com\/de\/"},{"@type":"ListItem","position":2,"name":"Shop","item":"https:\/\/www.miomiorun.com\/shop\/"},{"@type":"ListItem","position":3,"name":"Run Visible Tight 2.0 damen"}]},{"@type":"WebSite","@id":"https:\/\/www.miomiorun.com\/de\/#website","url":"https:\/\/www.miomiorun.com\/de\/","name":"MioMioRun","description":"100% Lauf- und Trailshop","publisher":{"@id":"https:\/\/www.miomiorun.com\/de\/#organization"},"potentialAction":[{"@type":"SearchAction","target":{"@type":"EntryPoint","urlTemplate":"https:\/\/www.miomiorun.com\/de\/?s={search_term_string}"},"query-input":{"@type":"PropertyValueSpecification","valueRequired":true,"valueName":"search_term_string"}}],"inLanguage":"de-DE"},{"@type":"Organization","@id":"https:\/\/www.miomiorun.com\/de\/#organization","name":"MioMio Run","url":"https:\/\/www.miomiorun.com\/de\/","logo":{"@type":"ImageObject","inLanguage":"de-DE","@id":"https:\/\/www.miomiorun.com\/de\/#\/schema\/logo\/image\/","url":"https:\/\/www.miomiorun.com\/app\/uploads\/2019\/12\/logomio.png","contentUrl":"https:\/\/www.miomiorun.com\/app\/uploads\/2019\/12\/logomio.png","width":115,"height":82,"caption":"MioMio Run"},"image":{"@id":"https:\/\/www.miomiorun.com\/de\/#\/schema\/logo\/image\/"},"sameAs":["https:\/\/www.facebook.com\/miomiorun\/","https:\/\/www.instagram.com\/miomiorun\/"]}]}},"_links":{"self":[{"href":"https:\/\/www.miomiorun.com\/de\/wp-json\/wp\/v2\/product\/206814","targetHints":{"allow":["GET"]}}],"collection":[{"href":"https:\/\/www.miomiorun.com\/de\/wp-json\/wp\/v2\/product"}],"about":[{"href":"https:\/\/www.miomiorun.com\/de\/wp-json\/wp\/v2\/types\/product"}],"wp:featuredmedia":[{"embeddable":true,"href":"https:\/\/www.miomiorun.com\/de\/wp-json\/wp\/v2\/media\/208062"}],"wp:attachment":[{"href":"https:\/\/www.miomiorun.com\/de\/wp-json\/wp\/v2\/media?parent=206814"}],"wp:term":[{"taxonomy":"product_brand","embeddable":true,"href":"https:\/\/www.miomiorun.com\/de\/wp-json\/wp\/v2\/product_brand?post=206814"},{"taxonomy":"product_cat","embeddable":true,"href":"https:\/\/www.miomiorun.com\/de\/wp-json\/wp\/v2\/product_cat?post=206814"},{"taxonomy":"product_tag","embeddable":true,"href":"https:\/\/www.miomiorun.com\/de\/wp-json\/wp\/v2\/product_tag?post=206814"}],"curies":[{"name":"wp","href":"https:\/\/api.w.org\/{rel}","templated":true}]}}