{"id":206645,"date":"2024-10-03T14:03:39","date_gmt":"2024-10-03T12:03:39","guid":{"rendered":"https:\/\/miomiorun.com\/?post_type=product&#038;p=206645"},"modified":"2025-03-14T12:18:27","modified_gmt":"2025-03-14T11:18:27","slug":"run-visible-jacket-2-0-damen","status":"publish","type":"product","link":"https:\/\/www.miomiorun.com\/de\/produkt\/run-visible-jacket-2-0-damen\/","title":{"rendered":"Run Visible Jacket 2.0 damen"},"content":{"rendered":"<h2>Regen und schwaches Licht? Kein Problem!<\/h2>\n<p>Diese Regenjacke f\u00fcr Damen h\u00e4lt dich dank ihres winddichten und wasserabweisenden Schutzes nicht nur trocken, sondern l\u00e4sst dich dank ihres gut sichtbaren Designs auch sicher laufen. Zu den besonderen Details geh\u00f6ren die faltbare Kapuze und die M\u00f6glichkeit, Ihre wichtigsten Utensilien immer dabei zu haben.<\/p>\n<h3>Passform<\/h3>\n<ul>\n<li>Semi-adh\u00e4rent<\/li>\n<\/ul>\n<h3>Ideal f\u00fcr:<\/h3>\n<div class=\"m-long-description__best-for-icon\" aria-hidden=\"true\"><img loading=\"lazy\" decoding=\"async\" class=\"a-responsive-image__img\" src=\"https:\/\/www.brooksrunning.com\/on\/demandware.static\/-\/Sites-brooks-master-catalog\/default\/dw568ee9ad\/specs\/PDP-BestFor-FTW-APP-Visible-In-The-Dark.svg\" alt=\"\" width=\"51\" height=\"51\" \/><\/div>\n<div aria-hidden=\"true\">Sichtbarkeit<\/div>\n<div aria-hidden=\"true\"><\/div>\n<div aria-hidden=\"true\"><\/div>\n<div class=\"m-long-description__best-for-icon\" aria-hidden=\"true\"><img loading=\"lazy\" decoding=\"async\" class=\"a-responsive-image__img\" src=\"https:\/\/www.brooksrunning.com\/on\/demandware.static\/-\/Sites-brooks-master-catalog\/default\/dw337b1a5c\/specs\/PDP-BestFor-APP-Wind-&amp;-Water-Protection.svg\" alt=\"\" width=\"50\" height=\"50\" \/><\/div>\n<div aria-hidden=\"true\">Schutz vor schlechtem Wetter<\/div>\n<div aria-hidden=\"true\"><\/div>\n<div aria-hidden=\"true\"><\/div>\n<div class=\"m-long-description__best-for-icon\" aria-hidden=\"true\"><img loading=\"lazy\" decoding=\"async\" class=\"a-responsive-image__img\" src=\"https:\/\/www.brooksrunning.com\/on\/demandware.static\/-\/Sites-brooks-master-catalog\/default\/dwce073625\/specs\/PDP-BestFor-APP-Layering.svg\" alt=\"\" width=\"50\" height=\"50\" \/><\/div>\n<div aria-hidden=\"true\">Mehrschichtige Kleidung<\/div>\n<div aria-hidden=\"true\"><\/div>\n<div aria-hidden=\"true\"><\/div>\n<div class=\"m-long-description__best-for-icon\" aria-hidden=\"true\"><img loading=\"lazy\" decoding=\"async\" class=\"a-responsive-image__img\" src=\"https:\/\/www.brooksrunning.com\/on\/demandware.static\/-\/Sites-brooks-master-catalog\/default\/dw500bc82d\/specs\/PDP-BestFor-APP-BRA-Storage.svg\" alt=\"\" width=\"50\" height=\"50\" \/><\/div>\n<div aria-hidden=\"true\">Raum<\/div>\n<div aria-hidden=\"true\"><\/div>\n<h3 aria-hidden=\"true\">Merkmale:<\/h3>\n<ul class=\"m-long-description__features\">\n<li class=\"m-long-description__feature\">\n<div class=\"m-long-description__feature--bullets\" aria-hidden=\"true\">Sichtbar in der Dunkelheit<\/div>\n<\/li>\n<li class=\"m-long-description__feature\">\n<div class=\"m-long-description__feature--bullets\" aria-hidden=\"true\">Schutz vor Wind und Wasser<\/div>\n<\/li>\n<li class=\"m-long-description__feature\">\n<div class=\"m-long-description__feature--bullets\" aria-hidden=\"true\">Sicherheit f\u00fcr Ihr pers\u00f6nliches Hab und Gut<\/div>\n<\/li>\n<li class=\"m-long-description__feature\">\n<div class=\"m-long-description__feature--bullets\" aria-hidden=\"true\">Verdeckte Kapuze<\/div>\n<\/li>\n<\/ul>\n<h2><\/h2>\n<h2>Wetterfester Schutz, der im Dunkeln leuchtet<\/h2>\n<p>&nbsp;<\/p>\n<p>360\u00b0 SICHTBARKEIT<\/p>\n<h3>Sichtbar in der Dunkelheit<\/h3>\n<p>Fluoreszenz, hoher Kontrast und Lichtbrechung in den wichtigsten Bewegungsbereichen sorgen daf\u00fcr, dass L\u00e4ufer im Dunkeln sichtbar bleiben.<\/p>\n<p>&nbsp;<\/p>\n<p>BEHERRSCHT SCHLECHTES WETTER<\/p>\n<h3>Schutz vor Wind und Wasser<\/h3>\n<p>Der Stoff bietet Schutz vor Wind und Wasser und sorgt so f\u00fcr sicheren Komfort bei Wind und Wetter.<\/p>\n<h3><\/h3>\n<p>\u00dcBER TASCHEN<\/p>\n<h3>Bewahren Sie Ihr Hab und Gut sicher auf<\/h3>\n<p>Zwei Vordertaschen mit Rei\u00dfverschluss zur Aufbewahrung von Wertsachen. Die Tasche auf der rechten Seite hat eine praktische Aufbewahrungstasche.<\/p>\n<p>&nbsp;<\/p>\n","protected":false},"excerpt":{"rendered":"<ul class=\"m-long-description__features\">\n<li class=\"m-long-description__feature\">Wasserdicht und winddicht.<\/li>\n<li class=\"m-long-description__feature\">Die ideale Jacke, um in der Dunkelheit gesehen zu werden.<\/li>\n<\/ul>\n","protected":false},"featured_media":208041,"template":"","meta":{"_acf_changed":false,"inline_featured_image":false},"product_brand":[],"product_cat":[6400,6401,6404],"product_tag":[3362,6205],"class_list":{"0":"post-206645","1":"product","2":"type-product","3":"status-publish","4":"has-post-thumbnail","6":"product_cat-damen","7":"product_cat-damenbekleidung","8":"product_cat-damenjacken","9":"product_tag-brooks-de","10":"product_tag-brooks-damen-de","11":"pa_attivita-gehen","12":"pa_attivita-running-de","13":"pa_colore-run-visible-jacket-2-0-w-ecru-fluoro-fla-de","14":"pa_marca-brooks-de","15":"pa_sesso-damen","16":"pa_size-extra-small-de","17":"pa_size-medium-de","19":"first","20":"instock","21":"sale","22":"taxable","23":"shipping-taxable","24":"purchasable","25":"product-type-variable","26":"wvs-archive-product-wrapper"},"acf":[],"yoast_head":"<!-- This site is optimized with the Yoast SEO plugin v26.8 - https:\/\/yoast.com\/product\/yoast-seo-wordpress\/ -->\n<title>BrooksRun Visible Jacket 2.0 damen - Laufjacke- MioMioRun<\/title>\n<meta name=\"description\" content=\"Es regnet und es ist wenig Licht? Kein Problem: Diese Regenjacke f\u00fcr Damen f\u00fcr den Rennsport h\u00e4lt Sie dank ihres winddichten und wasserabweisenden Schutzes trocken.\" \/>\n<meta name=\"robots\" content=\"index, follow, max-snippet:-1, max-image-preview:large, max-video-preview:-1\" \/>\n<link rel=\"canonical\" href=\"https:\/\/www.miomiorun.com\/de\/produkt\/run-visible-jacket-2-0-damen\/\" \/>\n<meta property=\"og:locale\" content=\"de_DE\" \/>\n<meta property=\"og:type\" content=\"article\" \/>\n<meta property=\"og:title\" content=\"BrooksRun Visible Jacket 2.0 damen - Laufjacke- MioMioRun\" \/>\n<meta property=\"og:description\" content=\"Es regnet und es ist wenig Licht? Kein Problem: Diese Regenjacke f\u00fcr Damen f\u00fcr den Rennsport h\u00e4lt Sie dank ihres winddichten und wasserabweisenden Schutzes trocken.\" \/>\n<meta property=\"og:url\" content=\"https:\/\/www.miomiorun.com\/de\/produkt\/run-visible-jacket-2-0-damen\/\" \/>\n<meta property=\"og:site_name\" content=\"MioMioRun\" \/>\n<meta property=\"article:publisher\" content=\"https:\/\/www.facebook.com\/miomiorun\/\" \/>\n<meta property=\"article:modified_time\" content=\"2025-03-14T11:18:27+00:00\" \/>\n<meta property=\"og:image\" content=\"https:\/\/www.miomiorun.com\/app\/uploads\/2024\/10\/brooks-Run-Visible-jacket-2.0-W-ecru-fluoro-fla-221689167.webp\" \/>\n\t<meta property=\"og:image:width\" content=\"600\" \/>\n\t<meta property=\"og:image:height\" content=\"600\" \/>\n\t<meta property=\"og:image:type\" content=\"image\/webp\" \/>\n<meta name=\"twitter:card\" content=\"summary_large_image\" \/>\n<meta name=\"twitter:label1\" content=\"Est. reading time\" \/>\n\t<meta name=\"twitter:data1\" content=\"1 minute\" \/>\n<script type=\"application\/ld+json\" class=\"yoast-schema-graph\">{\"@context\":\"https:\/\/schema.org\",\"@graph\":[{\"@type\":\"WebPage\",\"@id\":\"https:\/\/www.miomiorun.com\/de\/produkt\/run-visible-jacket-2-0-damen\/\",\"url\":\"https:\/\/www.miomiorun.com\/de\/produkt\/run-visible-jacket-2-0-damen\/\",\"name\":\"BrooksRun Visible Jacket 2.0 damen - Laufjacke- MioMioRun\",\"isPartOf\":{\"@id\":\"https:\/\/www.miomiorun.com\/de\/#website\"},\"primaryImageOfPage\":{\"@id\":\"https:\/\/www.miomiorun.com\/de\/produkt\/run-visible-jacket-2-0-damen\/#primaryimage\"},\"image\":{\"@id\":\"https:\/\/www.miomiorun.com\/de\/produkt\/run-visible-jacket-2-0-damen\/#primaryimage\"},\"thumbnailUrl\":\"https:\/\/www.miomiorun.com\/app\/uploads\/2024\/10\/brooks-Run-Visible-jacket-2.0-W-ecru-fluoro-fla-221689167.webp\",\"datePublished\":\"2024-10-03T12:03:39+00:00\",\"dateModified\":\"2025-03-14T11:18:27+00:00\",\"description\":\"Es regnet und es ist wenig Licht? Kein Problem: Diese Regenjacke f\u00fcr Damen f\u00fcr den Rennsport h\u00e4lt Sie dank ihres winddichten und wasserabweisenden Schutzes trocken.\",\"breadcrumb\":{\"@id\":\"https:\/\/www.miomiorun.com\/de\/produkt\/run-visible-jacket-2-0-damen\/#breadcrumb\"},\"inLanguage\":\"de-DE\",\"potentialAction\":[{\"@type\":\"ReadAction\",\"target\":[\"https:\/\/www.miomiorun.com\/de\/produkt\/run-visible-jacket-2-0-damen\/\"]}]},{\"@type\":\"ImageObject\",\"inLanguage\":\"de-DE\",\"@id\":\"https:\/\/www.miomiorun.com\/de\/produkt\/run-visible-jacket-2-0-damen\/#primaryimage\",\"url\":\"https:\/\/www.miomiorun.com\/app\/uploads\/2024\/10\/brooks-Run-Visible-jacket-2.0-W-ecru-fluoro-fla-221689167.webp\",\"contentUrl\":\"https:\/\/www.miomiorun.com\/app\/uploads\/2024\/10\/brooks-Run-Visible-jacket-2.0-W-ecru-fluoro-fla-221689167.webp\",\"width\":600,\"height\":600,\"caption\":\"brooks Run Visible jacket 2.0 W ecru fluoro fla 221689167\"},{\"@type\":\"BreadcrumbList\",\"@id\":\"https:\/\/www.miomiorun.com\/de\/produkt\/run-visible-jacket-2-0-damen\/#breadcrumb\",\"itemListElement\":[{\"@type\":\"ListItem\",\"position\":1,\"name\":\"Home\",\"item\":\"https:\/\/www.miomiorun.com\/de\/\"},{\"@type\":\"ListItem\",\"position\":2,\"name\":\"Shop\",\"item\":\"https:\/\/www.miomiorun.com\/shop\/\"},{\"@type\":\"ListItem\",\"position\":3,\"name\":\"Run Visible Jacket 2.0 damen\"}]},{\"@type\":\"WebSite\",\"@id\":\"https:\/\/www.miomiorun.com\/de\/#website\",\"url\":\"https:\/\/www.miomiorun.com\/de\/\",\"name\":\"MioMioRun\",\"description\":\"100% Lauf- und Trailshop\",\"publisher\":{\"@id\":\"https:\/\/www.miomiorun.com\/de\/#organization\"},\"potentialAction\":[{\"@type\":\"SearchAction\",\"target\":{\"@type\":\"EntryPoint\",\"urlTemplate\":\"https:\/\/www.miomiorun.com\/de\/?s={search_term_string}\"},\"query-input\":{\"@type\":\"PropertyValueSpecification\",\"valueRequired\":true,\"valueName\":\"search_term_string\"}}],\"inLanguage\":\"de-DE\"},{\"@type\":\"Organization\",\"@id\":\"https:\/\/www.miomiorun.com\/de\/#organization\",\"name\":\"MioMio Run\",\"url\":\"https:\/\/www.miomiorun.com\/de\/\",\"logo\":{\"@type\":\"ImageObject\",\"inLanguage\":\"de-DE\",\"@id\":\"https:\/\/www.miomiorun.com\/de\/#\/schema\/logo\/image\/\",\"url\":\"https:\/\/www.miomiorun.com\/app\/uploads\/2019\/12\/logomio.png\",\"contentUrl\":\"https:\/\/www.miomiorun.com\/app\/uploads\/2019\/12\/logomio.png\",\"width\":115,\"height\":82,\"caption\":\"MioMio Run\"},\"image\":{\"@id\":\"https:\/\/www.miomiorun.com\/de\/#\/schema\/logo\/image\/\"},\"sameAs\":[\"https:\/\/www.facebook.com\/miomiorun\/\",\"https:\/\/www.instagram.com\/miomiorun\/\"]}]}<\/script>\n<!-- \/ Yoast SEO plugin. -->","yoast_head_json":{"title":"BrooksRun Visible Jacket 2.0 damen - Laufjacke- MioMioRun","description":"Es regnet und es ist wenig Licht? Kein Problem: Diese Regenjacke f\u00fcr Damen f\u00fcr den Rennsport h\u00e4lt Sie dank ihres winddichten und wasserabweisenden Schutzes trocken.","robots":{"index":"index","follow":"follow","max-snippet":"max-snippet:-1","max-image-preview":"max-image-preview:large","max-video-preview":"max-video-preview:-1"},"canonical":"https:\/\/www.miomiorun.com\/de\/produkt\/run-visible-jacket-2-0-damen\/","og_locale":"de_DE","og_type":"article","og_title":"BrooksRun Visible Jacket 2.0 damen - Laufjacke- MioMioRun","og_description":"Es regnet und es ist wenig Licht? Kein Problem: Diese Regenjacke f\u00fcr Damen f\u00fcr den Rennsport h\u00e4lt Sie dank ihres winddichten und wasserabweisenden Schutzes trocken.","og_url":"https:\/\/www.miomiorun.com\/de\/produkt\/run-visible-jacket-2-0-damen\/","og_site_name":"MioMioRun","article_publisher":"https:\/\/www.facebook.com\/miomiorun\/","article_modified_time":"2025-03-14T11:18:27+00:00","og_image":[{"width":600,"height":600,"url":"https:\/\/www.miomiorun.com\/app\/uploads\/2024\/10\/brooks-Run-Visible-jacket-2.0-W-ecru-fluoro-fla-221689167.webp","type":"image\/webp"}],"twitter_card":"summary_large_image","twitter_misc":{"Est. reading time":"1 minute"},"schema":{"@context":"https:\/\/schema.org","@graph":[{"@type":"WebPage","@id":"https:\/\/www.miomiorun.com\/de\/produkt\/run-visible-jacket-2-0-damen\/","url":"https:\/\/www.miomiorun.com\/de\/produkt\/run-visible-jacket-2-0-damen\/","name":"BrooksRun Visible Jacket 2.0 damen - Laufjacke- MioMioRun","isPartOf":{"@id":"https:\/\/www.miomiorun.com\/de\/#website"},"primaryImageOfPage":{"@id":"https:\/\/www.miomiorun.com\/de\/produkt\/run-visible-jacket-2-0-damen\/#primaryimage"},"image":{"@id":"https:\/\/www.miomiorun.com\/de\/produkt\/run-visible-jacket-2-0-damen\/#primaryimage"},"thumbnailUrl":"https:\/\/www.miomiorun.com\/app\/uploads\/2024\/10\/brooks-Run-Visible-jacket-2.0-W-ecru-fluoro-fla-221689167.webp","datePublished":"2024-10-03T12:03:39+00:00","dateModified":"2025-03-14T11:18:27+00:00","description":"Es regnet und es ist wenig Licht? Kein Problem: Diese Regenjacke f\u00fcr Damen f\u00fcr den Rennsport h\u00e4lt Sie dank ihres winddichten und wasserabweisenden Schutzes trocken.","breadcrumb":{"@id":"https:\/\/www.miomiorun.com\/de\/produkt\/run-visible-jacket-2-0-damen\/#breadcrumb"},"inLanguage":"de-DE","potentialAction":[{"@type":"ReadAction","target":["https:\/\/www.miomiorun.com\/de\/produkt\/run-visible-jacket-2-0-damen\/"]}]},{"@type":"ImageObject","inLanguage":"de-DE","@id":"https:\/\/www.miomiorun.com\/de\/produkt\/run-visible-jacket-2-0-damen\/#primaryimage","url":"https:\/\/www.miomiorun.com\/app\/uploads\/2024\/10\/brooks-Run-Visible-jacket-2.0-W-ecru-fluoro-fla-221689167.webp","contentUrl":"https:\/\/www.miomiorun.com\/app\/uploads\/2024\/10\/brooks-Run-Visible-jacket-2.0-W-ecru-fluoro-fla-221689167.webp","width":600,"height":600,"caption":"brooks Run Visible jacket 2.0 W ecru fluoro fla 221689167"},{"@type":"BreadcrumbList","@id":"https:\/\/www.miomiorun.com\/de\/produkt\/run-visible-jacket-2-0-damen\/#breadcrumb","itemListElement":[{"@type":"ListItem","position":1,"name":"Home","item":"https:\/\/www.miomiorun.com\/de\/"},{"@type":"ListItem","position":2,"name":"Shop","item":"https:\/\/www.miomiorun.com\/shop\/"},{"@type":"ListItem","position":3,"name":"Run Visible Jacket 2.0 damen"}]},{"@type":"WebSite","@id":"https:\/\/www.miomiorun.com\/de\/#website","url":"https:\/\/www.miomiorun.com\/de\/","name":"MioMioRun","description":"100% Lauf- und Trailshop","publisher":{"@id":"https:\/\/www.miomiorun.com\/de\/#organization"},"potentialAction":[{"@type":"SearchAction","target":{"@type":"EntryPoint","urlTemplate":"https:\/\/www.miomiorun.com\/de\/?s={search_term_string}"},"query-input":{"@type":"PropertyValueSpecification","valueRequired":true,"valueName":"search_term_string"}}],"inLanguage":"de-DE"},{"@type":"Organization","@id":"https:\/\/www.miomiorun.com\/de\/#organization","name":"MioMio Run","url":"https:\/\/www.miomiorun.com\/de\/","logo":{"@type":"ImageObject","inLanguage":"de-DE","@id":"https:\/\/www.miomiorun.com\/de\/#\/schema\/logo\/image\/","url":"https:\/\/www.miomiorun.com\/app\/uploads\/2019\/12\/logomio.png","contentUrl":"https:\/\/www.miomiorun.com\/app\/uploads\/2019\/12\/logomio.png","width":115,"height":82,"caption":"MioMio Run"},"image":{"@id":"https:\/\/www.miomiorun.com\/de\/#\/schema\/logo\/image\/"},"sameAs":["https:\/\/www.facebook.com\/miomiorun\/","https:\/\/www.instagram.com\/miomiorun\/"]}]}},"_links":{"self":[{"href":"https:\/\/www.miomiorun.com\/de\/wp-json\/wp\/v2\/product\/206645","targetHints":{"allow":["GET"]}}],"collection":[{"href":"https:\/\/www.miomiorun.com\/de\/wp-json\/wp\/v2\/product"}],"about":[{"href":"https:\/\/www.miomiorun.com\/de\/wp-json\/wp\/v2\/types\/product"}],"wp:featuredmedia":[{"embeddable":true,"href":"https:\/\/www.miomiorun.com\/de\/wp-json\/wp\/v2\/media\/208041"}],"wp:attachment":[{"href":"https:\/\/www.miomiorun.com\/de\/wp-json\/wp\/v2\/media?parent=206645"}],"wp:term":[{"taxonomy":"product_brand","embeddable":true,"href":"https:\/\/www.miomiorun.com\/de\/wp-json\/wp\/v2\/product_brand?post=206645"},{"taxonomy":"product_cat","embeddable":true,"href":"https:\/\/www.miomiorun.com\/de\/wp-json\/wp\/v2\/product_cat?post=206645"},{"taxonomy":"product_tag","embeddable":true,"href":"https:\/\/www.miomiorun.com\/de\/wp-json\/wp\/v2\/product_tag?post=206645"}],"curies":[{"name":"wp","href":"https:\/\/api.w.org\/{rel}","templated":true}]}}