{"id":206528,"date":"2024-10-03T13:07:17","date_gmt":"2024-10-03T11:07:17","guid":{"rendered":"https:\/\/miomiorun.com\/?post_type=product&#038;p=206528"},"modified":"2025-03-14T19:32:36","modified_gmt":"2025-03-14T18:32:36","slug":"high-point-tight-damen","status":"publish","type":"product","link":"https:\/\/www.miomiorun.com\/de\/produkt\/high-point-tight-damen\/","title":{"rendered":"High Point Tight damen"},"content":{"rendered":"<h2>Fliege mit dieser Lauftight f\u00fcr Frauen, die speziell f\u00fcr Trailrunning entwickelt wurde.<\/h2>\n<p>Das strapazierf\u00e4hige und st\u00fctzende Material mit winddichten und wasserabweisenden Abschnitten bietet Komfort und Schutz vor den Elementen, w\u00e4hrend die praktischen Taschen es Ihnen erm\u00f6glichen, alles mitzunehmen, was Sie f\u00fcr lange Tage des Abenteuers brauchen.<\/p>\n<h3>Passform<\/h3>\n<ul>\n<li>Eng anliegend.<\/li>\n<\/ul>\n<h3><strong>Ideal f\u00fcr:<br \/>\n<\/strong><\/h3>\n<div aria-hidden=\"true\"><\/div>\n<div class=\"m-long-description__best-for-icon\" aria-hidden=\"true\"><img loading=\"lazy\" decoding=\"async\" class=\"a-responsive-image__img\" src=\"https:\/\/www.brooksrunning.com\/on\/demandware.static\/-\/Sites-brooks-master-catalog\/default\/dw337b1a5c\/specs\/PDP-BestFor-APP-Wind-&amp;-Water-Protection.svg\" alt=\"\" width=\"50\" height=\"50\" \/><\/div>\n<div aria-hidden=\"true\">Schutz vor Wind und Wasser<\/div>\n<div aria-hidden=\"true\"><\/div>\n<div aria-hidden=\"true\"><\/div>\n<div aria-hidden=\"true\">\n<div class=\"m-long-description__best-for-icon\" aria-hidden=\"true\"><img loading=\"lazy\" decoding=\"async\" class=\"a-responsive-image__img\" src=\"https:\/\/www.brooksrunning.com\/on\/demandware.static\/-\/Sites-brooks-master-catalog\/default\/dw500bc82d\/specs\/PDP-BestFor-APP-BRA-Storage.svg\" alt=\"\" width=\"50\" height=\"50\" \/><\/div>\n<div aria-hidden=\"true\">Platz<\/div>\n<\/div>\n<div aria-hidden=\"true\"><\/div>\n<div aria-hidden=\"true\"><\/div>\n<div aria-hidden=\"true\">\n<div class=\"m-long-description__best-for-icon\" aria-hidden=\"true\"><img loading=\"lazy\" decoding=\"async\" class=\"a-responsive-image__img\" src=\"https:\/\/www.brooksrunning.com\/on\/demandware.static\/-\/Sites-brooks-master-catalog\/default\/dwe3490683\/specs\/PDP-BestFor-APP-BRA-Unrestricted-Movement.svg\" alt=\"\" width=\"50\" height=\"50\" \/><\/div>\n<div aria-hidden=\"true\">\n<div class=\"m-long-description__best-for-icon\" aria-hidden=\"true\"><\/div>\n<div class=\"m-long-description__best-for-text\">Freiheit der Bewegung<\/div>\n<\/div>\n<\/div>\n<div><\/div>\n<div><\/div>\n<div>\n<div class=\"m-long-description__best-for-icon\" aria-hidden=\"true\"><img loading=\"lazy\" decoding=\"async\" class=\"a-responsive-image__img\" src=\"https:\/\/www.brooksrunning.com\/on\/demandware.static\/-\/Sites-brooks-master-catalog\/default\/dw57aae252\/specs\/PDP-BestFor-APP-Fit-For-Speed.svg\" alt=\"\" width=\"50\" height=\"50\" \/><\/div>\n<div aria-hidden=\"true\">Gro\u00dfe Entfernungen<\/div>\n<\/div>\n<div aria-hidden=\"true\"><\/div>\n<p><strong>FEATURES:<\/strong><\/p>\n<ul class=\"m-long-description__features\">\n<li class=\"m-long-description__feature\">\n<div class=\"m-long-description__feature--bullets\" aria-hidden=\"true\">Schutz vor Wind und Wasser<\/div>\n<\/li>\n<li class=\"m-long-description__feature\">\n<div class=\"m-long-description__feature--bullets\" aria-hidden=\"true\">Entwickelt f\u00fcr steile Aufstiege<\/div>\n<\/li>\n<li class=\"m-long-description__feature\">\n<div class=\"m-long-description__feature--bullets\" aria-hidden=\"true\">Sicherheit f\u00fcr Ihr pers\u00f6nliches Hab und Gut<\/div>\n<\/li>\n<li class=\"m-long-description__feature\">\n<div class=\"m-long-description__feature--bullets\" aria-hidden=\"true\">\u00c4u\u00dferer Kordelzug<\/div>\n<\/li>\n<\/ul>\n<section id=\"section-5\" class=\"m-accordion__panel m-accordion__panel--expanded m-accordion__panel--transitioned\" role=\"region\" hidden=\"\" aria-labelledby=\"care-instruction-title\">\n<div>\n<div class=\"m-accordion__text-container\">\n<p>Um das optimale Aussehen und die Leistungsf\u00e4higkeit Ihrer Brooks-Produkte zu erhalten, empfehlen wir, sie vor dem Tragen separat in der Maschine zu waschen. Verwenden Sie keinen Weichsp\u00fcler, sondern ein Feinwaschmittel und trocknen Sie bei niedriger Temperatur.<\/p>\n<\/div>\n<\/div>\n<\/section>\n<div class=\"o-feature-callout__feature-copy\">\n<div class=\"o-feature-callout__feature-copy\"><\/div>\n<\/div>\n<div class=\"o-feature-callout__feature-copy\">\n<div class=\"o-feature-callout__feature-copy\">\n<p class=\"o-feature-callout__feature-copy\"><strong>\u00a0<\/strong><\/p>\n<section id=\"section-5\" class=\"m-accordion__panel m-accordion__panel--expanded m-accordion__panel--transitioned\" role=\"region\" hidden=\"\" aria-labelledby=\"care-instruction-title\">\n<div>\n<div class=\"m-accordion__text-container\">\n<p>Um das optimale Aussehen und die Leistungsf\u00e4higkeit Ihrer Brooks-Produkte zu erhalten, empfehlen wir, sie vor dem Tragen separat in der Maschine zu waschen. Verwenden Sie keinen Weichsp\u00fcler, sondern ein Feinwaschmittel und trocknen Sie bei niedriger Temperatur.<\/p>\n<\/div>\n<\/div>\n<\/section>\n<\/div>\n<\/div>\n","protected":false},"excerpt":{"rendered":"<ul class=\"m-long-description__features\">\n<li class=\"m-long-description__feature\">Leggings f\u00fcr den Trail, mit einer engen Passform.<\/li>\n<li class=\"m-long-description__feature\">Bietet Schutz vor Wind und Wasser.<\/li>\n<\/ul>\n","protected":false},"featured_media":208009,"template":"","meta":{"_acf_changed":false,"inline_featured_image":false},"product_brand":[],"product_cat":[6400,6401,6487],"product_tag":[3362,6205],"class_list":{"0":"post-206528","1":"product","2":"type-product","3":"status-publish","4":"has-post-thumbnail","6":"product_cat-damen","7":"product_cat-damenbekleidung","8":"product_cat-damenhosen","9":"product_tag-brooks-de","10":"product_tag-brooks-damen-de","11":"pa_attivita-gehen","12":"pa_attivita-running-de","13":"pa_attivita-trail-de","14":"pa_colore-high-point-tight-w-ocean-navy-de","15":"pa_marca-brooks-de","16":"pa_sesso-damen","17":"pa_size-extra-small-de","19":"first","20":"instock","21":"taxable","22":"shipping-taxable","23":"purchasable","24":"product-type-variable","25":"wvs-archive-product-wrapper"},"acf":[],"yoast_head":"<!-- This site is optimized with the Yoast SEO plugin v26.8 - https:\/\/yoast.com\/product\/yoast-seo-wordpress\/ -->\n<title>Brooks High Point Tight damen -Trail Running-Leggings - MioMioRun<\/title>\n<meta name=\"description\" content=\"Fliegen Sie mit dieser Lauftight f\u00fcr Frauen, die speziell f\u00fcr Trailrunning entwickelt wurde. Das strapazierf\u00e4hige und st\u00fctzende Material mit winddichten und wasserabweisenden Abschnitten\" \/>\n<meta name=\"robots\" content=\"index, follow, max-snippet:-1, max-image-preview:large, max-video-preview:-1\" \/>\n<link rel=\"canonical\" href=\"https:\/\/www.miomiorun.com\/de\/produkt\/high-point-tight-damen\/\" \/>\n<meta property=\"og:locale\" content=\"de_DE\" \/>\n<meta property=\"og:type\" content=\"article\" \/>\n<meta property=\"og:title\" content=\"Brooks High Point Tight damen -Trail Running-Leggings - MioMioRun\" \/>\n<meta property=\"og:description\" content=\"Fliegen Sie mit dieser Lauftight f\u00fcr Frauen, die speziell f\u00fcr Trailrunning entwickelt wurde. Das strapazierf\u00e4hige und st\u00fctzende Material mit winddichten und wasserabweisenden Abschnitten\" \/>\n<meta property=\"og:url\" content=\"https:\/\/www.miomiorun.com\/de\/produkt\/high-point-tight-damen\/\" \/>\n<meta property=\"og:site_name\" content=\"MioMioRun\" \/>\n<meta property=\"article:publisher\" content=\"https:\/\/www.facebook.com\/miomiorun\/\" \/>\n<meta property=\"article:modified_time\" content=\"2025-03-14T18:32:36+00:00\" \/>\n<meta property=\"og:image\" content=\"https:\/\/www.miomiorun.com\/app\/uploads\/2024\/10\/brooks-High-Point-tight-W-ocean-navy-221682450.webp\" \/>\n\t<meta property=\"og:image:width\" content=\"600\" \/>\n\t<meta property=\"og:image:height\" content=\"600\" \/>\n\t<meta property=\"og:image:type\" content=\"image\/webp\" \/>\n<meta name=\"twitter:card\" content=\"summary_large_image\" \/>\n<meta name=\"twitter:label1\" content=\"Est. reading time\" \/>\n\t<meta name=\"twitter:data1\" content=\"1 minute\" \/>\n<script type=\"application\/ld+json\" class=\"yoast-schema-graph\">{\"@context\":\"https:\/\/schema.org\",\"@graph\":[{\"@type\":\"WebPage\",\"@id\":\"https:\/\/www.miomiorun.com\/de\/produkt\/high-point-tight-damen\/\",\"url\":\"https:\/\/www.miomiorun.com\/de\/produkt\/high-point-tight-damen\/\",\"name\":\"Brooks High Point Tight damen -Trail Running-Leggings - MioMioRun\",\"isPartOf\":{\"@id\":\"https:\/\/www.miomiorun.com\/de\/#website\"},\"primaryImageOfPage\":{\"@id\":\"https:\/\/www.miomiorun.com\/de\/produkt\/high-point-tight-damen\/#primaryimage\"},\"image\":{\"@id\":\"https:\/\/www.miomiorun.com\/de\/produkt\/high-point-tight-damen\/#primaryimage\"},\"thumbnailUrl\":\"https:\/\/www.miomiorun.com\/app\/uploads\/2024\/10\/brooks-High-Point-tight-W-ocean-navy-221682450.webp\",\"datePublished\":\"2024-10-03T11:07:17+00:00\",\"dateModified\":\"2025-03-14T18:32:36+00:00\",\"description\":\"Fliegen Sie mit dieser Lauftight f\u00fcr Frauen, die speziell f\u00fcr Trailrunning entwickelt wurde. Das strapazierf\u00e4hige und st\u00fctzende Material mit winddichten und wasserabweisenden Abschnitten\",\"breadcrumb\":{\"@id\":\"https:\/\/www.miomiorun.com\/de\/produkt\/high-point-tight-damen\/#breadcrumb\"},\"inLanguage\":\"de-DE\",\"potentialAction\":[{\"@type\":\"ReadAction\",\"target\":[\"https:\/\/www.miomiorun.com\/de\/produkt\/high-point-tight-damen\/\"]}]},{\"@type\":\"ImageObject\",\"inLanguage\":\"de-DE\",\"@id\":\"https:\/\/www.miomiorun.com\/de\/produkt\/high-point-tight-damen\/#primaryimage\",\"url\":\"https:\/\/www.miomiorun.com\/app\/uploads\/2024\/10\/brooks-High-Point-tight-W-ocean-navy-221682450.webp\",\"contentUrl\":\"https:\/\/www.miomiorun.com\/app\/uploads\/2024\/10\/brooks-High-Point-tight-W-ocean-navy-221682450.webp\",\"width\":600,\"height\":600,\"caption\":\"brooks High Point tight W ocean navy 221682450\"},{\"@type\":\"BreadcrumbList\",\"@id\":\"https:\/\/www.miomiorun.com\/de\/produkt\/high-point-tight-damen\/#breadcrumb\",\"itemListElement\":[{\"@type\":\"ListItem\",\"position\":1,\"name\":\"Home\",\"item\":\"https:\/\/www.miomiorun.com\/de\/\"},{\"@type\":\"ListItem\",\"position\":2,\"name\":\"Shop\",\"item\":\"https:\/\/www.miomiorun.com\/shop\/\"},{\"@type\":\"ListItem\",\"position\":3,\"name\":\"High Point Tight damen\"}]},{\"@type\":\"WebSite\",\"@id\":\"https:\/\/www.miomiorun.com\/de\/#website\",\"url\":\"https:\/\/www.miomiorun.com\/de\/\",\"name\":\"MioMioRun\",\"description\":\"100% Lauf- und Trailshop\",\"publisher\":{\"@id\":\"https:\/\/www.miomiorun.com\/de\/#organization\"},\"potentialAction\":[{\"@type\":\"SearchAction\",\"target\":{\"@type\":\"EntryPoint\",\"urlTemplate\":\"https:\/\/www.miomiorun.com\/de\/?s={search_term_string}\"},\"query-input\":{\"@type\":\"PropertyValueSpecification\",\"valueRequired\":true,\"valueName\":\"search_term_string\"}}],\"inLanguage\":\"de-DE\"},{\"@type\":\"Organization\",\"@id\":\"https:\/\/www.miomiorun.com\/de\/#organization\",\"name\":\"MioMio Run\",\"url\":\"https:\/\/www.miomiorun.com\/de\/\",\"logo\":{\"@type\":\"ImageObject\",\"inLanguage\":\"de-DE\",\"@id\":\"https:\/\/www.miomiorun.com\/de\/#\/schema\/logo\/image\/\",\"url\":\"https:\/\/www.miomiorun.com\/app\/uploads\/2019\/12\/logomio.png\",\"contentUrl\":\"https:\/\/www.miomiorun.com\/app\/uploads\/2019\/12\/logomio.png\",\"width\":115,\"height\":82,\"caption\":\"MioMio Run\"},\"image\":{\"@id\":\"https:\/\/www.miomiorun.com\/de\/#\/schema\/logo\/image\/\"},\"sameAs\":[\"https:\/\/www.facebook.com\/miomiorun\/\",\"https:\/\/www.instagram.com\/miomiorun\/\"]}]}<\/script>\n<!-- \/ Yoast SEO plugin. -->","yoast_head_json":{"title":"Brooks High Point Tight damen -Trail Running-Leggings - MioMioRun","description":"Fliegen Sie mit dieser Lauftight f\u00fcr Frauen, die speziell f\u00fcr Trailrunning entwickelt wurde. Das strapazierf\u00e4hige und st\u00fctzende Material mit winddichten und wasserabweisenden Abschnitten","robots":{"index":"index","follow":"follow","max-snippet":"max-snippet:-1","max-image-preview":"max-image-preview:large","max-video-preview":"max-video-preview:-1"},"canonical":"https:\/\/www.miomiorun.com\/de\/produkt\/high-point-tight-damen\/","og_locale":"de_DE","og_type":"article","og_title":"Brooks High Point Tight damen -Trail Running-Leggings - MioMioRun","og_description":"Fliegen Sie mit dieser Lauftight f\u00fcr Frauen, die speziell f\u00fcr Trailrunning entwickelt wurde. Das strapazierf\u00e4hige und st\u00fctzende Material mit winddichten und wasserabweisenden Abschnitten","og_url":"https:\/\/www.miomiorun.com\/de\/produkt\/high-point-tight-damen\/","og_site_name":"MioMioRun","article_publisher":"https:\/\/www.facebook.com\/miomiorun\/","article_modified_time":"2025-03-14T18:32:36+00:00","og_image":[{"width":600,"height":600,"url":"https:\/\/www.miomiorun.com\/app\/uploads\/2024\/10\/brooks-High-Point-tight-W-ocean-navy-221682450.webp","type":"image\/webp"}],"twitter_card":"summary_large_image","twitter_misc":{"Est. reading time":"1 minute"},"schema":{"@context":"https:\/\/schema.org","@graph":[{"@type":"WebPage","@id":"https:\/\/www.miomiorun.com\/de\/produkt\/high-point-tight-damen\/","url":"https:\/\/www.miomiorun.com\/de\/produkt\/high-point-tight-damen\/","name":"Brooks High Point Tight damen -Trail Running-Leggings - MioMioRun","isPartOf":{"@id":"https:\/\/www.miomiorun.com\/de\/#website"},"primaryImageOfPage":{"@id":"https:\/\/www.miomiorun.com\/de\/produkt\/high-point-tight-damen\/#primaryimage"},"image":{"@id":"https:\/\/www.miomiorun.com\/de\/produkt\/high-point-tight-damen\/#primaryimage"},"thumbnailUrl":"https:\/\/www.miomiorun.com\/app\/uploads\/2024\/10\/brooks-High-Point-tight-W-ocean-navy-221682450.webp","datePublished":"2024-10-03T11:07:17+00:00","dateModified":"2025-03-14T18:32:36+00:00","description":"Fliegen Sie mit dieser Lauftight f\u00fcr Frauen, die speziell f\u00fcr Trailrunning entwickelt wurde. Das strapazierf\u00e4hige und st\u00fctzende Material mit winddichten und wasserabweisenden Abschnitten","breadcrumb":{"@id":"https:\/\/www.miomiorun.com\/de\/produkt\/high-point-tight-damen\/#breadcrumb"},"inLanguage":"de-DE","potentialAction":[{"@type":"ReadAction","target":["https:\/\/www.miomiorun.com\/de\/produkt\/high-point-tight-damen\/"]}]},{"@type":"ImageObject","inLanguage":"de-DE","@id":"https:\/\/www.miomiorun.com\/de\/produkt\/high-point-tight-damen\/#primaryimage","url":"https:\/\/www.miomiorun.com\/app\/uploads\/2024\/10\/brooks-High-Point-tight-W-ocean-navy-221682450.webp","contentUrl":"https:\/\/www.miomiorun.com\/app\/uploads\/2024\/10\/brooks-High-Point-tight-W-ocean-navy-221682450.webp","width":600,"height":600,"caption":"brooks High Point tight W ocean navy 221682450"},{"@type":"BreadcrumbList","@id":"https:\/\/www.miomiorun.com\/de\/produkt\/high-point-tight-damen\/#breadcrumb","itemListElement":[{"@type":"ListItem","position":1,"name":"Home","item":"https:\/\/www.miomiorun.com\/de\/"},{"@type":"ListItem","position":2,"name":"Shop","item":"https:\/\/www.miomiorun.com\/shop\/"},{"@type":"ListItem","position":3,"name":"High Point Tight damen"}]},{"@type":"WebSite","@id":"https:\/\/www.miomiorun.com\/de\/#website","url":"https:\/\/www.miomiorun.com\/de\/","name":"MioMioRun","description":"100% Lauf- und Trailshop","publisher":{"@id":"https:\/\/www.miomiorun.com\/de\/#organization"},"potentialAction":[{"@type":"SearchAction","target":{"@type":"EntryPoint","urlTemplate":"https:\/\/www.miomiorun.com\/de\/?s={search_term_string}"},"query-input":{"@type":"PropertyValueSpecification","valueRequired":true,"valueName":"search_term_string"}}],"inLanguage":"de-DE"},{"@type":"Organization","@id":"https:\/\/www.miomiorun.com\/de\/#organization","name":"MioMio Run","url":"https:\/\/www.miomiorun.com\/de\/","logo":{"@type":"ImageObject","inLanguage":"de-DE","@id":"https:\/\/www.miomiorun.com\/de\/#\/schema\/logo\/image\/","url":"https:\/\/www.miomiorun.com\/app\/uploads\/2019\/12\/logomio.png","contentUrl":"https:\/\/www.miomiorun.com\/app\/uploads\/2019\/12\/logomio.png","width":115,"height":82,"caption":"MioMio Run"},"image":{"@id":"https:\/\/www.miomiorun.com\/de\/#\/schema\/logo\/image\/"},"sameAs":["https:\/\/www.facebook.com\/miomiorun\/","https:\/\/www.instagram.com\/miomiorun\/"]}]}},"_links":{"self":[{"href":"https:\/\/www.miomiorun.com\/de\/wp-json\/wp\/v2\/product\/206528","targetHints":{"allow":["GET"]}}],"collection":[{"href":"https:\/\/www.miomiorun.com\/de\/wp-json\/wp\/v2\/product"}],"about":[{"href":"https:\/\/www.miomiorun.com\/de\/wp-json\/wp\/v2\/types\/product"}],"wp:featuredmedia":[{"embeddable":true,"href":"https:\/\/www.miomiorun.com\/de\/wp-json\/wp\/v2\/media\/208009"}],"wp:attachment":[{"href":"https:\/\/www.miomiorun.com\/de\/wp-json\/wp\/v2\/media?parent=206528"}],"wp:term":[{"taxonomy":"product_brand","embeddable":true,"href":"https:\/\/www.miomiorun.com\/de\/wp-json\/wp\/v2\/product_brand?post=206528"},{"taxonomy":"product_cat","embeddable":true,"href":"https:\/\/www.miomiorun.com\/de\/wp-json\/wp\/v2\/product_cat?post=206528"},{"taxonomy":"product_tag","embeddable":true,"href":"https:\/\/www.miomiorun.com\/de\/wp-json\/wp\/v2\/product_tag?post=206528"}],"curies":[{"name":"wp","href":"https:\/\/api.w.org\/{rel}","templated":true}]}}