{"id":205443,"date":"2024-10-01T13:59:41","date_gmt":"2024-10-01T11:59:41","guid":{"rendered":"https:\/\/miomiorun.com\/?post_type=product&#038;p=205443"},"modified":"2025-03-21T12:05:23","modified_gmt":"2025-03-21T11:05:23","slug":"stretch-2-trikot-damen","status":"publish","type":"product","link":"https:\/\/www.miomiorun.com\/de\/produkt\/stretch-2-trikot-damen\/","title":{"rendered":"Stretch 2 Trikot damen"},"content":{"rendered":"<div class=\"product-attribute product-attribute-passion\">\n<div class=\"product-info-main\">\n<div class=\"product-attribute product-attribute-passion\">\n<h3 class=\"product-attribute-season\">Warmes und bequemes 2-Wege-Stretch-Fleece f\u00fcr Damen: perfekt zum Bergsteigen, Wandern und Skifahren.<\/h3>\n<div><\/div>\n<div class=\"product-attribute-season\">Diese Jacke mit durchgehendem Rei\u00dfverschluss ist aus 2-Wege-Stretch-Thermofleece aus recyceltem Polyester gefertigt, einem warmen und flexiblen Material. Das teilweise Mesh-Futter erh\u00f6ht die Luftzirkulation und verbessert die Atmungsaktivit\u00e4t bei warmem Wetter.<\/div>\n<div class=\"product-attribute-season\">Dank des zentralen Rei\u00dfverschlusses auf der Vorderseite l\u00e4sst sie sich leicht an- und ausziehen und verf\u00fcgt \u00fcber Rei\u00dfverschlusstaschen, in denen Sie Ihre wichtigsten Utensilien verstauen k\u00f6nnen. Elastische B\u00fcndchen an \u00c4rmeln und Saum sorgen f\u00fcr einen guten Sitz, auch wenn du in Bewegung bist. Ob bei einer Fr\u00fchlingswanderung in den Bergen oder einem Tag auf der Piste &#8211; das Stretch 2 Women&#8217;s Fleece-Jersey bietet zu jeder Jahreszeit maximalen Komfort.<\/div>\n<\/div>\n<\/div>\n<\/div>\n<div><\/div>\n<div><strong>Eigenschaften:<\/strong><\/div>\n<div>\n<ul class=\"tw-list-disc\">\n<li class=\"tw-text-xs\">Offenes Trikot f\u00fcr Frauen<\/li>\n<li class=\"tw-text-xs\">Thermisches Bi-Stretch-Polyester-Fleece-Material<\/li>\n<li class=\"tw-text-xs\">Teilweise mit Netzgewebe gef\u00fcttert<\/li>\n<li class=\"tw-text-xs\">Vordere Mitte mit Rei\u00dfverschluss, Hand- und Brusttaschen mit Rei\u00dfverschluss<\/li>\n<li class=\"tw-text-xs\">Gummizug an \u00c4rmeln und Saum<\/li>\n<li class=\"tw-text-xs\">Ideales Kleidungsst\u00fcck f\u00fcr verschiedene Outdoor-Aktivit\u00e4ten<\/li>\n<li class=\"tw-text-xs\">Gewicht: 350,0 g<\/li>\n<\/ul>\n<h3 style=\"text-align: center;\">Vorteile<\/h3>\n<div class=\"content__image-wrapper tw-w-fit\">\n<div class=\"content__image tw-relative tw-w-[3.2rem]\"><img loading=\"lazy\" decoding=\"async\" class=\"tw-absolute tw-top-0 tw-left-0 tw-w-full tw-h-full\" src=\"https:\/\/www.montura.com\/cdn\/shop\/files\/004_Breathable_Black.svg?v=1709125473&amp;width=200\" srcset=\"\/\/www.montura.com\/cdn\/shop\/files\/004_Breathable_Black.svg?v=1709125473&amp;width=200 200w\" alt=\"\" width=\"51\" height=\"51\" \/><\/div>\n<div>\n<h3 class=\"tw-text-s tw-pt-[1.2rem] tw-pb-[0.4rem] tw-font-medium\">Atmungsaktiv<\/h3>\n<p class=\"tw-text-greyish-brown tw-text-xs tw-pt-[0.4rem]\">Dank atmungsaktiver Stoffe unterst\u00fctzt dieses Kleidungsst\u00fcck die nat\u00fcrliche Transpiration der Haut und h\u00e4lt den K\u00f6rper stets in der optimalen Temperatur.<\/p>\n<\/div>\n<\/div>\n<\/div>\n<p>&nbsp;<\/p>\n<div class=\"product-attribute product-attribute-passion\">\n<div class=\"product-info-main\">\n<div class=\"product-attribute product-attribute-passion\">\n<div class=\"texture-images\">\n<div class=\"content__image-wrapper tw-w-fit\">\n<div class=\"content__image tw-relative tw-w-[3.2rem]\"><img loading=\"lazy\" decoding=\"async\" class=\"tw-absolute tw-top-0 tw-left-0 tw-w-full tw-h-full\" src=\"https:\/\/www.montura.com\/cdn\/shop\/files\/012_RecycledMaterial_Black.svg?v=1709125426&amp;width=200\" srcset=\"\/\/www.montura.com\/cdn\/shop\/files\/012_RecycledMaterial_Black.svg?v=1709125426&amp;width=200 200w\" alt=\"\" width=\"50\" height=\"50\" \/><\/div>\n<\/div>\n<\/div>\n<div>\n<h3 class=\"tw-text-s tw-pt-[1.2rem] tw-pb-[0.4rem] tw-font-medium\">Recycelte Materialien<\/h3>\n<p class=\"tw-text-greyish-brown tw-text-xs tw-pt-[0.4rem]\">Dieses Produkt wird aus recycelten Materialien hergestellt und tr\u00e4gt dazu bei, Abfall und die Verwendung neuer Materialien zu reduzieren.<\/p>\n<\/div>\n<p>&nbsp;<\/p>\n<\/div>\n<\/div>\n<\/div>\n","protected":false},"excerpt":{"rendered":"<ul>\n<li>Zweite Schicht aus Thermofleece-Gewebe<\/li>\n<li>Ideal f\u00fcr Outdoor-Aktivit\u00e4ten<\/li>\n<\/ul>\n","protected":false},"featured_media":208142,"template":"","meta":{"_acf_changed":false,"inline_featured_image":false},"product_brand":[],"product_cat":[6400,6401,6486],"product_tag":[3379,6254],"class_list":{"0":"post-205443","1":"product","2":"type-product","3":"status-publish","4":"has-post-thumbnail","6":"product_cat-damen","7":"product_cat-damenbekleidung","8":"product_cat-damenlangarmshirts","9":"product_tag-montura-de","10":"product_tag-montura-damen-de","11":"pa_attivita-gehen","12":"pa_attivita-outdoor-de","13":"pa_colore-stretch-2-maglia-w-black-de","14":"pa_marca-montura-de","15":"pa_sesso-damen","16":"pa_size-small-de","17":"pa_size-medium-de","18":"pa_size-large-de","20":"first","21":"instock","22":"sale","23":"taxable","24":"shipping-taxable","25":"purchasable","26":"product-type-variable","27":"wvs-archive-product-wrapper"},"acf":[],"yoast_head":"<!-- This site is optimized with the Yoast SEO plugin v26.8 - https:\/\/yoast.com\/product\/yoast-seo-wordpress\/ -->\n<title>Montura Stretch 2 Trikot damen - Winter-Trikot - MioMioRun<\/title>\n<meta name=\"description\" content=\"Stretch 2 Fleece f\u00fcr Frauen warm und bequem: perfekt zum Bergsteigen, Wandern und Skifahren Diese Jacke mit durchgehendem Rei\u00dfverschluss ist aus Thermofleece\" \/>\n<meta name=\"robots\" content=\"index, follow, max-snippet:-1, max-image-preview:large, max-video-preview:-1\" \/>\n<link rel=\"canonical\" href=\"https:\/\/www.miomiorun.com\/de\/produkt\/stretch-2-trikot-damen\/\" \/>\n<meta property=\"og:locale\" content=\"de_DE\" \/>\n<meta property=\"og:type\" content=\"article\" \/>\n<meta property=\"og:title\" content=\"Montura Stretch 2 Trikot damen - Winter-Trikot - MioMioRun\" \/>\n<meta property=\"og:description\" content=\"Stretch 2 Fleece f\u00fcr Frauen warm und bequem: perfekt zum Bergsteigen, Wandern und Skifahren Diese Jacke mit durchgehendem Rei\u00dfverschluss ist aus Thermofleece\" \/>\n<meta property=\"og:url\" content=\"https:\/\/www.miomiorun.com\/de\/produkt\/stretch-2-trikot-damen\/\" \/>\n<meta property=\"og:site_name\" content=\"MioMioRun\" \/>\n<meta property=\"article:publisher\" content=\"https:\/\/www.facebook.com\/miomiorun\/\" \/>\n<meta property=\"article:modified_time\" content=\"2025-03-21T11:05:23+00:00\" \/>\n<meta property=\"og:image\" content=\"https:\/\/www.miomiorun.com\/app\/uploads\/2024\/10\/montura-Stretch-2-maglia-W-light-rose-MMAP46W.01.webp\" \/>\n\t<meta property=\"og:image:width\" content=\"600\" \/>\n\t<meta property=\"og:image:height\" content=\"600\" \/>\n\t<meta property=\"og:image:type\" content=\"image\/webp\" \/>\n<meta name=\"twitter:card\" content=\"summary_large_image\" \/>\n<meta name=\"twitter:label1\" content=\"Est. reading time\" \/>\n\t<meta name=\"twitter:data1\" content=\"1 minute\" \/>\n<script type=\"application\/ld+json\" class=\"yoast-schema-graph\">{\"@context\":\"https:\/\/schema.org\",\"@graph\":[{\"@type\":\"WebPage\",\"@id\":\"https:\/\/www.miomiorun.com\/de\/produkt\/stretch-2-trikot-damen\/\",\"url\":\"https:\/\/www.miomiorun.com\/de\/produkt\/stretch-2-trikot-damen\/\",\"name\":\"Montura Stretch 2 Trikot damen - Winter-Trikot - MioMioRun\",\"isPartOf\":{\"@id\":\"https:\/\/www.miomiorun.com\/de\/#website\"},\"primaryImageOfPage\":{\"@id\":\"https:\/\/www.miomiorun.com\/de\/produkt\/stretch-2-trikot-damen\/#primaryimage\"},\"image\":{\"@id\":\"https:\/\/www.miomiorun.com\/de\/produkt\/stretch-2-trikot-damen\/#primaryimage\"},\"thumbnailUrl\":\"https:\/\/www.miomiorun.com\/app\/uploads\/2024\/10\/montura-Stretch-2-maglia-W-light-rose-MMAP46W.01.webp\",\"datePublished\":\"2024-10-01T11:59:41+00:00\",\"dateModified\":\"2025-03-21T11:05:23+00:00\",\"description\":\"Stretch 2 Fleece f\u00fcr Frauen warm und bequem: perfekt zum Bergsteigen, Wandern und Skifahren Diese Jacke mit durchgehendem Rei\u00dfverschluss ist aus Thermofleece\",\"breadcrumb\":{\"@id\":\"https:\/\/www.miomiorun.com\/de\/produkt\/stretch-2-trikot-damen\/#breadcrumb\"},\"inLanguage\":\"de-DE\",\"potentialAction\":[{\"@type\":\"ReadAction\",\"target\":[\"https:\/\/www.miomiorun.com\/de\/produkt\/stretch-2-trikot-damen\/\"]}]},{\"@type\":\"ImageObject\",\"inLanguage\":\"de-DE\",\"@id\":\"https:\/\/www.miomiorun.com\/de\/produkt\/stretch-2-trikot-damen\/#primaryimage\",\"url\":\"https:\/\/www.miomiorun.com\/app\/uploads\/2024\/10\/montura-Stretch-2-maglia-W-light-rose-MMAP46W.01.webp\",\"contentUrl\":\"https:\/\/www.miomiorun.com\/app\/uploads\/2024\/10\/montura-Stretch-2-maglia-W-light-rose-MMAP46W.01.webp\",\"width\":600,\"height\":600,\"caption\":\"montura Stretch 2 maglia W light rose MMAP46W.01\"},{\"@type\":\"BreadcrumbList\",\"@id\":\"https:\/\/www.miomiorun.com\/de\/produkt\/stretch-2-trikot-damen\/#breadcrumb\",\"itemListElement\":[{\"@type\":\"ListItem\",\"position\":1,\"name\":\"Home\",\"item\":\"https:\/\/www.miomiorun.com\/de\/\"},{\"@type\":\"ListItem\",\"position\":2,\"name\":\"Shop\",\"item\":\"https:\/\/www.miomiorun.com\/shop\/\"},{\"@type\":\"ListItem\",\"position\":3,\"name\":\"Stretch 2 Trikot damen\"}]},{\"@type\":\"WebSite\",\"@id\":\"https:\/\/www.miomiorun.com\/de\/#website\",\"url\":\"https:\/\/www.miomiorun.com\/de\/\",\"name\":\"MioMioRun\",\"description\":\"100% Lauf- und Trailshop\",\"publisher\":{\"@id\":\"https:\/\/www.miomiorun.com\/de\/#organization\"},\"potentialAction\":[{\"@type\":\"SearchAction\",\"target\":{\"@type\":\"EntryPoint\",\"urlTemplate\":\"https:\/\/www.miomiorun.com\/de\/?s={search_term_string}\"},\"query-input\":{\"@type\":\"PropertyValueSpecification\",\"valueRequired\":true,\"valueName\":\"search_term_string\"}}],\"inLanguage\":\"de-DE\"},{\"@type\":\"Organization\",\"@id\":\"https:\/\/www.miomiorun.com\/de\/#organization\",\"name\":\"MioMio Run\",\"url\":\"https:\/\/www.miomiorun.com\/de\/\",\"logo\":{\"@type\":\"ImageObject\",\"inLanguage\":\"de-DE\",\"@id\":\"https:\/\/www.miomiorun.com\/de\/#\/schema\/logo\/image\/\",\"url\":\"https:\/\/www.miomiorun.com\/app\/uploads\/2019\/12\/logomio.png\",\"contentUrl\":\"https:\/\/www.miomiorun.com\/app\/uploads\/2019\/12\/logomio.png\",\"width\":115,\"height\":82,\"caption\":\"MioMio Run\"},\"image\":{\"@id\":\"https:\/\/www.miomiorun.com\/de\/#\/schema\/logo\/image\/\"},\"sameAs\":[\"https:\/\/www.facebook.com\/miomiorun\/\",\"https:\/\/www.instagram.com\/miomiorun\/\"]}]}<\/script>\n<!-- \/ Yoast SEO plugin. -->","yoast_head_json":{"title":"Montura Stretch 2 Trikot damen - Winter-Trikot - MioMioRun","description":"Stretch 2 Fleece f\u00fcr Frauen warm und bequem: perfekt zum Bergsteigen, Wandern und Skifahren Diese Jacke mit durchgehendem Rei\u00dfverschluss ist aus Thermofleece","robots":{"index":"index","follow":"follow","max-snippet":"max-snippet:-1","max-image-preview":"max-image-preview:large","max-video-preview":"max-video-preview:-1"},"canonical":"https:\/\/www.miomiorun.com\/de\/produkt\/stretch-2-trikot-damen\/","og_locale":"de_DE","og_type":"article","og_title":"Montura Stretch 2 Trikot damen - Winter-Trikot - MioMioRun","og_description":"Stretch 2 Fleece f\u00fcr Frauen warm und bequem: perfekt zum Bergsteigen, Wandern und Skifahren Diese Jacke mit durchgehendem Rei\u00dfverschluss ist aus Thermofleece","og_url":"https:\/\/www.miomiorun.com\/de\/produkt\/stretch-2-trikot-damen\/","og_site_name":"MioMioRun","article_publisher":"https:\/\/www.facebook.com\/miomiorun\/","article_modified_time":"2025-03-21T11:05:23+00:00","og_image":[{"width":600,"height":600,"url":"https:\/\/www.miomiorun.com\/app\/uploads\/2024\/10\/montura-Stretch-2-maglia-W-light-rose-MMAP46W.01.webp","type":"image\/webp"}],"twitter_card":"summary_large_image","twitter_misc":{"Est. reading time":"1 minute"},"schema":{"@context":"https:\/\/schema.org","@graph":[{"@type":"WebPage","@id":"https:\/\/www.miomiorun.com\/de\/produkt\/stretch-2-trikot-damen\/","url":"https:\/\/www.miomiorun.com\/de\/produkt\/stretch-2-trikot-damen\/","name":"Montura Stretch 2 Trikot damen - Winter-Trikot - MioMioRun","isPartOf":{"@id":"https:\/\/www.miomiorun.com\/de\/#website"},"primaryImageOfPage":{"@id":"https:\/\/www.miomiorun.com\/de\/produkt\/stretch-2-trikot-damen\/#primaryimage"},"image":{"@id":"https:\/\/www.miomiorun.com\/de\/produkt\/stretch-2-trikot-damen\/#primaryimage"},"thumbnailUrl":"https:\/\/www.miomiorun.com\/app\/uploads\/2024\/10\/montura-Stretch-2-maglia-W-light-rose-MMAP46W.01.webp","datePublished":"2024-10-01T11:59:41+00:00","dateModified":"2025-03-21T11:05:23+00:00","description":"Stretch 2 Fleece f\u00fcr Frauen warm und bequem: perfekt zum Bergsteigen, Wandern und Skifahren Diese Jacke mit durchgehendem Rei\u00dfverschluss ist aus Thermofleece","breadcrumb":{"@id":"https:\/\/www.miomiorun.com\/de\/produkt\/stretch-2-trikot-damen\/#breadcrumb"},"inLanguage":"de-DE","potentialAction":[{"@type":"ReadAction","target":["https:\/\/www.miomiorun.com\/de\/produkt\/stretch-2-trikot-damen\/"]}]},{"@type":"ImageObject","inLanguage":"de-DE","@id":"https:\/\/www.miomiorun.com\/de\/produkt\/stretch-2-trikot-damen\/#primaryimage","url":"https:\/\/www.miomiorun.com\/app\/uploads\/2024\/10\/montura-Stretch-2-maglia-W-light-rose-MMAP46W.01.webp","contentUrl":"https:\/\/www.miomiorun.com\/app\/uploads\/2024\/10\/montura-Stretch-2-maglia-W-light-rose-MMAP46W.01.webp","width":600,"height":600,"caption":"montura Stretch 2 maglia W light rose MMAP46W.01"},{"@type":"BreadcrumbList","@id":"https:\/\/www.miomiorun.com\/de\/produkt\/stretch-2-trikot-damen\/#breadcrumb","itemListElement":[{"@type":"ListItem","position":1,"name":"Home","item":"https:\/\/www.miomiorun.com\/de\/"},{"@type":"ListItem","position":2,"name":"Shop","item":"https:\/\/www.miomiorun.com\/shop\/"},{"@type":"ListItem","position":3,"name":"Stretch 2 Trikot damen"}]},{"@type":"WebSite","@id":"https:\/\/www.miomiorun.com\/de\/#website","url":"https:\/\/www.miomiorun.com\/de\/","name":"MioMioRun","description":"100% Lauf- und Trailshop","publisher":{"@id":"https:\/\/www.miomiorun.com\/de\/#organization"},"potentialAction":[{"@type":"SearchAction","target":{"@type":"EntryPoint","urlTemplate":"https:\/\/www.miomiorun.com\/de\/?s={search_term_string}"},"query-input":{"@type":"PropertyValueSpecification","valueRequired":true,"valueName":"search_term_string"}}],"inLanguage":"de-DE"},{"@type":"Organization","@id":"https:\/\/www.miomiorun.com\/de\/#organization","name":"MioMio Run","url":"https:\/\/www.miomiorun.com\/de\/","logo":{"@type":"ImageObject","inLanguage":"de-DE","@id":"https:\/\/www.miomiorun.com\/de\/#\/schema\/logo\/image\/","url":"https:\/\/www.miomiorun.com\/app\/uploads\/2019\/12\/logomio.png","contentUrl":"https:\/\/www.miomiorun.com\/app\/uploads\/2019\/12\/logomio.png","width":115,"height":82,"caption":"MioMio Run"},"image":{"@id":"https:\/\/www.miomiorun.com\/de\/#\/schema\/logo\/image\/"},"sameAs":["https:\/\/www.facebook.com\/miomiorun\/","https:\/\/www.instagram.com\/miomiorun\/"]}]}},"_links":{"self":[{"href":"https:\/\/www.miomiorun.com\/de\/wp-json\/wp\/v2\/product\/205443","targetHints":{"allow":["GET"]}}],"collection":[{"href":"https:\/\/www.miomiorun.com\/de\/wp-json\/wp\/v2\/product"}],"about":[{"href":"https:\/\/www.miomiorun.com\/de\/wp-json\/wp\/v2\/types\/product"}],"wp:featuredmedia":[{"embeddable":true,"href":"https:\/\/www.miomiorun.com\/de\/wp-json\/wp\/v2\/media\/208142"}],"wp:attachment":[{"href":"https:\/\/www.miomiorun.com\/de\/wp-json\/wp\/v2\/media?parent=205443"}],"wp:term":[{"taxonomy":"product_brand","embeddable":true,"href":"https:\/\/www.miomiorun.com\/de\/wp-json\/wp\/v2\/product_brand?post=205443"},{"taxonomy":"product_cat","embeddable":true,"href":"https:\/\/www.miomiorun.com\/de\/wp-json\/wp\/v2\/product_cat?post=205443"},{"taxonomy":"product_tag","embeddable":true,"href":"https:\/\/www.miomiorun.com\/de\/wp-json\/wp\/v2\/product_tag?post=205443"}],"curies":[{"name":"wp","href":"https:\/\/api.w.org\/{rel}","templated":true}]}}