{"id":205405,"date":"2024-10-01T13:49:00","date_gmt":"2024-10-01T11:49:00","guid":{"rendered":"https:\/\/miomiorun.com\/?post_type=product&#038;p=205405"},"modified":"2025-03-21T12:09:19","modified_gmt":"2025-03-21T11:09:19","slug":"dolomiti-hooded-jacket-herren","status":"publish","type":"product","link":"https:\/\/www.miomiorun.com\/de\/produkt\/dolomiti-hooded-jacket-herren\/","title":{"rendered":"Dolomiti Hooded Jacket herren"},"content":{"rendered":"<h3>Warme und bequeme <strong>Dolomiti-Kapuzenjacke<\/strong> f\u00fcr Herren: ideal f\u00fcr Trekking und Alltag.<\/h3>\n<p>Diese wattierte Jacke aus einlagigem Pro-Meteo-Gewebe sch\u00fctzt Sie bei Ihren Outdoor-Abenteuern und in der Stadt vor Wind.<\/p>\n<p>Die ultraleichte Comfortemp\u00ae Synthetikwattierung h\u00e4lt Sie den ganzen Tag \u00fcber warm. Au\u00dferdem sch\u00fctzt dich das Nylongewebe mit PFAS-freier, wasserabweisender DWR-Behandlung bei leichtem Regen. Wenn Sie sie nicht tragen, k\u00f6nnen Sie sie in der praktischen integrierten Tasche zusammenfalten und in Ihren Rucksack stecken. Zwei Hand- und eine Innentasche mit Rei\u00dfverschluss bewahren Ihre pers\u00f6nlichen Gegenst\u00e4nde sicher auf, w\u00e4hrend die elastische Kapuze und die \u00c4rmelb\u00fcndchen sowie der verstellbare Saum perfekt sitzen. Die Herren-Kapuzenjacke Dolomiti eignet sich perfekt f\u00fcr Wanderungen, Mehrtagestouren und Besorgungen.<\/p>\n<p><strong>Eigenschaften:<\/strong><\/p>\n<ul class=\"tw-list-disc\">\n<li class=\"tw-text-xs\">Wattierte Herrenjacke mit Kapuze<\/li>\n<li class=\"tw-text-xs\">DWR-Nylon-Gewebe<\/li>\n<li class=\"tw-text-xs\">Ultraleichte F\u00fcllung aus Comfortemp\u00ae Polyester 80gr<\/li>\n<li class=\"tw-text-xs\">Ultraleichte Sekund\u00e4rf\u00fcllung aus Comfortemp\u00ae Polyester 60gr<\/li>\n<li class=\"tw-text-xs\">Rei\u00dfverschluss vorne in der Mitte, Rei\u00dfverschlusstaschen an den H\u00e4nden<\/li>\n<li class=\"tw-text-xs\">Innentasche mit Rei\u00dfverschluss<\/li>\n<li class=\"tw-text-xs\">Verstaubare Tasche<\/li>\n<li class=\"tw-text-xs\">Kapuze und \u00c4rmelb\u00fcndchen mit elastischem Abschluss<\/li>\n<li class=\"tw-text-xs\">Unten mit Verstellung<\/li>\n<li class=\"tw-text-xs\">Ideales Kleidungsst\u00fcck f\u00fcr verschiedene Outdoor-Aktivit\u00e4ten und Freizeitaktivit\u00e4ten<\/li>\n<li class=\"tw-text-xs\">Gewicht: 440,0 g<\/li>\n<\/ul>\n<h3 style=\"text-align: center;\">Vorteile<\/h3>\n<p>&nbsp;<\/p>\n<div class=\"content__image-wrapper tw-w-fit\">\n<div class=\"content__image tw-relative tw-w-[3.2rem]\"><img loading=\"lazy\" decoding=\"async\" class=\"tw-absolute tw-top-0 tw-left-0 tw-w-full tw-h-full\" src=\"https:\/\/www.montura.com\/cdn\/shop\/files\/002_WaterResistantDWR_Black.svg?v=1709125500&amp;width=200\" srcset=\"\/\/www.montura.com\/cdn\/shop\/files\/002_WaterResistantDWR_Black.svg?v=1709125500&amp;width=200 200w\" alt=\"\" width=\"50\" height=\"50\" \/><\/div>\n<div>\n<h3 class=\"tw-text-s tw-pt-[1.2rem] tw-pb-[0.4rem] tw-font-medium\">Wasserabweisend (DWR)<\/h3>\n<p class=\"tw-text-greyish-brown tw-text-xs tw-pt-[0.4rem]\">Eine wasserabweisende Schicht, die auf das Gewebe aufgebracht wird, bietet einen leichten Schutz vor Feuchtigkeit von au\u00dfen.<\/p>\n<\/div>\n<\/div>\n<div class=\"content__image-wrapper tw-w-fit\">\n<div><\/div>\n<div class=\"content__image tw-relative tw-w-[3.2rem]\"><img loading=\"lazy\" decoding=\"async\" class=\"tw-absolute tw-top-0 tw-left-0 tw-w-full tw-h-full\" src=\"https:\/\/www.montura.com\/cdn\/shop\/files\/003_Windproof_Black.svg?v=1709125529&amp;width=200\" srcset=\"\/\/www.montura.com\/cdn\/shop\/files\/003_Windproof_Black.svg?v=1709125529&amp;width=200 200w\" alt=\"\" width=\"50\" height=\"50\" \/><\/div>\n<div>\n<h3 class=\"tw-text-s tw-pt-[1.2rem] tw-pb-[0.4rem] tw-font-medium\">Winddicht<\/h3>\n<p class=\"tw-text-greyish-brown tw-text-xs tw-pt-[0.4rem]\">Das Gewebe verhindert das Eindringen von Wind und verringert so das Risiko des Ausk\u00fchlens.<\/p>\n<\/div>\n<\/div>\n<p>&nbsp;<\/p>\n<div class=\"content__image-wrapper tw-w-fit\">\n<div class=\"content__image tw-relative tw-w-[3.2rem]\"><img loading=\"lazy\" decoding=\"async\" class=\"tw-absolute tw-top-0 tw-left-0 tw-w-full tw-h-full\" src=\"https:\/\/www.montura.com\/cdn\/shop\/files\/024_PFAS_free_Black.svg?v=1724232112&amp;width=200\" srcset=\"\/\/www.montura.com\/cdn\/shop\/files\/024_PFAS_free_Black.svg?v=1724232112&amp;width=200 200w\" alt=\"\" width=\"49\" height=\"49\" \/><\/div>\n<\/div>\n<div class=\"content__image-wrapper tw-w-fit\">\n<div>\n<h3 class=\"tw-text-s tw-pt-[1.2rem] tw-pb-[0.4rem] tw-font-medium\">PFAS-FREI<\/h3>\n<p class=\"tw-text-greyish-brown tw-text-xs tw-pt-[0.4rem]\">Ein PFAS-freies Kleidungsst\u00fcck wird aus Materialien hergestellt, die frei von wasserabweisenden Behandlungen auf der Basis von perfluorierten und polyphlorierten Verbindungen (PFAS) sind, die sch\u00e4dlich f\u00fcr die Umwelt und Lebewesen sind. Die Stoffe werden mit einer umweltfreundlichen, nicht fluorierten, wasserabweisenden Ausr\u00fcstung auf pflanzlicher Basis behandelt, die eine dauerhafte Wasserabweisung garantiert.<\/p>\n<\/div>\n<\/div>\n<p>&nbsp;<\/p>\n<div class=\"content__image-wrapper tw-w-fit\">\n<div class=\"content__image tw-relative tw-w-[3.2rem]\"><img loading=\"lazy\" decoding=\"async\" class=\"tw-absolute tw-top-0 tw-left-0 tw-w-full tw-h-full\" src=\"https:\/\/www.montura.com\/cdn\/shop\/files\/012_RecycledMaterial_Black.svg?v=1709125426&amp;width=200\" srcset=\"\/\/www.montura.com\/cdn\/shop\/files\/012_RecycledMaterial_Black.svg?v=1709125426&amp;width=200 200w\" alt=\"\" width=\"49\" height=\"49\" \/><\/div>\n<div>\n<h3 class=\"tw-text-s tw-pt-[1.2rem] tw-pb-[0.4rem] tw-font-medium\">Recycelte Materialien<\/h3>\n<p class=\"tw-text-greyish-brown tw-text-xs tw-pt-[0.4rem]\">Dieses Produkt wird aus recycelten Materialien hergestellt und tr\u00e4gt dazu bei, Abfall und die Verwendung neuer Materialien zu reduzieren.<\/p>\n<\/div>\n<\/div>\n<p>&nbsp;<\/p>\n<p>&nbsp;<\/p>\n","protected":false},"excerpt":{"rendered":"<ul>\n<li>Perfekte Jacke f\u00fcr Wanderungen in den Bergen.<\/li>\n<li>Sch\u00fctzt Sie vor Wind und leichtem Regen.<\/li>\n<\/ul>\n","protected":false},"featured_media":208131,"template":"","meta":{"_acf_changed":false,"inline_featured_image":false},"product_brand":[],"product_cat":[6540,6512],"product_tag":[3379,6270],"class_list":{"0":"post-205405","1":"product","2":"type-product","3":"status-publish","4":"has-post-thumbnail","6":"product_cat-herrenbekleidung","7":"product_cat-jacken","8":"product_tag-montura-de","9":"product_tag-montura-herren-de","10":"pa_attivita-gehen","11":"pa_attivita-lifestyle-de","12":"pa_attivita-outdoor-de","13":"pa_colore-dolomiti-hooded-jacket-verde-salvia-bron-de","14":"pa_marca-montura-de","15":"pa_sesso-herren","16":"pa_size-small-de","17":"pa_size-large-de","18":"pa_size-extra-large-de","20":"first","21":"instock","22":"sale","23":"taxable","24":"shipping-taxable","25":"purchasable","26":"product-type-variable","27":"wvs-archive-product-wrapper"},"acf":[],"yoast_head":"<!-- This site is optimized with the Yoast SEO plugin v26.8 - https:\/\/yoast.com\/product\/yoast-seo-wordpress\/ -->\n<title>Montura Dolomiti Hooded Jacket herren - Herren-Jacke - MioMioRun<\/title>\n<meta name=\"description\" content=\"Warme und bequeme Herren-Kapuzenjacke Dolomiti aus einlagigem Pro-Meteo-Gewebe: ideal f\u00fcr Trekking und Alltag. Mehr Informationen auf unserer Website\" \/>\n<meta name=\"robots\" content=\"index, follow, max-snippet:-1, max-image-preview:large, max-video-preview:-1\" \/>\n<link rel=\"canonical\" href=\"https:\/\/www.miomiorun.com\/de\/produkt\/dolomiti-hooded-jacket-herren\/\" \/>\n<meta property=\"og:locale\" content=\"de_DE\" \/>\n<meta property=\"og:type\" content=\"article\" \/>\n<meta property=\"og:title\" content=\"Montura Dolomiti Hooded Jacket herren - Herren-Jacke - MioMioRun\" \/>\n<meta property=\"og:description\" content=\"Warme und bequeme Herren-Kapuzenjacke Dolomiti aus einlagigem Pro-Meteo-Gewebe: ideal f\u00fcr Trekking und Alltag. Mehr Informationen auf unserer Website\" \/>\n<meta property=\"og:url\" content=\"https:\/\/www.miomiorun.com\/de\/produkt\/dolomiti-hooded-jacket-herren\/\" \/>\n<meta property=\"og:site_name\" content=\"MioMioRun\" \/>\n<meta property=\"article:publisher\" content=\"https:\/\/www.facebook.com\/miomiorun\/\" \/>\n<meta property=\"article:modified_time\" content=\"2025-03-21T11:09:19+00:00\" \/>\n<meta property=\"og:image\" content=\"https:\/\/www.miomiorun.com\/app\/uploads\/2024\/10\/montura-Dolomiti-hooded-jacket-verde-salvia-bron-MJAD50X.49140.webp\" \/>\n\t<meta property=\"og:image:width\" content=\"600\" \/>\n\t<meta property=\"og:image:height\" content=\"600\" \/>\n\t<meta property=\"og:image:type\" content=\"image\/webp\" \/>\n<meta name=\"twitter:card\" content=\"summary_large_image\" \/>\n<meta name=\"twitter:label1\" content=\"Est. reading time\" \/>\n\t<meta name=\"twitter:data1\" content=\"2 minutes\" \/>\n<script type=\"application\/ld+json\" class=\"yoast-schema-graph\">{\"@context\":\"https:\/\/schema.org\",\"@graph\":[{\"@type\":\"WebPage\",\"@id\":\"https:\/\/www.miomiorun.com\/de\/produkt\/dolomiti-hooded-jacket-herren\/\",\"url\":\"https:\/\/www.miomiorun.com\/de\/produkt\/dolomiti-hooded-jacket-herren\/\",\"name\":\"Montura Dolomiti Hooded Jacket herren - Herren-Jacke - MioMioRun\",\"isPartOf\":{\"@id\":\"https:\/\/www.miomiorun.com\/de\/#website\"},\"primaryImageOfPage\":{\"@id\":\"https:\/\/www.miomiorun.com\/de\/produkt\/dolomiti-hooded-jacket-herren\/#primaryimage\"},\"image\":{\"@id\":\"https:\/\/www.miomiorun.com\/de\/produkt\/dolomiti-hooded-jacket-herren\/#primaryimage\"},\"thumbnailUrl\":\"https:\/\/www.miomiorun.com\/app\/uploads\/2024\/10\/montura-Dolomiti-hooded-jacket-verde-salvia-bron-MJAD50X.49140.webp\",\"datePublished\":\"2024-10-01T11:49:00+00:00\",\"dateModified\":\"2025-03-21T11:09:19+00:00\",\"description\":\"Warme und bequeme Herren-Kapuzenjacke Dolomiti aus einlagigem Pro-Meteo-Gewebe: ideal f\u00fcr Trekking und Alltag. Mehr Informationen auf unserer Website\",\"breadcrumb\":{\"@id\":\"https:\/\/www.miomiorun.com\/de\/produkt\/dolomiti-hooded-jacket-herren\/#breadcrumb\"},\"inLanguage\":\"de-DE\",\"potentialAction\":[{\"@type\":\"ReadAction\",\"target\":[\"https:\/\/www.miomiorun.com\/de\/produkt\/dolomiti-hooded-jacket-herren\/\"]}]},{\"@type\":\"ImageObject\",\"inLanguage\":\"de-DE\",\"@id\":\"https:\/\/www.miomiorun.com\/de\/produkt\/dolomiti-hooded-jacket-herren\/#primaryimage\",\"url\":\"https:\/\/www.miomiorun.com\/app\/uploads\/2024\/10\/montura-Dolomiti-hooded-jacket-verde-salvia-bron-MJAD50X.49140.webp\",\"contentUrl\":\"https:\/\/www.miomiorun.com\/app\/uploads\/2024\/10\/montura-Dolomiti-hooded-jacket-verde-salvia-bron-MJAD50X.49140.webp\",\"width\":600,\"height\":600,\"caption\":\"montura Dolomiti hooded jacket verde salvia bron MJAD50X.49140\"},{\"@type\":\"BreadcrumbList\",\"@id\":\"https:\/\/www.miomiorun.com\/de\/produkt\/dolomiti-hooded-jacket-herren\/#breadcrumb\",\"itemListElement\":[{\"@type\":\"ListItem\",\"position\":1,\"name\":\"Home\",\"item\":\"https:\/\/www.miomiorun.com\/de\/\"},{\"@type\":\"ListItem\",\"position\":2,\"name\":\"Shop\",\"item\":\"https:\/\/www.miomiorun.com\/shop\/\"},{\"@type\":\"ListItem\",\"position\":3,\"name\":\"Dolomiti Hooded Jacket herren\"}]},{\"@type\":\"WebSite\",\"@id\":\"https:\/\/www.miomiorun.com\/de\/#website\",\"url\":\"https:\/\/www.miomiorun.com\/de\/\",\"name\":\"MioMioRun\",\"description\":\"100% Lauf- und Trailshop\",\"publisher\":{\"@id\":\"https:\/\/www.miomiorun.com\/de\/#organization\"},\"potentialAction\":[{\"@type\":\"SearchAction\",\"target\":{\"@type\":\"EntryPoint\",\"urlTemplate\":\"https:\/\/www.miomiorun.com\/de\/?s={search_term_string}\"},\"query-input\":{\"@type\":\"PropertyValueSpecification\",\"valueRequired\":true,\"valueName\":\"search_term_string\"}}],\"inLanguage\":\"de-DE\"},{\"@type\":\"Organization\",\"@id\":\"https:\/\/www.miomiorun.com\/de\/#organization\",\"name\":\"MioMio Run\",\"url\":\"https:\/\/www.miomiorun.com\/de\/\",\"logo\":{\"@type\":\"ImageObject\",\"inLanguage\":\"de-DE\",\"@id\":\"https:\/\/www.miomiorun.com\/de\/#\/schema\/logo\/image\/\",\"url\":\"https:\/\/www.miomiorun.com\/app\/uploads\/2019\/12\/logomio.png\",\"contentUrl\":\"https:\/\/www.miomiorun.com\/app\/uploads\/2019\/12\/logomio.png\",\"width\":115,\"height\":82,\"caption\":\"MioMio Run\"},\"image\":{\"@id\":\"https:\/\/www.miomiorun.com\/de\/#\/schema\/logo\/image\/\"},\"sameAs\":[\"https:\/\/www.facebook.com\/miomiorun\/\",\"https:\/\/www.instagram.com\/miomiorun\/\"]}]}<\/script>\n<!-- \/ Yoast SEO plugin. -->","yoast_head_json":{"title":"Montura Dolomiti Hooded Jacket herren - Herren-Jacke - MioMioRun","description":"Warme und bequeme Herren-Kapuzenjacke Dolomiti aus einlagigem Pro-Meteo-Gewebe: ideal f\u00fcr Trekking und Alltag. Mehr Informationen auf unserer Website","robots":{"index":"index","follow":"follow","max-snippet":"max-snippet:-1","max-image-preview":"max-image-preview:large","max-video-preview":"max-video-preview:-1"},"canonical":"https:\/\/www.miomiorun.com\/de\/produkt\/dolomiti-hooded-jacket-herren\/","og_locale":"de_DE","og_type":"article","og_title":"Montura Dolomiti Hooded Jacket herren - Herren-Jacke - MioMioRun","og_description":"Warme und bequeme Herren-Kapuzenjacke Dolomiti aus einlagigem Pro-Meteo-Gewebe: ideal f\u00fcr Trekking und Alltag. Mehr Informationen auf unserer Website","og_url":"https:\/\/www.miomiorun.com\/de\/produkt\/dolomiti-hooded-jacket-herren\/","og_site_name":"MioMioRun","article_publisher":"https:\/\/www.facebook.com\/miomiorun\/","article_modified_time":"2025-03-21T11:09:19+00:00","og_image":[{"width":600,"height":600,"url":"https:\/\/www.miomiorun.com\/app\/uploads\/2024\/10\/montura-Dolomiti-hooded-jacket-verde-salvia-bron-MJAD50X.49140.webp","type":"image\/webp"}],"twitter_card":"summary_large_image","twitter_misc":{"Est. reading time":"2 minutes"},"schema":{"@context":"https:\/\/schema.org","@graph":[{"@type":"WebPage","@id":"https:\/\/www.miomiorun.com\/de\/produkt\/dolomiti-hooded-jacket-herren\/","url":"https:\/\/www.miomiorun.com\/de\/produkt\/dolomiti-hooded-jacket-herren\/","name":"Montura Dolomiti Hooded Jacket herren - Herren-Jacke - MioMioRun","isPartOf":{"@id":"https:\/\/www.miomiorun.com\/de\/#website"},"primaryImageOfPage":{"@id":"https:\/\/www.miomiorun.com\/de\/produkt\/dolomiti-hooded-jacket-herren\/#primaryimage"},"image":{"@id":"https:\/\/www.miomiorun.com\/de\/produkt\/dolomiti-hooded-jacket-herren\/#primaryimage"},"thumbnailUrl":"https:\/\/www.miomiorun.com\/app\/uploads\/2024\/10\/montura-Dolomiti-hooded-jacket-verde-salvia-bron-MJAD50X.49140.webp","datePublished":"2024-10-01T11:49:00+00:00","dateModified":"2025-03-21T11:09:19+00:00","description":"Warme und bequeme Herren-Kapuzenjacke Dolomiti aus einlagigem Pro-Meteo-Gewebe: ideal f\u00fcr Trekking und Alltag. Mehr Informationen auf unserer Website","breadcrumb":{"@id":"https:\/\/www.miomiorun.com\/de\/produkt\/dolomiti-hooded-jacket-herren\/#breadcrumb"},"inLanguage":"de-DE","potentialAction":[{"@type":"ReadAction","target":["https:\/\/www.miomiorun.com\/de\/produkt\/dolomiti-hooded-jacket-herren\/"]}]},{"@type":"ImageObject","inLanguage":"de-DE","@id":"https:\/\/www.miomiorun.com\/de\/produkt\/dolomiti-hooded-jacket-herren\/#primaryimage","url":"https:\/\/www.miomiorun.com\/app\/uploads\/2024\/10\/montura-Dolomiti-hooded-jacket-verde-salvia-bron-MJAD50X.49140.webp","contentUrl":"https:\/\/www.miomiorun.com\/app\/uploads\/2024\/10\/montura-Dolomiti-hooded-jacket-verde-salvia-bron-MJAD50X.49140.webp","width":600,"height":600,"caption":"montura Dolomiti hooded jacket verde salvia bron MJAD50X.49140"},{"@type":"BreadcrumbList","@id":"https:\/\/www.miomiorun.com\/de\/produkt\/dolomiti-hooded-jacket-herren\/#breadcrumb","itemListElement":[{"@type":"ListItem","position":1,"name":"Home","item":"https:\/\/www.miomiorun.com\/de\/"},{"@type":"ListItem","position":2,"name":"Shop","item":"https:\/\/www.miomiorun.com\/shop\/"},{"@type":"ListItem","position":3,"name":"Dolomiti Hooded Jacket herren"}]},{"@type":"WebSite","@id":"https:\/\/www.miomiorun.com\/de\/#website","url":"https:\/\/www.miomiorun.com\/de\/","name":"MioMioRun","description":"100% Lauf- und Trailshop","publisher":{"@id":"https:\/\/www.miomiorun.com\/de\/#organization"},"potentialAction":[{"@type":"SearchAction","target":{"@type":"EntryPoint","urlTemplate":"https:\/\/www.miomiorun.com\/de\/?s={search_term_string}"},"query-input":{"@type":"PropertyValueSpecification","valueRequired":true,"valueName":"search_term_string"}}],"inLanguage":"de-DE"},{"@type":"Organization","@id":"https:\/\/www.miomiorun.com\/de\/#organization","name":"MioMio Run","url":"https:\/\/www.miomiorun.com\/de\/","logo":{"@type":"ImageObject","inLanguage":"de-DE","@id":"https:\/\/www.miomiorun.com\/de\/#\/schema\/logo\/image\/","url":"https:\/\/www.miomiorun.com\/app\/uploads\/2019\/12\/logomio.png","contentUrl":"https:\/\/www.miomiorun.com\/app\/uploads\/2019\/12\/logomio.png","width":115,"height":82,"caption":"MioMio Run"},"image":{"@id":"https:\/\/www.miomiorun.com\/de\/#\/schema\/logo\/image\/"},"sameAs":["https:\/\/www.facebook.com\/miomiorun\/","https:\/\/www.instagram.com\/miomiorun\/"]}]}},"_links":{"self":[{"href":"https:\/\/www.miomiorun.com\/de\/wp-json\/wp\/v2\/product\/205405","targetHints":{"allow":["GET"]}}],"collection":[{"href":"https:\/\/www.miomiorun.com\/de\/wp-json\/wp\/v2\/product"}],"about":[{"href":"https:\/\/www.miomiorun.com\/de\/wp-json\/wp\/v2\/types\/product"}],"wp:featuredmedia":[{"embeddable":true,"href":"https:\/\/www.miomiorun.com\/de\/wp-json\/wp\/v2\/media\/208131"}],"wp:attachment":[{"href":"https:\/\/www.miomiorun.com\/de\/wp-json\/wp\/v2\/media?parent=205405"}],"wp:term":[{"taxonomy":"product_brand","embeddable":true,"href":"https:\/\/www.miomiorun.com\/de\/wp-json\/wp\/v2\/product_brand?post=205405"},{"taxonomy":"product_cat","embeddable":true,"href":"https:\/\/www.miomiorun.com\/de\/wp-json\/wp\/v2\/product_cat?post=205405"},{"taxonomy":"product_tag","embeddable":true,"href":"https:\/\/www.miomiorun.com\/de\/wp-json\/wp\/v2\/product_tag?post=205405"}],"curies":[{"name":"wp","href":"https:\/\/api.w.org\/{rel}","templated":true}]}}