{"id":205152,"date":"2024-09-28T11:15:58","date_gmt":"2024-09-28T09:15:58","guid":{"rendered":"https:\/\/miomiorun.com\/?post_type=product&#038;p=205152"},"modified":"2025-03-21T12:21:44","modified_gmt":"2025-03-21T11:21:44","slug":"trace-hybrid-vest-herren","status":"publish","type":"product","link":"https:\/\/www.miomiorun.com\/de\/produkt\/trace-hybrid-vest-herren\/","title":{"rendered":"Trace Hybrid Vest herren"},"content":{"rendered":"<p>Vielseitige und sch\u00fctzende <strong>Herrenweste Trace Hybrid<\/strong>: ideal f\u00fcr Hochgebirgsabenteuer.<\/p>\n<p>Diese Weste mit PASMO\u2122-Doppel-Ripstop-Technologie ist so konzipiert, dass sie der Abnutzung in den Bergen standh\u00e4lt. Die DWR-Behandlung sch\u00fctzt Sie vor leichtem Regen, w\u00e4hrend die ultraleichte Comfortemp\u00ae AIR-Wattierung, eine synthetische Alternative zu Daunen, die Atmungsaktivit\u00e4t verbessert und auch nach mehreren W\u00e4schen noch gegen K\u00e4lte isoliert. Die 4-Wege-Stretch-Armausschnitte erm\u00f6glichen eine freie Bewegung bergauf und bergab, w\u00e4hrend der elastische Saum ein Hochrutschen der Weste verhindert. Der Rei\u00dfverschluss erm\u00f6glicht eine Abk\u00fchlung bei den anspruchsvollsten Anstiegen, w\u00e4hrend die Taschen die H\u00e4nde bei Pausen warm halten. Die Herrenweste Trace Hybrid ist ein leichtes und strapazierf\u00e4higes Kleidungsst\u00fcck, das Sie bei intensiven Trainingseinheiten vor K\u00e4lte sch\u00fctzt.<\/p>\n<p><strong>Eigenschaften:<\/strong><\/p>\n<ul class=\"tw-list-disc\">\n<li class=\"tw-text-xs\">Herrenweste<\/li>\n<li class=\"tw-text-xs\">4-Wege-Stretch DWR-Nylongewebe<\/li>\n<li class=\"tw-text-xs\">Nylongewebe mit doppelter Rip-Stop-Konstruktion, DWR PFCec Free-Behandlung und PASMO\u2122-Technologie<\/li>\n<li class=\"tw-text-xs\">Ultraleichte Comfortemp\u00ae-Wattierung aus 60 g Polyester<\/li>\n<li class=\"tw-text-xs\">Vordere Mitte mit Rei\u00dfverschluss, Rei\u00dfverschlusstaschen an den H\u00e4nden<\/li>\n<li class=\"tw-text-xs\">Armausschnitte und Saum mit elastischem Abschluss<\/li>\n<li class=\"tw-text-xs\">Ideales Kleidungsst\u00fcck f\u00fcr Skitouren, Bergsteigen und Outdoor-Aktivit\u00e4ten<\/li>\n<li class=\"tw-text-xs\">Gewicht: 230,0 g<\/li>\n<\/ul>\n<h2 class=\"accordion__title tw-font-normal tw-text-l\" style=\"text-align: center;\">Vorteile<\/h2>\n<p>&nbsp;<\/p>\n<div class=\"attribute_container tw-pb-24 last-of-type:tw-pb-0\">\n<div class=\"content__image-wrapper tw-w-fit\">\n<div class=\"content__image tw-relative tw-w-[3.2rem]\"><img loading=\"lazy\" decoding=\"async\" class=\"tw-absolute tw-top-0 tw-left-0 tw-w-full tw-h-full\" src=\"https:\/\/www.montura.com\/cdn\/shop\/files\/004_Breathable_Black.svg?v=1709125473&amp;width=200\" srcset=\"\/\/www.montura.com\/cdn\/shop\/files\/004_Breathable_Black.svg?v=1709125473&amp;width=200 200w\" alt=\"\" width=\"50\" height=\"50\" \/><\/div>\n<\/div>\n<h3 class=\"tw-text-s tw-pt-[1.2rem] tw-pb-[0.4rem] tw-font-medium\">Atmungsaktiv<\/h3>\n<p class=\"tw-text-greyish-brown tw-text-xs tw-pt-[0.4rem]\">Dank atmungsaktiver Stoffe unterst\u00fctzt dieses Kleidungsst\u00fcck die nat\u00fcrliche Transpiration der Haut und h\u00e4lt den K\u00f6rper stets auf der optimalen Temperatur.<\/p>\n<\/div>\n<p>&nbsp;<\/p>\n<div class=\"attribute_container tw-pb-24 last-of-type:tw-pb-0\">\n<div class=\"content__image-wrapper tw-w-fit\">\n<div class=\"content__image tw-relative tw-w-[3.2rem]\"><img loading=\"lazy\" decoding=\"async\" class=\"tw-absolute tw-top-0 tw-left-0 tw-w-full tw-h-full\" src=\"https:\/\/www.montura.com\/cdn\/shop\/files\/002_WaterResistantDWR_Black.svg?v=1709125500&amp;width=200\" srcset=\"\/\/www.montura.com\/cdn\/shop\/files\/002_WaterResistantDWR_Black.svg?v=1709125500&amp;width=200 200w\" alt=\"\" width=\"50\" height=\"50\" \/><\/div>\n<\/div>\n<h3 class=\"tw-text-s tw-pt-[1.2rem] tw-pb-[0.4rem] tw-font-medium\">Wasserabweisend (DWR)<\/h3>\n<p class=\"tw-text-greyish-brown tw-text-xs tw-pt-[0.4rem]\">Eine wasserabweisende Schicht, die auf das Gewebe aufgebracht wird, bietet einen leichten Schutz vor Feuchtigkeit von au\u00dfen.<\/p>\n<\/div>\n<p>&nbsp;<\/p>\n<div class=\"attribute_container tw-pb-24 last-of-type:tw-pb-0\">\n<div class=\"content__image-wrapper tw-w-fit\">\n<div class=\"content__image tw-relative tw-w-[3.2rem]\"><img loading=\"lazy\" decoding=\"async\" class=\"tw-absolute tw-top-0 tw-left-0 tw-w-full tw-h-full\" src=\"https:\/\/www.montura.com\/cdn\/shop\/files\/003_Windproof_Black.svg?v=1709125529&amp;width=200\" srcset=\"\/\/www.montura.com\/cdn\/shop\/files\/003_Windproof_Black.svg?v=1709125529&amp;width=200 200w\" alt=\"\" width=\"50\" height=\"50\" \/><\/div>\n<\/div>\n<h3 class=\"tw-text-s tw-pt-[1.2rem] tw-pb-[0.4rem] tw-font-medium\">Winddicht<\/h3>\n<p class=\"tw-text-greyish-brown tw-text-xs tw-pt-[0.4rem]\">Das Gewebe verhindert das Eindringen von Wind und verringert so die Gefahr des Ausk\u00fchlens.<\/p>\n<\/div>\n<p>&nbsp;<\/p>\n<div class=\"attribute_container tw-pb-24 last-of-type:tw-pb-0\">\n<div class=\"content__image-wrapper tw-w-fit\">\n<div class=\"content__image tw-relative tw-w-[3.2rem]\"><img loading=\"lazy\" decoding=\"async\" class=\"tw-absolute tw-top-0 tw-left-0 tw-w-full tw-h-full\" src=\"https:\/\/www.montura.com\/cdn\/shop\/files\/012_RecycledMaterial_Black.svg?v=1709125426&amp;width=200\" srcset=\"\/\/www.montura.com\/cdn\/shop\/files\/012_RecycledMaterial_Black.svg?v=1709125426&amp;width=200 200w\" alt=\"\" width=\"49\" height=\"49\" \/><\/div>\n<\/div>\n<h3 class=\"tw-text-s tw-pt-[1.2rem] tw-pb-[0.4rem] tw-font-medium\">Recycelte Materialien<\/h3>\n<p class=\"tw-text-greyish-brown tw-text-xs tw-pt-[0.4rem]\">Dieses Produkt wird aus recycelten Materialien hergestellt und tr\u00e4gt dazu bei, Abfall und die Verwendung neuer Materialien zu reduzieren.<\/p>\n<\/div>\n<p>&nbsp;<\/p>\n","protected":false},"excerpt":{"rendered":"<ul>\n<li>Ultraleichte Weste, die gegen K\u00e4lte isoliert.<\/li>\n<li>Ideal zum Skitourengehen und f\u00fcr Outdoor-Aktivit\u00e4ten.<\/li>\n<\/ul>\n","protected":false},"featured_media":205289,"template":"","meta":{"_acf_changed":false,"inline_featured_image":false},"product_brand":[],"product_cat":[6515,6540,6512],"product_tag":[3379,6270],"class_list":{"0":"post-205152","1":"product","2":"type-product","3":"status-publish","4":"has-post-thumbnail","6":"product_cat-herren-de","7":"product_cat-herrenbekleidung","8":"product_cat-jacken","9":"product_tag-montura-de","10":"product_tag-montura-herren-de","11":"pa_attivita-gehen","12":"pa_attivita-lifestyle-de","13":"pa_attivita-outdoor-de","14":"pa_colore-trace-hybrid-vest-verde-salvia-verde-lim-de","15":"pa_marca-montura-de","16":"pa_sesso-herren","17":"pa_size-small-de","19":"first","20":"instock","21":"sale","22":"taxable","23":"shipping-taxable","24":"purchasable","25":"product-type-variable","26":"wvs-archive-product-wrapper"},"acf":[],"yoast_head":"<!-- This site is optimized with the Yoast SEO plugin v26.8 - https:\/\/yoast.com\/product\/yoast-seo-wordpress\/ -->\n<title>Montura Trace Hybrid Vest herren - Outdoor-Weste - MioMioRun<\/title>\n<meta name=\"description\" content=\"Vielseitige und sch\u00fctzende Herrenweste Trace Hybrid: ideal f\u00fcr Abenteuer im Hochgebirge Diese Weste mit PASMO\u2122 Doppel-Ripstop-Technologie\" \/>\n<meta name=\"robots\" content=\"index, follow, max-snippet:-1, max-image-preview:large, max-video-preview:-1\" \/>\n<link rel=\"canonical\" href=\"https:\/\/www.miomiorun.com\/de\/produkt\/trace-hybrid-vest-herren\/\" \/>\n<meta property=\"og:locale\" content=\"de_DE\" \/>\n<meta property=\"og:type\" content=\"article\" \/>\n<meta property=\"og:title\" content=\"Montura Trace Hybrid Vest herren - Outdoor-Weste - MioMioRun\" \/>\n<meta property=\"og:description\" content=\"Vielseitige und sch\u00fctzende Herrenweste Trace Hybrid: ideal f\u00fcr Abenteuer im Hochgebirge Diese Weste mit PASMO\u2122 Doppel-Ripstop-Technologie\" \/>\n<meta property=\"og:url\" content=\"https:\/\/www.miomiorun.com\/de\/produkt\/trace-hybrid-vest-herren\/\" \/>\n<meta property=\"og:site_name\" content=\"MioMioRun\" \/>\n<meta property=\"article:publisher\" content=\"https:\/\/www.facebook.com\/miomiorun\/\" \/>\n<meta property=\"article:modified_time\" content=\"2025-03-21T11:21:44+00:00\" \/>\n<meta property=\"og:image\" content=\"https:\/\/www.miomiorun.com\/app\/uploads\/2024\/09\/montura-Trace-hybrid-vest-verde-salvia-verde-lim-MVVS20X.4947.webp\" \/>\n\t<meta property=\"og:image:width\" content=\"600\" \/>\n\t<meta property=\"og:image:height\" content=\"600\" \/>\n\t<meta property=\"og:image:type\" content=\"image\/webp\" \/>\n<meta name=\"twitter:card\" content=\"summary_large_image\" \/>\n<meta name=\"twitter:label1\" content=\"Est. reading time\" \/>\n\t<meta name=\"twitter:data1\" content=\"2 minutes\" \/>\n<script type=\"application\/ld+json\" class=\"yoast-schema-graph\">{\"@context\":\"https:\/\/schema.org\",\"@graph\":[{\"@type\":\"WebPage\",\"@id\":\"https:\/\/www.miomiorun.com\/de\/produkt\/trace-hybrid-vest-herren\/\",\"url\":\"https:\/\/www.miomiorun.com\/de\/produkt\/trace-hybrid-vest-herren\/\",\"name\":\"Montura Trace Hybrid Vest herren - Outdoor-Weste - MioMioRun\",\"isPartOf\":{\"@id\":\"https:\/\/www.miomiorun.com\/de\/#website\"},\"primaryImageOfPage\":{\"@id\":\"https:\/\/www.miomiorun.com\/de\/produkt\/trace-hybrid-vest-herren\/#primaryimage\"},\"image\":{\"@id\":\"https:\/\/www.miomiorun.com\/de\/produkt\/trace-hybrid-vest-herren\/#primaryimage\"},\"thumbnailUrl\":\"https:\/\/www.miomiorun.com\/app\/uploads\/2024\/09\/montura-Trace-hybrid-vest-verde-salvia-verde-lim-MVVS20X.4947.webp\",\"datePublished\":\"2024-09-28T09:15:58+00:00\",\"dateModified\":\"2025-03-21T11:21:44+00:00\",\"description\":\"Vielseitige und sch\u00fctzende Herrenweste Trace Hybrid: ideal f\u00fcr Abenteuer im Hochgebirge Diese Weste mit PASMO\u2122 Doppel-Ripstop-Technologie\",\"breadcrumb\":{\"@id\":\"https:\/\/www.miomiorun.com\/de\/produkt\/trace-hybrid-vest-herren\/#breadcrumb\"},\"inLanguage\":\"de-DE\",\"potentialAction\":[{\"@type\":\"ReadAction\",\"target\":[\"https:\/\/www.miomiorun.com\/de\/produkt\/trace-hybrid-vest-herren\/\"]}]},{\"@type\":\"ImageObject\",\"inLanguage\":\"de-DE\",\"@id\":\"https:\/\/www.miomiorun.com\/de\/produkt\/trace-hybrid-vest-herren\/#primaryimage\",\"url\":\"https:\/\/www.miomiorun.com\/app\/uploads\/2024\/09\/montura-Trace-hybrid-vest-verde-salvia-verde-lim-MVVS20X.4947.webp\",\"contentUrl\":\"https:\/\/www.miomiorun.com\/app\/uploads\/2024\/09\/montura-Trace-hybrid-vest-verde-salvia-verde-lim-MVVS20X.4947.webp\",\"width\":600,\"height\":600,\"caption\":\"montura Trace hybrid vest verde salvia verde lim MVVS20X.4947\"},{\"@type\":\"BreadcrumbList\",\"@id\":\"https:\/\/www.miomiorun.com\/de\/produkt\/trace-hybrid-vest-herren\/#breadcrumb\",\"itemListElement\":[{\"@type\":\"ListItem\",\"position\":1,\"name\":\"Home\",\"item\":\"https:\/\/www.miomiorun.com\/de\/\"},{\"@type\":\"ListItem\",\"position\":2,\"name\":\"Shop\",\"item\":\"https:\/\/www.miomiorun.com\/shop\/\"},{\"@type\":\"ListItem\",\"position\":3,\"name\":\"Trace Hybrid Vest herren\"}]},{\"@type\":\"WebSite\",\"@id\":\"https:\/\/www.miomiorun.com\/de\/#website\",\"url\":\"https:\/\/www.miomiorun.com\/de\/\",\"name\":\"MioMioRun\",\"description\":\"100% Lauf- und Trailshop\",\"publisher\":{\"@id\":\"https:\/\/www.miomiorun.com\/de\/#organization\"},\"potentialAction\":[{\"@type\":\"SearchAction\",\"target\":{\"@type\":\"EntryPoint\",\"urlTemplate\":\"https:\/\/www.miomiorun.com\/de\/?s={search_term_string}\"},\"query-input\":{\"@type\":\"PropertyValueSpecification\",\"valueRequired\":true,\"valueName\":\"search_term_string\"}}],\"inLanguage\":\"de-DE\"},{\"@type\":\"Organization\",\"@id\":\"https:\/\/www.miomiorun.com\/de\/#organization\",\"name\":\"MioMio Run\",\"url\":\"https:\/\/www.miomiorun.com\/de\/\",\"logo\":{\"@type\":\"ImageObject\",\"inLanguage\":\"de-DE\",\"@id\":\"https:\/\/www.miomiorun.com\/de\/#\/schema\/logo\/image\/\",\"url\":\"https:\/\/www.miomiorun.com\/app\/uploads\/2019\/12\/logomio.png\",\"contentUrl\":\"https:\/\/www.miomiorun.com\/app\/uploads\/2019\/12\/logomio.png\",\"width\":115,\"height\":82,\"caption\":\"MioMio Run\"},\"image\":{\"@id\":\"https:\/\/www.miomiorun.com\/de\/#\/schema\/logo\/image\/\"},\"sameAs\":[\"https:\/\/www.facebook.com\/miomiorun\/\",\"https:\/\/www.instagram.com\/miomiorun\/\"]}]}<\/script>\n<!-- \/ Yoast SEO plugin. -->","yoast_head_json":{"title":"Montura Trace Hybrid Vest herren - Outdoor-Weste - MioMioRun","description":"Vielseitige und sch\u00fctzende Herrenweste Trace Hybrid: ideal f\u00fcr Abenteuer im Hochgebirge Diese Weste mit PASMO\u2122 Doppel-Ripstop-Technologie","robots":{"index":"index","follow":"follow","max-snippet":"max-snippet:-1","max-image-preview":"max-image-preview:large","max-video-preview":"max-video-preview:-1"},"canonical":"https:\/\/www.miomiorun.com\/de\/produkt\/trace-hybrid-vest-herren\/","og_locale":"de_DE","og_type":"article","og_title":"Montura Trace Hybrid Vest herren - Outdoor-Weste - MioMioRun","og_description":"Vielseitige und sch\u00fctzende Herrenweste Trace Hybrid: ideal f\u00fcr Abenteuer im Hochgebirge Diese Weste mit PASMO\u2122 Doppel-Ripstop-Technologie","og_url":"https:\/\/www.miomiorun.com\/de\/produkt\/trace-hybrid-vest-herren\/","og_site_name":"MioMioRun","article_publisher":"https:\/\/www.facebook.com\/miomiorun\/","article_modified_time":"2025-03-21T11:21:44+00:00","og_image":[{"width":600,"height":600,"url":"https:\/\/www.miomiorun.com\/app\/uploads\/2024\/09\/montura-Trace-hybrid-vest-verde-salvia-verde-lim-MVVS20X.4947.webp","type":"image\/webp"}],"twitter_card":"summary_large_image","twitter_misc":{"Est. reading time":"2 minutes"},"schema":{"@context":"https:\/\/schema.org","@graph":[{"@type":"WebPage","@id":"https:\/\/www.miomiorun.com\/de\/produkt\/trace-hybrid-vest-herren\/","url":"https:\/\/www.miomiorun.com\/de\/produkt\/trace-hybrid-vest-herren\/","name":"Montura Trace Hybrid Vest herren - Outdoor-Weste - MioMioRun","isPartOf":{"@id":"https:\/\/www.miomiorun.com\/de\/#website"},"primaryImageOfPage":{"@id":"https:\/\/www.miomiorun.com\/de\/produkt\/trace-hybrid-vest-herren\/#primaryimage"},"image":{"@id":"https:\/\/www.miomiorun.com\/de\/produkt\/trace-hybrid-vest-herren\/#primaryimage"},"thumbnailUrl":"https:\/\/www.miomiorun.com\/app\/uploads\/2024\/09\/montura-Trace-hybrid-vest-verde-salvia-verde-lim-MVVS20X.4947.webp","datePublished":"2024-09-28T09:15:58+00:00","dateModified":"2025-03-21T11:21:44+00:00","description":"Vielseitige und sch\u00fctzende Herrenweste Trace Hybrid: ideal f\u00fcr Abenteuer im Hochgebirge Diese Weste mit PASMO\u2122 Doppel-Ripstop-Technologie","breadcrumb":{"@id":"https:\/\/www.miomiorun.com\/de\/produkt\/trace-hybrid-vest-herren\/#breadcrumb"},"inLanguage":"de-DE","potentialAction":[{"@type":"ReadAction","target":["https:\/\/www.miomiorun.com\/de\/produkt\/trace-hybrid-vest-herren\/"]}]},{"@type":"ImageObject","inLanguage":"de-DE","@id":"https:\/\/www.miomiorun.com\/de\/produkt\/trace-hybrid-vest-herren\/#primaryimage","url":"https:\/\/www.miomiorun.com\/app\/uploads\/2024\/09\/montura-Trace-hybrid-vest-verde-salvia-verde-lim-MVVS20X.4947.webp","contentUrl":"https:\/\/www.miomiorun.com\/app\/uploads\/2024\/09\/montura-Trace-hybrid-vest-verde-salvia-verde-lim-MVVS20X.4947.webp","width":600,"height":600,"caption":"montura Trace hybrid vest verde salvia verde lim MVVS20X.4947"},{"@type":"BreadcrumbList","@id":"https:\/\/www.miomiorun.com\/de\/produkt\/trace-hybrid-vest-herren\/#breadcrumb","itemListElement":[{"@type":"ListItem","position":1,"name":"Home","item":"https:\/\/www.miomiorun.com\/de\/"},{"@type":"ListItem","position":2,"name":"Shop","item":"https:\/\/www.miomiorun.com\/shop\/"},{"@type":"ListItem","position":3,"name":"Trace Hybrid Vest herren"}]},{"@type":"WebSite","@id":"https:\/\/www.miomiorun.com\/de\/#website","url":"https:\/\/www.miomiorun.com\/de\/","name":"MioMioRun","description":"100% Lauf- und Trailshop","publisher":{"@id":"https:\/\/www.miomiorun.com\/de\/#organization"},"potentialAction":[{"@type":"SearchAction","target":{"@type":"EntryPoint","urlTemplate":"https:\/\/www.miomiorun.com\/de\/?s={search_term_string}"},"query-input":{"@type":"PropertyValueSpecification","valueRequired":true,"valueName":"search_term_string"}}],"inLanguage":"de-DE"},{"@type":"Organization","@id":"https:\/\/www.miomiorun.com\/de\/#organization","name":"MioMio Run","url":"https:\/\/www.miomiorun.com\/de\/","logo":{"@type":"ImageObject","inLanguage":"de-DE","@id":"https:\/\/www.miomiorun.com\/de\/#\/schema\/logo\/image\/","url":"https:\/\/www.miomiorun.com\/app\/uploads\/2019\/12\/logomio.png","contentUrl":"https:\/\/www.miomiorun.com\/app\/uploads\/2019\/12\/logomio.png","width":115,"height":82,"caption":"MioMio Run"},"image":{"@id":"https:\/\/www.miomiorun.com\/de\/#\/schema\/logo\/image\/"},"sameAs":["https:\/\/www.facebook.com\/miomiorun\/","https:\/\/www.instagram.com\/miomiorun\/"]}]}},"_links":{"self":[{"href":"https:\/\/www.miomiorun.com\/de\/wp-json\/wp\/v2\/product\/205152","targetHints":{"allow":["GET"]}}],"collection":[{"href":"https:\/\/www.miomiorun.com\/de\/wp-json\/wp\/v2\/product"}],"about":[{"href":"https:\/\/www.miomiorun.com\/de\/wp-json\/wp\/v2\/types\/product"}],"wp:featuredmedia":[{"embeddable":true,"href":"https:\/\/www.miomiorun.com\/de\/wp-json\/wp\/v2\/media\/205289"}],"wp:attachment":[{"href":"https:\/\/www.miomiorun.com\/de\/wp-json\/wp\/v2\/media?parent=205152"}],"wp:term":[{"taxonomy":"product_brand","embeddable":true,"href":"https:\/\/www.miomiorun.com\/de\/wp-json\/wp\/v2\/product_brand?post=205152"},{"taxonomy":"product_cat","embeddable":true,"href":"https:\/\/www.miomiorun.com\/de\/wp-json\/wp\/v2\/product_cat?post=205152"},{"taxonomy":"product_tag","embeddable":true,"href":"https:\/\/www.miomiorun.com\/de\/wp-json\/wp\/v2\/product_tag?post=205152"}],"curies":[{"name":"wp","href":"https:\/\/api.w.org\/{rel}","templated":true}]}}