{"id":205122,"date":"2024-09-28T10:47:38","date_gmt":"2024-09-28T08:47:38","guid":{"rendered":"https:\/\/miomiorun.com\/?post_type=product&#038;p=205122"},"modified":"2025-03-21T12:23:30","modified_gmt":"2025-03-21T11:23:30","slug":"trace-hybrid-jacket-herren","status":"publish","type":"product","link":"https:\/\/www.miomiorun.com\/de\/produkt\/trace-hybrid-jacket-herren\/","title":{"rendered":"Trace Hybrid Jacket herren"},"content":{"rendered":"<p><strong>Herrenjacke Trace Hybrid<\/strong>: zum Schutz vor den Elementen beim Skitourengehen.<\/p>\n<p>Diese Kapuzenjacke aus 4-Wege-Stretch-Nylon bietet Ihnen maximale Bewegungsfreiheit auf den steilsten Abschnitten. Dank der doppelten Ripstop-Konstruktion und der PASMO\u2122-Technologie ist sie abriebfest auf Felsen und wenn Sie Ihre Skier auf dem R\u00fccken tragen. Das PFAS-freie, DWR-behandelte Au\u00dfenmaterial sch\u00fctzt Sie vor Wind und Regen. Und wenn die Temperaturen fallen, isoliert die ultraleichte synthetische Comfortemp\u00ae-Wattierung und h\u00e4lt Sie warm, ohne die Atmungsaktivit\u00e4t einzuschr\u00e4nken &#8211; f\u00fcr ganzt\u00e4gigen Komfort. Der zentrale Frontrei\u00dfverschluss erm\u00f6glicht ein blitzschnelles An- und Ausziehen. Elastische Kapuze, \u00c4rmelb\u00fcndchen und Saum bleiben immer an Ort und Stelle. Atmungsaktiv, flexibel und winddicht &#8211; die Trace Hybrid Jacke f\u00fcr Herren ist perfekt f\u00fcr Ihre Bergabenteuer.<\/p>\n<h4>Eigenschaften:<\/h4>\n<ul class=\"tw-list-disc\">\n<li class=\"tw-text-xs\">Herrenjacke mit Kapuze<\/li>\n<li class=\"tw-text-xs\">4-Wege-Stretch DWR-Nylongewebe<\/li>\n<li class=\"tw-text-xs\">Nylongewebe mit doppelter Rip-Stop-Konstruktion, DWR PFCec Free-Behandlung und PASMO\u2122-Technologie<\/li>\n<li class=\"tw-text-xs\">Ultraleichte Comfortemp\u00ae-Wattierung aus 60 g Polyester<\/li>\n<li class=\"tw-text-xs\">Vorderseite in der Mitte mit Rei\u00dfverschluss, Handw\u00e4rmertaschen mit Rei\u00dfverschluss<\/li>\n<li class=\"tw-text-xs\">Kapuze, \u00c4rmelb\u00fcndchen und Saum mit elastischem Abschluss<\/li>\n<li class=\"tw-text-xs\">Ideales Kleidungsst\u00fcck f\u00fcr Skitouren, Bergsteigen und Outdoor-Aktivit\u00e4ten<\/li>\n<li class=\"tw-text-xs\">Gewicht: 360,0 g<\/li>\n<\/ul>\n<h2 style=\"text-align: center;\">Vorteile<\/h2>\n<div class=\"attribute_container tw-pb-24 last-of-type:tw-pb-0\">\n<div class=\"content__image-wrapper tw-w-fit\">\n<div class=\"content__image tw-relative tw-w-[3.2rem]\"><img loading=\"lazy\" decoding=\"async\" class=\"tw-absolute tw-top-0 tw-left-0 tw-w-full tw-h-full\" src=\"https:\/\/www.montura.com\/cdn\/shop\/files\/004_Breathable_Black.svg?v=1709125473&amp;width=200\" srcset=\"\/\/www.montura.com\/cdn\/shop\/files\/004_Breathable_Black.svg?v=1709125473&amp;width=200 200w\" alt=\"\" width=\"50\" height=\"50\" \/><\/div>\n<\/div>\n<h3 class=\"tw-text-s tw-pt-[1.2rem] tw-pb-[0.4rem] tw-font-medium\">Atmungsaktiv<\/h3>\n<p class=\"tw-text-greyish-brown tw-text-xs tw-pt-[0.4rem]\">Dank atmungsaktiver Stoffe unterst\u00fctzt dieses Kleidungsst\u00fcck die nat\u00fcrliche Transpiration der Haut und h\u00e4lt den K\u00f6rper auf einer optimalen Temperatur.<\/p>\n<\/div>\n<p>&nbsp;<\/p>\n<div class=\"attribute_container tw-pb-24 last-of-type:tw-pb-0\">\n<div class=\"content__image-wrapper tw-w-fit\">\n<div class=\"content__image tw-relative tw-w-[3.2rem]\"><img loading=\"lazy\" decoding=\"async\" class=\"tw-absolute tw-top-0 tw-left-0 tw-w-full tw-h-full\" src=\"https:\/\/www.montura.com\/cdn\/shop\/files\/002_WaterResistantDWR_Black.svg?v=1709125500&amp;width=200\" srcset=\"\/\/www.montura.com\/cdn\/shop\/files\/002_WaterResistantDWR_Black.svg?v=1709125500&amp;width=200 200w\" alt=\"\" width=\"50\" height=\"50\" \/><\/div>\n<\/div>\n<h3 class=\"tw-text-s tw-pt-[1.2rem] tw-pb-[0.4rem] tw-font-medium\">Wasserabweisend (DWR)<\/h3>\n<p class=\"tw-text-greyish-brown tw-text-xs tw-pt-[0.4rem]\">Eine wasserabweisende Schicht, die auf das Gewebe aufgetragen wird, bietet leichten Schutz vor Feuchtigkeit von au\u00dfen.<\/p>\n<\/div>\n<p>&nbsp;<\/p>\n<div class=\"attribute_container tw-pb-24 last-of-type:tw-pb-0\">\n<div class=\"content__image-wrapper tw-w-fit\">\n<div class=\"content__image tw-relative tw-w-[3.2rem]\"><img loading=\"lazy\" decoding=\"async\" class=\"tw-absolute tw-top-0 tw-left-0 tw-w-full tw-h-full\" src=\"https:\/\/www.montura.com\/cdn\/shop\/files\/003_Windproof_Black.svg?v=1709125529&amp;width=200\" srcset=\"\/\/www.montura.com\/cdn\/shop\/files\/003_Windproof_Black.svg?v=1709125529&amp;width=200 200w\" alt=\"\" width=\"50\" height=\"50\" \/><\/div>\n<\/div>\n<h3 class=\"tw-text-s tw-pt-[1.2rem] tw-pb-[0.4rem] tw-font-medium\">Winddicht<\/h3>\n<p class=\"tw-text-greyish-brown tw-text-xs tw-pt-[0.4rem]\">Das Gewebe verhindert das Eindringen von Wind und verringert so die Gefahr des Ausk\u00fchlens.<\/p>\n<\/div>\n<p>&nbsp;<\/p>\n<div class=\"attribute_container tw-pb-24 last-of-type:tw-pb-0\">\n<div class=\"content__image-wrapper tw-w-fit\">\n<div class=\"content__image tw-relative tw-w-[3.2rem]\"><img loading=\"lazy\" decoding=\"async\" class=\"tw-absolute tw-top-0 tw-left-0 tw-w-full tw-h-full\" src=\"https:\/\/www.montura.com\/cdn\/shop\/files\/012_RecycledMaterial_Black.svg?v=1709125426&amp;width=200\" srcset=\"\/\/www.montura.com\/cdn\/shop\/files\/012_RecycledMaterial_Black.svg?v=1709125426&amp;width=200 200w\" alt=\"\" width=\"50\" height=\"50\" \/><\/div>\n<\/div>\n<h3 class=\"tw-text-s tw-pt-[1.2rem] tw-pb-[0.4rem] tw-font-medium\">Recycelte Materialien<\/h3>\n<p class=\"tw-text-greyish-brown tw-text-xs tw-pt-[0.4rem]\">Dieses Produkt wird aus recycelten Materialien hergestellt und tr\u00e4gt dazu bei, Abfall und die Verwendung neuer Materialien zu reduzieren.<\/p>\n<\/div>\n<p>&nbsp;<\/p>\n<p>&nbsp;<\/p>\n<p>&nbsp;<\/p>\n<p>&nbsp;<\/p>\n<p>&nbsp;<\/p>\n","protected":false},"excerpt":{"rendered":"<ul>\n<li>Perfekte Jacke f\u00fcr Wanderungen in den Bergen.<\/li>\n<li>Ideal f\u00fcr Outdoor-Aktivit\u00e4ten in der Wintersaison.<\/li>\n<\/ul>\n","protected":false},"featured_media":205255,"template":"","meta":{"_acf_changed":false,"inline_featured_image":false},"product_brand":[],"product_cat":[6515,6540,6512],"product_tag":[3379,6270],"class_list":{"0":"post-205122","1":"product","2":"type-product","3":"status-publish","4":"has-post-thumbnail","6":"product_cat-herren-de","7":"product_cat-herrenbekleidung","8":"product_cat-jacken","9":"product_tag-montura-de","10":"product_tag-montura-herren-de","11":"pa_attivita-gehen","12":"pa_attivita-lifestyle-de","13":"pa_attivita-outdoor-de","14":"pa_colore-trace-hybrid-jacket-deep-blue-orange-de","15":"pa_marca-montura-de","16":"pa_sesso-herren","17":"pa_size-small-de","18":"pa_size-large-de","20":"first","21":"instock","22":"taxable","23":"shipping-taxable","24":"purchasable","25":"product-type-variable","26":"wvs-archive-product-wrapper"},"acf":[],"yoast_head":"<!-- This site is optimized with the Yoast SEO plugin v26.8 - https:\/\/yoast.com\/product\/yoast-seo-wordpress\/ -->\n<title>Montura Trace Hybrid Jacket herren - Herren-Jacke- MioMioRun<\/title>\n<meta name=\"description\" content=\"Herrenjacke Trace Hybrid: zum Schutz vor dem Wetter beim Skitourengehen. Hergestellt aus winddichtem und regenfestem 4-Wege-Stretch-Nylon.\" \/>\n<meta name=\"robots\" content=\"index, follow, max-snippet:-1, max-image-preview:large, max-video-preview:-1\" \/>\n<link rel=\"canonical\" href=\"https:\/\/www.miomiorun.com\/de\/produkt\/trace-hybrid-jacket-herren\/\" \/>\n<meta property=\"og:locale\" content=\"de_DE\" \/>\n<meta property=\"og:type\" content=\"article\" \/>\n<meta property=\"og:title\" content=\"Montura Trace Hybrid Jacket herren - Herren-Jacke- MioMioRun\" \/>\n<meta property=\"og:description\" content=\"Herrenjacke Trace Hybrid: zum Schutz vor dem Wetter beim Skitourengehen. Hergestellt aus winddichtem und regenfestem 4-Wege-Stretch-Nylon.\" \/>\n<meta property=\"og:url\" content=\"https:\/\/www.miomiorun.com\/de\/produkt\/trace-hybrid-jacket-herren\/\" \/>\n<meta property=\"og:site_name\" content=\"MioMioRun\" \/>\n<meta property=\"article:publisher\" content=\"https:\/\/www.facebook.com\/miomiorun\/\" \/>\n<meta property=\"article:modified_time\" content=\"2025-03-21T11:23:30+00:00\" \/>\n<meta property=\"og:image\" content=\"https:\/\/www.miomiorun.com\/app\/uploads\/2024\/09\/montura-Trace-hybrid-jacket-deep-blue-orange-MJAS20X.8768.webp\" \/>\n\t<meta property=\"og:image:width\" content=\"600\" \/>\n\t<meta property=\"og:image:height\" content=\"600\" \/>\n\t<meta property=\"og:image:type\" content=\"image\/webp\" \/>\n<meta name=\"twitter:card\" content=\"summary_large_image\" \/>\n<meta name=\"twitter:label1\" content=\"Est. reading time\" \/>\n\t<meta name=\"twitter:data1\" content=\"2 minutes\" \/>\n<script type=\"application\/ld+json\" class=\"yoast-schema-graph\">{\"@context\":\"https:\/\/schema.org\",\"@graph\":[{\"@type\":\"WebPage\",\"@id\":\"https:\/\/www.miomiorun.com\/de\/produkt\/trace-hybrid-jacket-herren\/\",\"url\":\"https:\/\/www.miomiorun.com\/de\/produkt\/trace-hybrid-jacket-herren\/\",\"name\":\"Montura Trace Hybrid Jacket herren - Herren-Jacke- MioMioRun\",\"isPartOf\":{\"@id\":\"https:\/\/www.miomiorun.com\/de\/#website\"},\"primaryImageOfPage\":{\"@id\":\"https:\/\/www.miomiorun.com\/de\/produkt\/trace-hybrid-jacket-herren\/#primaryimage\"},\"image\":{\"@id\":\"https:\/\/www.miomiorun.com\/de\/produkt\/trace-hybrid-jacket-herren\/#primaryimage\"},\"thumbnailUrl\":\"https:\/\/www.miomiorun.com\/app\/uploads\/2024\/09\/montura-Trace-hybrid-jacket-deep-blue-orange-MJAS20X.8768.webp\",\"datePublished\":\"2024-09-28T08:47:38+00:00\",\"dateModified\":\"2025-03-21T11:23:30+00:00\",\"description\":\"Herrenjacke Trace Hybrid: zum Schutz vor dem Wetter beim Skitourengehen. Hergestellt aus winddichtem und regenfestem 4-Wege-Stretch-Nylon.\",\"breadcrumb\":{\"@id\":\"https:\/\/www.miomiorun.com\/de\/produkt\/trace-hybrid-jacket-herren\/#breadcrumb\"},\"inLanguage\":\"de-DE\",\"potentialAction\":[{\"@type\":\"ReadAction\",\"target\":[\"https:\/\/www.miomiorun.com\/de\/produkt\/trace-hybrid-jacket-herren\/\"]}]},{\"@type\":\"ImageObject\",\"inLanguage\":\"de-DE\",\"@id\":\"https:\/\/www.miomiorun.com\/de\/produkt\/trace-hybrid-jacket-herren\/#primaryimage\",\"url\":\"https:\/\/www.miomiorun.com\/app\/uploads\/2024\/09\/montura-Trace-hybrid-jacket-deep-blue-orange-MJAS20X.8768.webp\",\"contentUrl\":\"https:\/\/www.miomiorun.com\/app\/uploads\/2024\/09\/montura-Trace-hybrid-jacket-deep-blue-orange-MJAS20X.8768.webp\",\"width\":600,\"height\":600,\"caption\":\"montura Trace hybrid jacket deep blue orange MJAS20X.8768\"},{\"@type\":\"BreadcrumbList\",\"@id\":\"https:\/\/www.miomiorun.com\/de\/produkt\/trace-hybrid-jacket-herren\/#breadcrumb\",\"itemListElement\":[{\"@type\":\"ListItem\",\"position\":1,\"name\":\"Home\",\"item\":\"https:\/\/www.miomiorun.com\/de\/\"},{\"@type\":\"ListItem\",\"position\":2,\"name\":\"Shop\",\"item\":\"https:\/\/www.miomiorun.com\/shop\/\"},{\"@type\":\"ListItem\",\"position\":3,\"name\":\"Trace Hybrid Jacket herren\"}]},{\"@type\":\"WebSite\",\"@id\":\"https:\/\/www.miomiorun.com\/de\/#website\",\"url\":\"https:\/\/www.miomiorun.com\/de\/\",\"name\":\"MioMioRun\",\"description\":\"100% Lauf- und Trailshop\",\"publisher\":{\"@id\":\"https:\/\/www.miomiorun.com\/de\/#organization\"},\"potentialAction\":[{\"@type\":\"SearchAction\",\"target\":{\"@type\":\"EntryPoint\",\"urlTemplate\":\"https:\/\/www.miomiorun.com\/de\/?s={search_term_string}\"},\"query-input\":{\"@type\":\"PropertyValueSpecification\",\"valueRequired\":true,\"valueName\":\"search_term_string\"}}],\"inLanguage\":\"de-DE\"},{\"@type\":\"Organization\",\"@id\":\"https:\/\/www.miomiorun.com\/de\/#organization\",\"name\":\"MioMio Run\",\"url\":\"https:\/\/www.miomiorun.com\/de\/\",\"logo\":{\"@type\":\"ImageObject\",\"inLanguage\":\"de-DE\",\"@id\":\"https:\/\/www.miomiorun.com\/de\/#\/schema\/logo\/image\/\",\"url\":\"https:\/\/www.miomiorun.com\/app\/uploads\/2019\/12\/logomio.png\",\"contentUrl\":\"https:\/\/www.miomiorun.com\/app\/uploads\/2019\/12\/logomio.png\",\"width\":115,\"height\":82,\"caption\":\"MioMio Run\"},\"image\":{\"@id\":\"https:\/\/www.miomiorun.com\/de\/#\/schema\/logo\/image\/\"},\"sameAs\":[\"https:\/\/www.facebook.com\/miomiorun\/\",\"https:\/\/www.instagram.com\/miomiorun\/\"]}]}<\/script>\n<!-- \/ Yoast SEO plugin. -->","yoast_head_json":{"title":"Montura Trace Hybrid Jacket herren - Herren-Jacke- MioMioRun","description":"Herrenjacke Trace Hybrid: zum Schutz vor dem Wetter beim Skitourengehen. Hergestellt aus winddichtem und regenfestem 4-Wege-Stretch-Nylon.","robots":{"index":"index","follow":"follow","max-snippet":"max-snippet:-1","max-image-preview":"max-image-preview:large","max-video-preview":"max-video-preview:-1"},"canonical":"https:\/\/www.miomiorun.com\/de\/produkt\/trace-hybrid-jacket-herren\/","og_locale":"de_DE","og_type":"article","og_title":"Montura Trace Hybrid Jacket herren - Herren-Jacke- MioMioRun","og_description":"Herrenjacke Trace Hybrid: zum Schutz vor dem Wetter beim Skitourengehen. Hergestellt aus winddichtem und regenfestem 4-Wege-Stretch-Nylon.","og_url":"https:\/\/www.miomiorun.com\/de\/produkt\/trace-hybrid-jacket-herren\/","og_site_name":"MioMioRun","article_publisher":"https:\/\/www.facebook.com\/miomiorun\/","article_modified_time":"2025-03-21T11:23:30+00:00","og_image":[{"width":600,"height":600,"url":"https:\/\/www.miomiorun.com\/app\/uploads\/2024\/09\/montura-Trace-hybrid-jacket-deep-blue-orange-MJAS20X.8768.webp","type":"image\/webp"}],"twitter_card":"summary_large_image","twitter_misc":{"Est. reading time":"2 minutes"},"schema":{"@context":"https:\/\/schema.org","@graph":[{"@type":"WebPage","@id":"https:\/\/www.miomiorun.com\/de\/produkt\/trace-hybrid-jacket-herren\/","url":"https:\/\/www.miomiorun.com\/de\/produkt\/trace-hybrid-jacket-herren\/","name":"Montura Trace Hybrid Jacket herren - Herren-Jacke- MioMioRun","isPartOf":{"@id":"https:\/\/www.miomiorun.com\/de\/#website"},"primaryImageOfPage":{"@id":"https:\/\/www.miomiorun.com\/de\/produkt\/trace-hybrid-jacket-herren\/#primaryimage"},"image":{"@id":"https:\/\/www.miomiorun.com\/de\/produkt\/trace-hybrid-jacket-herren\/#primaryimage"},"thumbnailUrl":"https:\/\/www.miomiorun.com\/app\/uploads\/2024\/09\/montura-Trace-hybrid-jacket-deep-blue-orange-MJAS20X.8768.webp","datePublished":"2024-09-28T08:47:38+00:00","dateModified":"2025-03-21T11:23:30+00:00","description":"Herrenjacke Trace Hybrid: zum Schutz vor dem Wetter beim Skitourengehen. Hergestellt aus winddichtem und regenfestem 4-Wege-Stretch-Nylon.","breadcrumb":{"@id":"https:\/\/www.miomiorun.com\/de\/produkt\/trace-hybrid-jacket-herren\/#breadcrumb"},"inLanguage":"de-DE","potentialAction":[{"@type":"ReadAction","target":["https:\/\/www.miomiorun.com\/de\/produkt\/trace-hybrid-jacket-herren\/"]}]},{"@type":"ImageObject","inLanguage":"de-DE","@id":"https:\/\/www.miomiorun.com\/de\/produkt\/trace-hybrid-jacket-herren\/#primaryimage","url":"https:\/\/www.miomiorun.com\/app\/uploads\/2024\/09\/montura-Trace-hybrid-jacket-deep-blue-orange-MJAS20X.8768.webp","contentUrl":"https:\/\/www.miomiorun.com\/app\/uploads\/2024\/09\/montura-Trace-hybrid-jacket-deep-blue-orange-MJAS20X.8768.webp","width":600,"height":600,"caption":"montura Trace hybrid jacket deep blue orange MJAS20X.8768"},{"@type":"BreadcrumbList","@id":"https:\/\/www.miomiorun.com\/de\/produkt\/trace-hybrid-jacket-herren\/#breadcrumb","itemListElement":[{"@type":"ListItem","position":1,"name":"Home","item":"https:\/\/www.miomiorun.com\/de\/"},{"@type":"ListItem","position":2,"name":"Shop","item":"https:\/\/www.miomiorun.com\/shop\/"},{"@type":"ListItem","position":3,"name":"Trace Hybrid Jacket herren"}]},{"@type":"WebSite","@id":"https:\/\/www.miomiorun.com\/de\/#website","url":"https:\/\/www.miomiorun.com\/de\/","name":"MioMioRun","description":"100% Lauf- und Trailshop","publisher":{"@id":"https:\/\/www.miomiorun.com\/de\/#organization"},"potentialAction":[{"@type":"SearchAction","target":{"@type":"EntryPoint","urlTemplate":"https:\/\/www.miomiorun.com\/de\/?s={search_term_string}"},"query-input":{"@type":"PropertyValueSpecification","valueRequired":true,"valueName":"search_term_string"}}],"inLanguage":"de-DE"},{"@type":"Organization","@id":"https:\/\/www.miomiorun.com\/de\/#organization","name":"MioMio Run","url":"https:\/\/www.miomiorun.com\/de\/","logo":{"@type":"ImageObject","inLanguage":"de-DE","@id":"https:\/\/www.miomiorun.com\/de\/#\/schema\/logo\/image\/","url":"https:\/\/www.miomiorun.com\/app\/uploads\/2019\/12\/logomio.png","contentUrl":"https:\/\/www.miomiorun.com\/app\/uploads\/2019\/12\/logomio.png","width":115,"height":82,"caption":"MioMio Run"},"image":{"@id":"https:\/\/www.miomiorun.com\/de\/#\/schema\/logo\/image\/"},"sameAs":["https:\/\/www.facebook.com\/miomiorun\/","https:\/\/www.instagram.com\/miomiorun\/"]}]}},"_links":{"self":[{"href":"https:\/\/www.miomiorun.com\/de\/wp-json\/wp\/v2\/product\/205122","targetHints":{"allow":["GET"]}}],"collection":[{"href":"https:\/\/www.miomiorun.com\/de\/wp-json\/wp\/v2\/product"}],"about":[{"href":"https:\/\/www.miomiorun.com\/de\/wp-json\/wp\/v2\/types\/product"}],"wp:featuredmedia":[{"embeddable":true,"href":"https:\/\/www.miomiorun.com\/de\/wp-json\/wp\/v2\/media\/205255"}],"wp:attachment":[{"href":"https:\/\/www.miomiorun.com\/de\/wp-json\/wp\/v2\/media?parent=205122"}],"wp:term":[{"taxonomy":"product_brand","embeddable":true,"href":"https:\/\/www.miomiorun.com\/de\/wp-json\/wp\/v2\/product_brand?post=205122"},{"taxonomy":"product_cat","embeddable":true,"href":"https:\/\/www.miomiorun.com\/de\/wp-json\/wp\/v2\/product_cat?post=205122"},{"taxonomy":"product_tag","embeddable":true,"href":"https:\/\/www.miomiorun.com\/de\/wp-json\/wp\/v2\/product_tag?post=205122"}],"curies":[{"name":"wp","href":"https:\/\/api.w.org\/{rel}","templated":true}]}}