{"id":204676,"date":"2024-09-26T15:43:09","date_gmt":"2024-09-26T13:43:09","guid":{"rendered":"https:\/\/miomiorun.com\/?post_type=product&#038;p=204676"},"modified":"2025-03-21T12:26:28","modified_gmt":"2025-03-21T11:26:28","slug":"dolomiti-cargo-pants-herren","status":"publish","type":"product","link":"https:\/\/www.miomiorun.com\/de\/produkt\/dolomiti-cargo-pants-herren\/","title":{"rendered":"Dolomiti Cargo Pants herren"},"content":{"rendered":"<p>Praktische und funktionelle Herrenhose <strong>Dolomiti Cargo<\/strong>: ideal f\u00fcr Trekking und Outdoor-Abenteuer.<\/p>\n<p>Die aus recyceltem 4-Wege-Stretch-Nylon gefertigte Hose ist abriebfest und bietet absolute Bewegungsfreiheit auf den Trails. Die atmungsaktive PFAS-freie DWR-Behandlung h\u00e4lt dich bei leichtem Regen oder Schnee trocken. Dank der geb\u00fcrsteten Innenseite und der winddichten Wirkung bleiben Sie bei kaltem Wetter warm, ohne sich schwer zu f\u00fchlen &#8211; f\u00fcr ganzt\u00e4gigen Komfort. Mit vielen Taschen, damit Sie Ihre Sachen immer griffbereit haben, und einem elastischen Bund mit verstellbarer Schnalle, der Sie sicher h\u00e4lt, ohne Ihre Bewegungen einzuschr\u00e4nken. Au\u00dferdem lassen sich die Beinabschl\u00fcsse an Ihre Bed\u00fcrfnisse anpassen. Men&#8217;s Dolomiti Cargo Pants: perfekt f\u00fcr Nordic Walking und anspruchsvolle Wanderungen im Herbst und Winter.<\/p>\n<p><strong>Eigenschaften:<\/strong><\/p>\n<ul class=\"tw-list-disc\">\n<li class=\"tw-text-xs\">Lange Hose f\u00fcr M\u00e4nner<\/li>\n<li class=\"tw-text-xs\">Nylongewebe mit PFCec Free DWR 4-Wege-Stretch, auf der R\u00fcckseite gen\u00e4ht<\/li>\n<li class=\"tw-text-xs\">Elastischer Bund, Knopf- und Rei\u00dfverschluss\u00f6ffnung<\/li>\n<li class=\"tw-text-xs\">Verstellbarer Bund mit Schnalle<\/li>\n<li class=\"tw-text-xs\">Offene Eingrifftaschen<\/li>\n<li class=\"tw-text-xs\">Ges\u00e4\u00dftaschen mit Rei\u00dfverschluss<\/li>\n<li class=\"tw-text-xs\">Boden mit Verstellung<\/li>\n<li class=\"tw-text-xs\">Ideal f\u00fcr Trekking, Nordic Walking und den Einsatz im Freien<\/li>\n<li class=\"tw-text-xs\">Gewicht: 430,0 g<\/li>\n<\/ul>\n<h2 class=\"accordion__title tw-font-normal tw-text-l\">Vorteile<\/h2>\n<p>&nbsp;<\/p>\n<div class=\"content__image-wrapper tw-w-fit\">\n<div class=\"content__image tw-relative tw-w-[3.2rem]\">\n<p><img loading=\"lazy\" decoding=\"async\" class=\"tw-absolute tw-top-0 tw-left-0 tw-w-full tw-h-full\" src=\"https:\/\/www.montura.com\/cdn\/shop\/files\/004_Breathable_Black.svg?v=1709125473&amp;width=200\" srcset=\"\/\/www.montura.com\/cdn\/shop\/files\/004_Breathable_Black.svg?v=1709125473&amp;width=200 200w\" alt=\"\" width=\"60\" height=\"60\" \/><\/p>\n<h3 class=\"tw-text-s tw-pt-[1.2rem] tw-pb-[0.4rem] tw-font-medium\">Atmungsaktiv<\/h3>\n<p class=\"tw-text-greyish-brown tw-text-xs tw-pt-[0.4rem]\">Dank atmungsaktiver Stoffe unterst\u00fctzt dieses Kleidungsst\u00fcck die nat\u00fcrliche Transpiration der Haut und h\u00e4lt den K\u00f6rper stets bei einer optimalen Temperatur.<\/p>\n<\/div>\n<\/div>\n<p>&nbsp;<\/p>\n<div class=\"content__image-wrapper tw-w-fit\">\n<div class=\"content__image tw-relative tw-w-[3.2rem]\">\n<p><img loading=\"lazy\" decoding=\"async\" class=\"tw-absolute tw-top-0 tw-left-0 tw-w-full tw-h-full\" src=\"https:\/\/www.montura.com\/cdn\/shop\/files\/002_WaterResistantDWR_Black.svg?v=1709125500&amp;width=200\" srcset=\"\/\/www.montura.com\/cdn\/shop\/files\/002_WaterResistantDWR_Black.svg?v=1709125500&amp;width=200 200w\" alt=\"\" width=\"60\" height=\"60\" \/><\/p>\n<h3 class=\"tw-text-s tw-pt-[1.2rem] tw-pb-[0.4rem] tw-font-medium\">Wasserabweisend (DWR)<\/h3>\n<p class=\"tw-text-greyish-brown tw-text-xs tw-pt-[0.4rem]\">Eine wasserabweisende Schicht, die auf das Gewebe aufgetragen wird, bietet leichten Schutz vor Feuchtigkeit von au\u00dfen.<\/p>\n<\/div>\n<\/div>\n<p>&nbsp;<\/p>\n<div class=\"content__image-wrapper tw-w-fit\">\n<div class=\"content__image tw-relative tw-w-[3.2rem]\">\n<p><img loading=\"lazy\" decoding=\"async\" class=\"tw-absolute tw-top-0 tw-left-0 tw-w-full tw-h-full\" src=\"https:\/\/www.montura.com\/cdn\/shop\/files\/003_Windproof_Black.svg?v=1709125529&amp;width=200\" srcset=\"\/\/www.montura.com\/cdn\/shop\/files\/003_Windproof_Black.svg?v=1709125529&amp;width=200 200w\" alt=\"\" width=\"60\" height=\"60\" \/><\/p>\n<h3 class=\"tw-text-s tw-pt-[1.2rem] tw-pb-[0.4rem] tw-font-medium\">Winddicht<\/h3>\n<p class=\"tw-text-s tw-pt-[1.2rem] tw-pb-[0.4rem] tw-font-medium\">Das Gewebe verhindert das Eindringen von Wind und verringert so das Risiko des Ausk\u00fchlens.<\/p>\n<\/div>\n<p>&nbsp;<\/p>\n<div class=\"content__image tw-relative tw-w-[3.2rem]\">\n<div class=\"content__image-wrapper tw-w-fit\">\n<div class=\"content__image tw-relative tw-w-[3.2rem]\"><img loading=\"lazy\" decoding=\"async\" class=\"tw-absolute tw-top-0 tw-left-0 tw-w-full tw-h-full\" src=\"https:\/\/www.montura.com\/cdn\/shop\/files\/024_PFAS_free_Black.svg?v=1724232112&amp;width=200\" srcset=\"\/\/www.montura.com\/cdn\/shop\/files\/024_PFAS_free_Black.svg?v=1724232112&amp;width=200 200w\" alt=\"\" width=\"60\" height=\"60\" \/><\/div>\n<div>\n<h3 class=\"tw-text-s tw-pt-[1.2rem] tw-pb-[0.4rem] tw-font-medium\">PFAS-FREI<\/h3>\n<p class=\"tw-text-greyish-brown tw-text-xs tw-pt-[0.4rem]\">Ein PFAS-freies Kleidungsst\u00fcck wird aus Materialien hergestellt, die frei von wasserabweisenden Behandlungen auf der Basis von perfluorierten und polyphlorierten Verbindungen (PFAS) sind, die sch\u00e4dlich f\u00fcr die Umwelt und Lebewesen sind. Die Stoffe werden mit einer umweltfreundlichen, nicht fluorierten, wasserabweisenden Ausr\u00fcstung auf pflanzlicher Basis behandelt, die eine dauerhafte Wasserabweisung garantiert.<\/p>\n<\/div>\n<\/div>\n<\/div>\n<div class=\"tw-flex tw-flex-row tw-flex-wrap tw-pb-[2.4rem]\">\n<div class=\"tw-text-xs tw-text-nowrap tw-pr-4\"><\/div>\n<\/div>\n<div class=\"attribute_container tw-flex tw-gap-16 tw-items-center last-of-type:tw-pb-0\">\n<div class=\"\"><\/div>\n<\/div>\n<div class=\"attribute_container tw-flex tw-gap-16 tw-items-center last-of-type:tw-pb-0\">\n<p class=\"tw-text-greyish-brown tw-text-wrap tw-text-xs tw-pt-[0.4rem]\">\n<\/div>\n<div class=\"content__image tw-relative tw-w-[3.2rem]\">\n<div class=\"content__image-wrapper tw-w-fit\">\n<div><\/div>\n<\/div>\n<\/div>\n<div><\/div>\n<\/div>\n<div class=\"content__image-wrapper tw-w-fit\">\n<div class=\"content__image tw-relative tw-w-[3.2rem]\"><\/div>\n<\/div>\n<div class=\"content__image-wrapper tw-w-fit\">\n<div class=\"content__image tw-relative tw-w-[3.2rem]\">\n<\/div>\n<\/div>\n","protected":false},"excerpt":{"rendered":"<ul>\n<li>Winterhose<\/li>\n<li>Ideal zum Tragen bei Outdoor-Aktivit\u00e4ten bei kalten Temperaturen<\/li>\n<\/ul>\n","protected":false},"featured_media":205078,"template":"","meta":{"_acf_changed":false,"inline_featured_image":false},"product_brand":[],"product_cat":[6540,6509],"product_tag":[3379,6270],"class_list":{"0":"post-204676","1":"product","2":"type-product","3":"status-publish","4":"has-post-thumbnail","6":"product_cat-herrenbekleidung","7":"product_cat-lange-hosen","8":"product_tag-montura-de","9":"product_tag-montura-herren-de","10":"pa_attivita-gehen","11":"pa_attivita-outdoor-de","12":"pa_colore-dolomiti-cargo-pants-black-de","13":"pa_marca-montura-de","14":"pa_sesso-herren","15":"pa_size-extra-large-de","17":"first","18":"instock","19":"sale","20":"taxable","21":"shipping-taxable","22":"purchasable","23":"product-type-variable","24":"wvs-archive-product-wrapper"},"acf":[],"yoast_head":"<!-- This site is optimized with the Yoast SEO plugin v26.8 - https:\/\/yoast.com\/product\/yoast-seo-wordpress\/ -->\n<title>Montura Dolomiti Cargo Pants herren - Berghose - MioMioRun<\/title>\n<meta name=\"description\" content=\"Herrenhose Dolomiti Cargo, praktisch und funktionell: ideal f\u00fcr Trekking und Outdoor-Abenteuer. Aus recyceltem 4-Wege-Stretch-Nylon\" \/>\n<meta name=\"robots\" content=\"index, follow, max-snippet:-1, max-image-preview:large, max-video-preview:-1\" \/>\n<link rel=\"canonical\" href=\"https:\/\/www.miomiorun.com\/de\/produkt\/dolomiti-cargo-pants-herren\/\" \/>\n<meta property=\"og:locale\" content=\"de_DE\" \/>\n<meta property=\"og:type\" content=\"article\" \/>\n<meta property=\"og:title\" content=\"Montura Dolomiti Cargo Pants herren - Berghose - MioMioRun\" \/>\n<meta property=\"og:description\" content=\"Herrenhose Dolomiti Cargo, praktisch und funktionell: ideal f\u00fcr Trekking und Outdoor-Abenteuer. Aus recyceltem 4-Wege-Stretch-Nylon\" \/>\n<meta property=\"og:url\" content=\"https:\/\/www.miomiorun.com\/de\/produkt\/dolomiti-cargo-pants-herren\/\" \/>\n<meta property=\"og:site_name\" content=\"MioMioRun\" \/>\n<meta property=\"article:publisher\" content=\"https:\/\/www.facebook.com\/miomiorun\/\" \/>\n<meta property=\"article:modified_time\" content=\"2025-03-21T11:26:28+00:00\" \/>\n<meta property=\"og:image\" content=\"https:\/\/www.miomiorun.com\/app\/uploads\/2024\/09\/Montura-Dolomiti-cargo-pants-black-MPLA56X-90.webp\" \/>\n\t<meta property=\"og:image:width\" content=\"600\" \/>\n\t<meta property=\"og:image:height\" content=\"600\" \/>\n\t<meta property=\"og:image:type\" content=\"image\/webp\" \/>\n<meta name=\"twitter:card\" content=\"summary_large_image\" \/>\n<meta name=\"twitter:label1\" content=\"Est. reading time\" \/>\n\t<meta name=\"twitter:data1\" content=\"2 minutes\" \/>\n<script type=\"application\/ld+json\" class=\"yoast-schema-graph\">{\"@context\":\"https:\/\/schema.org\",\"@graph\":[{\"@type\":\"WebPage\",\"@id\":\"https:\/\/www.miomiorun.com\/de\/produkt\/dolomiti-cargo-pants-herren\/\",\"url\":\"https:\/\/www.miomiorun.com\/de\/produkt\/dolomiti-cargo-pants-herren\/\",\"name\":\"Montura Dolomiti Cargo Pants herren - Berghose - MioMioRun\",\"isPartOf\":{\"@id\":\"https:\/\/www.miomiorun.com\/de\/#website\"},\"primaryImageOfPage\":{\"@id\":\"https:\/\/www.miomiorun.com\/de\/produkt\/dolomiti-cargo-pants-herren\/#primaryimage\"},\"image\":{\"@id\":\"https:\/\/www.miomiorun.com\/de\/produkt\/dolomiti-cargo-pants-herren\/#primaryimage\"},\"thumbnailUrl\":\"https:\/\/www.miomiorun.com\/app\/uploads\/2024\/09\/Montura-Dolomiti-cargo-pants-black-MPLA56X-90.webp\",\"datePublished\":\"2024-09-26T13:43:09+00:00\",\"dateModified\":\"2025-03-21T11:26:28+00:00\",\"description\":\"Herrenhose Dolomiti Cargo, praktisch und funktionell: ideal f\u00fcr Trekking und Outdoor-Abenteuer. Aus recyceltem 4-Wege-Stretch-Nylon\",\"breadcrumb\":{\"@id\":\"https:\/\/www.miomiorun.com\/de\/produkt\/dolomiti-cargo-pants-herren\/#breadcrumb\"},\"inLanguage\":\"de-DE\",\"potentialAction\":[{\"@type\":\"ReadAction\",\"target\":[\"https:\/\/www.miomiorun.com\/de\/produkt\/dolomiti-cargo-pants-herren\/\"]}]},{\"@type\":\"ImageObject\",\"inLanguage\":\"de-DE\",\"@id\":\"https:\/\/www.miomiorun.com\/de\/produkt\/dolomiti-cargo-pants-herren\/#primaryimage\",\"url\":\"https:\/\/www.miomiorun.com\/app\/uploads\/2024\/09\/Montura-Dolomiti-cargo-pants-black-MPLA56X-90.webp\",\"contentUrl\":\"https:\/\/www.miomiorun.com\/app\/uploads\/2024\/09\/Montura-Dolomiti-cargo-pants-black-MPLA56X-90.webp\",\"width\":600,\"height\":600,\"caption\":\"Montura Dolomiti cargo pants black MPLA56X 90\"},{\"@type\":\"BreadcrumbList\",\"@id\":\"https:\/\/www.miomiorun.com\/de\/produkt\/dolomiti-cargo-pants-herren\/#breadcrumb\",\"itemListElement\":[{\"@type\":\"ListItem\",\"position\":1,\"name\":\"Home\",\"item\":\"https:\/\/www.miomiorun.com\/de\/\"},{\"@type\":\"ListItem\",\"position\":2,\"name\":\"Shop\",\"item\":\"https:\/\/www.miomiorun.com\/shop\/\"},{\"@type\":\"ListItem\",\"position\":3,\"name\":\"Dolomiti Cargo Pants herren\"}]},{\"@type\":\"WebSite\",\"@id\":\"https:\/\/www.miomiorun.com\/de\/#website\",\"url\":\"https:\/\/www.miomiorun.com\/de\/\",\"name\":\"MioMioRun\",\"description\":\"100% Lauf- und Trailshop\",\"publisher\":{\"@id\":\"https:\/\/www.miomiorun.com\/de\/#organization\"},\"potentialAction\":[{\"@type\":\"SearchAction\",\"target\":{\"@type\":\"EntryPoint\",\"urlTemplate\":\"https:\/\/www.miomiorun.com\/de\/?s={search_term_string}\"},\"query-input\":{\"@type\":\"PropertyValueSpecification\",\"valueRequired\":true,\"valueName\":\"search_term_string\"}}],\"inLanguage\":\"de-DE\"},{\"@type\":\"Organization\",\"@id\":\"https:\/\/www.miomiorun.com\/de\/#organization\",\"name\":\"MioMio Run\",\"url\":\"https:\/\/www.miomiorun.com\/de\/\",\"logo\":{\"@type\":\"ImageObject\",\"inLanguage\":\"de-DE\",\"@id\":\"https:\/\/www.miomiorun.com\/de\/#\/schema\/logo\/image\/\",\"url\":\"https:\/\/www.miomiorun.com\/app\/uploads\/2019\/12\/logomio.png\",\"contentUrl\":\"https:\/\/www.miomiorun.com\/app\/uploads\/2019\/12\/logomio.png\",\"width\":115,\"height\":82,\"caption\":\"MioMio Run\"},\"image\":{\"@id\":\"https:\/\/www.miomiorun.com\/de\/#\/schema\/logo\/image\/\"},\"sameAs\":[\"https:\/\/www.facebook.com\/miomiorun\/\",\"https:\/\/www.instagram.com\/miomiorun\/\"]}]}<\/script>\n<!-- \/ Yoast SEO plugin. -->","yoast_head_json":{"title":"Montura Dolomiti Cargo Pants herren - Berghose - MioMioRun","description":"Herrenhose Dolomiti Cargo, praktisch und funktionell: ideal f\u00fcr Trekking und Outdoor-Abenteuer. Aus recyceltem 4-Wege-Stretch-Nylon","robots":{"index":"index","follow":"follow","max-snippet":"max-snippet:-1","max-image-preview":"max-image-preview:large","max-video-preview":"max-video-preview:-1"},"canonical":"https:\/\/www.miomiorun.com\/de\/produkt\/dolomiti-cargo-pants-herren\/","og_locale":"de_DE","og_type":"article","og_title":"Montura Dolomiti Cargo Pants herren - Berghose - MioMioRun","og_description":"Herrenhose Dolomiti Cargo, praktisch und funktionell: ideal f\u00fcr Trekking und Outdoor-Abenteuer. Aus recyceltem 4-Wege-Stretch-Nylon","og_url":"https:\/\/www.miomiorun.com\/de\/produkt\/dolomiti-cargo-pants-herren\/","og_site_name":"MioMioRun","article_publisher":"https:\/\/www.facebook.com\/miomiorun\/","article_modified_time":"2025-03-21T11:26:28+00:00","og_image":[{"width":600,"height":600,"url":"https:\/\/www.miomiorun.com\/app\/uploads\/2024\/09\/Montura-Dolomiti-cargo-pants-black-MPLA56X-90.webp","type":"image\/webp"}],"twitter_card":"summary_large_image","twitter_misc":{"Est. reading time":"2 minutes"},"schema":{"@context":"https:\/\/schema.org","@graph":[{"@type":"WebPage","@id":"https:\/\/www.miomiorun.com\/de\/produkt\/dolomiti-cargo-pants-herren\/","url":"https:\/\/www.miomiorun.com\/de\/produkt\/dolomiti-cargo-pants-herren\/","name":"Montura Dolomiti Cargo Pants herren - Berghose - MioMioRun","isPartOf":{"@id":"https:\/\/www.miomiorun.com\/de\/#website"},"primaryImageOfPage":{"@id":"https:\/\/www.miomiorun.com\/de\/produkt\/dolomiti-cargo-pants-herren\/#primaryimage"},"image":{"@id":"https:\/\/www.miomiorun.com\/de\/produkt\/dolomiti-cargo-pants-herren\/#primaryimage"},"thumbnailUrl":"https:\/\/www.miomiorun.com\/app\/uploads\/2024\/09\/Montura-Dolomiti-cargo-pants-black-MPLA56X-90.webp","datePublished":"2024-09-26T13:43:09+00:00","dateModified":"2025-03-21T11:26:28+00:00","description":"Herrenhose Dolomiti Cargo, praktisch und funktionell: ideal f\u00fcr Trekking und Outdoor-Abenteuer. Aus recyceltem 4-Wege-Stretch-Nylon","breadcrumb":{"@id":"https:\/\/www.miomiorun.com\/de\/produkt\/dolomiti-cargo-pants-herren\/#breadcrumb"},"inLanguage":"de-DE","potentialAction":[{"@type":"ReadAction","target":["https:\/\/www.miomiorun.com\/de\/produkt\/dolomiti-cargo-pants-herren\/"]}]},{"@type":"ImageObject","inLanguage":"de-DE","@id":"https:\/\/www.miomiorun.com\/de\/produkt\/dolomiti-cargo-pants-herren\/#primaryimage","url":"https:\/\/www.miomiorun.com\/app\/uploads\/2024\/09\/Montura-Dolomiti-cargo-pants-black-MPLA56X-90.webp","contentUrl":"https:\/\/www.miomiorun.com\/app\/uploads\/2024\/09\/Montura-Dolomiti-cargo-pants-black-MPLA56X-90.webp","width":600,"height":600,"caption":"Montura Dolomiti cargo pants black MPLA56X 90"},{"@type":"BreadcrumbList","@id":"https:\/\/www.miomiorun.com\/de\/produkt\/dolomiti-cargo-pants-herren\/#breadcrumb","itemListElement":[{"@type":"ListItem","position":1,"name":"Home","item":"https:\/\/www.miomiorun.com\/de\/"},{"@type":"ListItem","position":2,"name":"Shop","item":"https:\/\/www.miomiorun.com\/shop\/"},{"@type":"ListItem","position":3,"name":"Dolomiti Cargo Pants herren"}]},{"@type":"WebSite","@id":"https:\/\/www.miomiorun.com\/de\/#website","url":"https:\/\/www.miomiorun.com\/de\/","name":"MioMioRun","description":"100% Lauf- und Trailshop","publisher":{"@id":"https:\/\/www.miomiorun.com\/de\/#organization"},"potentialAction":[{"@type":"SearchAction","target":{"@type":"EntryPoint","urlTemplate":"https:\/\/www.miomiorun.com\/de\/?s={search_term_string}"},"query-input":{"@type":"PropertyValueSpecification","valueRequired":true,"valueName":"search_term_string"}}],"inLanguage":"de-DE"},{"@type":"Organization","@id":"https:\/\/www.miomiorun.com\/de\/#organization","name":"MioMio Run","url":"https:\/\/www.miomiorun.com\/de\/","logo":{"@type":"ImageObject","inLanguage":"de-DE","@id":"https:\/\/www.miomiorun.com\/de\/#\/schema\/logo\/image\/","url":"https:\/\/www.miomiorun.com\/app\/uploads\/2019\/12\/logomio.png","contentUrl":"https:\/\/www.miomiorun.com\/app\/uploads\/2019\/12\/logomio.png","width":115,"height":82,"caption":"MioMio Run"},"image":{"@id":"https:\/\/www.miomiorun.com\/de\/#\/schema\/logo\/image\/"},"sameAs":["https:\/\/www.facebook.com\/miomiorun\/","https:\/\/www.instagram.com\/miomiorun\/"]}]}},"_links":{"self":[{"href":"https:\/\/www.miomiorun.com\/de\/wp-json\/wp\/v2\/product\/204676","targetHints":{"allow":["GET"]}}],"collection":[{"href":"https:\/\/www.miomiorun.com\/de\/wp-json\/wp\/v2\/product"}],"about":[{"href":"https:\/\/www.miomiorun.com\/de\/wp-json\/wp\/v2\/types\/product"}],"wp:featuredmedia":[{"embeddable":true,"href":"https:\/\/www.miomiorun.com\/de\/wp-json\/wp\/v2\/media\/205078"}],"wp:attachment":[{"href":"https:\/\/www.miomiorun.com\/de\/wp-json\/wp\/v2\/media?parent=204676"}],"wp:term":[{"taxonomy":"product_brand","embeddable":true,"href":"https:\/\/www.miomiorun.com\/de\/wp-json\/wp\/v2\/product_brand?post=204676"},{"taxonomy":"product_cat","embeddable":true,"href":"https:\/\/www.miomiorun.com\/de\/wp-json\/wp\/v2\/product_cat?post=204676"},{"taxonomy":"product_tag","embeddable":true,"href":"https:\/\/www.miomiorun.com\/de\/wp-json\/wp\/v2\/product_tag?post=204676"}],"curies":[{"name":"wp","href":"https:\/\/api.w.org\/{rel}","templated":true}]}}