{"id":204590,"date":"2024-09-26T15:14:47","date_gmt":"2024-09-26T13:14:47","guid":{"rendered":"https:\/\/miomiorun.com\/?post_type=product&#038;p=204590"},"modified":"2026-05-08T22:14:06","modified_gmt":"2026-05-08T20:14:06","slug":"supernova-solution-damen","status":"publish","type":"product","link":"https:\/\/www.miomiorun.com\/de\/produkt\/supernova-solution-damen\/","title":{"rendered":"Supernova Solution damen"},"content":{"rendered":"<div class=\"vc-row container\"><div class=\"vc-column\"><div class=\"vc-column-text\"><\/p>\n<h4>Technische Daten<\/h4>\n<p>Kategorie: Mittlere D\u00e4mpfung<br \/>\nVersatz: 10 mm (Ferse: 36 mm \/ Vorfu\u00df: 26 mm)<br \/>\nGewicht: 288 g<br \/>\nIdeal f\u00fcr: L\u00e4ufer mit Pronationsneigung, die ein gest\u00fctztes und sch\u00fctzendes Modell suchen, ohne dabei auf Leistung verzichten zu m\u00fcssen, da der Schuh ein geringes Gewicht hat.<br \/>\nGewicht des Athleten: &gt;70 kg<br \/>\nLauftempo: mittel (5-6 min\/km)<br \/>\n<a href=\"https:\/\/miomiorun.com\/de\/leitfaden-fuer-technische-spezifikationen\/\">Leitfaden f\u00fcr technische Daten<\/a><\/p>\n<p><\/div><\/div><div class=\"vc-column\"><div class=\"vc-column-text\"><\/p>\n<div class=\"text-content___13aRm\">\n<h3 class=\"subtitle___9ljbp\">SUPERNOVA SOLUTION SCHUHE BIETEN ZUS\u00c4TZLICHEN HALT<\/h3>\n<p class=\"gl-vspace\">Der <strong>Supernova<\/strong> Solution f\u00fcr Damen verf\u00fcgt \u00fcber eine Dreamstrike+ Super Compound-Zwischensohle, ein Comfort Heel Fit-System und eine adiwear-Au\u00dfensohle, die optimalen Grip bietet. Der Supernova Solution ist die ideale Wahl f\u00fcr L\u00e4uferinnen, die jeden Tag laufen. Au\u00dferdem haben wir an der Innenseite St\u00fctzleisten mit doppelter Dichte und optimierter Geometrie angebracht.<\/p>\n<p><strong>Eigenschaften:<\/strong><\/p>\n<ul class=\"gl-list\">\n<li class=\"gl-vspace-bpall-small\">Normale Passform<\/li>\n<li class=\"gl-vspace-bpall-small\">Schn\u00fcrverschluss<\/li>\n<li class=\"gl-vspace-bpall-small\">Obermaterial aus Mesh<\/li>\n<li class=\"gl-vspace-bpall-small\">Futter aus Stoff<\/li>\n<li class=\"gl-vspace-bpall-small\">St\u00fctzstab-System<\/li>\n<li class=\"gl-vspace-bpall-small\">Dreamstrike+ Zwischensohle<\/li>\n<li>adiwear-Au\u00dfensohle<\/li>\n<\/ul>\n<div class=\"_cell_18qu3_18 _with-content_18qu3_27\" data-auto-id=\"bs-body\">\n<div class=\"_banner-split_18qu3_31 color-theme-black\">\n<h2 class=\"_banner-split-title_18qu3_68 _dynamic-alignment_18qu3_126\" style=\"text-align: center;\" data-auto-id=\"bs-title\">SUPERBEQUEME FERSE<\/h2>\n<p class=\"_banner-split-summary_18qu3_92 _dynamic-alignment_18qu3_126\" style=\"text-align: center;\" data-auto-id=\"bs-summary\">Eine perfekte Kombination aus der D\u00e4mpfung der Mischung und der Weichheit des Gewebes, die Ihnen maximalen Halt bietet, als ob der Schuh sich an Ihre Ferse schmiegen w\u00fcrde.<\/p>\n<div class=\"_cell_18qu3_18 _with-content_18qu3_27\" data-auto-id=\"bs-body\">\n<div class=\"_banner-split_18qu3_31 color-theme-black\">\n<h2 class=\"_banner-split-title_18qu3_68 _dynamic-alignment_18qu3_126\" style=\"text-align: center;\" data-auto-id=\"bs-title\">DREAMSTRIKE+<\/h2>\n<p class=\"_banner-split-summary_18qu3_92 _dynamic-alignment_18qu3_126\" style=\"text-align: center;\" data-auto-id=\"bs-summary\">Die neue Generation von Super Compound in der Zwischensohle d\u00e4mpft jeden Schritt und bietet die beste Balance aus Komfort und Stabilit\u00e4t, Kilometer f\u00fcr Kilometer.<\/p>\n<div class=\"_cell_18qu3_18 _with-content_18qu3_27\" data-auto-id=\"bs-body\">\n<div class=\"_banner-split_18qu3_31 color-theme-black\">\n<h2 class=\"_banner-split-title_18qu3_68 _dynamic-alignment_18qu3_126\" style=\"text-align: center;\" data-auto-id=\"bs-title\">ST\u00dcTZLEISTEN F\u00dcR MAXIMALE STABILIT\u00c4T<\/h2>\n<p class=\"_banner-split-summary_18qu3_92 _dynamic-alignment_18qu3_126\" style=\"text-align: center;\" data-auto-id=\"bs-summary\">Unsere Innovationen sind komplex: St\u00fctzleisten mit doppelter Dichte und eine optimierte Geometrie an der Innenseite des Fu\u00dfes. Aber der Vorteil, den sie Ihnen bieten, ist einfach: bessere Unterst\u00fctzung, wo Sie sie am meisten brauchen.<\/p>\n<\/div>\n<\/div>\n<\/div>\n<\/div>\n<\/div>\n<\/div>\n<\/div>\n<p><\/div><\/div><\/div>\n","protected":false},"excerpt":{"rendered":"<ul>\n<li>Laufschuh mit extra viel Halt.<\/li>\n<li>Perfekt f\u00fcr alle t\u00e4glichen Workouts.<\/li>\n<\/ul>\n","protected":false},"featured_media":206379,"template":"","meta":{"_acf_changed":false,"inline_featured_image":false},"product_brand":[],"product_cat":[6501,6537],"product_tag":[3403,6309],"class_list":{"0":"post-204590","1":"product","2":"type-product","3":"status-publish","4":"has-post-thumbnail","6":"product_cat-sale-damen-schuhe-de","7":"product_cat-sale-stabilitaet-damen-de","8":"product_tag-adidas-de","9":"product_tag-adidas-damen-de","10":"pa_attivita-gehen","11":"pa_attivita-running-de","12":"pa_colore-supernova-solution-w-core-black-halo-silver-dash-grey-de","13":"pa_marca-adidas-de","14":"pa_sesso-damen","15":"pa_size-40-de","17":"first","18":"instock","19":"sale","20":"taxable","21":"shipping-taxable","22":"purchasable","23":"product-type-variable","24":"wvs-archive-product-wrapper"},"acf":[],"yoast_head":"<!-- This site is optimized with the Yoast SEO plugin v26.8 - https:\/\/yoast.com\/product\/yoast-seo-wordpress\/ -->\n<title>Adidas Supernova Solution damen - Damen-Laufschuhe- MioMioRun.com<\/title>\n<meta name=\"description\" content=\"Der Supernova Solution f\u00fcr Damen verf\u00fcgt \u00fcber eine Zwischensohle mit Dreamstrike+ Super Compound, das Comfort Heel Fit System\" \/>\n<meta name=\"robots\" content=\"index, follow, max-snippet:-1, max-image-preview:large, max-video-preview:-1\" \/>\n<link rel=\"canonical\" href=\"https:\/\/www.miomiorun.com\/de\/produkt\/supernova-solution-damen\/\" \/>\n<meta property=\"og:locale\" content=\"de_DE\" \/>\n<meta property=\"og:type\" content=\"article\" \/>\n<meta property=\"og:title\" content=\"Adidas Supernova Solution damen - Damen-Laufschuhe- MioMioRun.com\" \/>\n<meta property=\"og:description\" content=\"Der Supernova Solution f\u00fcr Damen verf\u00fcgt \u00fcber eine Zwischensohle mit Dreamstrike+ Super Compound, das Comfort Heel Fit System\" \/>\n<meta property=\"og:url\" content=\"https:\/\/www.miomiorun.com\/de\/produkt\/supernova-solution-damen\/\" \/>\n<meta property=\"og:site_name\" content=\"MioMioRun\" \/>\n<meta property=\"article:publisher\" content=\"https:\/\/www.facebook.com\/miomiorun\/\" \/>\n<meta property=\"article:modified_time\" content=\"2026-05-08T20:14:06+00:00\" \/>\n<meta property=\"og:image\" content=\"https:\/\/www.miomiorun.com\/app\/uploads\/2024\/10\/adidas-Supernova-solution-W-IF3007.webp\" \/>\n\t<meta property=\"og:image:width\" content=\"600\" \/>\n\t<meta property=\"og:image:height\" content=\"600\" \/>\n\t<meta property=\"og:image:type\" content=\"image\/webp\" \/>\n<meta name=\"twitter:card\" content=\"summary_large_image\" \/>\n<meta name=\"twitter:label1\" content=\"Est. reading time\" \/>\n\t<meta name=\"twitter:data1\" content=\"2 minutes\" \/>\n<script type=\"application\/ld+json\" class=\"yoast-schema-graph\">{\"@context\":\"https:\/\/schema.org\",\"@graph\":[{\"@type\":\"WebPage\",\"@id\":\"https:\/\/www.miomiorun.com\/de\/produkt\/supernova-solution-damen\/\",\"url\":\"https:\/\/www.miomiorun.com\/de\/produkt\/supernova-solution-damen\/\",\"name\":\"Adidas Supernova Solution damen - Damen-Laufschuhe- MioMioRun.com\",\"isPartOf\":{\"@id\":\"https:\/\/www.miomiorun.com\/de\/#website\"},\"primaryImageOfPage\":{\"@id\":\"https:\/\/www.miomiorun.com\/de\/produkt\/supernova-solution-damen\/#primaryimage\"},\"image\":{\"@id\":\"https:\/\/www.miomiorun.com\/de\/produkt\/supernova-solution-damen\/#primaryimage\"},\"thumbnailUrl\":\"https:\/\/www.miomiorun.com\/app\/uploads\/2024\/10\/adidas-Supernova-solution-W-IF3007.webp\",\"datePublished\":\"2024-09-26T13:14:47+00:00\",\"dateModified\":\"2026-05-08T20:14:06+00:00\",\"description\":\"Der Supernova Solution f\u00fcr Damen verf\u00fcgt \u00fcber eine Zwischensohle mit Dreamstrike+ Super Compound, das Comfort Heel Fit System\",\"breadcrumb\":{\"@id\":\"https:\/\/www.miomiorun.com\/de\/produkt\/supernova-solution-damen\/#breadcrumb\"},\"inLanguage\":\"de-DE\",\"potentialAction\":[{\"@type\":\"ReadAction\",\"target\":[\"https:\/\/www.miomiorun.com\/de\/produkt\/supernova-solution-damen\/\"]}]},{\"@type\":\"ImageObject\",\"inLanguage\":\"de-DE\",\"@id\":\"https:\/\/www.miomiorun.com\/de\/produkt\/supernova-solution-damen\/#primaryimage\",\"url\":\"https:\/\/www.miomiorun.com\/app\/uploads\/2024\/10\/adidas-Supernova-solution-W-IF3007.webp\",\"contentUrl\":\"https:\/\/www.miomiorun.com\/app\/uploads\/2024\/10\/adidas-Supernova-solution-W-IF3007.webp\",\"width\":600,\"height\":600,\"caption\":\"adidas Supernova solution W IF3007\"},{\"@type\":\"BreadcrumbList\",\"@id\":\"https:\/\/www.miomiorun.com\/de\/produkt\/supernova-solution-damen\/#breadcrumb\",\"itemListElement\":[{\"@type\":\"ListItem\",\"position\":1,\"name\":\"Home\",\"item\":\"https:\/\/www.miomiorun.com\/de\/\"},{\"@type\":\"ListItem\",\"position\":2,\"name\":\"Shop\",\"item\":\"https:\/\/www.miomiorun.com\/shop\/\"},{\"@type\":\"ListItem\",\"position\":3,\"name\":\"Supernova Solution damen\"}]},{\"@type\":\"WebSite\",\"@id\":\"https:\/\/www.miomiorun.com\/de\/#website\",\"url\":\"https:\/\/www.miomiorun.com\/de\/\",\"name\":\"MioMioRun\",\"description\":\"100% Lauf- und Trailshop\",\"publisher\":{\"@id\":\"https:\/\/www.miomiorun.com\/de\/#organization\"},\"potentialAction\":[{\"@type\":\"SearchAction\",\"target\":{\"@type\":\"EntryPoint\",\"urlTemplate\":\"https:\/\/www.miomiorun.com\/de\/?s={search_term_string}\"},\"query-input\":{\"@type\":\"PropertyValueSpecification\",\"valueRequired\":true,\"valueName\":\"search_term_string\"}}],\"inLanguage\":\"de-DE\"},{\"@type\":\"Organization\",\"@id\":\"https:\/\/www.miomiorun.com\/de\/#organization\",\"name\":\"MioMio Run\",\"url\":\"https:\/\/www.miomiorun.com\/de\/\",\"logo\":{\"@type\":\"ImageObject\",\"inLanguage\":\"de-DE\",\"@id\":\"https:\/\/www.miomiorun.com\/de\/#\/schema\/logo\/image\/\",\"url\":\"https:\/\/www.miomiorun.com\/app\/uploads\/2019\/12\/logomio.png\",\"contentUrl\":\"https:\/\/www.miomiorun.com\/app\/uploads\/2019\/12\/logomio.png\",\"width\":115,\"height\":82,\"caption\":\"MioMio Run\"},\"image\":{\"@id\":\"https:\/\/www.miomiorun.com\/de\/#\/schema\/logo\/image\/\"},\"sameAs\":[\"https:\/\/www.facebook.com\/miomiorun\/\",\"https:\/\/www.instagram.com\/miomiorun\/\"]}]}<\/script>\n<!-- \/ Yoast SEO plugin. -->","yoast_head_json":{"title":"Adidas Supernova Solution damen - Damen-Laufschuhe- MioMioRun.com","description":"Der Supernova Solution f\u00fcr Damen verf\u00fcgt \u00fcber eine Zwischensohle mit Dreamstrike+ Super Compound, das Comfort Heel Fit System","robots":{"index":"index","follow":"follow","max-snippet":"max-snippet:-1","max-image-preview":"max-image-preview:large","max-video-preview":"max-video-preview:-1"},"canonical":"https:\/\/www.miomiorun.com\/de\/produkt\/supernova-solution-damen\/","og_locale":"de_DE","og_type":"article","og_title":"Adidas Supernova Solution damen - Damen-Laufschuhe- MioMioRun.com","og_description":"Der Supernova Solution f\u00fcr Damen verf\u00fcgt \u00fcber eine Zwischensohle mit Dreamstrike+ Super Compound, das Comfort Heel Fit System","og_url":"https:\/\/www.miomiorun.com\/de\/produkt\/supernova-solution-damen\/","og_site_name":"MioMioRun","article_publisher":"https:\/\/www.facebook.com\/miomiorun\/","article_modified_time":"2026-05-08T20:14:06+00:00","og_image":[{"width":600,"height":600,"url":"https:\/\/www.miomiorun.com\/app\/uploads\/2024\/10\/adidas-Supernova-solution-W-IF3007.webp","type":"image\/webp"}],"twitter_card":"summary_large_image","twitter_misc":{"Est. reading time":"2 minutes"},"schema":{"@context":"https:\/\/schema.org","@graph":[{"@type":"WebPage","@id":"https:\/\/www.miomiorun.com\/de\/produkt\/supernova-solution-damen\/","url":"https:\/\/www.miomiorun.com\/de\/produkt\/supernova-solution-damen\/","name":"Adidas Supernova Solution damen - Damen-Laufschuhe- MioMioRun.com","isPartOf":{"@id":"https:\/\/www.miomiorun.com\/de\/#website"},"primaryImageOfPage":{"@id":"https:\/\/www.miomiorun.com\/de\/produkt\/supernova-solution-damen\/#primaryimage"},"image":{"@id":"https:\/\/www.miomiorun.com\/de\/produkt\/supernova-solution-damen\/#primaryimage"},"thumbnailUrl":"https:\/\/www.miomiorun.com\/app\/uploads\/2024\/10\/adidas-Supernova-solution-W-IF3007.webp","datePublished":"2024-09-26T13:14:47+00:00","dateModified":"2026-05-08T20:14:06+00:00","description":"Der Supernova Solution f\u00fcr Damen verf\u00fcgt \u00fcber eine Zwischensohle mit Dreamstrike+ Super Compound, das Comfort Heel Fit System","breadcrumb":{"@id":"https:\/\/www.miomiorun.com\/de\/produkt\/supernova-solution-damen\/#breadcrumb"},"inLanguage":"de-DE","potentialAction":[{"@type":"ReadAction","target":["https:\/\/www.miomiorun.com\/de\/produkt\/supernova-solution-damen\/"]}]},{"@type":"ImageObject","inLanguage":"de-DE","@id":"https:\/\/www.miomiorun.com\/de\/produkt\/supernova-solution-damen\/#primaryimage","url":"https:\/\/www.miomiorun.com\/app\/uploads\/2024\/10\/adidas-Supernova-solution-W-IF3007.webp","contentUrl":"https:\/\/www.miomiorun.com\/app\/uploads\/2024\/10\/adidas-Supernova-solution-W-IF3007.webp","width":600,"height":600,"caption":"adidas Supernova solution W IF3007"},{"@type":"BreadcrumbList","@id":"https:\/\/www.miomiorun.com\/de\/produkt\/supernova-solution-damen\/#breadcrumb","itemListElement":[{"@type":"ListItem","position":1,"name":"Home","item":"https:\/\/www.miomiorun.com\/de\/"},{"@type":"ListItem","position":2,"name":"Shop","item":"https:\/\/www.miomiorun.com\/shop\/"},{"@type":"ListItem","position":3,"name":"Supernova Solution damen"}]},{"@type":"WebSite","@id":"https:\/\/www.miomiorun.com\/de\/#website","url":"https:\/\/www.miomiorun.com\/de\/","name":"MioMioRun","description":"100% Lauf- und Trailshop","publisher":{"@id":"https:\/\/www.miomiorun.com\/de\/#organization"},"potentialAction":[{"@type":"SearchAction","target":{"@type":"EntryPoint","urlTemplate":"https:\/\/www.miomiorun.com\/de\/?s={search_term_string}"},"query-input":{"@type":"PropertyValueSpecification","valueRequired":true,"valueName":"search_term_string"}}],"inLanguage":"de-DE"},{"@type":"Organization","@id":"https:\/\/www.miomiorun.com\/de\/#organization","name":"MioMio Run","url":"https:\/\/www.miomiorun.com\/de\/","logo":{"@type":"ImageObject","inLanguage":"de-DE","@id":"https:\/\/www.miomiorun.com\/de\/#\/schema\/logo\/image\/","url":"https:\/\/www.miomiorun.com\/app\/uploads\/2019\/12\/logomio.png","contentUrl":"https:\/\/www.miomiorun.com\/app\/uploads\/2019\/12\/logomio.png","width":115,"height":82,"caption":"MioMio Run"},"image":{"@id":"https:\/\/www.miomiorun.com\/de\/#\/schema\/logo\/image\/"},"sameAs":["https:\/\/www.facebook.com\/miomiorun\/","https:\/\/www.instagram.com\/miomiorun\/"]}]}},"_links":{"self":[{"href":"https:\/\/www.miomiorun.com\/de\/wp-json\/wp\/v2\/product\/204590","targetHints":{"allow":["GET"]}}],"collection":[{"href":"https:\/\/www.miomiorun.com\/de\/wp-json\/wp\/v2\/product"}],"about":[{"href":"https:\/\/www.miomiorun.com\/de\/wp-json\/wp\/v2\/types\/product"}],"wp:featuredmedia":[{"embeddable":true,"href":"https:\/\/www.miomiorun.com\/de\/wp-json\/wp\/v2\/media\/206379"}],"wp:attachment":[{"href":"https:\/\/www.miomiorun.com\/de\/wp-json\/wp\/v2\/media?parent=204590"}],"wp:term":[{"taxonomy":"product_brand","embeddable":true,"href":"https:\/\/www.miomiorun.com\/de\/wp-json\/wp\/v2\/product_brand?post=204590"},{"taxonomy":"product_cat","embeddable":true,"href":"https:\/\/www.miomiorun.com\/de\/wp-json\/wp\/v2\/product_cat?post=204590"},{"taxonomy":"product_tag","embeddable":true,"href":"https:\/\/www.miomiorun.com\/de\/wp-json\/wp\/v2\/product_tag?post=204590"}],"curies":[{"name":"wp","href":"https:\/\/api.w.org\/{rel}","templated":true}]}}