{"id":204460,"date":"2024-09-26T15:04:33","date_gmt":"2024-09-26T13:04:33","guid":{"rendered":"https:\/\/miomiorun.com\/?post_type=product&#038;p=204460"},"modified":"2026-05-08T22:14:07","modified_gmt":"2026-05-08T20:14:07","slug":"adizero-boston-12-herren","status":"publish","type":"product","link":"https:\/\/www.miomiorun.com\/de\/produkt\/adizero-boston-12-herren\/","title":{"rendered":"Adizero Boston 12 herren"},"content":{"rendered":"<div class=\"vc-row container\"><div class=\"vc-column\"><div class=\"vc-column-text\"><\/p>\n<h4>Technische Daten<\/h4>\n<p>Kategorie: Mittlere D\u00e4mpfung<br \/>\nVersatz: 7mm (38mm \/ 31mm)<br \/>\nGewicht: 260 g<br \/>\nIdeal f\u00fcr: mittelschwere L\u00e4ufer, die gleichzeitig Leistung und Laufkomfort suchen, f\u00fcr gute Rennergebnisse oder hochwertiges Training.<br \/>\nGewicht des Athleten: 55-75 kg<br \/>\nLauftempo: schnell (&gt;4.30 min\/km)<br \/>\n<a href=\"https:\/\/miomiorun.com\/de\/leitfaden-fuer-technische-spezifikationen\/\">Spezifikationen<\/a><\/p>\n<p><\/div><\/div><div class=\"vc-column\"><div class=\"vc-column-text\"><\/p>\n<h2 class=\"subtitle___9ljbp\">Trainingsschuhe mit Hochleistungstechnologie f\u00fcr neue Geschwindigkeitsrekorde.<\/h2>\n<h3 class=\"gl-vspace\">Der Boston-Marathon ist ein Rennen. Aber er ist auch ein Ziel, ein Trainingsplan und ein fester Gedanke, der einen schon Wochen vor dem gro\u00dfen Ereignis besch\u00e4ftigt.<\/h3>\n<p class=\"gl-vspace\">Die adizero Boston 12 Schuhe in der Herrenversion sind f\u00fcr den Lauf \u00fcber mittlere und lange Distanzen konzipiert. Dank der ENERGYRODS 2.0 Technologie mit Glasfaserelementen wird die Energiedispersion minimiert, f\u00fcr Leistung am Renntag und Gef\u00fchl auch im Training. Sie sind schnell, aber nicht auf Kosten der Haltbarkeit: Die Zwischensohle kombiniert die ultraleichte LIGHTSTRIKE PRO-D\u00e4mpfung mit einer neuen Version der langlebigen LIGHTSTRIKE 2.0 EVA-Mischung.<\/p>\n<h3><strong>Eigenschaften:<\/strong><\/h3>\n<ul class=\"gl-list\">\n<li class=\"gl-vspace-bpall-small\">Normale Passform<\/li>\n<li class=\"gl-vspace-bpall-small\">Schn\u00fcrverschluss<\/li>\n<li class=\"gl-vspace-bpall-small\">Obermaterial aus leichtem Mesh<\/li>\n<li class=\"gl-vspace-bpall-small\">Futter aus Stoff<\/li>\n<li class=\"gl-vspace-bpall-small\">ENERGYRODS 2.0-Elemente begrenzen den Energieverlust<\/li>\n<li class=\"gl-vspace-bpall-small\">Lightstrike Pro D\u00e4mpfung<\/li>\n<li class=\"gl-vspace-bpall-small\">Continental\u2122 Gummi-Au\u00dfensohle<\/li>\n<li class=\"gl-vspace-bpall-small\">Obermaterial besteht zu mindestens 50% aus recyceltem Material<\/li>\n<\/ul>\n<h2>Einzelheiten<\/h2>\n<div class=\"accordion__content___29x9h\">\n<div class=\"content-padding___2kVWQ\">\n<div class=\"highlights___19JOq\">\n<div class=\"highlights-list___19FSM highlights-list--text-only___2yfW2\">\n<div class=\"highlight___3fa4r\">\n<div class=\"highlight-text___lgoJI\">\n<h3 class=\"highlight-text__headline___25B2G\">Technisches Gewebe<\/h3>\n<p>Verbessert Ihr Training dank der atmungsaktiven Struktur. Gezielte Unterst\u00fctzung in strategischen Bereichen des Fu\u00dfes sorgt f\u00fcr eine perfekte Passform um das Fu\u00dfgew\u00f6lbe und Flexibilit\u00e4t im Vorfu\u00dfbereich.<\/p>\n<\/div>\n<\/div>\n<div class=\"highlight___3fa4r\">\n<div class=\"highlight-text___lgoJI\">\n<h3 class=\"highlight-text__headline___25B2G\">ENERGYRODS 2.0<\/h3>\n<p>Ein ganzheitliches System, das f\u00fcr einen reibungslosen \u00dcbergang von der Ferse bis zu den Zehen sorgt und selbst bei den schnellsten Trainingseinheiten au\u00dfergew\u00f6hnliche Leistungen bietet.<\/p>\n<\/div>\n<\/div>\n<div class=\"highlight___3fa4r\">\n<div class=\"highlight-text___lgoJI\">\n<h3 class=\"highlight-text__headline___25B2G\">Lightstrike Pro + Lightstrike 2.0<\/h3>\n<p>Eine mehrschichtige Zwischensohle aus unserer Hochleistungsmischung Lightstrike Pro und dem neuen Lightstrike 2.0, die optimale D\u00e4mpfung und Reaktionsf\u00e4higkeit bieten. Die Continental\u2122-Au\u00dfensohle bietet selbst unter h\u00e4rtesten Bedingungen hervorragenden Grip.<\/p>\n<\/div>\n<\/div>\n<div class=\"highlight___3fa4r\">\n<div class=\"highlight-text___lgoJI\">\n<h3 class=\"highlight-text__headline___25B2G\">Teilweise aus recycelten Materialien hergestellt<\/h3>\n<p>Das Obermaterial besteht zu mindestens 50 % aus recycelten Materialien.<\/p>\n<h2>Technologie<\/h2>\n<div class=\"accordion__content___29x9h\">\n<div class=\"content-padding___2kVWQ\">\n<div class=\"technologies-section___3gZqW technologies-section--no-img___B_YZF\">\n<div class=\"technologies-content-container--no-img___wNKqW\">\n<div class=\"technologies-content-name___kkx_0\"><strong>LIGHTSTRIKE<\/strong><\/div>\n<div class=\"technologies-content-title___moWj6\">Leichtigkeit und Geschwindigkeit<\/div>\n<p class=\"technologies-content-subtitle___2bGCf\">Ultraleichte Lightstrike-D\u00e4mpfung f\u00fcr ein h\u00f6heres Ma\u00df an Geschwindigkeit.<\/p>\n<\/div>\n<\/div>\n<div class=\"technologies-section___3gZqW technologies-section--no-img___B_YZF\">\n<div class=\"technologies-content-container--no-img___wNKqW\">\n<div class=\"technologies-content-name___kkx_0\"><strong>LIGHTSTRIKE PRO<\/strong><\/div>\n<div class=\"technologies-content-title___moWj6\">Rekordverd\u00e4chtige Leichtigkeit<\/div>\n<p class=\"technologies-content-subtitle___2bGCf\">Die adidas Lightstrike Pro D\u00e4mpfung wurde entwickelt, um dir eine \u00fcberragende Geschwindigkeit und Energier\u00fcckgabe zu bieten.<\/p>\n<\/div>\n<\/div>\n<\/div>\n<\/div>\n<\/div>\n<\/div>\n<\/div>\n<\/div>\n<\/div>\n<\/div>\n<p>&nbsp;<\/div><\/div><\/div>\n","protected":false},"excerpt":{"rendered":"<div>\n<ul>\n<li>Ein Schuh, mit dem Sie schneller laufen k\u00f6nnen.<\/li>\n<li>Ideal f\u00fcr Ihre Trainingseinheiten und Rennen.<\/li>\n<\/ul>\n<\/div>\n","protected":false},"featured_media":307009,"template":"","meta":{"_acf_changed":false,"inline_featured_image":false},"product_brand":[],"product_cat":[6519,6518],"product_tag":[3403,6307],"class_list":{"0":"post-204460","1":"product","2":"type-product","3":"status-publish","4":"has-post-thumbnail","6":"product_cat-herrenschuhe-outlet-de","7":"product_cat-sale-neutral-de","8":"product_tag-adidas-de","9":"product_tag-adidas-herren-de","10":"pa_attivita-running-de","11":"pa_colore-boston-12-aurink-silver-de","12":"pa_marca-adidas-de","13":"pa_sesso-herren","14":"pa_size-47-de","16":"first","17":"instock","18":"sale","19":"taxable","20":"shipping-taxable","21":"purchasable","22":"product-type-variable","23":"wvs-archive-product-wrapper"},"acf":[],"yoast_head":"<!-- This site is optimized with the Yoast SEO plugin v26.8 - https:\/\/yoast.com\/product\/yoast-seo-wordpress\/ -->\n<title>AdidasAdizero Boston 12 herren - Herren-Laufschuhe - MioMioRun<\/title>\n<meta name=\"description\" content=\"Die adizero Boston 12 Herrenschuhe sind f\u00fcr L\u00e4ufe \u00fcber mittlere und lange Distanzen konzipiert. Dank der ENERGYRODS 2.0 Technologie\" \/>\n<meta name=\"robots\" content=\"index, follow, max-snippet:-1, max-image-preview:large, max-video-preview:-1\" \/>\n<link rel=\"canonical\" href=\"https:\/\/www.miomiorun.com\/de\/produkt\/adizero-boston-12-herren\/\" \/>\n<meta property=\"og:locale\" content=\"de_DE\" \/>\n<meta property=\"og:type\" content=\"article\" \/>\n<meta property=\"og:title\" content=\"AdidasAdizero Boston 12 herren - Herren-Laufschuhe - MioMioRun\" \/>\n<meta property=\"og:description\" content=\"Die adizero Boston 12 Herrenschuhe sind f\u00fcr L\u00e4ufe \u00fcber mittlere und lange Distanzen konzipiert. Dank der ENERGYRODS 2.0 Technologie\" \/>\n<meta property=\"og:url\" content=\"https:\/\/www.miomiorun.com\/de\/produkt\/adizero-boston-12-herren\/\" \/>\n<meta property=\"og:site_name\" content=\"MioMioRun\" \/>\n<meta property=\"article:publisher\" content=\"https:\/\/www.facebook.com\/miomiorun\/\" \/>\n<meta property=\"article:modified_time\" content=\"2026-05-08T20:14:07+00:00\" \/>\n<meta property=\"og:image\" content=\"https:\/\/www.miomiorun.com\/app\/uploads\/2025\/04\/adidas-Boston-12-aurink-silver-JI4477.webp\" \/>\n\t<meta property=\"og:image:width\" content=\"600\" \/>\n\t<meta property=\"og:image:height\" content=\"600\" \/>\n\t<meta property=\"og:image:type\" content=\"image\/webp\" \/>\n<meta name=\"twitter:card\" content=\"summary_large_image\" \/>\n<meta name=\"twitter:label1\" content=\"Est. reading time\" \/>\n\t<meta name=\"twitter:data1\" content=\"2 minutes\" \/>\n<script type=\"application\/ld+json\" class=\"yoast-schema-graph\">{\"@context\":\"https:\/\/schema.org\",\"@graph\":[{\"@type\":\"WebPage\",\"@id\":\"https:\/\/www.miomiorun.com\/de\/produkt\/adizero-boston-12-herren\/\",\"url\":\"https:\/\/www.miomiorun.com\/de\/produkt\/adizero-boston-12-herren\/\",\"name\":\"AdidasAdizero Boston 12 herren - Herren-Laufschuhe - MioMioRun\",\"isPartOf\":{\"@id\":\"https:\/\/www.miomiorun.com\/de\/#website\"},\"primaryImageOfPage\":{\"@id\":\"https:\/\/www.miomiorun.com\/de\/produkt\/adizero-boston-12-herren\/#primaryimage\"},\"image\":{\"@id\":\"https:\/\/www.miomiorun.com\/de\/produkt\/adizero-boston-12-herren\/#primaryimage\"},\"thumbnailUrl\":\"https:\/\/www.miomiorun.com\/app\/uploads\/2025\/04\/adidas-Boston-12-aurink-silver-JI4477.webp\",\"datePublished\":\"2024-09-26T13:04:33+00:00\",\"dateModified\":\"2026-05-08T20:14:07+00:00\",\"description\":\"Die adizero Boston 12 Herrenschuhe sind f\u00fcr L\u00e4ufe \u00fcber mittlere und lange Distanzen konzipiert. Dank der ENERGYRODS 2.0 Technologie\",\"breadcrumb\":{\"@id\":\"https:\/\/www.miomiorun.com\/de\/produkt\/adizero-boston-12-herren\/#breadcrumb\"},\"inLanguage\":\"de-DE\",\"potentialAction\":[{\"@type\":\"ReadAction\",\"target\":[\"https:\/\/www.miomiorun.com\/de\/produkt\/adizero-boston-12-herren\/\"]}]},{\"@type\":\"ImageObject\",\"inLanguage\":\"de-DE\",\"@id\":\"https:\/\/www.miomiorun.com\/de\/produkt\/adizero-boston-12-herren\/#primaryimage\",\"url\":\"https:\/\/www.miomiorun.com\/app\/uploads\/2025\/04\/adidas-Boston-12-aurink-silver-JI4477.webp\",\"contentUrl\":\"https:\/\/www.miomiorun.com\/app\/uploads\/2025\/04\/adidas-Boston-12-aurink-silver-JI4477.webp\",\"width\":600,\"height\":600,\"caption\":\"adidas Boston 12 aurink silver JI4477\"},{\"@type\":\"BreadcrumbList\",\"@id\":\"https:\/\/www.miomiorun.com\/de\/produkt\/adizero-boston-12-herren\/#breadcrumb\",\"itemListElement\":[{\"@type\":\"ListItem\",\"position\":1,\"name\":\"Home\",\"item\":\"https:\/\/www.miomiorun.com\/de\/\"},{\"@type\":\"ListItem\",\"position\":2,\"name\":\"Shop\",\"item\":\"https:\/\/www.miomiorun.com\/shop\/\"},{\"@type\":\"ListItem\",\"position\":3,\"name\":\"Adizero Boston 12 herren\"}]},{\"@type\":\"WebSite\",\"@id\":\"https:\/\/www.miomiorun.com\/de\/#website\",\"url\":\"https:\/\/www.miomiorun.com\/de\/\",\"name\":\"MioMioRun\",\"description\":\"100% Lauf- und Trailshop\",\"publisher\":{\"@id\":\"https:\/\/www.miomiorun.com\/de\/#organization\"},\"potentialAction\":[{\"@type\":\"SearchAction\",\"target\":{\"@type\":\"EntryPoint\",\"urlTemplate\":\"https:\/\/www.miomiorun.com\/de\/?s={search_term_string}\"},\"query-input\":{\"@type\":\"PropertyValueSpecification\",\"valueRequired\":true,\"valueName\":\"search_term_string\"}}],\"inLanguage\":\"de-DE\"},{\"@type\":\"Organization\",\"@id\":\"https:\/\/www.miomiorun.com\/de\/#organization\",\"name\":\"MioMio Run\",\"url\":\"https:\/\/www.miomiorun.com\/de\/\",\"logo\":{\"@type\":\"ImageObject\",\"inLanguage\":\"de-DE\",\"@id\":\"https:\/\/www.miomiorun.com\/de\/#\/schema\/logo\/image\/\",\"url\":\"https:\/\/www.miomiorun.com\/app\/uploads\/2019\/12\/logomio.png\",\"contentUrl\":\"https:\/\/www.miomiorun.com\/app\/uploads\/2019\/12\/logomio.png\",\"width\":115,\"height\":82,\"caption\":\"MioMio Run\"},\"image\":{\"@id\":\"https:\/\/www.miomiorun.com\/de\/#\/schema\/logo\/image\/\"},\"sameAs\":[\"https:\/\/www.facebook.com\/miomiorun\/\",\"https:\/\/www.instagram.com\/miomiorun\/\"]}]}<\/script>\n<!-- \/ Yoast SEO plugin. -->","yoast_head_json":{"title":"AdidasAdizero Boston 12 herren - Herren-Laufschuhe - MioMioRun","description":"Die adizero Boston 12 Herrenschuhe sind f\u00fcr L\u00e4ufe \u00fcber mittlere und lange Distanzen konzipiert. Dank der ENERGYRODS 2.0 Technologie","robots":{"index":"index","follow":"follow","max-snippet":"max-snippet:-1","max-image-preview":"max-image-preview:large","max-video-preview":"max-video-preview:-1"},"canonical":"https:\/\/www.miomiorun.com\/de\/produkt\/adizero-boston-12-herren\/","og_locale":"de_DE","og_type":"article","og_title":"AdidasAdizero Boston 12 herren - Herren-Laufschuhe - MioMioRun","og_description":"Die adizero Boston 12 Herrenschuhe sind f\u00fcr L\u00e4ufe \u00fcber mittlere und lange Distanzen konzipiert. Dank der ENERGYRODS 2.0 Technologie","og_url":"https:\/\/www.miomiorun.com\/de\/produkt\/adizero-boston-12-herren\/","og_site_name":"MioMioRun","article_publisher":"https:\/\/www.facebook.com\/miomiorun\/","article_modified_time":"2026-05-08T20:14:07+00:00","og_image":[{"width":600,"height":600,"url":"https:\/\/www.miomiorun.com\/app\/uploads\/2025\/04\/adidas-Boston-12-aurink-silver-JI4477.webp","type":"image\/webp"}],"twitter_card":"summary_large_image","twitter_misc":{"Est. reading time":"2 minutes"},"schema":{"@context":"https:\/\/schema.org","@graph":[{"@type":"WebPage","@id":"https:\/\/www.miomiorun.com\/de\/produkt\/adizero-boston-12-herren\/","url":"https:\/\/www.miomiorun.com\/de\/produkt\/adizero-boston-12-herren\/","name":"AdidasAdizero Boston 12 herren - Herren-Laufschuhe - MioMioRun","isPartOf":{"@id":"https:\/\/www.miomiorun.com\/de\/#website"},"primaryImageOfPage":{"@id":"https:\/\/www.miomiorun.com\/de\/produkt\/adizero-boston-12-herren\/#primaryimage"},"image":{"@id":"https:\/\/www.miomiorun.com\/de\/produkt\/adizero-boston-12-herren\/#primaryimage"},"thumbnailUrl":"https:\/\/www.miomiorun.com\/app\/uploads\/2025\/04\/adidas-Boston-12-aurink-silver-JI4477.webp","datePublished":"2024-09-26T13:04:33+00:00","dateModified":"2026-05-08T20:14:07+00:00","description":"Die adizero Boston 12 Herrenschuhe sind f\u00fcr L\u00e4ufe \u00fcber mittlere und lange Distanzen konzipiert. Dank der ENERGYRODS 2.0 Technologie","breadcrumb":{"@id":"https:\/\/www.miomiorun.com\/de\/produkt\/adizero-boston-12-herren\/#breadcrumb"},"inLanguage":"de-DE","potentialAction":[{"@type":"ReadAction","target":["https:\/\/www.miomiorun.com\/de\/produkt\/adizero-boston-12-herren\/"]}]},{"@type":"ImageObject","inLanguage":"de-DE","@id":"https:\/\/www.miomiorun.com\/de\/produkt\/adizero-boston-12-herren\/#primaryimage","url":"https:\/\/www.miomiorun.com\/app\/uploads\/2025\/04\/adidas-Boston-12-aurink-silver-JI4477.webp","contentUrl":"https:\/\/www.miomiorun.com\/app\/uploads\/2025\/04\/adidas-Boston-12-aurink-silver-JI4477.webp","width":600,"height":600,"caption":"adidas Boston 12 aurink silver JI4477"},{"@type":"BreadcrumbList","@id":"https:\/\/www.miomiorun.com\/de\/produkt\/adizero-boston-12-herren\/#breadcrumb","itemListElement":[{"@type":"ListItem","position":1,"name":"Home","item":"https:\/\/www.miomiorun.com\/de\/"},{"@type":"ListItem","position":2,"name":"Shop","item":"https:\/\/www.miomiorun.com\/shop\/"},{"@type":"ListItem","position":3,"name":"Adizero Boston 12 herren"}]},{"@type":"WebSite","@id":"https:\/\/www.miomiorun.com\/de\/#website","url":"https:\/\/www.miomiorun.com\/de\/","name":"MioMioRun","description":"100% Lauf- und Trailshop","publisher":{"@id":"https:\/\/www.miomiorun.com\/de\/#organization"},"potentialAction":[{"@type":"SearchAction","target":{"@type":"EntryPoint","urlTemplate":"https:\/\/www.miomiorun.com\/de\/?s={search_term_string}"},"query-input":{"@type":"PropertyValueSpecification","valueRequired":true,"valueName":"search_term_string"}}],"inLanguage":"de-DE"},{"@type":"Organization","@id":"https:\/\/www.miomiorun.com\/de\/#organization","name":"MioMio Run","url":"https:\/\/www.miomiorun.com\/de\/","logo":{"@type":"ImageObject","inLanguage":"de-DE","@id":"https:\/\/www.miomiorun.com\/de\/#\/schema\/logo\/image\/","url":"https:\/\/www.miomiorun.com\/app\/uploads\/2019\/12\/logomio.png","contentUrl":"https:\/\/www.miomiorun.com\/app\/uploads\/2019\/12\/logomio.png","width":115,"height":82,"caption":"MioMio Run"},"image":{"@id":"https:\/\/www.miomiorun.com\/de\/#\/schema\/logo\/image\/"},"sameAs":["https:\/\/www.facebook.com\/miomiorun\/","https:\/\/www.instagram.com\/miomiorun\/"]}]}},"_links":{"self":[{"href":"https:\/\/www.miomiorun.com\/de\/wp-json\/wp\/v2\/product\/204460","targetHints":{"allow":["GET"]}}],"collection":[{"href":"https:\/\/www.miomiorun.com\/de\/wp-json\/wp\/v2\/product"}],"about":[{"href":"https:\/\/www.miomiorun.com\/de\/wp-json\/wp\/v2\/types\/product"}],"wp:featuredmedia":[{"embeddable":true,"href":"https:\/\/www.miomiorun.com\/de\/wp-json\/wp\/v2\/media\/307009"}],"wp:attachment":[{"href":"https:\/\/www.miomiorun.com\/de\/wp-json\/wp\/v2\/media?parent=204460"}],"wp:term":[{"taxonomy":"product_brand","embeddable":true,"href":"https:\/\/www.miomiorun.com\/de\/wp-json\/wp\/v2\/product_brand?post=204460"},{"taxonomy":"product_cat","embeddable":true,"href":"https:\/\/www.miomiorun.com\/de\/wp-json\/wp\/v2\/product_cat?post=204460"},{"taxonomy":"product_tag","embeddable":true,"href":"https:\/\/www.miomiorun.com\/de\/wp-json\/wp\/v2\/product_tag?post=204460"}],"curies":[{"name":"wp","href":"https:\/\/api.w.org\/{rel}","templated":true}]}}