{"id":204068,"date":"2024-09-26T13:52:17","date_gmt":"2024-09-26T11:52:17","guid":{"rendered":"https:\/\/miomiorun.com\/?post_type=product&#038;p=204068"},"modified":"2025-03-12T19:24:08","modified_gmt":"2025-03-12T18:24:08","slug":"supernova-rise-damen","status":"publish","type":"product","link":"https:\/\/www.miomiorun.com\/de\/produkt\/supernova-rise-damen\/","title":{"rendered":"Supernova Rise damen"},"content":{"rendered":"<div class=\"vc-row container\"><div class=\"vc-column\"><div class=\"vc-column-text\"><\/p>\n<h4>Technische Daten<\/h4>\n<p>Kategorie: Strukturierte D\u00e4mpfung<br \/>\nOffset: 9mm (34mm \/ 25mm)<br \/>\nGewicht: 243 g<br \/>\nIdeal f\u00fcr : Idealer Schuh f\u00fcr mittelschwere und mittelschwere Athleten, die eine hervorragende D\u00e4mpfung f\u00fcr Mittel- bis Langstreckentraining oder Rennen suchen, er erweist sich auch als hervorragender Begleiter beim Laufen<br \/>\nAthletengewicht : 55-70 kg<br \/>\nLauftempo: 5 min\/kg<br \/>\n<a href=\"https:\/\/miomiorun.com\/de\/leitfaden-fuer-technische-spezifikationen\/\">Leitfaden f\u00fcr technische Daten<\/a><br \/>\n.<\/div><\/div><div class=\"vc-column\"><div class=\"vc-column-text\"><\/p>\n<h3 class=\"subtitle___9ljbp\">SUPERKOMFORT. SUPERNOVA.<\/h3>\n<p class=\"gl-vspace\">Die Supernova Rise in der Damenversion sind perfekt f\u00fcr Komfort bei jedem Schritt. Die innovative Dreamstrike+ Superverbindung in der Zwischensohle d\u00e4mpft jeden Schritt.<\/p>\n<h4 class=\"gl-vspace\">Was macht sie so super?<\/h4>\n<p class=\"gl-vspace\">Er bietet das ideale Gleichgewicht zwischen Komfort und Unterst\u00fctzung beim Laufen, Meile f\u00fcr Meile. Dar\u00fcber hinaus sorgt das ultra-dichte Compound Support Bar System f\u00fcr reibungslose \u00dcberg\u00e4nge in v\u00f6lliger Harmonie mit Ihrer Bewegung. Zu guter Letzt kombiniert Comfort Heel Fit die D\u00e4mpfung des Compound und die Weichheit des Materials, um Ihnen eine beispiellose Unterst\u00fctzung zu geben, als ob der Schuh Ihre Ferse umarmen w\u00fcrde.<\/p>\n<p><strong>Eigenschaften:<\/strong><\/p>\n<ul class=\"gl-list\">\n<li class=\"gl-vspace-bpall-small\">Normale Passform<\/li>\n<li class=\"gl-vspace-bpall-small\">Schn\u00fcrverschluss<\/li>\n<li class=\"gl-vspace-bpall-small\">Obermaterial aus Mesh<\/li>\n<li class=\"gl-vspace-bpall-small\">St\u00fctzstab-System<\/li>\n<li class=\"gl-vspace-bpall-small\">Dreamstrike+ Zwischensohle<\/li>\n<li>Adiwear-Au\u00dfensohle<\/li>\n<\/ul>\n<section class=\"_wrapper_47lxb_8\">\n<div class=\"_statement_47lxb_12 color-theme-black\">\n<h2 class=\"_statement-title_47lxb_79 _dynamic-alignment_47lxb_146\">Supernova-Anstieg<\/h2>\n<div class=\"_statement-summary_47lxb_103 _dynamic-alignment_47lxb_146\" data-auto-id=\"statement-summary\">\n<p>Komfort f\u00fcr Ihre t\u00e4glichen L\u00e4ufe.<\/p>\n<div class=\"_cell_18qu3_18 _with-content_18qu3_27\" data-auto-id=\"bs-body\">\n<div class=\"_banner-split_18qu3_31 color-theme-black\">\n<h2 class=\"_banner-split-title_18qu3_68 _dynamic-alignment_18qu3_126\" data-auto-id=\"bs-title\">Dreamstrike+<\/h2>\n<p class=\"_banner-split-summary_18qu3_92 _dynamic-alignment_18qu3_126\" data-auto-id=\"bs-summary\">Die Dreamstrike+ Technologie d\u00e4mpft die Zwischensohle mit einer innovativen Mischung. Was macht sie so super? Die Ausgewogenheit von Komfort und Unterst\u00fctzung, die er bietet, ist ideal beim Laufen, Kilometer f\u00fcr Kilometer.<\/p>\n<div class=\"_cell_18qu3_18 _with-content_18qu3_27\" data-auto-id=\"bs-body\">\n<div class=\"_banner-split_18qu3_31 color-theme-black\">\n<h2 class=\"_banner-split-title_18qu3_68 _dynamic-alignment_18qu3_126\" data-auto-id=\"bs-title\">St\u00fctzleisten<\/h2>\n<p class=\"_banner-split-summary_18qu3_92 _dynamic-alignment_18qu3_126\" data-auto-id=\"bs-summary\">Um bei jedem Ihrer L\u00e4ufe ein Maximum an Beweglichkeit zu gew\u00e4hrleisten, wurde ein St\u00fctzsystem aus dichten Verbundst\u00e4ben von der Ferse bis zu den Zehen eingebaut.<\/p>\n<div class=\"_cell_18qu3_18 _with-content_18qu3_27\" data-auto-id=\"bs-body\">\n<div class=\"_banner-split_18qu3_31 color-theme-black\">\n<h2 class=\"_banner-split-title_18qu3_68 _dynamic-alignment_18qu3_126\" data-auto-id=\"bs-title\">Superbequeme Ferse<\/h2>\n<p class=\"_banner-split-summary_18qu3_92 _dynamic-alignment_18qu3_126\" data-auto-id=\"bs-summary\">Die weiche Mischung und der leichte Stoff st\u00fctzen die Ferse sanft.<\/p>\n<\/div>\n<\/div>\n<\/div>\n<\/div>\n<\/div>\n<\/div>\n<\/div>\n<\/div>\n<\/section>\n<p><\/div><\/div><\/div>\n","protected":false},"excerpt":{"rendered":"<ul>\n<li>Idealer Schuh f\u00fcr lange Strecken.<\/li>\n<li>Au\u00dfergew\u00f6hnlicher Komfort und Halt.<\/li>\n<\/ul>\n","protected":false},"featured_media":206276,"template":"","meta":{"_acf_changed":false,"inline_featured_image":false},"product_brand":[],"product_cat":[6501,6538],"product_tag":[3403,6309],"class_list":{"0":"post-204068","1":"product","2":"type-product","3":"status-publish","4":"has-post-thumbnail","6":"product_cat-sale-damen-schuhe-de","7":"product_cat-neutral-damen-sale-de","8":"product_tag-adidas-de","9":"product_tag-adidas-damen-de","10":"pa_attivita-fitness-de","11":"pa_attivita-gehen","12":"pa_attivita-lifestyle-de","13":"pa_attivita-running-de","14":"pa_colore-supernova-rise-w-seflaq-cobblu-blspme-de","15":"pa_marca-adidas-de","16":"pa_sesso-damen","17":"pa_size-39-de","19":"first","20":"instock","21":"sale","22":"taxable","23":"shipping-taxable","24":"purchasable","25":"product-type-variable","26":"wvs-archive-product-wrapper"},"acf":[],"yoast_head":"<!-- This site is optimized with the Yoast SEO plugin v26.8 - https:\/\/yoast.com\/product\/yoast-seo-wordpress\/ -->\n<title>Adidas Supernova Rise damen - Damen-Laufschuhe - MioMioRun<\/title>\n<meta name=\"description\" content=\"Der Supernova Rise f\u00fcr Damen ist perfekt f\u00fcr Komfort bei jedem Schritt. Die innovative Dreamstrike+ Mischung d\u00e4mpft jeden Schritt.\" \/>\n<meta name=\"robots\" content=\"index, follow, max-snippet:-1, max-image-preview:large, max-video-preview:-1\" \/>\n<link rel=\"canonical\" href=\"https:\/\/www.miomiorun.com\/de\/produkt\/supernova-rise-damen\/\" \/>\n<meta property=\"og:locale\" content=\"de_DE\" \/>\n<meta property=\"og:type\" content=\"article\" \/>\n<meta property=\"og:title\" content=\"Adidas Supernova Rise damen - Damen-Laufschuhe - MioMioRun\" \/>\n<meta property=\"og:description\" content=\"Der Supernova Rise f\u00fcr Damen ist perfekt f\u00fcr Komfort bei jedem Schritt. Die innovative Dreamstrike+ Mischung d\u00e4mpft jeden Schritt.\" \/>\n<meta property=\"og:url\" content=\"https:\/\/www.miomiorun.com\/de\/produkt\/supernova-rise-damen\/\" \/>\n<meta property=\"og:site_name\" content=\"MioMioRun\" \/>\n<meta property=\"article:publisher\" content=\"https:\/\/www.facebook.com\/miomiorun\/\" \/>\n<meta property=\"article:modified_time\" content=\"2025-03-12T18:24:08+00:00\" \/>\n<meta property=\"og:image\" content=\"https:\/\/www.miomiorun.com\/app\/uploads\/2024\/10\/adidas-Supernova-Rise-W-seflaq-cobblu-blspme-ID3595.webp\" \/>\n\t<meta property=\"og:image:width\" content=\"600\" \/>\n\t<meta property=\"og:image:height\" content=\"600\" \/>\n\t<meta property=\"og:image:type\" content=\"image\/webp\" \/>\n<meta name=\"twitter:card\" content=\"summary_large_image\" \/>\n<meta name=\"twitter:label1\" content=\"Est. reading time\" \/>\n\t<meta name=\"twitter:data1\" content=\"2 minutes\" \/>\n<script type=\"application\/ld+json\" class=\"yoast-schema-graph\">{\"@context\":\"https:\/\/schema.org\",\"@graph\":[{\"@type\":\"WebPage\",\"@id\":\"https:\/\/www.miomiorun.com\/de\/produkt\/supernova-rise-damen\/\",\"url\":\"https:\/\/www.miomiorun.com\/de\/produkt\/supernova-rise-damen\/\",\"name\":\"Adidas Supernova Rise damen - Damen-Laufschuhe - MioMioRun\",\"isPartOf\":{\"@id\":\"https:\/\/www.miomiorun.com\/de\/#website\"},\"primaryImageOfPage\":{\"@id\":\"https:\/\/www.miomiorun.com\/de\/produkt\/supernova-rise-damen\/#primaryimage\"},\"image\":{\"@id\":\"https:\/\/www.miomiorun.com\/de\/produkt\/supernova-rise-damen\/#primaryimage\"},\"thumbnailUrl\":\"https:\/\/www.miomiorun.com\/app\/uploads\/2024\/10\/adidas-Supernova-Rise-W-seflaq-cobblu-blspme-ID3595.webp\",\"datePublished\":\"2024-09-26T11:52:17+00:00\",\"dateModified\":\"2025-03-12T18:24:08+00:00\",\"description\":\"Der Supernova Rise f\u00fcr Damen ist perfekt f\u00fcr Komfort bei jedem Schritt. Die innovative Dreamstrike+ Mischung d\u00e4mpft jeden Schritt.\",\"breadcrumb\":{\"@id\":\"https:\/\/www.miomiorun.com\/de\/produkt\/supernova-rise-damen\/#breadcrumb\"},\"inLanguage\":\"de-DE\",\"potentialAction\":[{\"@type\":\"ReadAction\",\"target\":[\"https:\/\/www.miomiorun.com\/de\/produkt\/supernova-rise-damen\/\"]}]},{\"@type\":\"ImageObject\",\"inLanguage\":\"de-DE\",\"@id\":\"https:\/\/www.miomiorun.com\/de\/produkt\/supernova-rise-damen\/#primaryimage\",\"url\":\"https:\/\/www.miomiorun.com\/app\/uploads\/2024\/10\/adidas-Supernova-Rise-W-seflaq-cobblu-blspme-ID3595.webp\",\"contentUrl\":\"https:\/\/www.miomiorun.com\/app\/uploads\/2024\/10\/adidas-Supernova-Rise-W-seflaq-cobblu-blspme-ID3595.webp\",\"width\":600,\"height\":600,\"caption\":\"adidas Supernova Rise W seflaq cobblu blspme ID3595\"},{\"@type\":\"BreadcrumbList\",\"@id\":\"https:\/\/www.miomiorun.com\/de\/produkt\/supernova-rise-damen\/#breadcrumb\",\"itemListElement\":[{\"@type\":\"ListItem\",\"position\":1,\"name\":\"Home\",\"item\":\"https:\/\/www.miomiorun.com\/de\/\"},{\"@type\":\"ListItem\",\"position\":2,\"name\":\"Shop\",\"item\":\"https:\/\/www.miomiorun.com\/shop\/\"},{\"@type\":\"ListItem\",\"position\":3,\"name\":\"Supernova Rise damen\"}]},{\"@type\":\"WebSite\",\"@id\":\"https:\/\/www.miomiorun.com\/de\/#website\",\"url\":\"https:\/\/www.miomiorun.com\/de\/\",\"name\":\"MioMioRun\",\"description\":\"100% Lauf- und Trailshop\",\"publisher\":{\"@id\":\"https:\/\/www.miomiorun.com\/de\/#organization\"},\"potentialAction\":[{\"@type\":\"SearchAction\",\"target\":{\"@type\":\"EntryPoint\",\"urlTemplate\":\"https:\/\/www.miomiorun.com\/de\/?s={search_term_string}\"},\"query-input\":{\"@type\":\"PropertyValueSpecification\",\"valueRequired\":true,\"valueName\":\"search_term_string\"}}],\"inLanguage\":\"de-DE\"},{\"@type\":\"Organization\",\"@id\":\"https:\/\/www.miomiorun.com\/de\/#organization\",\"name\":\"MioMio Run\",\"url\":\"https:\/\/www.miomiorun.com\/de\/\",\"logo\":{\"@type\":\"ImageObject\",\"inLanguage\":\"de-DE\",\"@id\":\"https:\/\/www.miomiorun.com\/de\/#\/schema\/logo\/image\/\",\"url\":\"https:\/\/www.miomiorun.com\/app\/uploads\/2019\/12\/logomio.png\",\"contentUrl\":\"https:\/\/www.miomiorun.com\/app\/uploads\/2019\/12\/logomio.png\",\"width\":115,\"height\":82,\"caption\":\"MioMio Run\"},\"image\":{\"@id\":\"https:\/\/www.miomiorun.com\/de\/#\/schema\/logo\/image\/\"},\"sameAs\":[\"https:\/\/www.facebook.com\/miomiorun\/\",\"https:\/\/www.instagram.com\/miomiorun\/\"]}]}<\/script>\n<!-- \/ Yoast SEO plugin. -->","yoast_head_json":{"title":"Adidas Supernova Rise damen - Damen-Laufschuhe - MioMioRun","description":"Der Supernova Rise f\u00fcr Damen ist perfekt f\u00fcr Komfort bei jedem Schritt. Die innovative Dreamstrike+ Mischung d\u00e4mpft jeden Schritt.","robots":{"index":"index","follow":"follow","max-snippet":"max-snippet:-1","max-image-preview":"max-image-preview:large","max-video-preview":"max-video-preview:-1"},"canonical":"https:\/\/www.miomiorun.com\/de\/produkt\/supernova-rise-damen\/","og_locale":"de_DE","og_type":"article","og_title":"Adidas Supernova Rise damen - Damen-Laufschuhe - MioMioRun","og_description":"Der Supernova Rise f\u00fcr Damen ist perfekt f\u00fcr Komfort bei jedem Schritt. Die innovative Dreamstrike+ Mischung d\u00e4mpft jeden Schritt.","og_url":"https:\/\/www.miomiorun.com\/de\/produkt\/supernova-rise-damen\/","og_site_name":"MioMioRun","article_publisher":"https:\/\/www.facebook.com\/miomiorun\/","article_modified_time":"2025-03-12T18:24:08+00:00","og_image":[{"width":600,"height":600,"url":"https:\/\/www.miomiorun.com\/app\/uploads\/2024\/10\/adidas-Supernova-Rise-W-seflaq-cobblu-blspme-ID3595.webp","type":"image\/webp"}],"twitter_card":"summary_large_image","twitter_misc":{"Est. reading time":"2 minutes"},"schema":{"@context":"https:\/\/schema.org","@graph":[{"@type":"WebPage","@id":"https:\/\/www.miomiorun.com\/de\/produkt\/supernova-rise-damen\/","url":"https:\/\/www.miomiorun.com\/de\/produkt\/supernova-rise-damen\/","name":"Adidas Supernova Rise damen - Damen-Laufschuhe - MioMioRun","isPartOf":{"@id":"https:\/\/www.miomiorun.com\/de\/#website"},"primaryImageOfPage":{"@id":"https:\/\/www.miomiorun.com\/de\/produkt\/supernova-rise-damen\/#primaryimage"},"image":{"@id":"https:\/\/www.miomiorun.com\/de\/produkt\/supernova-rise-damen\/#primaryimage"},"thumbnailUrl":"https:\/\/www.miomiorun.com\/app\/uploads\/2024\/10\/adidas-Supernova-Rise-W-seflaq-cobblu-blspme-ID3595.webp","datePublished":"2024-09-26T11:52:17+00:00","dateModified":"2025-03-12T18:24:08+00:00","description":"Der Supernova Rise f\u00fcr Damen ist perfekt f\u00fcr Komfort bei jedem Schritt. Die innovative Dreamstrike+ Mischung d\u00e4mpft jeden Schritt.","breadcrumb":{"@id":"https:\/\/www.miomiorun.com\/de\/produkt\/supernova-rise-damen\/#breadcrumb"},"inLanguage":"de-DE","potentialAction":[{"@type":"ReadAction","target":["https:\/\/www.miomiorun.com\/de\/produkt\/supernova-rise-damen\/"]}]},{"@type":"ImageObject","inLanguage":"de-DE","@id":"https:\/\/www.miomiorun.com\/de\/produkt\/supernova-rise-damen\/#primaryimage","url":"https:\/\/www.miomiorun.com\/app\/uploads\/2024\/10\/adidas-Supernova-Rise-W-seflaq-cobblu-blspme-ID3595.webp","contentUrl":"https:\/\/www.miomiorun.com\/app\/uploads\/2024\/10\/adidas-Supernova-Rise-W-seflaq-cobblu-blspme-ID3595.webp","width":600,"height":600,"caption":"adidas Supernova Rise W seflaq cobblu blspme ID3595"},{"@type":"BreadcrumbList","@id":"https:\/\/www.miomiorun.com\/de\/produkt\/supernova-rise-damen\/#breadcrumb","itemListElement":[{"@type":"ListItem","position":1,"name":"Home","item":"https:\/\/www.miomiorun.com\/de\/"},{"@type":"ListItem","position":2,"name":"Shop","item":"https:\/\/www.miomiorun.com\/shop\/"},{"@type":"ListItem","position":3,"name":"Supernova Rise damen"}]},{"@type":"WebSite","@id":"https:\/\/www.miomiorun.com\/de\/#website","url":"https:\/\/www.miomiorun.com\/de\/","name":"MioMioRun","description":"100% Lauf- und Trailshop","publisher":{"@id":"https:\/\/www.miomiorun.com\/de\/#organization"},"potentialAction":[{"@type":"SearchAction","target":{"@type":"EntryPoint","urlTemplate":"https:\/\/www.miomiorun.com\/de\/?s={search_term_string}"},"query-input":{"@type":"PropertyValueSpecification","valueRequired":true,"valueName":"search_term_string"}}],"inLanguage":"de-DE"},{"@type":"Organization","@id":"https:\/\/www.miomiorun.com\/de\/#organization","name":"MioMio Run","url":"https:\/\/www.miomiorun.com\/de\/","logo":{"@type":"ImageObject","inLanguage":"de-DE","@id":"https:\/\/www.miomiorun.com\/de\/#\/schema\/logo\/image\/","url":"https:\/\/www.miomiorun.com\/app\/uploads\/2019\/12\/logomio.png","contentUrl":"https:\/\/www.miomiorun.com\/app\/uploads\/2019\/12\/logomio.png","width":115,"height":82,"caption":"MioMio Run"},"image":{"@id":"https:\/\/www.miomiorun.com\/de\/#\/schema\/logo\/image\/"},"sameAs":["https:\/\/www.facebook.com\/miomiorun\/","https:\/\/www.instagram.com\/miomiorun\/"]}]}},"_links":{"self":[{"href":"https:\/\/www.miomiorun.com\/de\/wp-json\/wp\/v2\/product\/204068","targetHints":{"allow":["GET"]}}],"collection":[{"href":"https:\/\/www.miomiorun.com\/de\/wp-json\/wp\/v2\/product"}],"about":[{"href":"https:\/\/www.miomiorun.com\/de\/wp-json\/wp\/v2\/types\/product"}],"wp:featuredmedia":[{"embeddable":true,"href":"https:\/\/www.miomiorun.com\/de\/wp-json\/wp\/v2\/media\/206276"}],"wp:attachment":[{"href":"https:\/\/www.miomiorun.com\/de\/wp-json\/wp\/v2\/media?parent=204068"}],"wp:term":[{"taxonomy":"product_brand","embeddable":true,"href":"https:\/\/www.miomiorun.com\/de\/wp-json\/wp\/v2\/product_brand?post=204068"},{"taxonomy":"product_cat","embeddable":true,"href":"https:\/\/www.miomiorun.com\/de\/wp-json\/wp\/v2\/product_cat?post=204068"},{"taxonomy":"product_tag","embeddable":true,"href":"https:\/\/www.miomiorun.com\/de\/wp-json\/wp\/v2\/product_tag?post=204068"}],"curies":[{"name":"wp","href":"https:\/\/api.w.org\/{rel}","templated":true}]}}