{"id":203773,"date":"2024-09-26T13:30:48","date_gmt":"2024-09-26T11:30:48","guid":{"rendered":"https:\/\/miomiorun.com\/?post_type=product&#038;p=203773"},"modified":"2025-08-14T16:35:10","modified_gmt":"2025-08-14T14:35:10","slug":"ultraboost-5x-herren","status":"publish","type":"product","link":"https:\/\/www.miomiorun.com\/de\/produkt\/ultraboost-5x-herren\/","title":{"rendered":"Ultraboost 5X herren"},"content":{"rendered":"<div class=\"vc-row container\"><div class=\"vc-column\"><div class=\"vc-column-text\"><\/p>\n<p><strong>Technische Daten<\/strong><\/p>\n<p>Kategorie: Ultra-D\u00e4mpfung<br \/>\nVersatz: 10 mm ( 39mm \/ 29mm )<br \/>\nGewicht: 275 g<br \/>\nIdeal f\u00fcr : L\u00e4ufer und Walker, die einen Schuh mit maximaler D\u00e4mpfung und Weichheit suchen, sowohl in der St\u00fctze als auch im Obermaterial, f\u00fcr Langstreckenl\u00e4ufe und Walking.<br \/>\nGewicht des Athleten: &gt;80 kg<br \/>\nLauftempo: langsam (&gt;5.30 min\/km)<br \/>\n<a href=\"https:\/\/miomiorun.com\/de\/leitfaden-fuer-technische-spezifikationen\/\">Spezifikationsanleitung<\/a><\/p>\n<p><\/div><\/div><div class=\"vc-column\"><div class=\"vc-column-text\"><\/p>\n<h3 class=\"subtitle___9ljbp\">Eine neue Generation von BOOST-Laufschuhen, die zum Teil aus recycelten Materialien hergestellt werden.<\/h3>\n<p class=\"gl-vspace\">Mit diesen adidas Laufschuhen ist es einfacher, neue pers\u00f6nliche Bestzeiten zu jagen.<\/p>\n<p class=\"name___120FN\" data-testid=\"product-title\" data-auto-id=\"product-title\">Der <strong>Ultraboost 5x<\/strong> f\u00fcr M\u00e4nner verwendet die leichteste BOOST-Technologie, die es je gab, um eine konsistente Energier\u00fcckgabe Meile f\u00fcr Meile zu gew\u00e4hrleisten. Die Torsion System Technologie zwischen Ferse und Vorfu\u00df verbessert die Stabilit\u00e4t, indem sie einen fl\u00fcssigen Schritt unabh\u00e4ngig von Distanz und Geschwindigkeit f\u00f6rdert. Die Continental\u2122 Gummilaufsohle bietet auch bei N\u00e4sse zuverl\u00e4ssigen Grip, damit Sie unter allen Bedingungen Leistung bringen k\u00f6nnen. Dieses Produkt enth\u00e4lt mindestens 20 % recycelte Materialien.<\/p>\n<p data-testid=\"product-title\" data-auto-id=\"product-title\"><strong>Eigenschaften:<\/strong><\/p>\n<ul class=\"gl-list\">\n<li class=\"gl-vspace-bpall-small\">Normale Passform<\/li>\n<li class=\"gl-vspace-bpall-small\">Schn\u00fcrverschluss<\/li>\n<li class=\"gl-vspace-bpall-small\">Obermaterial aus Stoff<\/li>\n<li class=\"gl-vspace-bpall-small\">Innenfutter aus Stoff<\/li>\n<li class=\"gl-vspace-bpall-small\">Torsion System<\/li>\n<li class=\"gl-vspace-bpall-small\">Leichter BOOST<\/li>\n<li class=\"gl-vspace-bpall-small\">Continental\u2122 Gummi-Au\u00dfensohle<\/li>\n<\/ul>\n<h3 style=\"text-align: center;\">Technologie<\/h3>\n<div class=\"accordion__content___29x9h\">\n<div class=\"content-padding___2kVWQ\">\n<div class=\"technologies-section___3gZqW technologies-section--no-img___B_YZF\">\n<div class=\"technologies-content-container--no-img___wNKqW\">\n<div class=\"technologies-content-name___kkx_0\"><strong>LIGHT BOOST<\/strong><\/div>\n<div class=\"technologies-content-title___moWj6\">Unschlagbare Energier\u00fcckgabe, noch leichter<\/div>\n<p class=\"technologies-content-subtitle___2bGCf\">Light Boost ist die n\u00e4chste Generation des adidas Boost, 30 % leichter und mit einer \u00fcberragenden Energier\u00fcckgabe.<\/p>\n<\/div>\n<\/div>\n<\/div>\n<\/div>\n<ul class=\"gl-list\">\n<li class=\"gl-vspace-bpall-small\">Dieses Produkt enth\u00e4lt mindestens 20% recycelte Materialien<\/li>\n<\/ul>\n<p><\/div><\/div><\/div>\n","protected":false},"excerpt":{"rendered":"<ul>\n<li>Supergepolsterter Schuh f\u00fcr h\u00f6chsten Komfort.<\/li>\n<li>Ideal f\u00fcr lange Spazierg\u00e4nge und L\u00e4ufe.<\/li>\n<\/ul>\n","protected":false},"featured_media":334607,"template":"","meta":{"_acf_changed":false,"inline_featured_image":false},"product_brand":[],"product_cat":[6507,6506],"product_tag":[3403,6307],"class_list":{"0":"post-203773","1":"product","2":"type-product","3":"status-publish","4":"has-post-thumbnail","6":"product_cat-herren-schuhe-de","7":"product_cat-neutrale-herren-schuhe-de","8":"product_tag-adidas-de","9":"product_tag-adidas-herren-de","10":"pa_attivita-gehen","11":"pa_attivita-lifestyle-de","12":"pa_attivita-running-de","13":"pa_colore-ultraboost-5x-cblack-silvmt-luor","14":"pa_colore-ultraboost-5x-dshgry-purbur-limbur-de","15":"pa_colore-ultraboost-5x-seblbu-cryjad-luc-de","16":"pa_colore-ultraboost-5x-wosa-auon-puor","17":"pa_marca-adidas-de","18":"pa_sesso-herren","19":"pa_size-41-de","20":"pa_size-42-de","22":"pa_size-43-de","23":"pa_size-44-de","25":"pa_size-45-de","26":"pa_size-46-de","29":"first","30":"instock","31":"sale","32":"taxable","33":"shipping-taxable","34":"purchasable","35":"product-type-variable","36":"wvs-archive-product-wrapper"},"acf":[],"yoast_head":"<!-- This site is optimized with the Yoast SEO plugin v26.8 - https:\/\/yoast.com\/product\/yoast-seo-wordpress\/ -->\n<title>Adidas Ultraboost 5X herren - Herren-Laufschuhe - MioMioRun.com<\/title>\n<meta name=\"description\" content=\"Der Ultraboost 5x f\u00fcr M\u00e4nner nutzt die leichteste BOOST-Technologie aller Zeiten, die eine konstante Energier\u00fcckgabe Kilometer f\u00fcr Kilometer gew\u00e4hrleistet.\" \/>\n<meta name=\"robots\" content=\"index, follow, max-snippet:-1, max-image-preview:large, max-video-preview:-1\" \/>\n<link rel=\"canonical\" href=\"https:\/\/www.miomiorun.com\/de\/produkt\/ultraboost-5x-herren\/\" \/>\n<meta property=\"og:locale\" content=\"de_DE\" \/>\n<meta property=\"og:type\" content=\"article\" \/>\n<meta property=\"og:title\" content=\"Adidas Ultraboost 5X herren - Herren-Laufschuhe - MioMioRun.com\" \/>\n<meta property=\"og:description\" content=\"Der Ultraboost 5x f\u00fcr M\u00e4nner nutzt die leichteste BOOST-Technologie aller Zeiten, die eine konstante Energier\u00fcckgabe Kilometer f\u00fcr Kilometer gew\u00e4hrleistet.\" \/>\n<meta property=\"og:url\" content=\"https:\/\/www.miomiorun.com\/de\/produkt\/ultraboost-5x-herren\/\" \/>\n<meta property=\"og:site_name\" content=\"MioMioRun\" \/>\n<meta property=\"article:publisher\" content=\"https:\/\/www.facebook.com\/miomiorun\/\" \/>\n<meta property=\"article:modified_time\" content=\"2025-08-14T14:35:10+00:00\" \/>\n<meta property=\"og:image\" content=\"https:\/\/www.miomiorun.com\/app\/uploads\/2025\/08\/adidas-Ultraboost-5X-seblbu-cryjad-luc-JQ2922-.webp\" \/>\n\t<meta property=\"og:image:width\" content=\"720\" \/>\n\t<meta property=\"og:image:height\" content=\"720\" \/>\n\t<meta property=\"og:image:type\" content=\"image\/webp\" \/>\n<meta name=\"twitter:card\" content=\"summary_large_image\" \/>\n<meta name=\"twitter:label1\" content=\"Est. reading time\" \/>\n\t<meta name=\"twitter:data1\" content=\"1 minute\" \/>\n<script type=\"application\/ld+json\" class=\"yoast-schema-graph\">{\"@context\":\"https:\/\/schema.org\",\"@graph\":[{\"@type\":\"WebPage\",\"@id\":\"https:\/\/www.miomiorun.com\/de\/produkt\/ultraboost-5x-herren\/\",\"url\":\"https:\/\/www.miomiorun.com\/de\/produkt\/ultraboost-5x-herren\/\",\"name\":\"Adidas Ultraboost 5X herren - Herren-Laufschuhe - MioMioRun.com\",\"isPartOf\":{\"@id\":\"https:\/\/www.miomiorun.com\/de\/#website\"},\"primaryImageOfPage\":{\"@id\":\"https:\/\/www.miomiorun.com\/de\/produkt\/ultraboost-5x-herren\/#primaryimage\"},\"image\":{\"@id\":\"https:\/\/www.miomiorun.com\/de\/produkt\/ultraboost-5x-herren\/#primaryimage\"},\"thumbnailUrl\":\"https:\/\/www.miomiorun.com\/app\/uploads\/2025\/08\/adidas-Ultraboost-5X-seblbu-cryjad-luc-JQ2922-.webp\",\"datePublished\":\"2024-09-26T11:30:48+00:00\",\"dateModified\":\"2025-08-14T14:35:10+00:00\",\"description\":\"Der Ultraboost 5x f\u00fcr M\u00e4nner nutzt die leichteste BOOST-Technologie aller Zeiten, die eine konstante Energier\u00fcckgabe Kilometer f\u00fcr Kilometer gew\u00e4hrleistet.\",\"breadcrumb\":{\"@id\":\"https:\/\/www.miomiorun.com\/de\/produkt\/ultraboost-5x-herren\/#breadcrumb\"},\"inLanguage\":\"de-DE\",\"potentialAction\":[{\"@type\":\"ReadAction\",\"target\":[\"https:\/\/www.miomiorun.com\/de\/produkt\/ultraboost-5x-herren\/\"]}]},{\"@type\":\"ImageObject\",\"inLanguage\":\"de-DE\",\"@id\":\"https:\/\/www.miomiorun.com\/de\/produkt\/ultraboost-5x-herren\/#primaryimage\",\"url\":\"https:\/\/www.miomiorun.com\/app\/uploads\/2025\/08\/adidas-Ultraboost-5X-seblbu-cryjad-luc-JQ2922-.webp\",\"contentUrl\":\"https:\/\/www.miomiorun.com\/app\/uploads\/2025\/08\/adidas-Ultraboost-5X-seblbu-cryjad-luc-JQ2922-.webp\",\"width\":720,\"height\":720,\"caption\":\"adidas Ultraboost 5X seblbu cryjad luc JQ2922\"},{\"@type\":\"BreadcrumbList\",\"@id\":\"https:\/\/www.miomiorun.com\/de\/produkt\/ultraboost-5x-herren\/#breadcrumb\",\"itemListElement\":[{\"@type\":\"ListItem\",\"position\":1,\"name\":\"Home\",\"item\":\"https:\/\/www.miomiorun.com\/de\/\"},{\"@type\":\"ListItem\",\"position\":2,\"name\":\"Shop\",\"item\":\"https:\/\/www.miomiorun.com\/shop\/\"},{\"@type\":\"ListItem\",\"position\":3,\"name\":\"Ultraboost 5X herren\"}]},{\"@type\":\"WebSite\",\"@id\":\"https:\/\/www.miomiorun.com\/de\/#website\",\"url\":\"https:\/\/www.miomiorun.com\/de\/\",\"name\":\"MioMioRun\",\"description\":\"100% Lauf- und Trailshop\",\"publisher\":{\"@id\":\"https:\/\/www.miomiorun.com\/de\/#organization\"},\"potentialAction\":[{\"@type\":\"SearchAction\",\"target\":{\"@type\":\"EntryPoint\",\"urlTemplate\":\"https:\/\/www.miomiorun.com\/de\/?s={search_term_string}\"},\"query-input\":{\"@type\":\"PropertyValueSpecification\",\"valueRequired\":true,\"valueName\":\"search_term_string\"}}],\"inLanguage\":\"de-DE\"},{\"@type\":\"Organization\",\"@id\":\"https:\/\/www.miomiorun.com\/de\/#organization\",\"name\":\"MioMio Run\",\"url\":\"https:\/\/www.miomiorun.com\/de\/\",\"logo\":{\"@type\":\"ImageObject\",\"inLanguage\":\"de-DE\",\"@id\":\"https:\/\/www.miomiorun.com\/de\/#\/schema\/logo\/image\/\",\"url\":\"https:\/\/www.miomiorun.com\/app\/uploads\/2019\/12\/logomio.png\",\"contentUrl\":\"https:\/\/www.miomiorun.com\/app\/uploads\/2019\/12\/logomio.png\",\"width\":115,\"height\":82,\"caption\":\"MioMio Run\"},\"image\":{\"@id\":\"https:\/\/www.miomiorun.com\/de\/#\/schema\/logo\/image\/\"},\"sameAs\":[\"https:\/\/www.facebook.com\/miomiorun\/\",\"https:\/\/www.instagram.com\/miomiorun\/\"]}]}<\/script>\n<!-- \/ Yoast SEO plugin. -->","yoast_head_json":{"title":"Adidas Ultraboost 5X herren - Herren-Laufschuhe - MioMioRun.com","description":"Der Ultraboost 5x f\u00fcr M\u00e4nner nutzt die leichteste BOOST-Technologie aller Zeiten, die eine konstante Energier\u00fcckgabe Kilometer f\u00fcr Kilometer gew\u00e4hrleistet.","robots":{"index":"index","follow":"follow","max-snippet":"max-snippet:-1","max-image-preview":"max-image-preview:large","max-video-preview":"max-video-preview:-1"},"canonical":"https:\/\/www.miomiorun.com\/de\/produkt\/ultraboost-5x-herren\/","og_locale":"de_DE","og_type":"article","og_title":"Adidas Ultraboost 5X herren - Herren-Laufschuhe - MioMioRun.com","og_description":"Der Ultraboost 5x f\u00fcr M\u00e4nner nutzt die leichteste BOOST-Technologie aller Zeiten, die eine konstante Energier\u00fcckgabe Kilometer f\u00fcr Kilometer gew\u00e4hrleistet.","og_url":"https:\/\/www.miomiorun.com\/de\/produkt\/ultraboost-5x-herren\/","og_site_name":"MioMioRun","article_publisher":"https:\/\/www.facebook.com\/miomiorun\/","article_modified_time":"2025-08-14T14:35:10+00:00","og_image":[{"width":720,"height":720,"url":"https:\/\/www.miomiorun.com\/app\/uploads\/2025\/08\/adidas-Ultraboost-5X-seblbu-cryjad-luc-JQ2922-.webp","type":"image\/webp"}],"twitter_card":"summary_large_image","twitter_misc":{"Est. reading time":"1 minute"},"schema":{"@context":"https:\/\/schema.org","@graph":[{"@type":"WebPage","@id":"https:\/\/www.miomiorun.com\/de\/produkt\/ultraboost-5x-herren\/","url":"https:\/\/www.miomiorun.com\/de\/produkt\/ultraboost-5x-herren\/","name":"Adidas Ultraboost 5X herren - Herren-Laufschuhe - MioMioRun.com","isPartOf":{"@id":"https:\/\/www.miomiorun.com\/de\/#website"},"primaryImageOfPage":{"@id":"https:\/\/www.miomiorun.com\/de\/produkt\/ultraboost-5x-herren\/#primaryimage"},"image":{"@id":"https:\/\/www.miomiorun.com\/de\/produkt\/ultraboost-5x-herren\/#primaryimage"},"thumbnailUrl":"https:\/\/www.miomiorun.com\/app\/uploads\/2025\/08\/adidas-Ultraboost-5X-seblbu-cryjad-luc-JQ2922-.webp","datePublished":"2024-09-26T11:30:48+00:00","dateModified":"2025-08-14T14:35:10+00:00","description":"Der Ultraboost 5x f\u00fcr M\u00e4nner nutzt die leichteste BOOST-Technologie aller Zeiten, die eine konstante Energier\u00fcckgabe Kilometer f\u00fcr Kilometer gew\u00e4hrleistet.","breadcrumb":{"@id":"https:\/\/www.miomiorun.com\/de\/produkt\/ultraboost-5x-herren\/#breadcrumb"},"inLanguage":"de-DE","potentialAction":[{"@type":"ReadAction","target":["https:\/\/www.miomiorun.com\/de\/produkt\/ultraboost-5x-herren\/"]}]},{"@type":"ImageObject","inLanguage":"de-DE","@id":"https:\/\/www.miomiorun.com\/de\/produkt\/ultraboost-5x-herren\/#primaryimage","url":"https:\/\/www.miomiorun.com\/app\/uploads\/2025\/08\/adidas-Ultraboost-5X-seblbu-cryjad-luc-JQ2922-.webp","contentUrl":"https:\/\/www.miomiorun.com\/app\/uploads\/2025\/08\/adidas-Ultraboost-5X-seblbu-cryjad-luc-JQ2922-.webp","width":720,"height":720,"caption":"adidas Ultraboost 5X seblbu cryjad luc JQ2922"},{"@type":"BreadcrumbList","@id":"https:\/\/www.miomiorun.com\/de\/produkt\/ultraboost-5x-herren\/#breadcrumb","itemListElement":[{"@type":"ListItem","position":1,"name":"Home","item":"https:\/\/www.miomiorun.com\/de\/"},{"@type":"ListItem","position":2,"name":"Shop","item":"https:\/\/www.miomiorun.com\/shop\/"},{"@type":"ListItem","position":3,"name":"Ultraboost 5X herren"}]},{"@type":"WebSite","@id":"https:\/\/www.miomiorun.com\/de\/#website","url":"https:\/\/www.miomiorun.com\/de\/","name":"MioMioRun","description":"100% Lauf- und Trailshop","publisher":{"@id":"https:\/\/www.miomiorun.com\/de\/#organization"},"potentialAction":[{"@type":"SearchAction","target":{"@type":"EntryPoint","urlTemplate":"https:\/\/www.miomiorun.com\/de\/?s={search_term_string}"},"query-input":{"@type":"PropertyValueSpecification","valueRequired":true,"valueName":"search_term_string"}}],"inLanguage":"de-DE"},{"@type":"Organization","@id":"https:\/\/www.miomiorun.com\/de\/#organization","name":"MioMio Run","url":"https:\/\/www.miomiorun.com\/de\/","logo":{"@type":"ImageObject","inLanguage":"de-DE","@id":"https:\/\/www.miomiorun.com\/de\/#\/schema\/logo\/image\/","url":"https:\/\/www.miomiorun.com\/app\/uploads\/2019\/12\/logomio.png","contentUrl":"https:\/\/www.miomiorun.com\/app\/uploads\/2019\/12\/logomio.png","width":115,"height":82,"caption":"MioMio Run"},"image":{"@id":"https:\/\/www.miomiorun.com\/de\/#\/schema\/logo\/image\/"},"sameAs":["https:\/\/www.facebook.com\/miomiorun\/","https:\/\/www.instagram.com\/miomiorun\/"]}]}},"_links":{"self":[{"href":"https:\/\/www.miomiorun.com\/de\/wp-json\/wp\/v2\/product\/203773","targetHints":{"allow":["GET"]}}],"collection":[{"href":"https:\/\/www.miomiorun.com\/de\/wp-json\/wp\/v2\/product"}],"about":[{"href":"https:\/\/www.miomiorun.com\/de\/wp-json\/wp\/v2\/types\/product"}],"wp:featuredmedia":[{"embeddable":true,"href":"https:\/\/www.miomiorun.com\/de\/wp-json\/wp\/v2\/media\/334607"}],"wp:attachment":[{"href":"https:\/\/www.miomiorun.com\/de\/wp-json\/wp\/v2\/media?parent=203773"}],"wp:term":[{"taxonomy":"product_brand","embeddable":true,"href":"https:\/\/www.miomiorun.com\/de\/wp-json\/wp\/v2\/product_brand?post=203773"},{"taxonomy":"product_cat","embeddable":true,"href":"https:\/\/www.miomiorun.com\/de\/wp-json\/wp\/v2\/product_cat?post=203773"},{"taxonomy":"product_tag","embeddable":true,"href":"https:\/\/www.miomiorun.com\/de\/wp-json\/wp\/v2\/product_tag?post=203773"}],"curies":[{"name":"wp","href":"https:\/\/api.w.org\/{rel}","templated":true}]}}