{"id":203706,"date":"2024-09-26T12:38:09","date_gmt":"2024-09-26T10:38:09","guid":{"rendered":"https:\/\/miomiorun.com\/?post_type=product&#038;p=203706"},"modified":"2026-05-08T22:14:41","modified_gmt":"2026-05-08T20:14:41","slug":"sprintstar","status":"publish","type":"product","link":"https:\/\/www.miomiorun.com\/de\/produkt\/sprintstar\/","title":{"rendered":"Sprintstar"},"content":{"rendered":"<div class=\"vc-row container\"><div class=\"vc-column\"><div class=\"vc-column-text\"><\/p>\n<p><strong>Technische Daten<\/strong><\/p>\n<p>Kategorie: Bahn<\/p>\n<p>Gewicht: 175 g<br \/>\nIdeal f\u00fcr : Athleten, die Stollenschuhe f\u00fcr Training und Rennen auf der Bahn \u00fcber Distanzen von bis zu 1500 Metern suchen<br \/>\nAthletengewicht : 50-75 kg<br \/>\nLauftempo : schnell &lt; 3.30 min\/km<br \/>\n<a href=\"https:\/\/miomiorun.com\/de\/leitfaden-fuer-technische-spezifikationen\/\">Spezifikationsf\u00fchrer<\/a><\/p>\n<p><\/div><\/div><div class=\"vc-column\"><div class=\"vc-column-text\"><\/p>\n<div class=\"accordion__content___29x9h\">\n<div class=\"content-padding___2kVWQ\">\n<div class=\"description___29WFI\">\n<div class=\"text-content___13aRm\">\n<h3 class=\"subtitle___9ljbp\">Sportschuhe, die teilweise aus recycelten Materialien hergestellt werden.<\/h3>\n<p class=\"gl-vspace\">Verbessern Sie Ihre pers\u00f6nliche Bestleistung. Diese <strong>adizero Sprintstar<\/strong> Unisex-Schuhe wurden f\u00fcr die Athleten, die maximale Geschwindigkeit zu suchen erstellt.<\/p>\n<p class=\"gl-vspace\">Das synthetische Obermaterial und Mesh-Futter sorgen f\u00fcr optimale Atmungsaktivit\u00e4t, und die starre Stachelplatte f\u00f6rdert atemberaubende Beschleunigung auf geraden Flugbahnen. Die aerodynamische Silhouette und die synthetische Sohle treiben dich vorw\u00e4rts. Wenn du die Ziellinie vor allen anderen \u00fcberqueren willst, sind diese Schuhe die idealen Verb\u00fcndeten, um dich dorthin zu bringen. Dieses Produkt enth\u00e4lt mindestens 20% recycelte Materialien.<\/p>\n<h3>Eigenschaften:<\/h3>\n<ul class=\"gl-list\">\n<li class=\"gl-vspace-bpall-small\">Normale Passform<\/li>\n<li class=\"gl-vspace-bpall-small\">Schn\u00fcrverschluss<\/li>\n<li class=\"gl-vspace-bpall-small\">Obermaterial aus synthetischem Material<\/li>\n<li class=\"gl-vspace-bpall-small\">Innenfutter aus Synthetik<\/li>\n<li class=\"gl-vspace-bpall-small\">Synthetiksohle mit Stollenplatte<\/li>\n<li class=\"gl-vspace-bpall-small\">Synthetische Sohle mit Noppenplatte<\/li>\n<li class=\"gl-vspace-bpall-small\">Mindestens 20% des Materials stammen aus recycelten Quellen<\/li>\n<\/ul>\n<p>&nbsp;<\/p>\n<\/div>\n<\/div>\n<\/div>\n<\/div>\n<p><\/div><\/div><\/div>\n","protected":false},"excerpt":{"rendered":"<ul>\n<li>Rennschuhe mit Spikes<\/li>\n<li>F\u00fcr Sportler, die maximale Geschwindigkeit anstreben<\/li>\n<\/ul>\n","protected":false},"featured_media":205370,"template":"","meta":{"_acf_changed":false,"inline_featured_image":false},"product_brand":[],"product_cat":[6507,6506,6474,6475],"product_tag":[3403,6309,6307],"class_list":{"0":"post-203706","1":"product","2":"type-product","3":"status-publish","4":"has-post-thumbnail","6":"product_cat-herren-schuhe-de","7":"product_cat-neutrale-herren-schuhe-de","8":"product_cat-damenschuhe","9":"product_cat-neutral","10":"product_tag-adidas-de","11":"product_tag-adidas-damen-de","12":"product_tag-adidas-herren-de","13":"pa_attivita-running-de","14":"pa_colore-sprintstar-cblack-zeromt-ftwwh-de","15":"pa_colore-sprintstar-spark-cblack-zeromt-de","16":"pa_marca-adidas-de","17":"pa_sesso-damen","18":"pa_sesso-herren","19":"pa_size-42-de","21":"pa_size-43-de","22":"pa_size-44-de","24":"first","25":"instock","26":"sale","27":"taxable","28":"shipping-taxable","29":"purchasable","30":"product-type-variable","31":"wvs-archive-product-wrapper"},"acf":[],"yoast_head":"<!-- This site is optimized with the Yoast SEO plugin v26.8 - https:\/\/yoast.com\/product\/yoast-seo-wordpress\/ -->\n<title>Adidas Sprintstar - Spikeschuhe - MioMioRun.com<\/title>\n<meta name=\"description\" content=\"Der adizero Sprintstar Unisex wurde f\u00fcr Athleten entwickelt, die maximale Geschwindigkeit suchen.\" \/>\n<meta name=\"robots\" content=\"index, follow, max-snippet:-1, max-image-preview:large, max-video-preview:-1\" \/>\n<link rel=\"canonical\" href=\"https:\/\/www.miomiorun.com\/de\/produkt\/sprintstar\/\" \/>\n<meta property=\"og:locale\" content=\"de_DE\" \/>\n<meta property=\"og:type\" content=\"article\" \/>\n<meta property=\"og:title\" content=\"Adidas Sprintstar - Spikeschuhe - MioMioRun.com\" \/>\n<meta property=\"og:description\" content=\"Der adizero Sprintstar Unisex wurde f\u00fcr Athleten entwickelt, die maximale Geschwindigkeit suchen.\" \/>\n<meta property=\"og:url\" content=\"https:\/\/www.miomiorun.com\/de\/produkt\/sprintstar\/\" \/>\n<meta property=\"og:site_name\" content=\"MioMioRun\" \/>\n<meta property=\"article:publisher\" content=\"https:\/\/www.facebook.com\/miomiorun\/\" \/>\n<meta property=\"article:modified_time\" content=\"2026-05-08T20:14:41+00:00\" \/>\n<meta property=\"og:image\" content=\"https:\/\/www.miomiorun.com\/app\/uploads\/2024\/10\/adidas-Sprintstar-spark-cblack-zeromt-IF1233.webp\" \/>\n\t<meta property=\"og:image:width\" content=\"600\" \/>\n\t<meta property=\"og:image:height\" content=\"600\" \/>\n\t<meta property=\"og:image:type\" content=\"image\/webp\" \/>\n<meta name=\"twitter:card\" content=\"summary_large_image\" \/>\n<meta name=\"twitter:label1\" content=\"Est. reading time\" \/>\n\t<meta name=\"twitter:data1\" content=\"2 minutes\" \/>\n<script type=\"application\/ld+json\" class=\"yoast-schema-graph\">{\"@context\":\"https:\/\/schema.org\",\"@graph\":[{\"@type\":\"WebPage\",\"@id\":\"https:\/\/www.miomiorun.com\/de\/produkt\/sprintstar\/\",\"url\":\"https:\/\/www.miomiorun.com\/de\/produkt\/sprintstar\/\",\"name\":\"Adidas Sprintstar - Spikeschuhe - MioMioRun.com\",\"isPartOf\":{\"@id\":\"https:\/\/www.miomiorun.com\/de\/#website\"},\"primaryImageOfPage\":{\"@id\":\"https:\/\/www.miomiorun.com\/de\/produkt\/sprintstar\/#primaryimage\"},\"image\":{\"@id\":\"https:\/\/www.miomiorun.com\/de\/produkt\/sprintstar\/#primaryimage\"},\"thumbnailUrl\":\"https:\/\/www.miomiorun.com\/app\/uploads\/2024\/10\/adidas-Sprintstar-spark-cblack-zeromt-IF1233.webp\",\"datePublished\":\"2024-09-26T10:38:09+00:00\",\"dateModified\":\"2026-05-08T20:14:41+00:00\",\"description\":\"Der adizero Sprintstar Unisex wurde f\u00fcr Athleten entwickelt, die maximale Geschwindigkeit suchen.\",\"breadcrumb\":{\"@id\":\"https:\/\/www.miomiorun.com\/de\/produkt\/sprintstar\/#breadcrumb\"},\"inLanguage\":\"de-DE\",\"potentialAction\":[{\"@type\":\"ReadAction\",\"target\":[\"https:\/\/www.miomiorun.com\/de\/produkt\/sprintstar\/\"]}]},{\"@type\":\"ImageObject\",\"inLanguage\":\"de-DE\",\"@id\":\"https:\/\/www.miomiorun.com\/de\/produkt\/sprintstar\/#primaryimage\",\"url\":\"https:\/\/www.miomiorun.com\/app\/uploads\/2024\/10\/adidas-Sprintstar-spark-cblack-zeromt-IF1233.webp\",\"contentUrl\":\"https:\/\/www.miomiorun.com\/app\/uploads\/2024\/10\/adidas-Sprintstar-spark-cblack-zeromt-IF1233.webp\",\"width\":600,\"height\":600,\"caption\":\"adidas Sprintstar spark cblack zeromt IF1233\"},{\"@type\":\"BreadcrumbList\",\"@id\":\"https:\/\/www.miomiorun.com\/de\/produkt\/sprintstar\/#breadcrumb\",\"itemListElement\":[{\"@type\":\"ListItem\",\"position\":1,\"name\":\"Home\",\"item\":\"https:\/\/www.miomiorun.com\/de\/\"},{\"@type\":\"ListItem\",\"position\":2,\"name\":\"Shop\",\"item\":\"https:\/\/www.miomiorun.com\/shop\/\"},{\"@type\":\"ListItem\",\"position\":3,\"name\":\"Sprintstar\"}]},{\"@type\":\"WebSite\",\"@id\":\"https:\/\/www.miomiorun.com\/de\/#website\",\"url\":\"https:\/\/www.miomiorun.com\/de\/\",\"name\":\"MioMioRun\",\"description\":\"100% Lauf- und Trailshop\",\"publisher\":{\"@id\":\"https:\/\/www.miomiorun.com\/de\/#organization\"},\"potentialAction\":[{\"@type\":\"SearchAction\",\"target\":{\"@type\":\"EntryPoint\",\"urlTemplate\":\"https:\/\/www.miomiorun.com\/de\/?s={search_term_string}\"},\"query-input\":{\"@type\":\"PropertyValueSpecification\",\"valueRequired\":true,\"valueName\":\"search_term_string\"}}],\"inLanguage\":\"de-DE\"},{\"@type\":\"Organization\",\"@id\":\"https:\/\/www.miomiorun.com\/de\/#organization\",\"name\":\"MioMio Run\",\"url\":\"https:\/\/www.miomiorun.com\/de\/\",\"logo\":{\"@type\":\"ImageObject\",\"inLanguage\":\"de-DE\",\"@id\":\"https:\/\/www.miomiorun.com\/de\/#\/schema\/logo\/image\/\",\"url\":\"https:\/\/www.miomiorun.com\/app\/uploads\/2019\/12\/logomio.png\",\"contentUrl\":\"https:\/\/www.miomiorun.com\/app\/uploads\/2019\/12\/logomio.png\",\"width\":115,\"height\":82,\"caption\":\"MioMio Run\"},\"image\":{\"@id\":\"https:\/\/www.miomiorun.com\/de\/#\/schema\/logo\/image\/\"},\"sameAs\":[\"https:\/\/www.facebook.com\/miomiorun\/\",\"https:\/\/www.instagram.com\/miomiorun\/\"]}]}<\/script>\n<!-- \/ Yoast SEO plugin. -->","yoast_head_json":{"title":"Adidas Sprintstar - Spikeschuhe - MioMioRun.com","description":"Der adizero Sprintstar Unisex wurde f\u00fcr Athleten entwickelt, die maximale Geschwindigkeit suchen.","robots":{"index":"index","follow":"follow","max-snippet":"max-snippet:-1","max-image-preview":"max-image-preview:large","max-video-preview":"max-video-preview:-1"},"canonical":"https:\/\/www.miomiorun.com\/de\/produkt\/sprintstar\/","og_locale":"de_DE","og_type":"article","og_title":"Adidas Sprintstar - Spikeschuhe - MioMioRun.com","og_description":"Der adizero Sprintstar Unisex wurde f\u00fcr Athleten entwickelt, die maximale Geschwindigkeit suchen.","og_url":"https:\/\/www.miomiorun.com\/de\/produkt\/sprintstar\/","og_site_name":"MioMioRun","article_publisher":"https:\/\/www.facebook.com\/miomiorun\/","article_modified_time":"2026-05-08T20:14:41+00:00","og_image":[{"width":600,"height":600,"url":"https:\/\/www.miomiorun.com\/app\/uploads\/2024\/10\/adidas-Sprintstar-spark-cblack-zeromt-IF1233.webp","type":"image\/webp"}],"twitter_card":"summary_large_image","twitter_misc":{"Est. reading time":"2 minutes"},"schema":{"@context":"https:\/\/schema.org","@graph":[{"@type":"WebPage","@id":"https:\/\/www.miomiorun.com\/de\/produkt\/sprintstar\/","url":"https:\/\/www.miomiorun.com\/de\/produkt\/sprintstar\/","name":"Adidas Sprintstar - Spikeschuhe - MioMioRun.com","isPartOf":{"@id":"https:\/\/www.miomiorun.com\/de\/#website"},"primaryImageOfPage":{"@id":"https:\/\/www.miomiorun.com\/de\/produkt\/sprintstar\/#primaryimage"},"image":{"@id":"https:\/\/www.miomiorun.com\/de\/produkt\/sprintstar\/#primaryimage"},"thumbnailUrl":"https:\/\/www.miomiorun.com\/app\/uploads\/2024\/10\/adidas-Sprintstar-spark-cblack-zeromt-IF1233.webp","datePublished":"2024-09-26T10:38:09+00:00","dateModified":"2026-05-08T20:14:41+00:00","description":"Der adizero Sprintstar Unisex wurde f\u00fcr Athleten entwickelt, die maximale Geschwindigkeit suchen.","breadcrumb":{"@id":"https:\/\/www.miomiorun.com\/de\/produkt\/sprintstar\/#breadcrumb"},"inLanguage":"de-DE","potentialAction":[{"@type":"ReadAction","target":["https:\/\/www.miomiorun.com\/de\/produkt\/sprintstar\/"]}]},{"@type":"ImageObject","inLanguage":"de-DE","@id":"https:\/\/www.miomiorun.com\/de\/produkt\/sprintstar\/#primaryimage","url":"https:\/\/www.miomiorun.com\/app\/uploads\/2024\/10\/adidas-Sprintstar-spark-cblack-zeromt-IF1233.webp","contentUrl":"https:\/\/www.miomiorun.com\/app\/uploads\/2024\/10\/adidas-Sprintstar-spark-cblack-zeromt-IF1233.webp","width":600,"height":600,"caption":"adidas Sprintstar spark cblack zeromt IF1233"},{"@type":"BreadcrumbList","@id":"https:\/\/www.miomiorun.com\/de\/produkt\/sprintstar\/#breadcrumb","itemListElement":[{"@type":"ListItem","position":1,"name":"Home","item":"https:\/\/www.miomiorun.com\/de\/"},{"@type":"ListItem","position":2,"name":"Shop","item":"https:\/\/www.miomiorun.com\/shop\/"},{"@type":"ListItem","position":3,"name":"Sprintstar"}]},{"@type":"WebSite","@id":"https:\/\/www.miomiorun.com\/de\/#website","url":"https:\/\/www.miomiorun.com\/de\/","name":"MioMioRun","description":"100% Lauf- und Trailshop","publisher":{"@id":"https:\/\/www.miomiorun.com\/de\/#organization"},"potentialAction":[{"@type":"SearchAction","target":{"@type":"EntryPoint","urlTemplate":"https:\/\/www.miomiorun.com\/de\/?s={search_term_string}"},"query-input":{"@type":"PropertyValueSpecification","valueRequired":true,"valueName":"search_term_string"}}],"inLanguage":"de-DE"},{"@type":"Organization","@id":"https:\/\/www.miomiorun.com\/de\/#organization","name":"MioMio Run","url":"https:\/\/www.miomiorun.com\/de\/","logo":{"@type":"ImageObject","inLanguage":"de-DE","@id":"https:\/\/www.miomiorun.com\/de\/#\/schema\/logo\/image\/","url":"https:\/\/www.miomiorun.com\/app\/uploads\/2019\/12\/logomio.png","contentUrl":"https:\/\/www.miomiorun.com\/app\/uploads\/2019\/12\/logomio.png","width":115,"height":82,"caption":"MioMio Run"},"image":{"@id":"https:\/\/www.miomiorun.com\/de\/#\/schema\/logo\/image\/"},"sameAs":["https:\/\/www.facebook.com\/miomiorun\/","https:\/\/www.instagram.com\/miomiorun\/"]}]}},"_links":{"self":[{"href":"https:\/\/www.miomiorun.com\/de\/wp-json\/wp\/v2\/product\/203706","targetHints":{"allow":["GET"]}}],"collection":[{"href":"https:\/\/www.miomiorun.com\/de\/wp-json\/wp\/v2\/product"}],"about":[{"href":"https:\/\/www.miomiorun.com\/de\/wp-json\/wp\/v2\/types\/product"}],"wp:featuredmedia":[{"embeddable":true,"href":"https:\/\/www.miomiorun.com\/de\/wp-json\/wp\/v2\/media\/205370"}],"wp:attachment":[{"href":"https:\/\/www.miomiorun.com\/de\/wp-json\/wp\/v2\/media?parent=203706"}],"wp:term":[{"taxonomy":"product_brand","embeddable":true,"href":"https:\/\/www.miomiorun.com\/de\/wp-json\/wp\/v2\/product_brand?post=203706"},{"taxonomy":"product_cat","embeddable":true,"href":"https:\/\/www.miomiorun.com\/de\/wp-json\/wp\/v2\/product_cat?post=203706"},{"taxonomy":"product_tag","embeddable":true,"href":"https:\/\/www.miomiorun.com\/de\/wp-json\/wp\/v2\/product_tag?post=203706"}],"curies":[{"name":"wp","href":"https:\/\/api.w.org\/{rel}","templated":true}]}}