{"id":203544,"date":"2024-09-26T11:43:58","date_gmt":"2024-09-26T09:43:58","guid":{"rendered":"https:\/\/miomiorun.com\/?post_type=product&#038;p=203544"},"modified":"2025-10-29T18:36:44","modified_gmt":"2025-10-29T17:36:44","slug":"adizero-boston-12-damen","status":"publish","type":"product","link":"https:\/\/www.miomiorun.com\/de\/produkt\/adizero-boston-12-damen\/","title":{"rendered":"Adizero Boston 12 damen"},"content":{"rendered":"<div class=\"vc-row container\"><div class=\"vc-column\"><div class=\"vc-column-text\"><\/p>\n<h4>Technische Daten<\/h4>\n<p>Kategorie: Mittlere D\u00e4mpfung<br \/>\nOffset: 6 mm (Ferse: 36 mm \/ Vorfu\u00df: 30 mm)<br \/>\nGewicht: 217 g<br \/>\nIdeal f\u00fcr: Fortgeschrittene L\u00e4ufer, die sowohl Leistung als auch Laufkomfort suchen, um gute Ergebnisse im Wettkampf oder beim Training zu erzielen.<br \/>\nGewicht des Athleten: 50-65 kg<br \/>\nLaufstil: schnell (&gt;4,30 min\/km)<br \/>\n<a href=\"https:\/\/miomiorun.com\/guida-alle-specifiche-tecniche\/\">Leitfaden zu den technischen Daten<\/a><\/p>\n<p><\/div><\/div><div class=\"vc-column\"><div class=\"vc-column-text\"><\/p>\n<h2 class=\"subtitle___9ljbp\">Trainingsschuhe mit Hochleistungstechnologien f\u00fcr neue Geschwindigkeitsrekorde.<\/h2>\n<h3 class=\"gl-vspace\">Der Boston-Marathon ist ein Wettkampf. Aber er ist auch ein Ziel, ein Trainingsplan und ein fester Gedanke, der dich wochenlang vor dem gro\u00dfen Ereignis besch\u00e4ftigt.<\/p>\n<p class=\"gl-vspace\">Die adizero Boston 12 Laufschuhe f\u00fcr Damen sind f\u00fcr Mittel- und Langstreckenl\u00e4ufe konzipiert. Dank der ENERGYRODS 2.0-Technologie mit Glasfaserelementen wird der Energieverlust auf ein Minimum reduziert, sodass Sie auch beim Training die gleiche Leistung und das gleiche Laufgef\u00fchl wie im Wettkampf genie\u00dfen k\u00f6nnen. Sie sind schnell, ohne dabei an Haltbarkeit einzub\u00fc\u00dfen: Die Zwischensohle kombiniert die ultraleichte D\u00e4mpfung LIGHTSTRIKE PRO mit einer neuen Version der widerstandsf\u00e4higen Mischung LIGHTSTRIKE 2.0 aus EVA.<\/p>\n<h3><strong>Eigenschaften:<\/strong><\/h3>\n<ul class=\"gl-list\">\n<li class=\"gl-vspace-bpall-small\">Normale Passform<\/li>\n<li class=\"gl-vspace-bpall-small\">Schn\u00fcrverschluss<\/li>\n<li class=\"gl-vspace-bpall-small\">Leichtes Mesh-Obermaterial<\/li>\n<li class=\"gl-vspace-bpall-small\">Textilfutter<\/li>\n<li class=\"gl-vspace-bpall-small\">ENERGYRODS 2.0-Elemente begrenzen den Energieverlust<\/li>\n<li class=\"gl-vspace-bpall-small\">Lightstrike Pro-D\u00e4mpfung<\/li>\n<li class=\"gl-vspace-bpall-small\">Continental\u2122-Gummisohle<\/li>\n<li class=\"gl-vspace-bpall-small\">Das Obermaterial besteht zu mindestens 50 % aus recyceltem Material<\/li>\n<\/ul>\n<h2 style=\"text-align: center\">Details<\/h2>\n<div class=\"accordion__content___29x9h\">\n<div class=\"content-padding___2kVWQ\">\n<div class=\"highlights___19JOq\">\n<div class=\"highlights-list___19FSM highlights-list--text-only___2yfW2\">\n<div class=\"highlight___3fa4r\">\n<div class=\"highlight-text___lgoJI\">\n<h3 class=\"highlight-text__headline___25B2G\">Technisches Mesh<\/h3>\n<p>Verbessere dein Training dank der atmungsaktiven Struktur. Die gezielte Unterst\u00fctzung an strategischen Stellen des Fu\u00dfes sorgt f\u00fcr eine perfekte Passform im Bereich des Fu\u00dfgew\u00f6lbes und Flexibilit\u00e4t im Vorfu\u00dfbereich.<\/p>\n<\/div>\n<\/div>\n<div class=\"highlight___3fa4r\">\n<div class=\"highlight-text___lgoJI\">\n<h3 class=\"highlight-text__headline___25B2G\">ENERGYRODS 2.0<\/h3>\n<p>Ein ganzheitliches System, das f\u00fcr einen fl\u00fcssigen \u00dcbergang von der Ferse zur Zehe entwickelt wurde und selbst bei schnellsten Trainingseinheiten eine au\u00dfergew\u00f6hnliche Leistung bietet.<\/p>\n<\/div>\n<\/div>\n<div class=\"highlight___3fa4r\">\n<div class=\"highlight-text___lgoJI\">\n<h3 class=\"highlight-text__headline___25B2G\">Lightstrike Pro + Lightstrike 2.0<\/h3>\n<p>Eine mehrschichtige Zwischensohle aus unserer leistungsstarken Lightstrike Pro-Mischung und dem neuen Lightstrike 2.0, die f\u00fcr optimale D\u00e4mpfung und Reaktionsf\u00e4higkeit entwickelt wurde. Die Continental\u2122-Au\u00dfensohle sorgt f\u00fcr \u00fcberragenden Grip selbst unter schwierigsten Bedingungen.<\/p>\n<\/div>\n<\/div>\n<div class=\"highlight___3fa4r\">\n<div class=\"highlight-text___lgoJI\">\n<h3 class=\"highlight-text__headline___25B2G\">Produkt teilweise aus recycelten Materialien hergestellt<\/h3>\n<p>Das Obermaterial enth\u00e4lt mindestens 50 % recycelte Materialien.<\/p>\n<h2 style=\"text-align: center\">Technologie<\/h2>\n<div class=\"accordion__content___29x9h\">\n<div class=\"content-padding___2kVWQ\">\n<div class=\"technologies-section___3gZqW technologies-section--no-img___B_YZF\">\n<div class=\"technologies-content-container--no-img___wNKqW\">\n<div class=\"technologies-content-name___kkx_0\"><strong>LIGHTSTRIKE<\/strong><\/div>\n<div class=\"technologies-content-title___moWj6\">Leichtigkeit und Schnelligkeit<\/div>\n<p class=\"technologies-content-subtitle___2bGCf\">Ultraleichte Lightstrike-D\u00e4mpfung f\u00fcr ein h\u00f6heres Ma\u00df an Geschwindigkeit. <\/p>\n<\/div>\n<\/div>\n<div class=\"technologies-section___3gZqW technologies-section--no-img___B_YZF\">\n<div class=\"technologies-content-container--no-img___wNKqW\">\n<div class=\"technologies-content-name___kkx_0\"><strong>LIGHTSTRIKE PRO<\/strong><\/div>\n<div class=\"technologies-content-title___moWj6\">Rekordverd\u00e4chtige Leichtigkeit<\/div>\n<p class=\"technologies-content-subtitle___2bGCf\">Die adidas Lightstrike Pro-D\u00e4mpfung wurde entwickelt, um dir mehr Geschwindigkeit und Energie zur\u00fcckzugeben. <\/p>\n<\/div>\n<\/div>\n<\/div>\n<\/div>\n<\/div>\n<\/div>\n<\/div>\n<\/div>\n<\/div>\n<\/div>\n<p><\/div><\/div><\/div>\n<\/h3>\n","protected":false},"excerpt":{"rendered":"<ul>\n<li>Ein Schuh, mit dem du schneller laufen kannst.<\/li>\n<li>Ideal f\u00fcr dein Training und deine Wettk\u00e4mpfe.<\/li>\n<\/ul>\n","protected":false},"featured_media":264834,"template":"","meta":{"_acf_changed":false,"inline_featured_image":false},"product_brand":[],"product_cat":[6501,6538],"product_tag":[3403,6309],"class_list":{"0":"post-203544","1":"product","2":"type-product","3":"status-publish","4":"has-post-thumbnail","6":"product_cat-sale-damen-schuhe-de","7":"product_cat-neutral-damen-sale-de","8":"product_tag-adidas-de","9":"product_tag-adidas-damen-de","10":"pa_attivita-running-de","11":"pa_colore-adizero-boston-12-w-grefiv-cryjad-lucpnk-de","12":"pa_marca-adidas-de","13":"pa_sesso-damen","14":"pa_size-42-de","15":"pa_size-43-de","17":"first","18":"instock","19":"sale","20":"taxable","21":"shipping-taxable","22":"purchasable","23":"product-type-variable","24":"wvs-archive-product-wrapper"},"acf":[],"yoast_head":"<!-- This site is optimized with the Yoast SEO plugin v26.8 - https:\/\/yoast.com\/product\/yoast-seo-wordpress\/ -->\n<title>Adidas Adizero Boston 12 damen - Laufschuhe - MioMioRun<\/title>\n<meta name=\"description\" content=\"Die adizero Boston 12 Schuhe in der Damenversion sind f\u00fcr das Laufen \u00fcber mittlere und lange Distanzen konzipiert. Dank der ENERGYRODS 2.0-Technologie\" \/>\n<meta name=\"robots\" content=\"index, follow, max-snippet:-1, max-image-preview:large, max-video-preview:-1\" \/>\n<link rel=\"canonical\" href=\"https:\/\/www.miomiorun.com\/de\/produkt\/adizero-boston-12-damen\/\" \/>\n<meta property=\"og:locale\" content=\"de_DE\" \/>\n<meta property=\"og:type\" content=\"article\" \/>\n<meta property=\"og:title\" content=\"Adidas Adizero Boston 12 damen - Laufschuhe - MioMioRun\" \/>\n<meta property=\"og:description\" content=\"Die adizero Boston 12 Schuhe in der Damenversion sind f\u00fcr das Laufen \u00fcber mittlere und lange Distanzen konzipiert. Dank der ENERGYRODS 2.0-Technologie\" \/>\n<meta property=\"og:url\" content=\"https:\/\/www.miomiorun.com\/de\/produkt\/adizero-boston-12-damen\/\" \/>\n<meta property=\"og:site_name\" content=\"MioMioRun\" \/>\n<meta property=\"article:publisher\" content=\"https:\/\/www.facebook.com\/miomiorun\/\" \/>\n<meta property=\"article:modified_time\" content=\"2025-10-29T17:36:44+00:00\" \/>\n<meta property=\"og:image\" content=\"https:\/\/www.miomiorun.com\/app\/uploads\/2025\/03\/adidas-Adizero-Boston-12-W-grefiv-cryjad-lucpnk-JI4481.webp\" \/>\n\t<meta property=\"og:image:width\" content=\"600\" \/>\n\t<meta property=\"og:image:height\" content=\"600\" \/>\n\t<meta property=\"og:image:type\" content=\"image\/webp\" \/>\n<meta name=\"twitter:card\" content=\"summary_large_image\" \/>\n<meta name=\"twitter:label1\" content=\"Est. reading time\" \/>\n\t<meta name=\"twitter:data1\" content=\"2 minutes\" \/>\n<script type=\"application\/ld+json\" class=\"yoast-schema-graph\">{\"@context\":\"https:\/\/schema.org\",\"@graph\":[{\"@type\":\"WebPage\",\"@id\":\"https:\/\/www.miomiorun.com\/de\/produkt\/adizero-boston-12-damen\/\",\"url\":\"https:\/\/www.miomiorun.com\/de\/produkt\/adizero-boston-12-damen\/\",\"name\":\"Adidas Adizero Boston 12 damen - Laufschuhe - MioMioRun\",\"isPartOf\":{\"@id\":\"https:\/\/www.miomiorun.com\/de\/#website\"},\"primaryImageOfPage\":{\"@id\":\"https:\/\/www.miomiorun.com\/de\/produkt\/adizero-boston-12-damen\/#primaryimage\"},\"image\":{\"@id\":\"https:\/\/www.miomiorun.com\/de\/produkt\/adizero-boston-12-damen\/#primaryimage\"},\"thumbnailUrl\":\"https:\/\/www.miomiorun.com\/app\/uploads\/2025\/03\/adidas-Adizero-Boston-12-W-grefiv-cryjad-lucpnk-JI4481.webp\",\"datePublished\":\"2024-09-26T09:43:58+00:00\",\"dateModified\":\"2025-10-29T17:36:44+00:00\",\"description\":\"Die adizero Boston 12 Schuhe in der Damenversion sind f\u00fcr das Laufen \u00fcber mittlere und lange Distanzen konzipiert. Dank der ENERGYRODS 2.0-Technologie\",\"breadcrumb\":{\"@id\":\"https:\/\/www.miomiorun.com\/de\/produkt\/adizero-boston-12-damen\/#breadcrumb\"},\"inLanguage\":\"de-DE\",\"potentialAction\":[{\"@type\":\"ReadAction\",\"target\":[\"https:\/\/www.miomiorun.com\/de\/produkt\/adizero-boston-12-damen\/\"]}]},{\"@type\":\"ImageObject\",\"inLanguage\":\"de-DE\",\"@id\":\"https:\/\/www.miomiorun.com\/de\/produkt\/adizero-boston-12-damen\/#primaryimage\",\"url\":\"https:\/\/www.miomiorun.com\/app\/uploads\/2025\/03\/adidas-Adizero-Boston-12-W-grefiv-cryjad-lucpnk-JI4481.webp\",\"contentUrl\":\"https:\/\/www.miomiorun.com\/app\/uploads\/2025\/03\/adidas-Adizero-Boston-12-W-grefiv-cryjad-lucpnk-JI4481.webp\",\"width\":600,\"height\":600,\"caption\":\"adidas Adizero Boston 12 W grefiv cryjad lucpnk JI4481\"},{\"@type\":\"BreadcrumbList\",\"@id\":\"https:\/\/www.miomiorun.com\/de\/produkt\/adizero-boston-12-damen\/#breadcrumb\",\"itemListElement\":[{\"@type\":\"ListItem\",\"position\":1,\"name\":\"Home\",\"item\":\"https:\/\/www.miomiorun.com\/de\/\"},{\"@type\":\"ListItem\",\"position\":2,\"name\":\"Shop\",\"item\":\"https:\/\/www.miomiorun.com\/shop\/\"},{\"@type\":\"ListItem\",\"position\":3,\"name\":\"Adizero Boston 12 damen\"}]},{\"@type\":\"WebSite\",\"@id\":\"https:\/\/www.miomiorun.com\/de\/#website\",\"url\":\"https:\/\/www.miomiorun.com\/de\/\",\"name\":\"MioMioRun\",\"description\":\"100% Lauf- und Trailshop\",\"publisher\":{\"@id\":\"https:\/\/www.miomiorun.com\/de\/#organization\"},\"potentialAction\":[{\"@type\":\"SearchAction\",\"target\":{\"@type\":\"EntryPoint\",\"urlTemplate\":\"https:\/\/www.miomiorun.com\/de\/?s={search_term_string}\"},\"query-input\":{\"@type\":\"PropertyValueSpecification\",\"valueRequired\":true,\"valueName\":\"search_term_string\"}}],\"inLanguage\":\"de-DE\"},{\"@type\":\"Organization\",\"@id\":\"https:\/\/www.miomiorun.com\/de\/#organization\",\"name\":\"MioMio Run\",\"url\":\"https:\/\/www.miomiorun.com\/de\/\",\"logo\":{\"@type\":\"ImageObject\",\"inLanguage\":\"de-DE\",\"@id\":\"https:\/\/www.miomiorun.com\/de\/#\/schema\/logo\/image\/\",\"url\":\"https:\/\/www.miomiorun.com\/app\/uploads\/2019\/12\/logomio.png\",\"contentUrl\":\"https:\/\/www.miomiorun.com\/app\/uploads\/2019\/12\/logomio.png\",\"width\":115,\"height\":82,\"caption\":\"MioMio Run\"},\"image\":{\"@id\":\"https:\/\/www.miomiorun.com\/de\/#\/schema\/logo\/image\/\"},\"sameAs\":[\"https:\/\/www.facebook.com\/miomiorun\/\",\"https:\/\/www.instagram.com\/miomiorun\/\"]}]}<\/script>\n<!-- \/ Yoast SEO plugin. -->","yoast_head_json":{"title":"Adidas Adizero Boston 12 damen - Laufschuhe - MioMioRun","description":"Die adizero Boston 12 Schuhe in der Damenversion sind f\u00fcr das Laufen \u00fcber mittlere und lange Distanzen konzipiert. Dank der ENERGYRODS 2.0-Technologie","robots":{"index":"index","follow":"follow","max-snippet":"max-snippet:-1","max-image-preview":"max-image-preview:large","max-video-preview":"max-video-preview:-1"},"canonical":"https:\/\/www.miomiorun.com\/de\/produkt\/adizero-boston-12-damen\/","og_locale":"de_DE","og_type":"article","og_title":"Adidas Adizero Boston 12 damen - Laufschuhe - MioMioRun","og_description":"Die adizero Boston 12 Schuhe in der Damenversion sind f\u00fcr das Laufen \u00fcber mittlere und lange Distanzen konzipiert. Dank der ENERGYRODS 2.0-Technologie","og_url":"https:\/\/www.miomiorun.com\/de\/produkt\/adizero-boston-12-damen\/","og_site_name":"MioMioRun","article_publisher":"https:\/\/www.facebook.com\/miomiorun\/","article_modified_time":"2025-10-29T17:36:44+00:00","og_image":[{"width":600,"height":600,"url":"https:\/\/www.miomiorun.com\/app\/uploads\/2025\/03\/adidas-Adizero-Boston-12-W-grefiv-cryjad-lucpnk-JI4481.webp","type":"image\/webp"}],"twitter_card":"summary_large_image","twitter_misc":{"Est. reading time":"2 minutes"},"schema":{"@context":"https:\/\/schema.org","@graph":[{"@type":"WebPage","@id":"https:\/\/www.miomiorun.com\/de\/produkt\/adizero-boston-12-damen\/","url":"https:\/\/www.miomiorun.com\/de\/produkt\/adizero-boston-12-damen\/","name":"Adidas Adizero Boston 12 damen - Laufschuhe - MioMioRun","isPartOf":{"@id":"https:\/\/www.miomiorun.com\/de\/#website"},"primaryImageOfPage":{"@id":"https:\/\/www.miomiorun.com\/de\/produkt\/adizero-boston-12-damen\/#primaryimage"},"image":{"@id":"https:\/\/www.miomiorun.com\/de\/produkt\/adizero-boston-12-damen\/#primaryimage"},"thumbnailUrl":"https:\/\/www.miomiorun.com\/app\/uploads\/2025\/03\/adidas-Adizero-Boston-12-W-grefiv-cryjad-lucpnk-JI4481.webp","datePublished":"2024-09-26T09:43:58+00:00","dateModified":"2025-10-29T17:36:44+00:00","description":"Die adizero Boston 12 Schuhe in der Damenversion sind f\u00fcr das Laufen \u00fcber mittlere und lange Distanzen konzipiert. Dank der ENERGYRODS 2.0-Technologie","breadcrumb":{"@id":"https:\/\/www.miomiorun.com\/de\/produkt\/adizero-boston-12-damen\/#breadcrumb"},"inLanguage":"de-DE","potentialAction":[{"@type":"ReadAction","target":["https:\/\/www.miomiorun.com\/de\/produkt\/adizero-boston-12-damen\/"]}]},{"@type":"ImageObject","inLanguage":"de-DE","@id":"https:\/\/www.miomiorun.com\/de\/produkt\/adizero-boston-12-damen\/#primaryimage","url":"https:\/\/www.miomiorun.com\/app\/uploads\/2025\/03\/adidas-Adizero-Boston-12-W-grefiv-cryjad-lucpnk-JI4481.webp","contentUrl":"https:\/\/www.miomiorun.com\/app\/uploads\/2025\/03\/adidas-Adizero-Boston-12-W-grefiv-cryjad-lucpnk-JI4481.webp","width":600,"height":600,"caption":"adidas Adizero Boston 12 W grefiv cryjad lucpnk JI4481"},{"@type":"BreadcrumbList","@id":"https:\/\/www.miomiorun.com\/de\/produkt\/adizero-boston-12-damen\/#breadcrumb","itemListElement":[{"@type":"ListItem","position":1,"name":"Home","item":"https:\/\/www.miomiorun.com\/de\/"},{"@type":"ListItem","position":2,"name":"Shop","item":"https:\/\/www.miomiorun.com\/shop\/"},{"@type":"ListItem","position":3,"name":"Adizero Boston 12 damen"}]},{"@type":"WebSite","@id":"https:\/\/www.miomiorun.com\/de\/#website","url":"https:\/\/www.miomiorun.com\/de\/","name":"MioMioRun","description":"100% Lauf- und Trailshop","publisher":{"@id":"https:\/\/www.miomiorun.com\/de\/#organization"},"potentialAction":[{"@type":"SearchAction","target":{"@type":"EntryPoint","urlTemplate":"https:\/\/www.miomiorun.com\/de\/?s={search_term_string}"},"query-input":{"@type":"PropertyValueSpecification","valueRequired":true,"valueName":"search_term_string"}}],"inLanguage":"de-DE"},{"@type":"Organization","@id":"https:\/\/www.miomiorun.com\/de\/#organization","name":"MioMio Run","url":"https:\/\/www.miomiorun.com\/de\/","logo":{"@type":"ImageObject","inLanguage":"de-DE","@id":"https:\/\/www.miomiorun.com\/de\/#\/schema\/logo\/image\/","url":"https:\/\/www.miomiorun.com\/app\/uploads\/2019\/12\/logomio.png","contentUrl":"https:\/\/www.miomiorun.com\/app\/uploads\/2019\/12\/logomio.png","width":115,"height":82,"caption":"MioMio Run"},"image":{"@id":"https:\/\/www.miomiorun.com\/de\/#\/schema\/logo\/image\/"},"sameAs":["https:\/\/www.facebook.com\/miomiorun\/","https:\/\/www.instagram.com\/miomiorun\/"]}]}},"_links":{"self":[{"href":"https:\/\/www.miomiorun.com\/de\/wp-json\/wp\/v2\/product\/203544","targetHints":{"allow":["GET"]}}],"collection":[{"href":"https:\/\/www.miomiorun.com\/de\/wp-json\/wp\/v2\/product"}],"about":[{"href":"https:\/\/www.miomiorun.com\/de\/wp-json\/wp\/v2\/types\/product"}],"wp:featuredmedia":[{"embeddable":true,"href":"https:\/\/www.miomiorun.com\/de\/wp-json\/wp\/v2\/media\/264834"}],"wp:attachment":[{"href":"https:\/\/www.miomiorun.com\/de\/wp-json\/wp\/v2\/media?parent=203544"}],"wp:term":[{"taxonomy":"product_brand","embeddable":true,"href":"https:\/\/www.miomiorun.com\/de\/wp-json\/wp\/v2\/product_brand?post=203544"},{"taxonomy":"product_cat","embeddable":true,"href":"https:\/\/www.miomiorun.com\/de\/wp-json\/wp\/v2\/product_cat?post=203544"},{"taxonomy":"product_tag","embeddable":true,"href":"https:\/\/www.miomiorun.com\/de\/wp-json\/wp\/v2\/product_tag?post=203544"}],"curies":[{"name":"wp","href":"https:\/\/api.w.org\/{rel}","templated":true}]}}