{"id":202167,"date":"2024-09-19T14:35:42","date_gmt":"2024-09-19T12:35:42","guid":{"rendered":"https:\/\/miomiorun.com\/?post_type=product&#038;p=202167"},"modified":"2026-05-08T22:15:00","modified_gmt":"2026-05-08T20:15:00","slug":"speedgoat-6-gtx-damen","status":"publish","type":"product","link":"https:\/\/www.miomiorun.com\/de\/produkt\/speedgoat-6-gtx-damen\/","title":{"rendered":"Speedgoat 6 GTX damen"},"content":{"rendered":"<div class=\"vc-row container\"><div class=\"vc-column\"><div class=\"vc-column-text\"><\/p>\n<p><strong>Technische Daten<\/strong><\/p>\n<p>Kategorie: Top-D\u00e4mpfung<br \/>\nVersatz: 5 mm<br \/>\nGewicht: 256 g<br \/>\nIdeal f\u00fcr: Trailrunner und Bergwanderer, die ein leichtes, gut ged\u00e4mpftes und sch\u00fctzendes Modell suchen, das auch auf langen Strecken maximalen Komfort bietet und den Fu\u00df dank der Gore-Tex-Membran vor Witterungseinfl\u00fcssen sch\u00fctzt.<br \/>\nGewicht des Athleten: 50-70 kg<br \/>\nLauftempo: mittelschnell (4.30-6.00 min\/km)<br \/>\n<a href=\"https:\/\/miomiorun.com\/de\/leitfaden-fuer-technische-spezifikationen\/\">Spezifikationen<\/a><\/p>\n<p><\/div><\/div><div class=\"vc-column\"><div class=\"vc-column-text\"><strong>Schuhe, die f\u00fcr schlechtes Wetter und nasse Bedingungen entwickelt wurden.<\/strong><\/p>\n<p>Der <strong>Speedgoat 6 GORE-TEX<\/strong> f\u00fcr Damen ist jetzt noch komfortabler dank der wasserdichten GORE-TEX Invisible Fit Membran, die eine flexiblere und leichtere Konstruktion erm\u00f6glicht und Druckstellen vermeidet. Diese Trail-Ikone ruht auf der Vibram\u00ae Megagrip-Sohle mit Traction Lug f\u00fcr besseren Grip auf losem Untergrund und verf\u00fcgt \u00fcber eine Fersenverst\u00e4rkung, die den Fu\u00df umschlie\u00dft, eine leichte und reaktionsfreudige Zwischensohlenmischung und eine sch\u00fctzende Verst\u00e4rkung im Zehenbereich, um auch den h\u00e4rtesten Untergrund zu meistern. Schlechtes Wetter ist kein Problem mehr!<\/p>\n<p><strong>ANGEPASST AN<\/strong><\/p>\n<ul>\n<li>Pfade.<\/li>\n<li>Wandern.<\/li>\n<\/ul>\n<p><strong>MERKMALE:<\/strong><\/p>\n<ul class=\"features-container\">\n<li class=\"feature-item\">Recyceltes Polyestergewebe (100%)<\/li>\n<li class=\"feature-item\">Wasserdichtes GORE-TEX Invisible Fit mit Obermaterial aus recyceltem Polyester (70%)<\/li>\n<li class=\"feature-item\">Verst\u00e4rkter Fersenkragen<\/li>\n<li class=\"feature-item\">Sch\u00fctzende Zehenverst\u00e4rkung<\/li>\n<li class=\"feature-item\">Kompressionsgeformte EVA-Zwischensohle<\/li>\n<li class=\"feature-item\">Vibram\u00ae Megagrip-Sohle mit Traction Lug<\/li>\n<li class=\"feature-item\">5 mm Carrarmato<\/li>\n<li class=\"feature-item\">MetaRocker\u2122 Fl\u00fcssigkeit<\/li>\n<li class=\"feature-item\">EVA-geformte Einlegesohle<\/li>\n<li class=\"feature-item\">Veganes Modell<\/li>\n<li class=\"feature-item\">Schn\u00fcrsenkel aus recyceltem Nylon (70%) und recyceltem Polyester (30%), ohne Nadelspitze<\/li>\n<\/ul>\n<div class=\"description-whatsnew\">\n<p><strong>Was ist neu?<\/strong><\/p>\n<p>Die wasserdichte GORE-TEX Invisible Fit Membran sorgt f\u00fcr eine elastischere und flexiblere Passform und stets trockene F\u00fc\u00dfe.<\/p>\n<h2>Stabilit\u00e4t<\/h2>\n<p>Der Speedgoat 6 GTX verf\u00fcgt \u00fcber ein symmetrisches, gepolstertes Bett ohne zus\u00e4tzliche orthop\u00e4dische Technologie. Entwickelt, um Ihnen die Unterst\u00fctzung zu geben, die Sie brauchen, ohne \u00fcberfl\u00fcssige Funktionen.<\/p>\n<h2>D\u00e4mpfung<\/h2>\n<p>Der Speedgoat 6 GTX wurde entwickelt, um eine sch\u00fctzende D\u00e4mpfung zu bieten und gleichzeitig einen reaktionsfreudigen Vorsto\u00df zu gew\u00e4hrleisten, wenn Sie die Geschwindigkeit erh\u00f6hen wollen.<\/p>\n<\/div>\n<p><\/div><\/div><\/div>\n","protected":false},"excerpt":{"rendered":"<ul>\n<li>Idealer Schuh f\u00fcr Trails und Wanderungen.<\/li>\n<li>Vibram\u00ae Megagrip-Sohle mit Traction Lug.<\/li>\n<li>Ideal f\u00fcr technische Trails.<\/li>\n<li>Wasserdichtes Gore-Tex-Obermaterial.<\/li>\n<\/ul>\n","protected":false},"featured_media":202606,"template":"","meta":{"_acf_changed":false,"inline_featured_image":false},"product_brand":[],"product_cat":[6474,6491],"product_tag":[3373,6228],"class_list":{"0":"post-202167","1":"product","2":"type-product","3":"status-publish","4":"has-post-thumbnail","6":"product_cat-damenschuhe","7":"product_cat-damentrailschuhe","8":"product_tag-hoka-one-one-de","9":"product_tag-hoka-one-one-damen-de","10":"pa_attivita-outdoor-de","11":"pa_attivita-trail-de","12":"pa_colore-speedgoat-6-gtx-w-jade-ash-grey-de","13":"pa_colore-speedgoat-6-gtx-w-midnight-blue-alpine-b-de","14":"pa_marca-hoka-de","15":"pa_sesso-damen","16":"pa_size-38-de","17":"pa_size-40-de","20":"first","21":"instock","22":"sale","23":"taxable","24":"shipping-taxable","25":"purchasable","26":"product-type-variable","27":"wvs-archive-product-wrapper"},"acf":[],"yoast_head":"<!-- This site is optimized with the Yoast SEO plugin v26.8 - https:\/\/yoast.com\/product\/yoast-seo-wordpress\/ -->\n<title>Hoka Speedgoat 6 GTX damen - Damen-Trail-Schuhe - MioMioRun.com<\/title>\n<meta name=\"description\" content=\"Der Women&#039;s Speedgoat 6 GORE-TEX ist jetzt noch komfortabler dank der wasserdichten GORE-TEX Invisible Fit Membran f\u00fcr trockene F\u00fc\u00dfe\" \/>\n<meta name=\"robots\" content=\"index, follow, max-snippet:-1, max-image-preview:large, max-video-preview:-1\" \/>\n<link rel=\"canonical\" href=\"https:\/\/www.miomiorun.com\/de\/produkt\/speedgoat-6-gtx-damen\/\" \/>\n<meta property=\"og:locale\" content=\"de_DE\" \/>\n<meta property=\"og:type\" content=\"article\" \/>\n<meta property=\"og:title\" content=\"Hoka Speedgoat 6 GTX damen - Damen-Trail-Schuhe - MioMioRun.com\" \/>\n<meta property=\"og:description\" content=\"Der Women&#039;s Speedgoat 6 GORE-TEX ist jetzt noch komfortabler dank der wasserdichten GORE-TEX Invisible Fit Membran f\u00fcr trockene F\u00fc\u00dfe\" \/>\n<meta property=\"og:url\" content=\"https:\/\/www.miomiorun.com\/de\/produkt\/speedgoat-6-gtx-damen\/\" \/>\n<meta property=\"og:site_name\" content=\"MioMioRun\" \/>\n<meta property=\"article:publisher\" content=\"https:\/\/www.facebook.com\/miomiorun\/\" \/>\n<meta property=\"article:modified_time\" content=\"2026-05-08T20:15:00+00:00\" \/>\n<meta property=\"og:image\" content=\"https:\/\/www.miomiorun.com\/app\/uploads\/2024\/09\/Hoka-Speedgoat-6-GTX-W-cosmic-grey-asteroid-1155151-CSMCG.webp\" \/>\n\t<meta property=\"og:image:width\" content=\"600\" \/>\n\t<meta property=\"og:image:height\" content=\"600\" \/>\n\t<meta property=\"og:image:type\" content=\"image\/webp\" \/>\n<meta name=\"twitter:card\" content=\"summary_large_image\" \/>\n<meta name=\"twitter:label1\" content=\"Est. reading time\" \/>\n\t<meta name=\"twitter:data1\" content=\"2 minutes\" \/>\n<script type=\"application\/ld+json\" class=\"yoast-schema-graph\">{\"@context\":\"https:\/\/schema.org\",\"@graph\":[{\"@type\":\"WebPage\",\"@id\":\"https:\/\/www.miomiorun.com\/de\/produkt\/speedgoat-6-gtx-damen\/\",\"url\":\"https:\/\/www.miomiorun.com\/de\/produkt\/speedgoat-6-gtx-damen\/\",\"name\":\"Hoka Speedgoat 6 GTX damen - Damen-Trail-Schuhe - MioMioRun.com\",\"isPartOf\":{\"@id\":\"https:\/\/www.miomiorun.com\/de\/#website\"},\"primaryImageOfPage\":{\"@id\":\"https:\/\/www.miomiorun.com\/de\/produkt\/speedgoat-6-gtx-damen\/#primaryimage\"},\"image\":{\"@id\":\"https:\/\/www.miomiorun.com\/de\/produkt\/speedgoat-6-gtx-damen\/#primaryimage\"},\"thumbnailUrl\":\"https:\/\/www.miomiorun.com\/app\/uploads\/2024\/09\/Hoka-Speedgoat-6-GTX-W-cosmic-grey-asteroid-1155151-CSMCG.webp\",\"datePublished\":\"2024-09-19T12:35:42+00:00\",\"dateModified\":\"2026-05-08T20:15:00+00:00\",\"description\":\"Der Women's Speedgoat 6 GORE-TEX ist jetzt noch komfortabler dank der wasserdichten GORE-TEX Invisible Fit Membran f\u00fcr trockene F\u00fc\u00dfe\",\"breadcrumb\":{\"@id\":\"https:\/\/www.miomiorun.com\/de\/produkt\/speedgoat-6-gtx-damen\/#breadcrumb\"},\"inLanguage\":\"de-DE\",\"potentialAction\":[{\"@type\":\"ReadAction\",\"target\":[\"https:\/\/www.miomiorun.com\/de\/produkt\/speedgoat-6-gtx-damen\/\"]}]},{\"@type\":\"ImageObject\",\"inLanguage\":\"de-DE\",\"@id\":\"https:\/\/www.miomiorun.com\/de\/produkt\/speedgoat-6-gtx-damen\/#primaryimage\",\"url\":\"https:\/\/www.miomiorun.com\/app\/uploads\/2024\/09\/Hoka-Speedgoat-6-GTX-W-cosmic-grey-asteroid-1155151-CSMCG.webp\",\"contentUrl\":\"https:\/\/www.miomiorun.com\/app\/uploads\/2024\/09\/Hoka-Speedgoat-6-GTX-W-cosmic-grey-asteroid-1155151-CSMCG.webp\",\"width\":600,\"height\":600,\"caption\":\"Hoka Speedgoat 6 GTX W cosmic grey asteroid 1155151 CSMCG\"},{\"@type\":\"BreadcrumbList\",\"@id\":\"https:\/\/www.miomiorun.com\/de\/produkt\/speedgoat-6-gtx-damen\/#breadcrumb\",\"itemListElement\":[{\"@type\":\"ListItem\",\"position\":1,\"name\":\"Home\",\"item\":\"https:\/\/www.miomiorun.com\/de\/\"},{\"@type\":\"ListItem\",\"position\":2,\"name\":\"Shop\",\"item\":\"https:\/\/www.miomiorun.com\/shop\/\"},{\"@type\":\"ListItem\",\"position\":3,\"name\":\"Speedgoat 6 GTX damen\"}]},{\"@type\":\"WebSite\",\"@id\":\"https:\/\/www.miomiorun.com\/de\/#website\",\"url\":\"https:\/\/www.miomiorun.com\/de\/\",\"name\":\"MioMioRun\",\"description\":\"100% Lauf- und Trailshop\",\"publisher\":{\"@id\":\"https:\/\/www.miomiorun.com\/de\/#organization\"},\"potentialAction\":[{\"@type\":\"SearchAction\",\"target\":{\"@type\":\"EntryPoint\",\"urlTemplate\":\"https:\/\/www.miomiorun.com\/de\/?s={search_term_string}\"},\"query-input\":{\"@type\":\"PropertyValueSpecification\",\"valueRequired\":true,\"valueName\":\"search_term_string\"}}],\"inLanguage\":\"de-DE\"},{\"@type\":\"Organization\",\"@id\":\"https:\/\/www.miomiorun.com\/de\/#organization\",\"name\":\"MioMio Run\",\"url\":\"https:\/\/www.miomiorun.com\/de\/\",\"logo\":{\"@type\":\"ImageObject\",\"inLanguage\":\"de-DE\",\"@id\":\"https:\/\/www.miomiorun.com\/de\/#\/schema\/logo\/image\/\",\"url\":\"https:\/\/www.miomiorun.com\/app\/uploads\/2019\/12\/logomio.png\",\"contentUrl\":\"https:\/\/www.miomiorun.com\/app\/uploads\/2019\/12\/logomio.png\",\"width\":115,\"height\":82,\"caption\":\"MioMio Run\"},\"image\":{\"@id\":\"https:\/\/www.miomiorun.com\/de\/#\/schema\/logo\/image\/\"},\"sameAs\":[\"https:\/\/www.facebook.com\/miomiorun\/\",\"https:\/\/www.instagram.com\/miomiorun\/\"]}]}<\/script>\n<!-- \/ Yoast SEO plugin. -->","yoast_head_json":{"title":"Hoka Speedgoat 6 GTX damen - Damen-Trail-Schuhe - MioMioRun.com","description":"Der Women's Speedgoat 6 GORE-TEX ist jetzt noch komfortabler dank der wasserdichten GORE-TEX Invisible Fit Membran f\u00fcr trockene F\u00fc\u00dfe","robots":{"index":"index","follow":"follow","max-snippet":"max-snippet:-1","max-image-preview":"max-image-preview:large","max-video-preview":"max-video-preview:-1"},"canonical":"https:\/\/www.miomiorun.com\/de\/produkt\/speedgoat-6-gtx-damen\/","og_locale":"de_DE","og_type":"article","og_title":"Hoka Speedgoat 6 GTX damen - Damen-Trail-Schuhe - MioMioRun.com","og_description":"Der Women's Speedgoat 6 GORE-TEX ist jetzt noch komfortabler dank der wasserdichten GORE-TEX Invisible Fit Membran f\u00fcr trockene F\u00fc\u00dfe","og_url":"https:\/\/www.miomiorun.com\/de\/produkt\/speedgoat-6-gtx-damen\/","og_site_name":"MioMioRun","article_publisher":"https:\/\/www.facebook.com\/miomiorun\/","article_modified_time":"2026-05-08T20:15:00+00:00","og_image":[{"width":600,"height":600,"url":"https:\/\/www.miomiorun.com\/app\/uploads\/2024\/09\/Hoka-Speedgoat-6-GTX-W-cosmic-grey-asteroid-1155151-CSMCG.webp","type":"image\/webp"}],"twitter_card":"summary_large_image","twitter_misc":{"Est. reading time":"2 minutes"},"schema":{"@context":"https:\/\/schema.org","@graph":[{"@type":"WebPage","@id":"https:\/\/www.miomiorun.com\/de\/produkt\/speedgoat-6-gtx-damen\/","url":"https:\/\/www.miomiorun.com\/de\/produkt\/speedgoat-6-gtx-damen\/","name":"Hoka Speedgoat 6 GTX damen - Damen-Trail-Schuhe - MioMioRun.com","isPartOf":{"@id":"https:\/\/www.miomiorun.com\/de\/#website"},"primaryImageOfPage":{"@id":"https:\/\/www.miomiorun.com\/de\/produkt\/speedgoat-6-gtx-damen\/#primaryimage"},"image":{"@id":"https:\/\/www.miomiorun.com\/de\/produkt\/speedgoat-6-gtx-damen\/#primaryimage"},"thumbnailUrl":"https:\/\/www.miomiorun.com\/app\/uploads\/2024\/09\/Hoka-Speedgoat-6-GTX-W-cosmic-grey-asteroid-1155151-CSMCG.webp","datePublished":"2024-09-19T12:35:42+00:00","dateModified":"2026-05-08T20:15:00+00:00","description":"Der Women's Speedgoat 6 GORE-TEX ist jetzt noch komfortabler dank der wasserdichten GORE-TEX Invisible Fit Membran f\u00fcr trockene F\u00fc\u00dfe","breadcrumb":{"@id":"https:\/\/www.miomiorun.com\/de\/produkt\/speedgoat-6-gtx-damen\/#breadcrumb"},"inLanguage":"de-DE","potentialAction":[{"@type":"ReadAction","target":["https:\/\/www.miomiorun.com\/de\/produkt\/speedgoat-6-gtx-damen\/"]}]},{"@type":"ImageObject","inLanguage":"de-DE","@id":"https:\/\/www.miomiorun.com\/de\/produkt\/speedgoat-6-gtx-damen\/#primaryimage","url":"https:\/\/www.miomiorun.com\/app\/uploads\/2024\/09\/Hoka-Speedgoat-6-GTX-W-cosmic-grey-asteroid-1155151-CSMCG.webp","contentUrl":"https:\/\/www.miomiorun.com\/app\/uploads\/2024\/09\/Hoka-Speedgoat-6-GTX-W-cosmic-grey-asteroid-1155151-CSMCG.webp","width":600,"height":600,"caption":"Hoka Speedgoat 6 GTX W cosmic grey asteroid 1155151 CSMCG"},{"@type":"BreadcrumbList","@id":"https:\/\/www.miomiorun.com\/de\/produkt\/speedgoat-6-gtx-damen\/#breadcrumb","itemListElement":[{"@type":"ListItem","position":1,"name":"Home","item":"https:\/\/www.miomiorun.com\/de\/"},{"@type":"ListItem","position":2,"name":"Shop","item":"https:\/\/www.miomiorun.com\/shop\/"},{"@type":"ListItem","position":3,"name":"Speedgoat 6 GTX damen"}]},{"@type":"WebSite","@id":"https:\/\/www.miomiorun.com\/de\/#website","url":"https:\/\/www.miomiorun.com\/de\/","name":"MioMioRun","description":"100% Lauf- und Trailshop","publisher":{"@id":"https:\/\/www.miomiorun.com\/de\/#organization"},"potentialAction":[{"@type":"SearchAction","target":{"@type":"EntryPoint","urlTemplate":"https:\/\/www.miomiorun.com\/de\/?s={search_term_string}"},"query-input":{"@type":"PropertyValueSpecification","valueRequired":true,"valueName":"search_term_string"}}],"inLanguage":"de-DE"},{"@type":"Organization","@id":"https:\/\/www.miomiorun.com\/de\/#organization","name":"MioMio Run","url":"https:\/\/www.miomiorun.com\/de\/","logo":{"@type":"ImageObject","inLanguage":"de-DE","@id":"https:\/\/www.miomiorun.com\/de\/#\/schema\/logo\/image\/","url":"https:\/\/www.miomiorun.com\/app\/uploads\/2019\/12\/logomio.png","contentUrl":"https:\/\/www.miomiorun.com\/app\/uploads\/2019\/12\/logomio.png","width":115,"height":82,"caption":"MioMio Run"},"image":{"@id":"https:\/\/www.miomiorun.com\/de\/#\/schema\/logo\/image\/"},"sameAs":["https:\/\/www.facebook.com\/miomiorun\/","https:\/\/www.instagram.com\/miomiorun\/"]}]}},"_links":{"self":[{"href":"https:\/\/www.miomiorun.com\/de\/wp-json\/wp\/v2\/product\/202167","targetHints":{"allow":["GET"]}}],"collection":[{"href":"https:\/\/www.miomiorun.com\/de\/wp-json\/wp\/v2\/product"}],"about":[{"href":"https:\/\/www.miomiorun.com\/de\/wp-json\/wp\/v2\/types\/product"}],"wp:featuredmedia":[{"embeddable":true,"href":"https:\/\/www.miomiorun.com\/de\/wp-json\/wp\/v2\/media\/202606"}],"wp:attachment":[{"href":"https:\/\/www.miomiorun.com\/de\/wp-json\/wp\/v2\/media?parent=202167"}],"wp:term":[{"taxonomy":"product_brand","embeddable":true,"href":"https:\/\/www.miomiorun.com\/de\/wp-json\/wp\/v2\/product_brand?post=202167"},{"taxonomy":"product_cat","embeddable":true,"href":"https:\/\/www.miomiorun.com\/de\/wp-json\/wp\/v2\/product_cat?post=202167"},{"taxonomy":"product_tag","embeddable":true,"href":"https:\/\/www.miomiorun.com\/de\/wp-json\/wp\/v2\/product_tag?post=202167"}],"curies":[{"name":"wp","href":"https:\/\/api.w.org\/{rel}","templated":true}]}}