{"id":201347,"date":"2024-09-18T19:14:32","date_gmt":"2024-09-18T17:14:32","guid":{"rendered":"https:\/\/miomiorun.com\/?post_type=product&#038;p=201347"},"modified":"2025-03-13T11:37:57","modified_gmt":"2025-03-13T10:37:57","slug":"gt-1000-13-gs-kinder","status":"publish","type":"product","link":"https:\/\/www.miomiorun.com\/de\/produkt\/gt-1000-13-gs-kinder\/","title":{"rendered":"GT-1000 13 GS kinder"},"content":{"rendered":"<div class=\"vc-row container\"><div class=\"vc-column\"><div class=\"vc-column-text\"><\/p>\n<h4>Technische Daten<\/h4>\n<p>Kategorie: Strukturierte D\u00e4mpfung<br \/>\nVersatz: 8,5 mm<br \/>\nGewicht: 210 g<br \/>\nIdeal f\u00fcr: Jungen, die einen Schuh mit guter D\u00e4mpfung und Struktur ben\u00f6tigen. Ideal f\u00fcr den Einstieg in die sportliche Bet\u00e4tigung oder f\u00fcr Jungen, die bereits geneigt sind, mittlere bis lange Strecken in Angriff zu nehmen.<br \/>\n<a href=\"https:\/\/miomiorun.com\/de\/leitfaden-fuer-technische-spezifikationen\/\">Spezifikationen guide<\/a><\/p>\n<p><\/div><\/div><div class=\"vc-column\"><div class=\"vc-column-text\">Der GT-1000 13 GS (Grade School) f\u00fcr Kinder ist ein stabiler und vielseitiger Schuh, ideal f\u00fcr die \u00dcberwindung verschiedener Distanzen. Die Unterfu\u00dfd\u00e4mpfung wurde verbessert, um ihn bequemer und dynamischer zu machen.<\/p>\n<p>Die speziell f\u00fcr j\u00fcngere Kinder entwickelte Gr\u00f6\u00dfeneinstellung und Einlegesohle passen sich den wachsenden F\u00fc\u00dfen an. Die Wraparound-Au\u00dfensohle im mittleren Vorfu\u00dfbereich und die Zehennaht aus Gummi sorgen f\u00fcr mehr Robustheit des Schuhs.<\/p>\n<p>Schlie\u00dflich sorgt die GEL-Technologie den ganzen Tag \u00fcber f\u00fcr eine komfortable D\u00e4mpfung.<\/p>\n<h3>Technologie und Eigenschaften<\/h3>\n<div class=\"product-features-section\">\n<ul>\n<li class=\"small-reg\">\n<div class=\"small-bold\"><strong>Atmungsaktives Mesh-Obermaterial<\/strong><\/div>\n<p>Sorgt f\u00fcr effektiven und komfortablen Halt<\/li>\n<li class=\"small-reg\">\n<div class=\"small-bold\"><strong>Mindestens 20 % des Obermaterials werden aus recycelten Rohstoffen hergestellt, um Abfall und Kohlenstoffemissionen zu reduzieren.<\/strong><\/div>\n<p>Die Einlegesohle wird mit einem Pastenf\u00e4rbeverfahren hergestellt, das den Wasserverbrauch um ca. 33 % und die Kohlenstoffemissionen um ca. 45 % im Vergleich zu herk\u00f6mmlichen F\u00e4rbetechnologien reduziert<\/li>\n<li class=\"small-reg\">\n<div class=\"small-bold\"><strong>GEL-Technologie an der Ferse<\/strong><\/div>\n<p>Verbessert die Sto\u00dfd\u00e4mpfung<\/li>\n<\/ul>\n<\/div>\n<p><\/div><\/div><\/div>\n","protected":false},"excerpt":{"rendered":"<ul>\n<li>Laufschuh f\u00fcr junge Sportler.<\/li>\n<li>Gepolstert und bequem f\u00fcr verschiedene Distanzen.<\/li>\n<\/ul>\n","protected":false},"featured_media":202945,"template":"","meta":{"_acf_changed":false,"inline_featured_image":false},"product_brand":[],"product_cat":[19446,6399],"product_tag":[3404,20504,20506],"class_list":{"0":"post-201347","1":"product","2":"type-product","3":"status-publish","4":"has-post-thumbnail","6":"product_cat-kinderschuhe","7":"product_cat-kind-de","8":"product_tag-asics-de","9":"product_tag-asics-kind","10":"product_tag-asics-madchen","11":"pa_attivita-fitness-de","12":"pa_attivita-gehen","13":"pa_attivita-lifestyle-de","14":"pa_attivita-running-de","15":"pa_colore-gt-1000-13-gs-dusty-mauve-white-de","16":"pa_marca-asics-de","17":"pa_sesso-herren","18":"pa_size-32-5-de","19":"pa_size-33-de","20":"pa_size-33-5-de","21":"pa_size-35-5-de","22":"pa_size-37-de","24":"first","25":"instock","26":"sale","27":"taxable","28":"shipping-taxable","29":"purchasable","30":"product-type-variable","31":"wvs-archive-product-wrapper"},"acf":[],"yoast_head":"<!-- This site is optimized with the Yoast SEO plugin v26.8 - https:\/\/yoast.com\/product\/yoast-seo-wordpress\/ -->\n<title>AsicsGT-1000 13 GS kinder - Kinderlaufschuhe - MioMioRun<\/title>\n<meta name=\"description\" content=\"GT-1000 13 GS (Grade School) f\u00fcr Kinder ist ein stabiler und vielseitiger Schuh, ideal f\u00fcr verschiedene Distanzen. Weitere Informationen finden Sie unter\" \/>\n<meta name=\"robots\" content=\"index, follow, max-snippet:-1, max-image-preview:large, max-video-preview:-1\" \/>\n<link rel=\"canonical\" href=\"https:\/\/www.miomiorun.com\/de\/produkt\/gt-1000-13-gs-kinder\/\" \/>\n<meta property=\"og:locale\" content=\"de_DE\" \/>\n<meta property=\"og:type\" content=\"article\" \/>\n<meta property=\"og:title\" content=\"AsicsGT-1000 13 GS kinder - Kinderlaufschuhe - MioMioRun\" \/>\n<meta property=\"og:description\" content=\"GT-1000 13 GS (Grade School) f\u00fcr Kinder ist ein stabiler und vielseitiger Schuh, ideal f\u00fcr verschiedene Distanzen. Weitere Informationen finden Sie unter\" \/>\n<meta property=\"og:url\" content=\"https:\/\/www.miomiorun.com\/de\/produkt\/gt-1000-13-gs-kinder\/\" \/>\n<meta property=\"og:site_name\" content=\"MioMioRun\" \/>\n<meta property=\"article:publisher\" content=\"https:\/\/www.facebook.com\/miomiorun\/\" \/>\n<meta property=\"article:modified_time\" content=\"2025-03-13T10:37:57+00:00\" \/>\n<meta property=\"og:image\" content=\"https:\/\/www.miomiorun.com\/app\/uploads\/2024\/09\/asics-GT-1000-13-GS-Black-Digital-Aqua-1014A343-001.webp\" \/>\n\t<meta property=\"og:image:width\" content=\"600\" \/>\n\t<meta property=\"og:image:height\" content=\"600\" \/>\n\t<meta property=\"og:image:type\" content=\"image\/webp\" \/>\n<meta name=\"twitter:card\" content=\"summary_large_image\" \/>\n<meta name=\"twitter:label1\" content=\"Est. reading time\" \/>\n\t<meta name=\"twitter:data1\" content=\"1 minute\" \/>\n<script type=\"application\/ld+json\" class=\"yoast-schema-graph\">{\"@context\":\"https:\/\/schema.org\",\"@graph\":[{\"@type\":\"WebPage\",\"@id\":\"https:\/\/www.miomiorun.com\/de\/produkt\/gt-1000-13-gs-kinder\/\",\"url\":\"https:\/\/www.miomiorun.com\/de\/produkt\/gt-1000-13-gs-kinder\/\",\"name\":\"AsicsGT-1000 13 GS kinder - Kinderlaufschuhe - MioMioRun\",\"isPartOf\":{\"@id\":\"https:\/\/www.miomiorun.com\/de\/#website\"},\"primaryImageOfPage\":{\"@id\":\"https:\/\/www.miomiorun.com\/de\/produkt\/gt-1000-13-gs-kinder\/#primaryimage\"},\"image\":{\"@id\":\"https:\/\/www.miomiorun.com\/de\/produkt\/gt-1000-13-gs-kinder\/#primaryimage\"},\"thumbnailUrl\":\"https:\/\/www.miomiorun.com\/app\/uploads\/2024\/09\/asics-GT-1000-13-GS-Black-Digital-Aqua-1014A343-001.webp\",\"datePublished\":\"2024-09-18T17:14:32+00:00\",\"dateModified\":\"2025-03-13T10:37:57+00:00\",\"description\":\"GT-1000 13 GS (Grade School) f\u00fcr Kinder ist ein stabiler und vielseitiger Schuh, ideal f\u00fcr verschiedene Distanzen. Weitere Informationen finden Sie unter\",\"breadcrumb\":{\"@id\":\"https:\/\/www.miomiorun.com\/de\/produkt\/gt-1000-13-gs-kinder\/#breadcrumb\"},\"inLanguage\":\"de-DE\",\"potentialAction\":[{\"@type\":\"ReadAction\",\"target\":[\"https:\/\/www.miomiorun.com\/de\/produkt\/gt-1000-13-gs-kinder\/\"]}]},{\"@type\":\"ImageObject\",\"inLanguage\":\"de-DE\",\"@id\":\"https:\/\/www.miomiorun.com\/de\/produkt\/gt-1000-13-gs-kinder\/#primaryimage\",\"url\":\"https:\/\/www.miomiorun.com\/app\/uploads\/2024\/09\/asics-GT-1000-13-GS-Black-Digital-Aqua-1014A343-001.webp\",\"contentUrl\":\"https:\/\/www.miomiorun.com\/app\/uploads\/2024\/09\/asics-GT-1000-13-GS-Black-Digital-Aqua-1014A343-001.webp\",\"width\":600,\"height\":600,\"caption\":\"asics GT-1000 13 GS Black Digital Aqua 1014A343 001\"},{\"@type\":\"BreadcrumbList\",\"@id\":\"https:\/\/www.miomiorun.com\/de\/produkt\/gt-1000-13-gs-kinder\/#breadcrumb\",\"itemListElement\":[{\"@type\":\"ListItem\",\"position\":1,\"name\":\"Home\",\"item\":\"https:\/\/www.miomiorun.com\/de\/\"},{\"@type\":\"ListItem\",\"position\":2,\"name\":\"Shop\",\"item\":\"https:\/\/www.miomiorun.com\/shop\/\"},{\"@type\":\"ListItem\",\"position\":3,\"name\":\"GT-1000 13 GS kinder\"}]},{\"@type\":\"WebSite\",\"@id\":\"https:\/\/www.miomiorun.com\/de\/#website\",\"url\":\"https:\/\/www.miomiorun.com\/de\/\",\"name\":\"MioMioRun\",\"description\":\"100% Lauf- und Trailshop\",\"publisher\":{\"@id\":\"https:\/\/www.miomiorun.com\/de\/#organization\"},\"potentialAction\":[{\"@type\":\"SearchAction\",\"target\":{\"@type\":\"EntryPoint\",\"urlTemplate\":\"https:\/\/www.miomiorun.com\/de\/?s={search_term_string}\"},\"query-input\":{\"@type\":\"PropertyValueSpecification\",\"valueRequired\":true,\"valueName\":\"search_term_string\"}}],\"inLanguage\":\"de-DE\"},{\"@type\":\"Organization\",\"@id\":\"https:\/\/www.miomiorun.com\/de\/#organization\",\"name\":\"MioMio Run\",\"url\":\"https:\/\/www.miomiorun.com\/de\/\",\"logo\":{\"@type\":\"ImageObject\",\"inLanguage\":\"de-DE\",\"@id\":\"https:\/\/www.miomiorun.com\/de\/#\/schema\/logo\/image\/\",\"url\":\"https:\/\/www.miomiorun.com\/app\/uploads\/2019\/12\/logomio.png\",\"contentUrl\":\"https:\/\/www.miomiorun.com\/app\/uploads\/2019\/12\/logomio.png\",\"width\":115,\"height\":82,\"caption\":\"MioMio Run\"},\"image\":{\"@id\":\"https:\/\/www.miomiorun.com\/de\/#\/schema\/logo\/image\/\"},\"sameAs\":[\"https:\/\/www.facebook.com\/miomiorun\/\",\"https:\/\/www.instagram.com\/miomiorun\/\"]}]}<\/script>\n<!-- \/ Yoast SEO plugin. -->","yoast_head_json":{"title":"AsicsGT-1000 13 GS kinder - Kinderlaufschuhe - MioMioRun","description":"GT-1000 13 GS (Grade School) f\u00fcr Kinder ist ein stabiler und vielseitiger Schuh, ideal f\u00fcr verschiedene Distanzen. Weitere Informationen finden Sie unter","robots":{"index":"index","follow":"follow","max-snippet":"max-snippet:-1","max-image-preview":"max-image-preview:large","max-video-preview":"max-video-preview:-1"},"canonical":"https:\/\/www.miomiorun.com\/de\/produkt\/gt-1000-13-gs-kinder\/","og_locale":"de_DE","og_type":"article","og_title":"AsicsGT-1000 13 GS kinder - Kinderlaufschuhe - MioMioRun","og_description":"GT-1000 13 GS (Grade School) f\u00fcr Kinder ist ein stabiler und vielseitiger Schuh, ideal f\u00fcr verschiedene Distanzen. Weitere Informationen finden Sie unter","og_url":"https:\/\/www.miomiorun.com\/de\/produkt\/gt-1000-13-gs-kinder\/","og_site_name":"MioMioRun","article_publisher":"https:\/\/www.facebook.com\/miomiorun\/","article_modified_time":"2025-03-13T10:37:57+00:00","og_image":[{"width":600,"height":600,"url":"https:\/\/www.miomiorun.com\/app\/uploads\/2024\/09\/asics-GT-1000-13-GS-Black-Digital-Aqua-1014A343-001.webp","type":"image\/webp"}],"twitter_card":"summary_large_image","twitter_misc":{"Est. reading time":"1 minute"},"schema":{"@context":"https:\/\/schema.org","@graph":[{"@type":"WebPage","@id":"https:\/\/www.miomiorun.com\/de\/produkt\/gt-1000-13-gs-kinder\/","url":"https:\/\/www.miomiorun.com\/de\/produkt\/gt-1000-13-gs-kinder\/","name":"AsicsGT-1000 13 GS kinder - Kinderlaufschuhe - MioMioRun","isPartOf":{"@id":"https:\/\/www.miomiorun.com\/de\/#website"},"primaryImageOfPage":{"@id":"https:\/\/www.miomiorun.com\/de\/produkt\/gt-1000-13-gs-kinder\/#primaryimage"},"image":{"@id":"https:\/\/www.miomiorun.com\/de\/produkt\/gt-1000-13-gs-kinder\/#primaryimage"},"thumbnailUrl":"https:\/\/www.miomiorun.com\/app\/uploads\/2024\/09\/asics-GT-1000-13-GS-Black-Digital-Aqua-1014A343-001.webp","datePublished":"2024-09-18T17:14:32+00:00","dateModified":"2025-03-13T10:37:57+00:00","description":"GT-1000 13 GS (Grade School) f\u00fcr Kinder ist ein stabiler und vielseitiger Schuh, ideal f\u00fcr verschiedene Distanzen. Weitere Informationen finden Sie unter","breadcrumb":{"@id":"https:\/\/www.miomiorun.com\/de\/produkt\/gt-1000-13-gs-kinder\/#breadcrumb"},"inLanguage":"de-DE","potentialAction":[{"@type":"ReadAction","target":["https:\/\/www.miomiorun.com\/de\/produkt\/gt-1000-13-gs-kinder\/"]}]},{"@type":"ImageObject","inLanguage":"de-DE","@id":"https:\/\/www.miomiorun.com\/de\/produkt\/gt-1000-13-gs-kinder\/#primaryimage","url":"https:\/\/www.miomiorun.com\/app\/uploads\/2024\/09\/asics-GT-1000-13-GS-Black-Digital-Aqua-1014A343-001.webp","contentUrl":"https:\/\/www.miomiorun.com\/app\/uploads\/2024\/09\/asics-GT-1000-13-GS-Black-Digital-Aqua-1014A343-001.webp","width":600,"height":600,"caption":"asics GT-1000 13 GS Black Digital Aqua 1014A343 001"},{"@type":"BreadcrumbList","@id":"https:\/\/www.miomiorun.com\/de\/produkt\/gt-1000-13-gs-kinder\/#breadcrumb","itemListElement":[{"@type":"ListItem","position":1,"name":"Home","item":"https:\/\/www.miomiorun.com\/de\/"},{"@type":"ListItem","position":2,"name":"Shop","item":"https:\/\/www.miomiorun.com\/shop\/"},{"@type":"ListItem","position":3,"name":"GT-1000 13 GS kinder"}]},{"@type":"WebSite","@id":"https:\/\/www.miomiorun.com\/de\/#website","url":"https:\/\/www.miomiorun.com\/de\/","name":"MioMioRun","description":"100% Lauf- und Trailshop","publisher":{"@id":"https:\/\/www.miomiorun.com\/de\/#organization"},"potentialAction":[{"@type":"SearchAction","target":{"@type":"EntryPoint","urlTemplate":"https:\/\/www.miomiorun.com\/de\/?s={search_term_string}"},"query-input":{"@type":"PropertyValueSpecification","valueRequired":true,"valueName":"search_term_string"}}],"inLanguage":"de-DE"},{"@type":"Organization","@id":"https:\/\/www.miomiorun.com\/de\/#organization","name":"MioMio Run","url":"https:\/\/www.miomiorun.com\/de\/","logo":{"@type":"ImageObject","inLanguage":"de-DE","@id":"https:\/\/www.miomiorun.com\/de\/#\/schema\/logo\/image\/","url":"https:\/\/www.miomiorun.com\/app\/uploads\/2019\/12\/logomio.png","contentUrl":"https:\/\/www.miomiorun.com\/app\/uploads\/2019\/12\/logomio.png","width":115,"height":82,"caption":"MioMio Run"},"image":{"@id":"https:\/\/www.miomiorun.com\/de\/#\/schema\/logo\/image\/"},"sameAs":["https:\/\/www.facebook.com\/miomiorun\/","https:\/\/www.instagram.com\/miomiorun\/"]}]}},"_links":{"self":[{"href":"https:\/\/www.miomiorun.com\/de\/wp-json\/wp\/v2\/product\/201347","targetHints":{"allow":["GET"]}}],"collection":[{"href":"https:\/\/www.miomiorun.com\/de\/wp-json\/wp\/v2\/product"}],"about":[{"href":"https:\/\/www.miomiorun.com\/de\/wp-json\/wp\/v2\/types\/product"}],"wp:featuredmedia":[{"embeddable":true,"href":"https:\/\/www.miomiorun.com\/de\/wp-json\/wp\/v2\/media\/202945"}],"wp:attachment":[{"href":"https:\/\/www.miomiorun.com\/de\/wp-json\/wp\/v2\/media?parent=201347"}],"wp:term":[{"taxonomy":"product_brand","embeddable":true,"href":"https:\/\/www.miomiorun.com\/de\/wp-json\/wp\/v2\/product_brand?post=201347"},{"taxonomy":"product_cat","embeddable":true,"href":"https:\/\/www.miomiorun.com\/de\/wp-json\/wp\/v2\/product_cat?post=201347"},{"taxonomy":"product_tag","embeddable":true,"href":"https:\/\/www.miomiorun.com\/de\/wp-json\/wp\/v2\/product_tag?post=201347"}],"curies":[{"name":"wp","href":"https:\/\/api.w.org\/{rel}","templated":true}]}}