{"id":200471,"date":"2024-09-14T11:26:00","date_gmt":"2024-09-14T09:26:00","guid":{"rendered":"https:\/\/miomiorun.com\/?post_type=product&#038;p=200471"},"modified":"2026-05-08T22:08:43","modified_gmt":"2026-05-08T20:08:43","slug":"adizero-essentials-running-long-tight-herren","status":"publish","type":"product","link":"https:\/\/www.miomiorun.com\/de\/produkt\/adizero-essentials-running-long-tight-herren\/","title":{"rendered":"Adizero Essentials Running Long Tight herren"},"content":{"rendered":"<p>Konzentration. Schnelligkeit. Rhythmus. Du bist ein L\u00e4ufer und wei\u00dft, dass jedes Detail z\u00e4hlt, wenn es darum geht, sein Bestes zu geben. Die adizero Essentials Kollektion ist f\u00fcr dich und alle aktiven, leidenschaftlichen L\u00e4ufer, die sich mit jedem Lauf verbessern wollen. Die langen adizero Essentials Laufleggings verf\u00fcgen \u00fcber Netzeins\u00e4tze, die die Luftzirkulation f\u00f6rdern. Rei\u00dfverschl\u00fcsse an den Kn\u00f6cheln erm\u00f6glichen es dir, dich umzuziehen, ohne die Schuhe ausziehen zu m\u00fcssen. Die adidas AEROREADY Technologie h\u00e4lt dich trocken, auch wenn du beschleunigen musst, um deine Ziele zu erreichen. Ein adizero Essentials Kleidungsst\u00fcck, um dein Bestes zu geben. Dieses Produkt enth\u00e4lt mindestens 70 % recycelte Materialien. Durch die Produktion mit recycelten Materialien k\u00f6nnen wir den Abfall, die Nutzung nicht erneuerbarer Quellen und die Umweltauswirkungen der von uns hergestellten Produkte reduzieren.<\/p>\n<h4>Materialien:<\/h4>\n<p>85% rec.Polyester\/15% Elastan<\/p>\n<p>&nbsp;<\/p>\n<div class=\"care-instructions___3scEd\">\n<h4 class=\"care-title___2YJe1 gl-no-margin-bottom\">Waschanleitung<\/h4>\n<ul class=\"\">\n<li class=\"gl-vspace-bpall-small\"><img loading=\"lazy\" decoding=\"async\" src=\"https:\/\/www.adidas.it\/glass\/react\/050cc48\/assets\/img\/washing-instructions\/B1.svg\" alt=\"\" width=\"24\" height=\"24\" \/> Nicht bleichen<\/li>\n<li class=\"gl-vspace-bpall-small\"><img loading=\"lazy\" decoding=\"async\" src=\"https:\/\/www.adidas.it\/glass\/react\/050cc48\/assets\/img\/washing-instructions\/C2.svg\" alt=\"\" width=\"24\" height=\"24\" \/> W\u00e4schetrockner bei niedriger Temperatur verwenden<\/li>\n<li class=\"gl-vspace-bpall-small\"><img loading=\"lazy\" decoding=\"async\" src=\"https:\/\/www.adidas.it\/glass\/react\/050cc48\/assets\/img\/washing-instructions\/E1.svg\" alt=\"\" width=\"24\" height=\"24\" \/> Nicht chemisch reinigen<\/li>\n<li class=\"gl-vspace-bpall-small\"><img loading=\"lazy\" decoding=\"async\" src=\"https:\/\/www.adidas.it\/glass\/react\/050cc48\/assets\/img\/washing-instructions\/D2.svg\" alt=\"\" width=\"24\" height=\"24\" \/> Schonend kalt b\u00fcgeln<\/li>\n<li class=\"gl-vspace-bpall-small\"><img loading=\"lazy\" decoding=\"async\" src=\"https:\/\/www.adidas.it\/glass\/react\/050cc48\/assets\/img\/washing-instructions\/A5.svg\" alt=\"\" width=\"24\" height=\"24\" \/> Maschinenw\u00e4sche mit lauwarmem Wasser<\/li>\n<\/ul>\n<div class=\"extra-instructions___2TR8b\">\n<h4 class=\"care-title___2YJe1 gl-no-margin-bottom\">Informationen zur Produktpflege<\/h4>\n<ul class=\"gl-list gl-vspace-bpall-small\">\n<li class=\"gl-vspace-bpall-small\">Keinen Weichsp\u00fcler verwenden<\/li>\n<li class=\"gl-vspace-bpall-small\">Mit geschlossenen Rei\u00dfverschl\u00fcssen waschen<\/li>\n<li class=\"gl-vspace-bpall-small\">Auf links waschen und b\u00fcgeln<\/li>\n<li class=\"gl-vspace-bpall-small\">Mit \u00e4hnlichen Farben waschen<\/li>\n<\/ul>\n<\/div>\n<\/div>\n","protected":false},"excerpt":{"rendered":"<ul>\n<li>Mesh-Eins\u00e4tze zur F\u00f6rderung der Luftzirkulation und AEROREADY-Technologie, die die Haut trocken h\u00e4lt<\/li>\n<li>Ein adizero Essentials Kleidungsst\u00fcck f\u00fcr optimale Leistung<\/li>\n<\/ul>\n","protected":false},"featured_media":200485,"template":"","meta":{"_acf_changed":false,"inline_featured_image":false},"product_brand":[],"product_cat":[6540,6509],"product_tag":[3403,6307],"class_list":{"0":"post-200471","1":"product","2":"type-product","3":"status-publish","4":"has-post-thumbnail","6":"product_cat-herrenbekleidung","7":"product_cat-lange-hosen","8":"product_tag-adidas-de","9":"product_tag-adidas-herren-de","10":"pa_attivita-fitness-de","11":"pa_attivita-gehen","12":"pa_attivita-running-de","13":"pa_colore-adizero-e-l-tgt-black-m-de","14":"pa_marca-adidas-de","15":"pa_sesso-herren","16":"pa_size-large-de","18":"first","19":"instock","20":"sale","21":"taxable","22":"shipping-taxable","23":"purchasable","24":"product-type-variable","25":"wvs-archive-product-wrapper"},"acf":[],"yoast_head":"<!-- This site is optimized with the Yoast SEO plugin v26.8 - https:\/\/yoast.com\/product\/yoast-seo-wordpress\/ -->\n<title>Adidas Adizero Essentials Running Long Tight herren - Lange Hosen - MioMioRun<\/title>\n<meta name=\"description\" content=\"Die adizero Essentials Long Running Leggings f\u00f6rdern die Luftzirkulation, die AEROREADY Technologie h\u00e4lt die Haut trocken.\" \/>\n<meta name=\"robots\" content=\"index, follow, max-snippet:-1, max-image-preview:large, max-video-preview:-1\" \/>\n<link rel=\"canonical\" href=\"https:\/\/www.miomiorun.com\/de\/produkt\/adizero-essentials-running-long-tight-herren\/\" \/>\n<meta property=\"og:locale\" content=\"de_DE\" \/>\n<meta property=\"og:type\" content=\"article\" \/>\n<meta property=\"og:title\" content=\"Adidas Adizero Essentials Running Long Tight herren - Lange Hosen - MioMioRun\" \/>\n<meta property=\"og:description\" content=\"Die adizero Essentials Long Running Leggings f\u00f6rdern die Luftzirkulation, die AEROREADY Technologie h\u00e4lt die Haut trocken.\" \/>\n<meta property=\"og:url\" content=\"https:\/\/www.miomiorun.com\/de\/produkt\/adizero-essentials-running-long-tight-herren\/\" \/>\n<meta property=\"og:site_name\" content=\"MioMioRun\" \/>\n<meta property=\"article:publisher\" content=\"https:\/\/www.facebook.com\/miomiorun\/\" \/>\n<meta property=\"article:modified_time\" content=\"2026-05-08T20:08:43+00:00\" \/>\n<meta property=\"og:image\" content=\"https:\/\/www.miomiorun.com\/app\/uploads\/2024\/09\/Adidas-Adizero-E-L-TGT-black-M-IN1164.webp\" \/>\n\t<meta property=\"og:image:width\" content=\"600\" \/>\n\t<meta property=\"og:image:height\" content=\"600\" \/>\n\t<meta property=\"og:image:type\" content=\"image\/webp\" \/>\n<meta name=\"twitter:card\" content=\"summary_large_image\" \/>\n<meta name=\"twitter:label1\" content=\"Est. reading time\" \/>\n\t<meta name=\"twitter:data1\" content=\"2 minutes\" \/>\n<script type=\"application\/ld+json\" class=\"yoast-schema-graph\">{\"@context\":\"https:\/\/schema.org\",\"@graph\":[{\"@type\":\"WebPage\",\"@id\":\"https:\/\/www.miomiorun.com\/de\/produkt\/adizero-essentials-running-long-tight-herren\/\",\"url\":\"https:\/\/www.miomiorun.com\/de\/produkt\/adizero-essentials-running-long-tight-herren\/\",\"name\":\"Adidas Adizero Essentials Running Long Tight herren - Lange Hosen - MioMioRun\",\"isPartOf\":{\"@id\":\"https:\/\/www.miomiorun.com\/de\/#website\"},\"primaryImageOfPage\":{\"@id\":\"https:\/\/www.miomiorun.com\/de\/produkt\/adizero-essentials-running-long-tight-herren\/#primaryimage\"},\"image\":{\"@id\":\"https:\/\/www.miomiorun.com\/de\/produkt\/adizero-essentials-running-long-tight-herren\/#primaryimage\"},\"thumbnailUrl\":\"https:\/\/www.miomiorun.com\/app\/uploads\/2024\/09\/Adidas-Adizero-E-L-TGT-black-M-IN1164.webp\",\"datePublished\":\"2024-09-14T09:26:00+00:00\",\"dateModified\":\"2026-05-08T20:08:43+00:00\",\"description\":\"Die adizero Essentials Long Running Leggings f\u00f6rdern die Luftzirkulation, die AEROREADY Technologie h\u00e4lt die Haut trocken.\",\"breadcrumb\":{\"@id\":\"https:\/\/www.miomiorun.com\/de\/produkt\/adizero-essentials-running-long-tight-herren\/#breadcrumb\"},\"inLanguage\":\"de-DE\",\"potentialAction\":[{\"@type\":\"ReadAction\",\"target\":[\"https:\/\/www.miomiorun.com\/de\/produkt\/adizero-essentials-running-long-tight-herren\/\"]}]},{\"@type\":\"ImageObject\",\"inLanguage\":\"de-DE\",\"@id\":\"https:\/\/www.miomiorun.com\/de\/produkt\/adizero-essentials-running-long-tight-herren\/#primaryimage\",\"url\":\"https:\/\/www.miomiorun.com\/app\/uploads\/2024\/09\/Adidas-Adizero-E-L-TGT-black-M-IN1164.webp\",\"contentUrl\":\"https:\/\/www.miomiorun.com\/app\/uploads\/2024\/09\/Adidas-Adizero-E-L-TGT-black-M-IN1164.webp\",\"width\":600,\"height\":600,\"caption\":\"Adidas Adizero E L TGT black M IN1164\"},{\"@type\":\"BreadcrumbList\",\"@id\":\"https:\/\/www.miomiorun.com\/de\/produkt\/adizero-essentials-running-long-tight-herren\/#breadcrumb\",\"itemListElement\":[{\"@type\":\"ListItem\",\"position\":1,\"name\":\"Home\",\"item\":\"https:\/\/www.miomiorun.com\/de\/\"},{\"@type\":\"ListItem\",\"position\":2,\"name\":\"Shop\",\"item\":\"https:\/\/www.miomiorun.com\/shop\/\"},{\"@type\":\"ListItem\",\"position\":3,\"name\":\"Adizero Essentials Running Long Tight herren\"}]},{\"@type\":\"WebSite\",\"@id\":\"https:\/\/www.miomiorun.com\/de\/#website\",\"url\":\"https:\/\/www.miomiorun.com\/de\/\",\"name\":\"MioMioRun\",\"description\":\"100% Lauf- und Trailshop\",\"publisher\":{\"@id\":\"https:\/\/www.miomiorun.com\/de\/#organization\"},\"potentialAction\":[{\"@type\":\"SearchAction\",\"target\":{\"@type\":\"EntryPoint\",\"urlTemplate\":\"https:\/\/www.miomiorun.com\/de\/?s={search_term_string}\"},\"query-input\":{\"@type\":\"PropertyValueSpecification\",\"valueRequired\":true,\"valueName\":\"search_term_string\"}}],\"inLanguage\":\"de-DE\"},{\"@type\":\"Organization\",\"@id\":\"https:\/\/www.miomiorun.com\/de\/#organization\",\"name\":\"MioMio Run\",\"url\":\"https:\/\/www.miomiorun.com\/de\/\",\"logo\":{\"@type\":\"ImageObject\",\"inLanguage\":\"de-DE\",\"@id\":\"https:\/\/www.miomiorun.com\/de\/#\/schema\/logo\/image\/\",\"url\":\"https:\/\/www.miomiorun.com\/app\/uploads\/2019\/12\/logomio.png\",\"contentUrl\":\"https:\/\/www.miomiorun.com\/app\/uploads\/2019\/12\/logomio.png\",\"width\":115,\"height\":82,\"caption\":\"MioMio Run\"},\"image\":{\"@id\":\"https:\/\/www.miomiorun.com\/de\/#\/schema\/logo\/image\/\"},\"sameAs\":[\"https:\/\/www.facebook.com\/miomiorun\/\",\"https:\/\/www.instagram.com\/miomiorun\/\"]}]}<\/script>\n<!-- \/ Yoast SEO plugin. -->","yoast_head_json":{"title":"Adidas Adizero Essentials Running Long Tight herren - Lange Hosen - MioMioRun","description":"Die adizero Essentials Long Running Leggings f\u00f6rdern die Luftzirkulation, die AEROREADY Technologie h\u00e4lt die Haut trocken.","robots":{"index":"index","follow":"follow","max-snippet":"max-snippet:-1","max-image-preview":"max-image-preview:large","max-video-preview":"max-video-preview:-1"},"canonical":"https:\/\/www.miomiorun.com\/de\/produkt\/adizero-essentials-running-long-tight-herren\/","og_locale":"de_DE","og_type":"article","og_title":"Adidas Adizero Essentials Running Long Tight herren - Lange Hosen - MioMioRun","og_description":"Die adizero Essentials Long Running Leggings f\u00f6rdern die Luftzirkulation, die AEROREADY Technologie h\u00e4lt die Haut trocken.","og_url":"https:\/\/www.miomiorun.com\/de\/produkt\/adizero-essentials-running-long-tight-herren\/","og_site_name":"MioMioRun","article_publisher":"https:\/\/www.facebook.com\/miomiorun\/","article_modified_time":"2026-05-08T20:08:43+00:00","og_image":[{"width":600,"height":600,"url":"https:\/\/www.miomiorun.com\/app\/uploads\/2024\/09\/Adidas-Adizero-E-L-TGT-black-M-IN1164.webp","type":"image\/webp"}],"twitter_card":"summary_large_image","twitter_misc":{"Est. reading time":"2 minutes"},"schema":{"@context":"https:\/\/schema.org","@graph":[{"@type":"WebPage","@id":"https:\/\/www.miomiorun.com\/de\/produkt\/adizero-essentials-running-long-tight-herren\/","url":"https:\/\/www.miomiorun.com\/de\/produkt\/adizero-essentials-running-long-tight-herren\/","name":"Adidas Adizero Essentials Running Long Tight herren - Lange Hosen - MioMioRun","isPartOf":{"@id":"https:\/\/www.miomiorun.com\/de\/#website"},"primaryImageOfPage":{"@id":"https:\/\/www.miomiorun.com\/de\/produkt\/adizero-essentials-running-long-tight-herren\/#primaryimage"},"image":{"@id":"https:\/\/www.miomiorun.com\/de\/produkt\/adizero-essentials-running-long-tight-herren\/#primaryimage"},"thumbnailUrl":"https:\/\/www.miomiorun.com\/app\/uploads\/2024\/09\/Adidas-Adizero-E-L-TGT-black-M-IN1164.webp","datePublished":"2024-09-14T09:26:00+00:00","dateModified":"2026-05-08T20:08:43+00:00","description":"Die adizero Essentials Long Running Leggings f\u00f6rdern die Luftzirkulation, die AEROREADY Technologie h\u00e4lt die Haut trocken.","breadcrumb":{"@id":"https:\/\/www.miomiorun.com\/de\/produkt\/adizero-essentials-running-long-tight-herren\/#breadcrumb"},"inLanguage":"de-DE","potentialAction":[{"@type":"ReadAction","target":["https:\/\/www.miomiorun.com\/de\/produkt\/adizero-essentials-running-long-tight-herren\/"]}]},{"@type":"ImageObject","inLanguage":"de-DE","@id":"https:\/\/www.miomiorun.com\/de\/produkt\/adizero-essentials-running-long-tight-herren\/#primaryimage","url":"https:\/\/www.miomiorun.com\/app\/uploads\/2024\/09\/Adidas-Adizero-E-L-TGT-black-M-IN1164.webp","contentUrl":"https:\/\/www.miomiorun.com\/app\/uploads\/2024\/09\/Adidas-Adizero-E-L-TGT-black-M-IN1164.webp","width":600,"height":600,"caption":"Adidas Adizero E L TGT black M IN1164"},{"@type":"BreadcrumbList","@id":"https:\/\/www.miomiorun.com\/de\/produkt\/adizero-essentials-running-long-tight-herren\/#breadcrumb","itemListElement":[{"@type":"ListItem","position":1,"name":"Home","item":"https:\/\/www.miomiorun.com\/de\/"},{"@type":"ListItem","position":2,"name":"Shop","item":"https:\/\/www.miomiorun.com\/shop\/"},{"@type":"ListItem","position":3,"name":"Adizero Essentials Running Long Tight herren"}]},{"@type":"WebSite","@id":"https:\/\/www.miomiorun.com\/de\/#website","url":"https:\/\/www.miomiorun.com\/de\/","name":"MioMioRun","description":"100% Lauf- und Trailshop","publisher":{"@id":"https:\/\/www.miomiorun.com\/de\/#organization"},"potentialAction":[{"@type":"SearchAction","target":{"@type":"EntryPoint","urlTemplate":"https:\/\/www.miomiorun.com\/de\/?s={search_term_string}"},"query-input":{"@type":"PropertyValueSpecification","valueRequired":true,"valueName":"search_term_string"}}],"inLanguage":"de-DE"},{"@type":"Organization","@id":"https:\/\/www.miomiorun.com\/de\/#organization","name":"MioMio Run","url":"https:\/\/www.miomiorun.com\/de\/","logo":{"@type":"ImageObject","inLanguage":"de-DE","@id":"https:\/\/www.miomiorun.com\/de\/#\/schema\/logo\/image\/","url":"https:\/\/www.miomiorun.com\/app\/uploads\/2019\/12\/logomio.png","contentUrl":"https:\/\/www.miomiorun.com\/app\/uploads\/2019\/12\/logomio.png","width":115,"height":82,"caption":"MioMio Run"},"image":{"@id":"https:\/\/www.miomiorun.com\/de\/#\/schema\/logo\/image\/"},"sameAs":["https:\/\/www.facebook.com\/miomiorun\/","https:\/\/www.instagram.com\/miomiorun\/"]}]}},"_links":{"self":[{"href":"https:\/\/www.miomiorun.com\/de\/wp-json\/wp\/v2\/product\/200471","targetHints":{"allow":["GET"]}}],"collection":[{"href":"https:\/\/www.miomiorun.com\/de\/wp-json\/wp\/v2\/product"}],"about":[{"href":"https:\/\/www.miomiorun.com\/de\/wp-json\/wp\/v2\/types\/product"}],"wp:featuredmedia":[{"embeddable":true,"href":"https:\/\/www.miomiorun.com\/de\/wp-json\/wp\/v2\/media\/200485"}],"wp:attachment":[{"href":"https:\/\/www.miomiorun.com\/de\/wp-json\/wp\/v2\/media?parent=200471"}],"wp:term":[{"taxonomy":"product_brand","embeddable":true,"href":"https:\/\/www.miomiorun.com\/de\/wp-json\/wp\/v2\/product_brand?post=200471"},{"taxonomy":"product_cat","embeddable":true,"href":"https:\/\/www.miomiorun.com\/de\/wp-json\/wp\/v2\/product_cat?post=200471"},{"taxonomy":"product_tag","embeddable":true,"href":"https:\/\/www.miomiorun.com\/de\/wp-json\/wp\/v2\/product_tag?post=200471"}],"curies":[{"name":"wp","href":"https:\/\/api.w.org\/{rel}","templated":true}]}}