{"id":200185,"date":"2024-09-12T15:02:13","date_gmt":"2024-09-12T13:02:13","guid":{"rendered":"https:\/\/miomiorun.com\/?post_type=product&#038;p=200185"},"modified":"2026-05-08T22:08:44","modified_gmt":"2026-05-08T20:08:44","slug":"adv-skin-12l","status":"publish","type":"product","link":"https:\/\/www.miomiorun.com\/de\/produkt\/adv-skin-12l\/","title":{"rendered":"Adv Skin 12L"},"content":{"rendered":"<p>Der meistverkaufte H\u00fcftrucksack ist ein vielseitiger Allrounder in Sachen Fl\u00fcssigkeitsversorgung. Der ADV Skin <strong>12L<\/strong> wurde f\u00fcr anspruchsvolle Ausdauerwettk\u00e4mpfe und L\u00e4ufer entwickelt und optimiert und bietet Zugang zur Fl\u00fcssigkeitszufuhr, ohne dass man anhalten muss, sowie Komfort auf langen Strecken und Bewegungsfreiheit. Mit seinem ultra-vielseitigen Platzangebot und einem Fassungsverm\u00f6gen von bis zu 12 Litern ist er ideal f\u00fcr Rennen oder Langstreckenabenteuer.<\/p>\n<h2>Perfekt f\u00fcr:<\/h2>\n<ul>\n<li>Trailrunning<\/li>\n<li>Vielseitigkeit<\/li>\n<\/ul>\n<p><strong>H\u00f6he:<\/strong> 400 mm<\/p>\n<p><strong>Breite:<\/strong> 190 mm<\/p>\n<p><strong>Volumen:<\/strong> 12 L<\/p>\n<p><strong>Gewicht: <\/strong>293 g<\/p>\n<p>&nbsp;<\/p>\n<h2>Merkmale:<\/h2>\n<ul class=\"product-page-fabrics_features\">\n<li><span class=\"title\">KONZEPT UND TECHNOLOGIE &#8211; SensiFit\u2122:<\/span> Stabilit\u00e4t\/Bewegungsfreiheit Die Struktur besteht aus atmungsaktiven, dehnbaren Stoffen, die sich der K\u00f6rperform anpassen, mit leichten Verstellsystemen, die f\u00fcr Passform und Stabilit\u00e4t sorgen. Dies verhindert ein Wackeln des Rucksacks und gew\u00e4hrleistet gleichzeitig Atmungsaktivit\u00e4t und Komfort.<\/li>\n<li><span class=\"title\">LOAD MANAGEMENT &#8211; Quick link:<\/span> Dank dieser innovativen Gurtstruktur auf dem Brustbein k\u00f6nnen Sie den Rucksack auch unterwegs leicht anpassen und befestigen. Dar\u00fcber hinaus erm\u00f6glicht das elastische Band, dass Sie bei intensiven Aktivit\u00e4ten leicht atmen k\u00f6nnen.<\/li>\n<li><span class=\"title\">BELASTUNGSMANAGEMENT:<\/span> Einstellbar \u00fcber seitliche Kompressionsriemen<\/li>\n<li><span class=\"title\">HYDRATION &#8211; Reservoirfach:<\/span> Dieses Element verf\u00fcgt \u00fcber ein internes Fach f\u00fcr das Reservoir mit einem Riemen, um es an seinem Platz zu halten.<\/li>\n<li><span class=\"title\">HYDRATION:<\/span> Kompatibel mit 1,5-Liter-Tanks<\/li>\n<li><span class=\"title\">HYDRATION:<\/span> Kompatibel mit 500 ml Softflasche<\/li>\n<li>HYDRACTION<span class=\"title\">:<\/span> Isolierter Koffer<\/li>\n<li><span class=\"title\">HYDRATION:<\/span> 2 x 500 ml Softflasks mit 42 mm \u00d6ffnung enthalten<\/li>\n<li>TASCHEN <span class=\"title\">UND<\/span> SCHL\u00dcSSEL<span class=\"title\">:<\/span> 1 Abfalltasche<\/li>\n<li><span class=\"title\">TASCHEN UND F\u00c4CHER: 2 Stretch-Vordertaschen:<\/span> Erweiterbar f\u00fcr die Aufbewahrung von wichtigen Dingen und Zugriff ohne Unterbrechung.<\/li>\n<li><span class=\"title\">TASCHEN UND<\/span> SCHL\u00dcSSEL <span class=\"title\">&#8211;<\/span> 1 internes Tankfach<\/li>\n<li><span class=\"title\">TASCHEN UND<\/span> SCHL\u00dcSSEL <span class=\"title\">&#8211; 2 Fronttaschen f\u00fcr Trinkflaschen:<\/span> Geeignet f\u00fcr Salomon Softflaschen, um sie fest an ihrem Platz zu halten. Elastische Schlaufen an der Oberseite der Tasche halten die Flasche an Ort und Stelle, so dass es immer bereit zu trinken ist.<\/li>\n<li><span class=\"title\">F\u00c4CHER UND SCHL\u00dcSSEL &#8211; 1 dehnbares Hauptfach:<\/span> Expandierbarer Stauraum f\u00fcr alles, was Sie w\u00e4hrend Ihrer Aktivit\u00e4t ben\u00f6tigen. Volumen von 3 bis 5 Litern je nach Fassungsverm\u00f6gen des Rucksacks.<\/li>\n<li>TASCHEN UND SCHL\u00dcSSE <span class=\"title\">&#8211; 1 Ges\u00e4\u00dftasche mit 2 Zug\u00e4ngen von beiden Seiten:<\/span> Gro\u00dfe Tasche auf der R\u00fcckseite, die von beiden Seiten zug\u00e4nglich ist.<\/li>\n<li>TASCHEN <span class=\"title\">UND<\/span> SCHLITZEN<span class=\"title\">:<\/span> 2 Stretch-Vordertaschen mit Rei\u00dfverschl\u00fcssen<\/li>\n<li>TASCHEN <span class=\"title\">UND<\/span> SCHLITZEN<span class=\"title\">:<\/span> 2 Stretch-Taschen an den Schultertr\u00e4gern<\/li>\n<li>TASCHEN <span class=\"title\">UND SCHLITZEN:<\/span> 1 obere Stretch-Tasche<\/li>\n<li><span class=\"title\">\u00d6FFNEN UND SCHLIESSEN &#8211; YKK-Rei\u00dfverschl\u00fcsse:<\/span> Hochwertige, langlebige und zuverl\u00e4ssige Rei\u00dfverschl\u00fcsse.<\/li>\n<li><span class=\"title\">TRANSPORT<\/span> SYSTEM &#8211; Custom Quiver System: Optimiert den Rucksack mit dem Custom Quiver System f\u00fcr schnellen Zugriff und stabilen Stocktransport. Fertig zum Anbringen am Rucksack.<\/li>\n<li><span class=\"title\">TRANSPORT-SYSTEM &#8211; Vielseitige Stocktragel\u00f6sungen:<\/span> Verschieben Sie die elastischen Kordeln und Schlaufen an verschiedene Stellen im Rucksack, um die Stocktragel\u00f6sung zu schaffen, die Ihren Bed\u00fcrfnissen am besten entspricht.<\/li>\n<li>TRANSPORTSYSTEM<span class=\"title\">:<\/span> Ultra-reflektierende Stirnlampenschlaufe<\/li>\n<li><span class=\"title\">VERSCHIEDENES:<\/span> Pfeife<\/li>\n<li><span class=\"title\">NACHHALTIGKEIT:<\/span> PFC-frei<\/li>\n<\/ul>\n<h2>Zusammensetzung:<\/h2>\n<p>K\u00f6rper: 84% Polyamid, 16% ElastanFutter: 100% Polyamid<\/p>\n<p>Einsatz hinten: 89% Polyamid, 11% Elastan<\/p>\n<p>Futter \u00c4rmel: 100% Polyester<\/p>\n<p>Innenfutter: 2100% PolyesterEinlage<\/p>\n<p>Am K\u00f6rper: 88% Polyamid, 12% Elasthan<\/p>\n<p>&nbsp;<\/p>\n","protected":false},"excerpt":{"rendered":"<ul>\n<li>Trailrunning-Weste f\u00fcr Langstreckenl\u00e4ufe.<\/li>\n<li>12L Fassungsverm\u00f6gen<\/li>\n<li>Ideal f\u00fcr lange L\u00e4ufe.<\/li>\n<\/ul>\n","protected":false},"featured_media":265965,"template":"","meta":{"_acf_changed":false,"inline_featured_image":false},"product_brand":[],"product_cat":[6342,6396,6398],"product_tag":[20480,20485,20489],"class_list":{"0":"post-200185","1":"product","2":"type-product","3":"status-publish","4":"has-post-thumbnail","6":"product_cat-zubehoer","7":"product_cat-taschen-und-guertel-de","8":"product_cat-taschen-de","9":"product_tag-salomon-de","10":"product_tag-salomon-damen","11":"product_tag-salomon-herren","12":"pa_attivita-outdoor-de","13":"pa_attivita-trail-de","14":"pa_colore-adv-skin-12-set-black-de-2","15":"pa_colore-adv-skin-12-set-flame-scarlet-haute-red-2","16":"pa_colore-adv-skin-12-set-white-electric-green-de","17":"pa_marca-salomon-de","18":"pa_sesso-damen","19":"pa_sesso-herren","20":"pa_size-small-de","21":"pa_size-medium-de","22":"pa_size-large-de","23":"pa_size-extra-large-de","25":"first","26":"instock","27":"sale","28":"taxable","29":"shipping-taxable","30":"purchasable","31":"product-type-variable","32":"wvs-archive-product-wrapper"},"acf":[],"yoast_head":"<!-- This site is optimized with the Yoast SEO plugin v26.8 - https:\/\/yoast.com\/product\/yoast-seo-wordpress\/ -->\n<title>Salomon Adv Skin 12L - Laufrucksack - MioMioRun<\/title>\n<meta name=\"description\" content=\"Der meistverkaufte H\u00fcftrucksack ist ein vielseitiger, vielseitiger Trinksystem-Champion. Adv Skin 12L ist f\u00fcr anspruchsvolle Ausdauerrennen konzipiert und optimiert\" \/>\n<meta name=\"robots\" content=\"index, follow, max-snippet:-1, max-image-preview:large, max-video-preview:-1\" \/>\n<link rel=\"canonical\" href=\"https:\/\/www.miomiorun.com\/de\/produkt\/adv-skin-12l\/\" \/>\n<meta property=\"og:locale\" content=\"de_DE\" \/>\n<meta property=\"og:type\" content=\"article\" \/>\n<meta property=\"og:title\" content=\"Salomon Adv Skin 12L - Laufrucksack - MioMioRun\" \/>\n<meta property=\"og:description\" content=\"Der meistverkaufte H\u00fcftrucksack ist ein vielseitiger, vielseitiger Trinksystem-Champion. Adv Skin 12L ist f\u00fcr anspruchsvolle Ausdauerrennen konzipiert und optimiert\" \/>\n<meta property=\"og:url\" content=\"https:\/\/www.miomiorun.com\/de\/produkt\/adv-skin-12l\/\" \/>\n<meta property=\"og:site_name\" content=\"MioMioRun\" \/>\n<meta property=\"article:publisher\" content=\"https:\/\/www.facebook.com\/miomiorun\/\" \/>\n<meta property=\"article:modified_time\" content=\"2026-05-08T20:08:44+00:00\" \/>\n<meta property=\"og:image\" content=\"https:\/\/www.miomiorun.com\/app\/uploads\/2025\/03\/salomon-ADV-Skin-12-set-flame-scarlet-haute-red-LC2464500.webp\" \/>\n\t<meta property=\"og:image:width\" content=\"600\" \/>\n\t<meta property=\"og:image:height\" content=\"600\" \/>\n\t<meta property=\"og:image:type\" content=\"image\/webp\" \/>\n<meta name=\"twitter:card\" content=\"summary_large_image\" \/>\n<meta name=\"twitter:label1\" content=\"Est. reading time\" \/>\n\t<meta name=\"twitter:data1\" content=\"2 minutes\" \/>\n<script type=\"application\/ld+json\" class=\"yoast-schema-graph\">{\"@context\":\"https:\/\/schema.org\",\"@graph\":[{\"@type\":\"WebPage\",\"@id\":\"https:\/\/www.miomiorun.com\/de\/produkt\/adv-skin-12l\/\",\"url\":\"https:\/\/www.miomiorun.com\/de\/produkt\/adv-skin-12l\/\",\"name\":\"Salomon Adv Skin 12L - Laufrucksack - MioMioRun\",\"isPartOf\":{\"@id\":\"https:\/\/www.miomiorun.com\/de\/#website\"},\"primaryImageOfPage\":{\"@id\":\"https:\/\/www.miomiorun.com\/de\/produkt\/adv-skin-12l\/#primaryimage\"},\"image\":{\"@id\":\"https:\/\/www.miomiorun.com\/de\/produkt\/adv-skin-12l\/#primaryimage\"},\"thumbnailUrl\":\"https:\/\/www.miomiorun.com\/app\/uploads\/2025\/03\/salomon-ADV-Skin-12-set-flame-scarlet-haute-red-LC2464500.webp\",\"datePublished\":\"2024-09-12T13:02:13+00:00\",\"dateModified\":\"2026-05-08T20:08:44+00:00\",\"description\":\"Der meistverkaufte H\u00fcftrucksack ist ein vielseitiger, vielseitiger Trinksystem-Champion. Adv Skin 12L ist f\u00fcr anspruchsvolle Ausdauerrennen konzipiert und optimiert\",\"breadcrumb\":{\"@id\":\"https:\/\/www.miomiorun.com\/de\/produkt\/adv-skin-12l\/#breadcrumb\"},\"inLanguage\":\"de-DE\",\"potentialAction\":[{\"@type\":\"ReadAction\",\"target\":[\"https:\/\/www.miomiorun.com\/de\/produkt\/adv-skin-12l\/\"]}]},{\"@type\":\"ImageObject\",\"inLanguage\":\"de-DE\",\"@id\":\"https:\/\/www.miomiorun.com\/de\/produkt\/adv-skin-12l\/#primaryimage\",\"url\":\"https:\/\/www.miomiorun.com\/app\/uploads\/2025\/03\/salomon-ADV-Skin-12-set-flame-scarlet-haute-red-LC2464500.webp\",\"contentUrl\":\"https:\/\/www.miomiorun.com\/app\/uploads\/2025\/03\/salomon-ADV-Skin-12-set-flame-scarlet-haute-red-LC2464500.webp\",\"width\":600,\"height\":600,\"caption\":\"salomon ADV Skin 12 set flame scarlet haute red LC2464500\"},{\"@type\":\"BreadcrumbList\",\"@id\":\"https:\/\/www.miomiorun.com\/de\/produkt\/adv-skin-12l\/#breadcrumb\",\"itemListElement\":[{\"@type\":\"ListItem\",\"position\":1,\"name\":\"Home\",\"item\":\"https:\/\/www.miomiorun.com\/de\/\"},{\"@type\":\"ListItem\",\"position\":2,\"name\":\"Shop\",\"item\":\"https:\/\/www.miomiorun.com\/shop\/\"},{\"@type\":\"ListItem\",\"position\":3,\"name\":\"Adv Skin 12L\"}]},{\"@type\":\"WebSite\",\"@id\":\"https:\/\/www.miomiorun.com\/de\/#website\",\"url\":\"https:\/\/www.miomiorun.com\/de\/\",\"name\":\"MioMioRun\",\"description\":\"100% Lauf- und Trailshop\",\"publisher\":{\"@id\":\"https:\/\/www.miomiorun.com\/de\/#organization\"},\"potentialAction\":[{\"@type\":\"SearchAction\",\"target\":{\"@type\":\"EntryPoint\",\"urlTemplate\":\"https:\/\/www.miomiorun.com\/de\/?s={search_term_string}\"},\"query-input\":{\"@type\":\"PropertyValueSpecification\",\"valueRequired\":true,\"valueName\":\"search_term_string\"}}],\"inLanguage\":\"de-DE\"},{\"@type\":\"Organization\",\"@id\":\"https:\/\/www.miomiorun.com\/de\/#organization\",\"name\":\"MioMio Run\",\"url\":\"https:\/\/www.miomiorun.com\/de\/\",\"logo\":{\"@type\":\"ImageObject\",\"inLanguage\":\"de-DE\",\"@id\":\"https:\/\/www.miomiorun.com\/de\/#\/schema\/logo\/image\/\",\"url\":\"https:\/\/www.miomiorun.com\/app\/uploads\/2019\/12\/logomio.png\",\"contentUrl\":\"https:\/\/www.miomiorun.com\/app\/uploads\/2019\/12\/logomio.png\",\"width\":115,\"height\":82,\"caption\":\"MioMio Run\"},\"image\":{\"@id\":\"https:\/\/www.miomiorun.com\/de\/#\/schema\/logo\/image\/\"},\"sameAs\":[\"https:\/\/www.facebook.com\/miomiorun\/\",\"https:\/\/www.instagram.com\/miomiorun\/\"]}]}<\/script>\n<!-- \/ Yoast SEO plugin. -->","yoast_head_json":{"title":"Salomon Adv Skin 12L - Laufrucksack - MioMioRun","description":"Der meistverkaufte H\u00fcftrucksack ist ein vielseitiger, vielseitiger Trinksystem-Champion. Adv Skin 12L ist f\u00fcr anspruchsvolle Ausdauerrennen konzipiert und optimiert","robots":{"index":"index","follow":"follow","max-snippet":"max-snippet:-1","max-image-preview":"max-image-preview:large","max-video-preview":"max-video-preview:-1"},"canonical":"https:\/\/www.miomiorun.com\/de\/produkt\/adv-skin-12l\/","og_locale":"de_DE","og_type":"article","og_title":"Salomon Adv Skin 12L - Laufrucksack - MioMioRun","og_description":"Der meistverkaufte H\u00fcftrucksack ist ein vielseitiger, vielseitiger Trinksystem-Champion. Adv Skin 12L ist f\u00fcr anspruchsvolle Ausdauerrennen konzipiert und optimiert","og_url":"https:\/\/www.miomiorun.com\/de\/produkt\/adv-skin-12l\/","og_site_name":"MioMioRun","article_publisher":"https:\/\/www.facebook.com\/miomiorun\/","article_modified_time":"2026-05-08T20:08:44+00:00","og_image":[{"width":600,"height":600,"url":"https:\/\/www.miomiorun.com\/app\/uploads\/2025\/03\/salomon-ADV-Skin-12-set-flame-scarlet-haute-red-LC2464500.webp","type":"image\/webp"}],"twitter_card":"summary_large_image","twitter_misc":{"Est. reading time":"2 minutes"},"schema":{"@context":"https:\/\/schema.org","@graph":[{"@type":"WebPage","@id":"https:\/\/www.miomiorun.com\/de\/produkt\/adv-skin-12l\/","url":"https:\/\/www.miomiorun.com\/de\/produkt\/adv-skin-12l\/","name":"Salomon Adv Skin 12L - Laufrucksack - MioMioRun","isPartOf":{"@id":"https:\/\/www.miomiorun.com\/de\/#website"},"primaryImageOfPage":{"@id":"https:\/\/www.miomiorun.com\/de\/produkt\/adv-skin-12l\/#primaryimage"},"image":{"@id":"https:\/\/www.miomiorun.com\/de\/produkt\/adv-skin-12l\/#primaryimage"},"thumbnailUrl":"https:\/\/www.miomiorun.com\/app\/uploads\/2025\/03\/salomon-ADV-Skin-12-set-flame-scarlet-haute-red-LC2464500.webp","datePublished":"2024-09-12T13:02:13+00:00","dateModified":"2026-05-08T20:08:44+00:00","description":"Der meistverkaufte H\u00fcftrucksack ist ein vielseitiger, vielseitiger Trinksystem-Champion. Adv Skin 12L ist f\u00fcr anspruchsvolle Ausdauerrennen konzipiert und optimiert","breadcrumb":{"@id":"https:\/\/www.miomiorun.com\/de\/produkt\/adv-skin-12l\/#breadcrumb"},"inLanguage":"de-DE","potentialAction":[{"@type":"ReadAction","target":["https:\/\/www.miomiorun.com\/de\/produkt\/adv-skin-12l\/"]}]},{"@type":"ImageObject","inLanguage":"de-DE","@id":"https:\/\/www.miomiorun.com\/de\/produkt\/adv-skin-12l\/#primaryimage","url":"https:\/\/www.miomiorun.com\/app\/uploads\/2025\/03\/salomon-ADV-Skin-12-set-flame-scarlet-haute-red-LC2464500.webp","contentUrl":"https:\/\/www.miomiorun.com\/app\/uploads\/2025\/03\/salomon-ADV-Skin-12-set-flame-scarlet-haute-red-LC2464500.webp","width":600,"height":600,"caption":"salomon ADV Skin 12 set flame scarlet haute red LC2464500"},{"@type":"BreadcrumbList","@id":"https:\/\/www.miomiorun.com\/de\/produkt\/adv-skin-12l\/#breadcrumb","itemListElement":[{"@type":"ListItem","position":1,"name":"Home","item":"https:\/\/www.miomiorun.com\/de\/"},{"@type":"ListItem","position":2,"name":"Shop","item":"https:\/\/www.miomiorun.com\/shop\/"},{"@type":"ListItem","position":3,"name":"Adv Skin 12L"}]},{"@type":"WebSite","@id":"https:\/\/www.miomiorun.com\/de\/#website","url":"https:\/\/www.miomiorun.com\/de\/","name":"MioMioRun","description":"100% Lauf- und Trailshop","publisher":{"@id":"https:\/\/www.miomiorun.com\/de\/#organization"},"potentialAction":[{"@type":"SearchAction","target":{"@type":"EntryPoint","urlTemplate":"https:\/\/www.miomiorun.com\/de\/?s={search_term_string}"},"query-input":{"@type":"PropertyValueSpecification","valueRequired":true,"valueName":"search_term_string"}}],"inLanguage":"de-DE"},{"@type":"Organization","@id":"https:\/\/www.miomiorun.com\/de\/#organization","name":"MioMio Run","url":"https:\/\/www.miomiorun.com\/de\/","logo":{"@type":"ImageObject","inLanguage":"de-DE","@id":"https:\/\/www.miomiorun.com\/de\/#\/schema\/logo\/image\/","url":"https:\/\/www.miomiorun.com\/app\/uploads\/2019\/12\/logomio.png","contentUrl":"https:\/\/www.miomiorun.com\/app\/uploads\/2019\/12\/logomio.png","width":115,"height":82,"caption":"MioMio Run"},"image":{"@id":"https:\/\/www.miomiorun.com\/de\/#\/schema\/logo\/image\/"},"sameAs":["https:\/\/www.facebook.com\/miomiorun\/","https:\/\/www.instagram.com\/miomiorun\/"]}]}},"_links":{"self":[{"href":"https:\/\/www.miomiorun.com\/de\/wp-json\/wp\/v2\/product\/200185","targetHints":{"allow":["GET"]}}],"collection":[{"href":"https:\/\/www.miomiorun.com\/de\/wp-json\/wp\/v2\/product"}],"about":[{"href":"https:\/\/www.miomiorun.com\/de\/wp-json\/wp\/v2\/types\/product"}],"wp:featuredmedia":[{"embeddable":true,"href":"https:\/\/www.miomiorun.com\/de\/wp-json\/wp\/v2\/media\/265965"}],"wp:attachment":[{"href":"https:\/\/www.miomiorun.com\/de\/wp-json\/wp\/v2\/media?parent=200185"}],"wp:term":[{"taxonomy":"product_brand","embeddable":true,"href":"https:\/\/www.miomiorun.com\/de\/wp-json\/wp\/v2\/product_brand?post=200185"},{"taxonomy":"product_cat","embeddable":true,"href":"https:\/\/www.miomiorun.com\/de\/wp-json\/wp\/v2\/product_cat?post=200185"},{"taxonomy":"product_tag","embeddable":true,"href":"https:\/\/www.miomiorun.com\/de\/wp-json\/wp\/v2\/product_tag?post=200185"}],"curies":[{"name":"wp","href":"https:\/\/api.w.org\/{rel}","templated":true}]}}