{"id":200170,"date":"2024-09-12T14:31:28","date_gmt":"2024-09-12T12:31:28","guid":{"rendered":"https:\/\/miomiorun.com\/?post_type=product&#038;p=200170"},"modified":"2025-03-13T12:20:28","modified_gmt":"2025-03-13T11:20:28","slug":"pulse-belt","status":"publish","type":"product","link":"https:\/\/www.miomiorun.com\/de\/produkt\/pulse-belt\/","title":{"rendered":"Pulse Belt"},"content":{"rendered":"<p>Der minimalistische <strong>Pulse<\/strong> Stretchg\u00fcrtel ist noch leichter und haltbarer. So kannst du deine pers\u00f6nlichen Gegenst\u00e4nde und Trinkflaschen sicher aufbewahren und deine ganze Energie auf den Lauf, das Training oder die Tour konzentrieren.<\/p>\n<h3>Perfekt f\u00fcr:<\/h3>\n<ul>\n<li>Trailrunning.<\/li>\n<li>Vielseitigkeit.<\/li>\n<\/ul>\n<h3>Abmessungen:<\/h3>\n<ul>\n<li><strong>H\u00f6he: <\/strong>380 mm<\/li>\n<li><strong>Breite: <\/strong>110 mm<\/li>\n<li><strong>Gewicht:<\/strong> 62 g<\/li>\n<li><strong>Volumen:<\/strong> 0,79 l<\/li>\n<\/ul>\n<h3>Merkmale:<\/h3>\n<ul class=\"product-page-fabrics_features\">\n<li>TASCHEN <span class=\"title\">UND SCHL\u00dcSSE:<\/span> Expandierbare Mehrfachtaschen<\/li>\n<li><span class=\"title\">G\u00dcRTEL &#8211; R\u00f6hrenf\u00f6rmige<\/span> Struktur<span class=\"title\">:<\/span> Flache Struktur ohne Schnallen passt genau, mit Stretch-Stoff und N\u00e4hten, um zu verhindern, dass der Inhalt verrutscht und die Stabilit\u00e4t zu verbessern.<\/li>\n<li><span class=\"title\">TRANSPORTSYSTEM &#8211;<\/span> Diagonale Gurte<span class=\"title\">:<\/span> Zwei diagonale Gurte mit Silikongriffen f\u00fcr den Transport von zus\u00e4tzlichem Material, z. B. einer Jacke oder St\u00f6cken.<\/li>\n<li><span class=\"title\">MISCELLANEOUS:<\/span> Reflektierende Details<\/li>\n<li>FABRICS<span class=\"title\">:<\/span> 4-Wege-Stretch<\/li>\n<li>FABRIC<span class=\"title\">:<\/span> Stretch-Jersey<\/li>\n<li><span class=\"title\">NACHHALTIGKEIT:<\/span> PFC-frei<\/li>\n<\/ul>\n<h3>Material:<\/h3>\n<ul>\n<li>K\u00f6rper 85% Polyamid, 15% ElastanFutter<\/li>\n<li>\u00c4rmel 87% Polyamid, 13% Elastan<\/li>\n<\/ul>\n<h3>Pflege und Langlebigkeit<\/h3>\n<p><span class=\"best-for-tag\">Nicht bleichen<\/span><\/p>\n<p>Nicht chemisch reinigen<\/p>\n<p><span class=\"best-for-tag\">Nicht schleudern<\/span><\/p>\n<p><span class=\"best-for-tag\">Nicht b\u00fcgeln<\/span><\/p>\n<p><span class=\"best-for-tag\">Handw\u00e4sche in kaltem Wasser (30\u00b0c)<\/span><\/p>\n<h2 style=\"text-align: center;\">Rundum-Passform<\/h2>\n<p>Das leichte und atmungsaktive 4-Wege-Stretch-Gewebe sorgt f\u00fcr einen bequemen Sitz, auch wenn Sie das Tempo erh\u00f6hen.<\/p>\n<h2 style=\"text-align: center;\">Intelligente Taschen und F\u00e4cher<\/h2>\n<p style=\"text-align: left;\">Innentaschen f\u00fcr pers\u00f6nliche Gegenst\u00e4nde. Zwei horizontale Stretch-Taschen bieten Platz f\u00fcr 500-ml-Trinkflaschen. Der optimierte Rei\u00dfverschluss l\u00e4sst sich leicht \u00f6ffnen und ist \u00e4u\u00dferst strapazierf\u00e4hig.<\/p>\n<h2 style=\"text-align: center;\">Vielseitigkeit in der Natur<\/h2>\n<p>Vielseitiger G\u00fcrtel, ideal sowohl f\u00fcr kurze L\u00e4ufe in der Stadt als auch f\u00fcr l\u00e4ngere, technisch anspruchsvollere L\u00e4ufe abseits ausgetretener Pfade.<\/p>\n<p>&nbsp;<\/p>\n","protected":false},"excerpt":{"rendered":"<ul>\n<li>Elastischer und leichter G\u00fcrtel<\/li>\n<li>Ideal f\u00fcr den Transport pers\u00f6nlicher Gegenst\u00e4nde<\/li>\n<\/ul>\n","protected":false},"featured_media":210433,"template":"","meta":{"_acf_changed":false,"inline_featured_image":false},"product_brand":[],"product_cat":[6342,6396,6397],"product_tag":[20480],"class_list":{"0":"post-200170","1":"product","2":"type-product","3":"status-publish","4":"has-post-thumbnail","6":"product_cat-zubehoer","7":"product_cat-taschen-und-guertel-de","8":"product_cat-guertel-de","9":"product_tag-salomon-de","10":"pa_attivita-outdoor-de","11":"pa_attivita-trail-de","12":"pa_colore-pulse-belt-black-de","13":"pa_colore-pulse-belt-high-risk-red-de","14":"pa_colore-pulse-belt-sulphur-spring-glacier-gray-de","15":"pa_marca-salomon-de","16":"pa_sesso-damen","17":"pa_sesso-herren","18":"pa_size-extra-small-de","19":"pa_size-small-de","20":"pa_size-medium-de","21":"pa_size-large-de","22":"pa_size-extra-large-de","24":"first","25":"instock","26":"sale","27":"taxable","28":"shipping-taxable","29":"purchasable","30":"product-type-variable","31":"wvs-archive-product-wrapper"},"acf":[],"yoast_head":"<!-- This site is optimized with the Yoast SEO plugin v26.8 - https:\/\/yoast.com\/product\/yoast-seo-wordpress\/ -->\n<title>Salomon Pulse Belt - Laufendes Zubeh\u00f6r - MioMioRun<\/title>\n<meta name=\"description\" content=\"Der minimalistische Pulse Stretchg\u00fcrtel ist noch leichter und haltbarer. So k\u00f6nnen Sie Ihre Habseligkeiten und Flaschen sicher aufbewahren.\" \/>\n<meta name=\"robots\" content=\"index, follow, max-snippet:-1, max-image-preview:large, max-video-preview:-1\" \/>\n<link rel=\"canonical\" href=\"https:\/\/www.miomiorun.com\/de\/produkt\/pulse-belt\/\" \/>\n<meta property=\"og:locale\" content=\"de_DE\" \/>\n<meta property=\"og:type\" content=\"article\" \/>\n<meta property=\"og:title\" content=\"Salomon Pulse Belt - Laufendes Zubeh\u00f6r - MioMioRun\" \/>\n<meta property=\"og:description\" content=\"Der minimalistische Pulse Stretchg\u00fcrtel ist noch leichter und haltbarer. So k\u00f6nnen Sie Ihre Habseligkeiten und Flaschen sicher aufbewahren.\" \/>\n<meta property=\"og:url\" content=\"https:\/\/www.miomiorun.com\/de\/produkt\/pulse-belt\/\" \/>\n<meta property=\"og:site_name\" content=\"MioMioRun\" \/>\n<meta property=\"article:publisher\" content=\"https:\/\/www.facebook.com\/miomiorun\/\" \/>\n<meta property=\"article:modified_time\" content=\"2025-03-13T11:20:28+00:00\" \/>\n<meta property=\"og:image\" content=\"https:\/\/www.miomiorun.com\/app\/uploads\/2024\/10\/salomon-Pulse-belt-sulphur-spring-glacier-gray-LC2180200-retro.webp\" \/>\n\t<meta property=\"og:image:width\" content=\"600\" \/>\n\t<meta property=\"og:image:height\" content=\"600\" \/>\n\t<meta property=\"og:image:type\" content=\"image\/webp\" \/>\n<meta name=\"twitter:card\" content=\"summary_large_image\" \/>\n<meta name=\"twitter:label1\" content=\"Est. reading time\" \/>\n\t<meta name=\"twitter:data1\" content=\"1 minute\" \/>\n<script type=\"application\/ld+json\" class=\"yoast-schema-graph\">{\"@context\":\"https:\/\/schema.org\",\"@graph\":[{\"@type\":\"WebPage\",\"@id\":\"https:\/\/www.miomiorun.com\/de\/produkt\/pulse-belt\/\",\"url\":\"https:\/\/www.miomiorun.com\/de\/produkt\/pulse-belt\/\",\"name\":\"Salomon Pulse Belt - Laufendes Zubeh\u00f6r - MioMioRun\",\"isPartOf\":{\"@id\":\"https:\/\/www.miomiorun.com\/de\/#website\"},\"primaryImageOfPage\":{\"@id\":\"https:\/\/www.miomiorun.com\/de\/produkt\/pulse-belt\/#primaryimage\"},\"image\":{\"@id\":\"https:\/\/www.miomiorun.com\/de\/produkt\/pulse-belt\/#primaryimage\"},\"thumbnailUrl\":\"https:\/\/www.miomiorun.com\/app\/uploads\/2024\/10\/salomon-Pulse-belt-sulphur-spring-glacier-gray-LC2180200-retro.webp\",\"datePublished\":\"2024-09-12T12:31:28+00:00\",\"dateModified\":\"2025-03-13T11:20:28+00:00\",\"description\":\"Der minimalistische Pulse Stretchg\u00fcrtel ist noch leichter und haltbarer. So k\u00f6nnen Sie Ihre Habseligkeiten und Flaschen sicher aufbewahren.\",\"breadcrumb\":{\"@id\":\"https:\/\/www.miomiorun.com\/de\/produkt\/pulse-belt\/#breadcrumb\"},\"inLanguage\":\"de-DE\",\"potentialAction\":[{\"@type\":\"ReadAction\",\"target\":[\"https:\/\/www.miomiorun.com\/de\/produkt\/pulse-belt\/\"]}]},{\"@type\":\"ImageObject\",\"inLanguage\":\"de-DE\",\"@id\":\"https:\/\/www.miomiorun.com\/de\/produkt\/pulse-belt\/#primaryimage\",\"url\":\"https:\/\/www.miomiorun.com\/app\/uploads\/2024\/10\/salomon-Pulse-belt-sulphur-spring-glacier-gray-LC2180200-retro.webp\",\"contentUrl\":\"https:\/\/www.miomiorun.com\/app\/uploads\/2024\/10\/salomon-Pulse-belt-sulphur-spring-glacier-gray-LC2180200-retro.webp\",\"width\":600,\"height\":600,\"caption\":\"salomon Pulse belt sulphur spring glacier gray LC2180200 retro\"},{\"@type\":\"BreadcrumbList\",\"@id\":\"https:\/\/www.miomiorun.com\/de\/produkt\/pulse-belt\/#breadcrumb\",\"itemListElement\":[{\"@type\":\"ListItem\",\"position\":1,\"name\":\"Home\",\"item\":\"https:\/\/www.miomiorun.com\/de\/\"},{\"@type\":\"ListItem\",\"position\":2,\"name\":\"Shop\",\"item\":\"https:\/\/www.miomiorun.com\/shop\/\"},{\"@type\":\"ListItem\",\"position\":3,\"name\":\"Pulse Belt\"}]},{\"@type\":\"WebSite\",\"@id\":\"https:\/\/www.miomiorun.com\/de\/#website\",\"url\":\"https:\/\/www.miomiorun.com\/de\/\",\"name\":\"MioMioRun\",\"description\":\"100% Lauf- und Trailshop\",\"publisher\":{\"@id\":\"https:\/\/www.miomiorun.com\/de\/#organization\"},\"potentialAction\":[{\"@type\":\"SearchAction\",\"target\":{\"@type\":\"EntryPoint\",\"urlTemplate\":\"https:\/\/www.miomiorun.com\/de\/?s={search_term_string}\"},\"query-input\":{\"@type\":\"PropertyValueSpecification\",\"valueRequired\":true,\"valueName\":\"search_term_string\"}}],\"inLanguage\":\"de-DE\"},{\"@type\":\"Organization\",\"@id\":\"https:\/\/www.miomiorun.com\/de\/#organization\",\"name\":\"MioMio Run\",\"url\":\"https:\/\/www.miomiorun.com\/de\/\",\"logo\":{\"@type\":\"ImageObject\",\"inLanguage\":\"de-DE\",\"@id\":\"https:\/\/www.miomiorun.com\/de\/#\/schema\/logo\/image\/\",\"url\":\"https:\/\/www.miomiorun.com\/app\/uploads\/2019\/12\/logomio.png\",\"contentUrl\":\"https:\/\/www.miomiorun.com\/app\/uploads\/2019\/12\/logomio.png\",\"width\":115,\"height\":82,\"caption\":\"MioMio Run\"},\"image\":{\"@id\":\"https:\/\/www.miomiorun.com\/de\/#\/schema\/logo\/image\/\"},\"sameAs\":[\"https:\/\/www.facebook.com\/miomiorun\/\",\"https:\/\/www.instagram.com\/miomiorun\/\"]}]}<\/script>\n<!-- \/ Yoast SEO plugin. -->","yoast_head_json":{"title":"Salomon Pulse Belt - Laufendes Zubeh\u00f6r - MioMioRun","description":"Der minimalistische Pulse Stretchg\u00fcrtel ist noch leichter und haltbarer. So k\u00f6nnen Sie Ihre Habseligkeiten und Flaschen sicher aufbewahren.","robots":{"index":"index","follow":"follow","max-snippet":"max-snippet:-1","max-image-preview":"max-image-preview:large","max-video-preview":"max-video-preview:-1"},"canonical":"https:\/\/www.miomiorun.com\/de\/produkt\/pulse-belt\/","og_locale":"de_DE","og_type":"article","og_title":"Salomon Pulse Belt - Laufendes Zubeh\u00f6r - MioMioRun","og_description":"Der minimalistische Pulse Stretchg\u00fcrtel ist noch leichter und haltbarer. So k\u00f6nnen Sie Ihre Habseligkeiten und Flaschen sicher aufbewahren.","og_url":"https:\/\/www.miomiorun.com\/de\/produkt\/pulse-belt\/","og_site_name":"MioMioRun","article_publisher":"https:\/\/www.facebook.com\/miomiorun\/","article_modified_time":"2025-03-13T11:20:28+00:00","og_image":[{"width":600,"height":600,"url":"https:\/\/www.miomiorun.com\/app\/uploads\/2024\/10\/salomon-Pulse-belt-sulphur-spring-glacier-gray-LC2180200-retro.webp","type":"image\/webp"}],"twitter_card":"summary_large_image","twitter_misc":{"Est. reading time":"1 minute"},"schema":{"@context":"https:\/\/schema.org","@graph":[{"@type":"WebPage","@id":"https:\/\/www.miomiorun.com\/de\/produkt\/pulse-belt\/","url":"https:\/\/www.miomiorun.com\/de\/produkt\/pulse-belt\/","name":"Salomon Pulse Belt - Laufendes Zubeh\u00f6r - MioMioRun","isPartOf":{"@id":"https:\/\/www.miomiorun.com\/de\/#website"},"primaryImageOfPage":{"@id":"https:\/\/www.miomiorun.com\/de\/produkt\/pulse-belt\/#primaryimage"},"image":{"@id":"https:\/\/www.miomiorun.com\/de\/produkt\/pulse-belt\/#primaryimage"},"thumbnailUrl":"https:\/\/www.miomiorun.com\/app\/uploads\/2024\/10\/salomon-Pulse-belt-sulphur-spring-glacier-gray-LC2180200-retro.webp","datePublished":"2024-09-12T12:31:28+00:00","dateModified":"2025-03-13T11:20:28+00:00","description":"Der minimalistische Pulse Stretchg\u00fcrtel ist noch leichter und haltbarer. So k\u00f6nnen Sie Ihre Habseligkeiten und Flaschen sicher aufbewahren.","breadcrumb":{"@id":"https:\/\/www.miomiorun.com\/de\/produkt\/pulse-belt\/#breadcrumb"},"inLanguage":"de-DE","potentialAction":[{"@type":"ReadAction","target":["https:\/\/www.miomiorun.com\/de\/produkt\/pulse-belt\/"]}]},{"@type":"ImageObject","inLanguage":"de-DE","@id":"https:\/\/www.miomiorun.com\/de\/produkt\/pulse-belt\/#primaryimage","url":"https:\/\/www.miomiorun.com\/app\/uploads\/2024\/10\/salomon-Pulse-belt-sulphur-spring-glacier-gray-LC2180200-retro.webp","contentUrl":"https:\/\/www.miomiorun.com\/app\/uploads\/2024\/10\/salomon-Pulse-belt-sulphur-spring-glacier-gray-LC2180200-retro.webp","width":600,"height":600,"caption":"salomon Pulse belt sulphur spring glacier gray LC2180200 retro"},{"@type":"BreadcrumbList","@id":"https:\/\/www.miomiorun.com\/de\/produkt\/pulse-belt\/#breadcrumb","itemListElement":[{"@type":"ListItem","position":1,"name":"Home","item":"https:\/\/www.miomiorun.com\/de\/"},{"@type":"ListItem","position":2,"name":"Shop","item":"https:\/\/www.miomiorun.com\/shop\/"},{"@type":"ListItem","position":3,"name":"Pulse Belt"}]},{"@type":"WebSite","@id":"https:\/\/www.miomiorun.com\/de\/#website","url":"https:\/\/www.miomiorun.com\/de\/","name":"MioMioRun","description":"100% Lauf- und Trailshop","publisher":{"@id":"https:\/\/www.miomiorun.com\/de\/#organization"},"potentialAction":[{"@type":"SearchAction","target":{"@type":"EntryPoint","urlTemplate":"https:\/\/www.miomiorun.com\/de\/?s={search_term_string}"},"query-input":{"@type":"PropertyValueSpecification","valueRequired":true,"valueName":"search_term_string"}}],"inLanguage":"de-DE"},{"@type":"Organization","@id":"https:\/\/www.miomiorun.com\/de\/#organization","name":"MioMio Run","url":"https:\/\/www.miomiorun.com\/de\/","logo":{"@type":"ImageObject","inLanguage":"de-DE","@id":"https:\/\/www.miomiorun.com\/de\/#\/schema\/logo\/image\/","url":"https:\/\/www.miomiorun.com\/app\/uploads\/2019\/12\/logomio.png","contentUrl":"https:\/\/www.miomiorun.com\/app\/uploads\/2019\/12\/logomio.png","width":115,"height":82,"caption":"MioMio Run"},"image":{"@id":"https:\/\/www.miomiorun.com\/de\/#\/schema\/logo\/image\/"},"sameAs":["https:\/\/www.facebook.com\/miomiorun\/","https:\/\/www.instagram.com\/miomiorun\/"]}]}},"_links":{"self":[{"href":"https:\/\/www.miomiorun.com\/de\/wp-json\/wp\/v2\/product\/200170","targetHints":{"allow":["GET"]}}],"collection":[{"href":"https:\/\/www.miomiorun.com\/de\/wp-json\/wp\/v2\/product"}],"about":[{"href":"https:\/\/www.miomiorun.com\/de\/wp-json\/wp\/v2\/types\/product"}],"wp:featuredmedia":[{"embeddable":true,"href":"https:\/\/www.miomiorun.com\/de\/wp-json\/wp\/v2\/media\/210433"}],"wp:attachment":[{"href":"https:\/\/www.miomiorun.com\/de\/wp-json\/wp\/v2\/media?parent=200170"}],"wp:term":[{"taxonomy":"product_brand","embeddable":true,"href":"https:\/\/www.miomiorun.com\/de\/wp-json\/wp\/v2\/product_brand?post=200170"},{"taxonomy":"product_cat","embeddable":true,"href":"https:\/\/www.miomiorun.com\/de\/wp-json\/wp\/v2\/product_cat?post=200170"},{"taxonomy":"product_tag","embeddable":true,"href":"https:\/\/www.miomiorun.com\/de\/wp-json\/wp\/v2\/product_tag?post=200170"}],"curies":[{"name":"wp","href":"https:\/\/api.w.org\/{rel}","templated":true}]}}