{"id":200112,"date":"2024-09-12T13:18:41","date_gmt":"2024-09-12T11:18:41","guid":{"rendered":"https:\/\/miomiorun.com\/?post_type=product&#038;p=200112"},"modified":"2025-03-13T12:25:44","modified_gmt":"2025-03-13T11:25:44","slug":"speedcross-waterproof-jr","status":"publish","type":"product","link":"https:\/\/www.miomiorun.com\/de\/produkt\/speedcross-waterproof-jr\/","title":{"rendered":"Speedcross Waterproof JR"},"content":{"rendered":"<div class=\"vc-row container\"><div class=\"vc-column\"><div class=\"vc-column-text\"><\/p>\n<h4>Technische Daten<\/h4>\n<p>Kategorie: Strukturierte D\u00e4mpfung<br \/>\nGewicht: 208gr<br \/>\nIdeal f\u00fcr: Jungen, die einen Schuh mit guter D\u00e4mpfung und Struktur brauchen, um Bergpfade zu bew\u00e4ltigen. Ideal f\u00fcr den Einstieg ins Trailrunning oder f\u00fcr Jungen, die bereits mittlere bis lange Strecken in Angriff nehmen.<br \/>\n<a href=\"https:\/\/miomiorun.com\/de\/leitfaden-fuer-technische-spezifikationen\/\">Leitfaden f\u00fcr technische Daten<\/a><\/p>\n<p><\/div><\/div><div class=\"vc-column\"><div class=\"vc-column-text\">Der <strong>SPEEDCROSS CLIMASALOMON\u2122 WATERPROOF<\/strong> Kinderschuh ist ein besonders griffiger Schuh f\u00fcr junge Athleten, die bereit sind, schnell zu laufen und dir auf jedem Terrain zu folgen. Es ist Zeit, die Herausforderung zu erneuern!<\/p>\n<h2>Merkmale:<\/h2>\n<ul>\n<li>Perfekter Schuh f\u00fcr den Schulanfang.<\/li>\n<li>Wasserdicht.<\/li>\n<li>Hervorragender Grip f\u00fcr L\u00e4ufe in jedem Terrain.<\/li>\n<\/ul>\n<h2 style=\"text-align: center;\">Pr\u00e4zise Passform<\/h2>\n<p>Das SensiFit-System sorgt f\u00fcr eine pr\u00e4zise, bequeme Passform und ein hervorragendes Gef\u00fchl f\u00fcr den Boden. Junge F\u00fc\u00dfe verdienen es, umarmt zu werden!<\/p>\n<h2 style=\"text-align: center;\">Grip<\/h2>\n<p>Mit der Contagrip-Technologie f\u00fcr maximale Traktion und f\u00fcr die Bew\u00e4ltigung des anspruchsvollsten Terrains. Maximaler Spa\u00df ohne Ausrutschen.<\/p>\n<h2 style=\"text-align: center;\">Praktischer Komfort<\/h2>\n<p>Einfaches An- und Ausziehen: das Quicklace-System macht es zum Kinderspiel. Die eingespritzte und konturierte EVA-Zwischensohle bietet maximalen Komfort und D\u00e4mpfung.<\/div><\/div><\/div>\n","protected":false},"excerpt":{"rendered":"","protected":false},"featured_media":202464,"template":"","meta":{"_acf_changed":false,"inline_featured_image":false},"product_brand":[],"product_cat":[19446,19445,6399],"product_tag":[20480,20487],"class_list":{"0":"post-200112","1":"product","2":"type-product","3":"status-publish","4":"has-post-thumbnail","6":"product_cat-kinderschuhe","7":"product_cat-schuhe-fur-madchen","8":"product_cat-kind-de","9":"product_tag-salomon-de","10":"product_tag-salomon-kind","11":"pa_attivita-gehen","12":"pa_attivita-lifestyle-de","13":"pa_attivita-outdoor-de","14":"pa_attivita-trail-de","15":"pa_colore-speedcross-cswp-j-dlicgr-black-yellow-de","16":"pa_colore-speedcross-cswp-j-plumc-orchib-bla-de","17":"pa_marca-salomon-de","18":"pa_sesso-damen","19":"pa_sesso-herren","20":"pa_size-31-de","21":"pa_size-32-de","22":"pa_size-33-de","23":"pa_size-34-de","24":"pa_size-35-de","25":"pa_size-36-de","26":"pa_size-37-de","27":"pa_size-38-de","28":"pa_size-39-de","30":"first","31":"instock","32":"sale","33":"taxable","34":"shipping-taxable","35":"purchasable","36":"product-type-variable","37":"wvs-archive-product-wrapper"},"acf":[],"yoast_head":"<!-- This site is optimized with the Yoast SEO plugin v26.8 - https:\/\/yoast.com\/product\/yoast-seo-wordpress\/ -->\n<title>SalomonSpeedcross Waterproof JR - Kinderlaufschuhe - MioMioRun<\/title>\n<meta name=\"description\" content=\"Der SPEEDCROSS CLIMASALOMON\u2122 WATERPROOF Kinderschuh ist mit extra viel Grip ausgestattet und f\u00fcr junge Athleten gedacht, die schnell laufen wollen.\" \/>\n<meta name=\"robots\" content=\"index, follow, max-snippet:-1, max-image-preview:large, max-video-preview:-1\" \/>\n<link rel=\"canonical\" href=\"https:\/\/www.miomiorun.com\/de\/produkt\/speedcross-waterproof-jr\/\" \/>\n<meta property=\"og:locale\" content=\"de_DE\" \/>\n<meta property=\"og:type\" content=\"article\" \/>\n<meta property=\"og:title\" content=\"SalomonSpeedcross Waterproof JR - Kinderlaufschuhe - MioMioRun\" \/>\n<meta property=\"og:description\" content=\"Der SPEEDCROSS CLIMASALOMON\u2122 WATERPROOF Kinderschuh ist mit extra viel Grip ausgestattet und f\u00fcr junge Athleten gedacht, die schnell laufen wollen.\" \/>\n<meta property=\"og:url\" content=\"https:\/\/www.miomiorun.com\/de\/produkt\/speedcross-waterproof-jr\/\" \/>\n<meta property=\"og:site_name\" content=\"MioMioRun\" \/>\n<meta property=\"article:publisher\" content=\"https:\/\/www.facebook.com\/miomiorun\/\" \/>\n<meta property=\"article:modified_time\" content=\"2025-03-13T11:25:44+00:00\" \/>\n<meta property=\"og:image\" content=\"https:\/\/www.miomiorun.com\/app\/uploads\/2024\/09\/Salomon-Speedcross-CSWP-J-dlicgr-black-yellow-L47278900.webp\" \/>\n\t<meta property=\"og:image:width\" content=\"600\" \/>\n\t<meta property=\"og:image:height\" content=\"600\" \/>\n\t<meta property=\"og:image:type\" content=\"image\/webp\" \/>\n<meta name=\"twitter:card\" content=\"summary_large_image\" \/>\n<meta name=\"twitter:label1\" content=\"Est. reading time\" \/>\n\t<meta name=\"twitter:data1\" content=\"1 minute\" \/>\n<script type=\"application\/ld+json\" class=\"yoast-schema-graph\">{\"@context\":\"https:\/\/schema.org\",\"@graph\":[{\"@type\":\"WebPage\",\"@id\":\"https:\/\/www.miomiorun.com\/de\/produkt\/speedcross-waterproof-jr\/\",\"url\":\"https:\/\/www.miomiorun.com\/de\/produkt\/speedcross-waterproof-jr\/\",\"name\":\"SalomonSpeedcross Waterproof JR - Kinderlaufschuhe - MioMioRun\",\"isPartOf\":{\"@id\":\"https:\/\/www.miomiorun.com\/de\/#website\"},\"primaryImageOfPage\":{\"@id\":\"https:\/\/www.miomiorun.com\/de\/produkt\/speedcross-waterproof-jr\/#primaryimage\"},\"image\":{\"@id\":\"https:\/\/www.miomiorun.com\/de\/produkt\/speedcross-waterproof-jr\/#primaryimage\"},\"thumbnailUrl\":\"https:\/\/www.miomiorun.com\/app\/uploads\/2024\/09\/Salomon-Speedcross-CSWP-J-dlicgr-black-yellow-L47278900.webp\",\"datePublished\":\"2024-09-12T11:18:41+00:00\",\"dateModified\":\"2025-03-13T11:25:44+00:00\",\"description\":\"Der SPEEDCROSS CLIMASALOMON\u2122 WATERPROOF Kinderschuh ist mit extra viel Grip ausgestattet und f\u00fcr junge Athleten gedacht, die schnell laufen wollen.\",\"breadcrumb\":{\"@id\":\"https:\/\/www.miomiorun.com\/de\/produkt\/speedcross-waterproof-jr\/#breadcrumb\"},\"inLanguage\":\"de-DE\",\"potentialAction\":[{\"@type\":\"ReadAction\",\"target\":[\"https:\/\/www.miomiorun.com\/de\/produkt\/speedcross-waterproof-jr\/\"]}]},{\"@type\":\"ImageObject\",\"inLanguage\":\"de-DE\",\"@id\":\"https:\/\/www.miomiorun.com\/de\/produkt\/speedcross-waterproof-jr\/#primaryimage\",\"url\":\"https:\/\/www.miomiorun.com\/app\/uploads\/2024\/09\/Salomon-Speedcross-CSWP-J-dlicgr-black-yellow-L47278900.webp\",\"contentUrl\":\"https:\/\/www.miomiorun.com\/app\/uploads\/2024\/09\/Salomon-Speedcross-CSWP-J-dlicgr-black-yellow-L47278900.webp\",\"width\":600,\"height\":600,\"caption\":\"Salomon Speedcross CSWP J dlicgr black yellow L47278900\"},{\"@type\":\"BreadcrumbList\",\"@id\":\"https:\/\/www.miomiorun.com\/de\/produkt\/speedcross-waterproof-jr\/#breadcrumb\",\"itemListElement\":[{\"@type\":\"ListItem\",\"position\":1,\"name\":\"Home\",\"item\":\"https:\/\/www.miomiorun.com\/de\/\"},{\"@type\":\"ListItem\",\"position\":2,\"name\":\"Shop\",\"item\":\"https:\/\/www.miomiorun.com\/shop\/\"},{\"@type\":\"ListItem\",\"position\":3,\"name\":\"Speedcross Waterproof JR\"}]},{\"@type\":\"WebSite\",\"@id\":\"https:\/\/www.miomiorun.com\/de\/#website\",\"url\":\"https:\/\/www.miomiorun.com\/de\/\",\"name\":\"MioMioRun\",\"description\":\"100% Lauf- und Trailshop\",\"publisher\":{\"@id\":\"https:\/\/www.miomiorun.com\/de\/#organization\"},\"potentialAction\":[{\"@type\":\"SearchAction\",\"target\":{\"@type\":\"EntryPoint\",\"urlTemplate\":\"https:\/\/www.miomiorun.com\/de\/?s={search_term_string}\"},\"query-input\":{\"@type\":\"PropertyValueSpecification\",\"valueRequired\":true,\"valueName\":\"search_term_string\"}}],\"inLanguage\":\"de-DE\"},{\"@type\":\"Organization\",\"@id\":\"https:\/\/www.miomiorun.com\/de\/#organization\",\"name\":\"MioMio Run\",\"url\":\"https:\/\/www.miomiorun.com\/de\/\",\"logo\":{\"@type\":\"ImageObject\",\"inLanguage\":\"de-DE\",\"@id\":\"https:\/\/www.miomiorun.com\/de\/#\/schema\/logo\/image\/\",\"url\":\"https:\/\/www.miomiorun.com\/app\/uploads\/2019\/12\/logomio.png\",\"contentUrl\":\"https:\/\/www.miomiorun.com\/app\/uploads\/2019\/12\/logomio.png\",\"width\":115,\"height\":82,\"caption\":\"MioMio Run\"},\"image\":{\"@id\":\"https:\/\/www.miomiorun.com\/de\/#\/schema\/logo\/image\/\"},\"sameAs\":[\"https:\/\/www.facebook.com\/miomiorun\/\",\"https:\/\/www.instagram.com\/miomiorun\/\"]}]}<\/script>\n<!-- \/ Yoast SEO plugin. -->","yoast_head_json":{"title":"SalomonSpeedcross Waterproof JR - Kinderlaufschuhe - MioMioRun","description":"Der SPEEDCROSS CLIMASALOMON\u2122 WATERPROOF Kinderschuh ist mit extra viel Grip ausgestattet und f\u00fcr junge Athleten gedacht, die schnell laufen wollen.","robots":{"index":"index","follow":"follow","max-snippet":"max-snippet:-1","max-image-preview":"max-image-preview:large","max-video-preview":"max-video-preview:-1"},"canonical":"https:\/\/www.miomiorun.com\/de\/produkt\/speedcross-waterproof-jr\/","og_locale":"de_DE","og_type":"article","og_title":"SalomonSpeedcross Waterproof JR - Kinderlaufschuhe - MioMioRun","og_description":"Der SPEEDCROSS CLIMASALOMON\u2122 WATERPROOF Kinderschuh ist mit extra viel Grip ausgestattet und f\u00fcr junge Athleten gedacht, die schnell laufen wollen.","og_url":"https:\/\/www.miomiorun.com\/de\/produkt\/speedcross-waterproof-jr\/","og_site_name":"MioMioRun","article_publisher":"https:\/\/www.facebook.com\/miomiorun\/","article_modified_time":"2025-03-13T11:25:44+00:00","og_image":[{"width":600,"height":600,"url":"https:\/\/www.miomiorun.com\/app\/uploads\/2024\/09\/Salomon-Speedcross-CSWP-J-dlicgr-black-yellow-L47278900.webp","type":"image\/webp"}],"twitter_card":"summary_large_image","twitter_misc":{"Est. reading time":"1 minute"},"schema":{"@context":"https:\/\/schema.org","@graph":[{"@type":"WebPage","@id":"https:\/\/www.miomiorun.com\/de\/produkt\/speedcross-waterproof-jr\/","url":"https:\/\/www.miomiorun.com\/de\/produkt\/speedcross-waterproof-jr\/","name":"SalomonSpeedcross Waterproof JR - Kinderlaufschuhe - MioMioRun","isPartOf":{"@id":"https:\/\/www.miomiorun.com\/de\/#website"},"primaryImageOfPage":{"@id":"https:\/\/www.miomiorun.com\/de\/produkt\/speedcross-waterproof-jr\/#primaryimage"},"image":{"@id":"https:\/\/www.miomiorun.com\/de\/produkt\/speedcross-waterproof-jr\/#primaryimage"},"thumbnailUrl":"https:\/\/www.miomiorun.com\/app\/uploads\/2024\/09\/Salomon-Speedcross-CSWP-J-dlicgr-black-yellow-L47278900.webp","datePublished":"2024-09-12T11:18:41+00:00","dateModified":"2025-03-13T11:25:44+00:00","description":"Der SPEEDCROSS CLIMASALOMON\u2122 WATERPROOF Kinderschuh ist mit extra viel Grip ausgestattet und f\u00fcr junge Athleten gedacht, die schnell laufen wollen.","breadcrumb":{"@id":"https:\/\/www.miomiorun.com\/de\/produkt\/speedcross-waterproof-jr\/#breadcrumb"},"inLanguage":"de-DE","potentialAction":[{"@type":"ReadAction","target":["https:\/\/www.miomiorun.com\/de\/produkt\/speedcross-waterproof-jr\/"]}]},{"@type":"ImageObject","inLanguage":"de-DE","@id":"https:\/\/www.miomiorun.com\/de\/produkt\/speedcross-waterproof-jr\/#primaryimage","url":"https:\/\/www.miomiorun.com\/app\/uploads\/2024\/09\/Salomon-Speedcross-CSWP-J-dlicgr-black-yellow-L47278900.webp","contentUrl":"https:\/\/www.miomiorun.com\/app\/uploads\/2024\/09\/Salomon-Speedcross-CSWP-J-dlicgr-black-yellow-L47278900.webp","width":600,"height":600,"caption":"Salomon Speedcross CSWP J dlicgr black yellow L47278900"},{"@type":"BreadcrumbList","@id":"https:\/\/www.miomiorun.com\/de\/produkt\/speedcross-waterproof-jr\/#breadcrumb","itemListElement":[{"@type":"ListItem","position":1,"name":"Home","item":"https:\/\/www.miomiorun.com\/de\/"},{"@type":"ListItem","position":2,"name":"Shop","item":"https:\/\/www.miomiorun.com\/shop\/"},{"@type":"ListItem","position":3,"name":"Speedcross Waterproof JR"}]},{"@type":"WebSite","@id":"https:\/\/www.miomiorun.com\/de\/#website","url":"https:\/\/www.miomiorun.com\/de\/","name":"MioMioRun","description":"100% Lauf- und Trailshop","publisher":{"@id":"https:\/\/www.miomiorun.com\/de\/#organization"},"potentialAction":[{"@type":"SearchAction","target":{"@type":"EntryPoint","urlTemplate":"https:\/\/www.miomiorun.com\/de\/?s={search_term_string}"},"query-input":{"@type":"PropertyValueSpecification","valueRequired":true,"valueName":"search_term_string"}}],"inLanguage":"de-DE"},{"@type":"Organization","@id":"https:\/\/www.miomiorun.com\/de\/#organization","name":"MioMio Run","url":"https:\/\/www.miomiorun.com\/de\/","logo":{"@type":"ImageObject","inLanguage":"de-DE","@id":"https:\/\/www.miomiorun.com\/de\/#\/schema\/logo\/image\/","url":"https:\/\/www.miomiorun.com\/app\/uploads\/2019\/12\/logomio.png","contentUrl":"https:\/\/www.miomiorun.com\/app\/uploads\/2019\/12\/logomio.png","width":115,"height":82,"caption":"MioMio Run"},"image":{"@id":"https:\/\/www.miomiorun.com\/de\/#\/schema\/logo\/image\/"},"sameAs":["https:\/\/www.facebook.com\/miomiorun\/","https:\/\/www.instagram.com\/miomiorun\/"]}]}},"_links":{"self":[{"href":"https:\/\/www.miomiorun.com\/de\/wp-json\/wp\/v2\/product\/200112","targetHints":{"allow":["GET"]}}],"collection":[{"href":"https:\/\/www.miomiorun.com\/de\/wp-json\/wp\/v2\/product"}],"about":[{"href":"https:\/\/www.miomiorun.com\/de\/wp-json\/wp\/v2\/types\/product"}],"wp:featuredmedia":[{"embeddable":true,"href":"https:\/\/www.miomiorun.com\/de\/wp-json\/wp\/v2\/media\/202464"}],"wp:attachment":[{"href":"https:\/\/www.miomiorun.com\/de\/wp-json\/wp\/v2\/media?parent=200112"}],"wp:term":[{"taxonomy":"product_brand","embeddable":true,"href":"https:\/\/www.miomiorun.com\/de\/wp-json\/wp\/v2\/product_brand?post=200112"},{"taxonomy":"product_cat","embeddable":true,"href":"https:\/\/www.miomiorun.com\/de\/wp-json\/wp\/v2\/product_cat?post=200112"},{"taxonomy":"product_tag","embeddable":true,"href":"https:\/\/www.miomiorun.com\/de\/wp-json\/wp\/v2\/product_tag?post=200112"}],"curies":[{"name":"wp","href":"https:\/\/api.w.org\/{rel}","templated":true}]}}