{"id":199995,"date":"2024-09-12T13:06:25","date_gmt":"2024-09-12T11:06:25","guid":{"rendered":"https:\/\/miomiorun.com\/?post_type=product&#038;p=199995"},"modified":"2026-03-18T18:44:21","modified_gmt":"2026-03-18T17:44:21","slug":"speedcross-6-gtx-damen","status":"publish","type":"product","link":"https:\/\/www.miomiorun.com\/de\/produkt\/speedcross-6-gtx-damen\/","title":{"rendered":"Speedcross 6 GTX damen"},"content":{"rendered":"<div class=\"vc-row container\"><div class=\"vc-column\"><div class=\"vc-column-text\"><\/p>\n<p><strong>Technische Daten<\/strong><\/p>\n<p>Kategorie: Top-D\u00e4mpfung<br \/>\nVersatz: 10 mm<br \/>\nGewicht: 279 g<br \/>\nIdeal f\u00fcr: Traill\u00e4ufer und Liebhaber von Wanderungen und Bergl\u00e4ufen, die ein leichtes, gut ged\u00e4mpftes und sch\u00fctzendes Modell suchen, mit einer Gore-Tex-Membran, die auch auf langen Strecken maximalen Komfort bietet.<br \/>\nGewicht des Athleten: 50-70 kg<br \/>\nLauftempo: mittelschnell (4.30-6.00 min\/km)<br \/>\n<a href=\"https:\/\/miomiorun.com\/de\/leitfaden-fuer-technische-spezifikationen\/\">Technische Daten<\/a><\/p>\n<p><\/div><\/div><div class=\"vc-column\"><div class=\"vc-column-text\">Die Damenversion des <strong>SPEEDCROSS 6 GORE-TEX<\/strong> muss nicht vorgestellt werden.<\/p>\n<p>Er bleibt seinen legend\u00e4ren Urspr\u00fcngen und seinem Status als Trailrunning-Ikone treu. Diese Version ist leichter, hat einen noch kraftvolleren und effektiveren Bodenkontakt und gleitet schneller aus dem Schlamm. Er verf\u00fcgt \u00fcber eine wasserdichte und atmungsaktive GORE-TEX Membran, ideal f\u00fcr nasses und schlammiges Terrain, ein \u00fcberarbeitetes Obermaterial und den klassischen SPEEDCROSS Komfort.<\/p>\n<h3><strong>PERFEKT F\u00dcR:<\/strong><\/h3>\n<ul>\n<li>Gemischtes Terrain, Schlamm.<\/li>\n<li>Traktion.<\/li>\n<li>2-3 Fahrten pro Woche.<\/li>\n<\/ul>\n<h3><strong>Eigenschaften:<\/strong><\/h3>\n<ul>\n<li>Weiche, sch\u00fctzende D\u00e4mpfung, die die Reaktionsf\u00e4higkeit und den Schub nicht beeintr\u00e4chtigt.<\/li>\n<li>Quicklace-Schn\u00fcrsystem.<\/li>\n<li>Innenfutter aus Stoff.<\/li>\n<li>Ideal f\u00fcr gemischtes und schlammiges Terrain.<\/li>\n<\/ul>\n<h2>Grip<\/h2>\n<p>Dank eines \u00fcberarbeiteten Profils h\u00e4lt dieser Speedcross Schlamm schneller fern und bietet noch besseren Grip auf nassen Oberfl\u00e4chen.<\/p>\n<h2>Passform<\/h2>\n<p>SensiFit-Konstruktion f\u00fcr einen pr\u00e4zisen und optimalen Halt des Fu\u00dfes, mit dem klassischen Speedcross-Komfort.<\/p>\n<h2>Wasserdicht<\/h2>\n<p>Wasserdichte und atmungsaktive GORE-TEX Membran f\u00fcr trockene und bequeme F\u00fc\u00dfe auch unter schwierigen Bedingungen und in schlammigem Gel\u00e4nde.<\/div><\/div><\/div>\n","protected":false},"excerpt":{"rendered":"<ul>\n<li>Trail-Schuh, ideal f\u00fcr gemischtes und schlammiges Terrain.<\/li>\n<li>Perfekt f\u00fcr lange Wanderungen und L\u00e4ufe.<\/li>\n<li>Gore-Tex Schuhe.<\/li>\n<\/ul>\n","protected":false},"featured_media":202381,"template":"","meta":{"_acf_changed":false,"inline_featured_image":false},"product_brand":[],"product_cat":[6474,6491],"product_tag":[20480,20485],"class_list":{"0":"post-199995","1":"product","2":"type-product","3":"status-publish","4":"has-post-thumbnail","6":"product_cat-damenschuhe","7":"product_cat-damentrailschuhe","8":"product_tag-salomon-de","9":"product_tag-salomon-damen","10":"pa_attivita-outdoor-de","11":"pa_attivita-trail-de","12":"pa_colore-speedcross-6-gtx-w-blue-curacao-black-ic-de","13":"pa_colore-speedcross-6-gtx-w-bog-dawn-pink-acid-li","14":"pa_colore-speedcross-6-gtx-w-carbon-provence-white-de","15":"pa_colore-speedcross-6-gtx-w-tyello-black-watf","16":"pa_marca-salomon-de","17":"pa_sesso-damen","18":"pa_size-38-de","20":"pa_size-39-de","21":"pa_size-40-de","23":"pa_size-41-de","25":"first","26":"instock","27":"sale","28":"taxable","29":"shipping-taxable","30":"purchasable","31":"product-type-variable","32":"wvs-archive-product-wrapper"},"acf":[],"yoast_head":"<!-- This site is optimized with the Yoast SEO plugin v26.8 - https:\/\/yoast.com\/product\/yoast-seo-wordpress\/ -->\n<title>Salomon Speedcross 6 GTX damen - Damen-Trail-Schuhe - MioMioRun.com<\/title>\n<meta name=\"description\" content=\"Der SPEEDCROSS 6 in der Damenversion braucht keine Vorstellung. Getreu seinen legend\u00e4ren Urspr\u00fcngen und seinem Status als Trail-Schuh\" \/>\n<meta name=\"robots\" content=\"index, follow, max-snippet:-1, max-image-preview:large, max-video-preview:-1\" \/>\n<link rel=\"canonical\" href=\"https:\/\/www.miomiorun.com\/de\/produkt\/speedcross-6-gtx-damen\/\" \/>\n<meta property=\"og:locale\" content=\"de_DE\" \/>\n<meta property=\"og:type\" content=\"article\" \/>\n<meta property=\"og:title\" content=\"Salomon Speedcross 6 GTX damen - Damen-Trail-Schuhe - MioMioRun.com\" \/>\n<meta property=\"og:description\" content=\"Der SPEEDCROSS 6 in der Damenversion braucht keine Vorstellung. Getreu seinen legend\u00e4ren Urspr\u00fcngen und seinem Status als Trail-Schuh\" \/>\n<meta property=\"og:url\" content=\"https:\/\/www.miomiorun.com\/de\/produkt\/speedcross-6-gtx-damen\/\" \/>\n<meta property=\"og:site_name\" content=\"MioMioRun\" \/>\n<meta property=\"article:publisher\" content=\"https:\/\/www.facebook.com\/miomiorun\/\" \/>\n<meta property=\"article:modified_time\" content=\"2026-03-18T17:44:21+00:00\" \/>\n<meta property=\"og:image\" content=\"https:\/\/www.miomiorun.com\/app\/uploads\/2024\/09\/salomon-Speedcross-6-GTX-W-carbon-provence-white-L47465900.webp\" \/>\n\t<meta property=\"og:image:width\" content=\"600\" \/>\n\t<meta property=\"og:image:height\" content=\"600\" \/>\n\t<meta property=\"og:image:type\" content=\"image\/webp\" \/>\n<meta name=\"twitter:card\" content=\"summary_large_image\" \/>\n<meta name=\"twitter:label1\" content=\"Est. reading time\" \/>\n\t<meta name=\"twitter:data1\" content=\"1 minute\" \/>\n<script type=\"application\/ld+json\" class=\"yoast-schema-graph\">{\"@context\":\"https:\/\/schema.org\",\"@graph\":[{\"@type\":\"WebPage\",\"@id\":\"https:\/\/www.miomiorun.com\/de\/produkt\/speedcross-6-gtx-damen\/\",\"url\":\"https:\/\/www.miomiorun.com\/de\/produkt\/speedcross-6-gtx-damen\/\",\"name\":\"Salomon Speedcross 6 GTX damen - Damen-Trail-Schuhe - MioMioRun.com\",\"isPartOf\":{\"@id\":\"https:\/\/www.miomiorun.com\/de\/#website\"},\"primaryImageOfPage\":{\"@id\":\"https:\/\/www.miomiorun.com\/de\/produkt\/speedcross-6-gtx-damen\/#primaryimage\"},\"image\":{\"@id\":\"https:\/\/www.miomiorun.com\/de\/produkt\/speedcross-6-gtx-damen\/#primaryimage\"},\"thumbnailUrl\":\"https:\/\/www.miomiorun.com\/app\/uploads\/2024\/09\/salomon-Speedcross-6-GTX-W-carbon-provence-white-L47465900.webp\",\"datePublished\":\"2024-09-12T11:06:25+00:00\",\"dateModified\":\"2026-03-18T17:44:21+00:00\",\"description\":\"Der SPEEDCROSS 6 in der Damenversion braucht keine Vorstellung. Getreu seinen legend\u00e4ren Urspr\u00fcngen und seinem Status als Trail-Schuh\",\"breadcrumb\":{\"@id\":\"https:\/\/www.miomiorun.com\/de\/produkt\/speedcross-6-gtx-damen\/#breadcrumb\"},\"inLanguage\":\"de-DE\",\"potentialAction\":[{\"@type\":\"ReadAction\",\"target\":[\"https:\/\/www.miomiorun.com\/de\/produkt\/speedcross-6-gtx-damen\/\"]}]},{\"@type\":\"ImageObject\",\"inLanguage\":\"de-DE\",\"@id\":\"https:\/\/www.miomiorun.com\/de\/produkt\/speedcross-6-gtx-damen\/#primaryimage\",\"url\":\"https:\/\/www.miomiorun.com\/app\/uploads\/2024\/09\/salomon-Speedcross-6-GTX-W-carbon-provence-white-L47465900.webp\",\"contentUrl\":\"https:\/\/www.miomiorun.com\/app\/uploads\/2024\/09\/salomon-Speedcross-6-GTX-W-carbon-provence-white-L47465900.webp\",\"width\":600,\"height\":600,\"caption\":\"salomon Speedcross 6 GTX W carbon provence white L47465900\"},{\"@type\":\"BreadcrumbList\",\"@id\":\"https:\/\/www.miomiorun.com\/de\/produkt\/speedcross-6-gtx-damen\/#breadcrumb\",\"itemListElement\":[{\"@type\":\"ListItem\",\"position\":1,\"name\":\"Home\",\"item\":\"https:\/\/www.miomiorun.com\/de\/\"},{\"@type\":\"ListItem\",\"position\":2,\"name\":\"Shop\",\"item\":\"https:\/\/www.miomiorun.com\/shop\/\"},{\"@type\":\"ListItem\",\"position\":3,\"name\":\"Speedcross 6 GTX damen\"}]},{\"@type\":\"WebSite\",\"@id\":\"https:\/\/www.miomiorun.com\/de\/#website\",\"url\":\"https:\/\/www.miomiorun.com\/de\/\",\"name\":\"MioMioRun\",\"description\":\"100% Lauf- und Trailshop\",\"publisher\":{\"@id\":\"https:\/\/www.miomiorun.com\/de\/#organization\"},\"potentialAction\":[{\"@type\":\"SearchAction\",\"target\":{\"@type\":\"EntryPoint\",\"urlTemplate\":\"https:\/\/www.miomiorun.com\/de\/?s={search_term_string}\"},\"query-input\":{\"@type\":\"PropertyValueSpecification\",\"valueRequired\":true,\"valueName\":\"search_term_string\"}}],\"inLanguage\":\"de-DE\"},{\"@type\":\"Organization\",\"@id\":\"https:\/\/www.miomiorun.com\/de\/#organization\",\"name\":\"MioMio Run\",\"url\":\"https:\/\/www.miomiorun.com\/de\/\",\"logo\":{\"@type\":\"ImageObject\",\"inLanguage\":\"de-DE\",\"@id\":\"https:\/\/www.miomiorun.com\/de\/#\/schema\/logo\/image\/\",\"url\":\"https:\/\/www.miomiorun.com\/app\/uploads\/2019\/12\/logomio.png\",\"contentUrl\":\"https:\/\/www.miomiorun.com\/app\/uploads\/2019\/12\/logomio.png\",\"width\":115,\"height\":82,\"caption\":\"MioMio Run\"},\"image\":{\"@id\":\"https:\/\/www.miomiorun.com\/de\/#\/schema\/logo\/image\/\"},\"sameAs\":[\"https:\/\/www.facebook.com\/miomiorun\/\",\"https:\/\/www.instagram.com\/miomiorun\/\"]}]}<\/script>\n<!-- \/ Yoast SEO plugin. -->","yoast_head_json":{"title":"Salomon Speedcross 6 GTX damen - Damen-Trail-Schuhe - MioMioRun.com","description":"Der SPEEDCROSS 6 in der Damenversion braucht keine Vorstellung. Getreu seinen legend\u00e4ren Urspr\u00fcngen und seinem Status als Trail-Schuh","robots":{"index":"index","follow":"follow","max-snippet":"max-snippet:-1","max-image-preview":"max-image-preview:large","max-video-preview":"max-video-preview:-1"},"canonical":"https:\/\/www.miomiorun.com\/de\/produkt\/speedcross-6-gtx-damen\/","og_locale":"de_DE","og_type":"article","og_title":"Salomon Speedcross 6 GTX damen - Damen-Trail-Schuhe - MioMioRun.com","og_description":"Der SPEEDCROSS 6 in der Damenversion braucht keine Vorstellung. Getreu seinen legend\u00e4ren Urspr\u00fcngen und seinem Status als Trail-Schuh","og_url":"https:\/\/www.miomiorun.com\/de\/produkt\/speedcross-6-gtx-damen\/","og_site_name":"MioMioRun","article_publisher":"https:\/\/www.facebook.com\/miomiorun\/","article_modified_time":"2026-03-18T17:44:21+00:00","og_image":[{"width":600,"height":600,"url":"https:\/\/www.miomiorun.com\/app\/uploads\/2024\/09\/salomon-Speedcross-6-GTX-W-carbon-provence-white-L47465900.webp","type":"image\/webp"}],"twitter_card":"summary_large_image","twitter_misc":{"Est. reading time":"1 minute"},"schema":{"@context":"https:\/\/schema.org","@graph":[{"@type":"WebPage","@id":"https:\/\/www.miomiorun.com\/de\/produkt\/speedcross-6-gtx-damen\/","url":"https:\/\/www.miomiorun.com\/de\/produkt\/speedcross-6-gtx-damen\/","name":"Salomon Speedcross 6 GTX damen - Damen-Trail-Schuhe - MioMioRun.com","isPartOf":{"@id":"https:\/\/www.miomiorun.com\/de\/#website"},"primaryImageOfPage":{"@id":"https:\/\/www.miomiorun.com\/de\/produkt\/speedcross-6-gtx-damen\/#primaryimage"},"image":{"@id":"https:\/\/www.miomiorun.com\/de\/produkt\/speedcross-6-gtx-damen\/#primaryimage"},"thumbnailUrl":"https:\/\/www.miomiorun.com\/app\/uploads\/2024\/09\/salomon-Speedcross-6-GTX-W-carbon-provence-white-L47465900.webp","datePublished":"2024-09-12T11:06:25+00:00","dateModified":"2026-03-18T17:44:21+00:00","description":"Der SPEEDCROSS 6 in der Damenversion braucht keine Vorstellung. Getreu seinen legend\u00e4ren Urspr\u00fcngen und seinem Status als Trail-Schuh","breadcrumb":{"@id":"https:\/\/www.miomiorun.com\/de\/produkt\/speedcross-6-gtx-damen\/#breadcrumb"},"inLanguage":"de-DE","potentialAction":[{"@type":"ReadAction","target":["https:\/\/www.miomiorun.com\/de\/produkt\/speedcross-6-gtx-damen\/"]}]},{"@type":"ImageObject","inLanguage":"de-DE","@id":"https:\/\/www.miomiorun.com\/de\/produkt\/speedcross-6-gtx-damen\/#primaryimage","url":"https:\/\/www.miomiorun.com\/app\/uploads\/2024\/09\/salomon-Speedcross-6-GTX-W-carbon-provence-white-L47465900.webp","contentUrl":"https:\/\/www.miomiorun.com\/app\/uploads\/2024\/09\/salomon-Speedcross-6-GTX-W-carbon-provence-white-L47465900.webp","width":600,"height":600,"caption":"salomon Speedcross 6 GTX W carbon provence white L47465900"},{"@type":"BreadcrumbList","@id":"https:\/\/www.miomiorun.com\/de\/produkt\/speedcross-6-gtx-damen\/#breadcrumb","itemListElement":[{"@type":"ListItem","position":1,"name":"Home","item":"https:\/\/www.miomiorun.com\/de\/"},{"@type":"ListItem","position":2,"name":"Shop","item":"https:\/\/www.miomiorun.com\/shop\/"},{"@type":"ListItem","position":3,"name":"Speedcross 6 GTX damen"}]},{"@type":"WebSite","@id":"https:\/\/www.miomiorun.com\/de\/#website","url":"https:\/\/www.miomiorun.com\/de\/","name":"MioMioRun","description":"100% Lauf- und Trailshop","publisher":{"@id":"https:\/\/www.miomiorun.com\/de\/#organization"},"potentialAction":[{"@type":"SearchAction","target":{"@type":"EntryPoint","urlTemplate":"https:\/\/www.miomiorun.com\/de\/?s={search_term_string}"},"query-input":{"@type":"PropertyValueSpecification","valueRequired":true,"valueName":"search_term_string"}}],"inLanguage":"de-DE"},{"@type":"Organization","@id":"https:\/\/www.miomiorun.com\/de\/#organization","name":"MioMio Run","url":"https:\/\/www.miomiorun.com\/de\/","logo":{"@type":"ImageObject","inLanguage":"de-DE","@id":"https:\/\/www.miomiorun.com\/de\/#\/schema\/logo\/image\/","url":"https:\/\/www.miomiorun.com\/app\/uploads\/2019\/12\/logomio.png","contentUrl":"https:\/\/www.miomiorun.com\/app\/uploads\/2019\/12\/logomio.png","width":115,"height":82,"caption":"MioMio Run"},"image":{"@id":"https:\/\/www.miomiorun.com\/de\/#\/schema\/logo\/image\/"},"sameAs":["https:\/\/www.facebook.com\/miomiorun\/","https:\/\/www.instagram.com\/miomiorun\/"]}]}},"_links":{"self":[{"href":"https:\/\/www.miomiorun.com\/de\/wp-json\/wp\/v2\/product\/199995","targetHints":{"allow":["GET"]}}],"collection":[{"href":"https:\/\/www.miomiorun.com\/de\/wp-json\/wp\/v2\/product"}],"about":[{"href":"https:\/\/www.miomiorun.com\/de\/wp-json\/wp\/v2\/types\/product"}],"wp:featuredmedia":[{"embeddable":true,"href":"https:\/\/www.miomiorun.com\/de\/wp-json\/wp\/v2\/media\/202381"}],"wp:attachment":[{"href":"https:\/\/www.miomiorun.com\/de\/wp-json\/wp\/v2\/media?parent=199995"}],"wp:term":[{"taxonomy":"product_brand","embeddable":true,"href":"https:\/\/www.miomiorun.com\/de\/wp-json\/wp\/v2\/product_brand?post=199995"},{"taxonomy":"product_cat","embeddable":true,"href":"https:\/\/www.miomiorun.com\/de\/wp-json\/wp\/v2\/product_cat?post=199995"},{"taxonomy":"product_tag","embeddable":true,"href":"https:\/\/www.miomiorun.com\/de\/wp-json\/wp\/v2\/product_tag?post=199995"}],"curies":[{"name":"wp","href":"https:\/\/api.w.org\/{rel}","templated":true}]}}