{"id":199384,"date":"2024-09-11T15:59:23","date_gmt":"2024-09-11T13:59:23","guid":{"rendered":"https:\/\/miomiorun.com\/?post_type=product&#038;p=199384"},"modified":"2026-05-08T22:09:33","modified_gmt":"2026-05-08T20:09:33","slug":"speedcross-6-herren","status":"publish","type":"product","link":"https:\/\/www.miomiorun.com\/de\/produkt\/speedcross-6-herren\/","title":{"rendered":"Speedcross 6 herren"},"content":{"rendered":"<div class=\"vc-row container\"><div class=\"vc-column\"><div class=\"vc-column-text\"><\/p>\n<p><strong>Technische Daten<\/strong><\/p>\n<p>Kategorie: M\u00e4\u00dfige D\u00e4mpfung<br \/>\nVersatz: 10 mm<br \/>\nGewicht: 298 g<br \/>\nIdeal f\u00fcr: Traill\u00e4ufer und Liebhaber von Wanderungen und Bergl\u00e4ufen, die ein leichtes, gut ged\u00e4mpftes und sch\u00fctzendes Modell suchen, das auch auf langen Strecken maximalen Komfort bietet.<br \/>\nGewicht des Athleten: 60-70 kg<br \/>\nLauftempo: mittelschnell (4.30-6.00 min\/km)<br \/>\n<a href=\"https:\/\/miomiorun.com\/de\/leitfaden-fuer-technische-spezifikationen\/\">Leitfaden f\u00fcr technische Daten<\/a><\/p>\n<p><\/div><\/div><div class=\"vc-column\"><div class=\"vc-column-text\">Die Herrenversion des <strong>SPEEDCROSS 6<\/strong> muss nicht vorgestellt werden.<\/p>\n<p>Getreu seinen legend\u00e4ren Urspr\u00fcngen und seinem Status als Trail-Schuh ist diese Version leichter, mit noch kraftvollerem und effektiverem Bodenkontakt und schneller beim Abstreifen von Schlamm. Dazu kommt ein \u00fcberarbeitetes Obermaterial, das sowohl funktionell als auch stolz ist, und der klassische SPEEDCROSS-Komfort.<\/p>\n<h3><strong>PERFEKT F\u00dcR:<\/strong><\/h3>\n<ul>\n<li>Gemischtes Terrain, Schlamm.<\/li>\n<li>Traktion.<\/li>\n<li>2-3 Fahrten pro Woche.<\/li>\n<\/ul>\n<h3><strong>Eigenschaften:<\/strong><\/h3>\n<ul>\n<li>Weiche, sch\u00fctzende D\u00e4mpfung, die die Reaktionsf\u00e4higkeit und den Schub nicht beeintr\u00e4chtigt.<\/li>\n<li>Quicklace-Schn\u00fcrsystem.<\/li>\n<li>Innenfutter aus Stoff.<\/li>\n<li>Ideal f\u00fcr gemischtes und schlammiges Terrain.<\/li>\n<\/ul>\n<h2 style=\"text-align: center;\">Grip<\/h2>\n<p>Dank eines \u00fcberarbeiteten Profils h\u00e4lt dieser Speedcross Schlamm schneller fern und bietet noch besseren Grip auf nassen Oberfl\u00e4chen.<\/p>\n<h2 style=\"text-align: center;\">Passform<\/h2>\n<p>SensiFit-Konstruktion f\u00fcr einen pr\u00e4zisen und optimalen Halt des Fu\u00dfes, mit dem klassischen Speedcross-Komfort.<\/p>\n<h2 style=\"text-align: center;\">Komfort<\/h2>\n<p>Warum etwas \u00e4ndern, wenn es funktioniert? Der vertrauenserweckende Komfort ist der klassische Speedcross, mit der zus\u00e4tzlichen EnergyCell+ Verbindung in der Zwischensohle und einem geschwei\u00dften Wrap-Around-Obermaterial.<\/div><\/div><\/div>\n","protected":false},"excerpt":{"rendered":"<ul>\n<li>Trail-Schuh, ideal f\u00fcr gemischtes und schlammiges Terrain.<\/li>\n<li>Perfekt f\u00fcr lange Spazierg\u00e4nge und L\u00e4ufe.<\/li>\n<\/ul>\n","protected":false},"featured_media":202372,"template":"","meta":{"_acf_changed":false,"inline_featured_image":false},"product_brand":[],"product_cat":[6507,6504],"product_tag":[20480,20489],"class_list":{"0":"post-199384","1":"product","2":"type-product","3":"status-publish","4":"has-post-thumbnail","6":"product_cat-herren-schuhe-de","7":"product_cat-trail","8":"product_tag-salomon-de","9":"product_tag-salomon-herren","10":"pa_attivita-outdoor-de","11":"pa_attivita-trail-de","12":"pa_colore-speedcross-6-carbon-tahitian-tide-white-de","13":"pa_colore-speedcross-6-castlerock-lime-c-poseid-de","14":"pa_colore-speedcross-6-rum-ra-chert-cognac-de","15":"pa_marca-salomon-de","16":"pa_sesso-herren","17":"pa_size-45-de","18":"pa_size-46-de","20":"pa_size-47-de","22":"first","23":"instock","24":"sale","25":"taxable","26":"shipping-taxable","27":"purchasable","28":"product-type-variable","29":"wvs-archive-product-wrapper"},"acf":[],"yoast_head":"<!-- This site is optimized with the Yoast SEO plugin v26.8 - https:\/\/yoast.com\/product\/yoast-seo-wordpress\/ -->\n<title>SalomonSpeedcross 6 herren - Herren-Trail-Schuhe - MioMioRun.com<\/title>\n<meta name=\"description\" content=\"Die Herrenversion des SPEEDCROSS 6 braucht keine Einf\u00fchrung. Sie bleibt ihren legend\u00e4ren Urspr\u00fcngen und ihrem Status als Trail-Schuh treu.\" \/>\n<meta name=\"robots\" content=\"index, follow, max-snippet:-1, max-image-preview:large, max-video-preview:-1\" \/>\n<link rel=\"canonical\" href=\"https:\/\/www.miomiorun.com\/de\/produkt\/speedcross-6-herren\/\" \/>\n<meta property=\"og:locale\" content=\"de_DE\" \/>\n<meta property=\"og:type\" content=\"article\" \/>\n<meta property=\"og:title\" content=\"SalomonSpeedcross 6 herren - Herren-Trail-Schuhe - MioMioRun.com\" \/>\n<meta property=\"og:description\" content=\"Die Herrenversion des SPEEDCROSS 6 braucht keine Einf\u00fchrung. Sie bleibt ihren legend\u00e4ren Urspr\u00fcngen und ihrem Status als Trail-Schuh treu.\" \/>\n<meta property=\"og:url\" content=\"https:\/\/www.miomiorun.com\/de\/produkt\/speedcross-6-herren\/\" \/>\n<meta property=\"og:site_name\" content=\"MioMioRun\" \/>\n<meta property=\"article:publisher\" content=\"https:\/\/www.facebook.com\/miomiorun\/\" \/>\n<meta property=\"article:modified_time\" content=\"2026-05-08T20:09:33+00:00\" \/>\n<meta property=\"og:image\" content=\"https:\/\/www.miomiorun.com\/app\/uploads\/2024\/09\/Salomon-Speedcross-6-carbon-tahitian-tide-white-L47465300.webp\" \/>\n\t<meta property=\"og:image:width\" content=\"600\" \/>\n\t<meta property=\"og:image:height\" content=\"600\" \/>\n\t<meta property=\"og:image:type\" content=\"image\/webp\" \/>\n<meta name=\"twitter:card\" content=\"summary_large_image\" \/>\n<meta name=\"twitter:label1\" content=\"Est. reading time\" \/>\n\t<meta name=\"twitter:data1\" content=\"1 minute\" \/>\n<script type=\"application\/ld+json\" class=\"yoast-schema-graph\">{\"@context\":\"https:\/\/schema.org\",\"@graph\":[{\"@type\":\"WebPage\",\"@id\":\"https:\/\/www.miomiorun.com\/de\/produkt\/speedcross-6-herren\/\",\"url\":\"https:\/\/www.miomiorun.com\/de\/produkt\/speedcross-6-herren\/\",\"name\":\"SalomonSpeedcross 6 herren - Herren-Trail-Schuhe - MioMioRun.com\",\"isPartOf\":{\"@id\":\"https:\/\/www.miomiorun.com\/de\/#website\"},\"primaryImageOfPage\":{\"@id\":\"https:\/\/www.miomiorun.com\/de\/produkt\/speedcross-6-herren\/#primaryimage\"},\"image\":{\"@id\":\"https:\/\/www.miomiorun.com\/de\/produkt\/speedcross-6-herren\/#primaryimage\"},\"thumbnailUrl\":\"https:\/\/www.miomiorun.com\/app\/uploads\/2024\/09\/Salomon-Speedcross-6-carbon-tahitian-tide-white-L47465300.webp\",\"datePublished\":\"2024-09-11T13:59:23+00:00\",\"dateModified\":\"2026-05-08T20:09:33+00:00\",\"description\":\"Die Herrenversion des SPEEDCROSS 6 braucht keine Einf\u00fchrung. Sie bleibt ihren legend\u00e4ren Urspr\u00fcngen und ihrem Status als Trail-Schuh treu.\",\"breadcrumb\":{\"@id\":\"https:\/\/www.miomiorun.com\/de\/produkt\/speedcross-6-herren\/#breadcrumb\"},\"inLanguage\":\"de-DE\",\"potentialAction\":[{\"@type\":\"ReadAction\",\"target\":[\"https:\/\/www.miomiorun.com\/de\/produkt\/speedcross-6-herren\/\"]}]},{\"@type\":\"ImageObject\",\"inLanguage\":\"de-DE\",\"@id\":\"https:\/\/www.miomiorun.com\/de\/produkt\/speedcross-6-herren\/#primaryimage\",\"url\":\"https:\/\/www.miomiorun.com\/app\/uploads\/2024\/09\/Salomon-Speedcross-6-carbon-tahitian-tide-white-L47465300.webp\",\"contentUrl\":\"https:\/\/www.miomiorun.com\/app\/uploads\/2024\/09\/Salomon-Speedcross-6-carbon-tahitian-tide-white-L47465300.webp\",\"width\":600,\"height\":600,\"caption\":\"Salomon Speedcross 6 carbon tahitian tide white L47465300\"},{\"@type\":\"BreadcrumbList\",\"@id\":\"https:\/\/www.miomiorun.com\/de\/produkt\/speedcross-6-herren\/#breadcrumb\",\"itemListElement\":[{\"@type\":\"ListItem\",\"position\":1,\"name\":\"Home\",\"item\":\"https:\/\/www.miomiorun.com\/de\/\"},{\"@type\":\"ListItem\",\"position\":2,\"name\":\"Shop\",\"item\":\"https:\/\/www.miomiorun.com\/shop\/\"},{\"@type\":\"ListItem\",\"position\":3,\"name\":\"Speedcross 6 herren\"}]},{\"@type\":\"WebSite\",\"@id\":\"https:\/\/www.miomiorun.com\/de\/#website\",\"url\":\"https:\/\/www.miomiorun.com\/de\/\",\"name\":\"MioMioRun\",\"description\":\"100% Lauf- und Trailshop\",\"publisher\":{\"@id\":\"https:\/\/www.miomiorun.com\/de\/#organization\"},\"potentialAction\":[{\"@type\":\"SearchAction\",\"target\":{\"@type\":\"EntryPoint\",\"urlTemplate\":\"https:\/\/www.miomiorun.com\/de\/?s={search_term_string}\"},\"query-input\":{\"@type\":\"PropertyValueSpecification\",\"valueRequired\":true,\"valueName\":\"search_term_string\"}}],\"inLanguage\":\"de-DE\"},{\"@type\":\"Organization\",\"@id\":\"https:\/\/www.miomiorun.com\/de\/#organization\",\"name\":\"MioMio Run\",\"url\":\"https:\/\/www.miomiorun.com\/de\/\",\"logo\":{\"@type\":\"ImageObject\",\"inLanguage\":\"de-DE\",\"@id\":\"https:\/\/www.miomiorun.com\/de\/#\/schema\/logo\/image\/\",\"url\":\"https:\/\/www.miomiorun.com\/app\/uploads\/2019\/12\/logomio.png\",\"contentUrl\":\"https:\/\/www.miomiorun.com\/app\/uploads\/2019\/12\/logomio.png\",\"width\":115,\"height\":82,\"caption\":\"MioMio Run\"},\"image\":{\"@id\":\"https:\/\/www.miomiorun.com\/de\/#\/schema\/logo\/image\/\"},\"sameAs\":[\"https:\/\/www.facebook.com\/miomiorun\/\",\"https:\/\/www.instagram.com\/miomiorun\/\"]}]}<\/script>\n<!-- \/ Yoast SEO plugin. -->","yoast_head_json":{"title":"SalomonSpeedcross 6 herren - Herren-Trail-Schuhe - MioMioRun.com","description":"Die Herrenversion des SPEEDCROSS 6 braucht keine Einf\u00fchrung. Sie bleibt ihren legend\u00e4ren Urspr\u00fcngen und ihrem Status als Trail-Schuh treu.","robots":{"index":"index","follow":"follow","max-snippet":"max-snippet:-1","max-image-preview":"max-image-preview:large","max-video-preview":"max-video-preview:-1"},"canonical":"https:\/\/www.miomiorun.com\/de\/produkt\/speedcross-6-herren\/","og_locale":"de_DE","og_type":"article","og_title":"SalomonSpeedcross 6 herren - Herren-Trail-Schuhe - MioMioRun.com","og_description":"Die Herrenversion des SPEEDCROSS 6 braucht keine Einf\u00fchrung. Sie bleibt ihren legend\u00e4ren Urspr\u00fcngen und ihrem Status als Trail-Schuh treu.","og_url":"https:\/\/www.miomiorun.com\/de\/produkt\/speedcross-6-herren\/","og_site_name":"MioMioRun","article_publisher":"https:\/\/www.facebook.com\/miomiorun\/","article_modified_time":"2026-05-08T20:09:33+00:00","og_image":[{"width":600,"height":600,"url":"https:\/\/www.miomiorun.com\/app\/uploads\/2024\/09\/Salomon-Speedcross-6-carbon-tahitian-tide-white-L47465300.webp","type":"image\/webp"}],"twitter_card":"summary_large_image","twitter_misc":{"Est. reading time":"1 minute"},"schema":{"@context":"https:\/\/schema.org","@graph":[{"@type":"WebPage","@id":"https:\/\/www.miomiorun.com\/de\/produkt\/speedcross-6-herren\/","url":"https:\/\/www.miomiorun.com\/de\/produkt\/speedcross-6-herren\/","name":"SalomonSpeedcross 6 herren - Herren-Trail-Schuhe - MioMioRun.com","isPartOf":{"@id":"https:\/\/www.miomiorun.com\/de\/#website"},"primaryImageOfPage":{"@id":"https:\/\/www.miomiorun.com\/de\/produkt\/speedcross-6-herren\/#primaryimage"},"image":{"@id":"https:\/\/www.miomiorun.com\/de\/produkt\/speedcross-6-herren\/#primaryimage"},"thumbnailUrl":"https:\/\/www.miomiorun.com\/app\/uploads\/2024\/09\/Salomon-Speedcross-6-carbon-tahitian-tide-white-L47465300.webp","datePublished":"2024-09-11T13:59:23+00:00","dateModified":"2026-05-08T20:09:33+00:00","description":"Die Herrenversion des SPEEDCROSS 6 braucht keine Einf\u00fchrung. Sie bleibt ihren legend\u00e4ren Urspr\u00fcngen und ihrem Status als Trail-Schuh treu.","breadcrumb":{"@id":"https:\/\/www.miomiorun.com\/de\/produkt\/speedcross-6-herren\/#breadcrumb"},"inLanguage":"de-DE","potentialAction":[{"@type":"ReadAction","target":["https:\/\/www.miomiorun.com\/de\/produkt\/speedcross-6-herren\/"]}]},{"@type":"ImageObject","inLanguage":"de-DE","@id":"https:\/\/www.miomiorun.com\/de\/produkt\/speedcross-6-herren\/#primaryimage","url":"https:\/\/www.miomiorun.com\/app\/uploads\/2024\/09\/Salomon-Speedcross-6-carbon-tahitian-tide-white-L47465300.webp","contentUrl":"https:\/\/www.miomiorun.com\/app\/uploads\/2024\/09\/Salomon-Speedcross-6-carbon-tahitian-tide-white-L47465300.webp","width":600,"height":600,"caption":"Salomon Speedcross 6 carbon tahitian tide white L47465300"},{"@type":"BreadcrumbList","@id":"https:\/\/www.miomiorun.com\/de\/produkt\/speedcross-6-herren\/#breadcrumb","itemListElement":[{"@type":"ListItem","position":1,"name":"Home","item":"https:\/\/www.miomiorun.com\/de\/"},{"@type":"ListItem","position":2,"name":"Shop","item":"https:\/\/www.miomiorun.com\/shop\/"},{"@type":"ListItem","position":3,"name":"Speedcross 6 herren"}]},{"@type":"WebSite","@id":"https:\/\/www.miomiorun.com\/de\/#website","url":"https:\/\/www.miomiorun.com\/de\/","name":"MioMioRun","description":"100% Lauf- und Trailshop","publisher":{"@id":"https:\/\/www.miomiorun.com\/de\/#organization"},"potentialAction":[{"@type":"SearchAction","target":{"@type":"EntryPoint","urlTemplate":"https:\/\/www.miomiorun.com\/de\/?s={search_term_string}"},"query-input":{"@type":"PropertyValueSpecification","valueRequired":true,"valueName":"search_term_string"}}],"inLanguage":"de-DE"},{"@type":"Organization","@id":"https:\/\/www.miomiorun.com\/de\/#organization","name":"MioMio Run","url":"https:\/\/www.miomiorun.com\/de\/","logo":{"@type":"ImageObject","inLanguage":"de-DE","@id":"https:\/\/www.miomiorun.com\/de\/#\/schema\/logo\/image\/","url":"https:\/\/www.miomiorun.com\/app\/uploads\/2019\/12\/logomio.png","contentUrl":"https:\/\/www.miomiorun.com\/app\/uploads\/2019\/12\/logomio.png","width":115,"height":82,"caption":"MioMio Run"},"image":{"@id":"https:\/\/www.miomiorun.com\/de\/#\/schema\/logo\/image\/"},"sameAs":["https:\/\/www.facebook.com\/miomiorun\/","https:\/\/www.instagram.com\/miomiorun\/"]}]}},"_links":{"self":[{"href":"https:\/\/www.miomiorun.com\/de\/wp-json\/wp\/v2\/product\/199384","targetHints":{"allow":["GET"]}}],"collection":[{"href":"https:\/\/www.miomiorun.com\/de\/wp-json\/wp\/v2\/product"}],"about":[{"href":"https:\/\/www.miomiorun.com\/de\/wp-json\/wp\/v2\/types\/product"}],"wp:featuredmedia":[{"embeddable":true,"href":"https:\/\/www.miomiorun.com\/de\/wp-json\/wp\/v2\/media\/202372"}],"wp:attachment":[{"href":"https:\/\/www.miomiorun.com\/de\/wp-json\/wp\/v2\/media?parent=199384"}],"wp:term":[{"taxonomy":"product_brand","embeddable":true,"href":"https:\/\/www.miomiorun.com\/de\/wp-json\/wp\/v2\/product_brand?post=199384"},{"taxonomy":"product_cat","embeddable":true,"href":"https:\/\/www.miomiorun.com\/de\/wp-json\/wp\/v2\/product_cat?post=199384"},{"taxonomy":"product_tag","embeddable":true,"href":"https:\/\/www.miomiorun.com\/de\/wp-json\/wp\/v2\/product_tag?post=199384"}],"curies":[{"name":"wp","href":"https:\/\/api.w.org\/{rel}","templated":true}]}}